{"id":10099,"date":"2026-04-27T04:40:53","date_gmt":"2026-04-27T04:40:53","guid":{"rendered":""},"modified":"2026-04-27T04:40:53","modified_gmt":"2026-04-27T04:40:53","slug":"cleancraft-r-vysokotlaky-cistic-hdr-k-44-13-casove-omezene-10099","status":"publish","type":"product","link":"https:\/\/www.technodompro.com\/produkt\/cleancraft-r-vysokotlaky-cistic-hdr-k-44-13-casove-omezene-10099\/","title":{"rendered":"Cleancraft\u00ae Vysokotlak\u00fd \u010disti\u010d HDR-K 44-13 \u010casov\u011b Omezen\u00e9"},"content":{"rendered":"<table>\n<div class=\"tab-pane active product-description\" id=\"popis\" role=\"tabpanel\">\n<div class=\"short-description\" itemprop=\"description\"><\/div>\n<div class=\"description\"><span class='bullet-line'>Poj\u00edzdn\u00fd a p\u0159enosn\u00fd \u010disti\u010d se dv\u011bma koly a dr\u017eadlem<\/span><span class='bullet-line'>Total Stop \u0159\u00edzen\u00ed \u010derpadla: zapnut\u00ed a zastaven\u00ed motoru \u010derpadla bez zpo\u017ed\u011bn\u00ed pomoc\u00ed tlakov\u00e9ho sp\u00edna\u010de a otev\u0159en\u00ed \u010di zav\u0159en\u00ed pistole<\/span><span class='bullet-line'>Tepeln\u00e1 ochrana motoru p\u0159ed p\u0159et\u00ed\u017een\u00edm<\/span><span class='bullet-line'>Dlouh\u00e1 \u017eivotnost d\u00edky axi\u00e1ln\u00edmu \u010derpadlu s t\u0159emi p\u00edsty<\/span><span class='bullet-line'>Praktick\u00e9 dr\u017e\u00e1ky pro st\u0159\u00edkac\u00ed pistoli, trubici, vysokotlakou hadici a nap\u00e1jec\u00ed kabel<\/span><span class='bullet-line'>Vodn\u00ed filtr se snadnou kontrolou a \u00fadr\u017ebou chr\u00e1n\u00ed \u010derpadlo p\u0159ed ne\u010distotami ve vod\u011b<\/span><span class='bullet-line'>Spolehliv\u00e9 axi\u00e1ln\u00ed \u010derpadlo s hlin\u00edkovou hlavou a t\u0159emi nerezov\u00fdmi p\u00edsty<\/span><span class='bullet-line'>Zv\u00fd\u0161en\u00e1 \u017eivotnost hlavy \u010derpadla d\u00edky automatick\u00e9mu pojistn\u00e9mu ventilu<\/span><span class='bullet-line'>Rychl\u00e1 v\u00fdm\u011bna koncovek bez pou\u017eit\u00ed n\u00e1\u0159ad\u00ed d\u00edky rychloup\u00ednac\u00edmu syst\u00e9mu CLICK-FAST na st\u0159\u00edkac\u00ed pistoli<\/span><span class='bullet-line'>Efektivn\u00ed \u010di\u0161t\u011bn\u00ed obklad\u016f, st\u011bn a jin\u00fdch velk\u00fdch ploch d\u00edky dod\u00e1van\u00e9mu \u010disti\u010di<\/span> <\/p>\n<p> \u25bc Obsah balen\u00ed \u25bc<span class='bullet-line'>Ru\u010dn\u00ed st\u0159\u00edkac\u00ed pistole<\/span><span class='bullet-line'>St\u0159\u00edkac\u00ed trubice s rotuj\u00edc\u00ed tryskou pro bodov\u00fd paprsek<\/span><span class='bullet-line'>St\u0159\u00edkac\u00ed trubice s multifunk\u010dn\u00ed tryskou pro bodov\u00fd i v\u011bj\u00ed\u0159ov\u00fd paprsek<\/span> <br \/> \u25bc P\u0159\u00edslu\u0161enstv\u00ed \u25bc<br \/> 7111001 \/ 7112001 \/ 7112003 \/ 7112011 \/ 7113003 \/ 7113010 \/ 7114001 \/ 7114007 \/ 7114005 \/ 7115000 \/ 7115001 \/ 7115003 \/ 7116000 \/ 7116001 \/ 7321101 \/ 7321110 \/ 7321201 \/ 7321210 \/ 7321301 \/ 7321310<\/div>\n<div class=\"parameters\">\n<tr>\n<td>Max. provozn\u00ed tlak<\/td>\n<td>135 bar<\/td>\n<\/tr>\n<tr>\n<td>Pracovn\u00ed tlak<\/td>\n<td>100 bar<\/td>\n<\/tr>\n<tr>\n<td>Max. \u010derpan\u00e9 mno\u017estv\u00ed<\/td>\n<td>440 l\/h<\/td>\n<\/tr>\n<tr>\n<td>Max. p\u0159\u00edvodn\u00ed teplota<\/td>\n<td>50 \u00b0C<\/td>\n<\/tr>\n<tr>\n<td>D\u00e9lka hadice<\/td>\n<td>6 m<\/td>\n<\/tr>\n<tr>\n<td>D\u00e9lka kabelu<\/td>\n<td>5 m<\/td>\n<\/tr>\n<tr>\n<td>Ot\u00e1\u010dky<\/td>\n<td>3400ot\/min<\/td>\n<\/tr>\n<tr>\n<td>P\u0159\u00edkon<\/td>\n<td>1,8 kW<\/td>\n<\/tr>\n<tr>\n<td>Elektrick\u00e9 p\u0159ipojen\u00ed<\/td>\n<td>230 V<\/td>\n<\/tr>\n<tr>\n<td>Rozm\u011bry (\u0161 \u00d7 v \u00d7 h)<\/td>\n<td>420\u00d7870\u00d7340mm<\/td>\n<\/tr>\n<tr>\n<td>Hmotnost<\/td>\n<td>12,9 kg<\/td>\n<\/tr><\/div>\n<\/table>\n","protected":false},"excerpt":{"rendered":"<p>Poj\u00edzdn\u00fd a p\u0159enosn\u00fd \u010disti\u010d se dv\u011bma koly a dr\u017eadlemTotal Stop \u0159\u00edzen\u00ed \u010derpadla: zapnut\u00ed a zastaven\u00ed motoru \u010derpadla bez zpo\u017ed\u011bn\u00ed pomoc\u00ed tlakov\u00e9ho sp\u00edna\u010de a otev\u0159en\u00ed \u010di zav\u0159en\u00ed pistoleTepeln\u00e1 ochrana motoru p\u0159ed p\u0159et\u00ed\u017een\u00edmDlouh\u00e1 \u017eivotnost d\u00edky axi\u00e1ln\u00edmu \u010derpadlu s t\u0159emi p\u00edstyPraktick\u00e9 dr\u017e\u00e1ky pro st\u0159\u00edkac\u00ed pistoli, trubici, vysokotlakou hadici a nap\u00e1jec\u00ed kabelVodn\u00ed filtr se snadnou kontrolou a \u00fadr\u017ebou chr\u00e1n\u00ed [&hellip;]<\/p>\n","protected":false},"featured_media":10199,"template":"","meta":[],"product_brand":[],"product_cat":[48],"product_tag":[],"class_list":{"0":"post-10099","1":"product","2":"type-product","3":"status-publish","4":"has-post-thumbnail","6":"product_cat-cistici-technika","8":"first","9":"instock","10":"sale","11":"shipping-taxable","12":"purchasable","13":"product-type-simple"},"yoast_head":"<!-- This site is optimized with the Yoast SEO plugin v26.8 - https:\/\/yoast.com\/product\/yoast-seo-wordpress\/ -->\n<title>Cleancraft\u00ae Vysokotlak\u00fd \u010disti\u010d HDR-K 44-13 \u010casov\u011b Omezen\u00e9 - Modern\u00ed koupelny &amp; sanita a interi\u00e9rov\u00e9 vybaven\u00ed pro v\u00e1\u0161 domov<\/title>\n<meta name=\"robots\" content=\"index, follow, max-snippet:-1, max-image-preview:large, max-video-preview:-1\" \/>\n<link rel=\"canonical\" href=\"https:\/\/www.technodompro.com\/index.php\/produkt\/cleancraft-r-vysokotlaky-cistic-hdr-k-44-13-casove-omezene-10099\/\" \/>\n<meta property=\"og:locale\" content=\"cs_CZ\" \/>\n<meta property=\"og:type\" content=\"article\" \/>\n<meta property=\"og:title\" content=\"Cleancraft\u00ae Vysokotlak\u00fd \u010disti\u010d HDR-K 44-13 \u010casov\u011b Omezen\u00e9 - Modern\u00ed koupelny &amp; sanita a interi\u00e9rov\u00e9 vybaven\u00ed pro v\u00e1\u0161 domov\" \/>\n<meta property=\"og:description\" content=\"Poj\u00edzdn\u00fd a p\u0159enosn\u00fd \u010disti\u010d se dv\u011bma koly a dr\u017eadlemTotal Stop \u0159\u00edzen\u00ed \u010derpadla: zapnut\u00ed a zastaven\u00ed motoru \u010derpadla bez zpo\u017ed\u011bn\u00ed pomoc\u00ed tlakov\u00e9ho sp\u00edna\u010de a otev\u0159en\u00ed \u010di zav\u0159en\u00ed pistoleTepeln\u00e1 ochrana motoru p\u0159ed p\u0159et\u00ed\u017een\u00edmDlouh\u00e1 \u017eivotnost d\u00edky axi\u00e1ln\u00edmu \u010derpadlu s t\u0159emi p\u00edstyPraktick\u00e9 dr\u017e\u00e1ky pro st\u0159\u00edkac\u00ed pistoli, trubici, vysokotlakou hadici a nap\u00e1jec\u00ed kabelVodn\u00ed filtr se snadnou kontrolou a \u00fadr\u017ebou chr\u00e1n\u00ed [&hellip;]\" \/>\n<meta property=\"og:url\" content=\"https:\/\/www.technodompro.com\/index.php\/produkt\/cleancraft-r-vysokotlaky-cistic-hdr-k-44-13-casove-omezene-10099\/\" \/>\n<meta property=\"og:site_name\" content=\"Modern\u00ed koupelny &amp; sanita a interi\u00e9rov\u00e9 vybaven\u00ed pro v\u00e1\u0161 domov\" \/>\n<meta property=\"og:image\" content=\"https:\/\/www.technodompro.com\/wp-content\/uploads\/2026\/SK0014946-CZ20260425-092328-0-1777080210-202732-1_090804.webp\" \/>\n\t<meta property=\"og:image:width\" content=\"444\" \/>\n\t<meta property=\"og:image:height\" content=\"800\" \/>\n\t<meta property=\"og:image:type\" content=\"image\/webp\" \/>\n<meta name=\"twitter:card\" content=\"summary_large_image\" \/>\n<meta name=\"twitter:label1\" content=\"Odhadovan\u00e1 doba \u010dten\u00ed\" \/>\n\t<meta name=\"twitter:data1\" content=\"1 minuta\" \/>\n<script type=\"application\/ld+json\" class=\"yoast-schema-graph\">{\"@context\":\"https:\/\/schema.org\",\"@graph\":[{\"@type\":\"WebPage\",\"@id\":\"https:\/\/www.technodompro.com\/index.php\/produkt\/cleancraft-r-vysokotlaky-cistic-hdr-k-44-13-casove-omezene-10099\/\",\"url\":\"https:\/\/www.technodompro.com\/index.php\/produkt\/cleancraft-r-vysokotlaky-cistic-hdr-k-44-13-casove-omezene-10099\/\",\"name\":\"Cleancraft\u00ae Vysokotlak\u00fd \u010disti\u010d HDR-K 44-13 \u010casov\u011b Omezen\u00e9 - Modern\u00ed koupelny &amp; sanita a interi\u00e9rov\u00e9 vybaven\u00ed pro v\u00e1\u0161 domov\",\"isPartOf\":{\"@id\":\"https:\/\/www.technodompro.com\/#website\"},\"primaryImageOfPage\":{\"@id\":\"https:\/\/www.technodompro.com\/index.php\/produkt\/cleancraft-r-vysokotlaky-cistic-hdr-k-44-13-casove-omezene-10099\/#primaryimage\"},\"image\":{\"@id\":\"https:\/\/www.technodompro.com\/index.php\/produkt\/cleancraft-r-vysokotlaky-cistic-hdr-k-44-13-casove-omezene-10099\/#primaryimage\"},\"thumbnailUrl\":\"https:\/\/www.technodompro.com\/wp-content\/uploads\/2026\/SK0014946-CZ20260425-092328-0-1777080210-202732-1_090804.webp\",\"datePublished\":\"2026-04-27T04:40:53+00:00\",\"breadcrumb\":{\"@id\":\"https:\/\/www.technodompro.com\/index.php\/produkt\/cleancraft-r-vysokotlaky-cistic-hdr-k-44-13-casove-omezene-10099\/#breadcrumb\"},\"inLanguage\":\"cs\",\"potentialAction\":[{\"@type\":\"ReadAction\",\"target\":[\"https:\/\/www.technodompro.com\/index.php\/produkt\/cleancraft-r-vysokotlaky-cistic-hdr-k-44-13-casove-omezene-10099\/\"]}]},{\"@type\":\"ImageObject\",\"inLanguage\":\"cs\",\"@id\":\"https:\/\/www.technodompro.com\/index.php\/produkt\/cleancraft-r-vysokotlaky-cistic-hdr-k-44-13-casove-omezene-10099\/#primaryimage\",\"url\":\"https:\/\/www.technodompro.com\/wp-content\/uploads\/2026\/SK0014946-CZ20260425-092328-0-1777080210-202732-1_090804.webp\",\"contentUrl\":\"https:\/\/www.technodompro.com\/wp-content\/uploads\/2026\/SK0014946-CZ20260425-092328-0-1777080210-202732-1_090804.webp\",\"width\":444,\"height\":800},{\"@type\":\"BreadcrumbList\",\"@id\":\"https:\/\/www.technodompro.com\/index.php\/produkt\/cleancraft-r-vysokotlaky-cistic-hdr-k-44-13-casove-omezene-10099\/#breadcrumb\",\"itemListElement\":[{\"@type\":\"ListItem\",\"position\":1,\"name\":\"Home\",\"item\":\"https:\/\/www.technodompro.com\/\"},{\"@type\":\"ListItem\",\"position\":2,\"name\":\"Products\",\"item\":\"https:\/\/www.technodompro.com\/products\/\"},{\"@type\":\"ListItem\",\"position\":3,\"name\":\"Cleancraft\u00ae Vysokotlak\u00fd \u010disti\u010d HDR-K 44-13 \u010casov\u011b Omezen\u00e9\"}]},{\"@type\":\"WebSite\",\"@id\":\"https:\/\/www.technodompro.com\/#website\",\"url\":\"https:\/\/www.technodompro.com\/\",\"name\":\"Modern\u00ed koupelny &amp; sanita a interi\u00e9rov\u00e9 vybaven\u00ed pro v\u00e1\u0161 domov\",\"description\":\"Modern\u00ed koupelny &amp; sanita a interi\u00e9rov\u00e9 vybaven\u00ed pro v\u00e1\u0161 domov\",\"publisher\":{\"@id\":\"https:\/\/www.technodompro.com\/#organization\"},\"potentialAction\":[{\"@type\":\"SearchAction\",\"target\":{\"@type\":\"EntryPoint\",\"urlTemplate\":\"https:\/\/www.technodompro.com\/?s={search_term_string}\"},\"query-input\":{\"@type\":\"PropertyValueSpecification\",\"valueRequired\":true,\"valueName\":\"search_term_string\"}}],\"inLanguage\":\"cs\"},{\"@type\":\"Organization\",\"@id\":\"https:\/\/www.technodompro.com\/#organization\",\"name\":\"Modern\u00ed koupelny &amp; sanita a interi\u00e9rov\u00e9 vybaven\u00ed pro v\u00e1\u0161 domov\",\"url\":\"https:\/\/www.technodompro.com\/\",\"logo\":{\"@type\":\"ImageObject\",\"inLanguage\":\"cs\",\"@id\":\"https:\/\/www.technodompro.com\/#\/schema\/logo\/image\/\",\"url\":\"https:\/\/www.technodompro.com\/wp-content\/uploads\/2026\/04\/technodompro_logo.svg\",\"contentUrl\":\"https:\/\/www.technodompro.com\/wp-content\/uploads\/2026\/04\/technodompro_logo.svg\",\"width\":760,\"height\":180,\"caption\":\"Modern\u00ed koupelny &amp; sanita a interi\u00e9rov\u00e9 vybaven\u00ed pro v\u00e1\u0161 domov\"},\"image\":{\"@id\":\"https:\/\/www.technodompro.com\/#\/schema\/logo\/image\/\"}}]}<\/script>\n<!-- \/ Yoast SEO plugin. -->","yoast_head_json":{"title":"Cleancraft\u00ae Vysokotlak\u00fd \u010disti\u010d HDR-K 44-13 \u010casov\u011b Omezen\u00e9 - Modern\u00ed koupelny &amp; sanita a interi\u00e9rov\u00e9 vybaven\u00ed pro v\u00e1\u0161 domov","robots":{"index":"index","follow":"follow","max-snippet":"max-snippet:-1","max-image-preview":"max-image-preview:large","max-video-preview":"max-video-preview:-1"},"canonical":"https:\/\/www.technodompro.com\/index.php\/produkt\/cleancraft-r-vysokotlaky-cistic-hdr-k-44-13-casove-omezene-10099\/","og_locale":"cs_CZ","og_type":"article","og_title":"Cleancraft\u00ae Vysokotlak\u00fd \u010disti\u010d HDR-K 44-13 \u010casov\u011b Omezen\u00e9 - Modern\u00ed koupelny &amp; sanita a interi\u00e9rov\u00e9 vybaven\u00ed pro v\u00e1\u0161 domov","og_description":"Poj\u00edzdn\u00fd a p\u0159enosn\u00fd \u010disti\u010d se dv\u011bma koly a dr\u017eadlemTotal Stop \u0159\u00edzen\u00ed \u010derpadla: zapnut\u00ed a zastaven\u00ed motoru \u010derpadla bez zpo\u017ed\u011bn\u00ed pomoc\u00ed tlakov\u00e9ho sp\u00edna\u010de a otev\u0159en\u00ed \u010di zav\u0159en\u00ed pistoleTepeln\u00e1 ochrana motoru p\u0159ed p\u0159et\u00ed\u017een\u00edmDlouh\u00e1 \u017eivotnost d\u00edky axi\u00e1ln\u00edmu \u010derpadlu s t\u0159emi p\u00edstyPraktick\u00e9 dr\u017e\u00e1ky pro st\u0159\u00edkac\u00ed pistoli, trubici, vysokotlakou hadici a nap\u00e1jec\u00ed kabelVodn\u00ed filtr se snadnou kontrolou a \u00fadr\u017ebou chr\u00e1n\u00ed [&hellip;]","og_url":"https:\/\/www.technodompro.com\/index.php\/produkt\/cleancraft-r-vysokotlaky-cistic-hdr-k-44-13-casove-omezene-10099\/","og_site_name":"Modern\u00ed koupelny &amp; sanita a interi\u00e9rov\u00e9 vybaven\u00ed pro v\u00e1\u0161 domov","og_image":[{"width":444,"height":800,"url":"https:\/\/www.technodompro.com\/wp-content\/uploads\/2026\/SK0014946-CZ20260425-092328-0-1777080210-202732-1_090804.webp","type":"image\/webp"}],"twitter_card":"summary_large_image","twitter_misc":{"Odhadovan\u00e1 doba \u010dten\u00ed":"1 minuta"},"schema":{"@context":"https:\/\/schema.org","@graph":[{"@type":"WebPage","@id":"https:\/\/www.technodompro.com\/index.php\/produkt\/cleancraft-r-vysokotlaky-cistic-hdr-k-44-13-casove-omezene-10099\/","url":"https:\/\/www.technodompro.com\/index.php\/produkt\/cleancraft-r-vysokotlaky-cistic-hdr-k-44-13-casove-omezene-10099\/","name":"Cleancraft\u00ae Vysokotlak\u00fd \u010disti\u010d HDR-K 44-13 \u010casov\u011b Omezen\u00e9 - Modern\u00ed koupelny &amp; sanita a interi\u00e9rov\u00e9 vybaven\u00ed pro v\u00e1\u0161 domov","isPartOf":{"@id":"https:\/\/www.technodompro.com\/#website"},"primaryImageOfPage":{"@id":"https:\/\/www.technodompro.com\/index.php\/produkt\/cleancraft-r-vysokotlaky-cistic-hdr-k-44-13-casove-omezene-10099\/#primaryimage"},"image":{"@id":"https:\/\/www.technodompro.com\/index.php\/produkt\/cleancraft-r-vysokotlaky-cistic-hdr-k-44-13-casove-omezene-10099\/#primaryimage"},"thumbnailUrl":"https:\/\/www.technodompro.com\/wp-content\/uploads\/2026\/SK0014946-CZ20260425-092328-0-1777080210-202732-1_090804.webp","datePublished":"2026-04-27T04:40:53+00:00","breadcrumb":{"@id":"https:\/\/www.technodompro.com\/index.php\/produkt\/cleancraft-r-vysokotlaky-cistic-hdr-k-44-13-casove-omezene-10099\/#breadcrumb"},"inLanguage":"cs","potentialAction":[{"@type":"ReadAction","target":["https:\/\/www.technodompro.com\/index.php\/produkt\/cleancraft-r-vysokotlaky-cistic-hdr-k-44-13-casove-omezene-10099\/"]}]},{"@type":"ImageObject","inLanguage":"cs","@id":"https:\/\/www.technodompro.com\/index.php\/produkt\/cleancraft-r-vysokotlaky-cistic-hdr-k-44-13-casove-omezene-10099\/#primaryimage","url":"https:\/\/www.technodompro.com\/wp-content\/uploads\/2026\/SK0014946-CZ20260425-092328-0-1777080210-202732-1_090804.webp","contentUrl":"https:\/\/www.technodompro.com\/wp-content\/uploads\/2026\/SK0014946-CZ20260425-092328-0-1777080210-202732-1_090804.webp","width":444,"height":800},{"@type":"BreadcrumbList","@id":"https:\/\/www.technodompro.com\/index.php\/produkt\/cleancraft-r-vysokotlaky-cistic-hdr-k-44-13-casove-omezene-10099\/#breadcrumb","itemListElement":[{"@type":"ListItem","position":1,"name":"Home","item":"https:\/\/www.technodompro.com\/"},{"@type":"ListItem","position":2,"name":"Products","item":"https:\/\/www.technodompro.com\/products\/"},{"@type":"ListItem","position":3,"name":"Cleancraft\u00ae Vysokotlak\u00fd \u010disti\u010d HDR-K 44-13 \u010casov\u011b Omezen\u00e9"}]},{"@type":"WebSite","@id":"https:\/\/www.technodompro.com\/#website","url":"https:\/\/www.technodompro.com\/","name":"Modern\u00ed koupelny &amp; sanita a interi\u00e9rov\u00e9 vybaven\u00ed pro v\u00e1\u0161 domov","description":"Modern\u00ed koupelny &amp; sanita a interi\u00e9rov\u00e9 vybaven\u00ed pro v\u00e1\u0161 domov","publisher":{"@id":"https:\/\/www.technodompro.com\/#organization"},"potentialAction":[{"@type":"SearchAction","target":{"@type":"EntryPoint","urlTemplate":"https:\/\/www.technodompro.com\/?s={search_term_string}"},"query-input":{"@type":"PropertyValueSpecification","valueRequired":true,"valueName":"search_term_string"}}],"inLanguage":"cs"},{"@type":"Organization","@id":"https:\/\/www.technodompro.com\/#organization","name":"Modern\u00ed koupelny &amp; sanita a interi\u00e9rov\u00e9 vybaven\u00ed pro v\u00e1\u0161 domov","url":"https:\/\/www.technodompro.com\/","logo":{"@type":"ImageObject","inLanguage":"cs","@id":"https:\/\/www.technodompro.com\/#\/schema\/logo\/image\/","url":"https:\/\/www.technodompro.com\/wp-content\/uploads\/2026\/04\/technodompro_logo.svg","contentUrl":"https:\/\/www.technodompro.com\/wp-content\/uploads\/2026\/04\/technodompro_logo.svg","width":760,"height":180,"caption":"Modern\u00ed koupelny &amp; sanita a interi\u00e9rov\u00e9 vybaven\u00ed pro v\u00e1\u0161 domov"},"image":{"@id":"https:\/\/www.technodompro.com\/#\/schema\/logo\/image\/"}}]}},"_links":{"self":[{"href":"https:\/\/www.technodompro.com\/wp-json\/wp\/v2\/product\/10099","targetHints":{"allow":["GET"]}}],"collection":[{"href":"https:\/\/www.technodompro.com\/wp-json\/wp\/v2\/product"}],"about":[{"href":"https:\/\/www.technodompro.com\/wp-json\/wp\/v2\/types\/product"}],"wp:featuredmedia":[{"embeddable":true,"href":"https:\/\/www.technodompro.com\/wp-json\/wp\/v2\/media\/10199"}],"wp:attachment":[{"href":"https:\/\/www.technodompro.com\/wp-json\/wp\/v2\/media?parent=10099"}],"wp:term":[{"taxonomy":"product_brand","embeddable":true,"href":"https:\/\/www.technodompro.com\/wp-json\/wp\/v2\/product_brand?post=10099"},{"taxonomy":"product_cat","embeddable":true,"href":"https:\/\/www.technodompro.com\/wp-json\/wp\/v2\/product_cat?post=10099"},{"taxonomy":"product_tag","embeddable":true,"href":"https:\/\/www.technodompro.com\/wp-json\/wp\/v2\/product_tag?post=10099"}],"curies":[{"name":"wp","href":"https:\/\/api.w.org\/{rel}","templated":true}]}}