{"id":10502,"date":"2026-04-27T04:40:55","date_gmt":"2026-04-27T04:40:55","guid":{"rendered":""},"modified":"2026-04-27T04:40:55","modified_gmt":"2026-04-27T04:40:55","slug":"casove-omezene-holzkraft-r-truhlarska-hoblice-hb-1601-10502","status":"publish","type":"product","link":"https:\/\/www.technodompro.com\/index.php\/produkt\/casove-omezene-holzkraft-r-truhlarska-hoblice-hb-1601-10502\/","title":{"rendered":"\u010casov\u011b Omezen\u00e9 Holzkraft\u00ae Truhl\u00e1\u0159sk\u00e1 hoblice HB 1601"},"content":{"rendered":"<table>\n<div class=\"tab-pane active product-description\" id=\"popis\" role=\"tabpanel\">\n<div class=\"short-description\" itemprop=\"description\"><\/div>\n<div class=\"description\"><span class='bullet-line'>Truhl\u00e1\u0159sk\u00e1 hoblice v profesion\u00e1ln\u00edm proveden\u00ed<\/span><span class='bullet-line'>P\u0159esn\u00e9 a pe\u010dliv\u00e9 zpracov\u00e1n\u00ed<\/span><span class='bullet-line'>Z kvalitn\u00edho bukov\u00e9ho d\u0159eva<\/span><span class='bullet-line'>V\u0161echny d\u016fle\u017eit\u00e9 hrany jsou zaoblen\u00e9<\/span><span class='bullet-line'>Povrch je o\u0161et\u0159en\u00fd olejem \u0161etrn\u00fdm k \u017eivotn\u00edmu prost\u0159ed\u00ed<\/span><span class='bullet-line'>S \u0161upl\u00edkem na n\u00e1\u0159ad\u00ed<\/span><span class='bullet-line'>Dv\u011b v\u00e1lcov\u00e9 ty\u010de jsou p\u0159esn\u011b a stabiln\u011b vedeny v odlitku<\/span><span class='bullet-line'>Trap\u00e9zov\u00e9 v\u0159eteno s lehk\u00fdm chodem<\/span><span class='bullet-line'>P\u0159edn\u00ed a zadn\u00ed francouzsk\u00fd voz\u00edk, 2 dlouh\u00e9 pod\u011br\u00e1ky, \u0161upl\u00edk a\u00a0odkl\u00e1dac\u00ed police<\/span> <\/p>\n<p> \u25bc Obsah balen\u00ed \u25bc<span class='bullet-line'>Odkl\u00e1dac\u00ed police<\/span><span class='bullet-line'>1\u00d7 z\u00e1suvka<\/span><span class='bullet-line'>2\u00d7\u00a0pod\u011br\u00e1k<\/span> <br \/> \u25bc P\u0159\u00edslu\u0161enstv\u00ed \u25bc<br \/> 5102148 \/ 5102152 \/ 5102151<\/div>\n<div class=\"parameters\">\n<tr>\n<td>Pracovn\u00ed plocha bez voz\u00edk\u016f<\/td>\n<td>1600 \u00d7 600 mm<\/td>\n<\/tr>\n<tr>\n<td>D\u00e9lka p\u0159edn\u00edho \/ zadn\u00edho voz\u00edku<\/td>\n<td>360 mm \/ 360 mm<\/td>\n<\/tr>\n<tr>\n<td>\u0160\u00ed\u0159ka p\u0159edn\u00edho \/ zadn\u00edho voz\u00edku<\/td>\n<td>70 mm \/ 70 mm<\/td>\n<\/tr>\n<tr>\n<td>Max. upnut\u00ed p\u0159edn\u00edho \/ zadn\u00edho voz\u00edku<\/td>\n<td>100 mm \/ 100 mm<\/td>\n<\/tr>\n<tr>\n<td>Tlou\u0161\u0165ka pracovn\u00ed desky<\/td>\n<td>30 mm<\/td>\n<\/tr>\n<tr>\n<td>Pracovn\u00ed v\u00fd\u0161ka<\/td>\n<td>850mm<\/td>\n<\/tr>\n<tr>\n<td>Rozm\u011bry (\u0161 \u00d7 v \u00d7 h)<\/td>\n<td>1760\u00d7850\u00d7770mm<\/td>\n<\/tr>\n<tr>\n<td>Hmotnost<\/td>\n<td>61 kg<\/td>\n<\/tr><\/div>\n<\/table>\n","protected":false},"excerpt":{"rendered":"<p>Truhl\u00e1\u0159sk\u00e1 hoblice v profesion\u00e1ln\u00edm proveden\u00edP\u0159esn\u00e9 a pe\u010dliv\u00e9 zpracov\u00e1n\u00edZ kvalitn\u00edho bukov\u00e9ho d\u0159evaV\u0161echny d\u016fle\u017eit\u00e9 hrany jsou zaoblen\u00e9Povrch je o\u0161et\u0159en\u00fd olejem \u0161etrn\u00fdm k \u017eivotn\u00edmu prost\u0159ed\u00edS \u0161upl\u00edkem na n\u00e1\u0159ad\u00edDv\u011b v\u00e1lcov\u00e9 ty\u010de jsou p\u0159esn\u011b a stabiln\u011b vedeny v odlitkuTrap\u00e9zov\u00e9 v\u0159eteno s lehk\u00fdm chodemP\u0159edn\u00ed a zadn\u00ed francouzsk\u00fd voz\u00edk, 2 dlouh\u00e9 pod\u011br\u00e1ky, \u0161upl\u00edk a\u00a0odkl\u00e1dac\u00ed police \u25bc Obsah balen\u00ed \u25bcOdkl\u00e1dac\u00ed police1\u00d7 z\u00e1suvka2\u00d7\u00a0pod\u011br\u00e1k \u25bc [&hellip;]<\/p>\n","protected":false},"featured_media":10602,"comment_status":"open","ping_status":"open","template":"","meta":[],"product_brand":[],"product_cat":[49],"product_tag":[],"class_list":{"0":"post-10502","1":"product","2":"type-product","3":"status-publish","4":"has-post-thumbnail","6":"product_cat-stroje","8":"first","9":"instock","10":"sale","11":"shipping-taxable","12":"purchasable","13":"product-type-simple"},"yoast_head":"<!-- This site is optimized with the Yoast SEO plugin v26.8 - https:\/\/yoast.com\/product\/yoast-seo-wordpress\/ -->\n<title>\u010casov\u011b Omezen\u00e9 Holzkraft\u00ae Truhl\u00e1\u0159sk\u00e1 hoblice HB 1601 -<\/title>\n<meta name=\"robots\" content=\"index, follow, max-snippet:-1, max-image-preview:large, max-video-preview:-1\" \/>\n<link rel=\"canonical\" href=\"https:\/\/www.technodompro.com\/index.php\/produkt\/casove-omezene-holzkraft-r-truhlarska-hoblice-hb-1601-10502\/\" \/>\n<meta property=\"og:locale\" content=\"cs_CZ\" \/>\n<meta property=\"og:type\" content=\"article\" \/>\n<meta property=\"og:title\" content=\"\u010casov\u011b Omezen\u00e9 Holzkraft\u00ae Truhl\u00e1\u0159sk\u00e1 hoblice HB 1601 -\" \/>\n<meta property=\"og:description\" content=\"Truhl\u00e1\u0159sk\u00e1 hoblice v profesion\u00e1ln\u00edm proveden\u00edP\u0159esn\u00e9 a pe\u010dliv\u00e9 zpracov\u00e1n\u00edZ kvalitn\u00edho bukov\u00e9ho d\u0159evaV\u0161echny d\u016fle\u017eit\u00e9 hrany jsou zaoblen\u00e9Povrch je o\u0161et\u0159en\u00fd olejem \u0161etrn\u00fdm k \u017eivotn\u00edmu prost\u0159ed\u00edS \u0161upl\u00edkem na n\u00e1\u0159ad\u00edDv\u011b v\u00e1lcov\u00e9 ty\u010de jsou p\u0159esn\u011b a stabiln\u011b vedeny v odlitkuTrap\u00e9zov\u00e9 v\u0159eteno s lehk\u00fdm chodemP\u0159edn\u00ed a zadn\u00ed francouzsk\u00fd voz\u00edk, 2 dlouh\u00e9 pod\u011br\u00e1ky, \u0161upl\u00edk a\u00a0odkl\u00e1dac\u00ed police \u25bc Obsah balen\u00ed \u25bcOdkl\u00e1dac\u00ed police1\u00d7 z\u00e1suvka2\u00d7\u00a0pod\u011br\u00e1k \u25bc [&hellip;]\" \/>\n<meta property=\"og:url\" content=\"https:\/\/www.technodompro.com\/index.php\/produkt\/casove-omezene-holzkraft-r-truhlarska-hoblice-hb-1601-10502\/\" \/>\n<meta property=\"og:image\" content=\"https:\/\/www.technodompro.com\/wp-content\/uploads\/2026\/SK0015168-CZ20260425-092328-0-1777080210-202968-1_103211.webp\" \/>\n\t<meta property=\"og:image:width\" content=\"520\" \/>\n\t<meta property=\"og:image:height\" content=\"307\" \/>\n\t<meta property=\"og:image:type\" content=\"image\/webp\" \/>\n<meta name=\"twitter:card\" content=\"summary_large_image\" \/>\n<meta name=\"twitter:label1\" content=\"Odhadovan\u00e1 doba \u010dten\u00ed\" \/>\n\t<meta name=\"twitter:data1\" content=\"1 minuta\" \/>\n<script type=\"application\/ld+json\" class=\"yoast-schema-graph\">{\"@context\":\"https:\/\/schema.org\",\"@graph\":[{\"@type\":\"WebPage\",\"@id\":\"https:\/\/www.technodompro.com\/index.php\/produkt\/casove-omezene-holzkraft-r-truhlarska-hoblice-hb-1601-10502\/\",\"url\":\"https:\/\/www.technodompro.com\/index.php\/produkt\/casove-omezene-holzkraft-r-truhlarska-hoblice-hb-1601-10502\/\",\"name\":\"\u010casov\u011b Omezen\u00e9 Holzkraft\u00ae Truhl\u00e1\u0159sk\u00e1 hoblice HB 1601 -\",\"isPartOf\":{\"@id\":\"https:\/\/www.technodompro.com\/#website\"},\"primaryImageOfPage\":{\"@id\":\"https:\/\/www.technodompro.com\/index.php\/produkt\/casove-omezene-holzkraft-r-truhlarska-hoblice-hb-1601-10502\/#primaryimage\"},\"image\":{\"@id\":\"https:\/\/www.technodompro.com\/index.php\/produkt\/casove-omezene-holzkraft-r-truhlarska-hoblice-hb-1601-10502\/#primaryimage\"},\"thumbnailUrl\":\"https:\/\/www.technodompro.com\/wp-content\/uploads\/2026\/SK0015168-CZ20260425-092328-0-1777080210-202968-1_103211.webp\",\"datePublished\":\"2026-04-27T04:40:55+00:00\",\"breadcrumb\":{\"@id\":\"https:\/\/www.technodompro.com\/index.php\/produkt\/casove-omezene-holzkraft-r-truhlarska-hoblice-hb-1601-10502\/#breadcrumb\"},\"inLanguage\":\"cs\",\"potentialAction\":[{\"@type\":\"ReadAction\",\"target\":[\"https:\/\/www.technodompro.com\/index.php\/produkt\/casove-omezene-holzkraft-r-truhlarska-hoblice-hb-1601-10502\/\"]}]},{\"@type\":\"ImageObject\",\"inLanguage\":\"cs\",\"@id\":\"https:\/\/www.technodompro.com\/index.php\/produkt\/casove-omezene-holzkraft-r-truhlarska-hoblice-hb-1601-10502\/#primaryimage\",\"url\":\"https:\/\/www.technodompro.com\/wp-content\/uploads\/2026\/SK0015168-CZ20260425-092328-0-1777080210-202968-1_103211.webp\",\"contentUrl\":\"https:\/\/www.technodompro.com\/wp-content\/uploads\/2026\/SK0015168-CZ20260425-092328-0-1777080210-202968-1_103211.webp\",\"width\":520,\"height\":307},{\"@type\":\"BreadcrumbList\",\"@id\":\"https:\/\/www.technodompro.com\/index.php\/produkt\/casove-omezene-holzkraft-r-truhlarska-hoblice-hb-1601-10502\/#breadcrumb\",\"itemListElement\":[{\"@type\":\"ListItem\",\"position\":1,\"name\":\"Home\",\"item\":\"https:\/\/www.technodompro.com\/\"},{\"@type\":\"ListItem\",\"position\":2,\"name\":\"Products\",\"item\":\"https:\/\/www.technodompro.com\/index.php\/products\/\"},{\"@type\":\"ListItem\",\"position\":3,\"name\":\"\u010casov\u011b Omezen\u00e9 Holzkraft\u00ae Truhl\u00e1\u0159sk\u00e1 hoblice HB 1601\"}]},{\"@type\":\"WebSite\",\"@id\":\"https:\/\/www.technodompro.com\/#website\",\"url\":\"https:\/\/www.technodompro.com\/\",\"name\":\"\",\"description\":\"\",\"potentialAction\":[{\"@type\":\"SearchAction\",\"target\":{\"@type\":\"EntryPoint\",\"urlTemplate\":\"https:\/\/www.technodompro.com\/?s={search_term_string}\"},\"query-input\":{\"@type\":\"PropertyValueSpecification\",\"valueRequired\":true,\"valueName\":\"search_term_string\"}}],\"inLanguage\":\"cs\"}]}<\/script>\n<!-- \/ Yoast SEO plugin. -->","yoast_head_json":{"title":"\u010casov\u011b Omezen\u00e9 Holzkraft\u00ae Truhl\u00e1\u0159sk\u00e1 hoblice HB 1601 -","robots":{"index":"index","follow":"follow","max-snippet":"max-snippet:-1","max-image-preview":"max-image-preview:large","max-video-preview":"max-video-preview:-1"},"canonical":"https:\/\/www.technodompro.com\/index.php\/produkt\/casove-omezene-holzkraft-r-truhlarska-hoblice-hb-1601-10502\/","og_locale":"cs_CZ","og_type":"article","og_title":"\u010casov\u011b Omezen\u00e9 Holzkraft\u00ae Truhl\u00e1\u0159sk\u00e1 hoblice HB 1601 -","og_description":"Truhl\u00e1\u0159sk\u00e1 hoblice v profesion\u00e1ln\u00edm proveden\u00edP\u0159esn\u00e9 a pe\u010dliv\u00e9 zpracov\u00e1n\u00edZ kvalitn\u00edho bukov\u00e9ho d\u0159evaV\u0161echny d\u016fle\u017eit\u00e9 hrany jsou zaoblen\u00e9Povrch je o\u0161et\u0159en\u00fd olejem \u0161etrn\u00fdm k \u017eivotn\u00edmu prost\u0159ed\u00edS \u0161upl\u00edkem na n\u00e1\u0159ad\u00edDv\u011b v\u00e1lcov\u00e9 ty\u010de jsou p\u0159esn\u011b a stabiln\u011b vedeny v odlitkuTrap\u00e9zov\u00e9 v\u0159eteno s lehk\u00fdm chodemP\u0159edn\u00ed a zadn\u00ed francouzsk\u00fd voz\u00edk, 2 dlouh\u00e9 pod\u011br\u00e1ky, \u0161upl\u00edk a\u00a0odkl\u00e1dac\u00ed police \u25bc Obsah balen\u00ed \u25bcOdkl\u00e1dac\u00ed police1\u00d7 z\u00e1suvka2\u00d7\u00a0pod\u011br\u00e1k \u25bc [&hellip;]","og_url":"https:\/\/www.technodompro.com\/index.php\/produkt\/casove-omezene-holzkraft-r-truhlarska-hoblice-hb-1601-10502\/","og_image":[{"width":520,"height":307,"url":"https:\/\/www.technodompro.com\/wp-content\/uploads\/2026\/SK0015168-CZ20260425-092328-0-1777080210-202968-1_103211.webp","type":"image\/webp"}],"twitter_card":"summary_large_image","twitter_misc":{"Odhadovan\u00e1 doba \u010dten\u00ed":"1 minuta"},"schema":{"@context":"https:\/\/schema.org","@graph":[{"@type":"WebPage","@id":"https:\/\/www.technodompro.com\/index.php\/produkt\/casove-omezene-holzkraft-r-truhlarska-hoblice-hb-1601-10502\/","url":"https:\/\/www.technodompro.com\/index.php\/produkt\/casove-omezene-holzkraft-r-truhlarska-hoblice-hb-1601-10502\/","name":"\u010casov\u011b Omezen\u00e9 Holzkraft\u00ae Truhl\u00e1\u0159sk\u00e1 hoblice HB 1601 -","isPartOf":{"@id":"https:\/\/www.technodompro.com\/#website"},"primaryImageOfPage":{"@id":"https:\/\/www.technodompro.com\/index.php\/produkt\/casove-omezene-holzkraft-r-truhlarska-hoblice-hb-1601-10502\/#primaryimage"},"image":{"@id":"https:\/\/www.technodompro.com\/index.php\/produkt\/casove-omezene-holzkraft-r-truhlarska-hoblice-hb-1601-10502\/#primaryimage"},"thumbnailUrl":"https:\/\/www.technodompro.com\/wp-content\/uploads\/2026\/SK0015168-CZ20260425-092328-0-1777080210-202968-1_103211.webp","datePublished":"2026-04-27T04:40:55+00:00","breadcrumb":{"@id":"https:\/\/www.technodompro.com\/index.php\/produkt\/casove-omezene-holzkraft-r-truhlarska-hoblice-hb-1601-10502\/#breadcrumb"},"inLanguage":"cs","potentialAction":[{"@type":"ReadAction","target":["https:\/\/www.technodompro.com\/index.php\/produkt\/casove-omezene-holzkraft-r-truhlarska-hoblice-hb-1601-10502\/"]}]},{"@type":"ImageObject","inLanguage":"cs","@id":"https:\/\/www.technodompro.com\/index.php\/produkt\/casove-omezene-holzkraft-r-truhlarska-hoblice-hb-1601-10502\/#primaryimage","url":"https:\/\/www.technodompro.com\/wp-content\/uploads\/2026\/SK0015168-CZ20260425-092328-0-1777080210-202968-1_103211.webp","contentUrl":"https:\/\/www.technodompro.com\/wp-content\/uploads\/2026\/SK0015168-CZ20260425-092328-0-1777080210-202968-1_103211.webp","width":520,"height":307},{"@type":"BreadcrumbList","@id":"https:\/\/www.technodompro.com\/index.php\/produkt\/casove-omezene-holzkraft-r-truhlarska-hoblice-hb-1601-10502\/#breadcrumb","itemListElement":[{"@type":"ListItem","position":1,"name":"Home","item":"https:\/\/www.technodompro.com\/"},{"@type":"ListItem","position":2,"name":"Products","item":"https:\/\/www.technodompro.com\/index.php\/products\/"},{"@type":"ListItem","position":3,"name":"\u010casov\u011b Omezen\u00e9 Holzkraft\u00ae Truhl\u00e1\u0159sk\u00e1 hoblice HB 1601"}]},{"@type":"WebSite","@id":"https:\/\/www.technodompro.com\/#website","url":"https:\/\/www.technodompro.com\/","name":"","description":"","potentialAction":[{"@type":"SearchAction","target":{"@type":"EntryPoint","urlTemplate":"https:\/\/www.technodompro.com\/?s={search_term_string}"},"query-input":{"@type":"PropertyValueSpecification","valueRequired":true,"valueName":"search_term_string"}}],"inLanguage":"cs"}]}},"_links":{"self":[{"href":"https:\/\/www.technodompro.com\/index.php\/wp-json\/wp\/v2\/product\/10502","targetHints":{"allow":["GET"]}}],"collection":[{"href":"https:\/\/www.technodompro.com\/index.php\/wp-json\/wp\/v2\/product"}],"about":[{"href":"https:\/\/www.technodompro.com\/index.php\/wp-json\/wp\/v2\/types\/product"}],"replies":[{"embeddable":true,"href":"https:\/\/www.technodompro.com\/index.php\/wp-json\/wp\/v2\/comments?post=10502"}],"wp:featuredmedia":[{"embeddable":true,"href":"https:\/\/www.technodompro.com\/index.php\/wp-json\/wp\/v2\/media\/10602"}],"wp:attachment":[{"href":"https:\/\/www.technodompro.com\/index.php\/wp-json\/wp\/v2\/media?parent=10502"}],"wp:term":[{"taxonomy":"product_brand","embeddable":true,"href":"https:\/\/www.technodompro.com\/index.php\/wp-json\/wp\/v2\/product_brand?post=10502"},{"taxonomy":"product_cat","embeddable":true,"href":"https:\/\/www.technodompro.com\/index.php\/wp-json\/wp\/v2\/product_cat?post=10502"},{"taxonomy":"product_tag","embeddable":true,"href":"https:\/\/www.technodompro.com\/index.php\/wp-json\/wp\/v2\/product_tag?post=10502"}],"curies":[{"name":"wp","href":"https:\/\/api.w.org\/{rel}","templated":true}]}}