{"id":10521,"date":"2026-04-27T04:40:55","date_gmt":"2026-04-27T04:40:55","guid":{"rendered":""},"modified":"2026-04-27T04:40:55","modified_gmt":"2026-04-27T04:40:55","slug":"bezpecna-platba-holzkraft-r-truhlarska-hoblice-hb-1901-10521","status":"publish","type":"product","link":"https:\/\/www.technodompro.com\/index.php\/produkt\/bezpecna-platba-holzkraft-r-truhlarska-hoblice-hb-1901-10521\/","title":{"rendered":"Bezpe\u010dn\u00e1 Platba Holzkraft\u00ae Truhl\u00e1\u0159sk\u00e1 hoblice HB 1901"},"content":{"rendered":"<table>\n<div class=\"tab-pane active product-description\" id=\"popis\" role=\"tabpanel\">\n<div class=\"short-description\" itemprop=\"description\"><\/div>\n<div class=\"description\"><span class='bullet-line'>Truhl\u00e1\u0159sk\u00e9 hoblice s masivn\u00ed pracovn\u00ed deskou<br \/><\/span><span class='bullet-line'>Tuh\u00e1 konstrukce stojanu pro vysokou stabilitu a dlouhou \u017eivotnost<br \/><\/span><span class='bullet-line'>Ve standardn\u00edm proveden\u00ed je pracovn\u00ed deska vyrobena z bukov\u00e9ho d\u0159eva<br \/><\/span><span class='bullet-line'>Povrch nen\u00ed o\u0161et\u0159en lakem<br \/><\/span> <\/p>\n<p> \u25bc Obsah balen\u00ed \u25bc<span class='bullet-line'>Odkl\u00e1dac\u00ed police<br \/><\/span><span class='bullet-line'>4 \u00d7 pod\u011br\u00e1k<br \/><\/span> <br \/> \u25bc P\u0159\u00edslu\u0161enstv\u00ed \u25bc<br \/> 5102152 \/ 5102151<\/div>\n<div class=\"parameters\">\n<tr>\n<td>Pracovn\u00ed plocha bez voz\u00edk\u016f<\/td>\n<td>1840 \u00d7 500 mm<\/td>\n<\/tr>\n<tr>\n<td>D\u00e9lka p\u0159edn\u00edho \/ zadn\u00edho voz\u00edku<\/td>\n<td>360 mm \/ 360 mm<\/td>\n<\/tr>\n<tr>\n<td>\u0160\u00ed\u0159ka p\u0159edn\u00edho \/ zadn\u00edho voz\u00edku<\/td>\n<td>55 mm \/ 55 mm<\/td>\n<\/tr>\n<tr>\n<td>Max. upnut\u00ed p\u0159edn\u00edho \/ zadn\u00edho voz\u00edku<\/td>\n<td>160 mm \/ 160 mm<\/td>\n<\/tr>\n<tr>\n<td>Tlou\u0161\u0165ka pracovn\u00ed desky<\/td>\n<td>30 mm<\/td>\n<\/tr>\n<tr>\n<td>Pracovn\u00ed v\u00fd\u0161ka<\/td>\n<td>850mm<\/td>\n<\/tr>\n<tr>\n<td>Rozm\u011bry (\u0161 \u00d7 v \u00d7 h)<\/td>\n<td>2000\u00d7850\u00d7650mm<\/td>\n<\/tr>\n<tr>\n<td>Hmotnost<\/td>\n<td>57 kg<\/td>\n<\/tr><\/div>\n<\/table>\n","protected":false},"excerpt":{"rendered":"<p>Truhl\u00e1\u0159sk\u00e9 hoblice s masivn\u00ed pracovn\u00ed deskouTuh\u00e1 konstrukce stojanu pro vysokou stabilitu a dlouhou \u017eivotnostVe standardn\u00edm proveden\u00ed je pracovn\u00ed deska vyrobena z bukov\u00e9ho d\u0159evaPovrch nen\u00ed o\u0161et\u0159en lakem \u25bc Obsah balen\u00ed \u25bcOdkl\u00e1dac\u00ed police4 \u00d7 pod\u011br\u00e1k \u25bc P\u0159\u00edslu\u0161enstv\u00ed \u25bc 5102152 \/ 5102151 Pracovn\u00ed plocha bez voz\u00edk\u016f 1840 \u00d7 500 mm D\u00e9lka p\u0159edn\u00edho \/ zadn\u00edho voz\u00edku 360 mm \/ [&hellip;]<\/p>\n","protected":false},"featured_media":10621,"comment_status":"open","ping_status":"open","template":"","meta":[],"product_brand":[],"product_cat":[49],"product_tag":[],"class_list":{"0":"post-10521","1":"product","2":"type-product","3":"status-publish","4":"has-post-thumbnail","6":"product_cat-stroje","8":"first","9":"instock","10":"sale","11":"shipping-taxable","12":"purchasable","13":"product-type-simple"},"yoast_head":"<!-- This site is optimized with the Yoast SEO plugin v26.8 - https:\/\/yoast.com\/product\/yoast-seo-wordpress\/ -->\n<title>Bezpe\u010dn\u00e1 Platba Holzkraft\u00ae Truhl\u00e1\u0159sk\u00e1 hoblice HB 1901 -<\/title>\n<meta name=\"robots\" content=\"index, follow, max-snippet:-1, max-image-preview:large, max-video-preview:-1\" \/>\n<link rel=\"canonical\" href=\"https:\/\/www.technodompro.com\/index.php\/produkt\/bezpecna-platba-holzkraft-r-truhlarska-hoblice-hb-1901-10521\/\" \/>\n<meta property=\"og:locale\" content=\"cs_CZ\" \/>\n<meta property=\"og:type\" content=\"article\" \/>\n<meta property=\"og:title\" content=\"Bezpe\u010dn\u00e1 Platba Holzkraft\u00ae Truhl\u00e1\u0159sk\u00e1 hoblice HB 1901 -\" \/>\n<meta property=\"og:description\" content=\"Truhl\u00e1\u0159sk\u00e9 hoblice s masivn\u00ed pracovn\u00ed deskouTuh\u00e1 konstrukce stojanu pro vysokou stabilitu a dlouhou \u017eivotnostVe standardn\u00edm proveden\u00ed je pracovn\u00ed deska vyrobena z bukov\u00e9ho d\u0159evaPovrch nen\u00ed o\u0161et\u0159en lakem \u25bc Obsah balen\u00ed \u25bcOdkl\u00e1dac\u00ed police4 \u00d7 pod\u011br\u00e1k \u25bc P\u0159\u00edslu\u0161enstv\u00ed \u25bc 5102152 \/ 5102151 Pracovn\u00ed plocha bez voz\u00edk\u016f 1840 \u00d7 500 mm D\u00e9lka p\u0159edn\u00edho \/ zadn\u00edho voz\u00edku 360 mm \/ [&hellip;]\" \/>\n<meta property=\"og:url\" content=\"https:\/\/www.technodompro.com\/index.php\/produkt\/bezpecna-platba-holzkraft-r-truhlarska-hoblice-hb-1901-10521\/\" \/>\n<meta property=\"og:image\" content=\"https:\/\/www.technodompro.com\/wp-content\/uploads\/2026\/SK0015187-CZ20260425-092328-0-1777080210-203036-1_104111.webp\" \/>\n\t<meta property=\"og:image:width\" content=\"520\" \/>\n\t<meta property=\"og:image:height\" content=\"450\" \/>\n\t<meta property=\"og:image:type\" content=\"image\/webp\" \/>\n<meta name=\"twitter:card\" content=\"summary_large_image\" \/>\n<script type=\"application\/ld+json\" class=\"yoast-schema-graph\">{\"@context\":\"https:\/\/schema.org\",\"@graph\":[{\"@type\":\"WebPage\",\"@id\":\"https:\/\/www.technodompro.com\/index.php\/produkt\/bezpecna-platba-holzkraft-r-truhlarska-hoblice-hb-1901-10521\/\",\"url\":\"https:\/\/www.technodompro.com\/index.php\/produkt\/bezpecna-platba-holzkraft-r-truhlarska-hoblice-hb-1901-10521\/\",\"name\":\"Bezpe\u010dn\u00e1 Platba Holzkraft\u00ae Truhl\u00e1\u0159sk\u00e1 hoblice HB 1901 -\",\"isPartOf\":{\"@id\":\"https:\/\/www.technodompro.com\/#website\"},\"primaryImageOfPage\":{\"@id\":\"https:\/\/www.technodompro.com\/index.php\/produkt\/bezpecna-platba-holzkraft-r-truhlarska-hoblice-hb-1901-10521\/#primaryimage\"},\"image\":{\"@id\":\"https:\/\/www.technodompro.com\/index.php\/produkt\/bezpecna-platba-holzkraft-r-truhlarska-hoblice-hb-1901-10521\/#primaryimage\"},\"thumbnailUrl\":\"https:\/\/www.technodompro.com\/wp-content\/uploads\/2026\/SK0015187-CZ20260425-092328-0-1777080210-203036-1_104111.webp\",\"datePublished\":\"2026-04-27T04:40:55+00:00\",\"breadcrumb\":{\"@id\":\"https:\/\/www.technodompro.com\/index.php\/produkt\/bezpecna-platba-holzkraft-r-truhlarska-hoblice-hb-1901-10521\/#breadcrumb\"},\"inLanguage\":\"cs\",\"potentialAction\":[{\"@type\":\"ReadAction\",\"target\":[\"https:\/\/www.technodompro.com\/index.php\/produkt\/bezpecna-platba-holzkraft-r-truhlarska-hoblice-hb-1901-10521\/\"]}]},{\"@type\":\"ImageObject\",\"inLanguage\":\"cs\",\"@id\":\"https:\/\/www.technodompro.com\/index.php\/produkt\/bezpecna-platba-holzkraft-r-truhlarska-hoblice-hb-1901-10521\/#primaryimage\",\"url\":\"https:\/\/www.technodompro.com\/wp-content\/uploads\/2026\/SK0015187-CZ20260425-092328-0-1777080210-203036-1_104111.webp\",\"contentUrl\":\"https:\/\/www.technodompro.com\/wp-content\/uploads\/2026\/SK0015187-CZ20260425-092328-0-1777080210-203036-1_104111.webp\",\"width\":520,\"height\":450},{\"@type\":\"BreadcrumbList\",\"@id\":\"https:\/\/www.technodompro.com\/index.php\/produkt\/bezpecna-platba-holzkraft-r-truhlarska-hoblice-hb-1901-10521\/#breadcrumb\",\"itemListElement\":[{\"@type\":\"ListItem\",\"position\":1,\"name\":\"Home\",\"item\":\"https:\/\/www.technodompro.com\/\"},{\"@type\":\"ListItem\",\"position\":2,\"name\":\"Products\",\"item\":\"https:\/\/www.technodompro.com\/index.php\/products\/\"},{\"@type\":\"ListItem\",\"position\":3,\"name\":\"Bezpe\u010dn\u00e1 Platba Holzkraft\u00ae Truhl\u00e1\u0159sk\u00e1 hoblice HB 1901\"}]},{\"@type\":\"WebSite\",\"@id\":\"https:\/\/www.technodompro.com\/#website\",\"url\":\"https:\/\/www.technodompro.com\/\",\"name\":\"\",\"description\":\"\",\"potentialAction\":[{\"@type\":\"SearchAction\",\"target\":{\"@type\":\"EntryPoint\",\"urlTemplate\":\"https:\/\/www.technodompro.com\/?s={search_term_string}\"},\"query-input\":{\"@type\":\"PropertyValueSpecification\",\"valueRequired\":true,\"valueName\":\"search_term_string\"}}],\"inLanguage\":\"cs\"}]}<\/script>\n<!-- \/ Yoast SEO plugin. -->","yoast_head_json":{"title":"Bezpe\u010dn\u00e1 Platba Holzkraft\u00ae Truhl\u00e1\u0159sk\u00e1 hoblice HB 1901 -","robots":{"index":"index","follow":"follow","max-snippet":"max-snippet:-1","max-image-preview":"max-image-preview:large","max-video-preview":"max-video-preview:-1"},"canonical":"https:\/\/www.technodompro.com\/index.php\/produkt\/bezpecna-platba-holzkraft-r-truhlarska-hoblice-hb-1901-10521\/","og_locale":"cs_CZ","og_type":"article","og_title":"Bezpe\u010dn\u00e1 Platba Holzkraft\u00ae Truhl\u00e1\u0159sk\u00e1 hoblice HB 1901 -","og_description":"Truhl\u00e1\u0159sk\u00e9 hoblice s masivn\u00ed pracovn\u00ed deskouTuh\u00e1 konstrukce stojanu pro vysokou stabilitu a dlouhou \u017eivotnostVe standardn\u00edm proveden\u00ed je pracovn\u00ed deska vyrobena z bukov\u00e9ho d\u0159evaPovrch nen\u00ed o\u0161et\u0159en lakem \u25bc Obsah balen\u00ed \u25bcOdkl\u00e1dac\u00ed police4 \u00d7 pod\u011br\u00e1k \u25bc P\u0159\u00edslu\u0161enstv\u00ed \u25bc 5102152 \/ 5102151 Pracovn\u00ed plocha bez voz\u00edk\u016f 1840 \u00d7 500 mm D\u00e9lka p\u0159edn\u00edho \/ zadn\u00edho voz\u00edku 360 mm \/ [&hellip;]","og_url":"https:\/\/www.technodompro.com\/index.php\/produkt\/bezpecna-platba-holzkraft-r-truhlarska-hoblice-hb-1901-10521\/","og_image":[{"width":520,"height":450,"url":"https:\/\/www.technodompro.com\/wp-content\/uploads\/2026\/SK0015187-CZ20260425-092328-0-1777080210-203036-1_104111.webp","type":"image\/webp"}],"twitter_card":"summary_large_image","schema":{"@context":"https:\/\/schema.org","@graph":[{"@type":"WebPage","@id":"https:\/\/www.technodompro.com\/index.php\/produkt\/bezpecna-platba-holzkraft-r-truhlarska-hoblice-hb-1901-10521\/","url":"https:\/\/www.technodompro.com\/index.php\/produkt\/bezpecna-platba-holzkraft-r-truhlarska-hoblice-hb-1901-10521\/","name":"Bezpe\u010dn\u00e1 Platba Holzkraft\u00ae Truhl\u00e1\u0159sk\u00e1 hoblice HB 1901 -","isPartOf":{"@id":"https:\/\/www.technodompro.com\/#website"},"primaryImageOfPage":{"@id":"https:\/\/www.technodompro.com\/index.php\/produkt\/bezpecna-platba-holzkraft-r-truhlarska-hoblice-hb-1901-10521\/#primaryimage"},"image":{"@id":"https:\/\/www.technodompro.com\/index.php\/produkt\/bezpecna-platba-holzkraft-r-truhlarska-hoblice-hb-1901-10521\/#primaryimage"},"thumbnailUrl":"https:\/\/www.technodompro.com\/wp-content\/uploads\/2026\/SK0015187-CZ20260425-092328-0-1777080210-203036-1_104111.webp","datePublished":"2026-04-27T04:40:55+00:00","breadcrumb":{"@id":"https:\/\/www.technodompro.com\/index.php\/produkt\/bezpecna-platba-holzkraft-r-truhlarska-hoblice-hb-1901-10521\/#breadcrumb"},"inLanguage":"cs","potentialAction":[{"@type":"ReadAction","target":["https:\/\/www.technodompro.com\/index.php\/produkt\/bezpecna-platba-holzkraft-r-truhlarska-hoblice-hb-1901-10521\/"]}]},{"@type":"ImageObject","inLanguage":"cs","@id":"https:\/\/www.technodompro.com\/index.php\/produkt\/bezpecna-platba-holzkraft-r-truhlarska-hoblice-hb-1901-10521\/#primaryimage","url":"https:\/\/www.technodompro.com\/wp-content\/uploads\/2026\/SK0015187-CZ20260425-092328-0-1777080210-203036-1_104111.webp","contentUrl":"https:\/\/www.technodompro.com\/wp-content\/uploads\/2026\/SK0015187-CZ20260425-092328-0-1777080210-203036-1_104111.webp","width":520,"height":450},{"@type":"BreadcrumbList","@id":"https:\/\/www.technodompro.com\/index.php\/produkt\/bezpecna-platba-holzkraft-r-truhlarska-hoblice-hb-1901-10521\/#breadcrumb","itemListElement":[{"@type":"ListItem","position":1,"name":"Home","item":"https:\/\/www.technodompro.com\/"},{"@type":"ListItem","position":2,"name":"Products","item":"https:\/\/www.technodompro.com\/index.php\/products\/"},{"@type":"ListItem","position":3,"name":"Bezpe\u010dn\u00e1 Platba Holzkraft\u00ae Truhl\u00e1\u0159sk\u00e1 hoblice HB 1901"}]},{"@type":"WebSite","@id":"https:\/\/www.technodompro.com\/#website","url":"https:\/\/www.technodompro.com\/","name":"","description":"","potentialAction":[{"@type":"SearchAction","target":{"@type":"EntryPoint","urlTemplate":"https:\/\/www.technodompro.com\/?s={search_term_string}"},"query-input":{"@type":"PropertyValueSpecification","valueRequired":true,"valueName":"search_term_string"}}],"inLanguage":"cs"}]}},"_links":{"self":[{"href":"https:\/\/www.technodompro.com\/index.php\/wp-json\/wp\/v2\/product\/10521","targetHints":{"allow":["GET"]}}],"collection":[{"href":"https:\/\/www.technodompro.com\/index.php\/wp-json\/wp\/v2\/product"}],"about":[{"href":"https:\/\/www.technodompro.com\/index.php\/wp-json\/wp\/v2\/types\/product"}],"replies":[{"embeddable":true,"href":"https:\/\/www.technodompro.com\/index.php\/wp-json\/wp\/v2\/comments?post=10521"}],"wp:featuredmedia":[{"embeddable":true,"href":"https:\/\/www.technodompro.com\/index.php\/wp-json\/wp\/v2\/media\/10621"}],"wp:attachment":[{"href":"https:\/\/www.technodompro.com\/index.php\/wp-json\/wp\/v2\/media?parent=10521"}],"wp:term":[{"taxonomy":"product_brand","embeddable":true,"href":"https:\/\/www.technodompro.com\/index.php\/wp-json\/wp\/v2\/product_brand?post=10521"},{"taxonomy":"product_cat","embeddable":true,"href":"https:\/\/www.technodompro.com\/index.php\/wp-json\/wp\/v2\/product_cat?post=10521"},{"taxonomy":"product_tag","embeddable":true,"href":"https:\/\/www.technodompro.com\/index.php\/wp-json\/wp\/v2\/product_tag?post=10521"}],"curies":[{"name":"wp","href":"https:\/\/api.w.org\/{rel}","templated":true}]}}