{"id":10528,"date":"2026-04-27T04:40:55","date_gmt":"2026-04-27T04:40:55","guid":{"rendered":""},"modified":"2026-04-27T04:40:55","modified_gmt":"2026-04-27T04:40:55","slug":"holzkraft-r-truhlarska-hoblice-hb-1701-rychle-dodani-10528","status":"publish","type":"product","link":"https:\/\/www.technodompro.com\/index.php\/produkt\/holzkraft-r-truhlarska-hoblice-hb-1701-rychle-dodani-10528\/","title":{"rendered":"Holzkraft\u00ae Truhl\u00e1\u0159sk\u00e1 hoblice HB 1701 Rychl\u00e9 Dod\u00e1n\u00ed"},"content":{"rendered":"<table>\n<div class=\"tab-pane active product-description\" id=\"popis\" role=\"tabpanel\">\n<div class=\"short-description\" itemprop=\"description\"><\/div>\n<div class=\"description\"><span class='bullet-line'>Kompaktn\u00ed hoblice pro \u0159emesln\u00edky i \u0161koly<\/span><span class='bullet-line'>Ze zakl\u00ed\u017een\u00e9ho lepen\u00e9ho bukov\u00e9ho d\u0159eva<\/span><span class='bullet-line'>P\u0159esn\u00e9 a pe\u010dliv\u00e9 zpracov\u00e1n\u00ed<\/span><span class='bullet-line'>V\u010detn\u011b odkl\u00e1dac\u00ed police a 4 pod\u011br\u00e1k\u016f<\/span><span class='bullet-line'>Se dv\u011bma \u0159adami d\u011br<\/span><span class='bullet-line'>Povrch hoblice bez n\u00e1t\u011bru<\/span><span class='bullet-line'>Horn\u00ed d\u00edl z lepen\u00e9ho bukov\u00e9ho d\u0159eva<\/span><span class='bullet-line'>Spodn\u00ed d\u00edl ze zakl\u00ed\u017een\u00e9ho lepen\u00e9ho bukov\u00e9ho d\u0159eva<\/span><span class='bullet-line'>Povrch je o\u0161et\u0159en\u00fd olejem \u0161etrn\u00fdm k \u017eivotn\u00edmu prost\u0159ed\u00ed<\/span><span class='bullet-line'>S p\u0159edn\u00edm a zadn\u00edm francouzsk\u00fdm voz\u00edkem<\/span><span class='bullet-line'>D\u00edky p\u0159edvrtan\u00fdm d\u00edr\u00e1m pro voz\u00edky je tato hoblice vhodn\u00e1 pro lev\u00e1ky i pro prav\u00e1ky<\/span><span class='bullet-line'>Hoblice jsou dod\u00e1v\u00e1ny rozmontovan\u00e9<\/span> <br \/> \u25bc Obsah balen\u00ed \u25bc<span class='bullet-line'>Odkl\u00e1dac\u00ed police<\/span><span class='bullet-line'>4 \u00d7 pod\u011br\u00e1k<\/span> <br \/> \u25bc P\u0159\u00edslu\u0161enstv\u00ed \u25bc<br \/> 5102152 \/ 5102151 \/ 5102155 \/ 5102156<\/div>\n<div class=\"parameters\">\n<tr>\n<td>Pracovn\u00ed plocha bez voz\u00edk\u016f<\/td>\n<td>1650 \u00d7 610 mm<\/td>\n<\/tr>\n<tr>\n<td>D\u00e9lka p\u0159edn\u00edho \/ zadn\u00edho voz\u00edku<\/td>\n<td>360 mm \/ 360 mm<\/td>\n<\/tr>\n<tr>\n<td>\u0160\u00ed\u0159ka p\u0159edn\u00edho \/ zadn\u00edho voz\u00edku<\/td>\n<td>55 mm \/ 55 mm<\/td>\n<\/tr>\n<tr>\n<td>Max. upnut\u00ed p\u0159edn\u00edho \/ zadn\u00edho voz\u00edku<\/td>\n<td>130 mm \/ 130 mm<\/td>\n<\/tr>\n<tr>\n<td>Tlou\u0161\u0165ka pracovn\u00ed desky<\/td>\n<td>30 mm<\/td>\n<\/tr>\n<tr>\n<td>Pracovn\u00ed v\u00fd\u0161ka<\/td>\n<td>850mm<\/td>\n<\/tr>\n<tr>\n<td>Rozm\u011bry (\u0161 \u00d7 v \u00d7 h)<\/td>\n<td>1800\u00d7850\u00d7760mm<\/td>\n<\/tr>\n<tr>\n<td>Hmotnost<\/td>\n<td>62 kg<\/td>\n<\/tr><\/div>\n<\/table>\n","protected":false},"excerpt":{"rendered":"<p>Kompaktn\u00ed hoblice pro \u0159emesln\u00edky i \u0161kolyZe zakl\u00ed\u017een\u00e9ho lepen\u00e9ho bukov\u00e9ho d\u0159evaP\u0159esn\u00e9 a pe\u010dliv\u00e9 zpracov\u00e1n\u00edV\u010detn\u011b odkl\u00e1dac\u00ed police a 4 pod\u011br\u00e1k\u016fSe dv\u011bma \u0159adami d\u011brPovrch hoblice bez n\u00e1t\u011bruHorn\u00ed d\u00edl z lepen\u00e9ho bukov\u00e9ho d\u0159evaSpodn\u00ed d\u00edl ze zakl\u00ed\u017een\u00e9ho lepen\u00e9ho bukov\u00e9ho d\u0159evaPovrch je o\u0161et\u0159en\u00fd olejem \u0161etrn\u00fdm k \u017eivotn\u00edmu prost\u0159ed\u00edS p\u0159edn\u00edm a zadn\u00edm francouzsk\u00fdm voz\u00edkemD\u00edky p\u0159edvrtan\u00fdm d\u00edr\u00e1m pro voz\u00edky je tato hoblice vhodn\u00e1 [&hellip;]<\/p>\n","protected":false},"featured_media":10628,"comment_status":"open","ping_status":"open","template":"","meta":[],"product_brand":[],"product_cat":[49],"product_tag":[],"class_list":{"0":"post-10528","1":"product","2":"type-product","3":"status-publish","4":"has-post-thumbnail","6":"product_cat-stroje","8":"first","9":"instock","10":"sale","11":"shipping-taxable","12":"purchasable","13":"product-type-simple"},"yoast_head":"<!-- This site is optimized with the Yoast SEO plugin v26.8 - https:\/\/yoast.com\/product\/yoast-seo-wordpress\/ -->\n<title>Holzkraft\u00ae Truhl\u00e1\u0159sk\u00e1 hoblice HB 1701 Rychl\u00e9 Dod\u00e1n\u00ed -<\/title>\n<meta name=\"robots\" content=\"index, follow, max-snippet:-1, max-image-preview:large, max-video-preview:-1\" \/>\n<link rel=\"canonical\" href=\"https:\/\/www.technodompro.com\/index.php\/produkt\/holzkraft-r-truhlarska-hoblice-hb-1701-rychle-dodani-10528\/\" \/>\n<meta property=\"og:locale\" content=\"cs_CZ\" \/>\n<meta property=\"og:type\" content=\"article\" \/>\n<meta property=\"og:title\" content=\"Holzkraft\u00ae Truhl\u00e1\u0159sk\u00e1 hoblice HB 1701 Rychl\u00e9 Dod\u00e1n\u00ed -\" \/>\n<meta property=\"og:description\" content=\"Kompaktn\u00ed hoblice pro \u0159emesln\u00edky i \u0161kolyZe zakl\u00ed\u017een\u00e9ho lepen\u00e9ho bukov\u00e9ho d\u0159evaP\u0159esn\u00e9 a pe\u010dliv\u00e9 zpracov\u00e1n\u00edV\u010detn\u011b odkl\u00e1dac\u00ed police a 4 pod\u011br\u00e1k\u016fSe dv\u011bma \u0159adami d\u011brPovrch hoblice bez n\u00e1t\u011bruHorn\u00ed d\u00edl z lepen\u00e9ho bukov\u00e9ho d\u0159evaSpodn\u00ed d\u00edl ze zakl\u00ed\u017een\u00e9ho lepen\u00e9ho bukov\u00e9ho d\u0159evaPovrch je o\u0161et\u0159en\u00fd olejem \u0161etrn\u00fdm k \u017eivotn\u00edmu prost\u0159ed\u00edS p\u0159edn\u00edm a zadn\u00edm francouzsk\u00fdm voz\u00edkemD\u00edky p\u0159edvrtan\u00fdm d\u00edr\u00e1m pro voz\u00edky je tato hoblice vhodn\u00e1 [&hellip;]\" \/>\n<meta property=\"og:url\" content=\"https:\/\/www.technodompro.com\/index.php\/produkt\/holzkraft-r-truhlarska-hoblice-hb-1701-rychle-dodani-10528\/\" \/>\n<meta property=\"og:image\" content=\"https:\/\/www.technodompro.com\/wp-content\/uploads\/2026\/SK0015196-CZ20260425-092328-0-1777080210-203051-1_104311.webp\" \/>\n\t<meta property=\"og:image:width\" content=\"720\" \/>\n\t<meta property=\"og:image:height\" content=\"525\" \/>\n\t<meta property=\"og:image:type\" content=\"image\/webp\" \/>\n<meta name=\"twitter:card\" content=\"summary_large_image\" \/>\n<meta name=\"twitter:label1\" content=\"Odhadovan\u00e1 doba \u010dten\u00ed\" \/>\n\t<meta name=\"twitter:data1\" content=\"1 minuta\" \/>\n<script type=\"application\/ld+json\" class=\"yoast-schema-graph\">{\"@context\":\"https:\/\/schema.org\",\"@graph\":[{\"@type\":\"WebPage\",\"@id\":\"https:\/\/www.technodompro.com\/index.php\/produkt\/holzkraft-r-truhlarska-hoblice-hb-1701-rychle-dodani-10528\/\",\"url\":\"https:\/\/www.technodompro.com\/index.php\/produkt\/holzkraft-r-truhlarska-hoblice-hb-1701-rychle-dodani-10528\/\",\"name\":\"Holzkraft\u00ae Truhl\u00e1\u0159sk\u00e1 hoblice HB 1701 Rychl\u00e9 Dod\u00e1n\u00ed -\",\"isPartOf\":{\"@id\":\"https:\/\/www.technodompro.com\/#website\"},\"primaryImageOfPage\":{\"@id\":\"https:\/\/www.technodompro.com\/index.php\/produkt\/holzkraft-r-truhlarska-hoblice-hb-1701-rychle-dodani-10528\/#primaryimage\"},\"image\":{\"@id\":\"https:\/\/www.technodompro.com\/index.php\/produkt\/holzkraft-r-truhlarska-hoblice-hb-1701-rychle-dodani-10528\/#primaryimage\"},\"thumbnailUrl\":\"https:\/\/www.technodompro.com\/wp-content\/uploads\/2026\/SK0015196-CZ20260425-092328-0-1777080210-203051-1_104311.webp\",\"datePublished\":\"2026-04-27T04:40:55+00:00\",\"breadcrumb\":{\"@id\":\"https:\/\/www.technodompro.com\/index.php\/produkt\/holzkraft-r-truhlarska-hoblice-hb-1701-rychle-dodani-10528\/#breadcrumb\"},\"inLanguage\":\"cs\",\"potentialAction\":[{\"@type\":\"ReadAction\",\"target\":[\"https:\/\/www.technodompro.com\/index.php\/produkt\/holzkraft-r-truhlarska-hoblice-hb-1701-rychle-dodani-10528\/\"]}]},{\"@type\":\"ImageObject\",\"inLanguage\":\"cs\",\"@id\":\"https:\/\/www.technodompro.com\/index.php\/produkt\/holzkraft-r-truhlarska-hoblice-hb-1701-rychle-dodani-10528\/#primaryimage\",\"url\":\"https:\/\/www.technodompro.com\/wp-content\/uploads\/2026\/SK0015196-CZ20260425-092328-0-1777080210-203051-1_104311.webp\",\"contentUrl\":\"https:\/\/www.technodompro.com\/wp-content\/uploads\/2026\/SK0015196-CZ20260425-092328-0-1777080210-203051-1_104311.webp\",\"width\":720,\"height\":525},{\"@type\":\"BreadcrumbList\",\"@id\":\"https:\/\/www.technodompro.com\/index.php\/produkt\/holzkraft-r-truhlarska-hoblice-hb-1701-rychle-dodani-10528\/#breadcrumb\",\"itemListElement\":[{\"@type\":\"ListItem\",\"position\":1,\"name\":\"Home\",\"item\":\"https:\/\/www.technodompro.com\/\"},{\"@type\":\"ListItem\",\"position\":2,\"name\":\"Products\",\"item\":\"https:\/\/www.technodompro.com\/index.php\/products\/\"},{\"@type\":\"ListItem\",\"position\":3,\"name\":\"Holzkraft\u00ae Truhl\u00e1\u0159sk\u00e1 hoblice HB 1701 Rychl\u00e9 Dod\u00e1n\u00ed\"}]},{\"@type\":\"WebSite\",\"@id\":\"https:\/\/www.technodompro.com\/#website\",\"url\":\"https:\/\/www.technodompro.com\/\",\"name\":\"\",\"description\":\"\",\"potentialAction\":[{\"@type\":\"SearchAction\",\"target\":{\"@type\":\"EntryPoint\",\"urlTemplate\":\"https:\/\/www.technodompro.com\/?s={search_term_string}\"},\"query-input\":{\"@type\":\"PropertyValueSpecification\",\"valueRequired\":true,\"valueName\":\"search_term_string\"}}],\"inLanguage\":\"cs\"}]}<\/script>\n<!-- \/ Yoast SEO plugin. -->","yoast_head_json":{"title":"Holzkraft\u00ae Truhl\u00e1\u0159sk\u00e1 hoblice HB 1701 Rychl\u00e9 Dod\u00e1n\u00ed -","robots":{"index":"index","follow":"follow","max-snippet":"max-snippet:-1","max-image-preview":"max-image-preview:large","max-video-preview":"max-video-preview:-1"},"canonical":"https:\/\/www.technodompro.com\/index.php\/produkt\/holzkraft-r-truhlarska-hoblice-hb-1701-rychle-dodani-10528\/","og_locale":"cs_CZ","og_type":"article","og_title":"Holzkraft\u00ae Truhl\u00e1\u0159sk\u00e1 hoblice HB 1701 Rychl\u00e9 Dod\u00e1n\u00ed -","og_description":"Kompaktn\u00ed hoblice pro \u0159emesln\u00edky i \u0161kolyZe zakl\u00ed\u017een\u00e9ho lepen\u00e9ho bukov\u00e9ho d\u0159evaP\u0159esn\u00e9 a pe\u010dliv\u00e9 zpracov\u00e1n\u00edV\u010detn\u011b odkl\u00e1dac\u00ed police a 4 pod\u011br\u00e1k\u016fSe dv\u011bma \u0159adami d\u011brPovrch hoblice bez n\u00e1t\u011bruHorn\u00ed d\u00edl z lepen\u00e9ho bukov\u00e9ho d\u0159evaSpodn\u00ed d\u00edl ze zakl\u00ed\u017een\u00e9ho lepen\u00e9ho bukov\u00e9ho d\u0159evaPovrch je o\u0161et\u0159en\u00fd olejem \u0161etrn\u00fdm k \u017eivotn\u00edmu prost\u0159ed\u00edS p\u0159edn\u00edm a zadn\u00edm francouzsk\u00fdm voz\u00edkemD\u00edky p\u0159edvrtan\u00fdm d\u00edr\u00e1m pro voz\u00edky je tato hoblice vhodn\u00e1 [&hellip;]","og_url":"https:\/\/www.technodompro.com\/index.php\/produkt\/holzkraft-r-truhlarska-hoblice-hb-1701-rychle-dodani-10528\/","og_image":[{"width":720,"height":525,"url":"https:\/\/www.technodompro.com\/wp-content\/uploads\/2026\/SK0015196-CZ20260425-092328-0-1777080210-203051-1_104311.webp","type":"image\/webp"}],"twitter_card":"summary_large_image","twitter_misc":{"Odhadovan\u00e1 doba \u010dten\u00ed":"1 minuta"},"schema":{"@context":"https:\/\/schema.org","@graph":[{"@type":"WebPage","@id":"https:\/\/www.technodompro.com\/index.php\/produkt\/holzkraft-r-truhlarska-hoblice-hb-1701-rychle-dodani-10528\/","url":"https:\/\/www.technodompro.com\/index.php\/produkt\/holzkraft-r-truhlarska-hoblice-hb-1701-rychle-dodani-10528\/","name":"Holzkraft\u00ae Truhl\u00e1\u0159sk\u00e1 hoblice HB 1701 Rychl\u00e9 Dod\u00e1n\u00ed -","isPartOf":{"@id":"https:\/\/www.technodompro.com\/#website"},"primaryImageOfPage":{"@id":"https:\/\/www.technodompro.com\/index.php\/produkt\/holzkraft-r-truhlarska-hoblice-hb-1701-rychle-dodani-10528\/#primaryimage"},"image":{"@id":"https:\/\/www.technodompro.com\/index.php\/produkt\/holzkraft-r-truhlarska-hoblice-hb-1701-rychle-dodani-10528\/#primaryimage"},"thumbnailUrl":"https:\/\/www.technodompro.com\/wp-content\/uploads\/2026\/SK0015196-CZ20260425-092328-0-1777080210-203051-1_104311.webp","datePublished":"2026-04-27T04:40:55+00:00","breadcrumb":{"@id":"https:\/\/www.technodompro.com\/index.php\/produkt\/holzkraft-r-truhlarska-hoblice-hb-1701-rychle-dodani-10528\/#breadcrumb"},"inLanguage":"cs","potentialAction":[{"@type":"ReadAction","target":["https:\/\/www.technodompro.com\/index.php\/produkt\/holzkraft-r-truhlarska-hoblice-hb-1701-rychle-dodani-10528\/"]}]},{"@type":"ImageObject","inLanguage":"cs","@id":"https:\/\/www.technodompro.com\/index.php\/produkt\/holzkraft-r-truhlarska-hoblice-hb-1701-rychle-dodani-10528\/#primaryimage","url":"https:\/\/www.technodompro.com\/wp-content\/uploads\/2026\/SK0015196-CZ20260425-092328-0-1777080210-203051-1_104311.webp","contentUrl":"https:\/\/www.technodompro.com\/wp-content\/uploads\/2026\/SK0015196-CZ20260425-092328-0-1777080210-203051-1_104311.webp","width":720,"height":525},{"@type":"BreadcrumbList","@id":"https:\/\/www.technodompro.com\/index.php\/produkt\/holzkraft-r-truhlarska-hoblice-hb-1701-rychle-dodani-10528\/#breadcrumb","itemListElement":[{"@type":"ListItem","position":1,"name":"Home","item":"https:\/\/www.technodompro.com\/"},{"@type":"ListItem","position":2,"name":"Products","item":"https:\/\/www.technodompro.com\/index.php\/products\/"},{"@type":"ListItem","position":3,"name":"Holzkraft\u00ae Truhl\u00e1\u0159sk\u00e1 hoblice HB 1701 Rychl\u00e9 Dod\u00e1n\u00ed"}]},{"@type":"WebSite","@id":"https:\/\/www.technodompro.com\/#website","url":"https:\/\/www.technodompro.com\/","name":"","description":"","potentialAction":[{"@type":"SearchAction","target":{"@type":"EntryPoint","urlTemplate":"https:\/\/www.technodompro.com\/?s={search_term_string}"},"query-input":{"@type":"PropertyValueSpecification","valueRequired":true,"valueName":"search_term_string"}}],"inLanguage":"cs"}]}},"_links":{"self":[{"href":"https:\/\/www.technodompro.com\/index.php\/wp-json\/wp\/v2\/product\/10528","targetHints":{"allow":["GET"]}}],"collection":[{"href":"https:\/\/www.technodompro.com\/index.php\/wp-json\/wp\/v2\/product"}],"about":[{"href":"https:\/\/www.technodompro.com\/index.php\/wp-json\/wp\/v2\/types\/product"}],"replies":[{"embeddable":true,"href":"https:\/\/www.technodompro.com\/index.php\/wp-json\/wp\/v2\/comments?post=10528"}],"wp:featuredmedia":[{"embeddable":true,"href":"https:\/\/www.technodompro.com\/index.php\/wp-json\/wp\/v2\/media\/10628"}],"wp:attachment":[{"href":"https:\/\/www.technodompro.com\/index.php\/wp-json\/wp\/v2\/media?parent=10528"}],"wp:term":[{"taxonomy":"product_brand","embeddable":true,"href":"https:\/\/www.technodompro.com\/index.php\/wp-json\/wp\/v2\/product_brand?post=10528"},{"taxonomy":"product_cat","embeddable":true,"href":"https:\/\/www.technodompro.com\/index.php\/wp-json\/wp\/v2\/product_cat?post=10528"},{"taxonomy":"product_tag","embeddable":true,"href":"https:\/\/www.technodompro.com\/index.php\/wp-json\/wp\/v2\/product_tag?post=10528"}],"curies":[{"name":"wp","href":"https:\/\/api.w.org\/{rel}","templated":true}]}}