{"id":10783,"date":"2026-04-27T04:40:55","date_gmt":"2026-04-27T04:40:55","guid":{"rendered":""},"modified":"2026-04-27T04:40:55","modified_gmt":"2026-04-27T04:40:55","slug":"akcni-cena-rea-podomitkova-umyvadlova-baterie-lungo-bila-box-rea-b9559-10783","status":"publish","type":"product","link":"https:\/\/www.technodompro.com\/index.php\/produkt\/akcni-cena-rea-podomitkova-umyvadlova-baterie-lungo-bila-box-rea-b9559-10783\/","title":{"rendered":"Ak\u010dn\u00ed Cena REA &#8211; Podom\u00edtkov\u00e1 umyvadlov\u00e1 baterie Lungo b\u00edl\u00e1 + BOX REA-B9559"},"content":{"rendered":"<div class=\"basic-description\">\n<h3>Detailn\u00ed popis produktu<\/h3>\n<p>Baterie je v\u00fdbornou volbou pro majitele ka\u017ed\u00e9 koupelny. M\u00f3dn\u00ed tvar mosazn\u00e9ho t\u011bla je pokryt 4n\u00e1sobnou vrstvou nejkvalitn\u011bj\u0161\u00edho b\u00edl\u00e9ho povlaku. D\u00edky t\u00e9to technice je baterie chr\u00e1n\u011bna proti korozi, matov\u00e1n\u00ed a zm\u011bn\u011b barvy. Tento model je ur\u010den k mont\u00e1\u017ei na st\u011bnu. Box stavebn\u00ed syst\u00e9m P\u0159edstavujeme inovativn\u00ed Box syst\u00e9m pro instalaci vestavn\u00e9 baterie. Syst\u00e9m zaji\u0161\u0165uje pohodlnou a rychlou instalaci. Je vyroben z plastu a mosazn\u00fdch vnit\u0159n\u00edch prvk\u016f, co\u017e zaru\u010duje vysokou kvalitu a spolehlivost. Prvek je vybaven maskovac\u00edm d\u00edlem, zaji\u0161\u0165uj\u00edc\u00edm vnit\u0159n\u00ed prvky p\u0159i mont\u00e1\u017ei, a vodov\u00e1hou pro usnadn\u011bn\u00ed spr\u00e1vn\u00e9 a p\u0159esn\u00e9 mont\u00e1\u017ee. Syst\u00e9m umo\u017e\u0148uje snadn\u00fd p\u0159\u00edstup k vnit\u0159n\u00edm sou\u010d\u00e1stem baterie po instalaci za \u00fa\u010delem \u00fadr\u017eby. P\u0159ednosti syst\u00e9mu: maskovac\u00ed \u010d\u00e1st s vodov\u00e1hou odoln\u00fd materi\u00e1l rychl\u00e1 mont\u00e1\u017e p\u0159esn\u00e9 um\u00edst\u011bn\u00ed podom\u00edtkov\u00e9ho prvku snadn\u00fd p\u0159\u00edstup do vnit\u0159ku baterie po instalaci CAD Manu\u00e1l<\/p>\n<\/p><\/div>\n<div class=\"extended-description\">\n<h3>Dopl\u0148kov\u00e9 parametry<\/h3>\n<table class=\"detail-parameters\">\n<tbody>\n<tr>\n<th>        <span class=\"row-header-label\">            Kategorie<span class=\"row-header-label-colon\">:<\/span>        <\/span>    <\/th>\n<td>            <\/td>\n<\/tr>\n<tr>\n<th>            <span class=\"row-header-label\">                Z\u00e1ruka<span class=\"row-header-label-colon\">:<\/span>            <\/span>        <\/th>\n<td>            24        <\/td>\n<\/tr>\n<tr>\n<th>            <span class=\"row-header-label\">                Hmotnost<span class=\"row-header-label-colon\">:<\/span>            <\/span>        <\/th>\n<td>            3 kg        <\/td>\n<\/tr>\n<tr class=\"productEan\">\n<th>          <span class=\"row-header-label productEan__label\">              EAN<span class=\"row-header-label-colon\">:<\/span>          <\/span>      <\/th>\n<td>          <span class=\"productEan__value\">5902557369935<\/span>      <\/td>\n<\/tr>\n<tr>\n<th>                <span class=\"row-header-label\">                                            Dostupnost<span class=\"row-header-label-colon\">:<\/span>                                    <\/span>            <\/th>\n<td>                                                            Dod\u00e1n\u00ed do 14ti dn\u016f                                                <\/td>\n<\/tr>\n<\/tbody>\n<\/table><\/div>\n<\/p><\/div>\n<\/p><\/div>\n","protected":false},"excerpt":{"rendered":"<p>Detailn\u00ed popis produktu Baterie je v\u00fdbornou volbou pro majitele ka\u017ed\u00e9 koupelny. M\u00f3dn\u00ed tvar mosazn\u00e9ho t\u011bla je pokryt 4n\u00e1sobnou vrstvou nejkvalitn\u011bj\u0161\u00edho b\u00edl\u00e9ho povlaku. D\u00edky t\u00e9to technice je baterie chr\u00e1n\u011bna proti korozi, matov\u00e1n\u00ed a zm\u011bn\u011b barvy. Tento model je ur\u010den k mont\u00e1\u017ei na st\u011bnu. Box stavebn\u00ed syst\u00e9m P\u0159edstavujeme inovativn\u00ed Box syst\u00e9m pro instalaci vestavn\u00e9 baterie. Syst\u00e9m zaji\u0161\u0165uje [&hellip;]<\/p>\n","protected":false},"featured_media":10883,"comment_status":"open","ping_status":"open","template":"","meta":[],"product_brand":[],"product_cat":[51],"product_tag":[],"class_list":{"0":"post-10783","1":"product","2":"type-product","3":"status-publish","4":"has-post-thumbnail","6":"product_cat-vodovodni-baterie","8":"first","9":"instock","10":"sale","11":"shipping-taxable","12":"purchasable","13":"product-type-simple"},"yoast_head":"<!-- This site is optimized with the Yoast SEO plugin v26.8 - https:\/\/yoast.com\/product\/yoast-seo-wordpress\/ -->\n<title>Ak\u010dn\u00ed Cena REA - Podom\u00edtkov\u00e1 umyvadlov\u00e1 baterie Lungo b\u00edl\u00e1 + BOX REA-B9559 -<\/title>\n<meta name=\"robots\" content=\"index, follow, max-snippet:-1, max-image-preview:large, max-video-preview:-1\" \/>\n<link rel=\"canonical\" href=\"https:\/\/www.technodompro.com\/index.php\/produkt\/akcni-cena-rea-podomitkova-umyvadlova-baterie-lungo-bila-box-rea-b9559-10783\/\" \/>\n<meta property=\"og:locale\" content=\"cs_CZ\" \/>\n<meta property=\"og:type\" content=\"article\" \/>\n<meta property=\"og:title\" content=\"Ak\u010dn\u00ed Cena REA - Podom\u00edtkov\u00e1 umyvadlov\u00e1 baterie Lungo b\u00edl\u00e1 + BOX REA-B9559 -\" \/>\n<meta property=\"og:description\" content=\"Detailn\u00ed popis produktu Baterie je v\u00fdbornou volbou pro majitele ka\u017ed\u00e9 koupelny. M\u00f3dn\u00ed tvar mosazn\u00e9ho t\u011bla je pokryt 4n\u00e1sobnou vrstvou nejkvalitn\u011bj\u0161\u00edho b\u00edl\u00e9ho povlaku. D\u00edky t\u00e9to technice je baterie chr\u00e1n\u011bna proti korozi, matov\u00e1n\u00ed a zm\u011bn\u011b barvy. Tento model je ur\u010den k mont\u00e1\u017ei na st\u011bnu. Box stavebn\u00ed syst\u00e9m P\u0159edstavujeme inovativn\u00ed Box syst\u00e9m pro instalaci vestavn\u00e9 baterie. Syst\u00e9m zaji\u0161\u0165uje [&hellip;]\" \/>\n<meta property=\"og:url\" content=\"https:\/\/www.technodompro.com\/index.php\/produkt\/akcni-cena-rea-podomitkova-umyvadlova-baterie-lungo-bila-box-rea-b9559-10783\/\" \/>\n<meta property=\"og:image\" content=\"https:\/\/www.technodompro.com\/wp-content\/uploads\/2026\/SK0014784-CZ20260425-092556-0-1777080363-1041777_rea-podomitkova-umyvadlova-baterie-lungo-bila-box-r.webp\" \/>\n\t<meta property=\"og:image:width\" content=\"1000\" \/>\n\t<meta property=\"og:image:height\" content=\"750\" \/>\n\t<meta property=\"og:image:type\" content=\"image\/webp\" \/>\n<meta name=\"twitter:card\" content=\"summary_large_image\" \/>\n<meta name=\"twitter:label1\" content=\"Odhadovan\u00e1 doba \u010dten\u00ed\" \/>\n\t<meta name=\"twitter:data1\" content=\"1 minuta\" \/>\n<script type=\"application\/ld+json\" class=\"yoast-schema-graph\">{\"@context\":\"https:\/\/schema.org\",\"@graph\":[{\"@type\":\"WebPage\",\"@id\":\"https:\/\/www.technodompro.com\/index.php\/produkt\/akcni-cena-rea-podomitkova-umyvadlova-baterie-lungo-bila-box-rea-b9559-10783\/\",\"url\":\"https:\/\/www.technodompro.com\/index.php\/produkt\/akcni-cena-rea-podomitkova-umyvadlova-baterie-lungo-bila-box-rea-b9559-10783\/\",\"name\":\"Ak\u010dn\u00ed Cena REA - Podom\u00edtkov\u00e1 umyvadlov\u00e1 baterie Lungo b\u00edl\u00e1 + BOX REA-B9559 -\",\"isPartOf\":{\"@id\":\"https:\/\/www.technodompro.com\/#website\"},\"primaryImageOfPage\":{\"@id\":\"https:\/\/www.technodompro.com\/index.php\/produkt\/akcni-cena-rea-podomitkova-umyvadlova-baterie-lungo-bila-box-rea-b9559-10783\/#primaryimage\"},\"image\":{\"@id\":\"https:\/\/www.technodompro.com\/index.php\/produkt\/akcni-cena-rea-podomitkova-umyvadlova-baterie-lungo-bila-box-rea-b9559-10783\/#primaryimage\"},\"thumbnailUrl\":\"https:\/\/www.technodompro.com\/wp-content\/uploads\/2026\/SK0014784-CZ20260425-092556-0-1777080363-1041777_rea-podomitkova-umyvadlova-baterie-lungo-bila-box-r.webp\",\"datePublished\":\"2026-04-27T04:40:55+00:00\",\"breadcrumb\":{\"@id\":\"https:\/\/www.technodompro.com\/index.php\/produkt\/akcni-cena-rea-podomitkova-umyvadlova-baterie-lungo-bila-box-rea-b9559-10783\/#breadcrumb\"},\"inLanguage\":\"cs\",\"potentialAction\":[{\"@type\":\"ReadAction\",\"target\":[\"https:\/\/www.technodompro.com\/index.php\/produkt\/akcni-cena-rea-podomitkova-umyvadlova-baterie-lungo-bila-box-rea-b9559-10783\/\"]}]},{\"@type\":\"ImageObject\",\"inLanguage\":\"cs\",\"@id\":\"https:\/\/www.technodompro.com\/index.php\/produkt\/akcni-cena-rea-podomitkova-umyvadlova-baterie-lungo-bila-box-rea-b9559-10783\/#primaryimage\",\"url\":\"https:\/\/www.technodompro.com\/wp-content\/uploads\/2026\/SK0014784-CZ20260425-092556-0-1777080363-1041777_rea-podomitkova-umyvadlova-baterie-lungo-bila-box-r.webp\",\"contentUrl\":\"https:\/\/www.technodompro.com\/wp-content\/uploads\/2026\/SK0014784-CZ20260425-092556-0-1777080363-1041777_rea-podomitkova-umyvadlova-baterie-lungo-bila-box-r.webp\",\"width\":1000,\"height\":750},{\"@type\":\"BreadcrumbList\",\"@id\":\"https:\/\/www.technodompro.com\/index.php\/produkt\/akcni-cena-rea-podomitkova-umyvadlova-baterie-lungo-bila-box-rea-b9559-10783\/#breadcrumb\",\"itemListElement\":[{\"@type\":\"ListItem\",\"position\":1,\"name\":\"Home\",\"item\":\"https:\/\/www.technodompro.com\/\"},{\"@type\":\"ListItem\",\"position\":2,\"name\":\"Products\",\"item\":\"https:\/\/www.technodompro.com\/index.php\/products\/\"},{\"@type\":\"ListItem\",\"position\":3,\"name\":\"Ak\u010dn\u00ed Cena REA &#8211; Podom\u00edtkov\u00e1 umyvadlov\u00e1 baterie Lungo b\u00edl\u00e1 + BOX REA-B9559\"}]},{\"@type\":\"WebSite\",\"@id\":\"https:\/\/www.technodompro.com\/#website\",\"url\":\"https:\/\/www.technodompro.com\/\",\"name\":\"\",\"description\":\"\",\"potentialAction\":[{\"@type\":\"SearchAction\",\"target\":{\"@type\":\"EntryPoint\",\"urlTemplate\":\"https:\/\/www.technodompro.com\/?s={search_term_string}\"},\"query-input\":{\"@type\":\"PropertyValueSpecification\",\"valueRequired\":true,\"valueName\":\"search_term_string\"}}],\"inLanguage\":\"cs\"}]}<\/script>\n<!-- \/ Yoast SEO plugin. -->","yoast_head_json":{"title":"Ak\u010dn\u00ed Cena REA - Podom\u00edtkov\u00e1 umyvadlov\u00e1 baterie Lungo b\u00edl\u00e1 + BOX REA-B9559 -","robots":{"index":"index","follow":"follow","max-snippet":"max-snippet:-1","max-image-preview":"max-image-preview:large","max-video-preview":"max-video-preview:-1"},"canonical":"https:\/\/www.technodompro.com\/index.php\/produkt\/akcni-cena-rea-podomitkova-umyvadlova-baterie-lungo-bila-box-rea-b9559-10783\/","og_locale":"cs_CZ","og_type":"article","og_title":"Ak\u010dn\u00ed Cena REA - Podom\u00edtkov\u00e1 umyvadlov\u00e1 baterie Lungo b\u00edl\u00e1 + BOX REA-B9559 -","og_description":"Detailn\u00ed popis produktu Baterie je v\u00fdbornou volbou pro majitele ka\u017ed\u00e9 koupelny. M\u00f3dn\u00ed tvar mosazn\u00e9ho t\u011bla je pokryt 4n\u00e1sobnou vrstvou nejkvalitn\u011bj\u0161\u00edho b\u00edl\u00e9ho povlaku. D\u00edky t\u00e9to technice je baterie chr\u00e1n\u011bna proti korozi, matov\u00e1n\u00ed a zm\u011bn\u011b barvy. Tento model je ur\u010den k mont\u00e1\u017ei na st\u011bnu. Box stavebn\u00ed syst\u00e9m P\u0159edstavujeme inovativn\u00ed Box syst\u00e9m pro instalaci vestavn\u00e9 baterie. Syst\u00e9m zaji\u0161\u0165uje [&hellip;]","og_url":"https:\/\/www.technodompro.com\/index.php\/produkt\/akcni-cena-rea-podomitkova-umyvadlova-baterie-lungo-bila-box-rea-b9559-10783\/","og_image":[{"width":1000,"height":750,"url":"https:\/\/www.technodompro.com\/wp-content\/uploads\/2026\/SK0014784-CZ20260425-092556-0-1777080363-1041777_rea-podomitkova-umyvadlova-baterie-lungo-bila-box-r.webp","type":"image\/webp"}],"twitter_card":"summary_large_image","twitter_misc":{"Odhadovan\u00e1 doba \u010dten\u00ed":"1 minuta"},"schema":{"@context":"https:\/\/schema.org","@graph":[{"@type":"WebPage","@id":"https:\/\/www.technodompro.com\/index.php\/produkt\/akcni-cena-rea-podomitkova-umyvadlova-baterie-lungo-bila-box-rea-b9559-10783\/","url":"https:\/\/www.technodompro.com\/index.php\/produkt\/akcni-cena-rea-podomitkova-umyvadlova-baterie-lungo-bila-box-rea-b9559-10783\/","name":"Ak\u010dn\u00ed Cena REA - Podom\u00edtkov\u00e1 umyvadlov\u00e1 baterie Lungo b\u00edl\u00e1 + BOX REA-B9559 -","isPartOf":{"@id":"https:\/\/www.technodompro.com\/#website"},"primaryImageOfPage":{"@id":"https:\/\/www.technodompro.com\/index.php\/produkt\/akcni-cena-rea-podomitkova-umyvadlova-baterie-lungo-bila-box-rea-b9559-10783\/#primaryimage"},"image":{"@id":"https:\/\/www.technodompro.com\/index.php\/produkt\/akcni-cena-rea-podomitkova-umyvadlova-baterie-lungo-bila-box-rea-b9559-10783\/#primaryimage"},"thumbnailUrl":"https:\/\/www.technodompro.com\/wp-content\/uploads\/2026\/SK0014784-CZ20260425-092556-0-1777080363-1041777_rea-podomitkova-umyvadlova-baterie-lungo-bila-box-r.webp","datePublished":"2026-04-27T04:40:55+00:00","breadcrumb":{"@id":"https:\/\/www.technodompro.com\/index.php\/produkt\/akcni-cena-rea-podomitkova-umyvadlova-baterie-lungo-bila-box-rea-b9559-10783\/#breadcrumb"},"inLanguage":"cs","potentialAction":[{"@type":"ReadAction","target":["https:\/\/www.technodompro.com\/index.php\/produkt\/akcni-cena-rea-podomitkova-umyvadlova-baterie-lungo-bila-box-rea-b9559-10783\/"]}]},{"@type":"ImageObject","inLanguage":"cs","@id":"https:\/\/www.technodompro.com\/index.php\/produkt\/akcni-cena-rea-podomitkova-umyvadlova-baterie-lungo-bila-box-rea-b9559-10783\/#primaryimage","url":"https:\/\/www.technodompro.com\/wp-content\/uploads\/2026\/SK0014784-CZ20260425-092556-0-1777080363-1041777_rea-podomitkova-umyvadlova-baterie-lungo-bila-box-r.webp","contentUrl":"https:\/\/www.technodompro.com\/wp-content\/uploads\/2026\/SK0014784-CZ20260425-092556-0-1777080363-1041777_rea-podomitkova-umyvadlova-baterie-lungo-bila-box-r.webp","width":1000,"height":750},{"@type":"BreadcrumbList","@id":"https:\/\/www.technodompro.com\/index.php\/produkt\/akcni-cena-rea-podomitkova-umyvadlova-baterie-lungo-bila-box-rea-b9559-10783\/#breadcrumb","itemListElement":[{"@type":"ListItem","position":1,"name":"Home","item":"https:\/\/www.technodompro.com\/"},{"@type":"ListItem","position":2,"name":"Products","item":"https:\/\/www.technodompro.com\/index.php\/products\/"},{"@type":"ListItem","position":3,"name":"Ak\u010dn\u00ed Cena REA &#8211; Podom\u00edtkov\u00e1 umyvadlov\u00e1 baterie Lungo b\u00edl\u00e1 + BOX REA-B9559"}]},{"@type":"WebSite","@id":"https:\/\/www.technodompro.com\/#website","url":"https:\/\/www.technodompro.com\/","name":"","description":"","potentialAction":[{"@type":"SearchAction","target":{"@type":"EntryPoint","urlTemplate":"https:\/\/www.technodompro.com\/?s={search_term_string}"},"query-input":{"@type":"PropertyValueSpecification","valueRequired":true,"valueName":"search_term_string"}}],"inLanguage":"cs"}]}},"_links":{"self":[{"href":"https:\/\/www.technodompro.com\/index.php\/wp-json\/wp\/v2\/product\/10783","targetHints":{"allow":["GET"]}}],"collection":[{"href":"https:\/\/www.technodompro.com\/index.php\/wp-json\/wp\/v2\/product"}],"about":[{"href":"https:\/\/www.technodompro.com\/index.php\/wp-json\/wp\/v2\/types\/product"}],"replies":[{"embeddable":true,"href":"https:\/\/www.technodompro.com\/index.php\/wp-json\/wp\/v2\/comments?post=10783"}],"wp:featuredmedia":[{"embeddable":true,"href":"https:\/\/www.technodompro.com\/index.php\/wp-json\/wp\/v2\/media\/10883"}],"wp:attachment":[{"href":"https:\/\/www.technodompro.com\/index.php\/wp-json\/wp\/v2\/media?parent=10783"}],"wp:term":[{"taxonomy":"product_brand","embeddable":true,"href":"https:\/\/www.technodompro.com\/index.php\/wp-json\/wp\/v2\/product_brand?post=10783"},{"taxonomy":"product_cat","embeddable":true,"href":"https:\/\/www.technodompro.com\/index.php\/wp-json\/wp\/v2\/product_cat?post=10783"},{"taxonomy":"product_tag","embeddable":true,"href":"https:\/\/www.technodompro.com\/index.php\/wp-json\/wp\/v2\/product_tag?post=10783"}],"curies":[{"name":"wp","href":"https:\/\/api.w.org\/{rel}","templated":true}]}}