{"id":10901,"date":"2026-04-27T04:40:55","date_gmt":"2026-04-27T04:40:55","guid":{"rendered":""},"modified":"2026-04-27T04:40:55","modified_gmt":"2026-04-27T04:40:55","slug":"rea-sprchova-vanicka-stone-80x120x4-cerna-rea-k9602-tovarni-cena-10901","status":"publish","type":"product","link":"https:\/\/www.technodompro.com\/index.php\/produkt\/rea-sprchova-vanicka-stone-80x120x4-cerna-rea-k9602-tovarni-cena-10901\/","title":{"rendered":"REA &#8211; Sprchov\u00e1 vani\u010dka Stone 80x120x4 \u010dern\u00e1 REA-K9602 Tov\u00e1rn\u00ed Cena"},"content":{"rendered":"<div class=\"basic-description\">\n<h3>Detailn\u00ed popis produktu<\/h3>\n<p>Akryl\u00e1tov\u00fd miner\u00e1l\u00a0je jedine\u010dn\u00fd a inovativn\u00ed materi\u00e1l, kter\u00fd se vyzna\u010duje mimo\u0159\u00e1dnou pevnost\u00ed a trvanlivost\u00ed.\u00a0D\u00edky dokonal\u00fdm sklon\u016fm a um\u00edst\u011bn\u00ed odtoku je pou\u017e\u00edv\u00e1n\u00ed produktu extr\u00e9mn\u011b snadn\u00e9 a p\u0159\u00edjemn\u00e9. Sprchov\u00e9 vani\u010dky Rea Stone jsou v ka\u017ed\u00e9m ohledu dokonal\u00e9.\u00a0Kr\u00e1sn\u00e1 struktura sprchov\u00e9 vani\u010dky dokonale napodobuje p\u0159\u00edrodn\u00ed k\u00e1men.\u00a0Dokonale zapadne do modern\u00edho interi\u00e9ru va\u0161\u00ed koupelny, zd\u016frazn\u00ed jej\u00ed kr\u00e1su a u\u010din\u00ed z ka\u017edodenn\u00edho pou\u017e\u00edv\u00e1n\u00ed nepopsateln\u00e9 pot\u011b\u0161en\u00ed. Sprchov\u00e1 vani\u010dka je vyrobena z miner\u00e1ln\u00edho kamene s p\u0159\u00edrodn\u00ed strukturou.\u00a0Je to materi\u00e1l s dlouhou \u017eivotnost\u00ed a tvrdost\u00ed, nav\u00edc je p\u0159\u00edjemn\u011b tepl\u00fd na dotek. Sprchov\u00e9 vani\u010dky vyroben\u00e9 z tohoto materi\u00e1lu jsou dokonale hladk\u00e9, stabiln\u00ed a lze je namontovat p\u0159\u00edmo na podlahu.\u00a0Dal\u0161\u00ed v\u00fdhodou jsou dokonale rovn\u00e9 hrany a \u00fahly, co\u017e umo\u017e\u0148uje jejich instalaci bez injekt\u00e1\u017en\u00ed malty. Struktura vani\u010dky d\u00edky sv\u00e9mu vzhledu p\u0159\u00edrodn\u00edho kamene perfektn\u011b zapadne do modern\u00edho aran\u017em\u00e1, ale bude dob\u0159e fungovat i v klasick\u00fdch, univerz\u00e1ln\u00edch interi\u00e9rech.<\/p>\n<table class=\"product_desc__table\">\n<tr>\n<th style=\"text-align: left;\">Materi\u00e1l:<\/th>\n<td>miner\u00e1ln\u00ed k\u00e1men<\/td>\n<\/tr>\n<tr>\n<th style=\"text-align: left;\">Barva:<\/th>\n<td>\u010dern\u00e1<\/td>\n<\/tr>\n<tr>\n<th style=\"text-align: left;\">V\u00fd\u0161ka sprchov\u00e9 vani\u010dky:<\/th>\n<td>3 cm<\/td>\n<\/tr>\n<tr>\n<th style=\"text-align: left;\">V\u010detn\u011b sifonu:<\/th>\n<td>ano<\/td>\n<\/tr>\n<\/table><\/div>\n<div class=\"extended-description\">\n<h3>Dopl\u0148kov\u00e9 parametry<\/h3>\n<table class=\"detail-parameters\">\n<tbody>\n<tr>\n<th>        <span class=\"row-header-label\">            Kategorie<span class=\"row-header-label-colon\">:<\/span>        <\/span>    <\/th>\n<td>            <\/td>\n<\/tr>\n<tr>\n<th>            <span class=\"row-header-label\">                Z\u00e1ruka<span class=\"row-header-label-colon\">:<\/span>            <\/span>        <\/th>\n<td>            24        <\/td>\n<\/tr>\n<tr>\n<th>            <span class=\"row-header-label\">                Hmotnost<span class=\"row-header-label-colon\">:<\/span>            <\/span>        <\/th>\n<td>            30 kg        <\/td>\n<\/tr>\n<tr class=\"productEan\">\n<th>          <span class=\"row-header-label productEan__label\">              EAN<span class=\"row-header-label-colon\">:<\/span>          <\/span>      <\/th>\n<td>          <span class=\"productEan__value\">5902557319978<\/span>      <\/td>\n<\/tr>\n<tr>\n<th>                <span class=\"row-header-label\">                                            Dostupnost<span class=\"row-header-label-colon\">:<\/span>                                    <\/span>            <\/th>\n<td>                                                            Skladem                                                <\/td>\n<\/tr>\n<\/tbody>\n<\/table><\/div>\n<\/p><\/div>\n<\/p><\/div>\n","protected":false},"excerpt":{"rendered":"<p>Detailn\u00ed popis produktu Akryl\u00e1tov\u00fd miner\u00e1l\u00a0je jedine\u010dn\u00fd a inovativn\u00ed materi\u00e1l, kter\u00fd se vyzna\u010duje mimo\u0159\u00e1dnou pevnost\u00ed a trvanlivost\u00ed.\u00a0D\u00edky dokonal\u00fdm sklon\u016fm a um\u00edst\u011bn\u00ed odtoku je pou\u017e\u00edv\u00e1n\u00ed produktu extr\u00e9mn\u011b snadn\u00e9 a p\u0159\u00edjemn\u00e9. Sprchov\u00e9 vani\u010dky Rea Stone jsou v ka\u017ed\u00e9m ohledu dokonal\u00e9.\u00a0Kr\u00e1sn\u00e1 struktura sprchov\u00e9 vani\u010dky dokonale napodobuje p\u0159\u00edrodn\u00ed k\u00e1men.\u00a0Dokonale zapadne do modern\u00edho interi\u00e9ru va\u0161\u00ed koupelny, zd\u016frazn\u00ed jej\u00ed kr\u00e1su a u\u010din\u00ed [&hellip;]<\/p>\n","protected":false},"featured_media":11001,"comment_status":"open","ping_status":"open","template":"","meta":[],"product_brand":[],"product_cat":[53],"product_tag":[],"class_list":{"0":"post-10901","1":"product","2":"type-product","3":"status-publish","4":"has-post-thumbnail","6":"product_cat-sprchove-vanicky","8":"first","9":"instock","10":"sale","11":"shipping-taxable","12":"purchasable","13":"product-type-simple"},"yoast_head":"<!-- This site is optimized with the Yoast SEO plugin v26.8 - https:\/\/yoast.com\/product\/yoast-seo-wordpress\/ -->\n<title>REA - Sprchov\u00e1 vani\u010dka Stone 80x120x4 \u010dern\u00e1 REA-K9602 Tov\u00e1rn\u00ed Cena -<\/title>\n<meta name=\"robots\" content=\"index, follow, max-snippet:-1, max-image-preview:large, max-video-preview:-1\" \/>\n<link rel=\"canonical\" href=\"https:\/\/www.technodompro.com\/index.php\/produkt\/rea-sprchova-vanicka-stone-80x120x4-cerna-rea-k9602-tovarni-cena-10901\/\" \/>\n<meta property=\"og:locale\" content=\"cs_CZ\" \/>\n<meta property=\"og:type\" content=\"article\" \/>\n<meta property=\"og:title\" content=\"REA - Sprchov\u00e1 vani\u010dka Stone 80x120x4 \u010dern\u00e1 REA-K9602 Tov\u00e1rn\u00ed Cena -\" \/>\n<meta property=\"og:description\" content=\"Detailn\u00ed popis produktu Akryl\u00e1tov\u00fd miner\u00e1l\u00a0je jedine\u010dn\u00fd a inovativn\u00ed materi\u00e1l, kter\u00fd se vyzna\u010duje mimo\u0159\u00e1dnou pevnost\u00ed a trvanlivost\u00ed.\u00a0D\u00edky dokonal\u00fdm sklon\u016fm a um\u00edst\u011bn\u00ed odtoku je pou\u017e\u00edv\u00e1n\u00ed produktu extr\u00e9mn\u011b snadn\u00e9 a p\u0159\u00edjemn\u00e9. Sprchov\u00e9 vani\u010dky Rea Stone jsou v ka\u017ed\u00e9m ohledu dokonal\u00e9.\u00a0Kr\u00e1sn\u00e1 struktura sprchov\u00e9 vani\u010dky dokonale napodobuje p\u0159\u00edrodn\u00ed k\u00e1men.\u00a0Dokonale zapadne do modern\u00edho interi\u00e9ru va\u0161\u00ed koupelny, zd\u016frazn\u00ed jej\u00ed kr\u00e1su a u\u010din\u00ed [&hellip;]\" \/>\n<meta property=\"og:url\" content=\"https:\/\/www.technodompro.com\/index.php\/produkt\/rea-sprchova-vanicka-stone-80x120x4-cerna-rea-k9602-tovarni-cena-10901\/\" \/>\n<meta property=\"og:image\" content=\"https:\/\/www.technodompro.com\/wp-content\/uploads\/2026\/SK0014802-CZ20260425-092556-0-1777080363-1043316_rea-sprchova-vanicka-stone-80x120x4-cerna-rea-k9602.webp\" \/>\n\t<meta property=\"og:image:width\" content=\"1000\" \/>\n\t<meta property=\"og:image:height\" content=\"750\" \/>\n\t<meta property=\"og:image:type\" content=\"image\/webp\" \/>\n<meta name=\"twitter:card\" content=\"summary_large_image\" \/>\n<meta name=\"twitter:label1\" content=\"Odhadovan\u00e1 doba \u010dten\u00ed\" \/>\n\t<meta name=\"twitter:data1\" content=\"1 minuta\" \/>\n<script type=\"application\/ld+json\" class=\"yoast-schema-graph\">{\"@context\":\"https:\/\/schema.org\",\"@graph\":[{\"@type\":\"WebPage\",\"@id\":\"https:\/\/www.technodompro.com\/index.php\/produkt\/rea-sprchova-vanicka-stone-80x120x4-cerna-rea-k9602-tovarni-cena-10901\/\",\"url\":\"https:\/\/www.technodompro.com\/index.php\/produkt\/rea-sprchova-vanicka-stone-80x120x4-cerna-rea-k9602-tovarni-cena-10901\/\",\"name\":\"REA - Sprchov\u00e1 vani\u010dka Stone 80x120x4 \u010dern\u00e1 REA-K9602 Tov\u00e1rn\u00ed Cena -\",\"isPartOf\":{\"@id\":\"https:\/\/www.technodompro.com\/#website\"},\"primaryImageOfPage\":{\"@id\":\"https:\/\/www.technodompro.com\/index.php\/produkt\/rea-sprchova-vanicka-stone-80x120x4-cerna-rea-k9602-tovarni-cena-10901\/#primaryimage\"},\"image\":{\"@id\":\"https:\/\/www.technodompro.com\/index.php\/produkt\/rea-sprchova-vanicka-stone-80x120x4-cerna-rea-k9602-tovarni-cena-10901\/#primaryimage\"},\"thumbnailUrl\":\"https:\/\/www.technodompro.com\/wp-content\/uploads\/2026\/SK0014802-CZ20260425-092556-0-1777080363-1043316_rea-sprchova-vanicka-stone-80x120x4-cerna-rea-k9602.webp\",\"datePublished\":\"2026-04-27T04:40:55+00:00\",\"breadcrumb\":{\"@id\":\"https:\/\/www.technodompro.com\/index.php\/produkt\/rea-sprchova-vanicka-stone-80x120x4-cerna-rea-k9602-tovarni-cena-10901\/#breadcrumb\"},\"inLanguage\":\"cs\",\"potentialAction\":[{\"@type\":\"ReadAction\",\"target\":[\"https:\/\/www.technodompro.com\/index.php\/produkt\/rea-sprchova-vanicka-stone-80x120x4-cerna-rea-k9602-tovarni-cena-10901\/\"]}]},{\"@type\":\"ImageObject\",\"inLanguage\":\"cs\",\"@id\":\"https:\/\/www.technodompro.com\/index.php\/produkt\/rea-sprchova-vanicka-stone-80x120x4-cerna-rea-k9602-tovarni-cena-10901\/#primaryimage\",\"url\":\"https:\/\/www.technodompro.com\/wp-content\/uploads\/2026\/SK0014802-CZ20260425-092556-0-1777080363-1043316_rea-sprchova-vanicka-stone-80x120x4-cerna-rea-k9602.webp\",\"contentUrl\":\"https:\/\/www.technodompro.com\/wp-content\/uploads\/2026\/SK0014802-CZ20260425-092556-0-1777080363-1043316_rea-sprchova-vanicka-stone-80x120x4-cerna-rea-k9602.webp\",\"width\":1000,\"height\":750},{\"@type\":\"BreadcrumbList\",\"@id\":\"https:\/\/www.technodompro.com\/index.php\/produkt\/rea-sprchova-vanicka-stone-80x120x4-cerna-rea-k9602-tovarni-cena-10901\/#breadcrumb\",\"itemListElement\":[{\"@type\":\"ListItem\",\"position\":1,\"name\":\"Home\",\"item\":\"https:\/\/www.technodompro.com\/\"},{\"@type\":\"ListItem\",\"position\":2,\"name\":\"Products\",\"item\":\"https:\/\/www.technodompro.com\/index.php\/products\/\"},{\"@type\":\"ListItem\",\"position\":3,\"name\":\"REA &#8211; Sprchov\u00e1 vani\u010dka Stone 80x120x4 \u010dern\u00e1 REA-K9602 Tov\u00e1rn\u00ed Cena\"}]},{\"@type\":\"WebSite\",\"@id\":\"https:\/\/www.technodompro.com\/#website\",\"url\":\"https:\/\/www.technodompro.com\/\",\"name\":\"\",\"description\":\"\",\"potentialAction\":[{\"@type\":\"SearchAction\",\"target\":{\"@type\":\"EntryPoint\",\"urlTemplate\":\"https:\/\/www.technodompro.com\/?s={search_term_string}\"},\"query-input\":{\"@type\":\"PropertyValueSpecification\",\"valueRequired\":true,\"valueName\":\"search_term_string\"}}],\"inLanguage\":\"cs\"}]}<\/script>\n<!-- \/ Yoast SEO plugin. -->","yoast_head_json":{"title":"REA - Sprchov\u00e1 vani\u010dka Stone 80x120x4 \u010dern\u00e1 REA-K9602 Tov\u00e1rn\u00ed Cena -","robots":{"index":"index","follow":"follow","max-snippet":"max-snippet:-1","max-image-preview":"max-image-preview:large","max-video-preview":"max-video-preview:-1"},"canonical":"https:\/\/www.technodompro.com\/index.php\/produkt\/rea-sprchova-vanicka-stone-80x120x4-cerna-rea-k9602-tovarni-cena-10901\/","og_locale":"cs_CZ","og_type":"article","og_title":"REA - Sprchov\u00e1 vani\u010dka Stone 80x120x4 \u010dern\u00e1 REA-K9602 Tov\u00e1rn\u00ed Cena -","og_description":"Detailn\u00ed popis produktu Akryl\u00e1tov\u00fd miner\u00e1l\u00a0je jedine\u010dn\u00fd a inovativn\u00ed materi\u00e1l, kter\u00fd se vyzna\u010duje mimo\u0159\u00e1dnou pevnost\u00ed a trvanlivost\u00ed.\u00a0D\u00edky dokonal\u00fdm sklon\u016fm a um\u00edst\u011bn\u00ed odtoku je pou\u017e\u00edv\u00e1n\u00ed produktu extr\u00e9mn\u011b snadn\u00e9 a p\u0159\u00edjemn\u00e9. Sprchov\u00e9 vani\u010dky Rea Stone jsou v ka\u017ed\u00e9m ohledu dokonal\u00e9.\u00a0Kr\u00e1sn\u00e1 struktura sprchov\u00e9 vani\u010dky dokonale napodobuje p\u0159\u00edrodn\u00ed k\u00e1men.\u00a0Dokonale zapadne do modern\u00edho interi\u00e9ru va\u0161\u00ed koupelny, zd\u016frazn\u00ed jej\u00ed kr\u00e1su a u\u010din\u00ed [&hellip;]","og_url":"https:\/\/www.technodompro.com\/index.php\/produkt\/rea-sprchova-vanicka-stone-80x120x4-cerna-rea-k9602-tovarni-cena-10901\/","og_image":[{"width":1000,"height":750,"url":"https:\/\/www.technodompro.com\/wp-content\/uploads\/2026\/SK0014802-CZ20260425-092556-0-1777080363-1043316_rea-sprchova-vanicka-stone-80x120x4-cerna-rea-k9602.webp","type":"image\/webp"}],"twitter_card":"summary_large_image","twitter_misc":{"Odhadovan\u00e1 doba \u010dten\u00ed":"1 minuta"},"schema":{"@context":"https:\/\/schema.org","@graph":[{"@type":"WebPage","@id":"https:\/\/www.technodompro.com\/index.php\/produkt\/rea-sprchova-vanicka-stone-80x120x4-cerna-rea-k9602-tovarni-cena-10901\/","url":"https:\/\/www.technodompro.com\/index.php\/produkt\/rea-sprchova-vanicka-stone-80x120x4-cerna-rea-k9602-tovarni-cena-10901\/","name":"REA - Sprchov\u00e1 vani\u010dka Stone 80x120x4 \u010dern\u00e1 REA-K9602 Tov\u00e1rn\u00ed Cena -","isPartOf":{"@id":"https:\/\/www.technodompro.com\/#website"},"primaryImageOfPage":{"@id":"https:\/\/www.technodompro.com\/index.php\/produkt\/rea-sprchova-vanicka-stone-80x120x4-cerna-rea-k9602-tovarni-cena-10901\/#primaryimage"},"image":{"@id":"https:\/\/www.technodompro.com\/index.php\/produkt\/rea-sprchova-vanicka-stone-80x120x4-cerna-rea-k9602-tovarni-cena-10901\/#primaryimage"},"thumbnailUrl":"https:\/\/www.technodompro.com\/wp-content\/uploads\/2026\/SK0014802-CZ20260425-092556-0-1777080363-1043316_rea-sprchova-vanicka-stone-80x120x4-cerna-rea-k9602.webp","datePublished":"2026-04-27T04:40:55+00:00","breadcrumb":{"@id":"https:\/\/www.technodompro.com\/index.php\/produkt\/rea-sprchova-vanicka-stone-80x120x4-cerna-rea-k9602-tovarni-cena-10901\/#breadcrumb"},"inLanguage":"cs","potentialAction":[{"@type":"ReadAction","target":["https:\/\/www.technodompro.com\/index.php\/produkt\/rea-sprchova-vanicka-stone-80x120x4-cerna-rea-k9602-tovarni-cena-10901\/"]}]},{"@type":"ImageObject","inLanguage":"cs","@id":"https:\/\/www.technodompro.com\/index.php\/produkt\/rea-sprchova-vanicka-stone-80x120x4-cerna-rea-k9602-tovarni-cena-10901\/#primaryimage","url":"https:\/\/www.technodompro.com\/wp-content\/uploads\/2026\/SK0014802-CZ20260425-092556-0-1777080363-1043316_rea-sprchova-vanicka-stone-80x120x4-cerna-rea-k9602.webp","contentUrl":"https:\/\/www.technodompro.com\/wp-content\/uploads\/2026\/SK0014802-CZ20260425-092556-0-1777080363-1043316_rea-sprchova-vanicka-stone-80x120x4-cerna-rea-k9602.webp","width":1000,"height":750},{"@type":"BreadcrumbList","@id":"https:\/\/www.technodompro.com\/index.php\/produkt\/rea-sprchova-vanicka-stone-80x120x4-cerna-rea-k9602-tovarni-cena-10901\/#breadcrumb","itemListElement":[{"@type":"ListItem","position":1,"name":"Home","item":"https:\/\/www.technodompro.com\/"},{"@type":"ListItem","position":2,"name":"Products","item":"https:\/\/www.technodompro.com\/index.php\/products\/"},{"@type":"ListItem","position":3,"name":"REA &#8211; Sprchov\u00e1 vani\u010dka Stone 80x120x4 \u010dern\u00e1 REA-K9602 Tov\u00e1rn\u00ed Cena"}]},{"@type":"WebSite","@id":"https:\/\/www.technodompro.com\/#website","url":"https:\/\/www.technodompro.com\/","name":"","description":"","potentialAction":[{"@type":"SearchAction","target":{"@type":"EntryPoint","urlTemplate":"https:\/\/www.technodompro.com\/?s={search_term_string}"},"query-input":{"@type":"PropertyValueSpecification","valueRequired":true,"valueName":"search_term_string"}}],"inLanguage":"cs"}]}},"_links":{"self":[{"href":"https:\/\/www.technodompro.com\/index.php\/wp-json\/wp\/v2\/product\/10901","targetHints":{"allow":["GET"]}}],"collection":[{"href":"https:\/\/www.technodompro.com\/index.php\/wp-json\/wp\/v2\/product"}],"about":[{"href":"https:\/\/www.technodompro.com\/index.php\/wp-json\/wp\/v2\/types\/product"}],"replies":[{"embeddable":true,"href":"https:\/\/www.technodompro.com\/index.php\/wp-json\/wp\/v2\/comments?post=10901"}],"wp:featuredmedia":[{"embeddable":true,"href":"https:\/\/www.technodompro.com\/index.php\/wp-json\/wp\/v2\/media\/11001"}],"wp:attachment":[{"href":"https:\/\/www.technodompro.com\/index.php\/wp-json\/wp\/v2\/media?parent=10901"}],"wp:term":[{"taxonomy":"product_brand","embeddable":true,"href":"https:\/\/www.technodompro.com\/index.php\/wp-json\/wp\/v2\/product_brand?post=10901"},{"taxonomy":"product_cat","embeddable":true,"href":"https:\/\/www.technodompro.com\/index.php\/wp-json\/wp\/v2\/product_cat?post=10901"},{"taxonomy":"product_tag","embeddable":true,"href":"https:\/\/www.technodompro.com\/index.php\/wp-json\/wp\/v2\/product_tag?post=10901"}],"curies":[{"name":"wp","href":"https:\/\/api.w.org\/{rel}","templated":true}]}}