{"id":10914,"date":"2026-04-27T04:40:55","date_gmt":"2026-04-27T04:40:55","guid":{"rendered":""},"modified":"2026-04-27T04:40:55","modified_gmt":"2026-04-27T04:40:55","slug":"jen-po-omezenou-doba-rea-sprchovy-kout-hugo-90x90-kartacovane-zlato-rea-k6609-10914","status":"publish","type":"product","link":"https:\/\/www.technodompro.com\/index.php\/produkt\/jen-po-omezenou-doba-rea-sprchovy-kout-hugo-90x90-kartacovane-zlato-rea-k6609-10914\/","title":{"rendered":"Jen Po Omezenou Doba REA &#8211; Sprchov\u00fd kout Hugo 90&#215;90 kart\u00e1\u010dovan\u00e9 zlato REA-K6609"},"content":{"rendered":"<div class=\"basic-description\">\n<h3>Detailn\u00ed popis produktu<\/h3>\n<p>Sprchov\u00fd kout s jednoduch\u00fdm, elegantn\u00edm designem a funk\u010dnost\u00ed na nejvy\u0161\u0161\u00ed \u00farovni. Skv\u011ble vypln\u00ed prostor ka\u017ed\u00e9 koupelny a uspokoj\u00ed i ty nejn\u00e1ro\u010dn\u011bj\u0161\u00ed u\u017eivatele. Tento produkt m\u00e1 povrchovou \u00fapravu Easy Clean, kter\u00e1 usnad\u0148uje \u010di\u0161t\u011bn\u00ed. N\u00e1vod<\/p>\n<\/p><\/div>\n<div class=\"extended-description\">\n<h3>Dopl\u0148kov\u00e9 parametry<\/h3>\n<table class=\"detail-parameters\">\n<tbody>\n<tr>\n<th>        <span class=\"row-header-label\">            Kategorie<span class=\"row-header-label-colon\">:<\/span>        <\/span>    <\/th>\n<td>            <\/td>\n<\/tr>\n<tr>\n<th>            <span class=\"row-header-label\">                Z\u00e1ruka<span class=\"row-header-label-colon\">:<\/span>            <\/span>        <\/th>\n<td>            2 roky        <\/td>\n<\/tr>\n<tr>\n<th>            <span class=\"row-header-label\">                Hmotnost<span class=\"row-header-label-colon\">:<\/span>            <\/span>        <\/th>\n<td>            30 kg        <\/td>\n<\/tr>\n<tr class=\"productEan\">\n<th>          <span class=\"row-header-label productEan__label\">              EAN<span class=\"row-header-label-colon\">:<\/span>          <\/span>      <\/th>\n<td>          <span class=\"productEan__value\">5902557376674<\/span>      <\/td>\n<\/tr>\n<tr>\n<th>                <span class=\"row-header-label\">                                            Dostupnost<span class=\"row-header-label-colon\">:<\/span>                                    <\/span>            <\/th>\n<td>                                                            Dod\u00e1n\u00ed do 14ti dn\u016f                                                <\/td>\n<\/tr>\n<\/tbody>\n<\/table><\/div>\n<\/p><\/div>\n<\/p><\/div>\n","protected":false},"excerpt":{"rendered":"<p>Detailn\u00ed popis produktu Sprchov\u00fd kout s jednoduch\u00fdm, elegantn\u00edm designem a funk\u010dnost\u00ed na nejvy\u0161\u0161\u00ed \u00farovni. Skv\u011ble vypln\u00ed prostor ka\u017ed\u00e9 koupelny a uspokoj\u00ed i ty nejn\u00e1ro\u010dn\u011bj\u0161\u00ed u\u017eivatele. Tento produkt m\u00e1 povrchovou \u00fapravu Easy Clean, kter\u00e1 usnad\u0148uje \u010di\u0161t\u011bn\u00ed. N\u00e1vod Dopl\u0148kov\u00e9 parametry Kategorie: Z\u00e1ruka: 2 roky Hmotnost: 30 kg EAN: 5902557376674 Dostupnost: Dod\u00e1n\u00ed do 14ti dn\u016f<\/p>\n","protected":false},"featured_media":11014,"comment_status":"open","ping_status":"open","template":"","meta":[],"product_brand":[],"product_cat":[52],"product_tag":[],"class_list":{"0":"post-10914","1":"product","2":"type-product","3":"status-publish","4":"has-post-thumbnail","6":"product_cat-sprchove-kouty","8":"first","9":"instock","10":"sale","11":"shipping-taxable","12":"purchasable","13":"product-type-simple"},"yoast_head":"<!-- This site is optimized with the Yoast SEO plugin v26.8 - https:\/\/yoast.com\/product\/yoast-seo-wordpress\/ -->\n<title>Jen Po Omezenou Doba REA - Sprchov\u00fd kout Hugo 90x90 kart\u00e1\u010dovan\u00e9 zlato REA-K6609 -<\/title>\n<meta name=\"robots\" content=\"index, follow, max-snippet:-1, max-image-preview:large, max-video-preview:-1\" \/>\n<link rel=\"canonical\" href=\"https:\/\/www.technodompro.com\/index.php\/produkt\/jen-po-omezenou-doba-rea-sprchovy-kout-hugo-90x90-kartacovane-zlato-rea-k6609-10914\/\" \/>\n<meta property=\"og:locale\" content=\"cs_CZ\" \/>\n<meta property=\"og:type\" content=\"article\" \/>\n<meta property=\"og:title\" content=\"Jen Po Omezenou Doba REA - Sprchov\u00fd kout Hugo 90x90 kart\u00e1\u010dovan\u00e9 zlato REA-K6609 -\" \/>\n<meta property=\"og:description\" content=\"Detailn\u00ed popis produktu Sprchov\u00fd kout s jednoduch\u00fdm, elegantn\u00edm designem a funk\u010dnost\u00ed na nejvy\u0161\u0161\u00ed \u00farovni. Skv\u011ble vypln\u00ed prostor ka\u017ed\u00e9 koupelny a uspokoj\u00ed i ty nejn\u00e1ro\u010dn\u011bj\u0161\u00ed u\u017eivatele. Tento produkt m\u00e1 povrchovou \u00fapravu Easy Clean, kter\u00e1 usnad\u0148uje \u010di\u0161t\u011bn\u00ed. N\u00e1vod Dopl\u0148kov\u00e9 parametry Kategorie: Z\u00e1ruka: 2 roky Hmotnost: 30 kg EAN: 5902557376674 Dostupnost: Dod\u00e1n\u00ed do 14ti dn\u016f\" \/>\n<meta property=\"og:url\" content=\"https:\/\/www.technodompro.com\/index.php\/produkt\/jen-po-omezenou-doba-rea-sprchovy-kout-hugo-90x90-kartacovane-zlato-rea-k6609-10914\/\" \/>\n<meta property=\"og:image\" content=\"https:\/\/www.technodompro.com\/wp-content\/uploads\/2026\/SK0014815-CZ20260425-092556-0-1777080363-1043625_rea-sprchovy-kout-hugo-90x90-kartacovane-zlato-rea-.webp\" \/>\n\t<meta property=\"og:image:width\" content=\"1000\" \/>\n\t<meta property=\"og:image:height\" content=\"750\" \/>\n\t<meta property=\"og:image:type\" content=\"image\/webp\" \/>\n<meta name=\"twitter:card\" content=\"summary_large_image\" \/>\n<script type=\"application\/ld+json\" class=\"yoast-schema-graph\">{\"@context\":\"https:\/\/schema.org\",\"@graph\":[{\"@type\":\"WebPage\",\"@id\":\"https:\/\/www.technodompro.com\/index.php\/produkt\/jen-po-omezenou-doba-rea-sprchovy-kout-hugo-90x90-kartacovane-zlato-rea-k6609-10914\/\",\"url\":\"https:\/\/www.technodompro.com\/index.php\/produkt\/jen-po-omezenou-doba-rea-sprchovy-kout-hugo-90x90-kartacovane-zlato-rea-k6609-10914\/\",\"name\":\"Jen Po Omezenou Doba REA - Sprchov\u00fd kout Hugo 90x90 kart\u00e1\u010dovan\u00e9 zlato REA-K6609 -\",\"isPartOf\":{\"@id\":\"https:\/\/www.technodompro.com\/#website\"},\"primaryImageOfPage\":{\"@id\":\"https:\/\/www.technodompro.com\/index.php\/produkt\/jen-po-omezenou-doba-rea-sprchovy-kout-hugo-90x90-kartacovane-zlato-rea-k6609-10914\/#primaryimage\"},\"image\":{\"@id\":\"https:\/\/www.technodompro.com\/index.php\/produkt\/jen-po-omezenou-doba-rea-sprchovy-kout-hugo-90x90-kartacovane-zlato-rea-k6609-10914\/#primaryimage\"},\"thumbnailUrl\":\"https:\/\/www.technodompro.com\/wp-content\/uploads\/2026\/SK0014815-CZ20260425-092556-0-1777080363-1043625_rea-sprchovy-kout-hugo-90x90-kartacovane-zlato-rea-.webp\",\"datePublished\":\"2026-04-27T04:40:55+00:00\",\"breadcrumb\":{\"@id\":\"https:\/\/www.technodompro.com\/index.php\/produkt\/jen-po-omezenou-doba-rea-sprchovy-kout-hugo-90x90-kartacovane-zlato-rea-k6609-10914\/#breadcrumb\"},\"inLanguage\":\"cs\",\"potentialAction\":[{\"@type\":\"ReadAction\",\"target\":[\"https:\/\/www.technodompro.com\/index.php\/produkt\/jen-po-omezenou-doba-rea-sprchovy-kout-hugo-90x90-kartacovane-zlato-rea-k6609-10914\/\"]}]},{\"@type\":\"ImageObject\",\"inLanguage\":\"cs\",\"@id\":\"https:\/\/www.technodompro.com\/index.php\/produkt\/jen-po-omezenou-doba-rea-sprchovy-kout-hugo-90x90-kartacovane-zlato-rea-k6609-10914\/#primaryimage\",\"url\":\"https:\/\/www.technodompro.com\/wp-content\/uploads\/2026\/SK0014815-CZ20260425-092556-0-1777080363-1043625_rea-sprchovy-kout-hugo-90x90-kartacovane-zlato-rea-.webp\",\"contentUrl\":\"https:\/\/www.technodompro.com\/wp-content\/uploads\/2026\/SK0014815-CZ20260425-092556-0-1777080363-1043625_rea-sprchovy-kout-hugo-90x90-kartacovane-zlato-rea-.webp\",\"width\":1000,\"height\":750},{\"@type\":\"BreadcrumbList\",\"@id\":\"https:\/\/www.technodompro.com\/index.php\/produkt\/jen-po-omezenou-doba-rea-sprchovy-kout-hugo-90x90-kartacovane-zlato-rea-k6609-10914\/#breadcrumb\",\"itemListElement\":[{\"@type\":\"ListItem\",\"position\":1,\"name\":\"Home\",\"item\":\"https:\/\/www.technodompro.com\/\"},{\"@type\":\"ListItem\",\"position\":2,\"name\":\"Products\",\"item\":\"https:\/\/www.technodompro.com\/index.php\/products\/\"},{\"@type\":\"ListItem\",\"position\":3,\"name\":\"Jen Po Omezenou Doba REA &#8211; Sprchov\u00fd kout Hugo 90&#215;90 kart\u00e1\u010dovan\u00e9 zlato REA-K6609\"}]},{\"@type\":\"WebSite\",\"@id\":\"https:\/\/www.technodompro.com\/#website\",\"url\":\"https:\/\/www.technodompro.com\/\",\"name\":\"\",\"description\":\"\",\"potentialAction\":[{\"@type\":\"SearchAction\",\"target\":{\"@type\":\"EntryPoint\",\"urlTemplate\":\"https:\/\/www.technodompro.com\/?s={search_term_string}\"},\"query-input\":{\"@type\":\"PropertyValueSpecification\",\"valueRequired\":true,\"valueName\":\"search_term_string\"}}],\"inLanguage\":\"cs\"}]}<\/script>\n<!-- \/ Yoast SEO plugin. -->","yoast_head_json":{"title":"Jen Po Omezenou Doba REA - Sprchov\u00fd kout Hugo 90x90 kart\u00e1\u010dovan\u00e9 zlato REA-K6609 -","robots":{"index":"index","follow":"follow","max-snippet":"max-snippet:-1","max-image-preview":"max-image-preview:large","max-video-preview":"max-video-preview:-1"},"canonical":"https:\/\/www.technodompro.com\/index.php\/produkt\/jen-po-omezenou-doba-rea-sprchovy-kout-hugo-90x90-kartacovane-zlato-rea-k6609-10914\/","og_locale":"cs_CZ","og_type":"article","og_title":"Jen Po Omezenou Doba REA - Sprchov\u00fd kout Hugo 90x90 kart\u00e1\u010dovan\u00e9 zlato REA-K6609 -","og_description":"Detailn\u00ed popis produktu Sprchov\u00fd kout s jednoduch\u00fdm, elegantn\u00edm designem a funk\u010dnost\u00ed na nejvy\u0161\u0161\u00ed \u00farovni. Skv\u011ble vypln\u00ed prostor ka\u017ed\u00e9 koupelny a uspokoj\u00ed i ty nejn\u00e1ro\u010dn\u011bj\u0161\u00ed u\u017eivatele. Tento produkt m\u00e1 povrchovou \u00fapravu Easy Clean, kter\u00e1 usnad\u0148uje \u010di\u0161t\u011bn\u00ed. N\u00e1vod Dopl\u0148kov\u00e9 parametry Kategorie: Z\u00e1ruka: 2 roky Hmotnost: 30 kg EAN: 5902557376674 Dostupnost: Dod\u00e1n\u00ed do 14ti dn\u016f","og_url":"https:\/\/www.technodompro.com\/index.php\/produkt\/jen-po-omezenou-doba-rea-sprchovy-kout-hugo-90x90-kartacovane-zlato-rea-k6609-10914\/","og_image":[{"width":1000,"height":750,"url":"https:\/\/www.technodompro.com\/wp-content\/uploads\/2026\/SK0014815-CZ20260425-092556-0-1777080363-1043625_rea-sprchovy-kout-hugo-90x90-kartacovane-zlato-rea-.webp","type":"image\/webp"}],"twitter_card":"summary_large_image","schema":{"@context":"https:\/\/schema.org","@graph":[{"@type":"WebPage","@id":"https:\/\/www.technodompro.com\/index.php\/produkt\/jen-po-omezenou-doba-rea-sprchovy-kout-hugo-90x90-kartacovane-zlato-rea-k6609-10914\/","url":"https:\/\/www.technodompro.com\/index.php\/produkt\/jen-po-omezenou-doba-rea-sprchovy-kout-hugo-90x90-kartacovane-zlato-rea-k6609-10914\/","name":"Jen Po Omezenou Doba REA - Sprchov\u00fd kout Hugo 90x90 kart\u00e1\u010dovan\u00e9 zlato REA-K6609 -","isPartOf":{"@id":"https:\/\/www.technodompro.com\/#website"},"primaryImageOfPage":{"@id":"https:\/\/www.technodompro.com\/index.php\/produkt\/jen-po-omezenou-doba-rea-sprchovy-kout-hugo-90x90-kartacovane-zlato-rea-k6609-10914\/#primaryimage"},"image":{"@id":"https:\/\/www.technodompro.com\/index.php\/produkt\/jen-po-omezenou-doba-rea-sprchovy-kout-hugo-90x90-kartacovane-zlato-rea-k6609-10914\/#primaryimage"},"thumbnailUrl":"https:\/\/www.technodompro.com\/wp-content\/uploads\/2026\/SK0014815-CZ20260425-092556-0-1777080363-1043625_rea-sprchovy-kout-hugo-90x90-kartacovane-zlato-rea-.webp","datePublished":"2026-04-27T04:40:55+00:00","breadcrumb":{"@id":"https:\/\/www.technodompro.com\/index.php\/produkt\/jen-po-omezenou-doba-rea-sprchovy-kout-hugo-90x90-kartacovane-zlato-rea-k6609-10914\/#breadcrumb"},"inLanguage":"cs","potentialAction":[{"@type":"ReadAction","target":["https:\/\/www.technodompro.com\/index.php\/produkt\/jen-po-omezenou-doba-rea-sprchovy-kout-hugo-90x90-kartacovane-zlato-rea-k6609-10914\/"]}]},{"@type":"ImageObject","inLanguage":"cs","@id":"https:\/\/www.technodompro.com\/index.php\/produkt\/jen-po-omezenou-doba-rea-sprchovy-kout-hugo-90x90-kartacovane-zlato-rea-k6609-10914\/#primaryimage","url":"https:\/\/www.technodompro.com\/wp-content\/uploads\/2026\/SK0014815-CZ20260425-092556-0-1777080363-1043625_rea-sprchovy-kout-hugo-90x90-kartacovane-zlato-rea-.webp","contentUrl":"https:\/\/www.technodompro.com\/wp-content\/uploads\/2026\/SK0014815-CZ20260425-092556-0-1777080363-1043625_rea-sprchovy-kout-hugo-90x90-kartacovane-zlato-rea-.webp","width":1000,"height":750},{"@type":"BreadcrumbList","@id":"https:\/\/www.technodompro.com\/index.php\/produkt\/jen-po-omezenou-doba-rea-sprchovy-kout-hugo-90x90-kartacovane-zlato-rea-k6609-10914\/#breadcrumb","itemListElement":[{"@type":"ListItem","position":1,"name":"Home","item":"https:\/\/www.technodompro.com\/"},{"@type":"ListItem","position":2,"name":"Products","item":"https:\/\/www.technodompro.com\/index.php\/products\/"},{"@type":"ListItem","position":3,"name":"Jen Po Omezenou Doba REA &#8211; Sprchov\u00fd kout Hugo 90&#215;90 kart\u00e1\u010dovan\u00e9 zlato REA-K6609"}]},{"@type":"WebSite","@id":"https:\/\/www.technodompro.com\/#website","url":"https:\/\/www.technodompro.com\/","name":"","description":"","potentialAction":[{"@type":"SearchAction","target":{"@type":"EntryPoint","urlTemplate":"https:\/\/www.technodompro.com\/?s={search_term_string}"},"query-input":{"@type":"PropertyValueSpecification","valueRequired":true,"valueName":"search_term_string"}}],"inLanguage":"cs"}]}},"_links":{"self":[{"href":"https:\/\/www.technodompro.com\/index.php\/wp-json\/wp\/v2\/product\/10914","targetHints":{"allow":["GET"]}}],"collection":[{"href":"https:\/\/www.technodompro.com\/index.php\/wp-json\/wp\/v2\/product"}],"about":[{"href":"https:\/\/www.technodompro.com\/index.php\/wp-json\/wp\/v2\/types\/product"}],"replies":[{"embeddable":true,"href":"https:\/\/www.technodompro.com\/index.php\/wp-json\/wp\/v2\/comments?post=10914"}],"wp:featuredmedia":[{"embeddable":true,"href":"https:\/\/www.technodompro.com\/index.php\/wp-json\/wp\/v2\/media\/11014"}],"wp:attachment":[{"href":"https:\/\/www.technodompro.com\/index.php\/wp-json\/wp\/v2\/media?parent=10914"}],"wp:term":[{"taxonomy":"product_brand","embeddable":true,"href":"https:\/\/www.technodompro.com\/index.php\/wp-json\/wp\/v2\/product_brand?post=10914"},{"taxonomy":"product_cat","embeddable":true,"href":"https:\/\/www.technodompro.com\/index.php\/wp-json\/wp\/v2\/product_cat?post=10914"},{"taxonomy":"product_tag","embeddable":true,"href":"https:\/\/www.technodompro.com\/index.php\/wp-json\/wp\/v2\/product_tag?post=10914"}],"curies":[{"name":"wp","href":"https:\/\/api.w.org\/{rel}","templated":true}]}}