{"id":10916,"date":"2026-04-27T04:40:55","date_gmt":"2026-04-27T04:40:55","guid":{"rendered":""},"modified":"2026-04-27T04:40:55","modified_gmt":"2026-04-27T04:40:55","slug":"kup-ted-rea-sprchovy-kout-fargo-fargo-90x120-zlaty-rea-k6614-10916","status":"publish","type":"product","link":"https:\/\/www.technodompro.com\/index.php\/produkt\/kup-ted-rea-sprchovy-kout-fargo-fargo-90x120-zlaty-rea-k6614-10916\/","title":{"rendered":"Kup Te\u010f REA &#8211; Sprchov\u00fd kout Fargo Fargo 90&#215;120 zlat\u00fd REA-K6614"},"content":{"rendered":"<div class=\"basic-description\">\n<h3>Detailn\u00ed popis produktu<\/h3>\n<p>P\u0159edstavujeme v\u00e1m kr\u00e1snou a extr\u00e9mn\u011b funk\u010dn\u00ed rohovou kabinu Fargo. Jedn\u00e1 se o v\u00fdrobek, kter\u00fd dokonale vypln\u00ed prostor va\u0161\u00ed koupelny p\u0159i zachov\u00e1n\u00ed dokonal\u00e9ho vzhledu a estetiky interi\u00e9ru. Sklo kabiny Fargo je vyrobeno z vysoce kvalitn\u00edho bezpe\u010dnostn\u00edho tvrzen\u00e9ho skla Crystal Clear s laserem pota\u017een\u00fdm povrchem Easy Clean. D\u00edky dokon\u010dovac\u00edm prvk\u016fm v barv\u011b sv\u011btl\u00e9ho zlata je n\u00e1\u0161 v\u00fdrobek mimo\u0159\u00e1dn\u011b elegantn\u00ed a z\u00e1rove\u0148 univerz\u00e1ln\u00ed a jist\u011b zapadne do v\u00fdzdoby va\u0161eho pokoje, a\u0165 u\u017e se jedn\u00e1 o koupelnu v modern\u00edm nebo klasick\u00e9m stylu. Kabina m\u00e1 univerz\u00e1ln\u00ed profil, namontovan\u00fd na prav\u00e9 nebo lev\u00e9 stran\u011b. Kabina Fargo n\u00e1m d\u00edky sv\u00e9mu designu d\u00e1v\u00e1 mo\u017enost mont\u00e1\u017ee na sprchovou vani\u010dku r\u016fzn\u00e9 v\u00fd\u0161ky nebo p\u0159\u00edmo na podlahu. Sada obsahuje v\u0161e pot\u0159ebn\u00e9 k sestaven\u00ed kabiny: t\u011bsn\u011bn\u00ed, madlo, panty.N\u00e1vod<\/p>\n<\/p><\/div>\n<div class=\"extended-description\">\n<h3>Dopl\u0148kov\u00e9 parametry<\/h3>\n<table class=\"detail-parameters\">\n<tbody>\n<tr>\n<th>        <span class=\"row-header-label\">            Kategorie<span class=\"row-header-label-colon\">:<\/span>        <\/span>    <\/th>\n<td>            <\/td>\n<\/tr>\n<tr>\n<th>            <span class=\"row-header-label\">                Z\u00e1ruka<span class=\"row-header-label-colon\">:<\/span>            <\/span>        <\/th>\n<td>            2 roky        <\/td>\n<\/tr>\n<tr>\n<th>            <span class=\"row-header-label\">                Hmotnost<span class=\"row-header-label-colon\">:<\/span>            <\/span>        <\/th>\n<td>            30 kg        <\/td>\n<\/tr>\n<tr class=\"productEan\">\n<th>          <span class=\"row-header-label productEan__label\">              EAN<span class=\"row-header-label-colon\">:<\/span>          <\/span>      <\/th>\n<td>          <span class=\"productEan__value\">5902557380961<\/span>      <\/td>\n<\/tr>\n<tr>\n<th>                <span class=\"row-header-label\">                                            Dostupnost<span class=\"row-header-label-colon\">:<\/span>                                    <\/span>            <\/th>\n<td>                                                            Skladem                                                <\/td>\n<\/tr>\n<\/tbody>\n<\/table><\/div>\n<\/p><\/div>\n<\/p><\/div>\n","protected":false},"excerpt":{"rendered":"<p>Detailn\u00ed popis produktu P\u0159edstavujeme v\u00e1m kr\u00e1snou a extr\u00e9mn\u011b funk\u010dn\u00ed rohovou kabinu Fargo. Jedn\u00e1 se o v\u00fdrobek, kter\u00fd dokonale vypln\u00ed prostor va\u0161\u00ed koupelny p\u0159i zachov\u00e1n\u00ed dokonal\u00e9ho vzhledu a estetiky interi\u00e9ru. Sklo kabiny Fargo je vyrobeno z vysoce kvalitn\u00edho bezpe\u010dnostn\u00edho tvrzen\u00e9ho skla Crystal Clear s laserem pota\u017een\u00fdm povrchem Easy Clean. D\u00edky dokon\u010dovac\u00edm prvk\u016fm v barv\u011b sv\u011btl\u00e9ho zlata [&hellip;]<\/p>\n","protected":false},"featured_media":11016,"comment_status":"open","ping_status":"open","template":"","meta":[],"product_brand":[],"product_cat":[52],"product_tag":[],"class_list":{"0":"post-10916","1":"product","2":"type-product","3":"status-publish","4":"has-post-thumbnail","6":"product_cat-sprchove-kouty","8":"first","9":"instock","10":"sale","11":"shipping-taxable","12":"purchasable","13":"product-type-simple"},"yoast_head":"<!-- This site is optimized with the Yoast SEO plugin v26.8 - https:\/\/yoast.com\/product\/yoast-seo-wordpress\/ -->\n<title>Kup Te\u010f REA - Sprchov\u00fd kout Fargo Fargo 90x120 zlat\u00fd REA-K6614 -<\/title>\n<meta name=\"robots\" content=\"index, follow, max-snippet:-1, max-image-preview:large, max-video-preview:-1\" \/>\n<link rel=\"canonical\" href=\"https:\/\/www.technodompro.com\/index.php\/produkt\/kup-ted-rea-sprchovy-kout-fargo-fargo-90x120-zlaty-rea-k6614-10916\/\" \/>\n<meta property=\"og:locale\" content=\"cs_CZ\" \/>\n<meta property=\"og:type\" content=\"article\" \/>\n<meta property=\"og:title\" content=\"Kup Te\u010f REA - Sprchov\u00fd kout Fargo Fargo 90x120 zlat\u00fd REA-K6614 -\" \/>\n<meta property=\"og:description\" content=\"Detailn\u00ed popis produktu P\u0159edstavujeme v\u00e1m kr\u00e1snou a extr\u00e9mn\u011b funk\u010dn\u00ed rohovou kabinu Fargo. Jedn\u00e1 se o v\u00fdrobek, kter\u00fd dokonale vypln\u00ed prostor va\u0161\u00ed koupelny p\u0159i zachov\u00e1n\u00ed dokonal\u00e9ho vzhledu a estetiky interi\u00e9ru. Sklo kabiny Fargo je vyrobeno z vysoce kvalitn\u00edho bezpe\u010dnostn\u00edho tvrzen\u00e9ho skla Crystal Clear s laserem pota\u017een\u00fdm povrchem Easy Clean. D\u00edky dokon\u010dovac\u00edm prvk\u016fm v barv\u011b sv\u011btl\u00e9ho zlata [&hellip;]\" \/>\n<meta property=\"og:url\" content=\"https:\/\/www.technodompro.com\/index.php\/produkt\/kup-ted-rea-sprchovy-kout-fargo-fargo-90x120-zlaty-rea-k6614-10916\/\" \/>\n<meta property=\"og:image\" content=\"https:\/\/www.technodompro.com\/wp-content\/uploads\/2026\/SK0014817-CZ20260425-092556-0-1777080363-1043637_rea-sprchovy-kout-fargo-fargo-90x120-zlaty-rea-k661.webp\" \/>\n\t<meta property=\"og:image:width\" content=\"1000\" \/>\n\t<meta property=\"og:image:height\" content=\"750\" \/>\n\t<meta property=\"og:image:type\" content=\"image\/webp\" \/>\n<meta name=\"twitter:card\" content=\"summary_large_image\" \/>\n<meta name=\"twitter:label1\" content=\"Odhadovan\u00e1 doba \u010dten\u00ed\" \/>\n\t<meta name=\"twitter:data1\" content=\"1 minuta\" \/>\n<script type=\"application\/ld+json\" class=\"yoast-schema-graph\">{\"@context\":\"https:\/\/schema.org\",\"@graph\":[{\"@type\":\"WebPage\",\"@id\":\"https:\/\/www.technodompro.com\/index.php\/produkt\/kup-ted-rea-sprchovy-kout-fargo-fargo-90x120-zlaty-rea-k6614-10916\/\",\"url\":\"https:\/\/www.technodompro.com\/index.php\/produkt\/kup-ted-rea-sprchovy-kout-fargo-fargo-90x120-zlaty-rea-k6614-10916\/\",\"name\":\"Kup Te\u010f REA - Sprchov\u00fd kout Fargo Fargo 90x120 zlat\u00fd REA-K6614 -\",\"isPartOf\":{\"@id\":\"https:\/\/www.technodompro.com\/#website\"},\"primaryImageOfPage\":{\"@id\":\"https:\/\/www.technodompro.com\/index.php\/produkt\/kup-ted-rea-sprchovy-kout-fargo-fargo-90x120-zlaty-rea-k6614-10916\/#primaryimage\"},\"image\":{\"@id\":\"https:\/\/www.technodompro.com\/index.php\/produkt\/kup-ted-rea-sprchovy-kout-fargo-fargo-90x120-zlaty-rea-k6614-10916\/#primaryimage\"},\"thumbnailUrl\":\"https:\/\/www.technodompro.com\/wp-content\/uploads\/2026\/SK0014817-CZ20260425-092556-0-1777080363-1043637_rea-sprchovy-kout-fargo-fargo-90x120-zlaty-rea-k661.webp\",\"datePublished\":\"2026-04-27T04:40:55+00:00\",\"breadcrumb\":{\"@id\":\"https:\/\/www.technodompro.com\/index.php\/produkt\/kup-ted-rea-sprchovy-kout-fargo-fargo-90x120-zlaty-rea-k6614-10916\/#breadcrumb\"},\"inLanguage\":\"cs\",\"potentialAction\":[{\"@type\":\"ReadAction\",\"target\":[\"https:\/\/www.technodompro.com\/index.php\/produkt\/kup-ted-rea-sprchovy-kout-fargo-fargo-90x120-zlaty-rea-k6614-10916\/\"]}]},{\"@type\":\"ImageObject\",\"inLanguage\":\"cs\",\"@id\":\"https:\/\/www.technodompro.com\/index.php\/produkt\/kup-ted-rea-sprchovy-kout-fargo-fargo-90x120-zlaty-rea-k6614-10916\/#primaryimage\",\"url\":\"https:\/\/www.technodompro.com\/wp-content\/uploads\/2026\/SK0014817-CZ20260425-092556-0-1777080363-1043637_rea-sprchovy-kout-fargo-fargo-90x120-zlaty-rea-k661.webp\",\"contentUrl\":\"https:\/\/www.technodompro.com\/wp-content\/uploads\/2026\/SK0014817-CZ20260425-092556-0-1777080363-1043637_rea-sprchovy-kout-fargo-fargo-90x120-zlaty-rea-k661.webp\",\"width\":1000,\"height\":750},{\"@type\":\"BreadcrumbList\",\"@id\":\"https:\/\/www.technodompro.com\/index.php\/produkt\/kup-ted-rea-sprchovy-kout-fargo-fargo-90x120-zlaty-rea-k6614-10916\/#breadcrumb\",\"itemListElement\":[{\"@type\":\"ListItem\",\"position\":1,\"name\":\"Home\",\"item\":\"https:\/\/www.technodompro.com\/\"},{\"@type\":\"ListItem\",\"position\":2,\"name\":\"Products\",\"item\":\"https:\/\/www.technodompro.com\/index.php\/products\/\"},{\"@type\":\"ListItem\",\"position\":3,\"name\":\"Kup Te\u010f REA &#8211; Sprchov\u00fd kout Fargo Fargo 90&#215;120 zlat\u00fd REA-K6614\"}]},{\"@type\":\"WebSite\",\"@id\":\"https:\/\/www.technodompro.com\/#website\",\"url\":\"https:\/\/www.technodompro.com\/\",\"name\":\"\",\"description\":\"\",\"potentialAction\":[{\"@type\":\"SearchAction\",\"target\":{\"@type\":\"EntryPoint\",\"urlTemplate\":\"https:\/\/www.technodompro.com\/?s={search_term_string}\"},\"query-input\":{\"@type\":\"PropertyValueSpecification\",\"valueRequired\":true,\"valueName\":\"search_term_string\"}}],\"inLanguage\":\"cs\"}]}<\/script>\n<!-- \/ Yoast SEO plugin. -->","yoast_head_json":{"title":"Kup Te\u010f REA - Sprchov\u00fd kout Fargo Fargo 90x120 zlat\u00fd REA-K6614 -","robots":{"index":"index","follow":"follow","max-snippet":"max-snippet:-1","max-image-preview":"max-image-preview:large","max-video-preview":"max-video-preview:-1"},"canonical":"https:\/\/www.technodompro.com\/index.php\/produkt\/kup-ted-rea-sprchovy-kout-fargo-fargo-90x120-zlaty-rea-k6614-10916\/","og_locale":"cs_CZ","og_type":"article","og_title":"Kup Te\u010f REA - Sprchov\u00fd kout Fargo Fargo 90x120 zlat\u00fd REA-K6614 -","og_description":"Detailn\u00ed popis produktu P\u0159edstavujeme v\u00e1m kr\u00e1snou a extr\u00e9mn\u011b funk\u010dn\u00ed rohovou kabinu Fargo. Jedn\u00e1 se o v\u00fdrobek, kter\u00fd dokonale vypln\u00ed prostor va\u0161\u00ed koupelny p\u0159i zachov\u00e1n\u00ed dokonal\u00e9ho vzhledu a estetiky interi\u00e9ru. Sklo kabiny Fargo je vyrobeno z vysoce kvalitn\u00edho bezpe\u010dnostn\u00edho tvrzen\u00e9ho skla Crystal Clear s laserem pota\u017een\u00fdm povrchem Easy Clean. D\u00edky dokon\u010dovac\u00edm prvk\u016fm v barv\u011b sv\u011btl\u00e9ho zlata [&hellip;]","og_url":"https:\/\/www.technodompro.com\/index.php\/produkt\/kup-ted-rea-sprchovy-kout-fargo-fargo-90x120-zlaty-rea-k6614-10916\/","og_image":[{"width":1000,"height":750,"url":"https:\/\/www.technodompro.com\/wp-content\/uploads\/2026\/SK0014817-CZ20260425-092556-0-1777080363-1043637_rea-sprchovy-kout-fargo-fargo-90x120-zlaty-rea-k661.webp","type":"image\/webp"}],"twitter_card":"summary_large_image","twitter_misc":{"Odhadovan\u00e1 doba \u010dten\u00ed":"1 minuta"},"schema":{"@context":"https:\/\/schema.org","@graph":[{"@type":"WebPage","@id":"https:\/\/www.technodompro.com\/index.php\/produkt\/kup-ted-rea-sprchovy-kout-fargo-fargo-90x120-zlaty-rea-k6614-10916\/","url":"https:\/\/www.technodompro.com\/index.php\/produkt\/kup-ted-rea-sprchovy-kout-fargo-fargo-90x120-zlaty-rea-k6614-10916\/","name":"Kup Te\u010f REA - Sprchov\u00fd kout Fargo Fargo 90x120 zlat\u00fd REA-K6614 -","isPartOf":{"@id":"https:\/\/www.technodompro.com\/#website"},"primaryImageOfPage":{"@id":"https:\/\/www.technodompro.com\/index.php\/produkt\/kup-ted-rea-sprchovy-kout-fargo-fargo-90x120-zlaty-rea-k6614-10916\/#primaryimage"},"image":{"@id":"https:\/\/www.technodompro.com\/index.php\/produkt\/kup-ted-rea-sprchovy-kout-fargo-fargo-90x120-zlaty-rea-k6614-10916\/#primaryimage"},"thumbnailUrl":"https:\/\/www.technodompro.com\/wp-content\/uploads\/2026\/SK0014817-CZ20260425-092556-0-1777080363-1043637_rea-sprchovy-kout-fargo-fargo-90x120-zlaty-rea-k661.webp","datePublished":"2026-04-27T04:40:55+00:00","breadcrumb":{"@id":"https:\/\/www.technodompro.com\/index.php\/produkt\/kup-ted-rea-sprchovy-kout-fargo-fargo-90x120-zlaty-rea-k6614-10916\/#breadcrumb"},"inLanguage":"cs","potentialAction":[{"@type":"ReadAction","target":["https:\/\/www.technodompro.com\/index.php\/produkt\/kup-ted-rea-sprchovy-kout-fargo-fargo-90x120-zlaty-rea-k6614-10916\/"]}]},{"@type":"ImageObject","inLanguage":"cs","@id":"https:\/\/www.technodompro.com\/index.php\/produkt\/kup-ted-rea-sprchovy-kout-fargo-fargo-90x120-zlaty-rea-k6614-10916\/#primaryimage","url":"https:\/\/www.technodompro.com\/wp-content\/uploads\/2026\/SK0014817-CZ20260425-092556-0-1777080363-1043637_rea-sprchovy-kout-fargo-fargo-90x120-zlaty-rea-k661.webp","contentUrl":"https:\/\/www.technodompro.com\/wp-content\/uploads\/2026\/SK0014817-CZ20260425-092556-0-1777080363-1043637_rea-sprchovy-kout-fargo-fargo-90x120-zlaty-rea-k661.webp","width":1000,"height":750},{"@type":"BreadcrumbList","@id":"https:\/\/www.technodompro.com\/index.php\/produkt\/kup-ted-rea-sprchovy-kout-fargo-fargo-90x120-zlaty-rea-k6614-10916\/#breadcrumb","itemListElement":[{"@type":"ListItem","position":1,"name":"Home","item":"https:\/\/www.technodompro.com\/"},{"@type":"ListItem","position":2,"name":"Products","item":"https:\/\/www.technodompro.com\/index.php\/products\/"},{"@type":"ListItem","position":3,"name":"Kup Te\u010f REA &#8211; Sprchov\u00fd kout Fargo Fargo 90&#215;120 zlat\u00fd REA-K6614"}]},{"@type":"WebSite","@id":"https:\/\/www.technodompro.com\/#website","url":"https:\/\/www.technodompro.com\/","name":"","description":"","potentialAction":[{"@type":"SearchAction","target":{"@type":"EntryPoint","urlTemplate":"https:\/\/www.technodompro.com\/?s={search_term_string}"},"query-input":{"@type":"PropertyValueSpecification","valueRequired":true,"valueName":"search_term_string"}}],"inLanguage":"cs"}]}},"_links":{"self":[{"href":"https:\/\/www.technodompro.com\/index.php\/wp-json\/wp\/v2\/product\/10916","targetHints":{"allow":["GET"]}}],"collection":[{"href":"https:\/\/www.technodompro.com\/index.php\/wp-json\/wp\/v2\/product"}],"about":[{"href":"https:\/\/www.technodompro.com\/index.php\/wp-json\/wp\/v2\/types\/product"}],"replies":[{"embeddable":true,"href":"https:\/\/www.technodompro.com\/index.php\/wp-json\/wp\/v2\/comments?post=10916"}],"wp:featuredmedia":[{"embeddable":true,"href":"https:\/\/www.technodompro.com\/index.php\/wp-json\/wp\/v2\/media\/11016"}],"wp:attachment":[{"href":"https:\/\/www.technodompro.com\/index.php\/wp-json\/wp\/v2\/media?parent=10916"}],"wp:term":[{"taxonomy":"product_brand","embeddable":true,"href":"https:\/\/www.technodompro.com\/index.php\/wp-json\/wp\/v2\/product_brand?post=10916"},{"taxonomy":"product_cat","embeddable":true,"href":"https:\/\/www.technodompro.com\/index.php\/wp-json\/wp\/v2\/product_cat?post=10916"},{"taxonomy":"product_tag","embeddable":true,"href":"https:\/\/www.technodompro.com\/index.php\/wp-json\/wp\/v2\/product_tag?post=10916"}],"curies":[{"name":"wp","href":"https:\/\/api.w.org\/{rel}","templated":true}]}}