{"id":10979,"date":"2026-04-27T04:40:55","date_gmt":"2026-04-27T04:40:55","guid":{"rendered":""},"modified":"2026-04-27T04:40:55","modified_gmt":"2026-04-27T04:40:55","slug":"deante-kerria-plus-bila-akrylatova-sprchova-vanicka-pulkulata-80-cm-kts-054b-casove-omezene-10979","status":"publish","type":"product","link":"https:\/\/www.technodompro.com\/index.php\/produkt\/deante-kerria-plus-bila-akrylatova-sprchova-vanicka-pulkulata-80-cm-kts-054b-casove-omezene-10979\/","title":{"rendered":"DEANTE &#8211; Kerria plus b\u00edl\u00e1 &#8211; Akryl\u00e1tov\u00e1 sprchov\u00e1 vani\u010dka, p\u016flkulat\u00e1, 80 cm KTS_054B \u010casov\u011b Omezen\u00e9"},"content":{"rendered":"<div class=\"basic-description\">\n<h3>Detailn\u00ed popis produktu<\/h3>\n<p>                                    B\u00edl\u00e1 akryl\u00e1tov\u00e1 sprchov\u00e1 vani\u010dka je vyrobena z nejlep\u0161\u00edch laboratorn\u011b testovan\u00fdch materi\u00e1l\u016f. Vyzna\u010duje se vysokou odolnost\u00ed, zachov\u00e1v\u00e1 si p\u016fvodn\u00ed barvu a lesk. V\u00fdrobek se snadno sestavuje. Udr\u017eet rovn\u00fd povrch v \u010distot\u011b tak\u00e9 nen\u00ed t\u011b\u017ek\u00e9. Nespornou v\u00fdhodou akryl\u00e1tov\u00e9 sprchov\u00e9 vani\u010dky je fakt, \u017ee se rychle zah\u0159eje, co\u017e se prom\u00edt\u00e1 do komfortu pou\u017e\u00edv\u00e1n\u00ed. Sta\u010d\u00ed chvilka st\u0159\u00edk\u00e1n\u00ed a \u0161lapete nohama na p\u0159\u00edjemn\u011b tepl\u00fd povrch. P\u016flkulat\u00fd tvar, kter\u00fd je ide\u00e1ln\u00ed do men\u0161\u00edch koupelen. Rozm\u011br 80 x 80 cm.<\/p>\n<ul>\n<li> Odoln\u00fd akrylov\u00fd materi\u00e1l, kter\u00fd si zachov\u00e1v\u00e1 lesk a barvu<\/li>\n<li> K instalaci na \u00farovni podlahy, p\u0159\u00edmo na pot\u011br nebo podep\u0159en\u00ed stavebn\u00edm materi\u00e1lem<\/li>\n<li> Technologie SOLID PLUS &#8211; kompozitn\u00ed v\u00fdpl\u0148, mo\u017enost \u0159ez\u00e1n\u00ed sprchov\u00e9 vani\u010dky v oblasti vyzna\u010den\u00e9 na v\u00fdkresu<\/li>\n<li> Sprchovou vani\u010dku Kerria Plus lze na\u0159ezat na m\u00edru<\/li>\n<li> Pozornost! Sifon NHC_029C je vhodn\u00fd pro sprchovou vani\u010dku<\/li>\n<li> Nab\u00eddka zahrnuje speci\u00e1ln\u00ed bezpe\u010dn\u00fd prost\u0159edek na \u010di\u0161t\u011bn\u00e9 povrchy<\/li>\n<li> Pouze ty nejlep\u0161\u00ed materi\u00e1ly, jejich\u017e kvalita je potvrzena laboratorn\u00edmi testy<\/li>\n<\/ul><\/div>\n<div class=\"extended-description\">\n<h3>Dopl\u0148kov\u00e9 parametry<\/h3>\n<table class=\"detail-parameters\">\n<tbody>\n<tr>\n<th>        <span class=\"row-header-label\">            Kategorie<span class=\"row-header-label-colon\">:<\/span>        <\/span>    <\/th>\n<td>            <\/td>\n<\/tr>\n<tr>\n<th>            <span class=\"row-header-label\">                Z\u00e1ruka<span class=\"row-header-label-colon\">:<\/span>            <\/span>        <\/th>\n<td>            24        <\/td>\n<\/tr>\n<tr>\n<th>            <span class=\"row-header-label\">                Hmotnost<span class=\"row-header-label-colon\">:<\/span>            <\/span>        <\/th>\n<td>            7.9 kg        <\/td>\n<\/tr>\n<tr class=\"productEan\">\n<th>          <span class=\"row-header-label productEan__label\">              EAN<span class=\"row-header-label-colon\">:<\/span>          <\/span>      <\/th>\n<td>          <span class=\"productEan__value\">5907650809715<\/span>      <\/td>\n<\/tr>\n<tr>\n<th>                <span class=\"row-header-label\">                                            Dostupnost<span class=\"row-header-label-colon\">:<\/span>                                    <\/span>            <\/th>\n<td>                                                            Dod\u00e1n\u00ed do 14ti dn\u016f                                                <\/td>\n<\/tr>\n<\/tbody>\n<\/table><\/div>\n<\/p><\/div>\n<\/p><\/div>\n","protected":false},"excerpt":{"rendered":"<p>Detailn\u00ed popis produktu B\u00edl\u00e1 akryl\u00e1tov\u00e1 sprchov\u00e1 vani\u010dka je vyrobena z nejlep\u0161\u00edch laboratorn\u011b testovan\u00fdch materi\u00e1l\u016f. Vyzna\u010duje se vysokou odolnost\u00ed, zachov\u00e1v\u00e1 si p\u016fvodn\u00ed barvu a lesk. V\u00fdrobek se snadno sestavuje. Udr\u017eet rovn\u00fd povrch v \u010distot\u011b tak\u00e9 nen\u00ed t\u011b\u017ek\u00e9. Nespornou v\u00fdhodou akryl\u00e1tov\u00e9 sprchov\u00e9 vani\u010dky je fakt, \u017ee se rychle zah\u0159eje, co\u017e se prom\u00edt\u00e1 do komfortu pou\u017e\u00edv\u00e1n\u00ed. Sta\u010d\u00ed chvilka [&hellip;]<\/p>\n","protected":false},"featured_media":11079,"comment_status":"open","ping_status":"open","template":"","meta":[],"product_brand":[],"product_cat":[53],"product_tag":[],"class_list":{"0":"post-10979","1":"product","2":"type-product","3":"status-publish","4":"has-post-thumbnail","6":"product_cat-sprchove-vanicky","8":"first","9":"instock","10":"sale","11":"shipping-taxable","12":"purchasable","13":"product-type-simple"},"yoast_head":"<!-- This site is optimized with the Yoast SEO plugin v26.8 - https:\/\/yoast.com\/product\/yoast-seo-wordpress\/ -->\n<title>DEANTE - Kerria plus b\u00edl\u00e1 - Akryl\u00e1tov\u00e1 sprchov\u00e1 vani\u010dka, p\u016flkulat\u00e1, 80 cm KTS_054B \u010casov\u011b Omezen\u00e9 -<\/title>\n<meta name=\"robots\" content=\"index, follow, max-snippet:-1, max-image-preview:large, max-video-preview:-1\" \/>\n<link rel=\"canonical\" href=\"https:\/\/www.technodompro.com\/index.php\/produkt\/deante-kerria-plus-bila-akrylatova-sprchova-vanicka-pulkulata-80-cm-kts-054b-casove-omezene-10979\/\" \/>\n<meta property=\"og:locale\" content=\"cs_CZ\" \/>\n<meta property=\"og:type\" content=\"article\" \/>\n<meta property=\"og:title\" content=\"DEANTE - Kerria plus b\u00edl\u00e1 - Akryl\u00e1tov\u00e1 sprchov\u00e1 vani\u010dka, p\u016flkulat\u00e1, 80 cm KTS_054B \u010casov\u011b Omezen\u00e9 -\" \/>\n<meta property=\"og:description\" content=\"Detailn\u00ed popis produktu B\u00edl\u00e1 akryl\u00e1tov\u00e1 sprchov\u00e1 vani\u010dka je vyrobena z nejlep\u0161\u00edch laboratorn\u011b testovan\u00fdch materi\u00e1l\u016f. Vyzna\u010duje se vysokou odolnost\u00ed, zachov\u00e1v\u00e1 si p\u016fvodn\u00ed barvu a lesk. V\u00fdrobek se snadno sestavuje. Udr\u017eet rovn\u00fd povrch v \u010distot\u011b tak\u00e9 nen\u00ed t\u011b\u017ek\u00e9. Nespornou v\u00fdhodou akryl\u00e1tov\u00e9 sprchov\u00e9 vani\u010dky je fakt, \u017ee se rychle zah\u0159eje, co\u017e se prom\u00edt\u00e1 do komfortu pou\u017e\u00edv\u00e1n\u00ed. Sta\u010d\u00ed chvilka [&hellip;]\" \/>\n<meta property=\"og:url\" content=\"https:\/\/www.technodompro.com\/index.php\/produkt\/deante-kerria-plus-bila-akrylatova-sprchova-vanicka-pulkulata-80-cm-kts-054b-casove-omezene-10979\/\" \/>\n<meta property=\"og:image\" content=\"https:\/\/www.technodompro.com\/wp-content\/uploads\/2026\/SK0014881-CZ20260425-092556-0-1777080363-1049322_deante-kerria-plus-bila-akrylatova-sprchova-vanicka.webp\" \/>\n\t<meta property=\"og:image:width\" content=\"1000\" \/>\n\t<meta property=\"og:image:height\" content=\"750\" \/>\n\t<meta property=\"og:image:type\" content=\"image\/webp\" \/>\n<meta name=\"twitter:card\" content=\"summary_large_image\" \/>\n<meta name=\"twitter:label1\" content=\"Odhadovan\u00e1 doba \u010dten\u00ed\" \/>\n\t<meta name=\"twitter:data1\" content=\"1 minuta\" \/>\n<script type=\"application\/ld+json\" class=\"yoast-schema-graph\">{\"@context\":\"https:\/\/schema.org\",\"@graph\":[{\"@type\":\"WebPage\",\"@id\":\"https:\/\/www.technodompro.com\/index.php\/produkt\/deante-kerria-plus-bila-akrylatova-sprchova-vanicka-pulkulata-80-cm-kts-054b-casove-omezene-10979\/\",\"url\":\"https:\/\/www.technodompro.com\/index.php\/produkt\/deante-kerria-plus-bila-akrylatova-sprchova-vanicka-pulkulata-80-cm-kts-054b-casove-omezene-10979\/\",\"name\":\"DEANTE - Kerria plus b\u00edl\u00e1 - Akryl\u00e1tov\u00e1 sprchov\u00e1 vani\u010dka, p\u016flkulat\u00e1, 80 cm KTS_054B \u010casov\u011b Omezen\u00e9 -\",\"isPartOf\":{\"@id\":\"https:\/\/www.technodompro.com\/#website\"},\"primaryImageOfPage\":{\"@id\":\"https:\/\/www.technodompro.com\/index.php\/produkt\/deante-kerria-plus-bila-akrylatova-sprchova-vanicka-pulkulata-80-cm-kts-054b-casove-omezene-10979\/#primaryimage\"},\"image\":{\"@id\":\"https:\/\/www.technodompro.com\/index.php\/produkt\/deante-kerria-plus-bila-akrylatova-sprchova-vanicka-pulkulata-80-cm-kts-054b-casove-omezene-10979\/#primaryimage\"},\"thumbnailUrl\":\"https:\/\/www.technodompro.com\/wp-content\/uploads\/2026\/SK0014881-CZ20260425-092556-0-1777080363-1049322_deante-kerria-plus-bila-akrylatova-sprchova-vanicka.webp\",\"datePublished\":\"2026-04-27T04:40:55+00:00\",\"breadcrumb\":{\"@id\":\"https:\/\/www.technodompro.com\/index.php\/produkt\/deante-kerria-plus-bila-akrylatova-sprchova-vanicka-pulkulata-80-cm-kts-054b-casove-omezene-10979\/#breadcrumb\"},\"inLanguage\":\"cs\",\"potentialAction\":[{\"@type\":\"ReadAction\",\"target\":[\"https:\/\/www.technodompro.com\/index.php\/produkt\/deante-kerria-plus-bila-akrylatova-sprchova-vanicka-pulkulata-80-cm-kts-054b-casove-omezene-10979\/\"]}]},{\"@type\":\"ImageObject\",\"inLanguage\":\"cs\",\"@id\":\"https:\/\/www.technodompro.com\/index.php\/produkt\/deante-kerria-plus-bila-akrylatova-sprchova-vanicka-pulkulata-80-cm-kts-054b-casove-omezene-10979\/#primaryimage\",\"url\":\"https:\/\/www.technodompro.com\/wp-content\/uploads\/2026\/SK0014881-CZ20260425-092556-0-1777080363-1049322_deante-kerria-plus-bila-akrylatova-sprchova-vanicka.webp\",\"contentUrl\":\"https:\/\/www.technodompro.com\/wp-content\/uploads\/2026\/SK0014881-CZ20260425-092556-0-1777080363-1049322_deante-kerria-plus-bila-akrylatova-sprchova-vanicka.webp\",\"width\":1000,\"height\":750},{\"@type\":\"BreadcrumbList\",\"@id\":\"https:\/\/www.technodompro.com\/index.php\/produkt\/deante-kerria-plus-bila-akrylatova-sprchova-vanicka-pulkulata-80-cm-kts-054b-casove-omezene-10979\/#breadcrumb\",\"itemListElement\":[{\"@type\":\"ListItem\",\"position\":1,\"name\":\"Home\",\"item\":\"https:\/\/www.technodompro.com\/\"},{\"@type\":\"ListItem\",\"position\":2,\"name\":\"Products\",\"item\":\"https:\/\/www.technodompro.com\/index.php\/products\/\"},{\"@type\":\"ListItem\",\"position\":3,\"name\":\"DEANTE &#8211; Kerria plus b\u00edl\u00e1 &#8211; Akryl\u00e1tov\u00e1 sprchov\u00e1 vani\u010dka, p\u016flkulat\u00e1, 80 cm KTS_054B \u010casov\u011b Omezen\u00e9\"}]},{\"@type\":\"WebSite\",\"@id\":\"https:\/\/www.technodompro.com\/#website\",\"url\":\"https:\/\/www.technodompro.com\/\",\"name\":\"\",\"description\":\"\",\"potentialAction\":[{\"@type\":\"SearchAction\",\"target\":{\"@type\":\"EntryPoint\",\"urlTemplate\":\"https:\/\/www.technodompro.com\/?s={search_term_string}\"},\"query-input\":{\"@type\":\"PropertyValueSpecification\",\"valueRequired\":true,\"valueName\":\"search_term_string\"}}],\"inLanguage\":\"cs\"}]}<\/script>\n<!-- \/ Yoast SEO plugin. -->","yoast_head_json":{"title":"DEANTE - Kerria plus b\u00edl\u00e1 - Akryl\u00e1tov\u00e1 sprchov\u00e1 vani\u010dka, p\u016flkulat\u00e1, 80 cm KTS_054B \u010casov\u011b Omezen\u00e9 -","robots":{"index":"index","follow":"follow","max-snippet":"max-snippet:-1","max-image-preview":"max-image-preview:large","max-video-preview":"max-video-preview:-1"},"canonical":"https:\/\/www.technodompro.com\/index.php\/produkt\/deante-kerria-plus-bila-akrylatova-sprchova-vanicka-pulkulata-80-cm-kts-054b-casove-omezene-10979\/","og_locale":"cs_CZ","og_type":"article","og_title":"DEANTE - Kerria plus b\u00edl\u00e1 - Akryl\u00e1tov\u00e1 sprchov\u00e1 vani\u010dka, p\u016flkulat\u00e1, 80 cm KTS_054B \u010casov\u011b Omezen\u00e9 -","og_description":"Detailn\u00ed popis produktu B\u00edl\u00e1 akryl\u00e1tov\u00e1 sprchov\u00e1 vani\u010dka je vyrobena z nejlep\u0161\u00edch laboratorn\u011b testovan\u00fdch materi\u00e1l\u016f. Vyzna\u010duje se vysokou odolnost\u00ed, zachov\u00e1v\u00e1 si p\u016fvodn\u00ed barvu a lesk. V\u00fdrobek se snadno sestavuje. Udr\u017eet rovn\u00fd povrch v \u010distot\u011b tak\u00e9 nen\u00ed t\u011b\u017ek\u00e9. Nespornou v\u00fdhodou akryl\u00e1tov\u00e9 sprchov\u00e9 vani\u010dky je fakt, \u017ee se rychle zah\u0159eje, co\u017e se prom\u00edt\u00e1 do komfortu pou\u017e\u00edv\u00e1n\u00ed. Sta\u010d\u00ed chvilka [&hellip;]","og_url":"https:\/\/www.technodompro.com\/index.php\/produkt\/deante-kerria-plus-bila-akrylatova-sprchova-vanicka-pulkulata-80-cm-kts-054b-casove-omezene-10979\/","og_image":[{"width":1000,"height":750,"url":"https:\/\/www.technodompro.com\/wp-content\/uploads\/2026\/SK0014881-CZ20260425-092556-0-1777080363-1049322_deante-kerria-plus-bila-akrylatova-sprchova-vanicka.webp","type":"image\/webp"}],"twitter_card":"summary_large_image","twitter_misc":{"Odhadovan\u00e1 doba \u010dten\u00ed":"1 minuta"},"schema":{"@context":"https:\/\/schema.org","@graph":[{"@type":"WebPage","@id":"https:\/\/www.technodompro.com\/index.php\/produkt\/deante-kerria-plus-bila-akrylatova-sprchova-vanicka-pulkulata-80-cm-kts-054b-casove-omezene-10979\/","url":"https:\/\/www.technodompro.com\/index.php\/produkt\/deante-kerria-plus-bila-akrylatova-sprchova-vanicka-pulkulata-80-cm-kts-054b-casove-omezene-10979\/","name":"DEANTE - Kerria plus b\u00edl\u00e1 - Akryl\u00e1tov\u00e1 sprchov\u00e1 vani\u010dka, p\u016flkulat\u00e1, 80 cm KTS_054B \u010casov\u011b Omezen\u00e9 -","isPartOf":{"@id":"https:\/\/www.technodompro.com\/#website"},"primaryImageOfPage":{"@id":"https:\/\/www.technodompro.com\/index.php\/produkt\/deante-kerria-plus-bila-akrylatova-sprchova-vanicka-pulkulata-80-cm-kts-054b-casove-omezene-10979\/#primaryimage"},"image":{"@id":"https:\/\/www.technodompro.com\/index.php\/produkt\/deante-kerria-plus-bila-akrylatova-sprchova-vanicka-pulkulata-80-cm-kts-054b-casove-omezene-10979\/#primaryimage"},"thumbnailUrl":"https:\/\/www.technodompro.com\/wp-content\/uploads\/2026\/SK0014881-CZ20260425-092556-0-1777080363-1049322_deante-kerria-plus-bila-akrylatova-sprchova-vanicka.webp","datePublished":"2026-04-27T04:40:55+00:00","breadcrumb":{"@id":"https:\/\/www.technodompro.com\/index.php\/produkt\/deante-kerria-plus-bila-akrylatova-sprchova-vanicka-pulkulata-80-cm-kts-054b-casove-omezene-10979\/#breadcrumb"},"inLanguage":"cs","potentialAction":[{"@type":"ReadAction","target":["https:\/\/www.technodompro.com\/index.php\/produkt\/deante-kerria-plus-bila-akrylatova-sprchova-vanicka-pulkulata-80-cm-kts-054b-casove-omezene-10979\/"]}]},{"@type":"ImageObject","inLanguage":"cs","@id":"https:\/\/www.technodompro.com\/index.php\/produkt\/deante-kerria-plus-bila-akrylatova-sprchova-vanicka-pulkulata-80-cm-kts-054b-casove-omezene-10979\/#primaryimage","url":"https:\/\/www.technodompro.com\/wp-content\/uploads\/2026\/SK0014881-CZ20260425-092556-0-1777080363-1049322_deante-kerria-plus-bila-akrylatova-sprchova-vanicka.webp","contentUrl":"https:\/\/www.technodompro.com\/wp-content\/uploads\/2026\/SK0014881-CZ20260425-092556-0-1777080363-1049322_deante-kerria-plus-bila-akrylatova-sprchova-vanicka.webp","width":1000,"height":750},{"@type":"BreadcrumbList","@id":"https:\/\/www.technodompro.com\/index.php\/produkt\/deante-kerria-plus-bila-akrylatova-sprchova-vanicka-pulkulata-80-cm-kts-054b-casove-omezene-10979\/#breadcrumb","itemListElement":[{"@type":"ListItem","position":1,"name":"Home","item":"https:\/\/www.technodompro.com\/"},{"@type":"ListItem","position":2,"name":"Products","item":"https:\/\/www.technodompro.com\/index.php\/products\/"},{"@type":"ListItem","position":3,"name":"DEANTE &#8211; Kerria plus b\u00edl\u00e1 &#8211; Akryl\u00e1tov\u00e1 sprchov\u00e1 vani\u010dka, p\u016flkulat\u00e1, 80 cm KTS_054B \u010casov\u011b Omezen\u00e9"}]},{"@type":"WebSite","@id":"https:\/\/www.technodompro.com\/#website","url":"https:\/\/www.technodompro.com\/","name":"","description":"","potentialAction":[{"@type":"SearchAction","target":{"@type":"EntryPoint","urlTemplate":"https:\/\/www.technodompro.com\/?s={search_term_string}"},"query-input":{"@type":"PropertyValueSpecification","valueRequired":true,"valueName":"search_term_string"}}],"inLanguage":"cs"}]}},"_links":{"self":[{"href":"https:\/\/www.technodompro.com\/index.php\/wp-json\/wp\/v2\/product\/10979","targetHints":{"allow":["GET"]}}],"collection":[{"href":"https:\/\/www.technodompro.com\/index.php\/wp-json\/wp\/v2\/product"}],"about":[{"href":"https:\/\/www.technodompro.com\/index.php\/wp-json\/wp\/v2\/types\/product"}],"replies":[{"embeddable":true,"href":"https:\/\/www.technodompro.com\/index.php\/wp-json\/wp\/v2\/comments?post=10979"}],"wp:featuredmedia":[{"embeddable":true,"href":"https:\/\/www.technodompro.com\/index.php\/wp-json\/wp\/v2\/media\/11079"}],"wp:attachment":[{"href":"https:\/\/www.technodompro.com\/index.php\/wp-json\/wp\/v2\/media?parent=10979"}],"wp:term":[{"taxonomy":"product_brand","embeddable":true,"href":"https:\/\/www.technodompro.com\/index.php\/wp-json\/wp\/v2\/product_brand?post=10979"},{"taxonomy":"product_cat","embeddable":true,"href":"https:\/\/www.technodompro.com\/index.php\/wp-json\/wp\/v2\/product_cat?post=10979"},{"taxonomy":"product_tag","embeddable":true,"href":"https:\/\/www.technodompro.com\/index.php\/wp-json\/wp\/v2\/product_tag?post=10979"}],"curies":[{"name":"wp","href":"https:\/\/api.w.org\/{rel}","templated":true}]}}