{"id":11096,"date":"2026-04-27T04:40:56","date_gmt":"2026-04-27T04:40:56","guid":{"rendered":""},"modified":"2026-04-27T04:40:56","modified_gmt":"2026-04-27T04:40:56","slug":"deante-tess-bila-keramicke-umyvadlo-na-desku-60x40-cm-cds-6u6s-rychle-dodani-11096","status":"publish","type":"product","link":"https:\/\/www.technodompro.com\/index.php\/produkt\/deante-tess-bila-keramicke-umyvadlo-na-desku-60x40-cm-cds-6u6s-rychle-dodani-11096\/","title":{"rendered":"DEANTE &#8211; Tess b\u00edl\u00e1 &#8211; Keramick\u00e9 umyvadlo na desku &#8211; 60&#215;40 cm CDS_6U6S Rychl\u00e9 Dod\u00e1n\u00ed"},"content":{"rendered":"<div class=\"basic-description\">\n<h3>Detailn\u00ed popis produktu<\/h3>\n<p>Keramick\u00e9 umyvadlo Deante je vyrobeno z vysoce kvalitn\u00edho materi\u00e1lu a b\u011bhem v\u00fdrobn\u00edho procesu n\u011bkolikr\u00e1t pro\u0161lo p\u0159\u00edsn\u00fdmi testy kvality. D\u00edky tomu je velmi odoln\u00fd a odoln\u00fd, nebarv\u00ed se a bude dlouho slou\u017eit. Funk\u010dn\u00ed a estetick\u00fd design z n\u011bj d\u011bl\u00e1 perfektn\u00ed dopln\u011bk do modern\u00edch i tradi\u010dn\u00edch koupelen. Umyvadlo na desku lze um\u00edstit p\u0159\u00edmo na desku. Velmi dob\u0159e se hod\u00ed ke stol\u016fm ze d\u0159eva, kamene nebo oceli. Rozm\u011br 60&#215;40 cm.<\/p>\n<ul>\n<li>Tvrd\u00e1 a odoln\u00e1 keramika, neztr\u00e1c\u00ed sv\u00e9 vlastnosti po dlouh\u00e9m pou\u017e\u00edv\u00e1n\u00ed<\/li>\n<li>Antibakteri\u00e1ln\u00ed povlak, zabra\u0148uj\u00edc\u00ed r\u016fstu mikroorganism\u016f<\/li>\n<li>Nab\u00eddka zahrnuje speci\u00e1ln\u00ed bezpe\u010dn\u00fd prost\u0159edek na \u010di\u0161t\u011bn\u00e9 povrchy<\/li>\n<li>Pouze ty nejlep\u0161\u00ed materi\u00e1ly, jejich\u017e kvalita je potvrzena laboratorn\u00edmi testy<\/li>\n<\/ul><\/div>\n<div class=\"extended-description\">\n<h3>Dopl\u0148kov\u00e9 parametry<\/h3>\n<table class=\"detail-parameters\">\n<tbody>\n<tr>\n<th>        <span class=\"row-header-label\">            Kategorie<span class=\"row-header-label-colon\">:<\/span>        <\/span>    <\/th>\n<td>            <\/td>\n<\/tr>\n<tr>\n<th>            <span class=\"row-header-label\">                Z\u00e1ruka<span class=\"row-header-label-colon\">:<\/span>            <\/span>        <\/th>\n<td>            2 roky        <\/td>\n<\/tr>\n<tr>\n<th>            <span class=\"row-header-label\">                Hmotnost<span class=\"row-header-label-colon\">:<\/span>            <\/span>        <\/th>\n<td>            8 kg        <\/td>\n<\/tr>\n<tr class=\"productEan\">\n<th>          <span class=\"row-header-label productEan__label\">              EAN<span class=\"row-header-label-colon\">:<\/span>          <\/span>      <\/th>\n<td>          <span class=\"productEan__value\">5908212061893<\/span>      <\/td>\n<\/tr>\n<tr>\n<th>                <span class=\"row-header-label\">                                            Dostupnost<span class=\"row-header-label-colon\">:<\/span>                                    <\/span>            <\/th>\n<td>                                                            Skladem                                                <\/td>\n<\/tr>\n<\/tbody>\n<\/table><\/div>\n<\/p><\/div>\n<\/p><\/div>\n","protected":false},"excerpt":{"rendered":"<p>Detailn\u00ed popis produktu Keramick\u00e9 umyvadlo Deante je vyrobeno z vysoce kvalitn\u00edho materi\u00e1lu a b\u011bhem v\u00fdrobn\u00edho procesu n\u011bkolikr\u00e1t pro\u0161lo p\u0159\u00edsn\u00fdmi testy kvality. D\u00edky tomu je velmi odoln\u00fd a odoln\u00fd, nebarv\u00ed se a bude dlouho slou\u017eit. Funk\u010dn\u00ed a estetick\u00fd design z n\u011bj d\u011bl\u00e1 perfektn\u00ed dopln\u011bk do modern\u00edch i tradi\u010dn\u00edch koupelen. Umyvadlo na desku lze um\u00edstit p\u0159\u00edmo na [&hellip;]<\/p>\n","protected":false},"featured_media":11196,"comment_status":"open","ping_status":"open","template":"","meta":[],"product_brand":[],"product_cat":[50],"product_tag":[],"class_list":{"0":"post-11096","1":"product","2":"type-product","3":"status-publish","4":"has-post-thumbnail","6":"product_cat-umyvadla","8":"first","9":"instock","10":"sale","11":"shipping-taxable","12":"purchasable","13":"product-type-simple"},"yoast_head":"<!-- This site is optimized with the Yoast SEO plugin v26.8 - https:\/\/yoast.com\/product\/yoast-seo-wordpress\/ -->\n<title>DEANTE - Tess b\u00edl\u00e1 - Keramick\u00e9 umyvadlo na desku - 60x40 cm CDS_6U6S Rychl\u00e9 Dod\u00e1n\u00ed -<\/title>\n<meta name=\"robots\" content=\"index, follow, max-snippet:-1, max-image-preview:large, max-video-preview:-1\" \/>\n<link rel=\"canonical\" href=\"https:\/\/www.technodompro.com\/index.php\/produkt\/deante-tess-bila-keramicke-umyvadlo-na-desku-60x40-cm-cds-6u6s-rychle-dodani-11096\/\" \/>\n<meta property=\"og:locale\" content=\"cs_CZ\" \/>\n<meta property=\"og:type\" content=\"article\" \/>\n<meta property=\"og:title\" content=\"DEANTE - Tess b\u00edl\u00e1 - Keramick\u00e9 umyvadlo na desku - 60x40 cm CDS_6U6S Rychl\u00e9 Dod\u00e1n\u00ed -\" \/>\n<meta property=\"og:description\" content=\"Detailn\u00ed popis produktu Keramick\u00e9 umyvadlo Deante je vyrobeno z vysoce kvalitn\u00edho materi\u00e1lu a b\u011bhem v\u00fdrobn\u00edho procesu n\u011bkolikr\u00e1t pro\u0161lo p\u0159\u00edsn\u00fdmi testy kvality. D\u00edky tomu je velmi odoln\u00fd a odoln\u00fd, nebarv\u00ed se a bude dlouho slou\u017eit. Funk\u010dn\u00ed a estetick\u00fd design z n\u011bj d\u011bl\u00e1 perfektn\u00ed dopln\u011bk do modern\u00edch i tradi\u010dn\u00edch koupelen. Umyvadlo na desku lze um\u00edstit p\u0159\u00edmo na [&hellip;]\" \/>\n<meta property=\"og:url\" content=\"https:\/\/www.technodompro.com\/index.php\/produkt\/deante-tess-bila-keramicke-umyvadlo-na-desku-60x40-cm-cds-6u6s-rychle-dodani-11096\/\" \/>\n<meta property=\"og:image\" content=\"https:\/\/www.technodompro.com\/wp-content\/uploads\/2026\/SK0014900-CZ20260425-092556-0-1777080363-1050213_deante-tess-bila-keramicke-umyvadlo-na-desku-60x40-.webp\" \/>\n\t<meta property=\"og:image:width\" content=\"1000\" \/>\n\t<meta property=\"og:image:height\" content=\"750\" \/>\n\t<meta property=\"og:image:type\" content=\"image\/webp\" \/>\n<meta name=\"twitter:card\" content=\"summary_large_image\" \/>\n<meta name=\"twitter:label1\" content=\"Odhadovan\u00e1 doba \u010dten\u00ed\" \/>\n\t<meta name=\"twitter:data1\" content=\"1 minuta\" \/>\n<script type=\"application\/ld+json\" class=\"yoast-schema-graph\">{\"@context\":\"https:\/\/schema.org\",\"@graph\":[{\"@type\":\"WebPage\",\"@id\":\"https:\/\/www.technodompro.com\/index.php\/produkt\/deante-tess-bila-keramicke-umyvadlo-na-desku-60x40-cm-cds-6u6s-rychle-dodani-11096\/\",\"url\":\"https:\/\/www.technodompro.com\/index.php\/produkt\/deante-tess-bila-keramicke-umyvadlo-na-desku-60x40-cm-cds-6u6s-rychle-dodani-11096\/\",\"name\":\"DEANTE - Tess b\u00edl\u00e1 - Keramick\u00e9 umyvadlo na desku - 60x40 cm CDS_6U6S Rychl\u00e9 Dod\u00e1n\u00ed -\",\"isPartOf\":{\"@id\":\"https:\/\/www.technodompro.com\/#website\"},\"primaryImageOfPage\":{\"@id\":\"https:\/\/www.technodompro.com\/index.php\/produkt\/deante-tess-bila-keramicke-umyvadlo-na-desku-60x40-cm-cds-6u6s-rychle-dodani-11096\/#primaryimage\"},\"image\":{\"@id\":\"https:\/\/www.technodompro.com\/index.php\/produkt\/deante-tess-bila-keramicke-umyvadlo-na-desku-60x40-cm-cds-6u6s-rychle-dodani-11096\/#primaryimage\"},\"thumbnailUrl\":\"https:\/\/www.technodompro.com\/wp-content\/uploads\/2026\/SK0014900-CZ20260425-092556-0-1777080363-1050213_deante-tess-bila-keramicke-umyvadlo-na-desku-60x40-.webp\",\"datePublished\":\"2026-04-27T04:40:56+00:00\",\"breadcrumb\":{\"@id\":\"https:\/\/www.technodompro.com\/index.php\/produkt\/deante-tess-bila-keramicke-umyvadlo-na-desku-60x40-cm-cds-6u6s-rychle-dodani-11096\/#breadcrumb\"},\"inLanguage\":\"cs\",\"potentialAction\":[{\"@type\":\"ReadAction\",\"target\":[\"https:\/\/www.technodompro.com\/index.php\/produkt\/deante-tess-bila-keramicke-umyvadlo-na-desku-60x40-cm-cds-6u6s-rychle-dodani-11096\/\"]}]},{\"@type\":\"ImageObject\",\"inLanguage\":\"cs\",\"@id\":\"https:\/\/www.technodompro.com\/index.php\/produkt\/deante-tess-bila-keramicke-umyvadlo-na-desku-60x40-cm-cds-6u6s-rychle-dodani-11096\/#primaryimage\",\"url\":\"https:\/\/www.technodompro.com\/wp-content\/uploads\/2026\/SK0014900-CZ20260425-092556-0-1777080363-1050213_deante-tess-bila-keramicke-umyvadlo-na-desku-60x40-.webp\",\"contentUrl\":\"https:\/\/www.technodompro.com\/wp-content\/uploads\/2026\/SK0014900-CZ20260425-092556-0-1777080363-1050213_deante-tess-bila-keramicke-umyvadlo-na-desku-60x40-.webp\",\"width\":1000,\"height\":750},{\"@type\":\"BreadcrumbList\",\"@id\":\"https:\/\/www.technodompro.com\/index.php\/produkt\/deante-tess-bila-keramicke-umyvadlo-na-desku-60x40-cm-cds-6u6s-rychle-dodani-11096\/#breadcrumb\",\"itemListElement\":[{\"@type\":\"ListItem\",\"position\":1,\"name\":\"Home\",\"item\":\"https:\/\/www.technodompro.com\/\"},{\"@type\":\"ListItem\",\"position\":2,\"name\":\"Products\",\"item\":\"https:\/\/www.technodompro.com\/index.php\/products\/\"},{\"@type\":\"ListItem\",\"position\":3,\"name\":\"DEANTE &#8211; Tess b\u00edl\u00e1 &#8211; Keramick\u00e9 umyvadlo na desku &#8211; 60&#215;40 cm CDS_6U6S Rychl\u00e9 Dod\u00e1n\u00ed\"}]},{\"@type\":\"WebSite\",\"@id\":\"https:\/\/www.technodompro.com\/#website\",\"url\":\"https:\/\/www.technodompro.com\/\",\"name\":\"\",\"description\":\"\",\"potentialAction\":[{\"@type\":\"SearchAction\",\"target\":{\"@type\":\"EntryPoint\",\"urlTemplate\":\"https:\/\/www.technodompro.com\/?s={search_term_string}\"},\"query-input\":{\"@type\":\"PropertyValueSpecification\",\"valueRequired\":true,\"valueName\":\"search_term_string\"}}],\"inLanguage\":\"cs\"}]}<\/script>\n<!-- \/ Yoast SEO plugin. -->","yoast_head_json":{"title":"DEANTE - Tess b\u00edl\u00e1 - Keramick\u00e9 umyvadlo na desku - 60x40 cm CDS_6U6S Rychl\u00e9 Dod\u00e1n\u00ed -","robots":{"index":"index","follow":"follow","max-snippet":"max-snippet:-1","max-image-preview":"max-image-preview:large","max-video-preview":"max-video-preview:-1"},"canonical":"https:\/\/www.technodompro.com\/index.php\/produkt\/deante-tess-bila-keramicke-umyvadlo-na-desku-60x40-cm-cds-6u6s-rychle-dodani-11096\/","og_locale":"cs_CZ","og_type":"article","og_title":"DEANTE - Tess b\u00edl\u00e1 - Keramick\u00e9 umyvadlo na desku - 60x40 cm CDS_6U6S Rychl\u00e9 Dod\u00e1n\u00ed -","og_description":"Detailn\u00ed popis produktu Keramick\u00e9 umyvadlo Deante je vyrobeno z vysoce kvalitn\u00edho materi\u00e1lu a b\u011bhem v\u00fdrobn\u00edho procesu n\u011bkolikr\u00e1t pro\u0161lo p\u0159\u00edsn\u00fdmi testy kvality. D\u00edky tomu je velmi odoln\u00fd a odoln\u00fd, nebarv\u00ed se a bude dlouho slou\u017eit. Funk\u010dn\u00ed a estetick\u00fd design z n\u011bj d\u011bl\u00e1 perfektn\u00ed dopln\u011bk do modern\u00edch i tradi\u010dn\u00edch koupelen. Umyvadlo na desku lze um\u00edstit p\u0159\u00edmo na [&hellip;]","og_url":"https:\/\/www.technodompro.com\/index.php\/produkt\/deante-tess-bila-keramicke-umyvadlo-na-desku-60x40-cm-cds-6u6s-rychle-dodani-11096\/","og_image":[{"width":1000,"height":750,"url":"https:\/\/www.technodompro.com\/wp-content\/uploads\/2026\/SK0014900-CZ20260425-092556-0-1777080363-1050213_deante-tess-bila-keramicke-umyvadlo-na-desku-60x40-.webp","type":"image\/webp"}],"twitter_card":"summary_large_image","twitter_misc":{"Odhadovan\u00e1 doba \u010dten\u00ed":"1 minuta"},"schema":{"@context":"https:\/\/schema.org","@graph":[{"@type":"WebPage","@id":"https:\/\/www.technodompro.com\/index.php\/produkt\/deante-tess-bila-keramicke-umyvadlo-na-desku-60x40-cm-cds-6u6s-rychle-dodani-11096\/","url":"https:\/\/www.technodompro.com\/index.php\/produkt\/deante-tess-bila-keramicke-umyvadlo-na-desku-60x40-cm-cds-6u6s-rychle-dodani-11096\/","name":"DEANTE - Tess b\u00edl\u00e1 - Keramick\u00e9 umyvadlo na desku - 60x40 cm CDS_6U6S Rychl\u00e9 Dod\u00e1n\u00ed -","isPartOf":{"@id":"https:\/\/www.technodompro.com\/#website"},"primaryImageOfPage":{"@id":"https:\/\/www.technodompro.com\/index.php\/produkt\/deante-tess-bila-keramicke-umyvadlo-na-desku-60x40-cm-cds-6u6s-rychle-dodani-11096\/#primaryimage"},"image":{"@id":"https:\/\/www.technodompro.com\/index.php\/produkt\/deante-tess-bila-keramicke-umyvadlo-na-desku-60x40-cm-cds-6u6s-rychle-dodani-11096\/#primaryimage"},"thumbnailUrl":"https:\/\/www.technodompro.com\/wp-content\/uploads\/2026\/SK0014900-CZ20260425-092556-0-1777080363-1050213_deante-tess-bila-keramicke-umyvadlo-na-desku-60x40-.webp","datePublished":"2026-04-27T04:40:56+00:00","breadcrumb":{"@id":"https:\/\/www.technodompro.com\/index.php\/produkt\/deante-tess-bila-keramicke-umyvadlo-na-desku-60x40-cm-cds-6u6s-rychle-dodani-11096\/#breadcrumb"},"inLanguage":"cs","potentialAction":[{"@type":"ReadAction","target":["https:\/\/www.technodompro.com\/index.php\/produkt\/deante-tess-bila-keramicke-umyvadlo-na-desku-60x40-cm-cds-6u6s-rychle-dodani-11096\/"]}]},{"@type":"ImageObject","inLanguage":"cs","@id":"https:\/\/www.technodompro.com\/index.php\/produkt\/deante-tess-bila-keramicke-umyvadlo-na-desku-60x40-cm-cds-6u6s-rychle-dodani-11096\/#primaryimage","url":"https:\/\/www.technodompro.com\/wp-content\/uploads\/2026\/SK0014900-CZ20260425-092556-0-1777080363-1050213_deante-tess-bila-keramicke-umyvadlo-na-desku-60x40-.webp","contentUrl":"https:\/\/www.technodompro.com\/wp-content\/uploads\/2026\/SK0014900-CZ20260425-092556-0-1777080363-1050213_deante-tess-bila-keramicke-umyvadlo-na-desku-60x40-.webp","width":1000,"height":750},{"@type":"BreadcrumbList","@id":"https:\/\/www.technodompro.com\/index.php\/produkt\/deante-tess-bila-keramicke-umyvadlo-na-desku-60x40-cm-cds-6u6s-rychle-dodani-11096\/#breadcrumb","itemListElement":[{"@type":"ListItem","position":1,"name":"Home","item":"https:\/\/www.technodompro.com\/"},{"@type":"ListItem","position":2,"name":"Products","item":"https:\/\/www.technodompro.com\/index.php\/products\/"},{"@type":"ListItem","position":3,"name":"DEANTE &#8211; Tess b\u00edl\u00e1 &#8211; Keramick\u00e9 umyvadlo na desku &#8211; 60&#215;40 cm CDS_6U6S Rychl\u00e9 Dod\u00e1n\u00ed"}]},{"@type":"WebSite","@id":"https:\/\/www.technodompro.com\/#website","url":"https:\/\/www.technodompro.com\/","name":"","description":"","potentialAction":[{"@type":"SearchAction","target":{"@type":"EntryPoint","urlTemplate":"https:\/\/www.technodompro.com\/?s={search_term_string}"},"query-input":{"@type":"PropertyValueSpecification","valueRequired":true,"valueName":"search_term_string"}}],"inLanguage":"cs"}]}},"_links":{"self":[{"href":"https:\/\/www.technodompro.com\/index.php\/wp-json\/wp\/v2\/product\/11096","targetHints":{"allow":["GET"]}}],"collection":[{"href":"https:\/\/www.technodompro.com\/index.php\/wp-json\/wp\/v2\/product"}],"about":[{"href":"https:\/\/www.technodompro.com\/index.php\/wp-json\/wp\/v2\/types\/product"}],"replies":[{"embeddable":true,"href":"https:\/\/www.technodompro.com\/index.php\/wp-json\/wp\/v2\/comments?post=11096"}],"wp:featuredmedia":[{"embeddable":true,"href":"https:\/\/www.technodompro.com\/index.php\/wp-json\/wp\/v2\/media\/11196"}],"wp:attachment":[{"href":"https:\/\/www.technodompro.com\/index.php\/wp-json\/wp\/v2\/media?parent=11096"}],"wp:term":[{"taxonomy":"product_brand","embeddable":true,"href":"https:\/\/www.technodompro.com\/index.php\/wp-json\/wp\/v2\/product_brand?post=11096"},{"taxonomy":"product_cat","embeddable":true,"href":"https:\/\/www.technodompro.com\/index.php\/wp-json\/wp\/v2\/product_cat?post=11096"},{"taxonomy":"product_tag","embeddable":true,"href":"https:\/\/www.technodompro.com\/index.php\/wp-json\/wp\/v2\/product_tag?post=11096"}],"curies":[{"name":"wp","href":"https:\/\/api.w.org\/{rel}","templated":true}]}}