{"id":11098,"date":"2026-04-27T04:40:56","date_gmt":"2026-04-27T04:40:56","guid":{"rendered":""},"modified":"2026-04-27T04:40:56","modified_gmt":"2026-04-27T04:40:56","slug":"deante-andante-seda-metalic-granitovy-drez-2-bowl-s-odkapavacem-zqn-s213-odeslani-ihned-11098","status":"publish","type":"product","link":"https:\/\/www.technodompro.com\/index.php\/produkt\/deante-andante-seda-metalic-granitovy-drez-2-bowl-s-odkapavacem-zqn-s213-odeslani-ihned-11098\/","title":{"rendered":"DEANTE &#8211; Andante \u0161ed\u00e1 metalic &#8211; Granitov\u00fd d\u0159ez, 2 &#8211; bowl s odkap\u00e1va\u010dem ZQN_S213 Odesl\u00e1n\u00ed Ihned"},"content":{"rendered":"<div class=\"basic-description\">\n<h3>Detailn\u00ed popis produktu<\/h3>\n<p>                                    Granitov\u00fd d\u0159ez Deante je vyroben z nejkvalitn\u011bj\u0161\u00edho p\u0159\u00edrodn\u00edho granitov\u00e9ho kompozitu. Existuje d\u016fvod, pro\u010d m\u00e1 18letou z\u00e1ruku v\u00fdrobce. Vyzna\u010duje se odolnost\u00ed proti n\u00e1razu, vysok\u00fdm teplot\u00e1m a rychl\u00fdm zm\u011bn\u00e1m v souladu s evropskou normou PN-EN 13310. Elegantn\u00ed povrch nebledne a neztr\u00e1c\u00ed lesk. Dokonale se hod\u00ed k d\u0159ev\u011bn\u00fdm a kamenn\u00fdm desk\u00e1m. Unik\u00e1tn\u00ed d\u0159ez se 2 m\u00edsami s odkap\u00e1va\u010dem je ur\u010den do prostorn\u011bj\u0161\u00edch kuchyn\u00ed, kde lze p\u0159id\u011blit v\u00edce prostoru mokr\u00e9 z\u00f3n\u011b. K pohodln\u00fdm dv\u011bma komor\u00e1m p\u0159ibyl praktick\u00fd odkap\u00e1va\u010d, kter\u00fd d\u00e1v\u00e1 \u0161irok\u00e9 mo\u017enosti p\u0159i myt\u00ed n\u00e1dob\u00ed a p\u0159\u00edprav\u011b pokrm\u016f. Funguje tak\u00e9 jako su\u0161i\u010dka a profilovan\u00fd povrch \u00fa\u010dinn\u011b odv\u00e1d\u00ed vodu.<\/p>\n<ul>\n<li> Vlastnosti \u017euly Deante: odolnost proti n\u00e1razu, vysok\u00e9 teplot\u011b, zm\u011bn\u011b barvy, tepeln\u00e9mu \u0161oku<\/li>\n<li> Nejdel\u0161\u00ed z\u00e1ruka 18 let<\/li>\n<li> D\u0159ez je vybaven p\u0159\u00edslu\u0161enstv\u00edm s p\u0159ipojen\u00edm na my\u010dku<\/li>\n<li> Kov\u00e1n\u00ed s automatick\u00fdm uz\u00e1v\u011brem odtoku<\/li>\n<li> Hydrofobn\u00ed vlastnosti odpuzuj\u00ed molekuly vody<\/li>\n<li> Povrchov\u00e1 \u00faprava obohacen\u00e1 ionty st\u0159\u00edbra dod\u00e1v\u00e1 antiseptick\u00e9 vlastnosti<\/li>\n<li> Mo\u017enost dokoupen\u00ed h\u00e1\u010dku na houbu, kter\u00fd se k tomuto modelu perfektn\u011b hod\u00ed.<\/li>\n<li> Mo\u017enost dokoupen\u00ed l\u00e1tkov\u00e9 kolejnice, kter\u00e1 se k tomuto modelu perfektn\u011b hod\u00ed<\/li>\n<li> Oboustrann\u00fd d\u0159ez &#8211; instalujte s m\u00edsou vlevo nebo vpravo<\/li>\n<li> Nab\u00eddka zahrnuje speci\u00e1ln\u00ed bezpe\u010dn\u00fd prost\u0159edek na \u010di\u0161t\u011bn\u00e9 povrchy<\/li>\n<li> Prostorov\u011b \u00fasporn\u00fd sifon pro usnadn\u011bn\u00ed nap\u0159. t\u0159\u00edd\u011bn\u00ed odpadu<\/li>\n<\/ul><\/div>\n<div class=\"extended-description\">\n<h3>Dopl\u0148kov\u00e9 parametry<\/h3>\n<table class=\"detail-parameters\">\n<tbody>\n<tr>\n<th>        <span class=\"row-header-label\">            Kategorie<span class=\"row-header-label-colon\">:<\/span>        <\/span>    <\/th>\n<td>            <\/td>\n<\/tr>\n<tr>\n<th>            <span class=\"row-header-label\">                Z\u00e1ruka<span class=\"row-header-label-colon\">:<\/span>            <\/span>        <\/th>\n<td>            2 roky        <\/td>\n<\/tr>\n<tr>\n<th>            <span class=\"row-header-label\">                Hmotnost<span class=\"row-header-label-colon\">:<\/span>            <\/span>        <\/th>\n<td>            15 kg        <\/td>\n<\/tr>\n<tr class=\"productEan\">\n<th>          <span class=\"row-header-label productEan__label\">              EAN<span class=\"row-header-label-colon\">:<\/span>          <\/span>      <\/th>\n<td>          <span class=\"productEan__value\">5908212080382<\/span>      <\/td>\n<\/tr>\n<tr>\n<th>                <span class=\"row-header-label\">                                            Dostupnost<span class=\"row-header-label-colon\">:<\/span>                                    <\/span>            <\/th>\n<td>                                                            Skladem                                                <\/td>\n<\/tr>\n<\/tbody>\n<\/table><\/div>\n<\/p><\/div>\n<\/p><\/div>\n","protected":false},"excerpt":{"rendered":"<p>Detailn\u00ed popis produktu Granitov\u00fd d\u0159ez Deante je vyroben z nejkvalitn\u011bj\u0161\u00edho p\u0159\u00edrodn\u00edho granitov\u00e9ho kompozitu. Existuje d\u016fvod, pro\u010d m\u00e1 18letou z\u00e1ruku v\u00fdrobce. Vyzna\u010duje se odolnost\u00ed proti n\u00e1razu, vysok\u00fdm teplot\u00e1m a rychl\u00fdm zm\u011bn\u00e1m v souladu s evropskou normou PN-EN 13310. Elegantn\u00ed povrch nebledne a neztr\u00e1c\u00ed lesk. Dokonale se hod\u00ed k d\u0159ev\u011bn\u00fdm a kamenn\u00fdm desk\u00e1m. Unik\u00e1tn\u00ed d\u0159ez se 2 [&hellip;]<\/p>\n","protected":false},"featured_media":11198,"comment_status":"open","ping_status":"open","template":"","meta":[],"product_brand":[],"product_cat":[57],"product_tag":[],"class_list":{"0":"post-11098","1":"product","2":"type-product","3":"status-publish","4":"has-post-thumbnail","6":"product_cat-kuchynske-drezy","8":"first","9":"instock","10":"sale","11":"shipping-taxable","12":"purchasable","13":"product-type-simple"},"yoast_head":"<!-- This site is optimized with the Yoast SEO plugin v26.8 - https:\/\/yoast.com\/product\/yoast-seo-wordpress\/ -->\n<title>DEANTE - Andante \u0161ed\u00e1 metalic - Granitov\u00fd d\u0159ez, 2 - bowl s odkap\u00e1va\u010dem ZQN_S213 Odesl\u00e1n\u00ed Ihned -<\/title>\n<meta name=\"robots\" content=\"index, follow, max-snippet:-1, max-image-preview:large, max-video-preview:-1\" \/>\n<link rel=\"canonical\" href=\"https:\/\/www.technodompro.com\/index.php\/produkt\/deante-andante-seda-metalic-granitovy-drez-2-bowl-s-odkapavacem-zqn-s213-odeslani-ihned-11098\/\" \/>\n<meta property=\"og:locale\" content=\"cs_CZ\" \/>\n<meta property=\"og:type\" content=\"article\" \/>\n<meta property=\"og:title\" content=\"DEANTE - Andante \u0161ed\u00e1 metalic - Granitov\u00fd d\u0159ez, 2 - bowl s odkap\u00e1va\u010dem ZQN_S213 Odesl\u00e1n\u00ed Ihned -\" \/>\n<meta property=\"og:description\" content=\"Detailn\u00ed popis produktu Granitov\u00fd d\u0159ez Deante je vyroben z nejkvalitn\u011bj\u0161\u00edho p\u0159\u00edrodn\u00edho granitov\u00e9ho kompozitu. Existuje d\u016fvod, pro\u010d m\u00e1 18letou z\u00e1ruku v\u00fdrobce. Vyzna\u010duje se odolnost\u00ed proti n\u00e1razu, vysok\u00fdm teplot\u00e1m a rychl\u00fdm zm\u011bn\u00e1m v souladu s evropskou normou PN-EN 13310. Elegantn\u00ed povrch nebledne a neztr\u00e1c\u00ed lesk. Dokonale se hod\u00ed k d\u0159ev\u011bn\u00fdm a kamenn\u00fdm desk\u00e1m. Unik\u00e1tn\u00ed d\u0159ez se 2 [&hellip;]\" \/>\n<meta property=\"og:url\" content=\"https:\/\/www.technodompro.com\/index.php\/produkt\/deante-andante-seda-metalic-granitovy-drez-2-bowl-s-odkapavacem-zqn-s213-odeslani-ihned-11098\/\" \/>\n<meta property=\"og:image\" content=\"https:\/\/www.technodompro.com\/wp-content\/uploads\/2026\/SK0014902-CZ20260425-092556-0-1777080363-1050546_deante-andante-seda-metalic-granitovy-drez--2-bowl-.webp\" \/>\n\t<meta property=\"og:image:width\" content=\"1000\" \/>\n\t<meta property=\"og:image:height\" content=\"750\" \/>\n\t<meta property=\"og:image:type\" content=\"image\/webp\" \/>\n<meta name=\"twitter:card\" content=\"summary_large_image\" \/>\n<meta name=\"twitter:label1\" content=\"Odhadovan\u00e1 doba \u010dten\u00ed\" \/>\n\t<meta name=\"twitter:data1\" content=\"1 minuta\" \/>\n<script type=\"application\/ld+json\" class=\"yoast-schema-graph\">{\"@context\":\"https:\/\/schema.org\",\"@graph\":[{\"@type\":\"WebPage\",\"@id\":\"https:\/\/www.technodompro.com\/index.php\/produkt\/deante-andante-seda-metalic-granitovy-drez-2-bowl-s-odkapavacem-zqn-s213-odeslani-ihned-11098\/\",\"url\":\"https:\/\/www.technodompro.com\/index.php\/produkt\/deante-andante-seda-metalic-granitovy-drez-2-bowl-s-odkapavacem-zqn-s213-odeslani-ihned-11098\/\",\"name\":\"DEANTE - Andante \u0161ed\u00e1 metalic - Granitov\u00fd d\u0159ez, 2 - bowl s odkap\u00e1va\u010dem ZQN_S213 Odesl\u00e1n\u00ed Ihned -\",\"isPartOf\":{\"@id\":\"https:\/\/www.technodompro.com\/#website\"},\"primaryImageOfPage\":{\"@id\":\"https:\/\/www.technodompro.com\/index.php\/produkt\/deante-andante-seda-metalic-granitovy-drez-2-bowl-s-odkapavacem-zqn-s213-odeslani-ihned-11098\/#primaryimage\"},\"image\":{\"@id\":\"https:\/\/www.technodompro.com\/index.php\/produkt\/deante-andante-seda-metalic-granitovy-drez-2-bowl-s-odkapavacem-zqn-s213-odeslani-ihned-11098\/#primaryimage\"},\"thumbnailUrl\":\"https:\/\/www.technodompro.com\/wp-content\/uploads\/2026\/SK0014902-CZ20260425-092556-0-1777080363-1050546_deante-andante-seda-metalic-granitovy-drez--2-bowl-.webp\",\"datePublished\":\"2026-04-27T04:40:56+00:00\",\"breadcrumb\":{\"@id\":\"https:\/\/www.technodompro.com\/index.php\/produkt\/deante-andante-seda-metalic-granitovy-drez-2-bowl-s-odkapavacem-zqn-s213-odeslani-ihned-11098\/#breadcrumb\"},\"inLanguage\":\"cs\",\"potentialAction\":[{\"@type\":\"ReadAction\",\"target\":[\"https:\/\/www.technodompro.com\/index.php\/produkt\/deante-andante-seda-metalic-granitovy-drez-2-bowl-s-odkapavacem-zqn-s213-odeslani-ihned-11098\/\"]}]},{\"@type\":\"ImageObject\",\"inLanguage\":\"cs\",\"@id\":\"https:\/\/www.technodompro.com\/index.php\/produkt\/deante-andante-seda-metalic-granitovy-drez-2-bowl-s-odkapavacem-zqn-s213-odeslani-ihned-11098\/#primaryimage\",\"url\":\"https:\/\/www.technodompro.com\/wp-content\/uploads\/2026\/SK0014902-CZ20260425-092556-0-1777080363-1050546_deante-andante-seda-metalic-granitovy-drez--2-bowl-.webp\",\"contentUrl\":\"https:\/\/www.technodompro.com\/wp-content\/uploads\/2026\/SK0014902-CZ20260425-092556-0-1777080363-1050546_deante-andante-seda-metalic-granitovy-drez--2-bowl-.webp\",\"width\":1000,\"height\":750},{\"@type\":\"BreadcrumbList\",\"@id\":\"https:\/\/www.technodompro.com\/index.php\/produkt\/deante-andante-seda-metalic-granitovy-drez-2-bowl-s-odkapavacem-zqn-s213-odeslani-ihned-11098\/#breadcrumb\",\"itemListElement\":[{\"@type\":\"ListItem\",\"position\":1,\"name\":\"Home\",\"item\":\"https:\/\/www.technodompro.com\/\"},{\"@type\":\"ListItem\",\"position\":2,\"name\":\"Products\",\"item\":\"https:\/\/www.technodompro.com\/index.php\/products\/\"},{\"@type\":\"ListItem\",\"position\":3,\"name\":\"DEANTE &#8211; Andante \u0161ed\u00e1 metalic &#8211; Granitov\u00fd d\u0159ez, 2 &#8211; bowl s odkap\u00e1va\u010dem ZQN_S213 Odesl\u00e1n\u00ed Ihned\"}]},{\"@type\":\"WebSite\",\"@id\":\"https:\/\/www.technodompro.com\/#website\",\"url\":\"https:\/\/www.technodompro.com\/\",\"name\":\"\",\"description\":\"\",\"potentialAction\":[{\"@type\":\"SearchAction\",\"target\":{\"@type\":\"EntryPoint\",\"urlTemplate\":\"https:\/\/www.technodompro.com\/?s={search_term_string}\"},\"query-input\":{\"@type\":\"PropertyValueSpecification\",\"valueRequired\":true,\"valueName\":\"search_term_string\"}}],\"inLanguage\":\"cs\"}]}<\/script>\n<!-- \/ Yoast SEO plugin. -->","yoast_head_json":{"title":"DEANTE - Andante \u0161ed\u00e1 metalic - Granitov\u00fd d\u0159ez, 2 - bowl s odkap\u00e1va\u010dem ZQN_S213 Odesl\u00e1n\u00ed Ihned -","robots":{"index":"index","follow":"follow","max-snippet":"max-snippet:-1","max-image-preview":"max-image-preview:large","max-video-preview":"max-video-preview:-1"},"canonical":"https:\/\/www.technodompro.com\/index.php\/produkt\/deante-andante-seda-metalic-granitovy-drez-2-bowl-s-odkapavacem-zqn-s213-odeslani-ihned-11098\/","og_locale":"cs_CZ","og_type":"article","og_title":"DEANTE - Andante \u0161ed\u00e1 metalic - Granitov\u00fd d\u0159ez, 2 - bowl s odkap\u00e1va\u010dem ZQN_S213 Odesl\u00e1n\u00ed Ihned -","og_description":"Detailn\u00ed popis produktu Granitov\u00fd d\u0159ez Deante je vyroben z nejkvalitn\u011bj\u0161\u00edho p\u0159\u00edrodn\u00edho granitov\u00e9ho kompozitu. Existuje d\u016fvod, pro\u010d m\u00e1 18letou z\u00e1ruku v\u00fdrobce. Vyzna\u010duje se odolnost\u00ed proti n\u00e1razu, vysok\u00fdm teplot\u00e1m a rychl\u00fdm zm\u011bn\u00e1m v souladu s evropskou normou PN-EN 13310. Elegantn\u00ed povrch nebledne a neztr\u00e1c\u00ed lesk. Dokonale se hod\u00ed k d\u0159ev\u011bn\u00fdm a kamenn\u00fdm desk\u00e1m. Unik\u00e1tn\u00ed d\u0159ez se 2 [&hellip;]","og_url":"https:\/\/www.technodompro.com\/index.php\/produkt\/deante-andante-seda-metalic-granitovy-drez-2-bowl-s-odkapavacem-zqn-s213-odeslani-ihned-11098\/","og_image":[{"width":1000,"height":750,"url":"https:\/\/www.technodompro.com\/wp-content\/uploads\/2026\/SK0014902-CZ20260425-092556-0-1777080363-1050546_deante-andante-seda-metalic-granitovy-drez--2-bowl-.webp","type":"image\/webp"}],"twitter_card":"summary_large_image","twitter_misc":{"Odhadovan\u00e1 doba \u010dten\u00ed":"1 minuta"},"schema":{"@context":"https:\/\/schema.org","@graph":[{"@type":"WebPage","@id":"https:\/\/www.technodompro.com\/index.php\/produkt\/deante-andante-seda-metalic-granitovy-drez-2-bowl-s-odkapavacem-zqn-s213-odeslani-ihned-11098\/","url":"https:\/\/www.technodompro.com\/index.php\/produkt\/deante-andante-seda-metalic-granitovy-drez-2-bowl-s-odkapavacem-zqn-s213-odeslani-ihned-11098\/","name":"DEANTE - Andante \u0161ed\u00e1 metalic - Granitov\u00fd d\u0159ez, 2 - bowl s odkap\u00e1va\u010dem ZQN_S213 Odesl\u00e1n\u00ed Ihned -","isPartOf":{"@id":"https:\/\/www.technodompro.com\/#website"},"primaryImageOfPage":{"@id":"https:\/\/www.technodompro.com\/index.php\/produkt\/deante-andante-seda-metalic-granitovy-drez-2-bowl-s-odkapavacem-zqn-s213-odeslani-ihned-11098\/#primaryimage"},"image":{"@id":"https:\/\/www.technodompro.com\/index.php\/produkt\/deante-andante-seda-metalic-granitovy-drez-2-bowl-s-odkapavacem-zqn-s213-odeslani-ihned-11098\/#primaryimage"},"thumbnailUrl":"https:\/\/www.technodompro.com\/wp-content\/uploads\/2026\/SK0014902-CZ20260425-092556-0-1777080363-1050546_deante-andante-seda-metalic-granitovy-drez--2-bowl-.webp","datePublished":"2026-04-27T04:40:56+00:00","breadcrumb":{"@id":"https:\/\/www.technodompro.com\/index.php\/produkt\/deante-andante-seda-metalic-granitovy-drez-2-bowl-s-odkapavacem-zqn-s213-odeslani-ihned-11098\/#breadcrumb"},"inLanguage":"cs","potentialAction":[{"@type":"ReadAction","target":["https:\/\/www.technodompro.com\/index.php\/produkt\/deante-andante-seda-metalic-granitovy-drez-2-bowl-s-odkapavacem-zqn-s213-odeslani-ihned-11098\/"]}]},{"@type":"ImageObject","inLanguage":"cs","@id":"https:\/\/www.technodompro.com\/index.php\/produkt\/deante-andante-seda-metalic-granitovy-drez-2-bowl-s-odkapavacem-zqn-s213-odeslani-ihned-11098\/#primaryimage","url":"https:\/\/www.technodompro.com\/wp-content\/uploads\/2026\/SK0014902-CZ20260425-092556-0-1777080363-1050546_deante-andante-seda-metalic-granitovy-drez--2-bowl-.webp","contentUrl":"https:\/\/www.technodompro.com\/wp-content\/uploads\/2026\/SK0014902-CZ20260425-092556-0-1777080363-1050546_deante-andante-seda-metalic-granitovy-drez--2-bowl-.webp","width":1000,"height":750},{"@type":"BreadcrumbList","@id":"https:\/\/www.technodompro.com\/index.php\/produkt\/deante-andante-seda-metalic-granitovy-drez-2-bowl-s-odkapavacem-zqn-s213-odeslani-ihned-11098\/#breadcrumb","itemListElement":[{"@type":"ListItem","position":1,"name":"Home","item":"https:\/\/www.technodompro.com\/"},{"@type":"ListItem","position":2,"name":"Products","item":"https:\/\/www.technodompro.com\/index.php\/products\/"},{"@type":"ListItem","position":3,"name":"DEANTE &#8211; Andante \u0161ed\u00e1 metalic &#8211; Granitov\u00fd d\u0159ez, 2 &#8211; bowl s odkap\u00e1va\u010dem ZQN_S213 Odesl\u00e1n\u00ed Ihned"}]},{"@type":"WebSite","@id":"https:\/\/www.technodompro.com\/#website","url":"https:\/\/www.technodompro.com\/","name":"","description":"","potentialAction":[{"@type":"SearchAction","target":{"@type":"EntryPoint","urlTemplate":"https:\/\/www.technodompro.com\/?s={search_term_string}"},"query-input":{"@type":"PropertyValueSpecification","valueRequired":true,"valueName":"search_term_string"}}],"inLanguage":"cs"}]}},"_links":{"self":[{"href":"https:\/\/www.technodompro.com\/index.php\/wp-json\/wp\/v2\/product\/11098","targetHints":{"allow":["GET"]}}],"collection":[{"href":"https:\/\/www.technodompro.com\/index.php\/wp-json\/wp\/v2\/product"}],"about":[{"href":"https:\/\/www.technodompro.com\/index.php\/wp-json\/wp\/v2\/types\/product"}],"replies":[{"embeddable":true,"href":"https:\/\/www.technodompro.com\/index.php\/wp-json\/wp\/v2\/comments?post=11098"}],"wp:featuredmedia":[{"embeddable":true,"href":"https:\/\/www.technodompro.com\/index.php\/wp-json\/wp\/v2\/media\/11198"}],"wp:attachment":[{"href":"https:\/\/www.technodompro.com\/index.php\/wp-json\/wp\/v2\/media?parent=11098"}],"wp:term":[{"taxonomy":"product_brand","embeddable":true,"href":"https:\/\/www.technodompro.com\/index.php\/wp-json\/wp\/v2\/product_brand?post=11098"},{"taxonomy":"product_cat","embeddable":true,"href":"https:\/\/www.technodompro.com\/index.php\/wp-json\/wp\/v2\/product_cat?post=11098"},{"taxonomy":"product_tag","embeddable":true,"href":"https:\/\/www.technodompro.com\/index.php\/wp-json\/wp\/v2\/product_tag?post=11098"}],"curies":[{"name":"wp","href":"https:\/\/api.w.org\/{rel}","templated":true}]}}