{"id":11101,"date":"2026-04-27T04:40:56","date_gmt":"2026-04-27T04:40:56","guid":{"rendered":""},"modified":"2026-04-27T04:40:56","modified_gmt":"2026-04-27T04:40:56","slug":"cenova-bomba-rea-umyvadlo-na-desku-royal-sand-rea-u6502-11101","status":"publish","type":"product","link":"https:\/\/www.technodompro.com\/index.php\/produkt\/cenova-bomba-rea-umyvadlo-na-desku-royal-sand-rea-u6502-11101\/","title":{"rendered":"Cenov\u00e1 Bomba REA &#8211; Umyvadlo na desku Royal Sand REA-U6502"},"content":{"rendered":"<div class=\"basic-description\">\n<h3>Detailn\u00ed popis produktu<\/h3>\n<p>                                    Umyvadlo Rea Royal Sand vyroben\u00e9 z kvalitn\u00edch materi\u00e1l\u016f spln\u00ed po\u017eadavky lid\u00ed, kte\u0159\u00ed oce\u0148uj\u00ed kvalitu. D\u00edky technice, kterou byla vyrobena vrchn\u00ed vrstva umyvadla, m\u00e1 ka\u017ed\u00fd kus jedine\u010dn\u00fd a jedine\u010dn\u00fd vzor. Tento efekt imituje p\u0159\u00edrodn\u00ed k\u00e1men.                            <\/p><\/div>\n<div class=\"extended-description\">\n<h3>Dopl\u0148kov\u00e9 parametry<\/h3>\n<table class=\"detail-parameters\">\n<tbody>\n<tr>\n<th>        <span class=\"row-header-label\">            Kategorie<span class=\"row-header-label-colon\">:<\/span>        <\/span>    <\/th>\n<td>            <\/td>\n<\/tr>\n<tr>\n<th>            <span class=\"row-header-label\">                Z\u00e1ruka<span class=\"row-header-label-colon\">:<\/span>            <\/span>        <\/th>\n<td>            2 roky        <\/td>\n<\/tr>\n<tr>\n<th>            <span class=\"row-header-label\">                Hmotnost<span class=\"row-header-label-colon\">:<\/span>            <\/span>        <\/th>\n<td>            8 kg        <\/td>\n<\/tr>\n<tr class=\"productEan\">\n<th>          <span class=\"row-header-label productEan__label\">              EAN<span class=\"row-header-label-colon\">:<\/span>          <\/span>      <\/th>\n<td>          <span class=\"productEan__value\">5902557382897<\/span>      <\/td>\n<\/tr>\n<tr>\n<th>                <span class=\"row-header-label\">                                            Dostupnost<span class=\"row-header-label-colon\">:<\/span>                                    <\/span>            <\/th>\n<td>                                                            Dod\u00e1n\u00ed do 14ti dn\u016f                                                <\/td>\n<\/tr>\n<\/tbody>\n<\/table><\/div>\n<\/p><\/div>\n<\/p><\/div>\n","protected":false},"excerpt":{"rendered":"<p>Detailn\u00ed popis produktu Umyvadlo Rea Royal Sand vyroben\u00e9 z kvalitn\u00edch materi\u00e1l\u016f spln\u00ed po\u017eadavky lid\u00ed, kte\u0159\u00ed oce\u0148uj\u00ed kvalitu. D\u00edky technice, kterou byla vyrobena vrchn\u00ed vrstva umyvadla, m\u00e1 ka\u017ed\u00fd kus jedine\u010dn\u00fd a jedine\u010dn\u00fd vzor. Tento efekt imituje p\u0159\u00edrodn\u00ed k\u00e1men. Dopl\u0148kov\u00e9 parametry Kategorie: Z\u00e1ruka: 2 roky Hmotnost: 8 kg EAN: 5902557382897 Dostupnost: Dod\u00e1n\u00ed do 14ti dn\u016f<\/p>\n","protected":false},"featured_media":11201,"comment_status":"open","ping_status":"open","template":"","meta":[],"product_brand":[],"product_cat":[50],"product_tag":[],"class_list":{"0":"post-11101","1":"product","2":"type-product","3":"status-publish","4":"has-post-thumbnail","6":"product_cat-umyvadla","8":"first","9":"instock","10":"sale","11":"shipping-taxable","12":"purchasable","13":"product-type-simple"},"yoast_head":"<!-- This site is optimized with the Yoast SEO plugin v26.8 - https:\/\/yoast.com\/product\/yoast-seo-wordpress\/ -->\n<title>Cenov\u00e1 Bomba REA - Umyvadlo na desku Royal Sand REA-U6502 -<\/title>\n<meta name=\"robots\" content=\"index, follow, max-snippet:-1, max-image-preview:large, max-video-preview:-1\" \/>\n<link rel=\"canonical\" href=\"https:\/\/www.technodompro.com\/index.php\/produkt\/cenova-bomba-rea-umyvadlo-na-desku-royal-sand-rea-u6502-11101\/\" \/>\n<meta property=\"og:locale\" content=\"cs_CZ\" \/>\n<meta property=\"og:type\" content=\"article\" \/>\n<meta property=\"og:title\" content=\"Cenov\u00e1 Bomba REA - Umyvadlo na desku Royal Sand REA-U6502 -\" \/>\n<meta property=\"og:description\" content=\"Detailn\u00ed popis produktu Umyvadlo Rea Royal Sand vyroben\u00e9 z kvalitn\u00edch materi\u00e1l\u016f spln\u00ed po\u017eadavky lid\u00ed, kte\u0159\u00ed oce\u0148uj\u00ed kvalitu. D\u00edky technice, kterou byla vyrobena vrchn\u00ed vrstva umyvadla, m\u00e1 ka\u017ed\u00fd kus jedine\u010dn\u00fd a jedine\u010dn\u00fd vzor. Tento efekt imituje p\u0159\u00edrodn\u00ed k\u00e1men. Dopl\u0148kov\u00e9 parametry Kategorie: Z\u00e1ruka: 2 roky Hmotnost: 8 kg EAN: 5902557382897 Dostupnost: Dod\u00e1n\u00ed do 14ti dn\u016f\" \/>\n<meta property=\"og:url\" content=\"https:\/\/www.technodompro.com\/index.php\/produkt\/cenova-bomba-rea-umyvadlo-na-desku-royal-sand-rea-u6502-11101\/\" \/>\n<meta property=\"og:image\" content=\"https:\/\/www.technodompro.com\/wp-content\/uploads\/2026\/SK0014905-CZ20260425-092556-0-1777080363-1050846_rea-umyvadlo-na-desku-royal-sand-rea-u6502.webp\" \/>\n\t<meta property=\"og:image:width\" content=\"1000\" \/>\n\t<meta property=\"og:image:height\" content=\"750\" \/>\n\t<meta property=\"og:image:type\" content=\"image\/webp\" \/>\n<meta name=\"twitter:card\" content=\"summary_large_image\" \/>\n<script type=\"application\/ld+json\" class=\"yoast-schema-graph\">{\"@context\":\"https:\/\/schema.org\",\"@graph\":[{\"@type\":\"WebPage\",\"@id\":\"https:\/\/www.technodompro.com\/index.php\/produkt\/cenova-bomba-rea-umyvadlo-na-desku-royal-sand-rea-u6502-11101\/\",\"url\":\"https:\/\/www.technodompro.com\/index.php\/produkt\/cenova-bomba-rea-umyvadlo-na-desku-royal-sand-rea-u6502-11101\/\",\"name\":\"Cenov\u00e1 Bomba REA - Umyvadlo na desku Royal Sand REA-U6502 -\",\"isPartOf\":{\"@id\":\"https:\/\/www.technodompro.com\/#website\"},\"primaryImageOfPage\":{\"@id\":\"https:\/\/www.technodompro.com\/index.php\/produkt\/cenova-bomba-rea-umyvadlo-na-desku-royal-sand-rea-u6502-11101\/#primaryimage\"},\"image\":{\"@id\":\"https:\/\/www.technodompro.com\/index.php\/produkt\/cenova-bomba-rea-umyvadlo-na-desku-royal-sand-rea-u6502-11101\/#primaryimage\"},\"thumbnailUrl\":\"https:\/\/www.technodompro.com\/wp-content\/uploads\/2026\/SK0014905-CZ20260425-092556-0-1777080363-1050846_rea-umyvadlo-na-desku-royal-sand-rea-u6502.webp\",\"datePublished\":\"2026-04-27T04:40:56+00:00\",\"breadcrumb\":{\"@id\":\"https:\/\/www.technodompro.com\/index.php\/produkt\/cenova-bomba-rea-umyvadlo-na-desku-royal-sand-rea-u6502-11101\/#breadcrumb\"},\"inLanguage\":\"cs\",\"potentialAction\":[{\"@type\":\"ReadAction\",\"target\":[\"https:\/\/www.technodompro.com\/index.php\/produkt\/cenova-bomba-rea-umyvadlo-na-desku-royal-sand-rea-u6502-11101\/\"]}]},{\"@type\":\"ImageObject\",\"inLanguage\":\"cs\",\"@id\":\"https:\/\/www.technodompro.com\/index.php\/produkt\/cenova-bomba-rea-umyvadlo-na-desku-royal-sand-rea-u6502-11101\/#primaryimage\",\"url\":\"https:\/\/www.technodompro.com\/wp-content\/uploads\/2026\/SK0014905-CZ20260425-092556-0-1777080363-1050846_rea-umyvadlo-na-desku-royal-sand-rea-u6502.webp\",\"contentUrl\":\"https:\/\/www.technodompro.com\/wp-content\/uploads\/2026\/SK0014905-CZ20260425-092556-0-1777080363-1050846_rea-umyvadlo-na-desku-royal-sand-rea-u6502.webp\",\"width\":1000,\"height\":750},{\"@type\":\"BreadcrumbList\",\"@id\":\"https:\/\/www.technodompro.com\/index.php\/produkt\/cenova-bomba-rea-umyvadlo-na-desku-royal-sand-rea-u6502-11101\/#breadcrumb\",\"itemListElement\":[{\"@type\":\"ListItem\",\"position\":1,\"name\":\"Home\",\"item\":\"https:\/\/www.technodompro.com\/\"},{\"@type\":\"ListItem\",\"position\":2,\"name\":\"Products\",\"item\":\"https:\/\/www.technodompro.com\/index.php\/products\/\"},{\"@type\":\"ListItem\",\"position\":3,\"name\":\"Cenov\u00e1 Bomba REA &#8211; Umyvadlo na desku Royal Sand REA-U6502\"}]},{\"@type\":\"WebSite\",\"@id\":\"https:\/\/www.technodompro.com\/#website\",\"url\":\"https:\/\/www.technodompro.com\/\",\"name\":\"\",\"description\":\"\",\"potentialAction\":[{\"@type\":\"SearchAction\",\"target\":{\"@type\":\"EntryPoint\",\"urlTemplate\":\"https:\/\/www.technodompro.com\/?s={search_term_string}\"},\"query-input\":{\"@type\":\"PropertyValueSpecification\",\"valueRequired\":true,\"valueName\":\"search_term_string\"}}],\"inLanguage\":\"cs\"}]}<\/script>\n<!-- \/ Yoast SEO plugin. -->","yoast_head_json":{"title":"Cenov\u00e1 Bomba REA - Umyvadlo na desku Royal Sand REA-U6502 -","robots":{"index":"index","follow":"follow","max-snippet":"max-snippet:-1","max-image-preview":"max-image-preview:large","max-video-preview":"max-video-preview:-1"},"canonical":"https:\/\/www.technodompro.com\/index.php\/produkt\/cenova-bomba-rea-umyvadlo-na-desku-royal-sand-rea-u6502-11101\/","og_locale":"cs_CZ","og_type":"article","og_title":"Cenov\u00e1 Bomba REA - Umyvadlo na desku Royal Sand REA-U6502 -","og_description":"Detailn\u00ed popis produktu Umyvadlo Rea Royal Sand vyroben\u00e9 z kvalitn\u00edch materi\u00e1l\u016f spln\u00ed po\u017eadavky lid\u00ed, kte\u0159\u00ed oce\u0148uj\u00ed kvalitu. D\u00edky technice, kterou byla vyrobena vrchn\u00ed vrstva umyvadla, m\u00e1 ka\u017ed\u00fd kus jedine\u010dn\u00fd a jedine\u010dn\u00fd vzor. Tento efekt imituje p\u0159\u00edrodn\u00ed k\u00e1men. Dopl\u0148kov\u00e9 parametry Kategorie: Z\u00e1ruka: 2 roky Hmotnost: 8 kg EAN: 5902557382897 Dostupnost: Dod\u00e1n\u00ed do 14ti dn\u016f","og_url":"https:\/\/www.technodompro.com\/index.php\/produkt\/cenova-bomba-rea-umyvadlo-na-desku-royal-sand-rea-u6502-11101\/","og_image":[{"width":1000,"height":750,"url":"https:\/\/www.technodompro.com\/wp-content\/uploads\/2026\/SK0014905-CZ20260425-092556-0-1777080363-1050846_rea-umyvadlo-na-desku-royal-sand-rea-u6502.webp","type":"image\/webp"}],"twitter_card":"summary_large_image","schema":{"@context":"https:\/\/schema.org","@graph":[{"@type":"WebPage","@id":"https:\/\/www.technodompro.com\/index.php\/produkt\/cenova-bomba-rea-umyvadlo-na-desku-royal-sand-rea-u6502-11101\/","url":"https:\/\/www.technodompro.com\/index.php\/produkt\/cenova-bomba-rea-umyvadlo-na-desku-royal-sand-rea-u6502-11101\/","name":"Cenov\u00e1 Bomba REA - Umyvadlo na desku Royal Sand REA-U6502 -","isPartOf":{"@id":"https:\/\/www.technodompro.com\/#website"},"primaryImageOfPage":{"@id":"https:\/\/www.technodompro.com\/index.php\/produkt\/cenova-bomba-rea-umyvadlo-na-desku-royal-sand-rea-u6502-11101\/#primaryimage"},"image":{"@id":"https:\/\/www.technodompro.com\/index.php\/produkt\/cenova-bomba-rea-umyvadlo-na-desku-royal-sand-rea-u6502-11101\/#primaryimage"},"thumbnailUrl":"https:\/\/www.technodompro.com\/wp-content\/uploads\/2026\/SK0014905-CZ20260425-092556-0-1777080363-1050846_rea-umyvadlo-na-desku-royal-sand-rea-u6502.webp","datePublished":"2026-04-27T04:40:56+00:00","breadcrumb":{"@id":"https:\/\/www.technodompro.com\/index.php\/produkt\/cenova-bomba-rea-umyvadlo-na-desku-royal-sand-rea-u6502-11101\/#breadcrumb"},"inLanguage":"cs","potentialAction":[{"@type":"ReadAction","target":["https:\/\/www.technodompro.com\/index.php\/produkt\/cenova-bomba-rea-umyvadlo-na-desku-royal-sand-rea-u6502-11101\/"]}]},{"@type":"ImageObject","inLanguage":"cs","@id":"https:\/\/www.technodompro.com\/index.php\/produkt\/cenova-bomba-rea-umyvadlo-na-desku-royal-sand-rea-u6502-11101\/#primaryimage","url":"https:\/\/www.technodompro.com\/wp-content\/uploads\/2026\/SK0014905-CZ20260425-092556-0-1777080363-1050846_rea-umyvadlo-na-desku-royal-sand-rea-u6502.webp","contentUrl":"https:\/\/www.technodompro.com\/wp-content\/uploads\/2026\/SK0014905-CZ20260425-092556-0-1777080363-1050846_rea-umyvadlo-na-desku-royal-sand-rea-u6502.webp","width":1000,"height":750},{"@type":"BreadcrumbList","@id":"https:\/\/www.technodompro.com\/index.php\/produkt\/cenova-bomba-rea-umyvadlo-na-desku-royal-sand-rea-u6502-11101\/#breadcrumb","itemListElement":[{"@type":"ListItem","position":1,"name":"Home","item":"https:\/\/www.technodompro.com\/"},{"@type":"ListItem","position":2,"name":"Products","item":"https:\/\/www.technodompro.com\/index.php\/products\/"},{"@type":"ListItem","position":3,"name":"Cenov\u00e1 Bomba REA &#8211; Umyvadlo na desku Royal Sand REA-U6502"}]},{"@type":"WebSite","@id":"https:\/\/www.technodompro.com\/#website","url":"https:\/\/www.technodompro.com\/","name":"","description":"","potentialAction":[{"@type":"SearchAction","target":{"@type":"EntryPoint","urlTemplate":"https:\/\/www.technodompro.com\/?s={search_term_string}"},"query-input":{"@type":"PropertyValueSpecification","valueRequired":true,"valueName":"search_term_string"}}],"inLanguage":"cs"}]}},"_links":{"self":[{"href":"https:\/\/www.technodompro.com\/index.php\/wp-json\/wp\/v2\/product\/11101","targetHints":{"allow":["GET"]}}],"collection":[{"href":"https:\/\/www.technodompro.com\/index.php\/wp-json\/wp\/v2\/product"}],"about":[{"href":"https:\/\/www.technodompro.com\/index.php\/wp-json\/wp\/v2\/types\/product"}],"replies":[{"embeddable":true,"href":"https:\/\/www.technodompro.com\/index.php\/wp-json\/wp\/v2\/comments?post=11101"}],"wp:featuredmedia":[{"embeddable":true,"href":"https:\/\/www.technodompro.com\/index.php\/wp-json\/wp\/v2\/media\/11201"}],"wp:attachment":[{"href":"https:\/\/www.technodompro.com\/index.php\/wp-json\/wp\/v2\/media?parent=11101"}],"wp:term":[{"taxonomy":"product_brand","embeddable":true,"href":"https:\/\/www.technodompro.com\/index.php\/wp-json\/wp\/v2\/product_brand?post=11101"},{"taxonomy":"product_cat","embeddable":true,"href":"https:\/\/www.technodompro.com\/index.php\/wp-json\/wp\/v2\/product_cat?post=11101"},{"taxonomy":"product_tag","embeddable":true,"href":"https:\/\/www.technodompro.com\/index.php\/wp-json\/wp\/v2\/product_tag?post=11101"}],"curies":[{"name":"wp","href":"https:\/\/api.w.org\/{rel}","templated":true}]}}