{"id":11103,"date":"2026-04-27T04:40:56","date_gmt":"2026-04-27T04:40:56","guid":{"rendered":""},"modified":"2026-04-27T04:40:56","modified_gmt":"2026-04-27T04:40:56","slug":"nejprodavanejsi-deante-kerria-plus-chrom-sprchove-dvere-100-cm-posuvne-ktsp010p-11103","status":"publish","type":"product","link":"https:\/\/www.technodompro.com\/index.php\/produkt\/nejprodavanejsi-deante-kerria-plus-chrom-sprchove-dvere-100-cm-posuvne-ktsp010p-11103\/","title":{"rendered":"Nejprod\u00e1van\u011bj\u0161\u00ed DEANTE &#8211; Kerria Plus chrom Sprchov\u00e9 dve\u0159e, 100 cm &#8211; posuvn\u00e9 KTSP010P"},"content":{"rendered":"<div class=\"basic-description\">\n<h3>Detailn\u00ed popis produktu<\/h3>\n<p>Minimalistick\u00e9 sprchov\u00e9 dve\u0159e lze pou\u017e\u00edt jak do kabinek, tak do vestav\u011bn\u00fdch v\u00fdklenk\u016f. Pr\u016fhledn\u00e9 sklo opticky zv\u011bt\u0161uje m\u00edstnost. Klasick\u00e9 proveden\u00ed dod\u00e1v\u00e1 koupeln\u011b modern\u00ed vzhled. Mysl\u00edme i na bezpe\u010dnost \u010dlen\u016f dom\u00e1cnosti, proto sklo podrobujeme procesu kalen\u00ed, kdy se sklo st\u00e1v\u00e1 tvrd\u0161\u00edm, pru\u017en\u011bj\u0161\u00edm a odoln\u011bj\u0161\u00edm. Sprchov\u00e9 dve\u0159e jsou tak\u00e9 pokryty vrstvou Active Cover, kter\u00e1 m\u00e1 hydrofobn\u00ed vlastnosti. Nejsou zde \u017e\u00e1dn\u00e9 nevzhledn\u00e9 skvrny a \u010di\u0161t\u011bn\u00ed je pot\u0159eba mnohem m\u00e9n\u011b \u010dasto. Prvek je \u0161irok\u00fd 100 cm. Posuvn\u00e9 zav\u00edr\u00e1n\u00ed.<\/p>\n<ul>\n<li>Mo\u017enost instalace kabiny bez sprchov\u00e9 vani\u010dky, p\u0159\u00edmo na dla\u017ebu<\/li>\n<li>Hydrofobn\u00ed aktivn\u00ed kryc\u00ed vrstva, usnad\u0148uj\u00edc\u00ed proud\u011bn\u00ed vody na sklo<\/li>\n<li>Maskovac\u00ed mont\u00e1\u017en\u00ed prvky<\/li>\n<li>TOTALWHITE transparentn\u00ed sklo<\/li>\n<li>Profily vyrovn\u00e1vaj\u00edc\u00ed zak\u0159iven\u00ed st\u011bn<\/li>\n<li>Bezpe\u010dn\u00e9 a odoln\u00e9 tvrzen\u00e9 sklo<\/li>\n<li>Nab\u00eddka zahrnuje speci\u00e1ln\u00ed bezpe\u010dn\u00fd prost\u0159edek na \u010di\u0161t\u011bn\u00e9 povrchy<\/li>\n<li>Mo\u017enost pou\u017eit\u00ed dedikovan\u00e9ho prepar\u00e1tu Active Cover<\/li>\n<li>Oto\u010dn\u00e9 dve\u0159e pro mont\u00e1\u017e kabiny na pravou nebo levou stranu<\/li>\n<li>Profilov\u00fd syst\u00e9m umo\u017e\u0148uje kompenzovat zak\u0159iven\u00ed st\u011bn<\/li>\n<li>Pouze ty nejlep\u0161\u00ed materi\u00e1ly, jejich\u017e kvalita je potvrzena laboratorn\u00edmi testy<\/li>\n<li>P\u0159esn\u00e9 zav\u00edr\u00e1n\u00ed dve\u0159\u00ed d\u00edky zvedac\u00edm pant\u016fm<\/li>\n<li>Odolnost proti n\u00e1razu, chemik\u00e1li\u00edm a skvrn\u00e1m dle normy PN-EN 14428+A1:2008 potvrzen\u00e1 zkou\u0161kami \u00dastavu keramiky a stavebn\u00edch hmot.<\/li>\n<\/ul><\/div>\n<div class=\"extended-description\">\n<h3>Dopl\u0148kov\u00e9 parametry<\/h3>\n<table class=\"detail-parameters\">\n<tbody>\n<tr>\n<th>        <span class=\"row-header-label\">            Kategorie<span class=\"row-header-label-colon\">:<\/span>        <\/span>    <\/th>\n<td>            <\/td>\n<\/tr>\n<tr>\n<th>            <span class=\"row-header-label\">                Z\u00e1ruka<span class=\"row-header-label-colon\">:<\/span>            <\/span>        <\/th>\n<td>            2 roky        <\/td>\n<\/tr>\n<tr>\n<th>            <span class=\"row-header-label\">                Hmotnost<span class=\"row-header-label-colon\">:<\/span>            <\/span>        <\/th>\n<td>            25 kg        <\/td>\n<\/tr>\n<tr class=\"productEan\">\n<th>          <span class=\"row-header-label productEan__label\">              EAN<span class=\"row-header-label-colon\">:<\/span>          <\/span>      <\/th>\n<td>          <span class=\"productEan__value\">5907650820352<\/span>      <\/td>\n<\/tr>\n<tr>\n<th>                <span class=\"row-header-label\">                                            Dostupnost<span class=\"row-header-label-colon\">:<\/span>                                    <\/span>            <\/th>\n<td>                                                            Skladem                                                <\/td>\n<\/tr>\n<\/tbody>\n<\/table><\/div>\n<\/p><\/div>\n<\/p><\/div>\n","protected":false},"excerpt":{"rendered":"<p>Detailn\u00ed popis produktu Minimalistick\u00e9 sprchov\u00e9 dve\u0159e lze pou\u017e\u00edt jak do kabinek, tak do vestav\u011bn\u00fdch v\u00fdklenk\u016f. Pr\u016fhledn\u00e9 sklo opticky zv\u011bt\u0161uje m\u00edstnost. Klasick\u00e9 proveden\u00ed dod\u00e1v\u00e1 koupeln\u011b modern\u00ed vzhled. Mysl\u00edme i na bezpe\u010dnost \u010dlen\u016f dom\u00e1cnosti, proto sklo podrobujeme procesu kalen\u00ed, kdy se sklo st\u00e1v\u00e1 tvrd\u0161\u00edm, pru\u017en\u011bj\u0161\u00edm a odoln\u011bj\u0161\u00edm. Sprchov\u00e9 dve\u0159e jsou tak\u00e9 pokryty vrstvou Active Cover, kter\u00e1 m\u00e1 [&hellip;]<\/p>\n","protected":false},"featured_media":11203,"comment_status":"open","ping_status":"open","template":"","meta":[],"product_brand":[],"product_cat":[52],"product_tag":[],"class_list":{"0":"post-11103","1":"product","2":"type-product","3":"status-publish","4":"has-post-thumbnail","6":"product_cat-sprchove-kouty","8":"first","9":"instock","10":"sale","11":"shipping-taxable","12":"purchasable","13":"product-type-simple"},"yoast_head":"<!-- This site is optimized with the Yoast SEO plugin v26.8 - https:\/\/yoast.com\/product\/yoast-seo-wordpress\/ -->\n<title>Nejprod\u00e1van\u011bj\u0161\u00ed DEANTE - Kerria Plus chrom Sprchov\u00e9 dve\u0159e, 100 cm - posuvn\u00e9 KTSP010P -<\/title>\n<meta name=\"robots\" content=\"index, follow, max-snippet:-1, max-image-preview:large, max-video-preview:-1\" \/>\n<link rel=\"canonical\" href=\"https:\/\/www.technodompro.com\/index.php\/produkt\/nejprodavanejsi-deante-kerria-plus-chrom-sprchove-dvere-100-cm-posuvne-ktsp010p-11103\/\" \/>\n<meta property=\"og:locale\" content=\"cs_CZ\" \/>\n<meta property=\"og:type\" content=\"article\" \/>\n<meta property=\"og:title\" content=\"Nejprod\u00e1van\u011bj\u0161\u00ed DEANTE - Kerria Plus chrom Sprchov\u00e9 dve\u0159e, 100 cm - posuvn\u00e9 KTSP010P -\" \/>\n<meta property=\"og:description\" content=\"Detailn\u00ed popis produktu Minimalistick\u00e9 sprchov\u00e9 dve\u0159e lze pou\u017e\u00edt jak do kabinek, tak do vestav\u011bn\u00fdch v\u00fdklenk\u016f. Pr\u016fhledn\u00e9 sklo opticky zv\u011bt\u0161uje m\u00edstnost. Klasick\u00e9 proveden\u00ed dod\u00e1v\u00e1 koupeln\u011b modern\u00ed vzhled. Mysl\u00edme i na bezpe\u010dnost \u010dlen\u016f dom\u00e1cnosti, proto sklo podrobujeme procesu kalen\u00ed, kdy se sklo st\u00e1v\u00e1 tvrd\u0161\u00edm, pru\u017en\u011bj\u0161\u00edm a odoln\u011bj\u0161\u00edm. Sprchov\u00e9 dve\u0159e jsou tak\u00e9 pokryty vrstvou Active Cover, kter\u00e1 m\u00e1 [&hellip;]\" \/>\n<meta property=\"og:url\" content=\"https:\/\/www.technodompro.com\/index.php\/produkt\/nejprodavanejsi-deante-kerria-plus-chrom-sprchove-dvere-100-cm-posuvne-ktsp010p-11103\/\" \/>\n<meta property=\"og:image\" content=\"https:\/\/www.technodompro.com\/wp-content\/uploads\/2026\/SK0014908-CZ20260425-092556-0-1777080363-1052097_deante-kerria-plus-chrom-sprchove-dvere--100-cm-pos.webp\" \/>\n\t<meta property=\"og:image:width\" content=\"1000\" \/>\n\t<meta property=\"og:image:height\" content=\"750\" \/>\n\t<meta property=\"og:image:type\" content=\"image\/webp\" \/>\n<meta name=\"twitter:card\" content=\"summary_large_image\" \/>\n<meta name=\"twitter:label1\" content=\"Odhadovan\u00e1 doba \u010dten\u00ed\" \/>\n\t<meta name=\"twitter:data1\" content=\"1 minuta\" \/>\n<script type=\"application\/ld+json\" class=\"yoast-schema-graph\">{\"@context\":\"https:\/\/schema.org\",\"@graph\":[{\"@type\":\"WebPage\",\"@id\":\"https:\/\/www.technodompro.com\/index.php\/produkt\/nejprodavanejsi-deante-kerria-plus-chrom-sprchove-dvere-100-cm-posuvne-ktsp010p-11103\/\",\"url\":\"https:\/\/www.technodompro.com\/index.php\/produkt\/nejprodavanejsi-deante-kerria-plus-chrom-sprchove-dvere-100-cm-posuvne-ktsp010p-11103\/\",\"name\":\"Nejprod\u00e1van\u011bj\u0161\u00ed DEANTE - Kerria Plus chrom Sprchov\u00e9 dve\u0159e, 100 cm - posuvn\u00e9 KTSP010P -\",\"isPartOf\":{\"@id\":\"https:\/\/www.technodompro.com\/#website\"},\"primaryImageOfPage\":{\"@id\":\"https:\/\/www.technodompro.com\/index.php\/produkt\/nejprodavanejsi-deante-kerria-plus-chrom-sprchove-dvere-100-cm-posuvne-ktsp010p-11103\/#primaryimage\"},\"image\":{\"@id\":\"https:\/\/www.technodompro.com\/index.php\/produkt\/nejprodavanejsi-deante-kerria-plus-chrom-sprchove-dvere-100-cm-posuvne-ktsp010p-11103\/#primaryimage\"},\"thumbnailUrl\":\"https:\/\/www.technodompro.com\/wp-content\/uploads\/2026\/SK0014908-CZ20260425-092556-0-1777080363-1052097_deante-kerria-plus-chrom-sprchove-dvere--100-cm-pos.webp\",\"datePublished\":\"2026-04-27T04:40:56+00:00\",\"breadcrumb\":{\"@id\":\"https:\/\/www.technodompro.com\/index.php\/produkt\/nejprodavanejsi-deante-kerria-plus-chrom-sprchove-dvere-100-cm-posuvne-ktsp010p-11103\/#breadcrumb\"},\"inLanguage\":\"cs\",\"potentialAction\":[{\"@type\":\"ReadAction\",\"target\":[\"https:\/\/www.technodompro.com\/index.php\/produkt\/nejprodavanejsi-deante-kerria-plus-chrom-sprchove-dvere-100-cm-posuvne-ktsp010p-11103\/\"]}]},{\"@type\":\"ImageObject\",\"inLanguage\":\"cs\",\"@id\":\"https:\/\/www.technodompro.com\/index.php\/produkt\/nejprodavanejsi-deante-kerria-plus-chrom-sprchove-dvere-100-cm-posuvne-ktsp010p-11103\/#primaryimage\",\"url\":\"https:\/\/www.technodompro.com\/wp-content\/uploads\/2026\/SK0014908-CZ20260425-092556-0-1777080363-1052097_deante-kerria-plus-chrom-sprchove-dvere--100-cm-pos.webp\",\"contentUrl\":\"https:\/\/www.technodompro.com\/wp-content\/uploads\/2026\/SK0014908-CZ20260425-092556-0-1777080363-1052097_deante-kerria-plus-chrom-sprchove-dvere--100-cm-pos.webp\",\"width\":1000,\"height\":750},{\"@type\":\"BreadcrumbList\",\"@id\":\"https:\/\/www.technodompro.com\/index.php\/produkt\/nejprodavanejsi-deante-kerria-plus-chrom-sprchove-dvere-100-cm-posuvne-ktsp010p-11103\/#breadcrumb\",\"itemListElement\":[{\"@type\":\"ListItem\",\"position\":1,\"name\":\"Home\",\"item\":\"https:\/\/www.technodompro.com\/\"},{\"@type\":\"ListItem\",\"position\":2,\"name\":\"Products\",\"item\":\"https:\/\/www.technodompro.com\/index.php\/products\/\"},{\"@type\":\"ListItem\",\"position\":3,\"name\":\"Nejprod\u00e1van\u011bj\u0161\u00ed DEANTE &#8211; Kerria Plus chrom Sprchov\u00e9 dve\u0159e, 100 cm &#8211; posuvn\u00e9 KTSP010P\"}]},{\"@type\":\"WebSite\",\"@id\":\"https:\/\/www.technodompro.com\/#website\",\"url\":\"https:\/\/www.technodompro.com\/\",\"name\":\"\",\"description\":\"\",\"potentialAction\":[{\"@type\":\"SearchAction\",\"target\":{\"@type\":\"EntryPoint\",\"urlTemplate\":\"https:\/\/www.technodompro.com\/?s={search_term_string}\"},\"query-input\":{\"@type\":\"PropertyValueSpecification\",\"valueRequired\":true,\"valueName\":\"search_term_string\"}}],\"inLanguage\":\"cs\"}]}<\/script>\n<!-- \/ Yoast SEO plugin. -->","yoast_head_json":{"title":"Nejprod\u00e1van\u011bj\u0161\u00ed DEANTE - Kerria Plus chrom Sprchov\u00e9 dve\u0159e, 100 cm - posuvn\u00e9 KTSP010P -","robots":{"index":"index","follow":"follow","max-snippet":"max-snippet:-1","max-image-preview":"max-image-preview:large","max-video-preview":"max-video-preview:-1"},"canonical":"https:\/\/www.technodompro.com\/index.php\/produkt\/nejprodavanejsi-deante-kerria-plus-chrom-sprchove-dvere-100-cm-posuvne-ktsp010p-11103\/","og_locale":"cs_CZ","og_type":"article","og_title":"Nejprod\u00e1van\u011bj\u0161\u00ed DEANTE - Kerria Plus chrom Sprchov\u00e9 dve\u0159e, 100 cm - posuvn\u00e9 KTSP010P -","og_description":"Detailn\u00ed popis produktu Minimalistick\u00e9 sprchov\u00e9 dve\u0159e lze pou\u017e\u00edt jak do kabinek, tak do vestav\u011bn\u00fdch v\u00fdklenk\u016f. Pr\u016fhledn\u00e9 sklo opticky zv\u011bt\u0161uje m\u00edstnost. Klasick\u00e9 proveden\u00ed dod\u00e1v\u00e1 koupeln\u011b modern\u00ed vzhled. Mysl\u00edme i na bezpe\u010dnost \u010dlen\u016f dom\u00e1cnosti, proto sklo podrobujeme procesu kalen\u00ed, kdy se sklo st\u00e1v\u00e1 tvrd\u0161\u00edm, pru\u017en\u011bj\u0161\u00edm a odoln\u011bj\u0161\u00edm. Sprchov\u00e9 dve\u0159e jsou tak\u00e9 pokryty vrstvou Active Cover, kter\u00e1 m\u00e1 [&hellip;]","og_url":"https:\/\/www.technodompro.com\/index.php\/produkt\/nejprodavanejsi-deante-kerria-plus-chrom-sprchove-dvere-100-cm-posuvne-ktsp010p-11103\/","og_image":[{"width":1000,"height":750,"url":"https:\/\/www.technodompro.com\/wp-content\/uploads\/2026\/SK0014908-CZ20260425-092556-0-1777080363-1052097_deante-kerria-plus-chrom-sprchove-dvere--100-cm-pos.webp","type":"image\/webp"}],"twitter_card":"summary_large_image","twitter_misc":{"Odhadovan\u00e1 doba \u010dten\u00ed":"1 minuta"},"schema":{"@context":"https:\/\/schema.org","@graph":[{"@type":"WebPage","@id":"https:\/\/www.technodompro.com\/index.php\/produkt\/nejprodavanejsi-deante-kerria-plus-chrom-sprchove-dvere-100-cm-posuvne-ktsp010p-11103\/","url":"https:\/\/www.technodompro.com\/index.php\/produkt\/nejprodavanejsi-deante-kerria-plus-chrom-sprchove-dvere-100-cm-posuvne-ktsp010p-11103\/","name":"Nejprod\u00e1van\u011bj\u0161\u00ed DEANTE - Kerria Plus chrom Sprchov\u00e9 dve\u0159e, 100 cm - posuvn\u00e9 KTSP010P -","isPartOf":{"@id":"https:\/\/www.technodompro.com\/#website"},"primaryImageOfPage":{"@id":"https:\/\/www.technodompro.com\/index.php\/produkt\/nejprodavanejsi-deante-kerria-plus-chrom-sprchove-dvere-100-cm-posuvne-ktsp010p-11103\/#primaryimage"},"image":{"@id":"https:\/\/www.technodompro.com\/index.php\/produkt\/nejprodavanejsi-deante-kerria-plus-chrom-sprchove-dvere-100-cm-posuvne-ktsp010p-11103\/#primaryimage"},"thumbnailUrl":"https:\/\/www.technodompro.com\/wp-content\/uploads\/2026\/SK0014908-CZ20260425-092556-0-1777080363-1052097_deante-kerria-plus-chrom-sprchove-dvere--100-cm-pos.webp","datePublished":"2026-04-27T04:40:56+00:00","breadcrumb":{"@id":"https:\/\/www.technodompro.com\/index.php\/produkt\/nejprodavanejsi-deante-kerria-plus-chrom-sprchove-dvere-100-cm-posuvne-ktsp010p-11103\/#breadcrumb"},"inLanguage":"cs","potentialAction":[{"@type":"ReadAction","target":["https:\/\/www.technodompro.com\/index.php\/produkt\/nejprodavanejsi-deante-kerria-plus-chrom-sprchove-dvere-100-cm-posuvne-ktsp010p-11103\/"]}]},{"@type":"ImageObject","inLanguage":"cs","@id":"https:\/\/www.technodompro.com\/index.php\/produkt\/nejprodavanejsi-deante-kerria-plus-chrom-sprchove-dvere-100-cm-posuvne-ktsp010p-11103\/#primaryimage","url":"https:\/\/www.technodompro.com\/wp-content\/uploads\/2026\/SK0014908-CZ20260425-092556-0-1777080363-1052097_deante-kerria-plus-chrom-sprchove-dvere--100-cm-pos.webp","contentUrl":"https:\/\/www.technodompro.com\/wp-content\/uploads\/2026\/SK0014908-CZ20260425-092556-0-1777080363-1052097_deante-kerria-plus-chrom-sprchove-dvere--100-cm-pos.webp","width":1000,"height":750},{"@type":"BreadcrumbList","@id":"https:\/\/www.technodompro.com\/index.php\/produkt\/nejprodavanejsi-deante-kerria-plus-chrom-sprchove-dvere-100-cm-posuvne-ktsp010p-11103\/#breadcrumb","itemListElement":[{"@type":"ListItem","position":1,"name":"Home","item":"https:\/\/www.technodompro.com\/"},{"@type":"ListItem","position":2,"name":"Products","item":"https:\/\/www.technodompro.com\/index.php\/products\/"},{"@type":"ListItem","position":3,"name":"Nejprod\u00e1van\u011bj\u0161\u00ed DEANTE &#8211; Kerria Plus chrom Sprchov\u00e9 dve\u0159e, 100 cm &#8211; posuvn\u00e9 KTSP010P"}]},{"@type":"WebSite","@id":"https:\/\/www.technodompro.com\/#website","url":"https:\/\/www.technodompro.com\/","name":"","description":"","potentialAction":[{"@type":"SearchAction","target":{"@type":"EntryPoint","urlTemplate":"https:\/\/www.technodompro.com\/?s={search_term_string}"},"query-input":{"@type":"PropertyValueSpecification","valueRequired":true,"valueName":"search_term_string"}}],"inLanguage":"cs"}]}},"_links":{"self":[{"href":"https:\/\/www.technodompro.com\/index.php\/wp-json\/wp\/v2\/product\/11103","targetHints":{"allow":["GET"]}}],"collection":[{"href":"https:\/\/www.technodompro.com\/index.php\/wp-json\/wp\/v2\/product"}],"about":[{"href":"https:\/\/www.technodompro.com\/index.php\/wp-json\/wp\/v2\/types\/product"}],"replies":[{"embeddable":true,"href":"https:\/\/www.technodompro.com\/index.php\/wp-json\/wp\/v2\/comments?post=11103"}],"wp:featuredmedia":[{"embeddable":true,"href":"https:\/\/www.technodompro.com\/index.php\/wp-json\/wp\/v2\/media\/11203"}],"wp:attachment":[{"href":"https:\/\/www.technodompro.com\/index.php\/wp-json\/wp\/v2\/media?parent=11103"}],"wp:term":[{"taxonomy":"product_brand","embeddable":true,"href":"https:\/\/www.technodompro.com\/index.php\/wp-json\/wp\/v2\/product_brand?post=11103"},{"taxonomy":"product_cat","embeddable":true,"href":"https:\/\/www.technodompro.com\/index.php\/wp-json\/wp\/v2\/product_cat?post=11103"},{"taxonomy":"product_tag","embeddable":true,"href":"https:\/\/www.technodompro.com\/index.php\/wp-json\/wp\/v2\/product_tag?post=11103"}],"curies":[{"name":"wp","href":"https:\/\/api.w.org\/{rel}","templated":true}]}}