{"id":11115,"date":"2026-04-27T04:40:56","date_gmt":"2026-04-27T04:40:56","guid":{"rendered":""},"modified":"2026-04-27T04:40:56","modified_gmt":"2026-04-27T04:40:56","slug":"omnires-manhattan-sprchove-dvere-pro-bocni-stenu-120-cm-chrom-transparent-crtr-adc12x-acrtr-vraceni-zdarma-11115","status":"publish","type":"product","link":"https:\/\/www.technodompro.com\/index.php\/produkt\/omnires-manhattan-sprchove-dvere-pro-bocni-stenu-120-cm-chrom-transparent-crtr-adc12x-acrtr-vraceni-zdarma-11115\/","title":{"rendered":"OMNIRES &#8211; MANHATTAN sprchov\u00e9 dve\u0159e pro bo\u010dn\u00ed st\u011bnu, 120 cm chrom \/ transparent \/CRTR\/ ADC12X-ACRTR Vr\u00e1cen\u00ed Zdarma"},"content":{"rendered":"<div class=\"basic-description\">\n<h3>Detailn\u00ed popis produktu<\/h3>\n<ul>\n<li>rozm\u011bry: 120 x 195 cm<\/li>\n<li> tvrzen\u00e9 bezpe\u010dnostn\u00ed sklo, tlou\u0161\u0165ka: 6 mm<\/li>\n<li> nastaven\u00ed profilu: -2\/+0 cm<\/li>\n<li> chromovan\u00e9 profily<\/li>\n<li> prahov\u00e1 li\u0161ta, aby se zabr\u00e1nilo \u00faniku vody<\/li>\n<li> chromov\u00e9 mosazn\u00e9 panty<\/li>\n<li> typ otev\u00edr\u00e1n\u00ed: sklopn\u00e9<\/li>\n<\/ul><\/div>\n<div class=\"extended-description\">\n<h3>Dopl\u0148kov\u00e9 parametry<\/h3>\n<table class=\"detail-parameters\">\n<tbody>\n<tr>\n<th>        <span class=\"row-header-label\">            Kategorie<span class=\"row-header-label-colon\">:<\/span>        <\/span>    <\/th>\n<td>            <\/td>\n<\/tr>\n<tr>\n<th>            <span class=\"row-header-label\">                Z\u00e1ruka<span class=\"row-header-label-colon\">:<\/span>            <\/span>        <\/th>\n<td>            2 roky        <\/td>\n<\/tr>\n<tr>\n<th>            <span class=\"row-header-label\">                Hmotnost<span class=\"row-header-label-colon\">:<\/span>            <\/span>        <\/th>\n<td>            30 kg        <\/td>\n<\/tr>\n<tr class=\"productEan\">\n<th>          <span class=\"row-header-label productEan__label\">              EAN<span class=\"row-header-label-colon\">:<\/span>          <\/span>      <\/th>\n<td>          <span class=\"productEan__value\">5902539818970<\/span>      <\/td>\n<\/tr>\n<tr>\n<th>                <span class=\"row-header-label\">                                            Dostupnost<span class=\"row-header-label-colon\">:<\/span>                                    <\/span>            <\/th>\n<td>                                                            Dod\u00e1n\u00ed do 14ti dn\u016f                                                <\/td>\n<\/tr>\n<\/tbody>\n<\/table><\/div>\n<\/p><\/div>\n<\/p><\/div>\n","protected":false},"excerpt":{"rendered":"<p>Detailn\u00ed popis produktu rozm\u011bry: 120 x 195 cm tvrzen\u00e9 bezpe\u010dnostn\u00ed sklo, tlou\u0161\u0165ka: 6 mm nastaven\u00ed profilu: -2\/+0 cm chromovan\u00e9 profily prahov\u00e1 li\u0161ta, aby se zabr\u00e1nilo \u00faniku vody chromov\u00e9 mosazn\u00e9 panty typ otev\u00edr\u00e1n\u00ed: sklopn\u00e9 Dopl\u0148kov\u00e9 parametry Kategorie: Z\u00e1ruka: 2 roky Hmotnost: 30 kg EAN: 5902539818970 Dostupnost: Dod\u00e1n\u00ed do 14ti dn\u016f<\/p>\n","protected":false},"featured_media":11215,"comment_status":"open","ping_status":"open","template":"","meta":[],"product_brand":[],"product_cat":[52],"product_tag":[],"class_list":{"0":"post-11115","1":"product","2":"type-product","3":"status-publish","4":"has-post-thumbnail","6":"product_cat-sprchove-kouty","8":"first","9":"instock","10":"sale","11":"shipping-taxable","12":"purchasable","13":"product-type-simple"},"yoast_head":"<!-- This site is optimized with the Yoast SEO plugin v26.8 - https:\/\/yoast.com\/product\/yoast-seo-wordpress\/ -->\n<title>OMNIRES - MANHATTAN sprchov\u00e9 dve\u0159e pro bo\u010dn\u00ed st\u011bnu, 120 cm chrom \/ transparent \/CRTR\/ ADC12X-ACRTR Vr\u00e1cen\u00ed Zdarma -<\/title>\n<meta name=\"robots\" content=\"index, follow, max-snippet:-1, max-image-preview:large, max-video-preview:-1\" \/>\n<link rel=\"canonical\" href=\"https:\/\/www.technodompro.com\/index.php\/produkt\/omnires-manhattan-sprchove-dvere-pro-bocni-stenu-120-cm-chrom-transparent-crtr-adc12x-acrtr-vraceni-zdarma-11115\/\" \/>\n<meta property=\"og:locale\" content=\"cs_CZ\" \/>\n<meta property=\"og:type\" content=\"article\" \/>\n<meta property=\"og:title\" content=\"OMNIRES - MANHATTAN sprchov\u00e9 dve\u0159e pro bo\u010dn\u00ed st\u011bnu, 120 cm chrom \/ transparent \/CRTR\/ ADC12X-ACRTR Vr\u00e1cen\u00ed Zdarma -\" \/>\n<meta property=\"og:description\" content=\"Detailn\u00ed popis produktu rozm\u011bry: 120 x 195 cm tvrzen\u00e9 bezpe\u010dnostn\u00ed sklo, tlou\u0161\u0165ka: 6 mm nastaven\u00ed profilu: -2\/+0 cm chromovan\u00e9 profily prahov\u00e1 li\u0161ta, aby se zabr\u00e1nilo \u00faniku vody chromov\u00e9 mosazn\u00e9 panty typ otev\u00edr\u00e1n\u00ed: sklopn\u00e9 Dopl\u0148kov\u00e9 parametry Kategorie: Z\u00e1ruka: 2 roky Hmotnost: 30 kg EAN: 5902539818970 Dostupnost: Dod\u00e1n\u00ed do 14ti dn\u016f\" \/>\n<meta property=\"og:url\" content=\"https:\/\/www.technodompro.com\/index.php\/produkt\/omnires-manhattan-sprchove-dvere-pro-bocni-stenu-120-cm-chrom-transparent-crtr-adc12x-acrtr-vraceni-zdarma-11115\/\" \/>\n<meta property=\"og:image\" content=\"https:\/\/www.technodompro.com\/wp-content\/uploads\/2026\/SK0014921-CZ20260425-092556-0-1777080363-1056030_omnires-manhattan-sprchove-dvere-pro-bocni-stenu--1.webp\" \/>\n\t<meta property=\"og:image:width\" content=\"1000\" \/>\n\t<meta property=\"og:image:height\" content=\"750\" \/>\n\t<meta property=\"og:image:type\" content=\"image\/webp\" \/>\n<meta name=\"twitter:card\" content=\"summary_large_image\" \/>\n<script type=\"application\/ld+json\" class=\"yoast-schema-graph\">{\"@context\":\"https:\/\/schema.org\",\"@graph\":[{\"@type\":\"WebPage\",\"@id\":\"https:\/\/www.technodompro.com\/index.php\/produkt\/omnires-manhattan-sprchove-dvere-pro-bocni-stenu-120-cm-chrom-transparent-crtr-adc12x-acrtr-vraceni-zdarma-11115\/\",\"url\":\"https:\/\/www.technodompro.com\/index.php\/produkt\/omnires-manhattan-sprchove-dvere-pro-bocni-stenu-120-cm-chrom-transparent-crtr-adc12x-acrtr-vraceni-zdarma-11115\/\",\"name\":\"OMNIRES - MANHATTAN sprchov\u00e9 dve\u0159e pro bo\u010dn\u00ed st\u011bnu, 120 cm chrom \/ transparent \/CRTR\/ ADC12X-ACRTR Vr\u00e1cen\u00ed Zdarma -\",\"isPartOf\":{\"@id\":\"https:\/\/www.technodompro.com\/#website\"},\"primaryImageOfPage\":{\"@id\":\"https:\/\/www.technodompro.com\/index.php\/produkt\/omnires-manhattan-sprchove-dvere-pro-bocni-stenu-120-cm-chrom-transparent-crtr-adc12x-acrtr-vraceni-zdarma-11115\/#primaryimage\"},\"image\":{\"@id\":\"https:\/\/www.technodompro.com\/index.php\/produkt\/omnires-manhattan-sprchove-dvere-pro-bocni-stenu-120-cm-chrom-transparent-crtr-adc12x-acrtr-vraceni-zdarma-11115\/#primaryimage\"},\"thumbnailUrl\":\"https:\/\/www.technodompro.com\/wp-content\/uploads\/2026\/SK0014921-CZ20260425-092556-0-1777080363-1056030_omnires-manhattan-sprchove-dvere-pro-bocni-stenu--1.webp\",\"datePublished\":\"2026-04-27T04:40:56+00:00\",\"breadcrumb\":{\"@id\":\"https:\/\/www.technodompro.com\/index.php\/produkt\/omnires-manhattan-sprchove-dvere-pro-bocni-stenu-120-cm-chrom-transparent-crtr-adc12x-acrtr-vraceni-zdarma-11115\/#breadcrumb\"},\"inLanguage\":\"cs\",\"potentialAction\":[{\"@type\":\"ReadAction\",\"target\":[\"https:\/\/www.technodompro.com\/index.php\/produkt\/omnires-manhattan-sprchove-dvere-pro-bocni-stenu-120-cm-chrom-transparent-crtr-adc12x-acrtr-vraceni-zdarma-11115\/\"]}]},{\"@type\":\"ImageObject\",\"inLanguage\":\"cs\",\"@id\":\"https:\/\/www.technodompro.com\/index.php\/produkt\/omnires-manhattan-sprchove-dvere-pro-bocni-stenu-120-cm-chrom-transparent-crtr-adc12x-acrtr-vraceni-zdarma-11115\/#primaryimage\",\"url\":\"https:\/\/www.technodompro.com\/wp-content\/uploads\/2026\/SK0014921-CZ20260425-092556-0-1777080363-1056030_omnires-manhattan-sprchove-dvere-pro-bocni-stenu--1.webp\",\"contentUrl\":\"https:\/\/www.technodompro.com\/wp-content\/uploads\/2026\/SK0014921-CZ20260425-092556-0-1777080363-1056030_omnires-manhattan-sprchove-dvere-pro-bocni-stenu--1.webp\",\"width\":1000,\"height\":750},{\"@type\":\"BreadcrumbList\",\"@id\":\"https:\/\/www.technodompro.com\/index.php\/produkt\/omnires-manhattan-sprchove-dvere-pro-bocni-stenu-120-cm-chrom-transparent-crtr-adc12x-acrtr-vraceni-zdarma-11115\/#breadcrumb\",\"itemListElement\":[{\"@type\":\"ListItem\",\"position\":1,\"name\":\"Home\",\"item\":\"https:\/\/www.technodompro.com\/\"},{\"@type\":\"ListItem\",\"position\":2,\"name\":\"Products\",\"item\":\"https:\/\/www.technodompro.com\/index.php\/products\/\"},{\"@type\":\"ListItem\",\"position\":3,\"name\":\"OMNIRES &#8211; MANHATTAN sprchov\u00e9 dve\u0159e pro bo\u010dn\u00ed st\u011bnu, 120 cm chrom \/ transparent \/CRTR\/ ADC12X-ACRTR Vr\u00e1cen\u00ed Zdarma\"}]},{\"@type\":\"WebSite\",\"@id\":\"https:\/\/www.technodompro.com\/#website\",\"url\":\"https:\/\/www.technodompro.com\/\",\"name\":\"\",\"description\":\"\",\"potentialAction\":[{\"@type\":\"SearchAction\",\"target\":{\"@type\":\"EntryPoint\",\"urlTemplate\":\"https:\/\/www.technodompro.com\/?s={search_term_string}\"},\"query-input\":{\"@type\":\"PropertyValueSpecification\",\"valueRequired\":true,\"valueName\":\"search_term_string\"}}],\"inLanguage\":\"cs\"}]}<\/script>\n<!-- \/ Yoast SEO plugin. -->","yoast_head_json":{"title":"OMNIRES - MANHATTAN sprchov\u00e9 dve\u0159e pro bo\u010dn\u00ed st\u011bnu, 120 cm chrom \/ transparent \/CRTR\/ ADC12X-ACRTR Vr\u00e1cen\u00ed Zdarma -","robots":{"index":"index","follow":"follow","max-snippet":"max-snippet:-1","max-image-preview":"max-image-preview:large","max-video-preview":"max-video-preview:-1"},"canonical":"https:\/\/www.technodompro.com\/index.php\/produkt\/omnires-manhattan-sprchove-dvere-pro-bocni-stenu-120-cm-chrom-transparent-crtr-adc12x-acrtr-vraceni-zdarma-11115\/","og_locale":"cs_CZ","og_type":"article","og_title":"OMNIRES - MANHATTAN sprchov\u00e9 dve\u0159e pro bo\u010dn\u00ed st\u011bnu, 120 cm chrom \/ transparent \/CRTR\/ ADC12X-ACRTR Vr\u00e1cen\u00ed Zdarma -","og_description":"Detailn\u00ed popis produktu rozm\u011bry: 120 x 195 cm tvrzen\u00e9 bezpe\u010dnostn\u00ed sklo, tlou\u0161\u0165ka: 6 mm nastaven\u00ed profilu: -2\/+0 cm chromovan\u00e9 profily prahov\u00e1 li\u0161ta, aby se zabr\u00e1nilo \u00faniku vody chromov\u00e9 mosazn\u00e9 panty typ otev\u00edr\u00e1n\u00ed: sklopn\u00e9 Dopl\u0148kov\u00e9 parametry Kategorie: Z\u00e1ruka: 2 roky Hmotnost: 30 kg EAN: 5902539818970 Dostupnost: Dod\u00e1n\u00ed do 14ti dn\u016f","og_url":"https:\/\/www.technodompro.com\/index.php\/produkt\/omnires-manhattan-sprchove-dvere-pro-bocni-stenu-120-cm-chrom-transparent-crtr-adc12x-acrtr-vraceni-zdarma-11115\/","og_image":[{"width":1000,"height":750,"url":"https:\/\/www.technodompro.com\/wp-content\/uploads\/2026\/SK0014921-CZ20260425-092556-0-1777080363-1056030_omnires-manhattan-sprchove-dvere-pro-bocni-stenu--1.webp","type":"image\/webp"}],"twitter_card":"summary_large_image","schema":{"@context":"https:\/\/schema.org","@graph":[{"@type":"WebPage","@id":"https:\/\/www.technodompro.com\/index.php\/produkt\/omnires-manhattan-sprchove-dvere-pro-bocni-stenu-120-cm-chrom-transparent-crtr-adc12x-acrtr-vraceni-zdarma-11115\/","url":"https:\/\/www.technodompro.com\/index.php\/produkt\/omnires-manhattan-sprchove-dvere-pro-bocni-stenu-120-cm-chrom-transparent-crtr-adc12x-acrtr-vraceni-zdarma-11115\/","name":"OMNIRES - MANHATTAN sprchov\u00e9 dve\u0159e pro bo\u010dn\u00ed st\u011bnu, 120 cm chrom \/ transparent \/CRTR\/ ADC12X-ACRTR Vr\u00e1cen\u00ed Zdarma -","isPartOf":{"@id":"https:\/\/www.technodompro.com\/#website"},"primaryImageOfPage":{"@id":"https:\/\/www.technodompro.com\/index.php\/produkt\/omnires-manhattan-sprchove-dvere-pro-bocni-stenu-120-cm-chrom-transparent-crtr-adc12x-acrtr-vraceni-zdarma-11115\/#primaryimage"},"image":{"@id":"https:\/\/www.technodompro.com\/index.php\/produkt\/omnires-manhattan-sprchove-dvere-pro-bocni-stenu-120-cm-chrom-transparent-crtr-adc12x-acrtr-vraceni-zdarma-11115\/#primaryimage"},"thumbnailUrl":"https:\/\/www.technodompro.com\/wp-content\/uploads\/2026\/SK0014921-CZ20260425-092556-0-1777080363-1056030_omnires-manhattan-sprchove-dvere-pro-bocni-stenu--1.webp","datePublished":"2026-04-27T04:40:56+00:00","breadcrumb":{"@id":"https:\/\/www.technodompro.com\/index.php\/produkt\/omnires-manhattan-sprchove-dvere-pro-bocni-stenu-120-cm-chrom-transparent-crtr-adc12x-acrtr-vraceni-zdarma-11115\/#breadcrumb"},"inLanguage":"cs","potentialAction":[{"@type":"ReadAction","target":["https:\/\/www.technodompro.com\/index.php\/produkt\/omnires-manhattan-sprchove-dvere-pro-bocni-stenu-120-cm-chrom-transparent-crtr-adc12x-acrtr-vraceni-zdarma-11115\/"]}]},{"@type":"ImageObject","inLanguage":"cs","@id":"https:\/\/www.technodompro.com\/index.php\/produkt\/omnires-manhattan-sprchove-dvere-pro-bocni-stenu-120-cm-chrom-transparent-crtr-adc12x-acrtr-vraceni-zdarma-11115\/#primaryimage","url":"https:\/\/www.technodompro.com\/wp-content\/uploads\/2026\/SK0014921-CZ20260425-092556-0-1777080363-1056030_omnires-manhattan-sprchove-dvere-pro-bocni-stenu--1.webp","contentUrl":"https:\/\/www.technodompro.com\/wp-content\/uploads\/2026\/SK0014921-CZ20260425-092556-0-1777080363-1056030_omnires-manhattan-sprchove-dvere-pro-bocni-stenu--1.webp","width":1000,"height":750},{"@type":"BreadcrumbList","@id":"https:\/\/www.technodompro.com\/index.php\/produkt\/omnires-manhattan-sprchove-dvere-pro-bocni-stenu-120-cm-chrom-transparent-crtr-adc12x-acrtr-vraceni-zdarma-11115\/#breadcrumb","itemListElement":[{"@type":"ListItem","position":1,"name":"Home","item":"https:\/\/www.technodompro.com\/"},{"@type":"ListItem","position":2,"name":"Products","item":"https:\/\/www.technodompro.com\/index.php\/products\/"},{"@type":"ListItem","position":3,"name":"OMNIRES &#8211; MANHATTAN sprchov\u00e9 dve\u0159e pro bo\u010dn\u00ed st\u011bnu, 120 cm chrom \/ transparent \/CRTR\/ ADC12X-ACRTR Vr\u00e1cen\u00ed Zdarma"}]},{"@type":"WebSite","@id":"https:\/\/www.technodompro.com\/#website","url":"https:\/\/www.technodompro.com\/","name":"","description":"","potentialAction":[{"@type":"SearchAction","target":{"@type":"EntryPoint","urlTemplate":"https:\/\/www.technodompro.com\/?s={search_term_string}"},"query-input":{"@type":"PropertyValueSpecification","valueRequired":true,"valueName":"search_term_string"}}],"inLanguage":"cs"}]}},"_links":{"self":[{"href":"https:\/\/www.technodompro.com\/index.php\/wp-json\/wp\/v2\/product\/11115","targetHints":{"allow":["GET"]}}],"collection":[{"href":"https:\/\/www.technodompro.com\/index.php\/wp-json\/wp\/v2\/product"}],"about":[{"href":"https:\/\/www.technodompro.com\/index.php\/wp-json\/wp\/v2\/types\/product"}],"replies":[{"embeddable":true,"href":"https:\/\/www.technodompro.com\/index.php\/wp-json\/wp\/v2\/comments?post=11115"}],"wp:featuredmedia":[{"embeddable":true,"href":"https:\/\/www.technodompro.com\/index.php\/wp-json\/wp\/v2\/media\/11215"}],"wp:attachment":[{"href":"https:\/\/www.technodompro.com\/index.php\/wp-json\/wp\/v2\/media?parent=11115"}],"wp:term":[{"taxonomy":"product_brand","embeddable":true,"href":"https:\/\/www.technodompro.com\/index.php\/wp-json\/wp\/v2\/product_brand?post=11115"},{"taxonomy":"product_cat","embeddable":true,"href":"https:\/\/www.technodompro.com\/index.php\/wp-json\/wp\/v2\/product_cat?post=11115"},{"taxonomy":"product_tag","embeddable":true,"href":"https:\/\/www.technodompro.com\/index.php\/wp-json\/wp\/v2\/product_tag?post=11115"}],"curies":[{"name":"wp","href":"https:\/\/api.w.org\/{rel}","templated":true}]}}