{"id":1114,"date":"2026-04-27T04:40:40","date_gmt":"2026-04-27T04:40:40","guid":{"rendered":""},"modified":"2026-04-27T04:40:40","modified_gmt":"2026-04-27T04:40:40","slug":"zavesne-svitidlo-alsager-eglo-43984-eglo-hit-sezony-1114","status":"publish","type":"product","link":"https:\/\/www.technodompro.com\/index.php\/produkt\/zavesne-svitidlo-alsager-eglo-43984-eglo-hit-sezony-1114\/","title":{"rendered":"Z\u00e1v\u011bsn\u00e9 sv\u00edtidlo ALSAGER EGLO 43984 &#8211; EGLO Hit Sez\u00f3ny"},"content":{"rendered":"<h3 class=\"product-h3\">Popis produktu<\/h3>\n<\/p><\/div>\n<div class=\"product-left-popis-vyrobce\">\n<div class='col-xs-12'>\n<h1><strong>EGLO &ndash; komplexn&iacute; \u0159e&scaron;en&iacute; osv\u011btlen&iacute;<\/strong><strong>&nbsp;<\/strong><\/h1>\n<p>Osv\u011btlen&iacute;, to nen&iacute; jen samotn&eacute; t\u011bleso a st&iacute;nidlo, je zapot\u0159eb&iacute; p\u0159idat tak&eacute; sv\u011bteln&yacute; zdroj a v&scaron;echno dohromady mus&iacute; tvo\u0159it kompaktn&iacute; celek, aby mohlo dob\u0159e slou\u017eit, sv&iacute;tit a dod&aacute;vat interi&eacute;ru p\u0159&iacute;jemnou atmosf&eacute;ru. <strong>Rakousk&yacute; v&yacute;robce interi&eacute;rov&eacute;ho i venkovn&iacute;ho osv\u011btlen&iacute; EGLO<\/strong> proto vyr&aacute;b&iacute; nejen samotn&aacute; <strong>sv&iacute;tidla<\/strong>, ale tak&eacute; <strong>sv\u011bteln&eacute; zdroje<\/strong> a nab&iacute;z&iacute; tak komplexn&iacute; \u0159e&scaron;en&iacute; osv\u011btlen&iacute; pro ka\u017ed&yacute; interi&eacute;r i exteri&eacute;r. Firma EGLO m&aacute; k dispozici &scaron;irok&yacute; sortiment, kter&yacute; zahrnuje modern&iacute; sv&iacute;tidla i osv\u011btlen&iacute; v&nbsp;klasick&eacute;m designu. Pat\u0159&iacute; k nejv\u011bt&scaron;&iacute;m v&yacute;robc\u016f dekorativn&iacute;ch sv&iacute;tidel, nab&iacute;z&iacute; p\u0159edev&scaron;&iacute;m kvalitn&iacute; a kreativn&iacute; sv&iacute;tidla za rozumn&eacute; ceny.<\/p>\n<p><strong>Jak&aacute; sv&iacute;tidla tedy m\u016f\u017eete od firmy EGLO o\u010dek&aacute;vat?<\/strong><\/p>\n<p>V interi&eacute;ru se soust\u0159ed&iacute; p\u0159edev&scaron;&iacute;m na <strong>lustry<\/strong>, <strong>n&aacute;st\u011bnn&aacute; sv&iacute;tidla<\/strong>, <strong>bodov&eacute; osv\u011btlen&iacute;<\/strong> i <strong>vestavn&eacute; stropn&iacute; bodovky<\/strong>, velkou \u010d&aacute;st sortimentu tvo\u0159&iacute; tak&eacute; <strong>sv&iacute;tidla do kuchyn\u011b a koupelny<\/strong>. Samoz\u0159ejm\u011b nechyb&iacute; ani <strong>stoln&iacute;<\/strong> \u010di <strong>stojac&iacute; lampy<\/strong> a k nim p\u0159&iacute;slu&scaron;n&eacute; sv\u011bteln&eacute; zdroje. Co se t&yacute;k&aacute; venkovn&iacute;ho osv\u011btlen&iacute;, s&aacute;z&iacute; firma EGLO p\u0159edev&scaron;&iacute;m na <strong>sol&aacute;rn&iacute; sv&iacute;tidla<\/strong> k osv\u011btlen&iacute; domu i zahrady, tedy <strong>sloupkov&aacute; sv&iacute;tidla<\/strong>, <strong>z&aacute;pustn&eacute; bodovky<\/strong>, <strong>pojezdov&eacute; reflektory<\/strong>, <strong>n&aacute;st\u011bnn&eacute; i stropn&iacute; osv\u011btlen&iacute;<\/strong> a speci&aacute;ln&iacute; \u0159adu k osv\u011btlen&iacute; terasy a zahrady <strong>Garden Living<\/strong>.<\/p>\n<p><strong>AULIX &#8211; p\u0159\u00edm\u00fd prodejce sv\u00edtidel EGLO v \u010cR<\/strong><\/p>\n<\/p><\/div>\n<\/p><\/div>\n<\/p><\/div>\n<p><\/p>\n<div class=\"top-params\">\n<h3 class=\"product-h3 collapse-header \" data-toggle=\"collapse\" data-target=\"#collapseOne\" aria-expanded=\"true\" aria-controls=\"collapseOne\">Parametry<\/h3>\n<div id=\"collapseOne\" class=\"collapse show\" aria-labelledby=\"headingOne\" data-parent=\"#product-info-accordion1\">\n<table class=\"table-striped\">\n<tr>\n<td>                V\u00fd\u0161ka v mm            <\/td>\n<td>                1100            <\/td>\n<\/tr>\n<tr>\n<td>                Hmotnost g            <\/td>\n<td>                515g            <\/td>\n<\/tr>\n<tr>\n<td>                Pr\u016fm\u011br v mm            <\/td>\n<td>                410            <\/td>\n<\/tr>\n<tr>\n<td>                Ochrana IP            <\/td>\n<td>                IP20            <\/td>\n<\/tr>\n<tr>\n<td>                Max. p\u0159\u00edkon sv\u011bteln\u00e9ho zdroje            <\/td>\n<td>                40W            <\/td>\n<\/tr>\n<tr>\n<td>                V\u00fdkon            <\/td>\n<td>                40W            <\/td>\n<\/tr>\n<tr>\n<td>                Nap\u00e1jec\u00ed nap\u011bt\u00ed            <\/td>\n<td>                220-240V            <\/td>\n<\/tr>\n<tr>\n<td>                Patice            <\/td>\n<td>                E27            <\/td>\n<\/tr>\n<tr>\n<td>                V\u010detn\u011b sv\u011bteln\u00e9ho zdroje            <\/td>\n<td>                ne            <\/td>\n<\/tr>\n<tr>\n<td>                Materi\u00e1l            <\/td>\n<td>                ocel\/textil            <\/td>\n<\/tr>\n<tr>\n<td>                Barva            <\/td>\n<td>                \u0161ed\u00e1            <\/td>\n<\/tr>\n<tr>\n<td>                Po\u010det sv\u011bteln\u00fdch zdroj\u016f            <\/td>\n<td>                1            <\/td>\n<\/tr>\n<tr>\n<td>                V\u00fdrobce            <\/td>\n<td>                EGLO            <\/td>\n<\/tr>\n<tr>\n<td>                U v\u00fdrobce dostupn\u00fdch            <\/td>\n<td>                0                    ks            <\/td>\n<\/tr>\n<tr>\n<td>                U v\u00fdrobce dostupn\u00fdch            <\/td>\n<td>                0                    ks            <\/td>\n<\/tr>\n<\/table>\n<\/div><\/div>\n<\/div>\n<div class=\"accordion\" id=\"product-info-accordion2\">\n","protected":false},"excerpt":{"rendered":"<p>Popis produktu EGLO &ndash; komplexn&iacute; \u0159e&scaron;en&iacute; osv\u011btlen&iacute;&nbsp; Osv\u011btlen&iacute;, to nen&iacute; jen samotn&eacute; t\u011bleso a st&iacute;nidlo, je zapot\u0159eb&iacute; p\u0159idat tak&eacute; sv\u011bteln&yacute; zdroj a v&scaron;echno dohromady mus&iacute; tvo\u0159it kompaktn&iacute; celek, aby mohlo dob\u0159e slou\u017eit, sv&iacute;tit a dod&aacute;vat interi&eacute;ru p\u0159&iacute;jemnou atmosf&eacute;ru. Rakousk&yacute; v&yacute;robce interi&eacute;rov&eacute;ho i venkovn&iacute;ho osv\u011btlen&iacute; EGLO proto vyr&aacute;b&iacute; nejen samotn&aacute; sv&iacute;tidla, ale tak&eacute; sv\u011bteln&eacute; zdroje a [&hellip;]<\/p>\n","protected":false},"featured_media":1214,"comment_status":"open","ping_status":"open","template":"","meta":[],"product_brand":[],"product_cat":[31],"product_tag":[],"class_list":{"0":"post-1114","1":"product","2":"type-product","3":"status-publish","4":"has-post-thumbnail","6":"product_cat-interierova-svitidla","8":"first","9":"instock","10":"sale","11":"shipping-taxable","12":"purchasable","13":"product-type-simple"},"yoast_head":"<!-- This site is optimized with the Yoast SEO plugin v26.8 - https:\/\/yoast.com\/product\/yoast-seo-wordpress\/ -->\n<title>Z\u00e1v\u011bsn\u00e9 sv\u00edtidlo ALSAGER EGLO 43984 - EGLO Hit Sez\u00f3ny -<\/title>\n<meta name=\"robots\" content=\"index, follow, max-snippet:-1, max-image-preview:large, max-video-preview:-1\" \/>\n<link rel=\"canonical\" href=\"https:\/\/www.technodompro.com\/index.php\/produkt\/zavesne-svitidlo-alsager-eglo-43984-eglo-hit-sezony-1114\/\" \/>\n<meta property=\"og:locale\" content=\"cs_CZ\" \/>\n<meta property=\"og:type\" content=\"article\" \/>\n<meta property=\"og:title\" content=\"Z\u00e1v\u011bsn\u00e9 sv\u00edtidlo ALSAGER EGLO 43984 - EGLO Hit Sez\u00f3ny -\" \/>\n<meta property=\"og:description\" content=\"Popis produktu EGLO &ndash; komplexn&iacute; \u0159e&scaron;en&iacute; osv\u011btlen&iacute;&nbsp; Osv\u011btlen&iacute;, to nen&iacute; jen samotn&eacute; t\u011bleso a st&iacute;nidlo, je zapot\u0159eb&iacute; p\u0159idat tak&eacute; sv\u011bteln&yacute; zdroj a v&scaron;echno dohromady mus&iacute; tvo\u0159it kompaktn&iacute; celek, aby mohlo dob\u0159e slou\u017eit, sv&iacute;tit a dod&aacute;vat interi&eacute;ru p\u0159&iacute;jemnou atmosf&eacute;ru. Rakousk&yacute; v&yacute;robce interi&eacute;rov&eacute;ho i venkovn&iacute;ho osv\u011btlen&iacute; EGLO proto vyr&aacute;b&iacute; nejen samotn&aacute; sv&iacute;tidla, ale tak&eacute; sv\u011bteln&eacute; zdroje a [&hellip;]\" \/>\n<meta property=\"og:url\" content=\"https:\/\/www.technodompro.com\/index.php\/produkt\/zavesne-svitidlo-alsager-eglo-43984-eglo-hit-sezony-1114\/\" \/>\n<meta property=\"og:image\" content=\"https:\/\/www.technodompro.com\/wp-content\/uploads\/2026\/SK0007772-CZ20260425-091535-0-1777079743-EG-43984.webp\" \/>\n\t<meta property=\"og:image:width\" content=\"700\" \/>\n\t<meta property=\"og:image:height\" content=\"700\" \/>\n\t<meta property=\"og:image:type\" content=\"image\/webp\" \/>\n<meta name=\"twitter:card\" content=\"summary_large_image\" \/>\n<meta name=\"twitter:label1\" content=\"Odhadovan\u00e1 doba \u010dten\u00ed\" \/>\n\t<meta name=\"twitter:data1\" content=\"2 minuty\" \/>\n<script type=\"application\/ld+json\" class=\"yoast-schema-graph\">{\"@context\":\"https:\/\/schema.org\",\"@graph\":[{\"@type\":\"WebPage\",\"@id\":\"https:\/\/www.technodompro.com\/index.php\/produkt\/zavesne-svitidlo-alsager-eglo-43984-eglo-hit-sezony-1114\/\",\"url\":\"https:\/\/www.technodompro.com\/index.php\/produkt\/zavesne-svitidlo-alsager-eglo-43984-eglo-hit-sezony-1114\/\",\"name\":\"Z\u00e1v\u011bsn\u00e9 sv\u00edtidlo ALSAGER EGLO 43984 - EGLO Hit Sez\u00f3ny -\",\"isPartOf\":{\"@id\":\"https:\/\/www.technodompro.com\/#website\"},\"primaryImageOfPage\":{\"@id\":\"https:\/\/www.technodompro.com\/index.php\/produkt\/zavesne-svitidlo-alsager-eglo-43984-eglo-hit-sezony-1114\/#primaryimage\"},\"image\":{\"@id\":\"https:\/\/www.technodompro.com\/index.php\/produkt\/zavesne-svitidlo-alsager-eglo-43984-eglo-hit-sezony-1114\/#primaryimage\"},\"thumbnailUrl\":\"https:\/\/www.technodompro.com\/wp-content\/uploads\/2026\/SK0007772-CZ20260425-091535-0-1777079743-EG-43984.webp\",\"datePublished\":\"2026-04-27T04:40:40+00:00\",\"breadcrumb\":{\"@id\":\"https:\/\/www.technodompro.com\/index.php\/produkt\/zavesne-svitidlo-alsager-eglo-43984-eglo-hit-sezony-1114\/#breadcrumb\"},\"inLanguage\":\"cs\",\"potentialAction\":[{\"@type\":\"ReadAction\",\"target\":[\"https:\/\/www.technodompro.com\/index.php\/produkt\/zavesne-svitidlo-alsager-eglo-43984-eglo-hit-sezony-1114\/\"]}]},{\"@type\":\"ImageObject\",\"inLanguage\":\"cs\",\"@id\":\"https:\/\/www.technodompro.com\/index.php\/produkt\/zavesne-svitidlo-alsager-eglo-43984-eglo-hit-sezony-1114\/#primaryimage\",\"url\":\"https:\/\/www.technodompro.com\/wp-content\/uploads\/2026\/SK0007772-CZ20260425-091535-0-1777079743-EG-43984.webp\",\"contentUrl\":\"https:\/\/www.technodompro.com\/wp-content\/uploads\/2026\/SK0007772-CZ20260425-091535-0-1777079743-EG-43984.webp\",\"width\":700,\"height\":700},{\"@type\":\"BreadcrumbList\",\"@id\":\"https:\/\/www.technodompro.com\/index.php\/produkt\/zavesne-svitidlo-alsager-eglo-43984-eglo-hit-sezony-1114\/#breadcrumb\",\"itemListElement\":[{\"@type\":\"ListItem\",\"position\":1,\"name\":\"Home\",\"item\":\"https:\/\/www.technodompro.com\/\"},{\"@type\":\"ListItem\",\"position\":2,\"name\":\"Products\",\"item\":\"https:\/\/www.technodompro.com\/index.php\/products\/\"},{\"@type\":\"ListItem\",\"position\":3,\"name\":\"Z\u00e1v\u011bsn\u00e9 sv\u00edtidlo ALSAGER EGLO 43984 &#8211; EGLO Hit Sez\u00f3ny\"}]},{\"@type\":\"WebSite\",\"@id\":\"https:\/\/www.technodompro.com\/#website\",\"url\":\"https:\/\/www.technodompro.com\/\",\"name\":\"\",\"description\":\"\",\"potentialAction\":[{\"@type\":\"SearchAction\",\"target\":{\"@type\":\"EntryPoint\",\"urlTemplate\":\"https:\/\/www.technodompro.com\/?s={search_term_string}\"},\"query-input\":{\"@type\":\"PropertyValueSpecification\",\"valueRequired\":true,\"valueName\":\"search_term_string\"}}],\"inLanguage\":\"cs\"}]}<\/script>\n<!-- \/ Yoast SEO plugin. -->","yoast_head_json":{"title":"Z\u00e1v\u011bsn\u00e9 sv\u00edtidlo ALSAGER EGLO 43984 - EGLO Hit Sez\u00f3ny -","robots":{"index":"index","follow":"follow","max-snippet":"max-snippet:-1","max-image-preview":"max-image-preview:large","max-video-preview":"max-video-preview:-1"},"canonical":"https:\/\/www.technodompro.com\/index.php\/produkt\/zavesne-svitidlo-alsager-eglo-43984-eglo-hit-sezony-1114\/","og_locale":"cs_CZ","og_type":"article","og_title":"Z\u00e1v\u011bsn\u00e9 sv\u00edtidlo ALSAGER EGLO 43984 - EGLO Hit Sez\u00f3ny -","og_description":"Popis produktu EGLO &ndash; komplexn&iacute; \u0159e&scaron;en&iacute; osv\u011btlen&iacute;&nbsp; Osv\u011btlen&iacute;, to nen&iacute; jen samotn&eacute; t\u011bleso a st&iacute;nidlo, je zapot\u0159eb&iacute; p\u0159idat tak&eacute; sv\u011bteln&yacute; zdroj a v&scaron;echno dohromady mus&iacute; tvo\u0159it kompaktn&iacute; celek, aby mohlo dob\u0159e slou\u017eit, sv&iacute;tit a dod&aacute;vat interi&eacute;ru p\u0159&iacute;jemnou atmosf&eacute;ru. Rakousk&yacute; v&yacute;robce interi&eacute;rov&eacute;ho i venkovn&iacute;ho osv\u011btlen&iacute; EGLO proto vyr&aacute;b&iacute; nejen samotn&aacute; sv&iacute;tidla, ale tak&eacute; sv\u011bteln&eacute; zdroje a [&hellip;]","og_url":"https:\/\/www.technodompro.com\/index.php\/produkt\/zavesne-svitidlo-alsager-eglo-43984-eglo-hit-sezony-1114\/","og_image":[{"width":700,"height":700,"url":"https:\/\/www.technodompro.com\/wp-content\/uploads\/2026\/SK0007772-CZ20260425-091535-0-1777079743-EG-43984.webp","type":"image\/webp"}],"twitter_card":"summary_large_image","twitter_misc":{"Odhadovan\u00e1 doba \u010dten\u00ed":"2 minuty"},"schema":{"@context":"https:\/\/schema.org","@graph":[{"@type":"WebPage","@id":"https:\/\/www.technodompro.com\/index.php\/produkt\/zavesne-svitidlo-alsager-eglo-43984-eglo-hit-sezony-1114\/","url":"https:\/\/www.technodompro.com\/index.php\/produkt\/zavesne-svitidlo-alsager-eglo-43984-eglo-hit-sezony-1114\/","name":"Z\u00e1v\u011bsn\u00e9 sv\u00edtidlo ALSAGER EGLO 43984 - EGLO Hit Sez\u00f3ny -","isPartOf":{"@id":"https:\/\/www.technodompro.com\/#website"},"primaryImageOfPage":{"@id":"https:\/\/www.technodompro.com\/index.php\/produkt\/zavesne-svitidlo-alsager-eglo-43984-eglo-hit-sezony-1114\/#primaryimage"},"image":{"@id":"https:\/\/www.technodompro.com\/index.php\/produkt\/zavesne-svitidlo-alsager-eglo-43984-eglo-hit-sezony-1114\/#primaryimage"},"thumbnailUrl":"https:\/\/www.technodompro.com\/wp-content\/uploads\/2026\/SK0007772-CZ20260425-091535-0-1777079743-EG-43984.webp","datePublished":"2026-04-27T04:40:40+00:00","breadcrumb":{"@id":"https:\/\/www.technodompro.com\/index.php\/produkt\/zavesne-svitidlo-alsager-eglo-43984-eglo-hit-sezony-1114\/#breadcrumb"},"inLanguage":"cs","potentialAction":[{"@type":"ReadAction","target":["https:\/\/www.technodompro.com\/index.php\/produkt\/zavesne-svitidlo-alsager-eglo-43984-eglo-hit-sezony-1114\/"]}]},{"@type":"ImageObject","inLanguage":"cs","@id":"https:\/\/www.technodompro.com\/index.php\/produkt\/zavesne-svitidlo-alsager-eglo-43984-eglo-hit-sezony-1114\/#primaryimage","url":"https:\/\/www.technodompro.com\/wp-content\/uploads\/2026\/SK0007772-CZ20260425-091535-0-1777079743-EG-43984.webp","contentUrl":"https:\/\/www.technodompro.com\/wp-content\/uploads\/2026\/SK0007772-CZ20260425-091535-0-1777079743-EG-43984.webp","width":700,"height":700},{"@type":"BreadcrumbList","@id":"https:\/\/www.technodompro.com\/index.php\/produkt\/zavesne-svitidlo-alsager-eglo-43984-eglo-hit-sezony-1114\/#breadcrumb","itemListElement":[{"@type":"ListItem","position":1,"name":"Home","item":"https:\/\/www.technodompro.com\/"},{"@type":"ListItem","position":2,"name":"Products","item":"https:\/\/www.technodompro.com\/index.php\/products\/"},{"@type":"ListItem","position":3,"name":"Z\u00e1v\u011bsn\u00e9 sv\u00edtidlo ALSAGER EGLO 43984 &#8211; EGLO Hit Sez\u00f3ny"}]},{"@type":"WebSite","@id":"https:\/\/www.technodompro.com\/#website","url":"https:\/\/www.technodompro.com\/","name":"","description":"","potentialAction":[{"@type":"SearchAction","target":{"@type":"EntryPoint","urlTemplate":"https:\/\/www.technodompro.com\/?s={search_term_string}"},"query-input":{"@type":"PropertyValueSpecification","valueRequired":true,"valueName":"search_term_string"}}],"inLanguage":"cs"}]}},"_links":{"self":[{"href":"https:\/\/www.technodompro.com\/index.php\/wp-json\/wp\/v2\/product\/1114","targetHints":{"allow":["GET"]}}],"collection":[{"href":"https:\/\/www.technodompro.com\/index.php\/wp-json\/wp\/v2\/product"}],"about":[{"href":"https:\/\/www.technodompro.com\/index.php\/wp-json\/wp\/v2\/types\/product"}],"replies":[{"embeddable":true,"href":"https:\/\/www.technodompro.com\/index.php\/wp-json\/wp\/v2\/comments?post=1114"}],"wp:featuredmedia":[{"embeddable":true,"href":"https:\/\/www.technodompro.com\/index.php\/wp-json\/wp\/v2\/media\/1214"}],"wp:attachment":[{"href":"https:\/\/www.technodompro.com\/index.php\/wp-json\/wp\/v2\/media?parent=1114"}],"wp:term":[{"taxonomy":"product_brand","embeddable":true,"href":"https:\/\/www.technodompro.com\/index.php\/wp-json\/wp\/v2\/product_brand?post=1114"},{"taxonomy":"product_cat","embeddable":true,"href":"https:\/\/www.technodompro.com\/index.php\/wp-json\/wp\/v2\/product_cat?post=1114"},{"taxonomy":"product_tag","embeddable":true,"href":"https:\/\/www.technodompro.com\/index.php\/wp-json\/wp\/v2\/product_tag?post=1114"}],"curies":[{"name":"wp","href":"https:\/\/api.w.org\/{rel}","templated":true}]}}