{"id":11354,"date":"2026-04-27T04:40:56","date_gmt":"2026-04-27T04:40:56","guid":{"rendered":""},"modified":"2026-04-27T04:40:56","modified_gmt":"2026-04-27T04:40:56","slug":"rychle-dodani-deante-s-sprchove-dvere-skladaci-se-stenovym-profilem-100-ktsx043p-kts-000x-kerria-0006-11354","status":"publish","type":"product","link":"https:\/\/www.technodompro.com\/index.php\/produkt\/rychle-dodani-deante-s-sprchove-dvere-skladaci-se-stenovym-profilem-100-ktsx043p-kts-000x-kerria-0006-11354\/","title":{"rendered":"Rychl\u00e9 Dod\u00e1n\u00ed DEANTE\/S &#8211; Sprchov\u00e9 dve\u0159e skl\u00e1dac\u00ed se st\u011bnov\u00fdm profilem 100 KTSX043P+KTS_000X KERRIA\/0006"},"content":{"rendered":"<div class=\"basic-description\">\n<h3>Detailn\u00ed popis produktu<\/h3>\n<p class=\"\">Sprchov\u00e9 skl\u00e1dac\u00ed dve\u0159e <strong class=\"\">KERRIA PLUS <\/strong>v\u00fd\u0161ky 2000 mm s transparentn\u00edm sklem, kter\u00e9 opticky zv\u011bt\u0161uj\u00ed m\u00edstnost a hlin\u00edkov\u00fdm profilem v chromov\u00e9m proveden\u00ed. Sklo o s\u00edle 6 mm je podrobeno procesem kalen\u00ed, kdy se sklo st\u00e1v\u00e1 tvrd\u0161\u00edm, pru\u017en\u011bj\u0161\u00edm a odoln\u011bj\u0161\u00edm. Sprchov\u00e1 z\u00e1st\u011bna je pokryta vrstvou Active Cover, kter\u00e1 m\u00e1 hydrofobn\u00ed vlastnosti. Nejsou zde \u017e\u00e1dn\u00e9 nevzhledn\u00e9 skvrny a \u010di\u0161t\u011bn\u00ed nen\u00ed pot\u0159eba tak \u010dasto. Vyzna\u010duj\u00ed se velmi tich\u00fdm chodem, a to d\u00edky magnetick\u00e9mu t\u011bsn\u011bn\u00ed, kter\u00e9 zm\u011bk\u010duje zav\u00edr\u00e1n\u00ed.\u00a0<\/p>\n<ul>\n<li>profily vyrovn\u00e1vaj\u00edc\u00ed zak\u0159iven\u00ed st\u011bn<\/li>\n<li>skryt\u00e9 mont\u00e1\u017en\u00ed prvky<\/li>\n<li>TOTALWHITE transparentn\u00ed sklo<\/li>\n<li>bezpe\u010dn\u00e9 a odoln\u00e9 tvrzen\u00e9 sklo<\/li>\n<li>profilov\u00fd syst\u00e9m umo\u017e\u0148uje kompenzovat zak\u0159iven\u00ed st\u011bn<\/li>\n<li>hydrofobn\u00ed aktivn\u00ed kryc\u00ed vrstva na skle omezuje tvorbu vodn\u00edho kamene<\/li>\n<li>univerz\u00e1ln\u00ed mont\u00e1\u017e kabiny na pravou nebo levou stranu<\/li>\n<li>p\u0159esn\u00e9 zav\u00edr\u00e1n\u00ed dve\u0159\u00ed d\u00edky zvedac\u00edm pant\u016fm<\/li>\n<li>panty v rovin\u011b skla<\/li>\n<\/ul>\n<p>Lze ji namontovat p\u0159\u00edmo na dla\u017ebu nebo tradi\u010dn\u011b se sprchovou vani\u010dkou.<\/p>\n<\/p>\n<\/p>\n<\/p><\/div>\n<div class=\"extended-description\">\n<h3>Dopl\u0148kov\u00e9 parametry<\/h3>\n<table class=\"detail-parameters\">\n<tbody>\n<tr>\n<th>        <span class=\"row-header-label\">            Kategorie<span class=\"row-header-label-colon\">:<\/span>        <\/span>    <\/th>\n<td>            <\/td>\n<\/tr>\n<tr>\n<th>            <span class=\"row-header-label\">                Z\u00e1ruka<span class=\"row-header-label-colon\">:<\/span>            <\/span>        <\/th>\n<td>            2 roky        <\/td>\n<\/tr>\n<tr>\n<th>            <span class=\"row-header-label\">                Hmotnost<span class=\"row-header-label-colon\">:<\/span>            <\/span>        <\/th>\n<td>            30 kg        <\/td>\n<\/tr>\n<tr class=\"productEan\">\n<th>          <span class=\"row-header-label productEan__label\">              EAN<span class=\"row-header-label-colon\">:<\/span>          <\/span>      <\/th>\n<td>          <span class=\"productEan__value\">8596462210948<\/span>      <\/td>\n<\/tr>\n<tr>\n<th>                <span class=\"row-header-label\">                                            Dostupnost<span class=\"row-header-label-colon\">:<\/span>                                    <\/span>            <\/th>\n<td>                                                            Dod\u00e1n\u00ed do 14ti dn\u016f                                                <\/td>\n<\/tr>\n<\/tbody>\n<\/table><\/div>\n<\/p><\/div>\n<\/p><\/div>\n","protected":false},"excerpt":{"rendered":"<p>Detailn\u00ed popis produktu Sprchov\u00e9 skl\u00e1dac\u00ed dve\u0159e KERRIA PLUS v\u00fd\u0161ky 2000 mm s transparentn\u00edm sklem, kter\u00e9 opticky zv\u011bt\u0161uj\u00ed m\u00edstnost a hlin\u00edkov\u00fdm profilem v chromov\u00e9m proveden\u00ed. Sklo o s\u00edle 6 mm je podrobeno procesem kalen\u00ed, kdy se sklo st\u00e1v\u00e1 tvrd\u0161\u00edm, pru\u017en\u011bj\u0161\u00edm a odoln\u011bj\u0161\u00edm. Sprchov\u00e1 z\u00e1st\u011bna je pokryta vrstvou Active Cover, kter\u00e1 m\u00e1 hydrofobn\u00ed vlastnosti. Nejsou zde \u017e\u00e1dn\u00e9 [&hellip;]<\/p>\n","protected":false},"featured_media":11454,"comment_status":"open","ping_status":"open","template":"","meta":[],"product_brand":[],"product_cat":[52],"product_tag":[],"class_list":{"0":"post-11354","1":"product","2":"type-product","3":"status-publish","4":"has-post-thumbnail","6":"product_cat-sprchove-kouty","8":"first","9":"instock","10":"sale","11":"shipping-taxable","12":"purchasable","13":"product-type-simple"},"yoast_head":"<!-- This site is optimized with the Yoast SEO plugin v26.8 - https:\/\/yoast.com\/product\/yoast-seo-wordpress\/ -->\n<title>Rychl\u00e9 Dod\u00e1n\u00ed DEANTE\/S - Sprchov\u00e9 dve\u0159e skl\u00e1dac\u00ed se st\u011bnov\u00fdm profilem 100 KTSX043P+KTS_000X KERRIA\/0006 -<\/title>\n<meta name=\"robots\" content=\"index, follow, max-snippet:-1, max-image-preview:large, max-video-preview:-1\" \/>\n<link rel=\"canonical\" href=\"https:\/\/www.technodompro.com\/index.php\/produkt\/rychle-dodani-deante-s-sprchove-dvere-skladaci-se-stenovym-profilem-100-ktsx043p-kts-000x-kerria-0006-11354\/\" \/>\n<meta property=\"og:locale\" content=\"cs_CZ\" \/>\n<meta property=\"og:type\" content=\"article\" \/>\n<meta property=\"og:title\" content=\"Rychl\u00e9 Dod\u00e1n\u00ed DEANTE\/S - Sprchov\u00e9 dve\u0159e skl\u00e1dac\u00ed se st\u011bnov\u00fdm profilem 100 KTSX043P+KTS_000X KERRIA\/0006 -\" \/>\n<meta property=\"og:description\" content=\"Detailn\u00ed popis produktu Sprchov\u00e9 skl\u00e1dac\u00ed dve\u0159e KERRIA PLUS v\u00fd\u0161ky 2000 mm s transparentn\u00edm sklem, kter\u00e9 opticky zv\u011bt\u0161uj\u00ed m\u00edstnost a hlin\u00edkov\u00fdm profilem v chromov\u00e9m proveden\u00ed. Sklo o s\u00edle 6 mm je podrobeno procesem kalen\u00ed, kdy se sklo st\u00e1v\u00e1 tvrd\u0161\u00edm, pru\u017en\u011bj\u0161\u00edm a odoln\u011bj\u0161\u00edm. Sprchov\u00e1 z\u00e1st\u011bna je pokryta vrstvou Active Cover, kter\u00e1 m\u00e1 hydrofobn\u00ed vlastnosti. Nejsou zde \u017e\u00e1dn\u00e9 [&hellip;]\" \/>\n<meta property=\"og:url\" content=\"https:\/\/www.technodompro.com\/index.php\/produkt\/rychle-dodani-deante-s-sprchove-dvere-skladaci-se-stenovym-profilem-100-ktsx043p-kts-000x-kerria-0006-11354\/\" \/>\n<meta property=\"og:image\" content=\"https:\/\/www.technodompro.com\/wp-content\/uploads\/2026\/SK0015061-CZ20260425-092556-0-1777080363-1066926_deante-s-sprchove-dvere-skladaci-se-stenovym-profil.webp\" \/>\n\t<meta property=\"og:image:width\" content=\"1000\" \/>\n\t<meta property=\"og:image:height\" content=\"750\" \/>\n\t<meta property=\"og:image:type\" content=\"image\/webp\" \/>\n<meta name=\"twitter:card\" content=\"summary_large_image\" \/>\n<meta name=\"twitter:label1\" content=\"Odhadovan\u00e1 doba \u010dten\u00ed\" \/>\n\t<meta name=\"twitter:data1\" content=\"1 minuta\" \/>\n<script type=\"application\/ld+json\" class=\"yoast-schema-graph\">{\"@context\":\"https:\/\/schema.org\",\"@graph\":[{\"@type\":\"WebPage\",\"@id\":\"https:\/\/www.technodompro.com\/index.php\/produkt\/rychle-dodani-deante-s-sprchove-dvere-skladaci-se-stenovym-profilem-100-ktsx043p-kts-000x-kerria-0006-11354\/\",\"url\":\"https:\/\/www.technodompro.com\/index.php\/produkt\/rychle-dodani-deante-s-sprchove-dvere-skladaci-se-stenovym-profilem-100-ktsx043p-kts-000x-kerria-0006-11354\/\",\"name\":\"Rychl\u00e9 Dod\u00e1n\u00ed DEANTE\/S - Sprchov\u00e9 dve\u0159e skl\u00e1dac\u00ed se st\u011bnov\u00fdm profilem 100 KTSX043P+KTS_000X KERRIA\/0006 -\",\"isPartOf\":{\"@id\":\"https:\/\/www.technodompro.com\/#website\"},\"primaryImageOfPage\":{\"@id\":\"https:\/\/www.technodompro.com\/index.php\/produkt\/rychle-dodani-deante-s-sprchove-dvere-skladaci-se-stenovym-profilem-100-ktsx043p-kts-000x-kerria-0006-11354\/#primaryimage\"},\"image\":{\"@id\":\"https:\/\/www.technodompro.com\/index.php\/produkt\/rychle-dodani-deante-s-sprchove-dvere-skladaci-se-stenovym-profilem-100-ktsx043p-kts-000x-kerria-0006-11354\/#primaryimage\"},\"thumbnailUrl\":\"https:\/\/www.technodompro.com\/wp-content\/uploads\/2026\/SK0015061-CZ20260425-092556-0-1777080363-1066926_deante-s-sprchove-dvere-skladaci-se-stenovym-profil.webp\",\"datePublished\":\"2026-04-27T04:40:56+00:00\",\"breadcrumb\":{\"@id\":\"https:\/\/www.technodompro.com\/index.php\/produkt\/rychle-dodani-deante-s-sprchove-dvere-skladaci-se-stenovym-profilem-100-ktsx043p-kts-000x-kerria-0006-11354\/#breadcrumb\"},\"inLanguage\":\"cs\",\"potentialAction\":[{\"@type\":\"ReadAction\",\"target\":[\"https:\/\/www.technodompro.com\/index.php\/produkt\/rychle-dodani-deante-s-sprchove-dvere-skladaci-se-stenovym-profilem-100-ktsx043p-kts-000x-kerria-0006-11354\/\"]}]},{\"@type\":\"ImageObject\",\"inLanguage\":\"cs\",\"@id\":\"https:\/\/www.technodompro.com\/index.php\/produkt\/rychle-dodani-deante-s-sprchove-dvere-skladaci-se-stenovym-profilem-100-ktsx043p-kts-000x-kerria-0006-11354\/#primaryimage\",\"url\":\"https:\/\/www.technodompro.com\/wp-content\/uploads\/2026\/SK0015061-CZ20260425-092556-0-1777080363-1066926_deante-s-sprchove-dvere-skladaci-se-stenovym-profil.webp\",\"contentUrl\":\"https:\/\/www.technodompro.com\/wp-content\/uploads\/2026\/SK0015061-CZ20260425-092556-0-1777080363-1066926_deante-s-sprchove-dvere-skladaci-se-stenovym-profil.webp\",\"width\":1000,\"height\":750},{\"@type\":\"BreadcrumbList\",\"@id\":\"https:\/\/www.technodompro.com\/index.php\/produkt\/rychle-dodani-deante-s-sprchove-dvere-skladaci-se-stenovym-profilem-100-ktsx043p-kts-000x-kerria-0006-11354\/#breadcrumb\",\"itemListElement\":[{\"@type\":\"ListItem\",\"position\":1,\"name\":\"Home\",\"item\":\"https:\/\/www.technodompro.com\/\"},{\"@type\":\"ListItem\",\"position\":2,\"name\":\"Products\",\"item\":\"https:\/\/www.technodompro.com\/index.php\/products\/\"},{\"@type\":\"ListItem\",\"position\":3,\"name\":\"Rychl\u00e9 Dod\u00e1n\u00ed DEANTE\/S &#8211; Sprchov\u00e9 dve\u0159e skl\u00e1dac\u00ed se st\u011bnov\u00fdm profilem 100 KTSX043P+KTS_000X KERRIA\/0006\"}]},{\"@type\":\"WebSite\",\"@id\":\"https:\/\/www.technodompro.com\/#website\",\"url\":\"https:\/\/www.technodompro.com\/\",\"name\":\"\",\"description\":\"\",\"potentialAction\":[{\"@type\":\"SearchAction\",\"target\":{\"@type\":\"EntryPoint\",\"urlTemplate\":\"https:\/\/www.technodompro.com\/?s={search_term_string}\"},\"query-input\":{\"@type\":\"PropertyValueSpecification\",\"valueRequired\":true,\"valueName\":\"search_term_string\"}}],\"inLanguage\":\"cs\"}]}<\/script>\n<!-- \/ Yoast SEO plugin. -->","yoast_head_json":{"title":"Rychl\u00e9 Dod\u00e1n\u00ed DEANTE\/S - Sprchov\u00e9 dve\u0159e skl\u00e1dac\u00ed se st\u011bnov\u00fdm profilem 100 KTSX043P+KTS_000X KERRIA\/0006 -","robots":{"index":"index","follow":"follow","max-snippet":"max-snippet:-1","max-image-preview":"max-image-preview:large","max-video-preview":"max-video-preview:-1"},"canonical":"https:\/\/www.technodompro.com\/index.php\/produkt\/rychle-dodani-deante-s-sprchove-dvere-skladaci-se-stenovym-profilem-100-ktsx043p-kts-000x-kerria-0006-11354\/","og_locale":"cs_CZ","og_type":"article","og_title":"Rychl\u00e9 Dod\u00e1n\u00ed DEANTE\/S - Sprchov\u00e9 dve\u0159e skl\u00e1dac\u00ed se st\u011bnov\u00fdm profilem 100 KTSX043P+KTS_000X KERRIA\/0006 -","og_description":"Detailn\u00ed popis produktu Sprchov\u00e9 skl\u00e1dac\u00ed dve\u0159e KERRIA PLUS v\u00fd\u0161ky 2000 mm s transparentn\u00edm sklem, kter\u00e9 opticky zv\u011bt\u0161uj\u00ed m\u00edstnost a hlin\u00edkov\u00fdm profilem v chromov\u00e9m proveden\u00ed. Sklo o s\u00edle 6 mm je podrobeno procesem kalen\u00ed, kdy se sklo st\u00e1v\u00e1 tvrd\u0161\u00edm, pru\u017en\u011bj\u0161\u00edm a odoln\u011bj\u0161\u00edm. Sprchov\u00e1 z\u00e1st\u011bna je pokryta vrstvou Active Cover, kter\u00e1 m\u00e1 hydrofobn\u00ed vlastnosti. Nejsou zde \u017e\u00e1dn\u00e9 [&hellip;]","og_url":"https:\/\/www.technodompro.com\/index.php\/produkt\/rychle-dodani-deante-s-sprchove-dvere-skladaci-se-stenovym-profilem-100-ktsx043p-kts-000x-kerria-0006-11354\/","og_image":[{"width":1000,"height":750,"url":"https:\/\/www.technodompro.com\/wp-content\/uploads\/2026\/SK0015061-CZ20260425-092556-0-1777080363-1066926_deante-s-sprchove-dvere-skladaci-se-stenovym-profil.webp","type":"image\/webp"}],"twitter_card":"summary_large_image","twitter_misc":{"Odhadovan\u00e1 doba \u010dten\u00ed":"1 minuta"},"schema":{"@context":"https:\/\/schema.org","@graph":[{"@type":"WebPage","@id":"https:\/\/www.technodompro.com\/index.php\/produkt\/rychle-dodani-deante-s-sprchove-dvere-skladaci-se-stenovym-profilem-100-ktsx043p-kts-000x-kerria-0006-11354\/","url":"https:\/\/www.technodompro.com\/index.php\/produkt\/rychle-dodani-deante-s-sprchove-dvere-skladaci-se-stenovym-profilem-100-ktsx043p-kts-000x-kerria-0006-11354\/","name":"Rychl\u00e9 Dod\u00e1n\u00ed DEANTE\/S - Sprchov\u00e9 dve\u0159e skl\u00e1dac\u00ed se st\u011bnov\u00fdm profilem 100 KTSX043P+KTS_000X KERRIA\/0006 -","isPartOf":{"@id":"https:\/\/www.technodompro.com\/#website"},"primaryImageOfPage":{"@id":"https:\/\/www.technodompro.com\/index.php\/produkt\/rychle-dodani-deante-s-sprchove-dvere-skladaci-se-stenovym-profilem-100-ktsx043p-kts-000x-kerria-0006-11354\/#primaryimage"},"image":{"@id":"https:\/\/www.technodompro.com\/index.php\/produkt\/rychle-dodani-deante-s-sprchove-dvere-skladaci-se-stenovym-profilem-100-ktsx043p-kts-000x-kerria-0006-11354\/#primaryimage"},"thumbnailUrl":"https:\/\/www.technodompro.com\/wp-content\/uploads\/2026\/SK0015061-CZ20260425-092556-0-1777080363-1066926_deante-s-sprchove-dvere-skladaci-se-stenovym-profil.webp","datePublished":"2026-04-27T04:40:56+00:00","breadcrumb":{"@id":"https:\/\/www.technodompro.com\/index.php\/produkt\/rychle-dodani-deante-s-sprchove-dvere-skladaci-se-stenovym-profilem-100-ktsx043p-kts-000x-kerria-0006-11354\/#breadcrumb"},"inLanguage":"cs","potentialAction":[{"@type":"ReadAction","target":["https:\/\/www.technodompro.com\/index.php\/produkt\/rychle-dodani-deante-s-sprchove-dvere-skladaci-se-stenovym-profilem-100-ktsx043p-kts-000x-kerria-0006-11354\/"]}]},{"@type":"ImageObject","inLanguage":"cs","@id":"https:\/\/www.technodompro.com\/index.php\/produkt\/rychle-dodani-deante-s-sprchove-dvere-skladaci-se-stenovym-profilem-100-ktsx043p-kts-000x-kerria-0006-11354\/#primaryimage","url":"https:\/\/www.technodompro.com\/wp-content\/uploads\/2026\/SK0015061-CZ20260425-092556-0-1777080363-1066926_deante-s-sprchove-dvere-skladaci-se-stenovym-profil.webp","contentUrl":"https:\/\/www.technodompro.com\/wp-content\/uploads\/2026\/SK0015061-CZ20260425-092556-0-1777080363-1066926_deante-s-sprchove-dvere-skladaci-se-stenovym-profil.webp","width":1000,"height":750},{"@type":"BreadcrumbList","@id":"https:\/\/www.technodompro.com\/index.php\/produkt\/rychle-dodani-deante-s-sprchove-dvere-skladaci-se-stenovym-profilem-100-ktsx043p-kts-000x-kerria-0006-11354\/#breadcrumb","itemListElement":[{"@type":"ListItem","position":1,"name":"Home","item":"https:\/\/www.technodompro.com\/"},{"@type":"ListItem","position":2,"name":"Products","item":"https:\/\/www.technodompro.com\/index.php\/products\/"},{"@type":"ListItem","position":3,"name":"Rychl\u00e9 Dod\u00e1n\u00ed DEANTE\/S &#8211; Sprchov\u00e9 dve\u0159e skl\u00e1dac\u00ed se st\u011bnov\u00fdm profilem 100 KTSX043P+KTS_000X KERRIA\/0006"}]},{"@type":"WebSite","@id":"https:\/\/www.technodompro.com\/#website","url":"https:\/\/www.technodompro.com\/","name":"","description":"","potentialAction":[{"@type":"SearchAction","target":{"@type":"EntryPoint","urlTemplate":"https:\/\/www.technodompro.com\/?s={search_term_string}"},"query-input":{"@type":"PropertyValueSpecification","valueRequired":true,"valueName":"search_term_string"}}],"inLanguage":"cs"}]}},"_links":{"self":[{"href":"https:\/\/www.technodompro.com\/index.php\/wp-json\/wp\/v2\/product\/11354","targetHints":{"allow":["GET"]}}],"collection":[{"href":"https:\/\/www.technodompro.com\/index.php\/wp-json\/wp\/v2\/product"}],"about":[{"href":"https:\/\/www.technodompro.com\/index.php\/wp-json\/wp\/v2\/types\/product"}],"replies":[{"embeddable":true,"href":"https:\/\/www.technodompro.com\/index.php\/wp-json\/wp\/v2\/comments?post=11354"}],"wp:featuredmedia":[{"embeddable":true,"href":"https:\/\/www.technodompro.com\/index.php\/wp-json\/wp\/v2\/media\/11454"}],"wp:attachment":[{"href":"https:\/\/www.technodompro.com\/index.php\/wp-json\/wp\/v2\/media?parent=11354"}],"wp:term":[{"taxonomy":"product_brand","embeddable":true,"href":"https:\/\/www.technodompro.com\/index.php\/wp-json\/wp\/v2\/product_brand?post=11354"},{"taxonomy":"product_cat","embeddable":true,"href":"https:\/\/www.technodompro.com\/index.php\/wp-json\/wp\/v2\/product_cat?post=11354"},{"taxonomy":"product_tag","embeddable":true,"href":"https:\/\/www.technodompro.com\/index.php\/wp-json\/wp\/v2\/product_tag?post=11354"}],"curies":[{"name":"wp","href":"https:\/\/api.w.org\/{rel}","templated":true}]}}