{"id":11894,"date":"2026-04-27T04:40:58","date_gmt":"2026-04-27T04:40:58","guid":{"rendered":""},"modified":"2026-04-27T04:40:58","modified_gmt":"2026-04-27T04:40:58","slug":"aktualni-deante-correo-kovove-seda-granitova-sprchova-vanicka-obdelnikova-100x70-cm-kqr-s75b-11894","status":"publish","type":"product","link":"https:\/\/www.technodompro.com\/index.php\/produkt\/aktualni-deante-correo-kovove-seda-granitova-sprchova-vanicka-obdelnikova-100x70-cm-kqr-s75b-11894\/","title":{"rendered":"Aktu\u00e1ln\u00ed DEANTE &#8211; Correo kovov\u011b \u0161ed\u00e1 Granitov\u00e1 sprchov\u00e1 vani\u010dka, obd\u00e9ln\u00edkov\u00e1, 100&#215;70 cm KQR_S75B"},"content":{"rendered":"<div class=\"basic-description\">\n<h3>Detailn\u00ed popis produktu<\/h3>\n<p>                                    Modern\u00ed \u017eulov\u00e1 sprchov\u00e1 vani\u010dka vytvo\u0159en\u00e1 a vyroben\u00e1 v\u00fdhradn\u011b v Polsku. Je vysoce odoln\u00fd proti n\u00e1raz\u016fm, teplotn\u00edm rozd\u00edl\u016fm a zm\u011bn\u011b barvy. Pokud pl\u00e1nujete vybavovat koupelnu na mnoho let, jste na spr\u00e1vn\u00e9m m\u00edst\u011b. Udr\u017eov\u00e1n\u00ed \u010distoty usnad\u0148uje jej\u00ed hydrofobnost, rovn\u00fd povrch a kryt odtoku. Voda voln\u011b te\u010de a nezanech\u00e1v\u00e1 \u017e\u00e1dn\u00e9 zbytky kamene. Na vzhled nelze zapomenout! Granitov\u00e1 sprchov\u00e1 vani\u010dka skv\u011ble zapadne do ka\u017ed\u00e9 jedine\u010dn\u00e9 koupelny. Obd\u00e9ln\u00edkov\u00fd tvar, kter\u00fd je ide\u00e1ln\u00ed do vestav\u011bn\u00fdch nebo v\u011bt\u0161\u00edch koupelen.<\/p>\n<ul>\n<li> Vlastnosti \u017euly Deante: odolnost proti n\u00e1razu, vysok\u00e9 teplot\u011b, zm\u011bn\u011b barvy, tepeln\u00e9mu \u0161oku &#8211; v souladu s evropskou normou PN-EN 13310<\/li>\n<li> Hydrofobn\u00ed vlastnosti odpuzuj\u00ed molekuly vody<\/li>\n<li> Pro instalaci na \u00farovni podlahy, p\u0159\u00edmo na pot\u011br nebo podep\u0159en\u00e9 stavebn\u00edm materi\u00e1lem<\/li>\n<li> Mo\u017enost \u0159ez\u00e1n\u00ed \u017eulov\u00e9 sprchov\u00e9 vani\u010dky<\/li>\n<li> Pozornost! Sifon NHC_029C je vhodn\u00fd pro sprchovou vani\u010dku<\/li>\n<li> Pouze ty nejlep\u0161\u00ed materi\u00e1ly, jejich\u017e kvalitu potvrzuj\u00ed laboratorn\u00ed testy<\/li>\n<li> \u017dula obohacen\u00e1 ionty st\u0159\u00edbra dod\u00e1v\u00e1 antiseptick\u00e9 vlastnosti<\/li>\n<li> Nab\u00eddka zahrnuje speci\u00e1ln\u00ed prost\u0159edek, kter\u00fd je bezpe\u010dn\u00fd pro \u010di\u0161t\u011bn\u00e9 povrchy<\/li>\n<li> Protiskluzov\u00e9 vlastnosti \u017eulov\u00fdch sprchov\u00fdch van<\/li>\n<\/ul><\/div>\n<div class=\"extended-description\">\n<h3>Dopl\u0148kov\u00e9 parametry<\/h3>\n<table class=\"detail-parameters\">\n<tbody>\n<tr>\n<th>        <span class=\"row-header-label\">            Kategorie<span class=\"row-header-label-colon\">:<\/span>        <\/span>    <\/th>\n<td>            <\/td>\n<\/tr>\n<tr>\n<th>            <span class=\"row-header-label\">                Z\u00e1ruka<span class=\"row-header-label-colon\">:<\/span>            <\/span>        <\/th>\n<td>            24        <\/td>\n<\/tr>\n<tr>\n<th>            <span class=\"row-header-label\">                Hmotnost<span class=\"row-header-label-colon\">:<\/span>            <\/span>        <\/th>\n<td>            30 kg        <\/td>\n<\/tr>\n<tr class=\"productEan\">\n<th>          <span class=\"row-header-label productEan__label\">              EAN<span class=\"row-header-label-colon\">:<\/span>          <\/span>      <\/th>\n<td>          <span class=\"productEan__value\">5907650837749<\/span>      <\/td>\n<\/tr>\n<tr>\n<th>                <span class=\"row-header-label\">                                            Dostupnost<span class=\"row-header-label-colon\">:<\/span>                                    <\/span>            <\/th>\n<td>                                                            Dod\u00e1n\u00ed do 14ti dn\u016f                                                <\/td>\n<\/tr>\n<\/tbody>\n<\/table><\/div>\n<\/p><\/div>\n<\/p><\/div>\n","protected":false},"excerpt":{"rendered":"<p>Detailn\u00ed popis produktu Modern\u00ed \u017eulov\u00e1 sprchov\u00e1 vani\u010dka vytvo\u0159en\u00e1 a vyroben\u00e1 v\u00fdhradn\u011b v Polsku. Je vysoce odoln\u00fd proti n\u00e1raz\u016fm, teplotn\u00edm rozd\u00edl\u016fm a zm\u011bn\u011b barvy. Pokud pl\u00e1nujete vybavovat koupelnu na mnoho let, jste na spr\u00e1vn\u00e9m m\u00edst\u011b. Udr\u017eov\u00e1n\u00ed \u010distoty usnad\u0148uje jej\u00ed hydrofobnost, rovn\u00fd povrch a kryt odtoku. Voda voln\u011b te\u010de a nezanech\u00e1v\u00e1 \u017e\u00e1dn\u00e9 zbytky kamene. Na vzhled nelze [&hellip;]<\/p>\n","protected":false},"featured_media":11994,"comment_status":"open","ping_status":"open","template":"","meta":[],"product_brand":[],"product_cat":[53],"product_tag":[],"class_list":{"0":"post-11894","1":"product","2":"type-product","3":"status-publish","4":"has-post-thumbnail","6":"product_cat-sprchove-vanicky","8":"first","9":"instock","10":"sale","11":"shipping-taxable","12":"purchasable","13":"product-type-simple"},"yoast_head":"<!-- This site is optimized with the Yoast SEO plugin v26.8 - https:\/\/yoast.com\/product\/yoast-seo-wordpress\/ -->\n<title>Aktu\u00e1ln\u00ed DEANTE - Correo kovov\u011b \u0161ed\u00e1 Granitov\u00e1 sprchov\u00e1 vani\u010dka, obd\u00e9ln\u00edkov\u00e1, 100x70 cm KQR_S75B -<\/title>\n<meta name=\"robots\" content=\"index, follow, max-snippet:-1, max-image-preview:large, max-video-preview:-1\" \/>\n<link rel=\"canonical\" href=\"https:\/\/www.technodompro.com\/index.php\/produkt\/aktualni-deante-correo-kovove-seda-granitova-sprchova-vanicka-obdelnikova-100x70-cm-kqr-s75b-11894\/\" \/>\n<meta property=\"og:locale\" content=\"cs_CZ\" \/>\n<meta property=\"og:type\" content=\"article\" \/>\n<meta property=\"og:title\" content=\"Aktu\u00e1ln\u00ed DEANTE - Correo kovov\u011b \u0161ed\u00e1 Granitov\u00e1 sprchov\u00e1 vani\u010dka, obd\u00e9ln\u00edkov\u00e1, 100x70 cm KQR_S75B -\" \/>\n<meta property=\"og:description\" content=\"Detailn\u00ed popis produktu Modern\u00ed \u017eulov\u00e1 sprchov\u00e1 vani\u010dka vytvo\u0159en\u00e1 a vyroben\u00e1 v\u00fdhradn\u011b v Polsku. Je vysoce odoln\u00fd proti n\u00e1raz\u016fm, teplotn\u00edm rozd\u00edl\u016fm a zm\u011bn\u011b barvy. Pokud pl\u00e1nujete vybavovat koupelnu na mnoho let, jste na spr\u00e1vn\u00e9m m\u00edst\u011b. Udr\u017eov\u00e1n\u00ed \u010distoty usnad\u0148uje jej\u00ed hydrofobnost, rovn\u00fd povrch a kryt odtoku. Voda voln\u011b te\u010de a nezanech\u00e1v\u00e1 \u017e\u00e1dn\u00e9 zbytky kamene. Na vzhled nelze [&hellip;]\" \/>\n<meta property=\"og:url\" content=\"https:\/\/www.technodompro.com\/index.php\/produkt\/aktualni-deante-correo-kovove-seda-granitova-sprchova-vanicka-obdelnikova-100x70-cm-kqr-s75b-11894\/\" \/>\n<meta property=\"og:image\" content=\"https:\/\/www.technodompro.com\/wp-content\/uploads\/2026\/SK0015316-CZ20260425-092556-0-1777080363-1072128_deante-correo-kovove-seda-granitova-sprchova-vanick.webp\" \/>\n\t<meta property=\"og:image:width\" content=\"1000\" \/>\n\t<meta property=\"og:image:height\" content=\"750\" \/>\n\t<meta property=\"og:image:type\" content=\"image\/webp\" \/>\n<meta name=\"twitter:card\" content=\"summary_large_image\" \/>\n<meta name=\"twitter:label1\" content=\"Odhadovan\u00e1 doba \u010dten\u00ed\" \/>\n\t<meta name=\"twitter:data1\" content=\"1 minuta\" \/>\n<script type=\"application\/ld+json\" class=\"yoast-schema-graph\">{\"@context\":\"https:\/\/schema.org\",\"@graph\":[{\"@type\":\"WebPage\",\"@id\":\"https:\/\/www.technodompro.com\/index.php\/produkt\/aktualni-deante-correo-kovove-seda-granitova-sprchova-vanicka-obdelnikova-100x70-cm-kqr-s75b-11894\/\",\"url\":\"https:\/\/www.technodompro.com\/index.php\/produkt\/aktualni-deante-correo-kovove-seda-granitova-sprchova-vanicka-obdelnikova-100x70-cm-kqr-s75b-11894\/\",\"name\":\"Aktu\u00e1ln\u00ed DEANTE - Correo kovov\u011b \u0161ed\u00e1 Granitov\u00e1 sprchov\u00e1 vani\u010dka, obd\u00e9ln\u00edkov\u00e1, 100x70 cm KQR_S75B -\",\"isPartOf\":{\"@id\":\"https:\/\/www.technodompro.com\/#website\"},\"primaryImageOfPage\":{\"@id\":\"https:\/\/www.technodompro.com\/index.php\/produkt\/aktualni-deante-correo-kovove-seda-granitova-sprchova-vanicka-obdelnikova-100x70-cm-kqr-s75b-11894\/#primaryimage\"},\"image\":{\"@id\":\"https:\/\/www.technodompro.com\/index.php\/produkt\/aktualni-deante-correo-kovove-seda-granitova-sprchova-vanicka-obdelnikova-100x70-cm-kqr-s75b-11894\/#primaryimage\"},\"thumbnailUrl\":\"https:\/\/www.technodompro.com\/wp-content\/uploads\/2026\/SK0015316-CZ20260425-092556-0-1777080363-1072128_deante-correo-kovove-seda-granitova-sprchova-vanick.webp\",\"datePublished\":\"2026-04-27T04:40:58+00:00\",\"breadcrumb\":{\"@id\":\"https:\/\/www.technodompro.com\/index.php\/produkt\/aktualni-deante-correo-kovove-seda-granitova-sprchova-vanicka-obdelnikova-100x70-cm-kqr-s75b-11894\/#breadcrumb\"},\"inLanguage\":\"cs\",\"potentialAction\":[{\"@type\":\"ReadAction\",\"target\":[\"https:\/\/www.technodompro.com\/index.php\/produkt\/aktualni-deante-correo-kovove-seda-granitova-sprchova-vanicka-obdelnikova-100x70-cm-kqr-s75b-11894\/\"]}]},{\"@type\":\"ImageObject\",\"inLanguage\":\"cs\",\"@id\":\"https:\/\/www.technodompro.com\/index.php\/produkt\/aktualni-deante-correo-kovove-seda-granitova-sprchova-vanicka-obdelnikova-100x70-cm-kqr-s75b-11894\/#primaryimage\",\"url\":\"https:\/\/www.technodompro.com\/wp-content\/uploads\/2026\/SK0015316-CZ20260425-092556-0-1777080363-1072128_deante-correo-kovove-seda-granitova-sprchova-vanick.webp\",\"contentUrl\":\"https:\/\/www.technodompro.com\/wp-content\/uploads\/2026\/SK0015316-CZ20260425-092556-0-1777080363-1072128_deante-correo-kovove-seda-granitova-sprchova-vanick.webp\",\"width\":1000,\"height\":750},{\"@type\":\"BreadcrumbList\",\"@id\":\"https:\/\/www.technodompro.com\/index.php\/produkt\/aktualni-deante-correo-kovove-seda-granitova-sprchova-vanicka-obdelnikova-100x70-cm-kqr-s75b-11894\/#breadcrumb\",\"itemListElement\":[{\"@type\":\"ListItem\",\"position\":1,\"name\":\"Home\",\"item\":\"https:\/\/www.technodompro.com\/\"},{\"@type\":\"ListItem\",\"position\":2,\"name\":\"Products\",\"item\":\"https:\/\/www.technodompro.com\/index.php\/products\/\"},{\"@type\":\"ListItem\",\"position\":3,\"name\":\"Aktu\u00e1ln\u00ed DEANTE &#8211; Correo kovov\u011b \u0161ed\u00e1 Granitov\u00e1 sprchov\u00e1 vani\u010dka, obd\u00e9ln\u00edkov\u00e1, 100&#215;70 cm KQR_S75B\"}]},{\"@type\":\"WebSite\",\"@id\":\"https:\/\/www.technodompro.com\/#website\",\"url\":\"https:\/\/www.technodompro.com\/\",\"name\":\"\",\"description\":\"\",\"potentialAction\":[{\"@type\":\"SearchAction\",\"target\":{\"@type\":\"EntryPoint\",\"urlTemplate\":\"https:\/\/www.technodompro.com\/?s={search_term_string}\"},\"query-input\":{\"@type\":\"PropertyValueSpecification\",\"valueRequired\":true,\"valueName\":\"search_term_string\"}}],\"inLanguage\":\"cs\"}]}<\/script>\n<!-- \/ Yoast SEO plugin. -->","yoast_head_json":{"title":"Aktu\u00e1ln\u00ed DEANTE - Correo kovov\u011b \u0161ed\u00e1 Granitov\u00e1 sprchov\u00e1 vani\u010dka, obd\u00e9ln\u00edkov\u00e1, 100x70 cm KQR_S75B -","robots":{"index":"index","follow":"follow","max-snippet":"max-snippet:-1","max-image-preview":"max-image-preview:large","max-video-preview":"max-video-preview:-1"},"canonical":"https:\/\/www.technodompro.com\/index.php\/produkt\/aktualni-deante-correo-kovove-seda-granitova-sprchova-vanicka-obdelnikova-100x70-cm-kqr-s75b-11894\/","og_locale":"cs_CZ","og_type":"article","og_title":"Aktu\u00e1ln\u00ed DEANTE - Correo kovov\u011b \u0161ed\u00e1 Granitov\u00e1 sprchov\u00e1 vani\u010dka, obd\u00e9ln\u00edkov\u00e1, 100x70 cm KQR_S75B -","og_description":"Detailn\u00ed popis produktu Modern\u00ed \u017eulov\u00e1 sprchov\u00e1 vani\u010dka vytvo\u0159en\u00e1 a vyroben\u00e1 v\u00fdhradn\u011b v Polsku. Je vysoce odoln\u00fd proti n\u00e1raz\u016fm, teplotn\u00edm rozd\u00edl\u016fm a zm\u011bn\u011b barvy. Pokud pl\u00e1nujete vybavovat koupelnu na mnoho let, jste na spr\u00e1vn\u00e9m m\u00edst\u011b. Udr\u017eov\u00e1n\u00ed \u010distoty usnad\u0148uje jej\u00ed hydrofobnost, rovn\u00fd povrch a kryt odtoku. Voda voln\u011b te\u010de a nezanech\u00e1v\u00e1 \u017e\u00e1dn\u00e9 zbytky kamene. Na vzhled nelze [&hellip;]","og_url":"https:\/\/www.technodompro.com\/index.php\/produkt\/aktualni-deante-correo-kovove-seda-granitova-sprchova-vanicka-obdelnikova-100x70-cm-kqr-s75b-11894\/","og_image":[{"width":1000,"height":750,"url":"https:\/\/www.technodompro.com\/wp-content\/uploads\/2026\/SK0015316-CZ20260425-092556-0-1777080363-1072128_deante-correo-kovove-seda-granitova-sprchova-vanick.webp","type":"image\/webp"}],"twitter_card":"summary_large_image","twitter_misc":{"Odhadovan\u00e1 doba \u010dten\u00ed":"1 minuta"},"schema":{"@context":"https:\/\/schema.org","@graph":[{"@type":"WebPage","@id":"https:\/\/www.technodompro.com\/index.php\/produkt\/aktualni-deante-correo-kovove-seda-granitova-sprchova-vanicka-obdelnikova-100x70-cm-kqr-s75b-11894\/","url":"https:\/\/www.technodompro.com\/index.php\/produkt\/aktualni-deante-correo-kovove-seda-granitova-sprchova-vanicka-obdelnikova-100x70-cm-kqr-s75b-11894\/","name":"Aktu\u00e1ln\u00ed DEANTE - Correo kovov\u011b \u0161ed\u00e1 Granitov\u00e1 sprchov\u00e1 vani\u010dka, obd\u00e9ln\u00edkov\u00e1, 100x70 cm KQR_S75B -","isPartOf":{"@id":"https:\/\/www.technodompro.com\/#website"},"primaryImageOfPage":{"@id":"https:\/\/www.technodompro.com\/index.php\/produkt\/aktualni-deante-correo-kovove-seda-granitova-sprchova-vanicka-obdelnikova-100x70-cm-kqr-s75b-11894\/#primaryimage"},"image":{"@id":"https:\/\/www.technodompro.com\/index.php\/produkt\/aktualni-deante-correo-kovove-seda-granitova-sprchova-vanicka-obdelnikova-100x70-cm-kqr-s75b-11894\/#primaryimage"},"thumbnailUrl":"https:\/\/www.technodompro.com\/wp-content\/uploads\/2026\/SK0015316-CZ20260425-092556-0-1777080363-1072128_deante-correo-kovove-seda-granitova-sprchova-vanick.webp","datePublished":"2026-04-27T04:40:58+00:00","breadcrumb":{"@id":"https:\/\/www.technodompro.com\/index.php\/produkt\/aktualni-deante-correo-kovove-seda-granitova-sprchova-vanicka-obdelnikova-100x70-cm-kqr-s75b-11894\/#breadcrumb"},"inLanguage":"cs","potentialAction":[{"@type":"ReadAction","target":["https:\/\/www.technodompro.com\/index.php\/produkt\/aktualni-deante-correo-kovove-seda-granitova-sprchova-vanicka-obdelnikova-100x70-cm-kqr-s75b-11894\/"]}]},{"@type":"ImageObject","inLanguage":"cs","@id":"https:\/\/www.technodompro.com\/index.php\/produkt\/aktualni-deante-correo-kovove-seda-granitova-sprchova-vanicka-obdelnikova-100x70-cm-kqr-s75b-11894\/#primaryimage","url":"https:\/\/www.technodompro.com\/wp-content\/uploads\/2026\/SK0015316-CZ20260425-092556-0-1777080363-1072128_deante-correo-kovove-seda-granitova-sprchova-vanick.webp","contentUrl":"https:\/\/www.technodompro.com\/wp-content\/uploads\/2026\/SK0015316-CZ20260425-092556-0-1777080363-1072128_deante-correo-kovove-seda-granitova-sprchova-vanick.webp","width":1000,"height":750},{"@type":"BreadcrumbList","@id":"https:\/\/www.technodompro.com\/index.php\/produkt\/aktualni-deante-correo-kovove-seda-granitova-sprchova-vanicka-obdelnikova-100x70-cm-kqr-s75b-11894\/#breadcrumb","itemListElement":[{"@type":"ListItem","position":1,"name":"Home","item":"https:\/\/www.technodompro.com\/"},{"@type":"ListItem","position":2,"name":"Products","item":"https:\/\/www.technodompro.com\/index.php\/products\/"},{"@type":"ListItem","position":3,"name":"Aktu\u00e1ln\u00ed DEANTE &#8211; Correo kovov\u011b \u0161ed\u00e1 Granitov\u00e1 sprchov\u00e1 vani\u010dka, obd\u00e9ln\u00edkov\u00e1, 100&#215;70 cm KQR_S75B"}]},{"@type":"WebSite","@id":"https:\/\/www.technodompro.com\/#website","url":"https:\/\/www.technodompro.com\/","name":"","description":"","potentialAction":[{"@type":"SearchAction","target":{"@type":"EntryPoint","urlTemplate":"https:\/\/www.technodompro.com\/?s={search_term_string}"},"query-input":{"@type":"PropertyValueSpecification","valueRequired":true,"valueName":"search_term_string"}}],"inLanguage":"cs"}]}},"_links":{"self":[{"href":"https:\/\/www.technodompro.com\/index.php\/wp-json\/wp\/v2\/product\/11894","targetHints":{"allow":["GET"]}}],"collection":[{"href":"https:\/\/www.technodompro.com\/index.php\/wp-json\/wp\/v2\/product"}],"about":[{"href":"https:\/\/www.technodompro.com\/index.php\/wp-json\/wp\/v2\/types\/product"}],"replies":[{"embeddable":true,"href":"https:\/\/www.technodompro.com\/index.php\/wp-json\/wp\/v2\/comments?post=11894"}],"wp:featuredmedia":[{"embeddable":true,"href":"https:\/\/www.technodompro.com\/index.php\/wp-json\/wp\/v2\/media\/11994"}],"wp:attachment":[{"href":"https:\/\/www.technodompro.com\/index.php\/wp-json\/wp\/v2\/media?parent=11894"}],"wp:term":[{"taxonomy":"product_brand","embeddable":true,"href":"https:\/\/www.technodompro.com\/index.php\/wp-json\/wp\/v2\/product_brand?post=11894"},{"taxonomy":"product_cat","embeddable":true,"href":"https:\/\/www.technodompro.com\/index.php\/wp-json\/wp\/v2\/product_cat?post=11894"},{"taxonomy":"product_tag","embeddable":true,"href":"https:\/\/www.technodompro.com\/index.php\/wp-json\/wp\/v2\/product_tag?post=11894"}],"curies":[{"name":"wp","href":"https:\/\/api.w.org\/{rel}","templated":true}]}}