{"id":11948,"date":"2026-04-27T04:40:58","date_gmt":"2026-04-27T04:40:58","guid":{"rendered":""},"modified":"2026-04-27T04:40:58","modified_gmt":"2026-04-27T04:40:58","slug":"e-120-gbth-koupelnovy-ventilator-axialni-s-automatem-6w-11w-potrubi-120mm-cerna-must-have-11948","status":"publish","type":"product","link":"https:\/\/www.technodompro.com\/index.php\/produkt\/e-120-gbth-koupelnovy-ventilator-axialni-s-automatem-6w-11w-potrubi-120mm-cerna-must-have-11948\/","title":{"rendered":"E-120 GBTH koupelnov\u00fd ventil\u00e1tor axi\u00e1ln\u00ed s automatem, 6W\/11W, potrub\u00ed 120mm, \u010dern\u00e1 Must-Have"},"content":{"rendered":"<div class=\"basic-description\">\n<h3>Detailn\u00ed popis produktu<\/h3>\n<div>\n<p>Ventil\u00e1tor je dvourychlostn\u00ed, na ni\u017e\u0161\u00ed rychlost b\u011b\u017e\u00ed trvale cel\u00fd den a prov\u011btr\u00e1v\u00e1 m\u00edstnost. V p\u0159\u00edpad\u011b pot\u0159eby (na popud vestav\u011bn\u00e9ho vlhkostn\u00edho \u010didla nebo na z\u00e1klad\u011b impulsu od extern\u00edho sp\u00edna\u010de) se rychlost zv\u00fd\u0161\u00ed a po odv\u011btr\u00e1n\u00ed se op\u011bt samo\u010dinn\u011b sn\u00ed\u017e\u00ed &#8211; \u0159izeno mikroprocesorem.<\/p>\n<ul>\n<li>Nastaviteln\u00fd senzor vlhkosti &#8211; od 40 do 90%   <\/li>\n<li>Nastaviteln\u00fd elektronick\u00fd \u010dasova\u010d od 3 do 15 minut   <\/li>\n<li>Elegantn\u00ed\u00a0sklen\u011bn\u00fd \u010deln\u00ed panel   <\/li>\n<li>Deska je podsv\u00edcen\u00e1 mod\u0159e sv\u00edt\u00edc\u00edm LED displejem se zobrazen\u00edm aktu\u00e1ln\u00ed   teploty a aktu\u00e1ln\u00ed relativn\u00ed vlhkosti (v dan\u00e9 m\u00edstnosti)   <\/li>\n<li>Trvale br\u00e1n\u00ed vzniku pl\u00edsn\u00ed (doporu\u010dujeme v\u0161ude tam, kde byla nainstalov\u00e1na   plastov\u00e1 okna)   <\/li>\n<li>N\u00edzk\u00e1 spot\u0159eba &#8211;\u00a0\u00a06 W (trval\u00fd chod), 11 W (pln\u00e1 rychlost)   <\/li>\n<li>Tich\u00fd chod &#8211; 19 dB (trval\u00fd chod), 33 dB (pln\u00e1 rychlost)   <\/li>\n<li>Snadn\u00e1 instalace bez pou\u017eit\u00ed \u0161roub\u016f   <\/li>\n<li>V\u00fdkon &#8211; 140 m3\/h (trval\u00fd chod),\u00a0\u00a0210 m3\/h (pln\u00fd v\u00fdkon)   <\/li>\n<li>Motor m\u00e1 kuli\u010dkov\u00e1 lo\u017eiska   <\/li>\n<li>Zp\u011btn\u00e1 klapka k dokoupen\u00ed, nen\u00ed sou\u010d\u00e1st\u00ed balen\u00ed<\/li>\n<\/ul>\n<p>Obsahuje i funkci TIMER &#8211; m\u00e1 samostatnou svorku pro nez\u00e1visl\u00e9 sepnut\u00ed ventil\u00e1toru bez ohledu na nastavenou vlhkost. Po p\u0159iveden\u00ed f\u00e1ze (tla\u010d\u00edtko, vyp\u00edna\u010d nebo termostat) na tuto svorku se ventil\u00e1tor rozeb\u011bhne, po odpojen\u00ed f\u00e1ze a po ub\u011bhnut\u00ed nastaven\u00e9 doby ventil\u00e1tor p\u0159ejde do automatick\u00e9ho re\u017eimu hl\u00edd\u00e1n\u00ed vlhkosti. <\/p>\n<\/div>\n<p><strong>\u0160pi\u010dkov\u00fd design<\/strong><\/p>\n<ul>\n<li>Odvodov\u00e9 s\u00e1n\u00ed, obl\u00edben\u00e9 u kuchy\u0148sk\u00fdch digesto\u0159\u00ed, se dost\u00e1v\u00e1 i do koupelen&nbsp;a na WC (hluk z potrub\u00ed nevych\u00e1z\u00ed p\u0159\u00edmo skrz ventil\u00e1tor do m\u00edstnosti, ale naraz\u00ed na&nbsp;\u010deln\u00ed desku, \u010d\u00e1st se odraz\u00ed zp\u011bt a jen mal\u00e1 \u010d\u00e1st vyza\u0159uje do boku &#8211; p\u0159\u00edzniv\u00fd vliv&nbsp;na sn\u00ed\u017een\u00ed hlu\u010dnosti)<\/li>\n<li>Mo\u017enost instalace do st\u011bny a do stropu<\/li>\n<li>U model\u016f s ozna\u010den\u00edm TH je deska podsv\u00edcena mod\u0159e sv\u00edt\u00edc\u00edm displejem se&nbsp;zobrazen\u00edm aktu\u00e1ln\u00ed teploty a relativn\u00ed vlhkosti (v dan\u00e9 m\u00edstnosti)<\/li>\n<\/ul>\n<p><strong>Snadn\u00e9 \u010di\u0161t\u011bn\u00ed<\/strong><\/p>\n<ul>\n<li>Sklen\u011bnou \u010deln\u00ed desku lze snadno pooto\u010den\u00edm sejmout, om\u00fdt pod tekouc\u00ed vodou&nbsp;a nasadit zp\u011bt<\/li>\n<\/ul>\n<p><strong>V nab\u00eddce 3 varianty ventil\u00e1tor\u016f:<\/strong><\/p>\n<p><strong>STANDARD<\/strong> &#8211; aktivace extern\u00edm vyp\u00edna\u010dem v m\u00edstnosti (ozna\u010den\u00ed G)<strong>TIMER<\/strong> &#8211; nastaviteln\u00fd elektronick\u00fd \u010dasova\u010d od 3 do 15 minut (ozna\u010den\u00ed GT)<strong>HYGRO<\/strong> &#8211; nastaviteln\u00fd senzor vlhkosti &#8211; od 40 do 90 %. Nastaviteln\u00fd elektronick\u00fd \u010dasova\u010d od 3 do 15 minut. Displej s teplom\u011brem a vlhkom\u011brem (ozna\u010den\u00ed GTH).<\/p>\n<\/p><\/div>\n<div class=\"extended-description\">\n<h3>Dopl\u0148kov\u00e9 parametry<\/h3>\n<table class=\"detail-parameters\">\n<tbody>\n<tr>\n<th>        <span class=\"row-header-label\">            Kategorie<span class=\"row-header-label-colon\">:<\/span>        <\/span>    <\/th>\n<td>            <\/td>\n<\/tr>\n<tr>\n<th>            <span class=\"row-header-label\">                Z\u00e1ruka<span class=\"row-header-label-colon\">:<\/span>            <\/span>        <\/th>\n<td>            24        <\/td>\n<\/tr>\n<tr>\n<th>            <span class=\"row-header-label\">                Hmotnost<span class=\"row-header-label-colon\">:<\/span>            <\/span>        <\/th>\n<td>            1.107 kg        <\/td>\n<\/tr>\n<tr class=\"productEan\">\n<th>          <span class=\"row-header-label productEan__label\">              EAN<span class=\"row-header-label-colon\">:<\/span>          <\/span>      <\/th>\n<td>          <span class=\"productEan__value\">8590913984648<\/span>      <\/td>\n<\/tr>\n<tr>\n<th>                <span class=\"row-header-label\">                                            Balen\u00ed<span class=\"row-header-label-colon\">:<\/span>                                    <\/span>            <\/th>\n<td>                                                            1 ks                                                <\/td>\n<\/tr>\n<tr>\n<th>                <span class=\"row-header-label\">                                            Barva<span class=\"row-header-label-colon\">:<\/span>                                    <\/span>            <\/th>\n<td>                                                            \u010cern\u00e1                                                <\/td>\n<\/tr>\n<tr>\n<th>                <span class=\"row-header-label\">                                            Dostupnost<span class=\"row-header-label-colon\">:<\/span>                                    <\/span>            <\/th>\n<td>                                                            Skladem                                                <\/td>\n<\/tr>\n<tr>\n<th>                <span class=\"row-header-label\">                                            Hloubka<span class=\"row-header-label-colon\">:<\/span>                                    <\/span>            <\/th>\n<td>                                                            94 mm                                                <\/td>\n<\/tr>\n<tr>\n<th>                <span class=\"row-header-label\">                                            Hluk<span class=\"row-header-label-colon\">:<\/span>                                    <\/span>            <\/th>\n<td>                                                            33 dB                                                <\/td>\n<\/tr>\n<tr>\n<th>                <span class=\"row-header-label\">                                            Materi\u00e1l<span class=\"row-header-label-colon\">:<\/span>                                    <\/span>            <\/th>\n<td>                                                            Plast &#8211; Sklo                                                <\/td>\n<\/tr>\n<tr>\n<th>                <span class=\"row-header-label\">                                            Max. d\u00e9lka odtahu<span class=\"row-header-label-colon\">:<\/span>                                    <\/span>            <\/th>\n<td>                                                            4 m                                                <\/td>\n<\/tr>\n<tr>\n<th>                <span class=\"row-header-label\">                                            Nap\u011bt\u00ed<span class=\"row-header-label-colon\">:<\/span>                                    <\/span>            <\/th>\n<td>                                                            230 V                                                <\/td>\n<\/tr>\n<tr>\n<th>                <span class=\"row-header-label\">                                            Po\u010det ot\u00e1\u010dek<span class=\"row-header-label-colon\">:<\/span>                                    <\/span>            <\/th>\n<td>                                                            2400 ot\/min                                                <\/td>\n<\/tr>\n<tr>\n<th>                <span class=\"row-header-label\">                                            Pr\u016fm\u011br potrub\u00ed<span class=\"row-header-label-colon\">:<\/span>                                    <\/span>            <\/th>\n<td>                                                            120 mm                                                <\/td>\n<\/tr>\n<tr>\n<th>                <span class=\"row-header-label\">                                            Pr\u016ftok vzduchu<span class=\"row-header-label-colon\">:<\/span>                                    <\/span>            <\/th>\n<td>                                                            210 m3\/hod                                                <\/td>\n<\/tr>\n<tr>\n<th>                <span class=\"row-header-label\">                                            P\u0159\u00edkon<span class=\"row-header-label-colon\">:<\/span>                                    <\/span>            <\/th>\n<td>                                                            11 W                                                <\/td>\n<\/tr>\n<tr>\n<th>                <span class=\"row-header-label\">                                            Rozm\u011br<span class=\"row-header-label-colon\">:<\/span>                                    <\/span>            <\/th>\n<td>                                                            170x170x94 mm                                                <\/td>\n<\/tr>\n<tr>\n<th>                <span class=\"row-header-label\">                                            Stupe\u0148 kryt\u00ed<span class=\"row-header-label-colon\">:<\/span>                                    <\/span>            <\/th>\n<td>                                                            IP44                                                <\/td>\n<\/tr>\n<tr>\n<th>                <span class=\"row-header-label\">                                            \u0160\u00ed\u0159ka<span class=\"row-header-label-colon\">:<\/span>                                    <\/span>            <\/th>\n<td>                                                            170 mm                                                <\/td>\n<\/tr>\n<tr>\n<th>                <span class=\"row-header-label\">                                            V\u00fdbava<span class=\"row-header-label-colon\">:<\/span>                                    <\/span>            <\/th>\n<td>                                                            \u010casova\u010d;Vlhkostn\u00ed automatika                                                <\/td>\n<\/tr>\n<tr>\n<th>                <span class=\"row-header-label\">                                            V\u00fd\u0161ka<span class=\"row-header-label-colon\">:<\/span>                                    <\/span>            <\/th>\n<td>                                                            170 mm                                                <\/td>\n<\/tr>\n<tr>\n<th>                <span class=\"row-header-label\">                                            Z\u00e1ruka<span class=\"row-header-label-colon\">:<\/span>                                    <\/span>            <\/th>\n<td>                                                            2 roky                                                <\/td>\n<\/tr>\n<\/tbody>\n<\/table><\/div>\n<\/p><\/div>\n<\/p><\/div>\n","protected":false},"excerpt":{"rendered":"<p>Detailn\u00ed popis produktu Ventil\u00e1tor je dvourychlostn\u00ed, na ni\u017e\u0161\u00ed rychlost b\u011b\u017e\u00ed trvale cel\u00fd den a prov\u011btr\u00e1v\u00e1 m\u00edstnost. V p\u0159\u00edpad\u011b pot\u0159eby (na popud vestav\u011bn\u00e9ho vlhkostn\u00edho \u010didla nebo na z\u00e1klad\u011b impulsu od extern\u00edho sp\u00edna\u010de) se rychlost zv\u00fd\u0161\u00ed a po odv\u011btr\u00e1n\u00ed se op\u011bt samo\u010dinn\u011b sn\u00ed\u017e\u00ed &#8211; \u0159izeno mikroprocesorem. Nastaviteln\u00fd senzor vlhkosti &#8211; od 40 do 90% Nastaviteln\u00fd elektronick\u00fd \u010dasova\u010d [&hellip;]<\/p>\n","protected":false},"featured_media":12048,"comment_status":"open","ping_status":"open","template":"","meta":[],"product_brand":[],"product_cat":[61],"product_tag":[],"class_list":{"0":"post-11948","1":"product","2":"type-product","3":"status-publish","4":"has-post-thumbnail","6":"product_cat-ventilatory","8":"first","9":"instock","10":"sale","11":"shipping-taxable","12":"purchasable","13":"product-type-simple"},"yoast_head":"<!-- This site is optimized with the Yoast SEO plugin v26.8 - https:\/\/yoast.com\/product\/yoast-seo-wordpress\/ -->\n<title>E-120 GBTH koupelnov\u00fd ventil\u00e1tor axi\u00e1ln\u00ed s automatem, 6W\/11W, potrub\u00ed 120mm, \u010dern\u00e1 Must-Have -<\/title>\n<meta name=\"robots\" content=\"index, follow, max-snippet:-1, max-image-preview:large, max-video-preview:-1\" \/>\n<link rel=\"canonical\" href=\"https:\/\/www.technodompro.com\/index.php\/produkt\/e-120-gbth-koupelnovy-ventilator-axialni-s-automatem-6w-11w-potrubi-120mm-cerna-must-have-11948\/\" \/>\n<meta property=\"og:locale\" content=\"cs_CZ\" \/>\n<meta property=\"og:type\" content=\"article\" \/>\n<meta property=\"og:title\" content=\"E-120 GBTH koupelnov\u00fd ventil\u00e1tor axi\u00e1ln\u00ed s automatem, 6W\/11W, potrub\u00ed 120mm, \u010dern\u00e1 Must-Have -\" \/>\n<meta property=\"og:description\" content=\"Detailn\u00ed popis produktu Ventil\u00e1tor je dvourychlostn\u00ed, na ni\u017e\u0161\u00ed rychlost b\u011b\u017e\u00ed trvale cel\u00fd den a prov\u011btr\u00e1v\u00e1 m\u00edstnost. V p\u0159\u00edpad\u011b pot\u0159eby (na popud vestav\u011bn\u00e9ho vlhkostn\u00edho \u010didla nebo na z\u00e1klad\u011b impulsu od extern\u00edho sp\u00edna\u010de) se rychlost zv\u00fd\u0161\u00ed a po odv\u011btr\u00e1n\u00ed se op\u011bt samo\u010dinn\u011b sn\u00ed\u017e\u00ed &#8211; \u0159izeno mikroprocesorem. Nastaviteln\u00fd senzor vlhkosti &#8211; od 40 do 90% Nastaviteln\u00fd elektronick\u00fd \u010dasova\u010d [&hellip;]\" \/>\n<meta property=\"og:url\" content=\"https:\/\/www.technodompro.com\/index.php\/produkt\/e-120-gbth-koupelnovy-ventilator-axialni-s-automatem-6w-11w-potrubi-120mm-cerna-must-have-11948\/\" \/>\n<meta property=\"og:image\" content=\"https:\/\/www.technodompro.com\/wp-content\/uploads\/2026\/SK0015372-CZ20260425-092556-0-1777080363-1088367_e-120-gbth-koupelnovy-ventilator-axialni-s-automate.webp\" \/>\n\t<meta property=\"og:image:width\" content=\"1000\" \/>\n\t<meta property=\"og:image:height\" content=\"750\" \/>\n\t<meta property=\"og:image:type\" content=\"image\/webp\" \/>\n<meta name=\"twitter:card\" content=\"summary_large_image\" \/>\n<meta name=\"twitter:label1\" content=\"Odhadovan\u00e1 doba \u010dten\u00ed\" \/>\n\t<meta name=\"twitter:data1\" content=\"2 minuty\" \/>\n<script type=\"application\/ld+json\" class=\"yoast-schema-graph\">{\"@context\":\"https:\/\/schema.org\",\"@graph\":[{\"@type\":\"WebPage\",\"@id\":\"https:\/\/www.technodompro.com\/index.php\/produkt\/e-120-gbth-koupelnovy-ventilator-axialni-s-automatem-6w-11w-potrubi-120mm-cerna-must-have-11948\/\",\"url\":\"https:\/\/www.technodompro.com\/index.php\/produkt\/e-120-gbth-koupelnovy-ventilator-axialni-s-automatem-6w-11w-potrubi-120mm-cerna-must-have-11948\/\",\"name\":\"E-120 GBTH koupelnov\u00fd ventil\u00e1tor axi\u00e1ln\u00ed s automatem, 6W\/11W, potrub\u00ed 120mm, \u010dern\u00e1 Must-Have -\",\"isPartOf\":{\"@id\":\"https:\/\/www.technodompro.com\/#website\"},\"primaryImageOfPage\":{\"@id\":\"https:\/\/www.technodompro.com\/index.php\/produkt\/e-120-gbth-koupelnovy-ventilator-axialni-s-automatem-6w-11w-potrubi-120mm-cerna-must-have-11948\/#primaryimage\"},\"image\":{\"@id\":\"https:\/\/www.technodompro.com\/index.php\/produkt\/e-120-gbth-koupelnovy-ventilator-axialni-s-automatem-6w-11w-potrubi-120mm-cerna-must-have-11948\/#primaryimage\"},\"thumbnailUrl\":\"https:\/\/www.technodompro.com\/wp-content\/uploads\/2026\/SK0015372-CZ20260425-092556-0-1777080363-1088367_e-120-gbth-koupelnovy-ventilator-axialni-s-automate.webp\",\"datePublished\":\"2026-04-27T04:40:58+00:00\",\"breadcrumb\":{\"@id\":\"https:\/\/www.technodompro.com\/index.php\/produkt\/e-120-gbth-koupelnovy-ventilator-axialni-s-automatem-6w-11w-potrubi-120mm-cerna-must-have-11948\/#breadcrumb\"},\"inLanguage\":\"cs\",\"potentialAction\":[{\"@type\":\"ReadAction\",\"target\":[\"https:\/\/www.technodompro.com\/index.php\/produkt\/e-120-gbth-koupelnovy-ventilator-axialni-s-automatem-6w-11w-potrubi-120mm-cerna-must-have-11948\/\"]}]},{\"@type\":\"ImageObject\",\"inLanguage\":\"cs\",\"@id\":\"https:\/\/www.technodompro.com\/index.php\/produkt\/e-120-gbth-koupelnovy-ventilator-axialni-s-automatem-6w-11w-potrubi-120mm-cerna-must-have-11948\/#primaryimage\",\"url\":\"https:\/\/www.technodompro.com\/wp-content\/uploads\/2026\/SK0015372-CZ20260425-092556-0-1777080363-1088367_e-120-gbth-koupelnovy-ventilator-axialni-s-automate.webp\",\"contentUrl\":\"https:\/\/www.technodompro.com\/wp-content\/uploads\/2026\/SK0015372-CZ20260425-092556-0-1777080363-1088367_e-120-gbth-koupelnovy-ventilator-axialni-s-automate.webp\",\"width\":1000,\"height\":750},{\"@type\":\"BreadcrumbList\",\"@id\":\"https:\/\/www.technodompro.com\/index.php\/produkt\/e-120-gbth-koupelnovy-ventilator-axialni-s-automatem-6w-11w-potrubi-120mm-cerna-must-have-11948\/#breadcrumb\",\"itemListElement\":[{\"@type\":\"ListItem\",\"position\":1,\"name\":\"Home\",\"item\":\"https:\/\/www.technodompro.com\/\"},{\"@type\":\"ListItem\",\"position\":2,\"name\":\"Products\",\"item\":\"https:\/\/www.technodompro.com\/index.php\/products\/\"},{\"@type\":\"ListItem\",\"position\":3,\"name\":\"E-120 GBTH koupelnov\u00fd ventil\u00e1tor axi\u00e1ln\u00ed s automatem, 6W\/11W, potrub\u00ed 120mm, \u010dern\u00e1 Must-Have\"}]},{\"@type\":\"WebSite\",\"@id\":\"https:\/\/www.technodompro.com\/#website\",\"url\":\"https:\/\/www.technodompro.com\/\",\"name\":\"\",\"description\":\"\",\"potentialAction\":[{\"@type\":\"SearchAction\",\"target\":{\"@type\":\"EntryPoint\",\"urlTemplate\":\"https:\/\/www.technodompro.com\/?s={search_term_string}\"},\"query-input\":{\"@type\":\"PropertyValueSpecification\",\"valueRequired\":true,\"valueName\":\"search_term_string\"}}],\"inLanguage\":\"cs\"}]}<\/script>\n<!-- \/ Yoast SEO plugin. -->","yoast_head_json":{"title":"E-120 GBTH koupelnov\u00fd ventil\u00e1tor axi\u00e1ln\u00ed s automatem, 6W\/11W, potrub\u00ed 120mm, \u010dern\u00e1 Must-Have -","robots":{"index":"index","follow":"follow","max-snippet":"max-snippet:-1","max-image-preview":"max-image-preview:large","max-video-preview":"max-video-preview:-1"},"canonical":"https:\/\/www.technodompro.com\/index.php\/produkt\/e-120-gbth-koupelnovy-ventilator-axialni-s-automatem-6w-11w-potrubi-120mm-cerna-must-have-11948\/","og_locale":"cs_CZ","og_type":"article","og_title":"E-120 GBTH koupelnov\u00fd ventil\u00e1tor axi\u00e1ln\u00ed s automatem, 6W\/11W, potrub\u00ed 120mm, \u010dern\u00e1 Must-Have -","og_description":"Detailn\u00ed popis produktu Ventil\u00e1tor je dvourychlostn\u00ed, na ni\u017e\u0161\u00ed rychlost b\u011b\u017e\u00ed trvale cel\u00fd den a prov\u011btr\u00e1v\u00e1 m\u00edstnost. V p\u0159\u00edpad\u011b pot\u0159eby (na popud vestav\u011bn\u00e9ho vlhkostn\u00edho \u010didla nebo na z\u00e1klad\u011b impulsu od extern\u00edho sp\u00edna\u010de) se rychlost zv\u00fd\u0161\u00ed a po odv\u011btr\u00e1n\u00ed se op\u011bt samo\u010dinn\u011b sn\u00ed\u017e\u00ed &#8211; \u0159izeno mikroprocesorem. Nastaviteln\u00fd senzor vlhkosti &#8211; od 40 do 90% Nastaviteln\u00fd elektronick\u00fd \u010dasova\u010d [&hellip;]","og_url":"https:\/\/www.technodompro.com\/index.php\/produkt\/e-120-gbth-koupelnovy-ventilator-axialni-s-automatem-6w-11w-potrubi-120mm-cerna-must-have-11948\/","og_image":[{"width":1000,"height":750,"url":"https:\/\/www.technodompro.com\/wp-content\/uploads\/2026\/SK0015372-CZ20260425-092556-0-1777080363-1088367_e-120-gbth-koupelnovy-ventilator-axialni-s-automate.webp","type":"image\/webp"}],"twitter_card":"summary_large_image","twitter_misc":{"Odhadovan\u00e1 doba \u010dten\u00ed":"2 minuty"},"schema":{"@context":"https:\/\/schema.org","@graph":[{"@type":"WebPage","@id":"https:\/\/www.technodompro.com\/index.php\/produkt\/e-120-gbth-koupelnovy-ventilator-axialni-s-automatem-6w-11w-potrubi-120mm-cerna-must-have-11948\/","url":"https:\/\/www.technodompro.com\/index.php\/produkt\/e-120-gbth-koupelnovy-ventilator-axialni-s-automatem-6w-11w-potrubi-120mm-cerna-must-have-11948\/","name":"E-120 GBTH koupelnov\u00fd ventil\u00e1tor axi\u00e1ln\u00ed s automatem, 6W\/11W, potrub\u00ed 120mm, \u010dern\u00e1 Must-Have -","isPartOf":{"@id":"https:\/\/www.technodompro.com\/#website"},"primaryImageOfPage":{"@id":"https:\/\/www.technodompro.com\/index.php\/produkt\/e-120-gbth-koupelnovy-ventilator-axialni-s-automatem-6w-11w-potrubi-120mm-cerna-must-have-11948\/#primaryimage"},"image":{"@id":"https:\/\/www.technodompro.com\/index.php\/produkt\/e-120-gbth-koupelnovy-ventilator-axialni-s-automatem-6w-11w-potrubi-120mm-cerna-must-have-11948\/#primaryimage"},"thumbnailUrl":"https:\/\/www.technodompro.com\/wp-content\/uploads\/2026\/SK0015372-CZ20260425-092556-0-1777080363-1088367_e-120-gbth-koupelnovy-ventilator-axialni-s-automate.webp","datePublished":"2026-04-27T04:40:58+00:00","breadcrumb":{"@id":"https:\/\/www.technodompro.com\/index.php\/produkt\/e-120-gbth-koupelnovy-ventilator-axialni-s-automatem-6w-11w-potrubi-120mm-cerna-must-have-11948\/#breadcrumb"},"inLanguage":"cs","potentialAction":[{"@type":"ReadAction","target":["https:\/\/www.technodompro.com\/index.php\/produkt\/e-120-gbth-koupelnovy-ventilator-axialni-s-automatem-6w-11w-potrubi-120mm-cerna-must-have-11948\/"]}]},{"@type":"ImageObject","inLanguage":"cs","@id":"https:\/\/www.technodompro.com\/index.php\/produkt\/e-120-gbth-koupelnovy-ventilator-axialni-s-automatem-6w-11w-potrubi-120mm-cerna-must-have-11948\/#primaryimage","url":"https:\/\/www.technodompro.com\/wp-content\/uploads\/2026\/SK0015372-CZ20260425-092556-0-1777080363-1088367_e-120-gbth-koupelnovy-ventilator-axialni-s-automate.webp","contentUrl":"https:\/\/www.technodompro.com\/wp-content\/uploads\/2026\/SK0015372-CZ20260425-092556-0-1777080363-1088367_e-120-gbth-koupelnovy-ventilator-axialni-s-automate.webp","width":1000,"height":750},{"@type":"BreadcrumbList","@id":"https:\/\/www.technodompro.com\/index.php\/produkt\/e-120-gbth-koupelnovy-ventilator-axialni-s-automatem-6w-11w-potrubi-120mm-cerna-must-have-11948\/#breadcrumb","itemListElement":[{"@type":"ListItem","position":1,"name":"Home","item":"https:\/\/www.technodompro.com\/"},{"@type":"ListItem","position":2,"name":"Products","item":"https:\/\/www.technodompro.com\/index.php\/products\/"},{"@type":"ListItem","position":3,"name":"E-120 GBTH koupelnov\u00fd ventil\u00e1tor axi\u00e1ln\u00ed s automatem, 6W\/11W, potrub\u00ed 120mm, \u010dern\u00e1 Must-Have"}]},{"@type":"WebSite","@id":"https:\/\/www.technodompro.com\/#website","url":"https:\/\/www.technodompro.com\/","name":"","description":"","potentialAction":[{"@type":"SearchAction","target":{"@type":"EntryPoint","urlTemplate":"https:\/\/www.technodompro.com\/?s={search_term_string}"},"query-input":{"@type":"PropertyValueSpecification","valueRequired":true,"valueName":"search_term_string"}}],"inLanguage":"cs"}]}},"_links":{"self":[{"href":"https:\/\/www.technodompro.com\/index.php\/wp-json\/wp\/v2\/product\/11948","targetHints":{"allow":["GET"]}}],"collection":[{"href":"https:\/\/www.technodompro.com\/index.php\/wp-json\/wp\/v2\/product"}],"about":[{"href":"https:\/\/www.technodompro.com\/index.php\/wp-json\/wp\/v2\/types\/product"}],"replies":[{"embeddable":true,"href":"https:\/\/www.technodompro.com\/index.php\/wp-json\/wp\/v2\/comments?post=11948"}],"wp:featuredmedia":[{"embeddable":true,"href":"https:\/\/www.technodompro.com\/index.php\/wp-json\/wp\/v2\/media\/12048"}],"wp:attachment":[{"href":"https:\/\/www.technodompro.com\/index.php\/wp-json\/wp\/v2\/media?parent=11948"}],"wp:term":[{"taxonomy":"product_brand","embeddable":true,"href":"https:\/\/www.technodompro.com\/index.php\/wp-json\/wp\/v2\/product_brand?post=11948"},{"taxonomy":"product_cat","embeddable":true,"href":"https:\/\/www.technodompro.com\/index.php\/wp-json\/wp\/v2\/product_cat?post=11948"},{"taxonomy":"product_tag","embeddable":true,"href":"https:\/\/www.technodompro.com\/index.php\/wp-json\/wp\/v2\/product_tag?post=11948"}],"curies":[{"name":"wp","href":"https:\/\/api.w.org\/{rel}","templated":true}]}}