{"id":11985,"date":"2026-04-27T04:40:58","date_gmt":"2026-04-27T04:40:58","guid":{"rendered":""},"modified":"2026-04-27T04:40:58","modified_gmt":"2026-04-27T04:40:58","slug":"nizka-cena-rea-sprchova-vanicka-magnum-carrara-black-90x90-rea-k7008-11985","status":"publish","type":"product","link":"https:\/\/www.technodompro.com\/index.php\/produkt\/nizka-cena-rea-sprchova-vanicka-magnum-carrara-black-90x90-rea-k7008-11985\/","title":{"rendered":"N\u00edzk\u00e1 Cena REA &#8211; Sprchov\u00e1 vani\u010dka Magnum CARRARA BLACK 90&#215;90 REA-K7008"},"content":{"rendered":"<div class=\"basic-description\">\n<h3>Detailn\u00ed popis produktu<\/h3>\n<p>                                    Nab\u00edzen\u00e1 sprchov\u00e1 vani\u010dka Magnum je harmoni\u00ed kvality, funk\u010dnosti a estetiky. Vyrobeno z kompozitn\u00edho materi\u00e1lu Smc, zaru\u010duje trvanlivost, odolnost proti vlhkosti a po\u0161kozen\u00ed. Sprchovou vani\u010dku lze polo\u017eit na podlahu, zapustit do podlahy a libovoln\u011b \u0159ezat, d\u00edky \u010demu\u017e je univerz\u00e1ln\u00ed a vhodn\u00e1 do ka\u017ed\u00e9ho interi\u00e9ru. Sprchov\u00e1 vani\u010dka je vyrobena z kompozitn\u00edho materi\u00e1lu Smc, kter\u00fd je mimo\u0159\u00e1dn\u011b odoln\u00fd proti vlhkosti, mechanick\u00e9mu po\u0161kozen\u00ed a \u010distic\u00edm prost\u0159edk\u016fm, co\u017e se prom\u00edt\u00e1 do mimo\u0159\u00e1dn\u00e9 odolnosti, lehkosti a elegance v\u00fdrobku. N\u00edzk\u00fd profil sprchov\u00e9 vani\u010dky dokonale lad\u00ed s modern\u00edmi designov\u00fdmi trendy a umo\u017e\u0148uje instalaci v rovin\u011b s podlahou, \u010d\u00edm\u017e eliminuje ve\u0161ker\u00e9 p\u0159ek\u00e1\u017eky ka\u017edodenn\u00edho pou\u017e\u00edv\u00e1n\u00ed sprchy. Toto \u0159e\u0161en\u00ed zaru\u010duje nejen komfort, ale tak\u00e9 snadn\u00e9 \u010di\u0161t\u011bn\u00ed.                            <\/p><\/div>\n<div class=\"extended-description\">\n<h3>Dopl\u0148kov\u00e9 parametry<\/h3>\n<table class=\"detail-parameters\">\n<tbody>\n<tr>\n<th>        <span class=\"row-header-label\">            Kategorie<span class=\"row-header-label-colon\">:<\/span>        <\/span>    <\/th>\n<td>            <\/td>\n<\/tr>\n<tr>\n<th>            <span class=\"row-header-label\">                Z\u00e1ruka<span class=\"row-header-label-colon\">:<\/span>            <\/span>        <\/th>\n<td>            24        <\/td>\n<\/tr>\n<tr>\n<th>            <span class=\"row-header-label\">                Hmotnost<span class=\"row-header-label-colon\">:<\/span>            <\/span>        <\/th>\n<td>            30 kg        <\/td>\n<\/tr>\n<tr>\n<th>                <span class=\"row-header-label\">                                            Dostupnost<span class=\"row-header-label-colon\">:<\/span>                                    <\/span>            <\/th>\n<td>                                                            Dod\u00e1n\u00ed do 14ti dn\u016f                                                <\/td>\n<\/tr>\n<\/tbody>\n<\/table><\/div>\n<\/p><\/div>\n<\/p><\/div>\n","protected":false},"excerpt":{"rendered":"<p>Detailn\u00ed popis produktu Nab\u00edzen\u00e1 sprchov\u00e1 vani\u010dka Magnum je harmoni\u00ed kvality, funk\u010dnosti a estetiky. Vyrobeno z kompozitn\u00edho materi\u00e1lu Smc, zaru\u010duje trvanlivost, odolnost proti vlhkosti a po\u0161kozen\u00ed. Sprchovou vani\u010dku lze polo\u017eit na podlahu, zapustit do podlahy a libovoln\u011b \u0159ezat, d\u00edky \u010demu\u017e je univerz\u00e1ln\u00ed a vhodn\u00e1 do ka\u017ed\u00e9ho interi\u00e9ru. Sprchov\u00e1 vani\u010dka je vyrobena z kompozitn\u00edho materi\u00e1lu Smc, kter\u00fd [&hellip;]<\/p>\n","protected":false},"featured_media":12085,"comment_status":"open","ping_status":"open","template":"","meta":[],"product_brand":[],"product_cat":[53],"product_tag":[],"class_list":{"0":"post-11985","1":"product","2":"type-product","3":"status-publish","4":"has-post-thumbnail","6":"product_cat-sprchove-vanicky","8":"first","9":"instock","10":"sale","11":"shipping-taxable","12":"purchasable","13":"product-type-simple"},"yoast_head":"<!-- This site is optimized with the Yoast SEO plugin v26.8 - https:\/\/yoast.com\/product\/yoast-seo-wordpress\/ -->\n<title>N\u00edzk\u00e1 Cena REA - Sprchov\u00e1 vani\u010dka Magnum CARRARA BLACK 90x90 REA-K7008 -<\/title>\n<meta name=\"robots\" content=\"index, follow, max-snippet:-1, max-image-preview:large, max-video-preview:-1\" \/>\n<link rel=\"canonical\" href=\"https:\/\/www.technodompro.com\/index.php\/produkt\/nizka-cena-rea-sprchova-vanicka-magnum-carrara-black-90x90-rea-k7008-11985\/\" \/>\n<meta property=\"og:locale\" content=\"cs_CZ\" \/>\n<meta property=\"og:type\" content=\"article\" \/>\n<meta property=\"og:title\" content=\"N\u00edzk\u00e1 Cena REA - Sprchov\u00e1 vani\u010dka Magnum CARRARA BLACK 90x90 REA-K7008 -\" \/>\n<meta property=\"og:description\" content=\"Detailn\u00ed popis produktu Nab\u00edzen\u00e1 sprchov\u00e1 vani\u010dka Magnum je harmoni\u00ed kvality, funk\u010dnosti a estetiky. Vyrobeno z kompozitn\u00edho materi\u00e1lu Smc, zaru\u010duje trvanlivost, odolnost proti vlhkosti a po\u0161kozen\u00ed. Sprchovou vani\u010dku lze polo\u017eit na podlahu, zapustit do podlahy a libovoln\u011b \u0159ezat, d\u00edky \u010demu\u017e je univerz\u00e1ln\u00ed a vhodn\u00e1 do ka\u017ed\u00e9ho interi\u00e9ru. Sprchov\u00e1 vani\u010dka je vyrobena z kompozitn\u00edho materi\u00e1lu Smc, kter\u00fd [&hellip;]\" \/>\n<meta property=\"og:url\" content=\"https:\/\/www.technodompro.com\/index.php\/produkt\/nizka-cena-rea-sprchova-vanicka-magnum-carrara-black-90x90-rea-k7008-11985\/\" \/>\n<meta property=\"og:image\" content=\"https:\/\/www.technodompro.com\/wp-content\/uploads\/2026\/SK0015410-CZ20260425-092556-0-1777080363-1095363_rea-sprchova-vanicka-magnum-carrara-black-90x90-rea.webp\" \/>\n\t<meta property=\"og:image:width\" content=\"1000\" \/>\n\t<meta property=\"og:image:height\" content=\"750\" \/>\n\t<meta property=\"og:image:type\" content=\"image\/webp\" \/>\n<meta name=\"twitter:card\" content=\"summary_large_image\" \/>\n<meta name=\"twitter:label1\" content=\"Odhadovan\u00e1 doba \u010dten\u00ed\" \/>\n\t<meta name=\"twitter:data1\" content=\"1 minuta\" \/>\n<script type=\"application\/ld+json\" class=\"yoast-schema-graph\">{\"@context\":\"https:\/\/schema.org\",\"@graph\":[{\"@type\":\"WebPage\",\"@id\":\"https:\/\/www.technodompro.com\/index.php\/produkt\/nizka-cena-rea-sprchova-vanicka-magnum-carrara-black-90x90-rea-k7008-11985\/\",\"url\":\"https:\/\/www.technodompro.com\/index.php\/produkt\/nizka-cena-rea-sprchova-vanicka-magnum-carrara-black-90x90-rea-k7008-11985\/\",\"name\":\"N\u00edzk\u00e1 Cena REA - Sprchov\u00e1 vani\u010dka Magnum CARRARA BLACK 90x90 REA-K7008 -\",\"isPartOf\":{\"@id\":\"https:\/\/www.technodompro.com\/#website\"},\"primaryImageOfPage\":{\"@id\":\"https:\/\/www.technodompro.com\/index.php\/produkt\/nizka-cena-rea-sprchova-vanicka-magnum-carrara-black-90x90-rea-k7008-11985\/#primaryimage\"},\"image\":{\"@id\":\"https:\/\/www.technodompro.com\/index.php\/produkt\/nizka-cena-rea-sprchova-vanicka-magnum-carrara-black-90x90-rea-k7008-11985\/#primaryimage\"},\"thumbnailUrl\":\"https:\/\/www.technodompro.com\/wp-content\/uploads\/2026\/SK0015410-CZ20260425-092556-0-1777080363-1095363_rea-sprchova-vanicka-magnum-carrara-black-90x90-rea.webp\",\"datePublished\":\"2026-04-27T04:40:58+00:00\",\"breadcrumb\":{\"@id\":\"https:\/\/www.technodompro.com\/index.php\/produkt\/nizka-cena-rea-sprchova-vanicka-magnum-carrara-black-90x90-rea-k7008-11985\/#breadcrumb\"},\"inLanguage\":\"cs\",\"potentialAction\":[{\"@type\":\"ReadAction\",\"target\":[\"https:\/\/www.technodompro.com\/index.php\/produkt\/nizka-cena-rea-sprchova-vanicka-magnum-carrara-black-90x90-rea-k7008-11985\/\"]}]},{\"@type\":\"ImageObject\",\"inLanguage\":\"cs\",\"@id\":\"https:\/\/www.technodompro.com\/index.php\/produkt\/nizka-cena-rea-sprchova-vanicka-magnum-carrara-black-90x90-rea-k7008-11985\/#primaryimage\",\"url\":\"https:\/\/www.technodompro.com\/wp-content\/uploads\/2026\/SK0015410-CZ20260425-092556-0-1777080363-1095363_rea-sprchova-vanicka-magnum-carrara-black-90x90-rea.webp\",\"contentUrl\":\"https:\/\/www.technodompro.com\/wp-content\/uploads\/2026\/SK0015410-CZ20260425-092556-0-1777080363-1095363_rea-sprchova-vanicka-magnum-carrara-black-90x90-rea.webp\",\"width\":1000,\"height\":750},{\"@type\":\"BreadcrumbList\",\"@id\":\"https:\/\/www.technodompro.com\/index.php\/produkt\/nizka-cena-rea-sprchova-vanicka-magnum-carrara-black-90x90-rea-k7008-11985\/#breadcrumb\",\"itemListElement\":[{\"@type\":\"ListItem\",\"position\":1,\"name\":\"Home\",\"item\":\"https:\/\/www.technodompro.com\/\"},{\"@type\":\"ListItem\",\"position\":2,\"name\":\"Products\",\"item\":\"https:\/\/www.technodompro.com\/index.php\/products\/\"},{\"@type\":\"ListItem\",\"position\":3,\"name\":\"N\u00edzk\u00e1 Cena REA &#8211; Sprchov\u00e1 vani\u010dka Magnum CARRARA BLACK 90&#215;90 REA-K7008\"}]},{\"@type\":\"WebSite\",\"@id\":\"https:\/\/www.technodompro.com\/#website\",\"url\":\"https:\/\/www.technodompro.com\/\",\"name\":\"\",\"description\":\"\",\"potentialAction\":[{\"@type\":\"SearchAction\",\"target\":{\"@type\":\"EntryPoint\",\"urlTemplate\":\"https:\/\/www.technodompro.com\/?s={search_term_string}\"},\"query-input\":{\"@type\":\"PropertyValueSpecification\",\"valueRequired\":true,\"valueName\":\"search_term_string\"}}],\"inLanguage\":\"cs\"}]}<\/script>\n<!-- \/ Yoast SEO plugin. -->","yoast_head_json":{"title":"N\u00edzk\u00e1 Cena REA - Sprchov\u00e1 vani\u010dka Magnum CARRARA BLACK 90x90 REA-K7008 -","robots":{"index":"index","follow":"follow","max-snippet":"max-snippet:-1","max-image-preview":"max-image-preview:large","max-video-preview":"max-video-preview:-1"},"canonical":"https:\/\/www.technodompro.com\/index.php\/produkt\/nizka-cena-rea-sprchova-vanicka-magnum-carrara-black-90x90-rea-k7008-11985\/","og_locale":"cs_CZ","og_type":"article","og_title":"N\u00edzk\u00e1 Cena REA - Sprchov\u00e1 vani\u010dka Magnum CARRARA BLACK 90x90 REA-K7008 -","og_description":"Detailn\u00ed popis produktu Nab\u00edzen\u00e1 sprchov\u00e1 vani\u010dka Magnum je harmoni\u00ed kvality, funk\u010dnosti a estetiky. Vyrobeno z kompozitn\u00edho materi\u00e1lu Smc, zaru\u010duje trvanlivost, odolnost proti vlhkosti a po\u0161kozen\u00ed. Sprchovou vani\u010dku lze polo\u017eit na podlahu, zapustit do podlahy a libovoln\u011b \u0159ezat, d\u00edky \u010demu\u017e je univerz\u00e1ln\u00ed a vhodn\u00e1 do ka\u017ed\u00e9ho interi\u00e9ru. Sprchov\u00e1 vani\u010dka je vyrobena z kompozitn\u00edho materi\u00e1lu Smc, kter\u00fd [&hellip;]","og_url":"https:\/\/www.technodompro.com\/index.php\/produkt\/nizka-cena-rea-sprchova-vanicka-magnum-carrara-black-90x90-rea-k7008-11985\/","og_image":[{"width":1000,"height":750,"url":"https:\/\/www.technodompro.com\/wp-content\/uploads\/2026\/SK0015410-CZ20260425-092556-0-1777080363-1095363_rea-sprchova-vanicka-magnum-carrara-black-90x90-rea.webp","type":"image\/webp"}],"twitter_card":"summary_large_image","twitter_misc":{"Odhadovan\u00e1 doba \u010dten\u00ed":"1 minuta"},"schema":{"@context":"https:\/\/schema.org","@graph":[{"@type":"WebPage","@id":"https:\/\/www.technodompro.com\/index.php\/produkt\/nizka-cena-rea-sprchova-vanicka-magnum-carrara-black-90x90-rea-k7008-11985\/","url":"https:\/\/www.technodompro.com\/index.php\/produkt\/nizka-cena-rea-sprchova-vanicka-magnum-carrara-black-90x90-rea-k7008-11985\/","name":"N\u00edzk\u00e1 Cena REA - Sprchov\u00e1 vani\u010dka Magnum CARRARA BLACK 90x90 REA-K7008 -","isPartOf":{"@id":"https:\/\/www.technodompro.com\/#website"},"primaryImageOfPage":{"@id":"https:\/\/www.technodompro.com\/index.php\/produkt\/nizka-cena-rea-sprchova-vanicka-magnum-carrara-black-90x90-rea-k7008-11985\/#primaryimage"},"image":{"@id":"https:\/\/www.technodompro.com\/index.php\/produkt\/nizka-cena-rea-sprchova-vanicka-magnum-carrara-black-90x90-rea-k7008-11985\/#primaryimage"},"thumbnailUrl":"https:\/\/www.technodompro.com\/wp-content\/uploads\/2026\/SK0015410-CZ20260425-092556-0-1777080363-1095363_rea-sprchova-vanicka-magnum-carrara-black-90x90-rea.webp","datePublished":"2026-04-27T04:40:58+00:00","breadcrumb":{"@id":"https:\/\/www.technodompro.com\/index.php\/produkt\/nizka-cena-rea-sprchova-vanicka-magnum-carrara-black-90x90-rea-k7008-11985\/#breadcrumb"},"inLanguage":"cs","potentialAction":[{"@type":"ReadAction","target":["https:\/\/www.technodompro.com\/index.php\/produkt\/nizka-cena-rea-sprchova-vanicka-magnum-carrara-black-90x90-rea-k7008-11985\/"]}]},{"@type":"ImageObject","inLanguage":"cs","@id":"https:\/\/www.technodompro.com\/index.php\/produkt\/nizka-cena-rea-sprchova-vanicka-magnum-carrara-black-90x90-rea-k7008-11985\/#primaryimage","url":"https:\/\/www.technodompro.com\/wp-content\/uploads\/2026\/SK0015410-CZ20260425-092556-0-1777080363-1095363_rea-sprchova-vanicka-magnum-carrara-black-90x90-rea.webp","contentUrl":"https:\/\/www.technodompro.com\/wp-content\/uploads\/2026\/SK0015410-CZ20260425-092556-0-1777080363-1095363_rea-sprchova-vanicka-magnum-carrara-black-90x90-rea.webp","width":1000,"height":750},{"@type":"BreadcrumbList","@id":"https:\/\/www.technodompro.com\/index.php\/produkt\/nizka-cena-rea-sprchova-vanicka-magnum-carrara-black-90x90-rea-k7008-11985\/#breadcrumb","itemListElement":[{"@type":"ListItem","position":1,"name":"Home","item":"https:\/\/www.technodompro.com\/"},{"@type":"ListItem","position":2,"name":"Products","item":"https:\/\/www.technodompro.com\/index.php\/products\/"},{"@type":"ListItem","position":3,"name":"N\u00edzk\u00e1 Cena REA &#8211; Sprchov\u00e1 vani\u010dka Magnum CARRARA BLACK 90&#215;90 REA-K7008"}]},{"@type":"WebSite","@id":"https:\/\/www.technodompro.com\/#website","url":"https:\/\/www.technodompro.com\/","name":"","description":"","potentialAction":[{"@type":"SearchAction","target":{"@type":"EntryPoint","urlTemplate":"https:\/\/www.technodompro.com\/?s={search_term_string}"},"query-input":{"@type":"PropertyValueSpecification","valueRequired":true,"valueName":"search_term_string"}}],"inLanguage":"cs"}]}},"_links":{"self":[{"href":"https:\/\/www.technodompro.com\/index.php\/wp-json\/wp\/v2\/product\/11985","targetHints":{"allow":["GET"]}}],"collection":[{"href":"https:\/\/www.technodompro.com\/index.php\/wp-json\/wp\/v2\/product"}],"about":[{"href":"https:\/\/www.technodompro.com\/index.php\/wp-json\/wp\/v2\/types\/product"}],"replies":[{"embeddable":true,"href":"https:\/\/www.technodompro.com\/index.php\/wp-json\/wp\/v2\/comments?post=11985"}],"wp:featuredmedia":[{"embeddable":true,"href":"https:\/\/www.technodompro.com\/index.php\/wp-json\/wp\/v2\/media\/12085"}],"wp:attachment":[{"href":"https:\/\/www.technodompro.com\/index.php\/wp-json\/wp\/v2\/media?parent=11985"}],"wp:term":[{"taxonomy":"product_brand","embeddable":true,"href":"https:\/\/www.technodompro.com\/index.php\/wp-json\/wp\/v2\/product_brand?post=11985"},{"taxonomy":"product_cat","embeddable":true,"href":"https:\/\/www.technodompro.com\/index.php\/wp-json\/wp\/v2\/product_cat?post=11985"},{"taxonomy":"product_tag","embeddable":true,"href":"https:\/\/www.technodompro.com\/index.php\/wp-json\/wp\/v2\/product_tag?post=11985"}],"curies":[{"name":"wp","href":"https:\/\/api.w.org\/{rel}","templated":true}]}}