{"id":12292,"date":"2026-04-27T04:40:59","date_gmt":"2026-04-27T04:40:59","guid":{"rendered":""},"modified":"2026-04-27T04:40:59","modified_gmt":"2026-04-27T04:40:59","slug":"jen-po-omezenou-doba-nyx-kulate-zrcadlo-s-led-osvetlenim-o-60cm-12292","status":"publish","type":"product","link":"https:\/\/www.technodompro.com\/index.php\/produkt\/jen-po-omezenou-doba-nyx-kulate-zrcadlo-s-led-osvetlenim-o-60cm-12292\/","title":{"rendered":"Jen Po Omezenou Doba NYX kulat\u00e9 zrcadlo s LED osv\u011btlen\u00edm o 60cm"},"content":{"rendered":"<div class=\"basic-description\">\n<h3>Detailn\u00ed popis produktu<\/h3>\n<p style=\"text-align: justify;\">Podsv\u00edcen\u00e1 zrcadla osv\u011btluj\u00ed koupelnu jasn\u00fdm homogenn\u00edm svitem d\u00edky LED zdroji. Jejich dlouh\u00e1 \u017eivotnost a n\u00edzk\u00e1 spot\u0159eba jsou hlavn\u00edmi v\u00fdhodami oproti klasick\u00e9 z\u00e1\u0159ivce. Vyza\u0159ovan\u00e9 sv\u011btlo koupelnu jemn\u011b a p\u0159\u00edjemn\u011b osv\u011btl\u00ed.&nbsp;Zrcadla neobsahuj\u00ed vyp\u00edna\u010d.<\/p>\n<div class=\"product-explanation-item\">\n<h3>Barva LED: Denn\u00ed b\u00edl\u00e1<\/h3>\n<p style=\"text-align: justify;\">Pro ur\u010den\u00ed barvy sv\u011btla se pou\u017e\u00edv\u00e1 pojem \u201eteplota chromati\u010dnosti\u201c. Jej\u00ed hodnoty se ud\u00e1vaj\u00ed v jednotk\u00e1ch Kelvin\u016f (K). Denn\u00ed b\u00edl\u00e1 je barva vyza\u0159ovan\u00e9ho sv\u011btla v rozmez\u00ed 4000 &#8211; 5000 K. Toto sv\u011btlo je pocitov\u011b neutr\u00e1ln\u00ed, nejv\u00edce p\u0159ipom\u00edn\u00e1 denn\u00ed sv\u011btlo. Nezkresluje vn\u00edm\u00e1n\u00ed barev osv\u011btlen\u00fdch p\u0159edm\u011bt\u016f, proto je vhodn\u00e9 do obytn\u00fdch prostor, kuchyn\u00ed a koupelen.<\/p>\n<p style=\"text-align: justify;\">\n<\/div>\n<div class=\"product-explanation-item\">\n<h3>Ochrana proti korozi<\/h3>\n<div style=\"float: left;\"><\/div>\n<p style=\"text-align: justify;\">Zrcadlo s ochranou proti korozi (neobsahuje m\u011b\u010f).<\/p>\n<p style=\"text-align: justify;\">U b\u011b\u017en\u00fdch zrcadel se po nanesen\u00ed reflexn\u00ed vrstvy nanese ochrann\u00e1 vrstva obsahuj\u00edc\u00ed s\u00edran m\u011b\u010fnat\u00fd. V z\u00e1vislosti na prost\u0159ed\u00ed (typicky zv\u00fd\u0161en\u00e1 vlhkost) m\u016f\u017ee m\u011b\u010f \u010dasem zhn\u011bdnout, co\u017e se projev\u00ed koroz\u00ed v podob\u011b tmav\u00fdch te\u010dek a\u017e map, kter\u00e9 se objev\u00ed p\u0159i okraj\u00edch zrcadla.<\/p>\n<p style=\"text-align: justify;\">Zrcadla bez obsahu m\u011bdi jsou naproti tomu vyr\u00e1b\u011bna procesem chemick\u00e9 sedimentace, kdy se m\u00edsto m\u011bdi pou\u017eije speci\u00e1ln\u00ed kovov\u00fd film a n\u00e1sledn\u011b se nanese vrstva laku pro chemickou a fyzik\u00e1ln\u00ed ochranu. Tato zrcadla jsou 3x odoln\u011bj\u0161\u00ed v\u016f\u010di korozi a d\u00edky absenci \u0161kodliv\u00fdch chemik\u00e1li\u00ed jsou nav\u00edc \u0161etrn\u011bj\u0161\u00ed pro \u017eivotn\u00ed prost\u0159ed\u00ed.<\/p>\n<\/div><\/div>\n<div class=\"extended-description\">\n<h3>Dopl\u0148kov\u00e9 parametry<\/h3>\n<table class=\"detail-parameters\">\n<tbody>\n<tr>\n<th>        <span class=\"row-header-label\">            Kategorie<span class=\"row-header-label-colon\">:<\/span>        <\/span>    <\/th>\n<td>            <\/td>\n<\/tr>\n<tr>\n<th>            <span class=\"row-header-label\">                Z\u00e1ruka<span class=\"row-header-label-colon\">:<\/span>            <\/span>        <\/th>\n<td>            24        <\/td>\n<\/tr>\n<tr>\n<th>            <span class=\"row-header-label\">                Hmotnost<span class=\"row-header-label-colon\">:<\/span>            <\/span>        <\/th>\n<td>            5.6 kg        <\/td>\n<\/tr>\n<tr class=\"productEan\">\n<th>          <span class=\"row-header-label productEan__label\">              EAN<span class=\"row-header-label-colon\">:<\/span>          <\/span>      <\/th>\n<td>          <span class=\"productEan__value\">8590913974472<\/span>      <\/td>\n<\/tr>\n<tr>\n<th>                <span class=\"row-header-label\">                                            3D model<span class=\"row-header-label-colon\">:<\/span>                                    <\/span>            <\/th>\n<td>                                                            ANO                                                <\/td>\n<\/tr>\n<tr>\n<th>                <span class=\"row-header-label\">                                            Balen\u00ed<span class=\"row-header-label-colon\">:<\/span>                                    <\/span>            <\/th>\n<td>                                                            1 ks                                                <\/td>\n<\/tr>\n<tr>\n<th>                <span class=\"row-header-label\">                                            Barva LED<span class=\"row-header-label-colon\">:<\/span>                                    <\/span>            <\/th>\n<td>                                                            Denn\u00ed b\u00edl\u00e1 (4 000 &#8211; 5 000 K)                                                <\/td>\n<\/tr>\n<tr>\n<th>                <span class=\"row-header-label\">                                            BARVA r\u00e1mu<span class=\"row-header-label-colon\">:<\/span>                                    <\/span>            <\/th>\n<td>                                                            Bez r\u00e1mu                                                <\/td>\n<\/tr>\n<tr>\n<th>                <span class=\"row-header-label\">                                            Dostupnost<span class=\"row-header-label-colon\">:<\/span>                                    <\/span>            <\/th>\n<td>                                                            Dod\u00e1n\u00ed do 12ti t\u00fddn\u016f                                                <\/td>\n<\/tr>\n<tr>\n<th>                <span class=\"row-header-label\">                                            Ovl\u00e1d\u00e1n\u00ed sv\u011btla<span class=\"row-header-label-colon\">:<\/span>                                    <\/span>            <\/th>\n<td>                                                            Nen\u00ed sou\u010d\u00e1st\u00ed                                                <\/td>\n<\/tr>\n<tr>\n<th>                <span class=\"row-header-label\">                                            Pr\u016fm\u011br<span class=\"row-header-label-colon\">:<\/span>                                    <\/span>            <\/th>\n<td>                                                            600 mm                                                <\/td>\n<\/tr>\n<tr>\n<th>                <span class=\"row-header-label\">                                            P\u0159\u00edkon<span class=\"row-header-label-colon\">:<\/span>                                    <\/span>            <\/th>\n<td>                                                            14.4 W                                                <\/td>\n<\/tr>\n<tr>\n<th>                <span class=\"row-header-label\">                                            Rozm\u011br<span class=\"row-header-label-colon\">:<\/span>                                    <\/span>            <\/th>\n<td>                                                            60 cm                                                <\/td>\n<\/tr>\n<tr>\n<th>                <span class=\"row-header-label\">                                            Stupe\u0148 kryt\u00ed<span class=\"row-header-label-colon\">:<\/span>                                    <\/span>            <\/th>\n<td>                                                            IP44                                                <\/td>\n<\/tr>\n<tr>\n<th>                <span class=\"row-header-label\">                                            Sv\u00edtivost<span class=\"row-header-label-colon\">:<\/span>                                    <\/span>            <\/th>\n<td>                                                            1440 lm                                                <\/td>\n<\/tr>\n<tr>\n<th>                <span class=\"row-header-label\">                                            \u0160\u00ed\u0159ka<span class=\"row-header-label-colon\">:<\/span>                                    <\/span>            <\/th>\n<td>                                                            600 mm                                                <\/td>\n<\/tr>\n<tr>\n<th>                <span class=\"row-header-label\">                                            Tvar<span class=\"row-header-label-colon\">:<\/span>                                    <\/span>            <\/th>\n<td>                                                            Kruh                                                <\/td>\n<\/tr>\n<tr>\n<th>                <span class=\"row-header-label\">                                            Typ zrcadla<span class=\"row-header-label-colon\">:<\/span>                                    <\/span>            <\/th>\n<td>                                                            Zrcadla s osv\u011btlen\u00edm                                                <\/td>\n<\/tr>\n<tr>\n<th>                <span class=\"row-header-label\">                                            V\u00fdbava<span class=\"row-header-label-colon\">:<\/span>                                    <\/span>            <\/th>\n<td>                                                            Ochrana proti korozi                                                <\/td>\n<\/tr>\n<tr>\n<th>                <span class=\"row-header-label\">                                            V\u00fd\u0161ka<span class=\"row-header-label-colon\">:<\/span>                                    <\/span>            <\/th>\n<td>                                                            600 mm                                                <\/td>\n<\/tr>\n<tr>\n<th>                <span class=\"row-header-label\">                                            Z\u00e1ruka<span class=\"row-header-label-colon\">:<\/span>                                    <\/span>            <\/th>\n<td>                                                            2 roky                                                <\/td>\n<\/tr>\n<tr>\n<th>                <span class=\"row-header-label\">                                            \u017divotnost (LED)<span class=\"row-header-label-colon\">:<\/span>                                    <\/span>            <\/th>\n<td>                                                            20000 hod.                                                <\/td>\n<\/tr>\n<\/tbody>\n<\/table><\/div>\n<\/p><\/div>\n<\/p><\/div>\n","protected":false},"excerpt":{"rendered":"<p>Detailn\u00ed popis produktu Podsv\u00edcen\u00e1 zrcadla osv\u011btluj\u00ed koupelnu jasn\u00fdm homogenn\u00edm svitem d\u00edky LED zdroji. Jejich dlouh\u00e1 \u017eivotnost a n\u00edzk\u00e1 spot\u0159eba jsou hlavn\u00edmi v\u00fdhodami oproti klasick\u00e9 z\u00e1\u0159ivce. Vyza\u0159ovan\u00e9 sv\u011btlo koupelnu jemn\u011b a p\u0159\u00edjemn\u011b osv\u011btl\u00ed.&nbsp;Zrcadla neobsahuj\u00ed vyp\u00edna\u010d. Barva LED: Denn\u00ed b\u00edl\u00e1 Pro ur\u010den\u00ed barvy sv\u011btla se pou\u017e\u00edv\u00e1 pojem \u201eteplota chromati\u010dnosti\u201c. Jej\u00ed hodnoty se ud\u00e1vaj\u00ed v jednotk\u00e1ch Kelvin\u016f (K). [&hellip;]<\/p>\n","protected":false},"featured_media":12392,"comment_status":"open","ping_status":"open","template":"","meta":[],"product_brand":[],"product_cat":[59],"product_tag":[],"class_list":{"0":"post-12292","1":"product","2":"type-product","3":"status-publish","4":"has-post-thumbnail","6":"product_cat-zrcadla","8":"first","9":"instock","10":"sale","11":"shipping-taxable","12":"purchasable","13":"product-type-simple"},"yoast_head":"<!-- This site is optimized with the Yoast SEO plugin v26.8 - https:\/\/yoast.com\/product\/yoast-seo-wordpress\/ -->\n<title>Jen Po Omezenou Doba NYX kulat\u00e9 zrcadlo s LED osv\u011btlen\u00edm o 60cm -<\/title>\n<meta name=\"robots\" content=\"index, follow, max-snippet:-1, max-image-preview:large, max-video-preview:-1\" \/>\n<link rel=\"canonical\" href=\"https:\/\/www.technodompro.com\/index.php\/produkt\/jen-po-omezenou-doba-nyx-kulate-zrcadlo-s-led-osvetlenim-o-60cm-12292\/\" \/>\n<meta property=\"og:locale\" content=\"cs_CZ\" \/>\n<meta property=\"og:type\" content=\"article\" \/>\n<meta property=\"og:title\" content=\"Jen Po Omezenou Doba NYX kulat\u00e9 zrcadlo s LED osv\u011btlen\u00edm o 60cm -\" \/>\n<meta property=\"og:description\" content=\"Detailn\u00ed popis produktu Podsv\u00edcen\u00e1 zrcadla osv\u011btluj\u00ed koupelnu jasn\u00fdm homogenn\u00edm svitem d\u00edky LED zdroji. Jejich dlouh\u00e1 \u017eivotnost a n\u00edzk\u00e1 spot\u0159eba jsou hlavn\u00edmi v\u00fdhodami oproti klasick\u00e9 z\u00e1\u0159ivce. Vyza\u0159ovan\u00e9 sv\u011btlo koupelnu jemn\u011b a p\u0159\u00edjemn\u011b osv\u011btl\u00ed.&nbsp;Zrcadla neobsahuj\u00ed vyp\u00edna\u010d. Barva LED: Denn\u00ed b\u00edl\u00e1 Pro ur\u010den\u00ed barvy sv\u011btla se pou\u017e\u00edv\u00e1 pojem \u201eteplota chromati\u010dnosti\u201c. Jej\u00ed hodnoty se ud\u00e1vaj\u00ed v jednotk\u00e1ch Kelvin\u016f (K). [&hellip;]\" \/>\n<meta property=\"og:url\" content=\"https:\/\/www.technodompro.com\/index.php\/produkt\/jen-po-omezenou-doba-nyx-kulate-zrcadlo-s-led-osvetlenim-o-60cm-12292\/\" \/>\n<meta property=\"og:image\" content=\"https:\/\/www.technodompro.com\/wp-content\/uploads\/2026\/SK0015518-CZ20260425-092556-0-1777080363-1125394-6_ny600-253570574188546.webp\" \/>\n\t<meta property=\"og:image:width\" content=\"1000\" \/>\n\t<meta property=\"og:image:height\" content=\"750\" \/>\n\t<meta property=\"og:image:type\" content=\"image\/webp\" \/>\n<meta name=\"twitter:card\" content=\"summary_large_image\" \/>\n<meta name=\"twitter:label1\" content=\"Odhadovan\u00e1 doba \u010dten\u00ed\" \/>\n\t<meta name=\"twitter:data1\" content=\"2 minuty\" \/>\n<script type=\"application\/ld+json\" class=\"yoast-schema-graph\">{\"@context\":\"https:\/\/schema.org\",\"@graph\":[{\"@type\":\"WebPage\",\"@id\":\"https:\/\/www.technodompro.com\/index.php\/produkt\/jen-po-omezenou-doba-nyx-kulate-zrcadlo-s-led-osvetlenim-o-60cm-12292\/\",\"url\":\"https:\/\/www.technodompro.com\/index.php\/produkt\/jen-po-omezenou-doba-nyx-kulate-zrcadlo-s-led-osvetlenim-o-60cm-12292\/\",\"name\":\"Jen Po Omezenou Doba NYX kulat\u00e9 zrcadlo s LED osv\u011btlen\u00edm o 60cm -\",\"isPartOf\":{\"@id\":\"https:\/\/www.technodompro.com\/#website\"},\"primaryImageOfPage\":{\"@id\":\"https:\/\/www.technodompro.com\/index.php\/produkt\/jen-po-omezenou-doba-nyx-kulate-zrcadlo-s-led-osvetlenim-o-60cm-12292\/#primaryimage\"},\"image\":{\"@id\":\"https:\/\/www.technodompro.com\/index.php\/produkt\/jen-po-omezenou-doba-nyx-kulate-zrcadlo-s-led-osvetlenim-o-60cm-12292\/#primaryimage\"},\"thumbnailUrl\":\"https:\/\/www.technodompro.com\/wp-content\/uploads\/2026\/SK0015518-CZ20260425-092556-0-1777080363-1125394-6_ny600-253570574188546.webp\",\"datePublished\":\"2026-04-27T04:40:59+00:00\",\"breadcrumb\":{\"@id\":\"https:\/\/www.technodompro.com\/index.php\/produkt\/jen-po-omezenou-doba-nyx-kulate-zrcadlo-s-led-osvetlenim-o-60cm-12292\/#breadcrumb\"},\"inLanguage\":\"cs\",\"potentialAction\":[{\"@type\":\"ReadAction\",\"target\":[\"https:\/\/www.technodompro.com\/index.php\/produkt\/jen-po-omezenou-doba-nyx-kulate-zrcadlo-s-led-osvetlenim-o-60cm-12292\/\"]}]},{\"@type\":\"ImageObject\",\"inLanguage\":\"cs\",\"@id\":\"https:\/\/www.technodompro.com\/index.php\/produkt\/jen-po-omezenou-doba-nyx-kulate-zrcadlo-s-led-osvetlenim-o-60cm-12292\/#primaryimage\",\"url\":\"https:\/\/www.technodompro.com\/wp-content\/uploads\/2026\/SK0015518-CZ20260425-092556-0-1777080363-1125394-6_ny600-253570574188546.webp\",\"contentUrl\":\"https:\/\/www.technodompro.com\/wp-content\/uploads\/2026\/SK0015518-CZ20260425-092556-0-1777080363-1125394-6_ny600-253570574188546.webp\",\"width\":1000,\"height\":750},{\"@type\":\"BreadcrumbList\",\"@id\":\"https:\/\/www.technodompro.com\/index.php\/produkt\/jen-po-omezenou-doba-nyx-kulate-zrcadlo-s-led-osvetlenim-o-60cm-12292\/#breadcrumb\",\"itemListElement\":[{\"@type\":\"ListItem\",\"position\":1,\"name\":\"Home\",\"item\":\"https:\/\/www.technodompro.com\/\"},{\"@type\":\"ListItem\",\"position\":2,\"name\":\"Products\",\"item\":\"https:\/\/www.technodompro.com\/index.php\/products\/\"},{\"@type\":\"ListItem\",\"position\":3,\"name\":\"Jen Po Omezenou Doba NYX kulat\u00e9 zrcadlo s LED osv\u011btlen\u00edm o 60cm\"}]},{\"@type\":\"WebSite\",\"@id\":\"https:\/\/www.technodompro.com\/#website\",\"url\":\"https:\/\/www.technodompro.com\/\",\"name\":\"\",\"description\":\"\",\"potentialAction\":[{\"@type\":\"SearchAction\",\"target\":{\"@type\":\"EntryPoint\",\"urlTemplate\":\"https:\/\/www.technodompro.com\/?s={search_term_string}\"},\"query-input\":{\"@type\":\"PropertyValueSpecification\",\"valueRequired\":true,\"valueName\":\"search_term_string\"}}],\"inLanguage\":\"cs\"}]}<\/script>\n<!-- \/ Yoast SEO plugin. -->","yoast_head_json":{"title":"Jen Po Omezenou Doba NYX kulat\u00e9 zrcadlo s LED osv\u011btlen\u00edm o 60cm -","robots":{"index":"index","follow":"follow","max-snippet":"max-snippet:-1","max-image-preview":"max-image-preview:large","max-video-preview":"max-video-preview:-1"},"canonical":"https:\/\/www.technodompro.com\/index.php\/produkt\/jen-po-omezenou-doba-nyx-kulate-zrcadlo-s-led-osvetlenim-o-60cm-12292\/","og_locale":"cs_CZ","og_type":"article","og_title":"Jen Po Omezenou Doba NYX kulat\u00e9 zrcadlo s LED osv\u011btlen\u00edm o 60cm -","og_description":"Detailn\u00ed popis produktu Podsv\u00edcen\u00e1 zrcadla osv\u011btluj\u00ed koupelnu jasn\u00fdm homogenn\u00edm svitem d\u00edky LED zdroji. Jejich dlouh\u00e1 \u017eivotnost a n\u00edzk\u00e1 spot\u0159eba jsou hlavn\u00edmi v\u00fdhodami oproti klasick\u00e9 z\u00e1\u0159ivce. Vyza\u0159ovan\u00e9 sv\u011btlo koupelnu jemn\u011b a p\u0159\u00edjemn\u011b osv\u011btl\u00ed.&nbsp;Zrcadla neobsahuj\u00ed vyp\u00edna\u010d. Barva LED: Denn\u00ed b\u00edl\u00e1 Pro ur\u010den\u00ed barvy sv\u011btla se pou\u017e\u00edv\u00e1 pojem \u201eteplota chromati\u010dnosti\u201c. Jej\u00ed hodnoty se ud\u00e1vaj\u00ed v jednotk\u00e1ch Kelvin\u016f (K). [&hellip;]","og_url":"https:\/\/www.technodompro.com\/index.php\/produkt\/jen-po-omezenou-doba-nyx-kulate-zrcadlo-s-led-osvetlenim-o-60cm-12292\/","og_image":[{"width":1000,"height":750,"url":"https:\/\/www.technodompro.com\/wp-content\/uploads\/2026\/SK0015518-CZ20260425-092556-0-1777080363-1125394-6_ny600-253570574188546.webp","type":"image\/webp"}],"twitter_card":"summary_large_image","twitter_misc":{"Odhadovan\u00e1 doba \u010dten\u00ed":"2 minuty"},"schema":{"@context":"https:\/\/schema.org","@graph":[{"@type":"WebPage","@id":"https:\/\/www.technodompro.com\/index.php\/produkt\/jen-po-omezenou-doba-nyx-kulate-zrcadlo-s-led-osvetlenim-o-60cm-12292\/","url":"https:\/\/www.technodompro.com\/index.php\/produkt\/jen-po-omezenou-doba-nyx-kulate-zrcadlo-s-led-osvetlenim-o-60cm-12292\/","name":"Jen Po Omezenou Doba NYX kulat\u00e9 zrcadlo s LED osv\u011btlen\u00edm o 60cm -","isPartOf":{"@id":"https:\/\/www.technodompro.com\/#website"},"primaryImageOfPage":{"@id":"https:\/\/www.technodompro.com\/index.php\/produkt\/jen-po-omezenou-doba-nyx-kulate-zrcadlo-s-led-osvetlenim-o-60cm-12292\/#primaryimage"},"image":{"@id":"https:\/\/www.technodompro.com\/index.php\/produkt\/jen-po-omezenou-doba-nyx-kulate-zrcadlo-s-led-osvetlenim-o-60cm-12292\/#primaryimage"},"thumbnailUrl":"https:\/\/www.technodompro.com\/wp-content\/uploads\/2026\/SK0015518-CZ20260425-092556-0-1777080363-1125394-6_ny600-253570574188546.webp","datePublished":"2026-04-27T04:40:59+00:00","breadcrumb":{"@id":"https:\/\/www.technodompro.com\/index.php\/produkt\/jen-po-omezenou-doba-nyx-kulate-zrcadlo-s-led-osvetlenim-o-60cm-12292\/#breadcrumb"},"inLanguage":"cs","potentialAction":[{"@type":"ReadAction","target":["https:\/\/www.technodompro.com\/index.php\/produkt\/jen-po-omezenou-doba-nyx-kulate-zrcadlo-s-led-osvetlenim-o-60cm-12292\/"]}]},{"@type":"ImageObject","inLanguage":"cs","@id":"https:\/\/www.technodompro.com\/index.php\/produkt\/jen-po-omezenou-doba-nyx-kulate-zrcadlo-s-led-osvetlenim-o-60cm-12292\/#primaryimage","url":"https:\/\/www.technodompro.com\/wp-content\/uploads\/2026\/SK0015518-CZ20260425-092556-0-1777080363-1125394-6_ny600-253570574188546.webp","contentUrl":"https:\/\/www.technodompro.com\/wp-content\/uploads\/2026\/SK0015518-CZ20260425-092556-0-1777080363-1125394-6_ny600-253570574188546.webp","width":1000,"height":750},{"@type":"BreadcrumbList","@id":"https:\/\/www.technodompro.com\/index.php\/produkt\/jen-po-omezenou-doba-nyx-kulate-zrcadlo-s-led-osvetlenim-o-60cm-12292\/#breadcrumb","itemListElement":[{"@type":"ListItem","position":1,"name":"Home","item":"https:\/\/www.technodompro.com\/"},{"@type":"ListItem","position":2,"name":"Products","item":"https:\/\/www.technodompro.com\/index.php\/products\/"},{"@type":"ListItem","position":3,"name":"Jen Po Omezenou Doba NYX kulat\u00e9 zrcadlo s LED osv\u011btlen\u00edm o 60cm"}]},{"@type":"WebSite","@id":"https:\/\/www.technodompro.com\/#website","url":"https:\/\/www.technodompro.com\/","name":"","description":"","potentialAction":[{"@type":"SearchAction","target":{"@type":"EntryPoint","urlTemplate":"https:\/\/www.technodompro.com\/?s={search_term_string}"},"query-input":{"@type":"PropertyValueSpecification","valueRequired":true,"valueName":"search_term_string"}}],"inLanguage":"cs"}]}},"_links":{"self":[{"href":"https:\/\/www.technodompro.com\/index.php\/wp-json\/wp\/v2\/product\/12292","targetHints":{"allow":["GET"]}}],"collection":[{"href":"https:\/\/www.technodompro.com\/index.php\/wp-json\/wp\/v2\/product"}],"about":[{"href":"https:\/\/www.technodompro.com\/index.php\/wp-json\/wp\/v2\/types\/product"}],"replies":[{"embeddable":true,"href":"https:\/\/www.technodompro.com\/index.php\/wp-json\/wp\/v2\/comments?post=12292"}],"wp:featuredmedia":[{"embeddable":true,"href":"https:\/\/www.technodompro.com\/index.php\/wp-json\/wp\/v2\/media\/12392"}],"wp:attachment":[{"href":"https:\/\/www.technodompro.com\/index.php\/wp-json\/wp\/v2\/media?parent=12292"}],"wp:term":[{"taxonomy":"product_brand","embeddable":true,"href":"https:\/\/www.technodompro.com\/index.php\/wp-json\/wp\/v2\/product_brand?post=12292"},{"taxonomy":"product_cat","embeddable":true,"href":"https:\/\/www.technodompro.com\/index.php\/wp-json\/wp\/v2\/product_cat?post=12292"},{"taxonomy":"product_tag","embeddable":true,"href":"https:\/\/www.technodompro.com\/index.php\/wp-json\/wp\/v2\/product_tag?post=12292"}],"curies":[{"name":"wp","href":"https:\/\/api.w.org\/{rel}","templated":true}]}}