{"id":12372,"date":"2026-04-27T04:40:59","date_gmt":"2026-04-27T04:40:59","guid":{"rendered":""},"modified":"2026-04-27T04:40:59","modified_gmt":"2026-04-27T04:40:59","slug":"korin-strip-zrcadlo-s-led-osvetlenim-60x70x12cm-dub-platin-nejlepsi-volba-12372","status":"publish","type":"product","link":"https:\/\/www.technodompro.com\/index.php\/produkt\/korin-strip-zrcadlo-s-led-osvetlenim-60x70x12cm-dub-platin-nejlepsi-volba-12372\/","title":{"rendered":"KORIN STRIP zrcadlo s LED osv\u011btlen\u00edm 60x70x12cm, dub platin Nejlep\u0161\u00ed Volba"},"content":{"rendered":"<div class=\"basic-description\">\n<h3>Detailn\u00ed popis produktu<\/h3>\n<p style=\"text-align: justify;\">Koupelnov\u00e1 zrcadla KORIN LED vhodn\u011b dopln\u00ed s\u00e9rie koupelnov\u00e9ho n\u00e1bytku KERAMIA FRESH, ZOJA, VEGA, POLY a EKOSET.&nbsp;<\/p>\n<div class=\"product-explanation-item\">\n<h3>Barva LED: Denn\u00ed b\u00edl\u00e1<\/h3>\n<p style=\"text-align: justify;\">Pro ur\u010den\u00ed barvy sv\u011btla se pou\u017e\u00edv\u00e1 pojem \u201eteplota chromati\u010dnosti\u201c. Jej\u00ed hodnoty se ud\u00e1vaj\u00ed v jednotk\u00e1ch Kelvin\u016f (K). Denn\u00ed b\u00edl\u00e1 je barva vyza\u0159ovan\u00e9ho sv\u011btla v rozmez\u00ed 4000 &#8211; 5000 K. Toto sv\u011btlo je pocitov\u011b neutr\u00e1ln\u00ed, nejv\u00edce p\u0159ipom\u00edn\u00e1 denn\u00ed sv\u011btlo. Nezkresluje vn\u00edm\u00e1n\u00ed barev osv\u011btlen\u00fdch p\u0159edm\u011bt\u016f, proto je vhodn\u00e9 do obytn\u00fdch prostor, kuchyn\u00ed a koupelen.<\/p>\n<p style=\"text-align: justify;\">\n<\/div><\/div>\n<div class=\"extended-description\">\n<h3>Dopl\u0148kov\u00e9 parametry<\/h3>\n<table class=\"detail-parameters\">\n<tbody>\n<tr>\n<th>        <span class=\"row-header-label\">            Kategorie<span class=\"row-header-label-colon\">:<\/span>        <\/span>    <\/th>\n<td>            <\/td>\n<\/tr>\n<tr>\n<th>            <span class=\"row-header-label\">                Z\u00e1ruka<span class=\"row-header-label-colon\">:<\/span>            <\/span>        <\/th>\n<td>            24        <\/td>\n<\/tr>\n<tr>\n<th>            <span class=\"row-header-label\">                Hmotnost<span class=\"row-header-label-colon\">:<\/span>            <\/span>        <\/th>\n<td>            7.9 kg        <\/td>\n<\/tr>\n<tr class=\"productEan\">\n<th>          <span class=\"row-header-label productEan__label\">              EAN<span class=\"row-header-label-colon\">:<\/span>          <\/span>      <\/th>\n<td>          <span class=\"productEan__value\">8590913979699<\/span>      <\/td>\n<\/tr>\n<tr>\n<th>                <span class=\"row-header-label\">                                            Balen\u00ed<span class=\"row-header-label-colon\">:<\/span>                                    <\/span>            <\/th>\n<td>                                                            1 ks                                                <\/td>\n<\/tr>\n<tr>\n<th>                <span class=\"row-header-label\">                                            Barva LED<span class=\"row-header-label-colon\">:<\/span>                                    <\/span>            <\/th>\n<td>                                                            Denn\u00ed b\u00edl\u00e1 (4 000 &#8211; 5 000 K)                                                <\/td>\n<\/tr>\n<tr>\n<th>                <span class=\"row-header-label\">                                            BARVA r\u00e1mu<span class=\"row-header-label-colon\">:<\/span>                                    <\/span>            <\/th>\n<td>                                                            Hn\u011bd\u00e1                                                <\/td>\n<\/tr>\n<tr>\n<th>                <span class=\"row-header-label\">                                            Dekor<span class=\"row-header-label-colon\">:<\/span>                                    <\/span>            <\/th>\n<td>                                                            Dub platin                                                <\/td>\n<\/tr>\n<tr>\n<th>                <span class=\"row-header-label\">                                            Dostupnost<span class=\"row-header-label-colon\">:<\/span>                                    <\/span>            <\/th>\n<td>                                                            Skladem                                                <\/td>\n<\/tr>\n<tr>\n<th>                <span class=\"row-header-label\">                                            Materi\u00e1l<span class=\"row-header-label-colon\">:<\/span>                                    <\/span>            <\/th>\n<td>                                                            MDF\/lamino                                                <\/td>\n<\/tr>\n<tr>\n<th>                <span class=\"row-header-label\">                                            Ovl\u00e1d\u00e1n\u00ed sv\u011btla<span class=\"row-header-label-colon\">:<\/span>                                    <\/span>            <\/th>\n<td>                                                            Nen\u00ed sou\u010d\u00e1st\u00ed                                                <\/td>\n<\/tr>\n<tr>\n<th>                <span class=\"row-header-label\">                                            P\u0159\u00edkon<span class=\"row-header-label-colon\">:<\/span>                                    <\/span>            <\/th>\n<td>                                                            6.4 W                                                <\/td>\n<\/tr>\n<tr>\n<th>                <span class=\"row-header-label\">                                            Rozm\u011br<span class=\"row-header-label-colon\">:<\/span>                                    <\/span>            <\/th>\n<td>                                                            60x70x12 cm                                                <\/td>\n<\/tr>\n<tr>\n<th>                <span class=\"row-header-label\">                                            Stupe\u0148 kryt\u00ed<span class=\"row-header-label-colon\">:<\/span>                                    <\/span>            <\/th>\n<td>                                                            IP22                                                <\/td>\n<\/tr>\n<tr>\n<th>                <span class=\"row-header-label\">                                            Sv\u00edtivost<span class=\"row-header-label-colon\">:<\/span>                                    <\/span>            <\/th>\n<td>                                                            810 lm                                                <\/td>\n<\/tr>\n<tr>\n<th>                <span class=\"row-header-label\">                                            \u0160\u00ed\u0159ka<span class=\"row-header-label-colon\">:<\/span>                                    <\/span>            <\/th>\n<td>                                                            600 mm                                                <\/td>\n<\/tr>\n<tr>\n<th>                <span class=\"row-header-label\">                                            Tvar<span class=\"row-header-label-colon\">:<\/span>                                    <\/span>            <\/th>\n<td>                                                            Obd\u00e9ln\u00edk                                                <\/td>\n<\/tr>\n<tr>\n<th>                <span class=\"row-header-label\">                                            Typ zrcadla<span class=\"row-header-label-colon\">:<\/span>                                    <\/span>            <\/th>\n<td>                                                            Zrcadla s osv\u011btlen\u00edm;Zrcadla s polic\u00ed                                                <\/td>\n<\/tr>\n<tr>\n<th>                <span class=\"row-header-label\">                                            V\u00fd\u0161ka<span class=\"row-header-label-colon\">:<\/span>                                    <\/span>            <\/th>\n<td>                                                            700 mm                                                <\/td>\n<\/tr>\n<tr>\n<th>                <span class=\"row-header-label\">                                            Z\u00e1ruka<span class=\"row-header-label-colon\">:<\/span>                                    <\/span>            <\/th>\n<td>                                                            2 roky                                                <\/td>\n<\/tr>\n<tr>\n<th>                <span class=\"row-header-label\">                                            \u017divotnost (LED)<span class=\"row-header-label-colon\">:<\/span>                                    <\/span>            <\/th>\n<td>                                                            20000 hod.                                                <\/td>\n<\/tr>\n<\/tbody>\n<\/table><\/div>\n<\/p><\/div>\n<\/p><\/div>\n","protected":false},"excerpt":{"rendered":"<p>Detailn\u00ed popis produktu Koupelnov\u00e1 zrcadla KORIN LED vhodn\u011b dopln\u00ed s\u00e9rie koupelnov\u00e9ho n\u00e1bytku KERAMIA FRESH, ZOJA, VEGA, POLY a EKOSET.&nbsp; Barva LED: Denn\u00ed b\u00edl\u00e1 Pro ur\u010den\u00ed barvy sv\u011btla se pou\u017e\u00edv\u00e1 pojem \u201eteplota chromati\u010dnosti\u201c. Jej\u00ed hodnoty se ud\u00e1vaj\u00ed v jednotk\u00e1ch Kelvin\u016f (K). Denn\u00ed b\u00edl\u00e1 je barva vyza\u0159ovan\u00e9ho sv\u011btla v rozmez\u00ed 4000 &#8211; 5000 K. Toto sv\u011btlo je [&hellip;]<\/p>\n","protected":false},"featured_media":12472,"comment_status":"open","ping_status":"open","template":"","meta":[],"product_brand":[],"product_cat":[59],"product_tag":[],"class_list":{"0":"post-12372","1":"product","2":"type-product","3":"status-publish","4":"has-post-thumbnail","6":"product_cat-zrcadla","8":"first","9":"instock","10":"sale","11":"shipping-taxable","12":"purchasable","13":"product-type-simple"},"yoast_head":"<!-- This site is optimized with the Yoast SEO plugin v26.8 - https:\/\/yoast.com\/product\/yoast-seo-wordpress\/ -->\n<title>KORIN STRIP zrcadlo s LED osv\u011btlen\u00edm 60x70x12cm, dub platin Nejlep\u0161\u00ed Volba -<\/title>\n<meta name=\"robots\" content=\"index, follow, max-snippet:-1, max-image-preview:large, max-video-preview:-1\" \/>\n<link rel=\"canonical\" href=\"https:\/\/www.technodompro.com\/index.php\/produkt\/korin-strip-zrcadlo-s-led-osvetlenim-60x70x12cm-dub-platin-nejlepsi-volba-12372\/\" \/>\n<meta property=\"og:locale\" content=\"cs_CZ\" \/>\n<meta property=\"og:type\" content=\"article\" \/>\n<meta property=\"og:title\" content=\"KORIN STRIP zrcadlo s LED osv\u011btlen\u00edm 60x70x12cm, dub platin Nejlep\u0161\u00ed Volba -\" \/>\n<meta property=\"og:description\" content=\"Detailn\u00ed popis produktu Koupelnov\u00e1 zrcadla KORIN LED vhodn\u011b dopln\u00ed s\u00e9rie koupelnov\u00e9ho n\u00e1bytku KERAMIA FRESH, ZOJA, VEGA, POLY a EKOSET.&nbsp; Barva LED: Denn\u00ed b\u00edl\u00e1 Pro ur\u010den\u00ed barvy sv\u011btla se pou\u017e\u00edv\u00e1 pojem \u201eteplota chromati\u010dnosti\u201c. Jej\u00ed hodnoty se ud\u00e1vaj\u00ed v jednotk\u00e1ch Kelvin\u016f (K). Denn\u00ed b\u00edl\u00e1 je barva vyza\u0159ovan\u00e9ho sv\u011btla v rozmez\u00ed 4000 &#8211; 5000 K. Toto sv\u011btlo je [&hellip;]\" \/>\n<meta property=\"og:url\" content=\"https:\/\/www.technodompro.com\/index.php\/produkt\/korin-strip-zrcadlo-s-led-osvetlenim-60x70x12cm-dub-platin-nejlepsi-volba-12372\/\" \/>\n<meta property=\"og:image\" content=\"https:\/\/www.technodompro.com\/wp-content\/uploads\/2026\/SK0015599-CZ20260425-092556-0-1777080363-1168138_ko990s-238954800482928.webp\" \/>\n\t<meta property=\"og:image:width\" content=\"1000\" \/>\n\t<meta property=\"og:image:height\" content=\"750\" \/>\n\t<meta property=\"og:image:type\" content=\"image\/webp\" \/>\n<meta name=\"twitter:card\" content=\"summary_large_image\" \/>\n<meta name=\"twitter:label1\" content=\"Odhadovan\u00e1 doba \u010dten\u00ed\" \/>\n\t<meta name=\"twitter:data1\" content=\"1 minuta\" \/>\n<script type=\"application\/ld+json\" class=\"yoast-schema-graph\">{\"@context\":\"https:\/\/schema.org\",\"@graph\":[{\"@type\":\"WebPage\",\"@id\":\"https:\/\/www.technodompro.com\/index.php\/produkt\/korin-strip-zrcadlo-s-led-osvetlenim-60x70x12cm-dub-platin-nejlepsi-volba-12372\/\",\"url\":\"https:\/\/www.technodompro.com\/index.php\/produkt\/korin-strip-zrcadlo-s-led-osvetlenim-60x70x12cm-dub-platin-nejlepsi-volba-12372\/\",\"name\":\"KORIN STRIP zrcadlo s LED osv\u011btlen\u00edm 60x70x12cm, dub platin Nejlep\u0161\u00ed Volba -\",\"isPartOf\":{\"@id\":\"https:\/\/www.technodompro.com\/#website\"},\"primaryImageOfPage\":{\"@id\":\"https:\/\/www.technodompro.com\/index.php\/produkt\/korin-strip-zrcadlo-s-led-osvetlenim-60x70x12cm-dub-platin-nejlepsi-volba-12372\/#primaryimage\"},\"image\":{\"@id\":\"https:\/\/www.technodompro.com\/index.php\/produkt\/korin-strip-zrcadlo-s-led-osvetlenim-60x70x12cm-dub-platin-nejlepsi-volba-12372\/#primaryimage\"},\"thumbnailUrl\":\"https:\/\/www.technodompro.com\/wp-content\/uploads\/2026\/SK0015599-CZ20260425-092556-0-1777080363-1168138_ko990s-238954800482928.webp\",\"datePublished\":\"2026-04-27T04:40:59+00:00\",\"breadcrumb\":{\"@id\":\"https:\/\/www.technodompro.com\/index.php\/produkt\/korin-strip-zrcadlo-s-led-osvetlenim-60x70x12cm-dub-platin-nejlepsi-volba-12372\/#breadcrumb\"},\"inLanguage\":\"cs\",\"potentialAction\":[{\"@type\":\"ReadAction\",\"target\":[\"https:\/\/www.technodompro.com\/index.php\/produkt\/korin-strip-zrcadlo-s-led-osvetlenim-60x70x12cm-dub-platin-nejlepsi-volba-12372\/\"]}]},{\"@type\":\"ImageObject\",\"inLanguage\":\"cs\",\"@id\":\"https:\/\/www.technodompro.com\/index.php\/produkt\/korin-strip-zrcadlo-s-led-osvetlenim-60x70x12cm-dub-platin-nejlepsi-volba-12372\/#primaryimage\",\"url\":\"https:\/\/www.technodompro.com\/wp-content\/uploads\/2026\/SK0015599-CZ20260425-092556-0-1777080363-1168138_ko990s-238954800482928.webp\",\"contentUrl\":\"https:\/\/www.technodompro.com\/wp-content\/uploads\/2026\/SK0015599-CZ20260425-092556-0-1777080363-1168138_ko990s-238954800482928.webp\",\"width\":1000,\"height\":750},{\"@type\":\"BreadcrumbList\",\"@id\":\"https:\/\/www.technodompro.com\/index.php\/produkt\/korin-strip-zrcadlo-s-led-osvetlenim-60x70x12cm-dub-platin-nejlepsi-volba-12372\/#breadcrumb\",\"itemListElement\":[{\"@type\":\"ListItem\",\"position\":1,\"name\":\"Home\",\"item\":\"https:\/\/www.technodompro.com\/\"},{\"@type\":\"ListItem\",\"position\":2,\"name\":\"Products\",\"item\":\"https:\/\/www.technodompro.com\/index.php\/products\/\"},{\"@type\":\"ListItem\",\"position\":3,\"name\":\"KORIN STRIP zrcadlo s LED osv\u011btlen\u00edm 60x70x12cm, dub platin Nejlep\u0161\u00ed Volba\"}]},{\"@type\":\"WebSite\",\"@id\":\"https:\/\/www.technodompro.com\/#website\",\"url\":\"https:\/\/www.technodompro.com\/\",\"name\":\"\",\"description\":\"\",\"potentialAction\":[{\"@type\":\"SearchAction\",\"target\":{\"@type\":\"EntryPoint\",\"urlTemplate\":\"https:\/\/www.technodompro.com\/?s={search_term_string}\"},\"query-input\":{\"@type\":\"PropertyValueSpecification\",\"valueRequired\":true,\"valueName\":\"search_term_string\"}}],\"inLanguage\":\"cs\"}]}<\/script>\n<!-- \/ Yoast SEO plugin. -->","yoast_head_json":{"title":"KORIN STRIP zrcadlo s LED osv\u011btlen\u00edm 60x70x12cm, dub platin Nejlep\u0161\u00ed Volba -","robots":{"index":"index","follow":"follow","max-snippet":"max-snippet:-1","max-image-preview":"max-image-preview:large","max-video-preview":"max-video-preview:-1"},"canonical":"https:\/\/www.technodompro.com\/index.php\/produkt\/korin-strip-zrcadlo-s-led-osvetlenim-60x70x12cm-dub-platin-nejlepsi-volba-12372\/","og_locale":"cs_CZ","og_type":"article","og_title":"KORIN STRIP zrcadlo s LED osv\u011btlen\u00edm 60x70x12cm, dub platin Nejlep\u0161\u00ed Volba -","og_description":"Detailn\u00ed popis produktu Koupelnov\u00e1 zrcadla KORIN LED vhodn\u011b dopln\u00ed s\u00e9rie koupelnov\u00e9ho n\u00e1bytku KERAMIA FRESH, ZOJA, VEGA, POLY a EKOSET.&nbsp; Barva LED: Denn\u00ed b\u00edl\u00e1 Pro ur\u010den\u00ed barvy sv\u011btla se pou\u017e\u00edv\u00e1 pojem \u201eteplota chromati\u010dnosti\u201c. Jej\u00ed hodnoty se ud\u00e1vaj\u00ed v jednotk\u00e1ch Kelvin\u016f (K). Denn\u00ed b\u00edl\u00e1 je barva vyza\u0159ovan\u00e9ho sv\u011btla v rozmez\u00ed 4000 &#8211; 5000 K. Toto sv\u011btlo je [&hellip;]","og_url":"https:\/\/www.technodompro.com\/index.php\/produkt\/korin-strip-zrcadlo-s-led-osvetlenim-60x70x12cm-dub-platin-nejlepsi-volba-12372\/","og_image":[{"width":1000,"height":750,"url":"https:\/\/www.technodompro.com\/wp-content\/uploads\/2026\/SK0015599-CZ20260425-092556-0-1777080363-1168138_ko990s-238954800482928.webp","type":"image\/webp"}],"twitter_card":"summary_large_image","twitter_misc":{"Odhadovan\u00e1 doba \u010dten\u00ed":"1 minuta"},"schema":{"@context":"https:\/\/schema.org","@graph":[{"@type":"WebPage","@id":"https:\/\/www.technodompro.com\/index.php\/produkt\/korin-strip-zrcadlo-s-led-osvetlenim-60x70x12cm-dub-platin-nejlepsi-volba-12372\/","url":"https:\/\/www.technodompro.com\/index.php\/produkt\/korin-strip-zrcadlo-s-led-osvetlenim-60x70x12cm-dub-platin-nejlepsi-volba-12372\/","name":"KORIN STRIP zrcadlo s LED osv\u011btlen\u00edm 60x70x12cm, dub platin Nejlep\u0161\u00ed Volba -","isPartOf":{"@id":"https:\/\/www.technodompro.com\/#website"},"primaryImageOfPage":{"@id":"https:\/\/www.technodompro.com\/index.php\/produkt\/korin-strip-zrcadlo-s-led-osvetlenim-60x70x12cm-dub-platin-nejlepsi-volba-12372\/#primaryimage"},"image":{"@id":"https:\/\/www.technodompro.com\/index.php\/produkt\/korin-strip-zrcadlo-s-led-osvetlenim-60x70x12cm-dub-platin-nejlepsi-volba-12372\/#primaryimage"},"thumbnailUrl":"https:\/\/www.technodompro.com\/wp-content\/uploads\/2026\/SK0015599-CZ20260425-092556-0-1777080363-1168138_ko990s-238954800482928.webp","datePublished":"2026-04-27T04:40:59+00:00","breadcrumb":{"@id":"https:\/\/www.technodompro.com\/index.php\/produkt\/korin-strip-zrcadlo-s-led-osvetlenim-60x70x12cm-dub-platin-nejlepsi-volba-12372\/#breadcrumb"},"inLanguage":"cs","potentialAction":[{"@type":"ReadAction","target":["https:\/\/www.technodompro.com\/index.php\/produkt\/korin-strip-zrcadlo-s-led-osvetlenim-60x70x12cm-dub-platin-nejlepsi-volba-12372\/"]}]},{"@type":"ImageObject","inLanguage":"cs","@id":"https:\/\/www.technodompro.com\/index.php\/produkt\/korin-strip-zrcadlo-s-led-osvetlenim-60x70x12cm-dub-platin-nejlepsi-volba-12372\/#primaryimage","url":"https:\/\/www.technodompro.com\/wp-content\/uploads\/2026\/SK0015599-CZ20260425-092556-0-1777080363-1168138_ko990s-238954800482928.webp","contentUrl":"https:\/\/www.technodompro.com\/wp-content\/uploads\/2026\/SK0015599-CZ20260425-092556-0-1777080363-1168138_ko990s-238954800482928.webp","width":1000,"height":750},{"@type":"BreadcrumbList","@id":"https:\/\/www.technodompro.com\/index.php\/produkt\/korin-strip-zrcadlo-s-led-osvetlenim-60x70x12cm-dub-platin-nejlepsi-volba-12372\/#breadcrumb","itemListElement":[{"@type":"ListItem","position":1,"name":"Home","item":"https:\/\/www.technodompro.com\/"},{"@type":"ListItem","position":2,"name":"Products","item":"https:\/\/www.technodompro.com\/index.php\/products\/"},{"@type":"ListItem","position":3,"name":"KORIN STRIP zrcadlo s LED osv\u011btlen\u00edm 60x70x12cm, dub platin Nejlep\u0161\u00ed Volba"}]},{"@type":"WebSite","@id":"https:\/\/www.technodompro.com\/#website","url":"https:\/\/www.technodompro.com\/","name":"","description":"","potentialAction":[{"@type":"SearchAction","target":{"@type":"EntryPoint","urlTemplate":"https:\/\/www.technodompro.com\/?s={search_term_string}"},"query-input":{"@type":"PropertyValueSpecification","valueRequired":true,"valueName":"search_term_string"}}],"inLanguage":"cs"}]}},"_links":{"self":[{"href":"https:\/\/www.technodompro.com\/index.php\/wp-json\/wp\/v2\/product\/12372","targetHints":{"allow":["GET"]}}],"collection":[{"href":"https:\/\/www.technodompro.com\/index.php\/wp-json\/wp\/v2\/product"}],"about":[{"href":"https:\/\/www.technodompro.com\/index.php\/wp-json\/wp\/v2\/types\/product"}],"replies":[{"embeddable":true,"href":"https:\/\/www.technodompro.com\/index.php\/wp-json\/wp\/v2\/comments?post=12372"}],"wp:featuredmedia":[{"embeddable":true,"href":"https:\/\/www.technodompro.com\/index.php\/wp-json\/wp\/v2\/media\/12472"}],"wp:attachment":[{"href":"https:\/\/www.technodompro.com\/index.php\/wp-json\/wp\/v2\/media?parent=12372"}],"wp:term":[{"taxonomy":"product_brand","embeddable":true,"href":"https:\/\/www.technodompro.com\/index.php\/wp-json\/wp\/v2\/product_brand?post=12372"},{"taxonomy":"product_cat","embeddable":true,"href":"https:\/\/www.technodompro.com\/index.php\/wp-json\/wp\/v2\/product_cat?post=12372"},{"taxonomy":"product_tag","embeddable":true,"href":"https:\/\/www.technodompro.com\/index.php\/wp-json\/wp\/v2\/product_tag?post=12372"}],"curies":[{"name":"wp","href":"https:\/\/api.w.org\/{rel}","templated":true}]}}