{"id":12590,"date":"2026-04-27T04:41:00","date_gmt":"2026-04-27T04:41:00","guid":{"rendered":""},"modified":"2026-04-27T04:41:00","modified_gmt":"2026-04-27T04:41:00","slug":"waldorf-drzak-rucniku-40cm-bronz-koupelny-sanita-cz-autenticky-12590","status":"publish","type":"product","link":"https:\/\/www.technodompro.com\/index.php\/produkt\/waldorf-drzak-rucniku-40cm-bronz-koupelny-sanita-cz-autenticky-12590\/","title":{"rendered":"WALDORF dr\u017e\u00e1k ru\u010dn\u00edk\u016f 40cm, bronz &#8211; koupelny-sanita.cz Autentick\u00fd"},"content":{"rendered":"<div class=\"basic-description\">\n<h3>Detailn\u00ed popis produktu<\/h3>\n<p style=\"text-align: justify;\">Luxus po\u010d\u00e1tku dvac\u00e1t\u00e9ho stolet\u00ed, novogotick\u00e1 architektura v&nbsp;Americe, vzne\u0161en\u00e9 a elegantn\u00ed linie: to je pouze p\u00e1r z&nbsp;mnoha asociac\u00ed, kter\u00e9 n\u00e1zev WALDORF vyvol\u00e1v\u00e1. Kerasan znovu zpracoval tyto inspirace a vytvo\u0159il luxusn\u00ed kolekci sanit\u00e1rn\u00ed keramiky vysok\u00e9 kvality, kterou je ide\u00e1ln\u00ed kombinovat v&nbsp;modern\u00edm i&nbsp;klasick\u00e9m stylu. Charakteristick\u00fdmi prvky jsou obd\u00e9ln\u00edkov\u00fd tvar, kter\u00fd je zm\u011bk\u010den zaoblen\u00fdmi rohy a nav\u00edc hrany s&nbsp;dvojitou tlou\u0161\u0165kou, kter\u00e9 p\u0159ipom\u00ednaj\u00ed klasick\u00fd a monument\u00e1ln\u00ed styl. S\u00e9rie WALDORF zahrnuje prvky pro kompletn\u00ed koupelnu. Stylovou zaj\u00edmavost\u00ed je u umyvadel vodorovn\u011b um\u00edst\u011bn\u00fd p\u0159epadov\u00fd otvor s ozdobn\u00fdm zakon\u010den\u00edm.<\/p>\n<p><b>Video ke shl\u00e9dnut\u00ed<\/b><video width=\"640\" height=\"480\" controls><source src=\"https:\/\/ubc.k2.cz\/K2FTPdata\/UBC\/video\/produkt_ostatne\/sanitarni-keramika-kerasan-waldorf.mp4\" type=\"video\/mp4\">V\u00e1\u0161 prohl\u00ed\u017ee\u010d nepodporuje video tag.<\/video>                            <\/div>\n<div class=\"extended-description\">\n<h3>Dopl\u0148kov\u00e9 parametry<\/h3>\n<table class=\"detail-parameters\">\n<tbody>\n<tr>\n<th>        <span class=\"row-header-label\">            Kategorie<span class=\"row-header-label-colon\">:<\/span>        <\/span>    <\/th>\n<td>            <\/td>\n<\/tr>\n<tr>\n<th>            <span class=\"row-header-label\">                Z\u00e1ruka<span class=\"row-header-label-colon\">:<\/span>            <\/span>        <\/th>\n<td>            24        <\/td>\n<\/tr>\n<tr>\n<th>            <span class=\"row-header-label\">                Hmotnost<span class=\"row-header-label-colon\">:<\/span>            <\/span>        <\/th>\n<td>            0.64 kg        <\/td>\n<\/tr>\n<tr class=\"productEan\">\n<th>          <span class=\"row-header-label productEan__label\">              EAN<span class=\"row-header-label-colon\">:<\/span>          <\/span>      <\/th>\n<td>          <span class=\"productEan__value\">8056093917109<\/span>      <\/td>\n<\/tr>\n<tr>\n<th>                <span class=\"row-header-label\">                                            Balen\u00ed<span class=\"row-header-label-colon\">:<\/span>                                    <\/span>            <\/th>\n<td>                                                            1 ks                                                <\/td>\n<\/tr>\n<tr>\n<th>                <span class=\"row-header-label\">                                            Barva<span class=\"row-header-label-colon\">:<\/span>                                    <\/span>            <\/th>\n<td>                                                            Bronz                                                <\/td>\n<\/tr>\n<tr>\n<th>                <span class=\"row-header-label\">                                            D\u00e9lka<span class=\"row-header-label-colon\">:<\/span>                                    <\/span>            <\/th>\n<td>                                                            400 mm                                                <\/td>\n<\/tr>\n<tr>\n<th>                <span class=\"row-header-label\">                                            Dostupnost<span class=\"row-header-label-colon\">:<\/span>                                    <\/span>            <\/th>\n<td>                                                            Dod\u00e1n\u00ed do 8 t\u00fddn\u016f                                                <\/td>\n<\/tr>\n<tr>\n<th>                <span class=\"row-header-label\">                                            Z\u00e1ruka<span class=\"row-header-label-colon\">:<\/span>                                    <\/span>            <\/th>\n<td>                                                            2 roky                                                <\/td>\n<\/tr>\n<\/tbody>\n<\/table><\/div>\n<\/p><\/div>\n<\/p><\/div>\n","protected":false},"excerpt":{"rendered":"<p>Detailn\u00ed popis produktu Luxus po\u010d\u00e1tku dvac\u00e1t\u00e9ho stolet\u00ed, novogotick\u00e1 architektura v&nbsp;Americe, vzne\u0161en\u00e9 a elegantn\u00ed linie: to je pouze p\u00e1r z&nbsp;mnoha asociac\u00ed, kter\u00e9 n\u00e1zev WALDORF vyvol\u00e1v\u00e1. Kerasan znovu zpracoval tyto inspirace a vytvo\u0159il luxusn\u00ed kolekci sanit\u00e1rn\u00ed keramiky vysok\u00e9 kvality, kterou je ide\u00e1ln\u00ed kombinovat v&nbsp;modern\u00edm i&nbsp;klasick\u00e9m stylu. Charakteristick\u00fdmi prvky jsou obd\u00e9ln\u00edkov\u00fd tvar, kter\u00fd je zm\u011bk\u010den zaoblen\u00fdmi rohy a [&hellip;]<\/p>\n","protected":false},"featured_media":12690,"comment_status":"open","ping_status":"open","template":"","meta":[],"product_brand":[],"product_cat":[62],"product_tag":[],"class_list":{"0":"post-12590","1":"product","2":"type-product","3":"status-publish","4":"has-post-thumbnail","6":"product_cat-koupelnove-doplnky","8":"first","9":"instock","10":"sale","11":"shipping-taxable","12":"purchasable","13":"product-type-simple"},"yoast_head":"<!-- This site is optimized with the Yoast SEO plugin v26.8 - https:\/\/yoast.com\/product\/yoast-seo-wordpress\/ -->\n<title>WALDORF dr\u017e\u00e1k ru\u010dn\u00edk\u016f 40cm, bronz - koupelny-sanita.cz Autentick\u00fd -<\/title>\n<meta name=\"robots\" content=\"index, follow, max-snippet:-1, max-image-preview:large, max-video-preview:-1\" \/>\n<link rel=\"canonical\" href=\"https:\/\/www.technodompro.com\/index.php\/produkt\/waldorf-drzak-rucniku-40cm-bronz-koupelny-sanita-cz-autenticky-12590\/\" \/>\n<meta property=\"og:locale\" content=\"cs_CZ\" \/>\n<meta property=\"og:type\" content=\"article\" \/>\n<meta property=\"og:title\" content=\"WALDORF dr\u017e\u00e1k ru\u010dn\u00edk\u016f 40cm, bronz - koupelny-sanita.cz Autentick\u00fd -\" \/>\n<meta property=\"og:description\" content=\"Detailn\u00ed popis produktu Luxus po\u010d\u00e1tku dvac\u00e1t\u00e9ho stolet\u00ed, novogotick\u00e1 architektura v&nbsp;Americe, vzne\u0161en\u00e9 a elegantn\u00ed linie: to je pouze p\u00e1r z&nbsp;mnoha asociac\u00ed, kter\u00e9 n\u00e1zev WALDORF vyvol\u00e1v\u00e1. Kerasan znovu zpracoval tyto inspirace a vytvo\u0159il luxusn\u00ed kolekci sanit\u00e1rn\u00ed keramiky vysok\u00e9 kvality, kterou je ide\u00e1ln\u00ed kombinovat v&nbsp;modern\u00edm i&nbsp;klasick\u00e9m stylu. Charakteristick\u00fdmi prvky jsou obd\u00e9ln\u00edkov\u00fd tvar, kter\u00fd je zm\u011bk\u010den zaoblen\u00fdmi rohy a [&hellip;]\" \/>\n<meta property=\"og:url\" content=\"https:\/\/www.technodompro.com\/index.php\/produkt\/waldorf-drzak-rucniku-40cm-bronz-koupelny-sanita-cz-autenticky-12590\/\" \/>\n<meta property=\"og:image\" content=\"https:\/\/www.technodompro.com\/wp-content\/uploads\/2026\/SK0015751-CZ20260425-092556-0-1777080363-1188763_waldorf-drzak-rucniku-40cm--bronz.webp\" \/>\n\t<meta property=\"og:image:width\" content=\"1000\" \/>\n\t<meta property=\"og:image:height\" content=\"750\" \/>\n\t<meta property=\"og:image:type\" content=\"image\/webp\" \/>\n<meta name=\"twitter:card\" content=\"summary_large_image\" \/>\n<meta name=\"twitter:label1\" content=\"Odhadovan\u00e1 doba \u010dten\u00ed\" \/>\n\t<meta name=\"twitter:data1\" content=\"1 minuta\" \/>\n<script type=\"application\/ld+json\" class=\"yoast-schema-graph\">{\"@context\":\"https:\/\/schema.org\",\"@graph\":[{\"@type\":\"WebPage\",\"@id\":\"https:\/\/www.technodompro.com\/index.php\/produkt\/waldorf-drzak-rucniku-40cm-bronz-koupelny-sanita-cz-autenticky-12590\/\",\"url\":\"https:\/\/www.technodompro.com\/index.php\/produkt\/waldorf-drzak-rucniku-40cm-bronz-koupelny-sanita-cz-autenticky-12590\/\",\"name\":\"WALDORF dr\u017e\u00e1k ru\u010dn\u00edk\u016f 40cm, bronz - koupelny-sanita.cz Autentick\u00fd -\",\"isPartOf\":{\"@id\":\"https:\/\/www.technodompro.com\/#website\"},\"primaryImageOfPage\":{\"@id\":\"https:\/\/www.technodompro.com\/index.php\/produkt\/waldorf-drzak-rucniku-40cm-bronz-koupelny-sanita-cz-autenticky-12590\/#primaryimage\"},\"image\":{\"@id\":\"https:\/\/www.technodompro.com\/index.php\/produkt\/waldorf-drzak-rucniku-40cm-bronz-koupelny-sanita-cz-autenticky-12590\/#primaryimage\"},\"thumbnailUrl\":\"https:\/\/www.technodompro.com\/wp-content\/uploads\/2026\/SK0015751-CZ20260425-092556-0-1777080363-1188763_waldorf-drzak-rucniku-40cm--bronz.webp\",\"datePublished\":\"2026-04-27T04:41:00+00:00\",\"breadcrumb\":{\"@id\":\"https:\/\/www.technodompro.com\/index.php\/produkt\/waldorf-drzak-rucniku-40cm-bronz-koupelny-sanita-cz-autenticky-12590\/#breadcrumb\"},\"inLanguage\":\"cs\",\"potentialAction\":[{\"@type\":\"ReadAction\",\"target\":[\"https:\/\/www.technodompro.com\/index.php\/produkt\/waldorf-drzak-rucniku-40cm-bronz-koupelny-sanita-cz-autenticky-12590\/\"]}]},{\"@type\":\"ImageObject\",\"inLanguage\":\"cs\",\"@id\":\"https:\/\/www.technodompro.com\/index.php\/produkt\/waldorf-drzak-rucniku-40cm-bronz-koupelny-sanita-cz-autenticky-12590\/#primaryimage\",\"url\":\"https:\/\/www.technodompro.com\/wp-content\/uploads\/2026\/SK0015751-CZ20260425-092556-0-1777080363-1188763_waldorf-drzak-rucniku-40cm--bronz.webp\",\"contentUrl\":\"https:\/\/www.technodompro.com\/wp-content\/uploads\/2026\/SK0015751-CZ20260425-092556-0-1777080363-1188763_waldorf-drzak-rucniku-40cm--bronz.webp\",\"width\":1000,\"height\":750},{\"@type\":\"BreadcrumbList\",\"@id\":\"https:\/\/www.technodompro.com\/index.php\/produkt\/waldorf-drzak-rucniku-40cm-bronz-koupelny-sanita-cz-autenticky-12590\/#breadcrumb\",\"itemListElement\":[{\"@type\":\"ListItem\",\"position\":1,\"name\":\"Home\",\"item\":\"https:\/\/www.technodompro.com\/\"},{\"@type\":\"ListItem\",\"position\":2,\"name\":\"Products\",\"item\":\"https:\/\/www.technodompro.com\/index.php\/products\/\"},{\"@type\":\"ListItem\",\"position\":3,\"name\":\"WALDORF dr\u017e\u00e1k ru\u010dn\u00edk\u016f 40cm, bronz &#8211; koupelny-sanita.cz Autentick\u00fd\"}]},{\"@type\":\"WebSite\",\"@id\":\"https:\/\/www.technodompro.com\/#website\",\"url\":\"https:\/\/www.technodompro.com\/\",\"name\":\"\",\"description\":\"\",\"potentialAction\":[{\"@type\":\"SearchAction\",\"target\":{\"@type\":\"EntryPoint\",\"urlTemplate\":\"https:\/\/www.technodompro.com\/?s={search_term_string}\"},\"query-input\":{\"@type\":\"PropertyValueSpecification\",\"valueRequired\":true,\"valueName\":\"search_term_string\"}}],\"inLanguage\":\"cs\"}]}<\/script>\n<!-- \/ Yoast SEO plugin. -->","yoast_head_json":{"title":"WALDORF dr\u017e\u00e1k ru\u010dn\u00edk\u016f 40cm, bronz - koupelny-sanita.cz Autentick\u00fd -","robots":{"index":"index","follow":"follow","max-snippet":"max-snippet:-1","max-image-preview":"max-image-preview:large","max-video-preview":"max-video-preview:-1"},"canonical":"https:\/\/www.technodompro.com\/index.php\/produkt\/waldorf-drzak-rucniku-40cm-bronz-koupelny-sanita-cz-autenticky-12590\/","og_locale":"cs_CZ","og_type":"article","og_title":"WALDORF dr\u017e\u00e1k ru\u010dn\u00edk\u016f 40cm, bronz - koupelny-sanita.cz Autentick\u00fd -","og_description":"Detailn\u00ed popis produktu Luxus po\u010d\u00e1tku dvac\u00e1t\u00e9ho stolet\u00ed, novogotick\u00e1 architektura v&nbsp;Americe, vzne\u0161en\u00e9 a elegantn\u00ed linie: to je pouze p\u00e1r z&nbsp;mnoha asociac\u00ed, kter\u00e9 n\u00e1zev WALDORF vyvol\u00e1v\u00e1. Kerasan znovu zpracoval tyto inspirace a vytvo\u0159il luxusn\u00ed kolekci sanit\u00e1rn\u00ed keramiky vysok\u00e9 kvality, kterou je ide\u00e1ln\u00ed kombinovat v&nbsp;modern\u00edm i&nbsp;klasick\u00e9m stylu. Charakteristick\u00fdmi prvky jsou obd\u00e9ln\u00edkov\u00fd tvar, kter\u00fd je zm\u011bk\u010den zaoblen\u00fdmi rohy a [&hellip;]","og_url":"https:\/\/www.technodompro.com\/index.php\/produkt\/waldorf-drzak-rucniku-40cm-bronz-koupelny-sanita-cz-autenticky-12590\/","og_image":[{"width":1000,"height":750,"url":"https:\/\/www.technodompro.com\/wp-content\/uploads\/2026\/SK0015751-CZ20260425-092556-0-1777080363-1188763_waldorf-drzak-rucniku-40cm--bronz.webp","type":"image\/webp"}],"twitter_card":"summary_large_image","twitter_misc":{"Odhadovan\u00e1 doba \u010dten\u00ed":"1 minuta"},"schema":{"@context":"https:\/\/schema.org","@graph":[{"@type":"WebPage","@id":"https:\/\/www.technodompro.com\/index.php\/produkt\/waldorf-drzak-rucniku-40cm-bronz-koupelny-sanita-cz-autenticky-12590\/","url":"https:\/\/www.technodompro.com\/index.php\/produkt\/waldorf-drzak-rucniku-40cm-bronz-koupelny-sanita-cz-autenticky-12590\/","name":"WALDORF dr\u017e\u00e1k ru\u010dn\u00edk\u016f 40cm, bronz - koupelny-sanita.cz Autentick\u00fd -","isPartOf":{"@id":"https:\/\/www.technodompro.com\/#website"},"primaryImageOfPage":{"@id":"https:\/\/www.technodompro.com\/index.php\/produkt\/waldorf-drzak-rucniku-40cm-bronz-koupelny-sanita-cz-autenticky-12590\/#primaryimage"},"image":{"@id":"https:\/\/www.technodompro.com\/index.php\/produkt\/waldorf-drzak-rucniku-40cm-bronz-koupelny-sanita-cz-autenticky-12590\/#primaryimage"},"thumbnailUrl":"https:\/\/www.technodompro.com\/wp-content\/uploads\/2026\/SK0015751-CZ20260425-092556-0-1777080363-1188763_waldorf-drzak-rucniku-40cm--bronz.webp","datePublished":"2026-04-27T04:41:00+00:00","breadcrumb":{"@id":"https:\/\/www.technodompro.com\/index.php\/produkt\/waldorf-drzak-rucniku-40cm-bronz-koupelny-sanita-cz-autenticky-12590\/#breadcrumb"},"inLanguage":"cs","potentialAction":[{"@type":"ReadAction","target":["https:\/\/www.technodompro.com\/index.php\/produkt\/waldorf-drzak-rucniku-40cm-bronz-koupelny-sanita-cz-autenticky-12590\/"]}]},{"@type":"ImageObject","inLanguage":"cs","@id":"https:\/\/www.technodompro.com\/index.php\/produkt\/waldorf-drzak-rucniku-40cm-bronz-koupelny-sanita-cz-autenticky-12590\/#primaryimage","url":"https:\/\/www.technodompro.com\/wp-content\/uploads\/2026\/SK0015751-CZ20260425-092556-0-1777080363-1188763_waldorf-drzak-rucniku-40cm--bronz.webp","contentUrl":"https:\/\/www.technodompro.com\/wp-content\/uploads\/2026\/SK0015751-CZ20260425-092556-0-1777080363-1188763_waldorf-drzak-rucniku-40cm--bronz.webp","width":1000,"height":750},{"@type":"BreadcrumbList","@id":"https:\/\/www.technodompro.com\/index.php\/produkt\/waldorf-drzak-rucniku-40cm-bronz-koupelny-sanita-cz-autenticky-12590\/#breadcrumb","itemListElement":[{"@type":"ListItem","position":1,"name":"Home","item":"https:\/\/www.technodompro.com\/"},{"@type":"ListItem","position":2,"name":"Products","item":"https:\/\/www.technodompro.com\/index.php\/products\/"},{"@type":"ListItem","position":3,"name":"WALDORF dr\u017e\u00e1k ru\u010dn\u00edk\u016f 40cm, bronz &#8211; koupelny-sanita.cz Autentick\u00fd"}]},{"@type":"WebSite","@id":"https:\/\/www.technodompro.com\/#website","url":"https:\/\/www.technodompro.com\/","name":"","description":"","potentialAction":[{"@type":"SearchAction","target":{"@type":"EntryPoint","urlTemplate":"https:\/\/www.technodompro.com\/?s={search_term_string}"},"query-input":{"@type":"PropertyValueSpecification","valueRequired":true,"valueName":"search_term_string"}}],"inLanguage":"cs"}]}},"_links":{"self":[{"href":"https:\/\/www.technodompro.com\/index.php\/wp-json\/wp\/v2\/product\/12590","targetHints":{"allow":["GET"]}}],"collection":[{"href":"https:\/\/www.technodompro.com\/index.php\/wp-json\/wp\/v2\/product"}],"about":[{"href":"https:\/\/www.technodompro.com\/index.php\/wp-json\/wp\/v2\/types\/product"}],"replies":[{"embeddable":true,"href":"https:\/\/www.technodompro.com\/index.php\/wp-json\/wp\/v2\/comments?post=12590"}],"wp:featuredmedia":[{"embeddable":true,"href":"https:\/\/www.technodompro.com\/index.php\/wp-json\/wp\/v2\/media\/12690"}],"wp:attachment":[{"href":"https:\/\/www.technodompro.com\/index.php\/wp-json\/wp\/v2\/media?parent=12590"}],"wp:term":[{"taxonomy":"product_brand","embeddable":true,"href":"https:\/\/www.technodompro.com\/index.php\/wp-json\/wp\/v2\/product_brand?post=12590"},{"taxonomy":"product_cat","embeddable":true,"href":"https:\/\/www.technodompro.com\/index.php\/wp-json\/wp\/v2\/product_cat?post=12590"},{"taxonomy":"product_tag","embeddable":true,"href":"https:\/\/www.technodompro.com\/index.php\/wp-json\/wp\/v2\/product_tag?post=12590"}],"curies":[{"name":"wp","href":"https:\/\/api.w.org\/{rel}","templated":true}]}}