{"id":13317,"date":"2026-04-27T04:41:02","date_gmt":"2026-04-27T04:41:02","guid":{"rendered":""},"modified":"2026-04-27T04:41:02","modified_gmt":"2026-04-27T04:41:02","slug":"must-have-lorea-skrinka-spodni-policova-20x44x51-2cm-bila-mat-13317","status":"publish","type":"product","link":"https:\/\/www.technodompro.com\/index.php\/produkt\/must-have-lorea-skrinka-spodni-policova-20x44x51-2cm-bila-mat-13317\/","title":{"rendered":"Must-Have LOREA sk\u0159\u00ed\u0148ka spodn\u00ed policov\u00e1 20x44x51,2cm, b\u00edl\u00e1 mat"},"content":{"rendered":"<div class=\"basic-description\">\n<h3>Detailn\u00ed popis produktu<\/h3>\n<p style=\"text-align: justify;\">\u010cist\u00fd design s\u00e9rie LOREA se vyzna\u010duje jednoduch\u00fdm bez\u00fachytkov\u00fdm otev\u00edr\u00e1n\u00edm z\u00e1suvek. Sestavy z\u00e1suvkov\u00fdch sk\u0159\u00edn\u011bk v kombinaci s otev\u0159enou polic\u00ed nebo sk\u0159\u00ed\u0148kou nab\u00edz\u00ed rozm\u011bry od 70 do 180 cm. Pro tyto sestavy lze vyb\u00edrat konsolov\u00e1 umyvadla Areca, poloz\u00e1pustn\u00e1 Brahea nebo z \u0161irok\u00e9 nab\u00eddky umyvadel na postaven\u00ed, kter\u00e1 lze na desce libovoln\u011b um\u00edstit. Uvnit\u0159 sk\u0159\u00ed\u0148ky je nad z\u00e1suvkou praktick\u00e1 police na drobnosti ka\u017edodenn\u00ed pot\u0159eby. Pod hranu umyvadla lze instalovat tlumen\u00e9 LED osv\u011btlen\u00ed, kter\u00e9 pro jeho n\u00edzkou spot\u0159ebu (1W) nen\u00ed nutn\u00e9 vyp\u00ednat.N\u00e1bytek je ihned k&nbsp;dispozici ve 3 barevn\u00fdch variant\u00e1ch nebo k&nbsp;dod\u00e1n\u00ed na objedn\u00e1vku dle vzorn\u00edku.<\/p>\n<p style=\"text-align: justify;\"><strong>LOREA + ARECA umyvadla (lit\u00fd mramor)<\/strong><\/p>\n<\/p>\n<p><strong>LOREA + BRAHEA poloz\u00e1pustn\u00e1 umyvadla (Solid Surface)<\/strong><\/p>\n<\/p>\n<p><strong>LOREA + deska + umyvadlo na desku<\/strong><\/p>\n<\/p>\n<div class=\"product-explanation-item\">\n<h3>Lze vyrobit v tomto barevn\u00e9m proveden\u00ed:<\/h3>\n<p><strong>Cenov\u00e1 skupina A  <\/strong>p\u0159\u00edplatek 0%<\/p>\n<div class=\"vzorniky-list\">\n<div class=\"vzorniky-item\">30 B\u00edl\u00e1 lesk<\/div>\n<div class=\"vzorniky-item\">11 Dub st\u0159\u00edbrn\u00fd<\/div>\n<div class=\"vzorniky-item\">16 Borovice rustik<\/div>\n<div class=\"vzorniky-item\">22 Dub alabama<\/div>\n<div class=\"vzorniky-item\">25 Dub cuneo<\/div>\n<\/div>\n<div style=\"clear: both;\"><\/div>\n<p><strong>Cenov\u00e1 skupina B:<\/strong> p\u0159\u00edplatek 30%<\/p>\n<div class=\"vzorniky-list\">\n<div class=\"vzorniky-item\">10 Dub polar<\/div>\n<div class=\"vzorniky-item\">12 Dub mocca<\/div>\n<div class=\"vzorniky-item\">20 Dub texas<\/div>\n<div class=\"vzorniky-item\">15 Dub sherwood<\/div>\n<div class=\"vzorniky-item\">13 Jilm bardini<\/div>\n<div class=\"vzorniky-item\">21 Mali wenge<\/div>\n<div class=\"vzorniky-item\">17 O\u0159ech yosemite<\/div>\n<div class=\"vzorniky-item\">18 Dub \u010dern\u00fd<\/div>\n<div class=\"vzorniky-item\">31 B\u00edl\u00e1 mat<\/div>\n<div class=\"vzorniky-item\">32 Ka\u0161m\u00edrov\u00e1 matn\u00e1<\/div>\n<div class=\"vzorniky-item\">33 \u0160ed\u00e1 matn\u00e1<\/div>\n<div class=\"vzorniky-item\">34 Antracit matn\u00fd<\/div>\n<div class=\"vzorniky-item\">35 \u010cern\u00e1 matn\u00e1<\/div>\n<\/div>\n<div style=\"clear: both;\"><\/div>\n<p>Dodac\u00ed lh\u016fta cenov\u00e9 skupiny B je 6 t\u00fddn\u016f.<\/p>\n<\/div><\/div>\n<div class=\"extended-description\">\n<h3>Dopl\u0148kov\u00e9 parametry<\/h3>\n<table class=\"detail-parameters\">\n<tbody>\n<tr>\n<th>        <span class=\"row-header-label\">            Kategorie<span class=\"row-header-label-colon\">:<\/span>        <\/span>    <\/th>\n<td>            <\/td>\n<\/tr>\n<tr>\n<th>            <span class=\"row-header-label\">                Z\u00e1ruka<span class=\"row-header-label-colon\">:<\/span>            <\/span>        <\/th>\n<td>            24        <\/td>\n<\/tr>\n<tr>\n<th>            <span class=\"row-header-label\">                Hmotnost<span class=\"row-header-label-colon\">:<\/span>            <\/span>        <\/th>\n<td>            10.669 kg        <\/td>\n<\/tr>\n<tr class=\"productEan\">\n<th>          <span class=\"row-header-label productEan__label\">              EAN<span class=\"row-header-label-colon\">:<\/span>          <\/span>      <\/th>\n<td>          <span class=\"productEan__value\">8590913965883<\/span>      <\/td>\n<\/tr>\n<tr>\n<th>                <span class=\"row-header-label\">                                            3D model<span class=\"row-header-label-colon\">:<\/span>                                    <\/span>            <\/th>\n<td>                                                            ANO                                                <\/td>\n<\/tr>\n<tr>\n<th>                <span class=\"row-header-label\">                                            Barva<span class=\"row-header-label-colon\">:<\/span>                                    <\/span>            <\/th>\n<td>                                                            B\u00edl\u00e1 mat                                                <\/td>\n<\/tr>\n<tr>\n<th>                <span class=\"row-header-label\">                                            Dostupnost<span class=\"row-header-label-colon\">:<\/span>                                    <\/span>            <\/th>\n<td>                                                            Skladem                                                <\/td>\n<\/tr>\n<tr>\n<th>                <span class=\"row-header-label\">                                            Hloubka<span class=\"row-header-label-colon\">:<\/span>                                    <\/span>            <\/th>\n<td>                                                            512 mm                                                <\/td>\n<\/tr>\n<tr>\n<th>                <span class=\"row-header-label\">                                            Instalace<span class=\"row-header-label-colon\">:<\/span>                                    <\/span>            <\/th>\n<td>                                                            Z\u00e1v\u011bsn\u00e9 na st\u011bnu                                                <\/td>\n<\/tr>\n<tr>\n<th>                <span class=\"row-header-label\">                                            Jin\u00e9 barevn\u00e9 proveden\u00ed<span class=\"row-header-label-colon\">:<\/span>                                    <\/span>            <\/th>\n<td>                                                            Dle vzorn\u00edku                                                <\/td>\n<\/tr>\n<tr>\n<th>                <span class=\"row-header-label\">                                            Materi\u00e1l<span class=\"row-header-label-colon\">:<\/span>                                    <\/span>            <\/th>\n<td>                                                            MDF\/lamino                                                <\/td>\n<\/tr>\n<tr>\n<th>                <span class=\"row-header-label\">                                            Rozm\u011br<span class=\"row-header-label-colon\">:<\/span>                                    <\/span>            <\/th>\n<td>                                                            20x44x51,2 cm                                                <\/td>\n<\/tr>\n<tr>\n<th>                <span class=\"row-header-label\">                                            \u0160\u00ed\u0159ka<span class=\"row-header-label-colon\">:<\/span>                                    <\/span>            <\/th>\n<td>                                                            200 mm                                                <\/td>\n<\/tr>\n<tr>\n<th>                <span class=\"row-header-label\">                                            Typ sk\u0159\u00ed\u0148ky<span class=\"row-header-label-colon\">:<\/span>                                    <\/span>            <\/th>\n<td>                                                            Otev\u0159en\u00e1                                                <\/td>\n<\/tr>\n<tr>\n<th>                <span class=\"row-header-label\">                                            V\u00fd\u0161ka<span class=\"row-header-label-colon\">:<\/span>                                    <\/span>            <\/th>\n<td>                                                            440 mm                                                <\/td>\n<\/tr>\n<tr>\n<th>                <span class=\"row-header-label\">                                            Z\u00e1ruka<span class=\"row-header-label-colon\">:<\/span>                                    <\/span>            <\/th>\n<td>                                                            2 roky                                                <\/td>\n<\/tr>\n<\/tbody>\n<\/table><\/div>\n<\/p><\/div>\n<\/p><\/div>\n","protected":false},"excerpt":{"rendered":"<p>Detailn\u00ed popis produktu \u010cist\u00fd design s\u00e9rie LOREA se vyzna\u010duje jednoduch\u00fdm bez\u00fachytkov\u00fdm otev\u00edr\u00e1n\u00edm z\u00e1suvek. Sestavy z\u00e1suvkov\u00fdch sk\u0159\u00edn\u011bk v kombinaci s otev\u0159enou polic\u00ed nebo sk\u0159\u00ed\u0148kou nab\u00edz\u00ed rozm\u011bry od 70 do 180 cm. Pro tyto sestavy lze vyb\u00edrat konsolov\u00e1 umyvadla Areca, poloz\u00e1pustn\u00e1 Brahea nebo z \u0161irok\u00e9 nab\u00eddky umyvadel na postaven\u00ed, kter\u00e1 lze na desce libovoln\u011b um\u00edstit. Uvnit\u0159 sk\u0159\u00ed\u0148ky [&hellip;]<\/p>\n","protected":false},"featured_media":13417,"comment_status":"open","ping_status":"open","template":"","meta":[],"product_brand":[],"product_cat":[69],"product_tag":[],"class_list":{"0":"post-13317","1":"product","2":"type-product","3":"status-publish","4":"has-post-thumbnail","6":"product_cat-koupelnovy-nabytek","8":"first","9":"instock","10":"sale","11":"shipping-taxable","12":"purchasable","13":"product-type-simple"},"yoast_head":"<!-- This site is optimized with the Yoast SEO plugin v26.8 - https:\/\/yoast.com\/product\/yoast-seo-wordpress\/ -->\n<title>Must-Have LOREA sk\u0159\u00ed\u0148ka spodn\u00ed policov\u00e1 20x44x51,2cm, b\u00edl\u00e1 mat -<\/title>\n<meta name=\"robots\" content=\"index, follow, max-snippet:-1, max-image-preview:large, max-video-preview:-1\" \/>\n<link rel=\"canonical\" href=\"https:\/\/www.technodompro.com\/index.php\/produkt\/must-have-lorea-skrinka-spodni-policova-20x44x51-2cm-bila-mat-13317\/\" \/>\n<meta property=\"og:locale\" content=\"cs_CZ\" \/>\n<meta property=\"og:type\" content=\"article\" \/>\n<meta property=\"og:title\" content=\"Must-Have LOREA sk\u0159\u00ed\u0148ka spodn\u00ed policov\u00e1 20x44x51,2cm, b\u00edl\u00e1 mat -\" \/>\n<meta property=\"og:description\" content=\"Detailn\u00ed popis produktu \u010cist\u00fd design s\u00e9rie LOREA se vyzna\u010duje jednoduch\u00fdm bez\u00fachytkov\u00fdm otev\u00edr\u00e1n\u00edm z\u00e1suvek. Sestavy z\u00e1suvkov\u00fdch sk\u0159\u00edn\u011bk v kombinaci s otev\u0159enou polic\u00ed nebo sk\u0159\u00ed\u0148kou nab\u00edz\u00ed rozm\u011bry od 70 do 180 cm. Pro tyto sestavy lze vyb\u00edrat konsolov\u00e1 umyvadla Areca, poloz\u00e1pustn\u00e1 Brahea nebo z \u0161irok\u00e9 nab\u00eddky umyvadel na postaven\u00ed, kter\u00e1 lze na desce libovoln\u011b um\u00edstit. Uvnit\u0159 sk\u0159\u00ed\u0148ky [&hellip;]\" \/>\n<meta property=\"og:url\" content=\"https:\/\/www.technodompro.com\/index.php\/produkt\/must-have-lorea-skrinka-spodni-policova-20x44x51-2cm-bila-mat-13317\/\" \/>\n<meta property=\"og:image\" content=\"https:\/\/www.technodompro.com\/wp-content\/uploads\/2026\/SK0016211-CZ20260425-092556-0-1777080363-1225420_le020-3131-239641995279569.webp\" \/>\n\t<meta property=\"og:image:width\" content=\"1000\" \/>\n\t<meta property=\"og:image:height\" content=\"750\" \/>\n\t<meta property=\"og:image:type\" content=\"image\/webp\" \/>\n<meta name=\"twitter:card\" content=\"summary_large_image\" \/>\n<meta name=\"twitter:label1\" content=\"Odhadovan\u00e1 doba \u010dten\u00ed\" \/>\n\t<meta name=\"twitter:data1\" content=\"1 minuta\" \/>\n<script type=\"application\/ld+json\" class=\"yoast-schema-graph\">{\"@context\":\"https:\/\/schema.org\",\"@graph\":[{\"@type\":\"WebPage\",\"@id\":\"https:\/\/www.technodompro.com\/index.php\/produkt\/must-have-lorea-skrinka-spodni-policova-20x44x51-2cm-bila-mat-13317\/\",\"url\":\"https:\/\/www.technodompro.com\/index.php\/produkt\/must-have-lorea-skrinka-spodni-policova-20x44x51-2cm-bila-mat-13317\/\",\"name\":\"Must-Have LOREA sk\u0159\u00ed\u0148ka spodn\u00ed policov\u00e1 20x44x51,2cm, b\u00edl\u00e1 mat -\",\"isPartOf\":{\"@id\":\"https:\/\/www.technodompro.com\/#website\"},\"primaryImageOfPage\":{\"@id\":\"https:\/\/www.technodompro.com\/index.php\/produkt\/must-have-lorea-skrinka-spodni-policova-20x44x51-2cm-bila-mat-13317\/#primaryimage\"},\"image\":{\"@id\":\"https:\/\/www.technodompro.com\/index.php\/produkt\/must-have-lorea-skrinka-spodni-policova-20x44x51-2cm-bila-mat-13317\/#primaryimage\"},\"thumbnailUrl\":\"https:\/\/www.technodompro.com\/wp-content\/uploads\/2026\/SK0016211-CZ20260425-092556-0-1777080363-1225420_le020-3131-239641995279569.webp\",\"datePublished\":\"2026-04-27T04:41:02+00:00\",\"breadcrumb\":{\"@id\":\"https:\/\/www.technodompro.com\/index.php\/produkt\/must-have-lorea-skrinka-spodni-policova-20x44x51-2cm-bila-mat-13317\/#breadcrumb\"},\"inLanguage\":\"cs\",\"potentialAction\":[{\"@type\":\"ReadAction\",\"target\":[\"https:\/\/www.technodompro.com\/index.php\/produkt\/must-have-lorea-skrinka-spodni-policova-20x44x51-2cm-bila-mat-13317\/\"]}]},{\"@type\":\"ImageObject\",\"inLanguage\":\"cs\",\"@id\":\"https:\/\/www.technodompro.com\/index.php\/produkt\/must-have-lorea-skrinka-spodni-policova-20x44x51-2cm-bila-mat-13317\/#primaryimage\",\"url\":\"https:\/\/www.technodompro.com\/wp-content\/uploads\/2026\/SK0016211-CZ20260425-092556-0-1777080363-1225420_le020-3131-239641995279569.webp\",\"contentUrl\":\"https:\/\/www.technodompro.com\/wp-content\/uploads\/2026\/SK0016211-CZ20260425-092556-0-1777080363-1225420_le020-3131-239641995279569.webp\",\"width\":1000,\"height\":750},{\"@type\":\"BreadcrumbList\",\"@id\":\"https:\/\/www.technodompro.com\/index.php\/produkt\/must-have-lorea-skrinka-spodni-policova-20x44x51-2cm-bila-mat-13317\/#breadcrumb\",\"itemListElement\":[{\"@type\":\"ListItem\",\"position\":1,\"name\":\"Home\",\"item\":\"https:\/\/www.technodompro.com\/\"},{\"@type\":\"ListItem\",\"position\":2,\"name\":\"Products\",\"item\":\"https:\/\/www.technodompro.com\/index.php\/products\/\"},{\"@type\":\"ListItem\",\"position\":3,\"name\":\"Must-Have LOREA sk\u0159\u00ed\u0148ka spodn\u00ed policov\u00e1 20x44x51,2cm, b\u00edl\u00e1 mat\"}]},{\"@type\":\"WebSite\",\"@id\":\"https:\/\/www.technodompro.com\/#website\",\"url\":\"https:\/\/www.technodompro.com\/\",\"name\":\"\",\"description\":\"\",\"potentialAction\":[{\"@type\":\"SearchAction\",\"target\":{\"@type\":\"EntryPoint\",\"urlTemplate\":\"https:\/\/www.technodompro.com\/?s={search_term_string}\"},\"query-input\":{\"@type\":\"PropertyValueSpecification\",\"valueRequired\":true,\"valueName\":\"search_term_string\"}}],\"inLanguage\":\"cs\"}]}<\/script>\n<!-- \/ Yoast SEO plugin. -->","yoast_head_json":{"title":"Must-Have LOREA sk\u0159\u00ed\u0148ka spodn\u00ed policov\u00e1 20x44x51,2cm, b\u00edl\u00e1 mat -","robots":{"index":"index","follow":"follow","max-snippet":"max-snippet:-1","max-image-preview":"max-image-preview:large","max-video-preview":"max-video-preview:-1"},"canonical":"https:\/\/www.technodompro.com\/index.php\/produkt\/must-have-lorea-skrinka-spodni-policova-20x44x51-2cm-bila-mat-13317\/","og_locale":"cs_CZ","og_type":"article","og_title":"Must-Have LOREA sk\u0159\u00ed\u0148ka spodn\u00ed policov\u00e1 20x44x51,2cm, b\u00edl\u00e1 mat -","og_description":"Detailn\u00ed popis produktu \u010cist\u00fd design s\u00e9rie LOREA se vyzna\u010duje jednoduch\u00fdm bez\u00fachytkov\u00fdm otev\u00edr\u00e1n\u00edm z\u00e1suvek. Sestavy z\u00e1suvkov\u00fdch sk\u0159\u00edn\u011bk v kombinaci s otev\u0159enou polic\u00ed nebo sk\u0159\u00ed\u0148kou nab\u00edz\u00ed rozm\u011bry od 70 do 180 cm. Pro tyto sestavy lze vyb\u00edrat konsolov\u00e1 umyvadla Areca, poloz\u00e1pustn\u00e1 Brahea nebo z \u0161irok\u00e9 nab\u00eddky umyvadel na postaven\u00ed, kter\u00e1 lze na desce libovoln\u011b um\u00edstit. Uvnit\u0159 sk\u0159\u00ed\u0148ky [&hellip;]","og_url":"https:\/\/www.technodompro.com\/index.php\/produkt\/must-have-lorea-skrinka-spodni-policova-20x44x51-2cm-bila-mat-13317\/","og_image":[{"width":1000,"height":750,"url":"https:\/\/www.technodompro.com\/wp-content\/uploads\/2026\/SK0016211-CZ20260425-092556-0-1777080363-1225420_le020-3131-239641995279569.webp","type":"image\/webp"}],"twitter_card":"summary_large_image","twitter_misc":{"Odhadovan\u00e1 doba \u010dten\u00ed":"1 minuta"},"schema":{"@context":"https:\/\/schema.org","@graph":[{"@type":"WebPage","@id":"https:\/\/www.technodompro.com\/index.php\/produkt\/must-have-lorea-skrinka-spodni-policova-20x44x51-2cm-bila-mat-13317\/","url":"https:\/\/www.technodompro.com\/index.php\/produkt\/must-have-lorea-skrinka-spodni-policova-20x44x51-2cm-bila-mat-13317\/","name":"Must-Have LOREA sk\u0159\u00ed\u0148ka spodn\u00ed policov\u00e1 20x44x51,2cm, b\u00edl\u00e1 mat -","isPartOf":{"@id":"https:\/\/www.technodompro.com\/#website"},"primaryImageOfPage":{"@id":"https:\/\/www.technodompro.com\/index.php\/produkt\/must-have-lorea-skrinka-spodni-policova-20x44x51-2cm-bila-mat-13317\/#primaryimage"},"image":{"@id":"https:\/\/www.technodompro.com\/index.php\/produkt\/must-have-lorea-skrinka-spodni-policova-20x44x51-2cm-bila-mat-13317\/#primaryimage"},"thumbnailUrl":"https:\/\/www.technodompro.com\/wp-content\/uploads\/2026\/SK0016211-CZ20260425-092556-0-1777080363-1225420_le020-3131-239641995279569.webp","datePublished":"2026-04-27T04:41:02+00:00","breadcrumb":{"@id":"https:\/\/www.technodompro.com\/index.php\/produkt\/must-have-lorea-skrinka-spodni-policova-20x44x51-2cm-bila-mat-13317\/#breadcrumb"},"inLanguage":"cs","potentialAction":[{"@type":"ReadAction","target":["https:\/\/www.technodompro.com\/index.php\/produkt\/must-have-lorea-skrinka-spodni-policova-20x44x51-2cm-bila-mat-13317\/"]}]},{"@type":"ImageObject","inLanguage":"cs","@id":"https:\/\/www.technodompro.com\/index.php\/produkt\/must-have-lorea-skrinka-spodni-policova-20x44x51-2cm-bila-mat-13317\/#primaryimage","url":"https:\/\/www.technodompro.com\/wp-content\/uploads\/2026\/SK0016211-CZ20260425-092556-0-1777080363-1225420_le020-3131-239641995279569.webp","contentUrl":"https:\/\/www.technodompro.com\/wp-content\/uploads\/2026\/SK0016211-CZ20260425-092556-0-1777080363-1225420_le020-3131-239641995279569.webp","width":1000,"height":750},{"@type":"BreadcrumbList","@id":"https:\/\/www.technodompro.com\/index.php\/produkt\/must-have-lorea-skrinka-spodni-policova-20x44x51-2cm-bila-mat-13317\/#breadcrumb","itemListElement":[{"@type":"ListItem","position":1,"name":"Home","item":"https:\/\/www.technodompro.com\/"},{"@type":"ListItem","position":2,"name":"Products","item":"https:\/\/www.technodompro.com\/index.php\/products\/"},{"@type":"ListItem","position":3,"name":"Must-Have LOREA sk\u0159\u00ed\u0148ka spodn\u00ed policov\u00e1 20x44x51,2cm, b\u00edl\u00e1 mat"}]},{"@type":"WebSite","@id":"https:\/\/www.technodompro.com\/#website","url":"https:\/\/www.technodompro.com\/","name":"","description":"","potentialAction":[{"@type":"SearchAction","target":{"@type":"EntryPoint","urlTemplate":"https:\/\/www.technodompro.com\/?s={search_term_string}"},"query-input":{"@type":"PropertyValueSpecification","valueRequired":true,"valueName":"search_term_string"}}],"inLanguage":"cs"}]}},"_links":{"self":[{"href":"https:\/\/www.technodompro.com\/index.php\/wp-json\/wp\/v2\/product\/13317","targetHints":{"allow":["GET"]}}],"collection":[{"href":"https:\/\/www.technodompro.com\/index.php\/wp-json\/wp\/v2\/product"}],"about":[{"href":"https:\/\/www.technodompro.com\/index.php\/wp-json\/wp\/v2\/types\/product"}],"replies":[{"embeddable":true,"href":"https:\/\/www.technodompro.com\/index.php\/wp-json\/wp\/v2\/comments?post=13317"}],"wp:featuredmedia":[{"embeddable":true,"href":"https:\/\/www.technodompro.com\/index.php\/wp-json\/wp\/v2\/media\/13417"}],"wp:attachment":[{"href":"https:\/\/www.technodompro.com\/index.php\/wp-json\/wp\/v2\/media?parent=13317"}],"wp:term":[{"taxonomy":"product_brand","embeddable":true,"href":"https:\/\/www.technodompro.com\/index.php\/wp-json\/wp\/v2\/product_brand?post=13317"},{"taxonomy":"product_cat","embeddable":true,"href":"https:\/\/www.technodompro.com\/index.php\/wp-json\/wp\/v2\/product_cat?post=13317"},{"taxonomy":"product_tag","embeddable":true,"href":"https:\/\/www.technodompro.com\/index.php\/wp-json\/wp\/v2\/product_tag?post=13317"}],"curies":[{"name":"wp","href":"https:\/\/api.w.org\/{rel}","templated":true}]}}