{"id":13328,"date":"2026-04-27T04:41:02","date_gmt":"2026-04-27T04:41:02","guid":{"rendered":""},"modified":"2026-04-27T04:41:02","modified_gmt":"2026-04-27T04:41:02","slug":"vraceni-zdarma-lorea-skrinka-s-umyvadlem-101x46x51-5cm-30-70cm-prava-bila-mat-13328","status":"publish","type":"product","link":"https:\/\/www.technodompro.com\/index.php\/produkt\/vraceni-zdarma-lorea-skrinka-s-umyvadlem-101x46x51-5cm-30-70cm-prava-bila-mat-13328\/","title":{"rendered":"Vr\u00e1cen\u00ed Zdarma LOREA sk\u0159\u00ed\u0148ka s umyvadlem 101x46x51,5cm (30+70cm), prav\u00e1, b\u00edl\u00e1 mat"},"content":{"rendered":"<div class=\"basic-description\">\n<h3>Detailn\u00ed popis produktu<\/h3>\n<p style=\"text-align: justify;\">\u010cist\u00fd design s\u00e9rie LOREA se vyzna\u010duje jednoduch\u00fdm bez\u00fachytkov\u00fdm otev\u00edr\u00e1n\u00edm z\u00e1suvek. Sestavy z\u00e1suvkov\u00fdch sk\u0159\u00edn\u011bk v kombinaci s otev\u0159enou polic\u00ed nebo sk\u0159\u00ed\u0148kou nab\u00edz\u00ed rozm\u011bry od 70 do 180 cm. Pro tyto sestavy lze vyb\u00edrat konsolov\u00e1 umyvadla Areca, poloz\u00e1pustn\u00e1 Brahea nebo z \u0161irok\u00e9 nab\u00eddky umyvadel na postaven\u00ed, kter\u00e1 lze na desce libovoln\u011b um\u00edstit. Uvnit\u0159 sk\u0159\u00ed\u0148ky je nad z\u00e1suvkou praktick\u00e1 police na drobnosti ka\u017edodenn\u00ed pot\u0159eby. Pod hranu umyvadla lze instalovat tlumen\u00e9 LED osv\u011btlen\u00ed, kter\u00e9 pro jeho n\u00edzkou spot\u0159ebu (1W) nen\u00ed nutn\u00e9 vyp\u00ednat.N\u00e1bytek je ihned k&nbsp;dispozici ve 3 barevn\u00fdch variant\u00e1ch nebo k&nbsp;dod\u00e1n\u00ed na objedn\u00e1vku dle vzorn\u00edku.<\/p>\n<p style=\"text-align: justify;\"><strong>LOREA + ARECA umyvadla (lit\u00fd mramor)<\/strong><\/p>\n<\/p>\n<p><strong>LOREA + BRAHEA poloz\u00e1pustn\u00e1 umyvadla (Solid Surface)<\/strong><\/p>\n<\/p>\n<p><strong>LOREA + deska + umyvadlo na desku<\/strong><\/p>\n<\/p>\n<div class=\"product-explanation-item\">\n<h3>Lze vyrobit v tomto barevn\u00e9m proveden\u00ed:<\/h3>\n<p><strong>Cenov\u00e1 skupina A  <\/strong>p\u0159\u00edplatek 0%<\/p>\n<div class=\"vzorniky-list\">\n<div class=\"vzorniky-item\">30 B\u00edl\u00e1 lesk<\/div>\n<div class=\"vzorniky-item\">11 Dub st\u0159\u00edbrn\u00fd<\/div>\n<div class=\"vzorniky-item\">16 Borovice rustik<\/div>\n<div class=\"vzorniky-item\">22 Dub alabama<\/div>\n<div class=\"vzorniky-item\">25 Dub cuneo<\/div>\n<\/div>\n<div style=\"clear: both;\"><\/div>\n<p><strong>Cenov\u00e1 skupina B:<\/strong>  p\u0159\u00edplatek 30%<\/p>\n<div class=\"vzorniky-list\">\n<div class=\"vzorniky-item\">10 Dub polar<\/div>\n<div class=\"vzorniky-item\">12 Dub mocca<\/div>\n<div class=\"vzorniky-item\">20 Dub texas<\/div>\n<div class=\"vzorniky-item\">15 Dub sherwood<\/div>\n<div class=\"vzorniky-item\">13 Jilm bardini<\/div>\n<div class=\"vzorniky-item\">21 Mali wenge<\/div>\n<div class=\"vzorniky-item\">17 O\u0159ech yosemite<\/div>\n<div class=\"vzorniky-item\">18 Dub \u010dern\u00fd<\/div>\n<div class=\"vzorniky-item\">31 B\u00edl\u00e1 mat<\/div>\n<div class=\"vzorniky-item\">32 Ka\u0161m\u00edrov\u00e1 matn\u00e1<\/div>\n<div class=\"vzorniky-item\">33 \u0160ed\u00e1 matn\u00e1<\/div>\n<div class=\"vzorniky-item\">34 Antracit matn\u00fd<\/div>\n<div class=\"vzorniky-item\">35 \u010cern\u00e1 matn\u00e1<\/div>\n<\/div>\n<div style=\"clear: both;\"><\/div>\n<p><strong>Cenov\u00e1 skupina C:<\/strong> p\u0159\u00edplatek 50%<\/p>\n<div class=\"vzorniky-list\">\n<div class=\"vzorniky-item\">23 Dub alabama strip(pouze dv\u00ed\u0159ka\/\u010delo)<\/div>\n<div class=\"vzorniky-item\">41 Carina41S Carina strip(pouze dv\u00ed\u0159ka\/\u010delo)<\/div>\n<div class=\"vzorniky-item\">42 Siena42S Siena strip(pouze dv\u00ed\u0159ka\/\u010delo)<\/div>\n<div class=\"vzorniky-item\">43 Agila43S Agila strip(pouze dv\u00ed\u0159ka\/\u010delo)<\/div>\n<div class=\"vzorniky-item\">44 Verde44S Verde strip(pouze dv\u00ed\u0159ka\/\u010delo)<\/div>\n<\/div>\n<div style=\"clear: both;\"><\/div>\n<p>jak\u00e1koliv barva dle vzorn\u00edku RAL nebo NCS v leskl\u00e9m nebo matn\u00e9m proveden\u00ed<\/p>\n<div class=\"vzorniky-list\">\n<div class=\"vzorniky-item\">RAL1019 \u0160edob\u00e9\u017eov\u00e1<\/div>\n<div class=\"vzorniky-item\">RAL3004 Bord\u00f3<\/div>\n<div class=\"vzorniky-item\">RAL6004 Modrozelen\u00e1<\/div>\n<div class=\"vzorniky-item\">RAL7031 \u0160edomodr\u00e1<\/div>\n<\/div>\n<div style=\"clear: both;\"><\/div>\n<p>Dodac\u00ed lh\u016fta cenov\u00fdch skupin B a C je 6 t\u00fddn\u016f.<\/p>\n<\/div>\n<div class=\"product-explanation-item\">\n<h3>Tich\u00e9 a plynul\u00e9 zav\u00edr\u00e1n\u00ed<\/h3>\n<div style=\"float: left;\"><\/div>\n<p style=\"text-align: justify;\">N\u00e1bytek je vybaven pojezdy z\u00e1suvek s pomal\u00fdm dojezdem a syst\u00e9mem automatick\u00e9ho dov\u0159en\u00ed z\u00e1suvek. Ji\u017e \u017e\u00e1dn\u00e9 hlu\u010dn\u00e9 dov\u00edr\u00e1n\u00ed.<\/p>\n<\/div>\n<p><b>Video ke shl\u00e9dnut\u00ed<\/b><video width=\"640\" height=\"480\" controls><source src=\"https:\/\/ubc.k2.cz\/K2FTPdata\/UBC\/video\/produkt_ostatne\/nabytek-lorea.mp4\" type=\"video\/mp4\">V\u00e1\u0161 prohl\u00ed\u017ee\u010d nepodporuje video tag.<\/video>                            <\/div>\n<div class=\"extended-description\">\n<h3>Dopl\u0148kov\u00e9 parametry<\/h3>\n<table class=\"detail-parameters\">\n<tbody>\n<tr>\n<th>        <span class=\"row-header-label\">            Kategorie<span class=\"row-header-label-colon\">:<\/span>        <\/span>    <\/th>\n<td>            <\/td>\n<\/tr>\n<tr>\n<th>            <span class=\"row-header-label\">                Z\u00e1ruka<span class=\"row-header-label-colon\">:<\/span>            <\/span>        <\/th>\n<td>            24        <\/td>\n<\/tr>\n<tr>\n<th>            <span class=\"row-header-label\">                Hmotnost<span class=\"row-header-label-colon\">:<\/span>            <\/span>        <\/th>\n<td>            37.208 kg        <\/td>\n<\/tr>\n<tr class=\"productEan\">\n<th>          <span class=\"row-header-label productEan__label\">              EAN<span class=\"row-header-label-colon\">:<\/span>          <\/span>      <\/th>\n<td>          <span class=\"productEan__value\">8590913977725<\/span>      <\/td>\n<\/tr>\n<tr>\n<th>                <span class=\"row-header-label\">                                            Balen\u00ed<span class=\"row-header-label-colon\">:<\/span>                                    <\/span>            <\/th>\n<td>                                                            2 ks                                                <\/td>\n<\/tr>\n<tr>\n<th>                <span class=\"row-header-label\">                                            Balen\u00ed neobsahuje<span class=\"row-header-label-colon\">:<\/span>                                    <\/span>            <\/th>\n<td>                                                            Umyvadlo                                                <\/td>\n<\/tr>\n<tr>\n<th>                <span class=\"row-header-label\">                                            Barva<span class=\"row-header-label-colon\">:<\/span>                                    <\/span>            <\/th>\n<td>                                                            B\u00edl\u00e1 mat                                                <\/td>\n<\/tr>\n<tr>\n<th>                <span class=\"row-header-label\">                                            Dostupnost<span class=\"row-header-label-colon\">:<\/span>                                    <\/span>            <\/th>\n<td>                                                            Skladem                                                <\/td>\n<\/tr>\n<tr>\n<th>                <span class=\"row-header-label\">                                            Hloubka<span class=\"row-header-label-colon\">:<\/span>                                    <\/span>            <\/th>\n<td>                                                            515 mm                                                <\/td>\n<\/tr>\n<tr>\n<th>                <span class=\"row-header-label\">                                            Instalace<span class=\"row-header-label-colon\">:<\/span>                                    <\/span>            <\/th>\n<td>                                                            Z\u00e1v\u011bsn\u00e9 na st\u011bnu                                                <\/td>\n<\/tr>\n<tr>\n<th>                <span class=\"row-header-label\">                                            Jin\u00e9 barevn\u00e9 proveden\u00ed<span class=\"row-header-label-colon\">:<\/span>                                    <\/span>            <\/th>\n<td>                                                            Dle vzorn\u00edku                                                <\/td>\n<\/tr>\n<tr>\n<th>                <span class=\"row-header-label\">                                            Materi\u00e1l<span class=\"row-header-label-colon\">:<\/span>                                    <\/span>            <\/th>\n<td>                                                            MDF\/lamino                                                <\/td>\n<\/tr>\n<tr>\n<th>                <span class=\"row-header-label\">                                            Rozm\u011br<span class=\"row-header-label-colon\">:<\/span>                                    <\/span>            <\/th>\n<td>                                                            101x46x51,5 cm                                                <\/td>\n<\/tr>\n<tr>\n<th>                <span class=\"row-header-label\">                                            \u0160\u00ed\u0159ka<span class=\"row-header-label-colon\">:<\/span>                                    <\/span>            <\/th>\n<td>                                                            1010 mm                                                <\/td>\n<\/tr>\n<tr>\n<th>                <span class=\"row-header-label\">                                            Typ sk\u0159\u00ed\u0148ky<span class=\"row-header-label-colon\">:<\/span>                                    <\/span>            <\/th>\n<td>                                                            Z\u00e1suvky a dv\u00ed\u0159ka                                                <\/td>\n<\/tr>\n<tr>\n<th>                <span class=\"row-header-label\">                                            Typ umyvadla<span class=\"row-header-label-colon\">:<\/span>                                    <\/span>            <\/th>\n<td>                                                            Klasick\u00e9 umyvadlo                                                <\/td>\n<\/tr>\n<tr>\n<th>                <span class=\"row-header-label\">                                            V\u00fdbava<span class=\"row-header-label-colon\">:<\/span>                                    <\/span>            <\/th>\n<td>                                                            Tich\u00e9 a plynul\u00e9 zav\u00edr\u00e1n\u00ed                                                <\/td>\n<\/tr>\n<tr>\n<th>                <span class=\"row-header-label\">                                            V\u00fd\u0161ka<span class=\"row-header-label-colon\">:<\/span>                                    <\/span>            <\/th>\n<td>                                                            460 mm                                                <\/td>\n<\/tr>\n<tr>\n<th>                <span class=\"row-header-label\">                                            Z\u00e1ruka<span class=\"row-header-label-colon\">:<\/span>                                    <\/span>            <\/th>\n<td>                                                            2 roky                                                <\/td>\n<\/tr>\n<\/tbody>\n<\/table><\/div>\n<\/p><\/div>\n<\/p><\/div>\n","protected":false},"excerpt":{"rendered":"<p>Detailn\u00ed popis produktu \u010cist\u00fd design s\u00e9rie LOREA se vyzna\u010duje jednoduch\u00fdm bez\u00fachytkov\u00fdm otev\u00edr\u00e1n\u00edm z\u00e1suvek. Sestavy z\u00e1suvkov\u00fdch sk\u0159\u00edn\u011bk v kombinaci s otev\u0159enou polic\u00ed nebo sk\u0159\u00ed\u0148kou nab\u00edz\u00ed rozm\u011bry od 70 do 180 cm. Pro tyto sestavy lze vyb\u00edrat konsolov\u00e1 umyvadla Areca, poloz\u00e1pustn\u00e1 Brahea nebo z \u0161irok\u00e9 nab\u00eddky umyvadel na postaven\u00ed, kter\u00e1 lze na desce libovoln\u011b um\u00edstit. Uvnit\u0159 sk\u0159\u00ed\u0148ky [&hellip;]<\/p>\n","protected":false},"featured_media":13428,"comment_status":"open","ping_status":"open","template":"","meta":[],"product_brand":[],"product_cat":[63],"product_tag":[],"class_list":{"0":"post-13328","1":"product","2":"type-product","3":"status-publish","4":"has-post-thumbnail","6":"product_cat-umyvadlove-skrinky","8":"first","9":"instock","10":"sale","11":"shipping-taxable","12":"purchasable","13":"product-type-simple"},"yoast_head":"<!-- This site is optimized with the Yoast SEO plugin v26.8 - https:\/\/yoast.com\/product\/yoast-seo-wordpress\/ -->\n<title>Vr\u00e1cen\u00ed Zdarma LOREA sk\u0159\u00ed\u0148ka s umyvadlem 101x46x51,5cm (30+70cm), prav\u00e1, b\u00edl\u00e1 mat -<\/title>\n<meta name=\"robots\" content=\"index, follow, max-snippet:-1, max-image-preview:large, max-video-preview:-1\" \/>\n<link rel=\"canonical\" href=\"https:\/\/www.technodompro.com\/index.php\/produkt\/vraceni-zdarma-lorea-skrinka-s-umyvadlem-101x46x51-5cm-30-70cm-prava-bila-mat-13328\/\" \/>\n<meta property=\"og:locale\" content=\"cs_CZ\" \/>\n<meta property=\"og:type\" content=\"article\" \/>\n<meta property=\"og:title\" content=\"Vr\u00e1cen\u00ed Zdarma LOREA sk\u0159\u00ed\u0148ka s umyvadlem 101x46x51,5cm (30+70cm), prav\u00e1, b\u00edl\u00e1 mat -\" \/>\n<meta property=\"og:description\" content=\"Detailn\u00ed popis produktu \u010cist\u00fd design s\u00e9rie LOREA se vyzna\u010duje jednoduch\u00fdm bez\u00fachytkov\u00fdm otev\u00edr\u00e1n\u00edm z\u00e1suvek. Sestavy z\u00e1suvkov\u00fdch sk\u0159\u00edn\u011bk v kombinaci s otev\u0159enou polic\u00ed nebo sk\u0159\u00ed\u0148kou nab\u00edz\u00ed rozm\u011bry od 70 do 180 cm. Pro tyto sestavy lze vyb\u00edrat konsolov\u00e1 umyvadla Areca, poloz\u00e1pustn\u00e1 Brahea nebo z \u0161irok\u00e9 nab\u00eddky umyvadel na postaven\u00ed, kter\u00e1 lze na desce libovoln\u011b um\u00edstit. Uvnit\u0159 sk\u0159\u00ed\u0148ky [&hellip;]\" \/>\n<meta property=\"og:url\" content=\"https:\/\/www.technodompro.com\/index.php\/produkt\/vraceni-zdarma-lorea-skrinka-s-umyvadlem-101x46x51-5cm-30-70cm-prava-bila-mat-13328\/\" \/>\n<meta property=\"og:image\" content=\"https:\/\/www.technodompro.com\/wp-content\/uploads\/2026\/SK0016222-CZ20260425-092556-0-1777080363-1225495_le070-3131-r-01-239972707729473.webp\" \/>\n\t<meta property=\"og:image:width\" content=\"1000\" \/>\n\t<meta property=\"og:image:height\" content=\"750\" \/>\n\t<meta property=\"og:image:type\" content=\"image\/webp\" \/>\n<meta name=\"twitter:card\" content=\"summary_large_image\" \/>\n<meta name=\"twitter:label1\" content=\"Odhadovan\u00e1 doba \u010dten\u00ed\" \/>\n\t<meta name=\"twitter:data1\" content=\"2 minuty\" \/>\n<script type=\"application\/ld+json\" class=\"yoast-schema-graph\">{\"@context\":\"https:\/\/schema.org\",\"@graph\":[{\"@type\":\"WebPage\",\"@id\":\"https:\/\/www.technodompro.com\/index.php\/produkt\/vraceni-zdarma-lorea-skrinka-s-umyvadlem-101x46x51-5cm-30-70cm-prava-bila-mat-13328\/\",\"url\":\"https:\/\/www.technodompro.com\/index.php\/produkt\/vraceni-zdarma-lorea-skrinka-s-umyvadlem-101x46x51-5cm-30-70cm-prava-bila-mat-13328\/\",\"name\":\"Vr\u00e1cen\u00ed Zdarma LOREA sk\u0159\u00ed\u0148ka s umyvadlem 101x46x51,5cm (30+70cm), prav\u00e1, b\u00edl\u00e1 mat -\",\"isPartOf\":{\"@id\":\"https:\/\/www.technodompro.com\/#website\"},\"primaryImageOfPage\":{\"@id\":\"https:\/\/www.technodompro.com\/index.php\/produkt\/vraceni-zdarma-lorea-skrinka-s-umyvadlem-101x46x51-5cm-30-70cm-prava-bila-mat-13328\/#primaryimage\"},\"image\":{\"@id\":\"https:\/\/www.technodompro.com\/index.php\/produkt\/vraceni-zdarma-lorea-skrinka-s-umyvadlem-101x46x51-5cm-30-70cm-prava-bila-mat-13328\/#primaryimage\"},\"thumbnailUrl\":\"https:\/\/www.technodompro.com\/wp-content\/uploads\/2026\/SK0016222-CZ20260425-092556-0-1777080363-1225495_le070-3131-r-01-239972707729473.webp\",\"datePublished\":\"2026-04-27T04:41:02+00:00\",\"breadcrumb\":{\"@id\":\"https:\/\/www.technodompro.com\/index.php\/produkt\/vraceni-zdarma-lorea-skrinka-s-umyvadlem-101x46x51-5cm-30-70cm-prava-bila-mat-13328\/#breadcrumb\"},\"inLanguage\":\"cs\",\"potentialAction\":[{\"@type\":\"ReadAction\",\"target\":[\"https:\/\/www.technodompro.com\/index.php\/produkt\/vraceni-zdarma-lorea-skrinka-s-umyvadlem-101x46x51-5cm-30-70cm-prava-bila-mat-13328\/\"]}]},{\"@type\":\"ImageObject\",\"inLanguage\":\"cs\",\"@id\":\"https:\/\/www.technodompro.com\/index.php\/produkt\/vraceni-zdarma-lorea-skrinka-s-umyvadlem-101x46x51-5cm-30-70cm-prava-bila-mat-13328\/#primaryimage\",\"url\":\"https:\/\/www.technodompro.com\/wp-content\/uploads\/2026\/SK0016222-CZ20260425-092556-0-1777080363-1225495_le070-3131-r-01-239972707729473.webp\",\"contentUrl\":\"https:\/\/www.technodompro.com\/wp-content\/uploads\/2026\/SK0016222-CZ20260425-092556-0-1777080363-1225495_le070-3131-r-01-239972707729473.webp\",\"width\":1000,\"height\":750},{\"@type\":\"BreadcrumbList\",\"@id\":\"https:\/\/www.technodompro.com\/index.php\/produkt\/vraceni-zdarma-lorea-skrinka-s-umyvadlem-101x46x51-5cm-30-70cm-prava-bila-mat-13328\/#breadcrumb\",\"itemListElement\":[{\"@type\":\"ListItem\",\"position\":1,\"name\":\"Home\",\"item\":\"https:\/\/www.technodompro.com\/\"},{\"@type\":\"ListItem\",\"position\":2,\"name\":\"Products\",\"item\":\"https:\/\/www.technodompro.com\/index.php\/products\/\"},{\"@type\":\"ListItem\",\"position\":3,\"name\":\"Vr\u00e1cen\u00ed Zdarma LOREA sk\u0159\u00ed\u0148ka s umyvadlem 101x46x51,5cm (30+70cm), prav\u00e1, b\u00edl\u00e1 mat\"}]},{\"@type\":\"WebSite\",\"@id\":\"https:\/\/www.technodompro.com\/#website\",\"url\":\"https:\/\/www.technodompro.com\/\",\"name\":\"\",\"description\":\"\",\"potentialAction\":[{\"@type\":\"SearchAction\",\"target\":{\"@type\":\"EntryPoint\",\"urlTemplate\":\"https:\/\/www.technodompro.com\/?s={search_term_string}\"},\"query-input\":{\"@type\":\"PropertyValueSpecification\",\"valueRequired\":true,\"valueName\":\"search_term_string\"}}],\"inLanguage\":\"cs\"}]}<\/script>\n<!-- \/ Yoast SEO plugin. -->","yoast_head_json":{"title":"Vr\u00e1cen\u00ed Zdarma LOREA sk\u0159\u00ed\u0148ka s umyvadlem 101x46x51,5cm (30+70cm), prav\u00e1, b\u00edl\u00e1 mat -","robots":{"index":"index","follow":"follow","max-snippet":"max-snippet:-1","max-image-preview":"max-image-preview:large","max-video-preview":"max-video-preview:-1"},"canonical":"https:\/\/www.technodompro.com\/index.php\/produkt\/vraceni-zdarma-lorea-skrinka-s-umyvadlem-101x46x51-5cm-30-70cm-prava-bila-mat-13328\/","og_locale":"cs_CZ","og_type":"article","og_title":"Vr\u00e1cen\u00ed Zdarma LOREA sk\u0159\u00ed\u0148ka s umyvadlem 101x46x51,5cm (30+70cm), prav\u00e1, b\u00edl\u00e1 mat -","og_description":"Detailn\u00ed popis produktu \u010cist\u00fd design s\u00e9rie LOREA se vyzna\u010duje jednoduch\u00fdm bez\u00fachytkov\u00fdm otev\u00edr\u00e1n\u00edm z\u00e1suvek. Sestavy z\u00e1suvkov\u00fdch sk\u0159\u00edn\u011bk v kombinaci s otev\u0159enou polic\u00ed nebo sk\u0159\u00ed\u0148kou nab\u00edz\u00ed rozm\u011bry od 70 do 180 cm. Pro tyto sestavy lze vyb\u00edrat konsolov\u00e1 umyvadla Areca, poloz\u00e1pustn\u00e1 Brahea nebo z \u0161irok\u00e9 nab\u00eddky umyvadel na postaven\u00ed, kter\u00e1 lze na desce libovoln\u011b um\u00edstit. Uvnit\u0159 sk\u0159\u00ed\u0148ky [&hellip;]","og_url":"https:\/\/www.technodompro.com\/index.php\/produkt\/vraceni-zdarma-lorea-skrinka-s-umyvadlem-101x46x51-5cm-30-70cm-prava-bila-mat-13328\/","og_image":[{"width":1000,"height":750,"url":"https:\/\/www.technodompro.com\/wp-content\/uploads\/2026\/SK0016222-CZ20260425-092556-0-1777080363-1225495_le070-3131-r-01-239972707729473.webp","type":"image\/webp"}],"twitter_card":"summary_large_image","twitter_misc":{"Odhadovan\u00e1 doba \u010dten\u00ed":"2 minuty"},"schema":{"@context":"https:\/\/schema.org","@graph":[{"@type":"WebPage","@id":"https:\/\/www.technodompro.com\/index.php\/produkt\/vraceni-zdarma-lorea-skrinka-s-umyvadlem-101x46x51-5cm-30-70cm-prava-bila-mat-13328\/","url":"https:\/\/www.technodompro.com\/index.php\/produkt\/vraceni-zdarma-lorea-skrinka-s-umyvadlem-101x46x51-5cm-30-70cm-prava-bila-mat-13328\/","name":"Vr\u00e1cen\u00ed Zdarma LOREA sk\u0159\u00ed\u0148ka s umyvadlem 101x46x51,5cm (30+70cm), prav\u00e1, b\u00edl\u00e1 mat -","isPartOf":{"@id":"https:\/\/www.technodompro.com\/#website"},"primaryImageOfPage":{"@id":"https:\/\/www.technodompro.com\/index.php\/produkt\/vraceni-zdarma-lorea-skrinka-s-umyvadlem-101x46x51-5cm-30-70cm-prava-bila-mat-13328\/#primaryimage"},"image":{"@id":"https:\/\/www.technodompro.com\/index.php\/produkt\/vraceni-zdarma-lorea-skrinka-s-umyvadlem-101x46x51-5cm-30-70cm-prava-bila-mat-13328\/#primaryimage"},"thumbnailUrl":"https:\/\/www.technodompro.com\/wp-content\/uploads\/2026\/SK0016222-CZ20260425-092556-0-1777080363-1225495_le070-3131-r-01-239972707729473.webp","datePublished":"2026-04-27T04:41:02+00:00","breadcrumb":{"@id":"https:\/\/www.technodompro.com\/index.php\/produkt\/vraceni-zdarma-lorea-skrinka-s-umyvadlem-101x46x51-5cm-30-70cm-prava-bila-mat-13328\/#breadcrumb"},"inLanguage":"cs","potentialAction":[{"@type":"ReadAction","target":["https:\/\/www.technodompro.com\/index.php\/produkt\/vraceni-zdarma-lorea-skrinka-s-umyvadlem-101x46x51-5cm-30-70cm-prava-bila-mat-13328\/"]}]},{"@type":"ImageObject","inLanguage":"cs","@id":"https:\/\/www.technodompro.com\/index.php\/produkt\/vraceni-zdarma-lorea-skrinka-s-umyvadlem-101x46x51-5cm-30-70cm-prava-bila-mat-13328\/#primaryimage","url":"https:\/\/www.technodompro.com\/wp-content\/uploads\/2026\/SK0016222-CZ20260425-092556-0-1777080363-1225495_le070-3131-r-01-239972707729473.webp","contentUrl":"https:\/\/www.technodompro.com\/wp-content\/uploads\/2026\/SK0016222-CZ20260425-092556-0-1777080363-1225495_le070-3131-r-01-239972707729473.webp","width":1000,"height":750},{"@type":"BreadcrumbList","@id":"https:\/\/www.technodompro.com\/index.php\/produkt\/vraceni-zdarma-lorea-skrinka-s-umyvadlem-101x46x51-5cm-30-70cm-prava-bila-mat-13328\/#breadcrumb","itemListElement":[{"@type":"ListItem","position":1,"name":"Home","item":"https:\/\/www.technodompro.com\/"},{"@type":"ListItem","position":2,"name":"Products","item":"https:\/\/www.technodompro.com\/index.php\/products\/"},{"@type":"ListItem","position":3,"name":"Vr\u00e1cen\u00ed Zdarma LOREA sk\u0159\u00ed\u0148ka s umyvadlem 101x46x51,5cm (30+70cm), prav\u00e1, b\u00edl\u00e1 mat"}]},{"@type":"WebSite","@id":"https:\/\/www.technodompro.com\/#website","url":"https:\/\/www.technodompro.com\/","name":"","description":"","potentialAction":[{"@type":"SearchAction","target":{"@type":"EntryPoint","urlTemplate":"https:\/\/www.technodompro.com\/?s={search_term_string}"},"query-input":{"@type":"PropertyValueSpecification","valueRequired":true,"valueName":"search_term_string"}}],"inLanguage":"cs"}]}},"_links":{"self":[{"href":"https:\/\/www.technodompro.com\/index.php\/wp-json\/wp\/v2\/product\/13328","targetHints":{"allow":["GET"]}}],"collection":[{"href":"https:\/\/www.technodompro.com\/index.php\/wp-json\/wp\/v2\/product"}],"about":[{"href":"https:\/\/www.technodompro.com\/index.php\/wp-json\/wp\/v2\/types\/product"}],"replies":[{"embeddable":true,"href":"https:\/\/www.technodompro.com\/index.php\/wp-json\/wp\/v2\/comments?post=13328"}],"wp:featuredmedia":[{"embeddable":true,"href":"https:\/\/www.technodompro.com\/index.php\/wp-json\/wp\/v2\/media\/13428"}],"wp:attachment":[{"href":"https:\/\/www.technodompro.com\/index.php\/wp-json\/wp\/v2\/media?parent=13328"}],"wp:term":[{"taxonomy":"product_brand","embeddable":true,"href":"https:\/\/www.technodompro.com\/index.php\/wp-json\/wp\/v2\/product_brand?post=13328"},{"taxonomy":"product_cat","embeddable":true,"href":"https:\/\/www.technodompro.com\/index.php\/wp-json\/wp\/v2\/product_cat?post=13328"},{"taxonomy":"product_tag","embeddable":true,"href":"https:\/\/www.technodompro.com\/index.php\/wp-json\/wp\/v2\/product_tag?post=13328"}],"curies":[{"name":"wp","href":"https:\/\/api.w.org\/{rel}","templated":true}]}}