{"id":13389,"date":"2026-04-27T04:41:02","date_gmt":"2026-04-27T04:41:02","guid":{"rendered":""},"modified":"2026-04-27T04:41:02","modified_gmt":"2026-04-27T04:41:02","slug":"sapho-dakar-teleskopicky-sprchovy-sloup-s-termostatickou-baterii-zlato-tovarni-cena-13389","status":"publish","type":"product","link":"https:\/\/www.technodompro.com\/index.php\/produkt\/sapho-dakar-teleskopicky-sprchovy-sloup-s-termostatickou-baterii-zlato-tovarni-cena-13389\/","title":{"rendered":"Sapho DAKAR teleskopick\u00fd sprchov\u00fd sloup s termostatickou bateri\u00ed, zlato Tov\u00e1rn\u00ed Cena"},"content":{"rendered":"<div class=\"ProductDetail-content NoFixImageContainer\" id=\"productDescription\">\n<div class=\"Heading\">\n<h2 class=\"Heading-title\">Popis produktu <span class=''>Sapho DAKAR teleskopick\u00fd sprchov\u00fd sloup s termostatickou bateri\u00ed, zlato<\/span><\/h2>\n<\/p><\/div>\n<div class=\"ProductDetailContent\">                                                                    <\/div>\n<div class=\"ProductDetailContent\">\n<div class=\"ProductDetailContent-item\">                                            Barva: Zlat\u00e1<br \/>\u0160\u00ed\u0159ka: 295 mm<br \/>V\u00fd\u0161ka: 1334 mm<br \/>Hloubka: 451 mm<br \/>Balen\u00ed: 1 ks<br \/>Materi\u00e1l: Mosaz<br \/>Z\u00e1ruka: 6 let<br \/>Instalace: N\u00e1st\u011bnn\u00e1 150 mm<br \/>Druh ovl\u00e1d\u00e1n\u00ed: Termostat<br \/>V\u00fdbava: Anti-twist syst\u00e9m;Nastaviteln\u00e1 v\u00fd\u0161ka sloupu;AntiCalc<br \/>Sprchov\u00e9 sloupy: S bateri\u00ed<br \/>Funkce sprchy: D\u00e9\u0161\u0165<br \/>Tvar: Hranat\u00e9<br \/>Rozm\u011br pr\u016f\u0159ezu ty\u010de: Pr\u016fm\u011br 23 mm                                        <\/div>\n<div class=\"ProductDetailContent-item\">\n<ul>\n<li>P\u0159ep\u00edna\u010d ru\u010dn\u00ed\/hlavov\u00e1 sprcha, integrovan\u00fd do ovl\u00e1dac\u00ed rukojeti<\/li>\n<li>Hlavov\u00e1 sprcha 196x196x15 mm, ABS<span size=\"2\" face=\"Arial\"><\/span><\/li>\n<li>Ru\u010dn\u00ed sprcha 30x18x200 mm, mosaz<\/li>\n<li>Posuvn\u00fd jezdec ABS<\/li>\n<li>Hranat\u00e1 sprchov\u00e1 hadice 150 cm, se syst\u00e9mem Anti-twist, plast<\/li>\n<\/ul>\n<p>Baterie je tov\u00e1rnou nastavena a odzkou\u0161ena p\u0159i tlaku 3 bary na obou vstupech. Za t\u011bchto podm\u00ednek je funk\u010dnost baterie optim\u00e1ln\u00ed s&nbsp;jak\u00fdmkoliv typem oh\u0159evu vody. P\u0159i tlaku nad 5 bar\u016f doporu\u010dujeme instalaci reduk\u010dn\u00edho ventilu.<\/p>\n<\/p><\/div>\n<div class=\"ProductDetailContent-item\">\n<h3>Vysv\u011btlivky<\/h3>\n<div class=\"product-explanation-item\">\n<h3><strong>Jak funguje termostatick\u00e1 baterie<\/strong><\/h3>\n<p style=\"text-align: justify;\">U termostatick\u00fdch bateri\u00ed je teplota tepl\u00e9 vody p\u0159ednastavena na 38 \u00b0C. Odpad\u00e1 tak m\u00edch\u00e1n\u00ed studen\u00e9 a tepl\u00e9 vody a napr\u00e1zdno prote\u010den\u00e9 litry vody p\u0159i hled\u00e1n\u00ed optim\u00e1ln\u00ed teploty. Teplota vody z\u016fst\u00e1v\u00e1 konstantn\u00ed i p\u0159i v\u00fdkyvech tlaku \u010di teplot\u011b vody v potrub\u00ed, co\u017e ocen\u00ed p\u0159edev\u0161\u00edm u\u017eivatel\u00e9 v panelov\u00fdch domech. D\u00edky t\u00e9to vlastnosti jsou z\u00e1rove\u0148 bezpe\u010dn\u00e9, co\u017e ocen\u00ed zvl\u00e1\u0161t\u011b rodi\u010de mal\u00fdch d\u011bt\u00ed. Pokud po\u017eadujete vodu teplej\u0161\u00ed, nen\u00ed to \u017e\u00e1dn\u00fd probl\u00e9m: jen je pot\u0159eba zm\u00e1\u010dknout bezpe\u010dnostn\u00ed STOP pojistku.<\/p>\n<\/div>\n<div class=\"product-explanation-item\">\n<h3>Anti-twist syst\u00e9m<\/h3>\n<p><span>Syst\u00e9m, kter\u00fd zabra\u0148uje p\u0159eto\u010den\u00ed. Je ukryt v k\u00f3nusu hadice a zabra\u0148uje jej\u00edmu p\u0159ekroucen\u00ed.<\/span><\/p>\n<\/div>\n<div class=\"product-explanation-item\">\n<h3>AntiCalc<\/h3>\n<p style=\"text-align: justify;\">Odolnost v\u016f\u010di usazov\u00e1n\u00ed vodn\u00edho kamene a snadn\u00e9 \u010di\u0161t\u011bn\u00ed.<\/p>\n<\/div><\/div>\n<div class=\"ProductDetailContent-item\">\n<h3>Popis s\u00e9rie<\/h3>\n<p style=\"text-align: justify;\">S\u00e9rie vodovodn\u00edch bateri\u00ed SPY nab\u00edz\u00ed obl\u00edben\u00fd hranat\u00fd design dopln\u011bn\u00fd zkosenou oblou hranou. D\u00edky tomuto spojen\u00ed tvar\u016f se dob\u0159e kombinuj\u00ed s ostatn\u00edm za\u0159\u00edzen\u00edm koupelny. Ve stejn\u00e9m vzhledu nab\u00edz\u00edme tak\u00e9 umyvadlov\u00fd sifon a roh\u00e1\u010dky. Elegantn\u00ed a praktick\u00e9 je p\u0159ep\u00edn\u00e1n\u00ed sprchy u vanov\u00e9 baterie, kter\u00e9 je um\u00edst\u011bno na v\u00fdvodu pro sprchovou hadici \u2013 sta\u010d\u00ed zat\u00e1hnout za sprchovou hadici v m\u00edst\u011b p\u0159ipojen\u00ed k baterii. SPY jsou mimo chromu k dispozici i v proveden\u00ed \u010dern\u00e1 matn\u00e1, b\u00edl\u00e1 matn\u00e1, nikl a zlat\u00e1.<\/p>\n<p>&nbsp; &nbsp;Prodlou\u017een\u00e1 z\u00e1ruka na t\u011bsnost bateri\u00ed<\/p>\n<\/p><\/div>\n<\/p><\/div>\n<\/p><\/div>\n<\/p><\/div>\n<\/p><\/div>\n","protected":false},"excerpt":{"rendered":"<p>Popis produktu Sapho DAKAR teleskopick\u00fd sprchov\u00fd sloup s termostatickou bateri\u00ed, zlato Barva: Zlat\u00e1\u0160\u00ed\u0159ka: 295 mmV\u00fd\u0161ka: 1334 mmHloubka: 451 mmBalen\u00ed: 1 ksMateri\u00e1l: MosazZ\u00e1ruka: 6 letInstalace: N\u00e1st\u011bnn\u00e1 150 mmDruh ovl\u00e1d\u00e1n\u00ed: TermostatV\u00fdbava: Anti-twist syst\u00e9m;Nastaviteln\u00e1 v\u00fd\u0161ka sloupu;AntiCalcSprchov\u00e9 sloupy: S bateri\u00edFunkce sprchy: D\u00e9\u0161\u0165Tvar: Hranat\u00e9Rozm\u011br pr\u016f\u0159ezu ty\u010de: Pr\u016fm\u011br 23 mm P\u0159ep\u00edna\u010d ru\u010dn\u00ed\/hlavov\u00e1 sprcha, integrovan\u00fd do ovl\u00e1dac\u00ed rukojeti Hlavov\u00e1 sprcha 196x196x15 mm, [&hellip;]<\/p>\n","protected":false},"featured_media":13489,"comment_status":"open","ping_status":"open","template":"","meta":[],"product_brand":[],"product_cat":[72],"product_tag":[],"class_list":{"0":"post-13389","1":"product","2":"type-product","3":"status-publish","4":"has-post-thumbnail","6":"product_cat-koupelny","8":"first","9":"instock","10":"sale","11":"shipping-taxable","12":"purchasable","13":"product-type-simple"},"yoast_head":"<!-- This site is optimized with the Yoast SEO plugin v26.8 - https:\/\/yoast.com\/product\/yoast-seo-wordpress\/ -->\n<title>Sapho DAKAR teleskopick\u00fd sprchov\u00fd sloup s termostatickou bateri\u00ed, zlato Tov\u00e1rn\u00ed Cena -<\/title>\n<meta name=\"robots\" content=\"index, follow, max-snippet:-1, max-image-preview:large, max-video-preview:-1\" \/>\n<link rel=\"canonical\" href=\"https:\/\/www.technodompro.com\/index.php\/produkt\/sapho-dakar-teleskopicky-sprchovy-sloup-s-termostatickou-baterii-zlato-tovarni-cena-13389\/\" \/>\n<meta property=\"og:locale\" content=\"cs_CZ\" \/>\n<meta property=\"og:type\" content=\"article\" \/>\n<meta property=\"og:title\" content=\"Sapho DAKAR teleskopick\u00fd sprchov\u00fd sloup s termostatickou bateri\u00ed, zlato Tov\u00e1rn\u00ed Cena -\" \/>\n<meta property=\"og:description\" content=\"Popis produktu Sapho DAKAR teleskopick\u00fd sprchov\u00fd sloup s termostatickou bateri\u00ed, zlato Barva: Zlat\u00e1\u0160\u00ed\u0159ka: 295 mmV\u00fd\u0161ka: 1334 mmHloubka: 451 mmBalen\u00ed: 1 ksMateri\u00e1l: MosazZ\u00e1ruka: 6 letInstalace: N\u00e1st\u011bnn\u00e1 150 mmDruh ovl\u00e1d\u00e1n\u00ed: TermostatV\u00fdbava: Anti-twist syst\u00e9m;Nastaviteln\u00e1 v\u00fd\u0161ka sloupu;AntiCalcSprchov\u00e9 sloupy: S bateri\u00edFunkce sprchy: D\u00e9\u0161\u0165Tvar: Hranat\u00e9Rozm\u011br pr\u016f\u0159ezu ty\u010de: Pr\u016fm\u011br 23 mm P\u0159ep\u00edna\u010d ru\u010dn\u00ed\/hlavov\u00e1 sprcha, integrovan\u00fd do ovl\u00e1dac\u00ed rukojeti Hlavov\u00e1 sprcha 196x196x15 mm, [&hellip;]\" \/>\n<meta property=\"og:url\" content=\"https:\/\/www.technodompro.com\/index.php\/produkt\/sapho-dakar-teleskopicky-sprchovy-sloup-s-termostatickou-baterii-zlato-tovarni-cena-13389\/\" \/>\n<meta property=\"og:image\" content=\"https:\/\/www.technodompro.com\/wp-content\/uploads\/2026\/SK0014461-CZ20260425-092632-0-1777080397-sapho-dakar-teleskopicky-sprchovy-sloup-s-termostatickou-ba.webp\" \/>\n\t<meta property=\"og:image:width\" content=\"445\" \/>\n\t<meta property=\"og:image:height\" content=\"600\" \/>\n\t<meta property=\"og:image:type\" content=\"image\/webp\" \/>\n<meta name=\"twitter:card\" content=\"summary_large_image\" \/>\n<meta name=\"twitter:label1\" content=\"Odhadovan\u00e1 doba \u010dten\u00ed\" \/>\n\t<meta name=\"twitter:data1\" content=\"2 minuty\" \/>\n<script type=\"application\/ld+json\" class=\"yoast-schema-graph\">{\"@context\":\"https:\/\/schema.org\",\"@graph\":[{\"@type\":\"WebPage\",\"@id\":\"https:\/\/www.technodompro.com\/index.php\/produkt\/sapho-dakar-teleskopicky-sprchovy-sloup-s-termostatickou-baterii-zlato-tovarni-cena-13389\/\",\"url\":\"https:\/\/www.technodompro.com\/index.php\/produkt\/sapho-dakar-teleskopicky-sprchovy-sloup-s-termostatickou-baterii-zlato-tovarni-cena-13389\/\",\"name\":\"Sapho DAKAR teleskopick\u00fd sprchov\u00fd sloup s termostatickou bateri\u00ed, zlato Tov\u00e1rn\u00ed Cena -\",\"isPartOf\":{\"@id\":\"https:\/\/www.technodompro.com\/#website\"},\"primaryImageOfPage\":{\"@id\":\"https:\/\/www.technodompro.com\/index.php\/produkt\/sapho-dakar-teleskopicky-sprchovy-sloup-s-termostatickou-baterii-zlato-tovarni-cena-13389\/#primaryimage\"},\"image\":{\"@id\":\"https:\/\/www.technodompro.com\/index.php\/produkt\/sapho-dakar-teleskopicky-sprchovy-sloup-s-termostatickou-baterii-zlato-tovarni-cena-13389\/#primaryimage\"},\"thumbnailUrl\":\"https:\/\/www.technodompro.com\/wp-content\/uploads\/2026\/SK0014461-CZ20260425-092632-0-1777080397-sapho-dakar-teleskopicky-sprchovy-sloup-s-termostatickou-ba.webp\",\"datePublished\":\"2026-04-27T04:41:02+00:00\",\"breadcrumb\":{\"@id\":\"https:\/\/www.technodompro.com\/index.php\/produkt\/sapho-dakar-teleskopicky-sprchovy-sloup-s-termostatickou-baterii-zlato-tovarni-cena-13389\/#breadcrumb\"},\"inLanguage\":\"cs\",\"potentialAction\":[{\"@type\":\"ReadAction\",\"target\":[\"https:\/\/www.technodompro.com\/index.php\/produkt\/sapho-dakar-teleskopicky-sprchovy-sloup-s-termostatickou-baterii-zlato-tovarni-cena-13389\/\"]}]},{\"@type\":\"ImageObject\",\"inLanguage\":\"cs\",\"@id\":\"https:\/\/www.technodompro.com\/index.php\/produkt\/sapho-dakar-teleskopicky-sprchovy-sloup-s-termostatickou-baterii-zlato-tovarni-cena-13389\/#primaryimage\",\"url\":\"https:\/\/www.technodompro.com\/wp-content\/uploads\/2026\/SK0014461-CZ20260425-092632-0-1777080397-sapho-dakar-teleskopicky-sprchovy-sloup-s-termostatickou-ba.webp\",\"contentUrl\":\"https:\/\/www.technodompro.com\/wp-content\/uploads\/2026\/SK0014461-CZ20260425-092632-0-1777080397-sapho-dakar-teleskopicky-sprchovy-sloup-s-termostatickou-ba.webp\",\"width\":445,\"height\":600},{\"@type\":\"BreadcrumbList\",\"@id\":\"https:\/\/www.technodompro.com\/index.php\/produkt\/sapho-dakar-teleskopicky-sprchovy-sloup-s-termostatickou-baterii-zlato-tovarni-cena-13389\/#breadcrumb\",\"itemListElement\":[{\"@type\":\"ListItem\",\"position\":1,\"name\":\"Home\",\"item\":\"https:\/\/www.technodompro.com\/\"},{\"@type\":\"ListItem\",\"position\":2,\"name\":\"Products\",\"item\":\"https:\/\/www.technodompro.com\/index.php\/products\/\"},{\"@type\":\"ListItem\",\"position\":3,\"name\":\"Sapho DAKAR teleskopick\u00fd sprchov\u00fd sloup s termostatickou bateri\u00ed, zlato Tov\u00e1rn\u00ed Cena\"}]},{\"@type\":\"WebSite\",\"@id\":\"https:\/\/www.technodompro.com\/#website\",\"url\":\"https:\/\/www.technodompro.com\/\",\"name\":\"\",\"description\":\"\",\"potentialAction\":[{\"@type\":\"SearchAction\",\"target\":{\"@type\":\"EntryPoint\",\"urlTemplate\":\"https:\/\/www.technodompro.com\/?s={search_term_string}\"},\"query-input\":{\"@type\":\"PropertyValueSpecification\",\"valueRequired\":true,\"valueName\":\"search_term_string\"}}],\"inLanguage\":\"cs\"}]}<\/script>\n<!-- \/ Yoast SEO plugin. -->","yoast_head_json":{"title":"Sapho DAKAR teleskopick\u00fd sprchov\u00fd sloup s termostatickou bateri\u00ed, zlato Tov\u00e1rn\u00ed Cena -","robots":{"index":"index","follow":"follow","max-snippet":"max-snippet:-1","max-image-preview":"max-image-preview:large","max-video-preview":"max-video-preview:-1"},"canonical":"https:\/\/www.technodompro.com\/index.php\/produkt\/sapho-dakar-teleskopicky-sprchovy-sloup-s-termostatickou-baterii-zlato-tovarni-cena-13389\/","og_locale":"cs_CZ","og_type":"article","og_title":"Sapho DAKAR teleskopick\u00fd sprchov\u00fd sloup s termostatickou bateri\u00ed, zlato Tov\u00e1rn\u00ed Cena -","og_description":"Popis produktu Sapho DAKAR teleskopick\u00fd sprchov\u00fd sloup s termostatickou bateri\u00ed, zlato Barva: Zlat\u00e1\u0160\u00ed\u0159ka: 295 mmV\u00fd\u0161ka: 1334 mmHloubka: 451 mmBalen\u00ed: 1 ksMateri\u00e1l: MosazZ\u00e1ruka: 6 letInstalace: N\u00e1st\u011bnn\u00e1 150 mmDruh ovl\u00e1d\u00e1n\u00ed: TermostatV\u00fdbava: Anti-twist syst\u00e9m;Nastaviteln\u00e1 v\u00fd\u0161ka sloupu;AntiCalcSprchov\u00e9 sloupy: S bateri\u00edFunkce sprchy: D\u00e9\u0161\u0165Tvar: Hranat\u00e9Rozm\u011br pr\u016f\u0159ezu ty\u010de: Pr\u016fm\u011br 23 mm P\u0159ep\u00edna\u010d ru\u010dn\u00ed\/hlavov\u00e1 sprcha, integrovan\u00fd do ovl\u00e1dac\u00ed rukojeti Hlavov\u00e1 sprcha 196x196x15 mm, [&hellip;]","og_url":"https:\/\/www.technodompro.com\/index.php\/produkt\/sapho-dakar-teleskopicky-sprchovy-sloup-s-termostatickou-baterii-zlato-tovarni-cena-13389\/","og_image":[{"width":445,"height":600,"url":"https:\/\/www.technodompro.com\/wp-content\/uploads\/2026\/SK0014461-CZ20260425-092632-0-1777080397-sapho-dakar-teleskopicky-sprchovy-sloup-s-termostatickou-ba.webp","type":"image\/webp"}],"twitter_card":"summary_large_image","twitter_misc":{"Odhadovan\u00e1 doba \u010dten\u00ed":"2 minuty"},"schema":{"@context":"https:\/\/schema.org","@graph":[{"@type":"WebPage","@id":"https:\/\/www.technodompro.com\/index.php\/produkt\/sapho-dakar-teleskopicky-sprchovy-sloup-s-termostatickou-baterii-zlato-tovarni-cena-13389\/","url":"https:\/\/www.technodompro.com\/index.php\/produkt\/sapho-dakar-teleskopicky-sprchovy-sloup-s-termostatickou-baterii-zlato-tovarni-cena-13389\/","name":"Sapho DAKAR teleskopick\u00fd sprchov\u00fd sloup s termostatickou bateri\u00ed, zlato Tov\u00e1rn\u00ed Cena -","isPartOf":{"@id":"https:\/\/www.technodompro.com\/#website"},"primaryImageOfPage":{"@id":"https:\/\/www.technodompro.com\/index.php\/produkt\/sapho-dakar-teleskopicky-sprchovy-sloup-s-termostatickou-baterii-zlato-tovarni-cena-13389\/#primaryimage"},"image":{"@id":"https:\/\/www.technodompro.com\/index.php\/produkt\/sapho-dakar-teleskopicky-sprchovy-sloup-s-termostatickou-baterii-zlato-tovarni-cena-13389\/#primaryimage"},"thumbnailUrl":"https:\/\/www.technodompro.com\/wp-content\/uploads\/2026\/SK0014461-CZ20260425-092632-0-1777080397-sapho-dakar-teleskopicky-sprchovy-sloup-s-termostatickou-ba.webp","datePublished":"2026-04-27T04:41:02+00:00","breadcrumb":{"@id":"https:\/\/www.technodompro.com\/index.php\/produkt\/sapho-dakar-teleskopicky-sprchovy-sloup-s-termostatickou-baterii-zlato-tovarni-cena-13389\/#breadcrumb"},"inLanguage":"cs","potentialAction":[{"@type":"ReadAction","target":["https:\/\/www.technodompro.com\/index.php\/produkt\/sapho-dakar-teleskopicky-sprchovy-sloup-s-termostatickou-baterii-zlato-tovarni-cena-13389\/"]}]},{"@type":"ImageObject","inLanguage":"cs","@id":"https:\/\/www.technodompro.com\/index.php\/produkt\/sapho-dakar-teleskopicky-sprchovy-sloup-s-termostatickou-baterii-zlato-tovarni-cena-13389\/#primaryimage","url":"https:\/\/www.technodompro.com\/wp-content\/uploads\/2026\/SK0014461-CZ20260425-092632-0-1777080397-sapho-dakar-teleskopicky-sprchovy-sloup-s-termostatickou-ba.webp","contentUrl":"https:\/\/www.technodompro.com\/wp-content\/uploads\/2026\/SK0014461-CZ20260425-092632-0-1777080397-sapho-dakar-teleskopicky-sprchovy-sloup-s-termostatickou-ba.webp","width":445,"height":600},{"@type":"BreadcrumbList","@id":"https:\/\/www.technodompro.com\/index.php\/produkt\/sapho-dakar-teleskopicky-sprchovy-sloup-s-termostatickou-baterii-zlato-tovarni-cena-13389\/#breadcrumb","itemListElement":[{"@type":"ListItem","position":1,"name":"Home","item":"https:\/\/www.technodompro.com\/"},{"@type":"ListItem","position":2,"name":"Products","item":"https:\/\/www.technodompro.com\/index.php\/products\/"},{"@type":"ListItem","position":3,"name":"Sapho DAKAR teleskopick\u00fd sprchov\u00fd sloup s termostatickou bateri\u00ed, zlato Tov\u00e1rn\u00ed Cena"}]},{"@type":"WebSite","@id":"https:\/\/www.technodompro.com\/#website","url":"https:\/\/www.technodompro.com\/","name":"","description":"","potentialAction":[{"@type":"SearchAction","target":{"@type":"EntryPoint","urlTemplate":"https:\/\/www.technodompro.com\/?s={search_term_string}"},"query-input":{"@type":"PropertyValueSpecification","valueRequired":true,"valueName":"search_term_string"}}],"inLanguage":"cs"}]}},"_links":{"self":[{"href":"https:\/\/www.technodompro.com\/index.php\/wp-json\/wp\/v2\/product\/13389","targetHints":{"allow":["GET"]}}],"collection":[{"href":"https:\/\/www.technodompro.com\/index.php\/wp-json\/wp\/v2\/product"}],"about":[{"href":"https:\/\/www.technodompro.com\/index.php\/wp-json\/wp\/v2\/types\/product"}],"replies":[{"embeddable":true,"href":"https:\/\/www.technodompro.com\/index.php\/wp-json\/wp\/v2\/comments?post=13389"}],"wp:featuredmedia":[{"embeddable":true,"href":"https:\/\/www.technodompro.com\/index.php\/wp-json\/wp\/v2\/media\/13489"}],"wp:attachment":[{"href":"https:\/\/www.technodompro.com\/index.php\/wp-json\/wp\/v2\/media?parent=13389"}],"wp:term":[{"taxonomy":"product_brand","embeddable":true,"href":"https:\/\/www.technodompro.com\/index.php\/wp-json\/wp\/v2\/product_brand?post=13389"},{"taxonomy":"product_cat","embeddable":true,"href":"https:\/\/www.technodompro.com\/index.php\/wp-json\/wp\/v2\/product_cat?post=13389"},{"taxonomy":"product_tag","embeddable":true,"href":"https:\/\/www.technodompro.com\/index.php\/wp-json\/wp\/v2\/product_tag?post=13389"}],"curies":[{"name":"wp","href":"https:\/\/api.w.org\/{rel}","templated":true}]}}