{"id":13497,"date":"2026-04-27T04:41:02","date_gmt":"2026-04-27T04:41:02","guid":{"rendered":""},"modified":"2026-04-27T04:41:02","modified_gmt":"2026-04-27T04:41:02","slug":"cenovy-hit-sapho-orbiter-zrcadlo-kulate-s-kozenym-paskem-o-60cm-cerna-mat-13497","status":"publish","type":"product","link":"https:\/\/www.technodompro.com\/index.php\/produkt\/cenovy-hit-sapho-orbiter-zrcadlo-kulate-s-kozenym-paskem-o-60cm-cerna-mat-13497\/","title":{"rendered":"Cenov\u00fd Hit Sapho Orbiter Zrcadlo kulat\u00e9 s ko\u017een\u00fdm p\u00e1skem, \u00f8 60cm, \u010dern\u00e1 mat"},"content":{"rendered":"<div class=\"ProductDetail-content NoFixImageContainer\" id=\"productDescription\">\n<div class=\"Heading\">\n<h2 class=\"Heading-title\">Popis produktu <span class=''>Sapho Orbiter Zrcadlo kulat\u00e9 s ko\u017een\u00fdm p\u00e1skem, \u00f8 60cm, \u010dern\u00e1 mat<\/span><\/h2>\n<\/p><\/div>\n<div class=\"ProductDetailContent\">                                                                    <\/div>\n<div class=\"ProductDetailContent\">\n<div class=\"ProductDetailContent-item\">                                            Pr\u016fm\u011br: 600 mm<br \/>Barva: \u010cern\u00e1<br \/>\u0160\u00ed\u0159ka: 600 mm<br \/>V\u00fd\u0161ka: 600 mm<br \/>Hloubka: 40 mm<br \/>Balen\u00ed: 1 ks<br \/>Rozm\u011br: 60<br \/>Materi\u00e1l: Ocel<br \/>Typ zrcadla: Zrcadla v r\u00e1mu<br \/>Z\u00e1ruka: 2 roky                                        <\/div>\n<div class=\"ProductDetailContent-item\">\n<h3>Popis s\u00e9rie<\/h3>\n<p>Kulat\u00e9 zrcadlo s&nbsp;ko\u017een\u00fdm p\u00e1skem v&nbsp;\u010dern\u00e9m r\u00e1mu<\/p>\n<ul>\n<li>Ocelov\u00fd r\u00e1m v&nbsp;\u010dern\u00e9 matn\u00e9 barv\u011b<\/li>\n<li>Ko\u017een\u00fd p\u00e1sek<\/li>\n<li>Ru\u010dn\u011b kovan\u00e1 ocelov\u00e1 skoba na zav\u011b\u0161en\u00ed<\/li>\n<\/ul><\/div>\n<\/p><\/div>\n<\/p><\/div>\n<\/p><\/div>\n<\/p><\/div>\n","protected":false},"excerpt":{"rendered":"<p>Popis produktu Sapho Orbiter Zrcadlo kulat\u00e9 s ko\u017een\u00fdm p\u00e1skem, \u00f8 60cm, \u010dern\u00e1 mat Pr\u016fm\u011br: 600 mmBarva: \u010cern\u00e1\u0160\u00ed\u0159ka: 600 mmV\u00fd\u0161ka: 600 mmHloubka: 40 mmBalen\u00ed: 1 ksRozm\u011br: 60Materi\u00e1l: OcelTyp zrcadla: Zrcadla v r\u00e1muZ\u00e1ruka: 2 roky Popis s\u00e9rie Kulat\u00e9 zrcadlo s&nbsp;ko\u017een\u00fdm p\u00e1skem v&nbsp;\u010dern\u00e9m r\u00e1mu Ocelov\u00fd r\u00e1m v&nbsp;\u010dern\u00e9 matn\u00e9 barv\u011b Ko\u017een\u00fd p\u00e1sek Ru\u010dn\u011b kovan\u00e1 ocelov\u00e1 skoba na zav\u011b\u0161en\u00ed<\/p>\n","protected":false},"featured_media":13597,"comment_status":"open","ping_status":"open","template":"","meta":[],"product_brand":[],"product_cat":[72],"product_tag":[],"class_list":{"0":"post-13497","1":"product","2":"type-product","3":"status-publish","4":"has-post-thumbnail","6":"product_cat-koupelny","8":"first","9":"instock","10":"sale","11":"shipping-taxable","12":"purchasable","13":"product-type-simple"},"yoast_head":"<!-- This site is optimized with the Yoast SEO plugin v26.8 - https:\/\/yoast.com\/product\/yoast-seo-wordpress\/ -->\n<title>Cenov\u00fd Hit Sapho Orbiter Zrcadlo kulat\u00e9 s ko\u017een\u00fdm p\u00e1skem, \u00f8 60cm, \u010dern\u00e1 mat -<\/title>\n<meta name=\"robots\" content=\"index, follow, max-snippet:-1, max-image-preview:large, max-video-preview:-1\" \/>\n<link rel=\"canonical\" href=\"https:\/\/www.technodompro.com\/index.php\/produkt\/cenovy-hit-sapho-orbiter-zrcadlo-kulate-s-kozenym-paskem-o-60cm-cerna-mat-13497\/\" \/>\n<meta property=\"og:locale\" content=\"cs_CZ\" \/>\n<meta property=\"og:type\" content=\"article\" \/>\n<meta property=\"og:title\" content=\"Cenov\u00fd Hit Sapho Orbiter Zrcadlo kulat\u00e9 s ko\u017een\u00fdm p\u00e1skem, \u00f8 60cm, \u010dern\u00e1 mat -\" \/>\n<meta property=\"og:description\" content=\"Popis produktu Sapho Orbiter Zrcadlo kulat\u00e9 s ko\u017een\u00fdm p\u00e1skem, \u00f8 60cm, \u010dern\u00e1 mat Pr\u016fm\u011br: 600 mmBarva: \u010cern\u00e1\u0160\u00ed\u0159ka: 600 mmV\u00fd\u0161ka: 600 mmHloubka: 40 mmBalen\u00ed: 1 ksRozm\u011br: 60Materi\u00e1l: OcelTyp zrcadla: Zrcadla v r\u00e1muZ\u00e1ruka: 2 roky Popis s\u00e9rie Kulat\u00e9 zrcadlo s&nbsp;ko\u017een\u00fdm p\u00e1skem v&nbsp;\u010dern\u00e9m r\u00e1mu Ocelov\u00fd r\u00e1m v&nbsp;\u010dern\u00e9 matn\u00e9 barv\u011b Ko\u017een\u00fd p\u00e1sek Ru\u010dn\u011b kovan\u00e1 ocelov\u00e1 skoba na zav\u011b\u0161en\u00ed\" \/>\n<meta property=\"og:url\" content=\"https:\/\/www.technodompro.com\/index.php\/produkt\/cenovy-hit-sapho-orbiter-zrcadlo-kulate-s-kozenym-paskem-o-60cm-cerna-mat-13497\/\" \/>\n<meta property=\"og:image\" content=\"https:\/\/www.technodompro.com\/wp-content\/uploads\/2026\/SK0014469-CZ20260425-092632-0-1777080397-sapho-orbiter-zrcadlo-kulate-s-kozenym-paskem-60cm-cerna-ma.webp\" \/>\n\t<meta property=\"og:image:width\" content=\"374\" \/>\n\t<meta property=\"og:image:height\" content=\"600\" \/>\n\t<meta property=\"og:image:type\" content=\"image\/webp\" \/>\n<meta name=\"twitter:card\" content=\"summary_large_image\" \/>\n<script type=\"application\/ld+json\" class=\"yoast-schema-graph\">{\"@context\":\"https:\/\/schema.org\",\"@graph\":[{\"@type\":\"WebPage\",\"@id\":\"https:\/\/www.technodompro.com\/index.php\/produkt\/cenovy-hit-sapho-orbiter-zrcadlo-kulate-s-kozenym-paskem-o-60cm-cerna-mat-13497\/\",\"url\":\"https:\/\/www.technodompro.com\/index.php\/produkt\/cenovy-hit-sapho-orbiter-zrcadlo-kulate-s-kozenym-paskem-o-60cm-cerna-mat-13497\/\",\"name\":\"Cenov\u00fd Hit Sapho Orbiter Zrcadlo kulat\u00e9 s ko\u017een\u00fdm p\u00e1skem, \u00f8 60cm, \u010dern\u00e1 mat -\",\"isPartOf\":{\"@id\":\"https:\/\/www.technodompro.com\/#website\"},\"primaryImageOfPage\":{\"@id\":\"https:\/\/www.technodompro.com\/index.php\/produkt\/cenovy-hit-sapho-orbiter-zrcadlo-kulate-s-kozenym-paskem-o-60cm-cerna-mat-13497\/#primaryimage\"},\"image\":{\"@id\":\"https:\/\/www.technodompro.com\/index.php\/produkt\/cenovy-hit-sapho-orbiter-zrcadlo-kulate-s-kozenym-paskem-o-60cm-cerna-mat-13497\/#primaryimage\"},\"thumbnailUrl\":\"https:\/\/www.technodompro.com\/wp-content\/uploads\/2026\/SK0014469-CZ20260425-092632-0-1777080397-sapho-orbiter-zrcadlo-kulate-s-kozenym-paskem-60cm-cerna-ma.webp\",\"datePublished\":\"2026-04-27T04:41:02+00:00\",\"breadcrumb\":{\"@id\":\"https:\/\/www.technodompro.com\/index.php\/produkt\/cenovy-hit-sapho-orbiter-zrcadlo-kulate-s-kozenym-paskem-o-60cm-cerna-mat-13497\/#breadcrumb\"},\"inLanguage\":\"cs\",\"potentialAction\":[{\"@type\":\"ReadAction\",\"target\":[\"https:\/\/www.technodompro.com\/index.php\/produkt\/cenovy-hit-sapho-orbiter-zrcadlo-kulate-s-kozenym-paskem-o-60cm-cerna-mat-13497\/\"]}]},{\"@type\":\"ImageObject\",\"inLanguage\":\"cs\",\"@id\":\"https:\/\/www.technodompro.com\/index.php\/produkt\/cenovy-hit-sapho-orbiter-zrcadlo-kulate-s-kozenym-paskem-o-60cm-cerna-mat-13497\/#primaryimage\",\"url\":\"https:\/\/www.technodompro.com\/wp-content\/uploads\/2026\/SK0014469-CZ20260425-092632-0-1777080397-sapho-orbiter-zrcadlo-kulate-s-kozenym-paskem-60cm-cerna-ma.webp\",\"contentUrl\":\"https:\/\/www.technodompro.com\/wp-content\/uploads\/2026\/SK0014469-CZ20260425-092632-0-1777080397-sapho-orbiter-zrcadlo-kulate-s-kozenym-paskem-60cm-cerna-ma.webp\",\"width\":374,\"height\":600},{\"@type\":\"BreadcrumbList\",\"@id\":\"https:\/\/www.technodompro.com\/index.php\/produkt\/cenovy-hit-sapho-orbiter-zrcadlo-kulate-s-kozenym-paskem-o-60cm-cerna-mat-13497\/#breadcrumb\",\"itemListElement\":[{\"@type\":\"ListItem\",\"position\":1,\"name\":\"Home\",\"item\":\"https:\/\/www.technodompro.com\/\"},{\"@type\":\"ListItem\",\"position\":2,\"name\":\"Products\",\"item\":\"https:\/\/www.technodompro.com\/index.php\/products\/\"},{\"@type\":\"ListItem\",\"position\":3,\"name\":\"Cenov\u00fd Hit Sapho Orbiter Zrcadlo kulat\u00e9 s ko\u017een\u00fdm p\u00e1skem, \u00f8 60cm, \u010dern\u00e1 mat\"}]},{\"@type\":\"WebSite\",\"@id\":\"https:\/\/www.technodompro.com\/#website\",\"url\":\"https:\/\/www.technodompro.com\/\",\"name\":\"\",\"description\":\"\",\"potentialAction\":[{\"@type\":\"SearchAction\",\"target\":{\"@type\":\"EntryPoint\",\"urlTemplate\":\"https:\/\/www.technodompro.com\/?s={search_term_string}\"},\"query-input\":{\"@type\":\"PropertyValueSpecification\",\"valueRequired\":true,\"valueName\":\"search_term_string\"}}],\"inLanguage\":\"cs\"}]}<\/script>\n<!-- \/ Yoast SEO plugin. -->","yoast_head_json":{"title":"Cenov\u00fd Hit Sapho Orbiter Zrcadlo kulat\u00e9 s ko\u017een\u00fdm p\u00e1skem, \u00f8 60cm, \u010dern\u00e1 mat -","robots":{"index":"index","follow":"follow","max-snippet":"max-snippet:-1","max-image-preview":"max-image-preview:large","max-video-preview":"max-video-preview:-1"},"canonical":"https:\/\/www.technodompro.com\/index.php\/produkt\/cenovy-hit-sapho-orbiter-zrcadlo-kulate-s-kozenym-paskem-o-60cm-cerna-mat-13497\/","og_locale":"cs_CZ","og_type":"article","og_title":"Cenov\u00fd Hit Sapho Orbiter Zrcadlo kulat\u00e9 s ko\u017een\u00fdm p\u00e1skem, \u00f8 60cm, \u010dern\u00e1 mat -","og_description":"Popis produktu Sapho Orbiter Zrcadlo kulat\u00e9 s ko\u017een\u00fdm p\u00e1skem, \u00f8 60cm, \u010dern\u00e1 mat Pr\u016fm\u011br: 600 mmBarva: \u010cern\u00e1\u0160\u00ed\u0159ka: 600 mmV\u00fd\u0161ka: 600 mmHloubka: 40 mmBalen\u00ed: 1 ksRozm\u011br: 60Materi\u00e1l: OcelTyp zrcadla: Zrcadla v r\u00e1muZ\u00e1ruka: 2 roky Popis s\u00e9rie Kulat\u00e9 zrcadlo s&nbsp;ko\u017een\u00fdm p\u00e1skem v&nbsp;\u010dern\u00e9m r\u00e1mu Ocelov\u00fd r\u00e1m v&nbsp;\u010dern\u00e9 matn\u00e9 barv\u011b Ko\u017een\u00fd p\u00e1sek Ru\u010dn\u011b kovan\u00e1 ocelov\u00e1 skoba na zav\u011b\u0161en\u00ed","og_url":"https:\/\/www.technodompro.com\/index.php\/produkt\/cenovy-hit-sapho-orbiter-zrcadlo-kulate-s-kozenym-paskem-o-60cm-cerna-mat-13497\/","og_image":[{"width":374,"height":600,"url":"https:\/\/www.technodompro.com\/wp-content\/uploads\/2026\/SK0014469-CZ20260425-092632-0-1777080397-sapho-orbiter-zrcadlo-kulate-s-kozenym-paskem-60cm-cerna-ma.webp","type":"image\/webp"}],"twitter_card":"summary_large_image","schema":{"@context":"https:\/\/schema.org","@graph":[{"@type":"WebPage","@id":"https:\/\/www.technodompro.com\/index.php\/produkt\/cenovy-hit-sapho-orbiter-zrcadlo-kulate-s-kozenym-paskem-o-60cm-cerna-mat-13497\/","url":"https:\/\/www.technodompro.com\/index.php\/produkt\/cenovy-hit-sapho-orbiter-zrcadlo-kulate-s-kozenym-paskem-o-60cm-cerna-mat-13497\/","name":"Cenov\u00fd Hit Sapho Orbiter Zrcadlo kulat\u00e9 s ko\u017een\u00fdm p\u00e1skem, \u00f8 60cm, \u010dern\u00e1 mat -","isPartOf":{"@id":"https:\/\/www.technodompro.com\/#website"},"primaryImageOfPage":{"@id":"https:\/\/www.technodompro.com\/index.php\/produkt\/cenovy-hit-sapho-orbiter-zrcadlo-kulate-s-kozenym-paskem-o-60cm-cerna-mat-13497\/#primaryimage"},"image":{"@id":"https:\/\/www.technodompro.com\/index.php\/produkt\/cenovy-hit-sapho-orbiter-zrcadlo-kulate-s-kozenym-paskem-o-60cm-cerna-mat-13497\/#primaryimage"},"thumbnailUrl":"https:\/\/www.technodompro.com\/wp-content\/uploads\/2026\/SK0014469-CZ20260425-092632-0-1777080397-sapho-orbiter-zrcadlo-kulate-s-kozenym-paskem-60cm-cerna-ma.webp","datePublished":"2026-04-27T04:41:02+00:00","breadcrumb":{"@id":"https:\/\/www.technodompro.com\/index.php\/produkt\/cenovy-hit-sapho-orbiter-zrcadlo-kulate-s-kozenym-paskem-o-60cm-cerna-mat-13497\/#breadcrumb"},"inLanguage":"cs","potentialAction":[{"@type":"ReadAction","target":["https:\/\/www.technodompro.com\/index.php\/produkt\/cenovy-hit-sapho-orbiter-zrcadlo-kulate-s-kozenym-paskem-o-60cm-cerna-mat-13497\/"]}]},{"@type":"ImageObject","inLanguage":"cs","@id":"https:\/\/www.technodompro.com\/index.php\/produkt\/cenovy-hit-sapho-orbiter-zrcadlo-kulate-s-kozenym-paskem-o-60cm-cerna-mat-13497\/#primaryimage","url":"https:\/\/www.technodompro.com\/wp-content\/uploads\/2026\/SK0014469-CZ20260425-092632-0-1777080397-sapho-orbiter-zrcadlo-kulate-s-kozenym-paskem-60cm-cerna-ma.webp","contentUrl":"https:\/\/www.technodompro.com\/wp-content\/uploads\/2026\/SK0014469-CZ20260425-092632-0-1777080397-sapho-orbiter-zrcadlo-kulate-s-kozenym-paskem-60cm-cerna-ma.webp","width":374,"height":600},{"@type":"BreadcrumbList","@id":"https:\/\/www.technodompro.com\/index.php\/produkt\/cenovy-hit-sapho-orbiter-zrcadlo-kulate-s-kozenym-paskem-o-60cm-cerna-mat-13497\/#breadcrumb","itemListElement":[{"@type":"ListItem","position":1,"name":"Home","item":"https:\/\/www.technodompro.com\/"},{"@type":"ListItem","position":2,"name":"Products","item":"https:\/\/www.technodompro.com\/index.php\/products\/"},{"@type":"ListItem","position":3,"name":"Cenov\u00fd Hit Sapho Orbiter Zrcadlo kulat\u00e9 s ko\u017een\u00fdm p\u00e1skem, \u00f8 60cm, \u010dern\u00e1 mat"}]},{"@type":"WebSite","@id":"https:\/\/www.technodompro.com\/#website","url":"https:\/\/www.technodompro.com\/","name":"","description":"","potentialAction":[{"@type":"SearchAction","target":{"@type":"EntryPoint","urlTemplate":"https:\/\/www.technodompro.com\/?s={search_term_string}"},"query-input":{"@type":"PropertyValueSpecification","valueRequired":true,"valueName":"search_term_string"}}],"inLanguage":"cs"}]}},"_links":{"self":[{"href":"https:\/\/www.technodompro.com\/index.php\/wp-json\/wp\/v2\/product\/13497","targetHints":{"allow":["GET"]}}],"collection":[{"href":"https:\/\/www.technodompro.com\/index.php\/wp-json\/wp\/v2\/product"}],"about":[{"href":"https:\/\/www.technodompro.com\/index.php\/wp-json\/wp\/v2\/types\/product"}],"replies":[{"embeddable":true,"href":"https:\/\/www.technodompro.com\/index.php\/wp-json\/wp\/v2\/comments?post=13497"}],"wp:featuredmedia":[{"embeddable":true,"href":"https:\/\/www.technodompro.com\/index.php\/wp-json\/wp\/v2\/media\/13597"}],"wp:attachment":[{"href":"https:\/\/www.technodompro.com\/index.php\/wp-json\/wp\/v2\/media?parent=13497"}],"wp:term":[{"taxonomy":"product_brand","embeddable":true,"href":"https:\/\/www.technodompro.com\/index.php\/wp-json\/wp\/v2\/product_brand?post=13497"},{"taxonomy":"product_cat","embeddable":true,"href":"https:\/\/www.technodompro.com\/index.php\/wp-json\/wp\/v2\/product_cat?post=13497"},{"taxonomy":"product_tag","embeddable":true,"href":"https:\/\/www.technodompro.com\/index.php\/wp-json\/wp\/v2\/product_tag?post=13497"}],"curies":[{"name":"wp","href":"https:\/\/api.w.org\/{rel}","templated":true}]}}