{"id":13512,"date":"2026-04-27T04:41:02","date_gmt":"2026-04-27T04:41:02","guid":{"rendered":""},"modified":"2026-04-27T04:41:02","modified_gmt":"2026-04-27T04:41:02","slug":"bezpecna-platba-deska-pod-umyvadlo-120x50cm-sapho-avice-stipany-kamen-13512","status":"publish","type":"product","link":"https:\/\/www.technodompro.com\/index.php\/produkt\/bezpecna-platba-deska-pod-umyvadlo-120x50cm-sapho-avice-stipany-kamen-13512\/","title":{"rendered":"Bezpe\u010dn\u00e1 Platba Deska pod umyvadlo 120x50cm Sapho Avice, \u0161t\u00edpan\u00fd k\u00e1men"},"content":{"rendered":"<div class=\"ProductDetail-content NoFixImageContainer\" id=\"productDescription\">\n<div class=\"Heading\">\n<h2 class=\"Heading-title\">Popis produktu <span class=''>Deska pod umyvadlo 120x50cm Sapho Avice, \u0161t\u00edpan\u00fd k\u00e1men<\/span><\/h2>\n<\/p><\/div>\n<div class=\"ProductDetailContent\">                                                                    <\/div>\n<div class=\"ProductDetailContent\">\n<div class=\"ProductDetailContent-item\">                                            Barva: \u010cern\u00e1<br \/>\u0160\u00ed\u0159ka: 1200 mm<br \/>V\u00fd\u0161ka: 50 mm<br \/>Hloubka: 495 mm<br \/>Balen\u00ed: 1 ks<br \/>Rozm\u011br: 120&#215;50 cm<br \/>Materi\u00e1l: MDF\/lamino<br \/>Dekor: \u0160t\u00edpan\u00fd k\u00e1men<br \/>Typ sk\u0159\u00ed\u0148ky: Deska<br \/>Z\u00e1ruka: 2 roky<br \/>Jin\u00e9 barevn\u00e9 proveden\u00ed: Dle vzorn\u00edku<br \/>Typ umyvadla: Umyvadlo na desku<br \/>Instalace: Z\u00e1v\u011bsn\u00e9 na st\u011bnu                                        <\/div>\n<div class=\"ProductDetailContent-item\">\n<h3>Vysv\u011btlivky<\/h3>\n<div class=\"product-explanation-item\">\n<h3>Desky lze vyrobit v tomto barevn\u00e9m proveden\u00ed:<\/h3>\n<div style=\"float: left; width: 20%; text-align: center;\">5 Dub starob\u00edl\u00fd<\/div>\n<div style=\"float: left; width: 20%; text-align: center;\">4 Dub rover<\/div>\n<div style=\"float: left; width: 20%; text-align: center;\">11 Dub tmav\u00fd<\/div>\n<div style=\"float: left; width: 20%; text-align: center;\">8 Old wood<\/div>\n<div style=\"clear: both;\"><\/div>\n<div style=\"float: left; width: 100%; text-align: center;\"> <\/div>\n<div style=\"clear: both;\"><\/div>\n<div style=\"float: left; width: 20%; text-align: center;\">6 Aquamarine<\/div>\n<div style=\"float: left; width: 20%; text-align: center;\">7 Cement<\/div>\n<div style=\"float: left; width: 20%; text-align: center;\">10 \u0160ed\u00fd k\u00e1men<\/div>\n<div style=\"float: left; width: 20%; text-align: center;\">9 \u0160t\u00edpan\u00fd k\u00e1men<\/div>\n<div style=\"clear: both;\"><\/div>\n<\/div><\/div>\n<div class=\"ProductDetailContent-item\">\n<h3>Popis s\u00e9rie<\/h3>\n<p style=\"text-align: justify;\">Desky pod umyvadlo v modern\u00edch dekorech, k dispozici v \u0161\u00ed\u0159k\u00e1ch od 60 do 250 cm.<br \/>Tlou\u0161\u0165ka 48 mm p\u016fsob\u00ed dostate\u010dn\u011b masivn\u011b, ale z\u00e1rove\u0148 deska&nbsp;z\u016fst\u00e1v\u00e1 p\u0159ijateln\u011b lehk\u00e1 pro snadnou mont\u00e1\u017e na st\u011bnu. Povrch je tvo\u0159en vysokotlak\u00fdm lamin\u00e1tem, kter\u00fd je&nbsp;odoln\u00fd vod\u011b i po\u0161kr\u00e1b\u00e1n\u00ed.&nbsp;<span>\u010celn\u00ed hrana je rovn\u00e1 s&nbsp;nalepenou hranou o&nbsp;tlou\u0161\u0165ce 1 nebo 2 mm a cel\u00e1 spodn\u00ed plocha je pota\u017eena b\u00edl\u00fdm vod\u011bodoln\u00fdm lamin\u00e1tem.&nbsp;<\/span><\/p>\n<p style=\"text-align: justify;\">AVICE desky lze upevnit na st\u011bnu pomoc\u00ed designov\u00fdch konzol\u00ed,&nbsp;kter\u00e9 z\u00e1rove\u0148 slou\u017e\u00ed jako praktick\u00fd dr\u017e\u00e1k ru\u010dn\u00edk\u016f. Dopl\u0148kov\u00e9 z\u00e1suvky roz\u0161i\u0159uj\u00ed vyu\u017eitelnost tohoto konceptu a lze&nbsp;je libovoln\u011b instalovat pod zvolenou desku. Pod \u010deln\u00ed stranu desky lze instalovat su\u0161\u00e1k osu\u0161ky, kter\u00fd nab\u00edz\u00edme ve variant\u011b b\u00edl\u00e1 a \u010dern\u00e1 a rozm\u011brech 45 a 60 cm.<br \/>Na p\u0159\u00e1n\u00ed lze u v\u0161ech dekor\u016f vyrobit jakoukoliv \u0161\u00ed\u0159ku desky do 250 cm a tak\u00e9 zmen\u0161it i hloubku desky &#8211; cena na dotaz.&nbsp;<br \/>Barevn\u00e9 proveden\u00ed desek dle vzorn\u00edku.<\/p>\n<p style=\"text-align: justify;\"><strong><span style=\"text-decoration: underline;\">U desek del\u0161\u00edch ne\u017e 1 m doporu\u010dujeme instalovat ka\u017ed\u00fdch 70 cm skrytou podp\u011brnou konzoli pro lep\u0161\u00ed rozlo\u017een\u00ed hmotnosti.<\/span><\/strong><\/p>\n<\/p><\/div>\n<\/p><\/div>\n<\/p><\/div>\n<\/p><\/div>\n<\/p><\/div>\n","protected":false},"excerpt":{"rendered":"<p>Popis produktu Deska pod umyvadlo 120x50cm Sapho Avice, \u0161t\u00edpan\u00fd k\u00e1men Barva: \u010cern\u00e1\u0160\u00ed\u0159ka: 1200 mmV\u00fd\u0161ka: 50 mmHloubka: 495 mmBalen\u00ed: 1 ksRozm\u011br: 120&#215;50 cmMateri\u00e1l: MDF\/laminoDekor: \u0160t\u00edpan\u00fd k\u00e1menTyp sk\u0159\u00ed\u0148ky: DeskaZ\u00e1ruka: 2 rokyJin\u00e9 barevn\u00e9 proveden\u00ed: Dle vzorn\u00edkuTyp umyvadla: Umyvadlo na deskuInstalace: Z\u00e1v\u011bsn\u00e9 na st\u011bnu Vysv\u011btlivky Desky lze vyrobit v tomto barevn\u00e9m proveden\u00ed: 5 Dub starob\u00edl\u00fd 4 Dub rover 11 [&hellip;]<\/p>\n","protected":false},"featured_media":13612,"comment_status":"open","ping_status":"open","template":"","meta":[],"product_brand":[],"product_cat":[72],"product_tag":[],"class_list":{"0":"post-13512","1":"product","2":"type-product","3":"status-publish","4":"has-post-thumbnail","6":"product_cat-koupelny","8":"first","9":"instock","10":"sale","11":"shipping-taxable","12":"purchasable","13":"product-type-simple"},"yoast_head":"<!-- This site is optimized with the Yoast SEO plugin v26.8 - https:\/\/yoast.com\/product\/yoast-seo-wordpress\/ -->\n<title>Bezpe\u010dn\u00e1 Platba Deska pod umyvadlo 120x50cm Sapho Avice, \u0161t\u00edpan\u00fd k\u00e1men -<\/title>\n<meta name=\"robots\" content=\"index, follow, max-snippet:-1, max-image-preview:large, max-video-preview:-1\" \/>\n<link rel=\"canonical\" href=\"https:\/\/www.technodompro.com\/index.php\/produkt\/bezpecna-platba-deska-pod-umyvadlo-120x50cm-sapho-avice-stipany-kamen-13512\/\" \/>\n<meta property=\"og:locale\" content=\"cs_CZ\" \/>\n<meta property=\"og:type\" content=\"article\" \/>\n<meta property=\"og:title\" content=\"Bezpe\u010dn\u00e1 Platba Deska pod umyvadlo 120x50cm Sapho Avice, \u0161t\u00edpan\u00fd k\u00e1men -\" \/>\n<meta property=\"og:description\" content=\"Popis produktu Deska pod umyvadlo 120x50cm Sapho Avice, \u0161t\u00edpan\u00fd k\u00e1men Barva: \u010cern\u00e1\u0160\u00ed\u0159ka: 1200 mmV\u00fd\u0161ka: 50 mmHloubka: 495 mmBalen\u00ed: 1 ksRozm\u011br: 120&#215;50 cmMateri\u00e1l: MDF\/laminoDekor: \u0160t\u00edpan\u00fd k\u00e1menTyp sk\u0159\u00ed\u0148ky: DeskaZ\u00e1ruka: 2 rokyJin\u00e9 barevn\u00e9 proveden\u00ed: Dle vzorn\u00edkuTyp umyvadla: Umyvadlo na deskuInstalace: Z\u00e1v\u011bsn\u00e9 na st\u011bnu Vysv\u011btlivky Desky lze vyrobit v tomto barevn\u00e9m proveden\u00ed: 5 Dub starob\u00edl\u00fd 4 Dub rover 11 [&hellip;]\" \/>\n<meta property=\"og:url\" content=\"https:\/\/www.technodompro.com\/index.php\/produkt\/bezpecna-platba-deska-pod-umyvadlo-120x50cm-sapho-avice-stipany-kamen-13512\/\" \/>\n<meta property=\"og:image\" content=\"https:\/\/www.technodompro.com\/wp-content\/uploads\/2026\/SK0014484-CZ20260425-092632-0-1777080397-deska-pod-umyvadlo-120x50cm-sapho-avice-stipany-kamen-46394.webp\" \/>\n\t<meta property=\"og:image:width\" content=\"600\" \/>\n\t<meta property=\"og:image:height\" content=\"600\" \/>\n\t<meta property=\"og:image:type\" content=\"image\/webp\" \/>\n<meta name=\"twitter:card\" content=\"summary_large_image\" \/>\n<meta name=\"twitter:label1\" content=\"Odhadovan\u00e1 doba \u010dten\u00ed\" \/>\n\t<meta name=\"twitter:data1\" content=\"1 minuta\" \/>\n<script type=\"application\/ld+json\" class=\"yoast-schema-graph\">{\"@context\":\"https:\/\/schema.org\",\"@graph\":[{\"@type\":\"WebPage\",\"@id\":\"https:\/\/www.technodompro.com\/index.php\/produkt\/bezpecna-platba-deska-pod-umyvadlo-120x50cm-sapho-avice-stipany-kamen-13512\/\",\"url\":\"https:\/\/www.technodompro.com\/index.php\/produkt\/bezpecna-platba-deska-pod-umyvadlo-120x50cm-sapho-avice-stipany-kamen-13512\/\",\"name\":\"Bezpe\u010dn\u00e1 Platba Deska pod umyvadlo 120x50cm Sapho Avice, \u0161t\u00edpan\u00fd k\u00e1men -\",\"isPartOf\":{\"@id\":\"https:\/\/www.technodompro.com\/#website\"},\"primaryImageOfPage\":{\"@id\":\"https:\/\/www.technodompro.com\/index.php\/produkt\/bezpecna-platba-deska-pod-umyvadlo-120x50cm-sapho-avice-stipany-kamen-13512\/#primaryimage\"},\"image\":{\"@id\":\"https:\/\/www.technodompro.com\/index.php\/produkt\/bezpecna-platba-deska-pod-umyvadlo-120x50cm-sapho-avice-stipany-kamen-13512\/#primaryimage\"},\"thumbnailUrl\":\"https:\/\/www.technodompro.com\/wp-content\/uploads\/2026\/SK0014484-CZ20260425-092632-0-1777080397-deska-pod-umyvadlo-120x50cm-sapho-avice-stipany-kamen-46394.webp\",\"datePublished\":\"2026-04-27T04:41:02+00:00\",\"breadcrumb\":{\"@id\":\"https:\/\/www.technodompro.com\/index.php\/produkt\/bezpecna-platba-deska-pod-umyvadlo-120x50cm-sapho-avice-stipany-kamen-13512\/#breadcrumb\"},\"inLanguage\":\"cs\",\"potentialAction\":[{\"@type\":\"ReadAction\",\"target\":[\"https:\/\/www.technodompro.com\/index.php\/produkt\/bezpecna-platba-deska-pod-umyvadlo-120x50cm-sapho-avice-stipany-kamen-13512\/\"]}]},{\"@type\":\"ImageObject\",\"inLanguage\":\"cs\",\"@id\":\"https:\/\/www.technodompro.com\/index.php\/produkt\/bezpecna-platba-deska-pod-umyvadlo-120x50cm-sapho-avice-stipany-kamen-13512\/#primaryimage\",\"url\":\"https:\/\/www.technodompro.com\/wp-content\/uploads\/2026\/SK0014484-CZ20260425-092632-0-1777080397-deska-pod-umyvadlo-120x50cm-sapho-avice-stipany-kamen-46394.webp\",\"contentUrl\":\"https:\/\/www.technodompro.com\/wp-content\/uploads\/2026\/SK0014484-CZ20260425-092632-0-1777080397-deska-pod-umyvadlo-120x50cm-sapho-avice-stipany-kamen-46394.webp\",\"width\":600,\"height\":600},{\"@type\":\"BreadcrumbList\",\"@id\":\"https:\/\/www.technodompro.com\/index.php\/produkt\/bezpecna-platba-deska-pod-umyvadlo-120x50cm-sapho-avice-stipany-kamen-13512\/#breadcrumb\",\"itemListElement\":[{\"@type\":\"ListItem\",\"position\":1,\"name\":\"Home\",\"item\":\"https:\/\/www.technodompro.com\/\"},{\"@type\":\"ListItem\",\"position\":2,\"name\":\"Products\",\"item\":\"https:\/\/www.technodompro.com\/index.php\/products\/\"},{\"@type\":\"ListItem\",\"position\":3,\"name\":\"Bezpe\u010dn\u00e1 Platba Deska pod umyvadlo 120x50cm Sapho Avice, \u0161t\u00edpan\u00fd k\u00e1men\"}]},{\"@type\":\"WebSite\",\"@id\":\"https:\/\/www.technodompro.com\/#website\",\"url\":\"https:\/\/www.technodompro.com\/\",\"name\":\"\",\"description\":\"\",\"potentialAction\":[{\"@type\":\"SearchAction\",\"target\":{\"@type\":\"EntryPoint\",\"urlTemplate\":\"https:\/\/www.technodompro.com\/?s={search_term_string}\"},\"query-input\":{\"@type\":\"PropertyValueSpecification\",\"valueRequired\":true,\"valueName\":\"search_term_string\"}}],\"inLanguage\":\"cs\"}]}<\/script>\n<!-- \/ Yoast SEO plugin. -->","yoast_head_json":{"title":"Bezpe\u010dn\u00e1 Platba Deska pod umyvadlo 120x50cm Sapho Avice, \u0161t\u00edpan\u00fd k\u00e1men -","robots":{"index":"index","follow":"follow","max-snippet":"max-snippet:-1","max-image-preview":"max-image-preview:large","max-video-preview":"max-video-preview:-1"},"canonical":"https:\/\/www.technodompro.com\/index.php\/produkt\/bezpecna-platba-deska-pod-umyvadlo-120x50cm-sapho-avice-stipany-kamen-13512\/","og_locale":"cs_CZ","og_type":"article","og_title":"Bezpe\u010dn\u00e1 Platba Deska pod umyvadlo 120x50cm Sapho Avice, \u0161t\u00edpan\u00fd k\u00e1men -","og_description":"Popis produktu Deska pod umyvadlo 120x50cm Sapho Avice, \u0161t\u00edpan\u00fd k\u00e1men Barva: \u010cern\u00e1\u0160\u00ed\u0159ka: 1200 mmV\u00fd\u0161ka: 50 mmHloubka: 495 mmBalen\u00ed: 1 ksRozm\u011br: 120&#215;50 cmMateri\u00e1l: MDF\/laminoDekor: \u0160t\u00edpan\u00fd k\u00e1menTyp sk\u0159\u00ed\u0148ky: DeskaZ\u00e1ruka: 2 rokyJin\u00e9 barevn\u00e9 proveden\u00ed: Dle vzorn\u00edkuTyp umyvadla: Umyvadlo na deskuInstalace: Z\u00e1v\u011bsn\u00e9 na st\u011bnu Vysv\u011btlivky Desky lze vyrobit v tomto barevn\u00e9m proveden\u00ed: 5 Dub starob\u00edl\u00fd 4 Dub rover 11 [&hellip;]","og_url":"https:\/\/www.technodompro.com\/index.php\/produkt\/bezpecna-platba-deska-pod-umyvadlo-120x50cm-sapho-avice-stipany-kamen-13512\/","og_image":[{"width":600,"height":600,"url":"https:\/\/www.technodompro.com\/wp-content\/uploads\/2026\/SK0014484-CZ20260425-092632-0-1777080397-deska-pod-umyvadlo-120x50cm-sapho-avice-stipany-kamen-46394.webp","type":"image\/webp"}],"twitter_card":"summary_large_image","twitter_misc":{"Odhadovan\u00e1 doba \u010dten\u00ed":"1 minuta"},"schema":{"@context":"https:\/\/schema.org","@graph":[{"@type":"WebPage","@id":"https:\/\/www.technodompro.com\/index.php\/produkt\/bezpecna-platba-deska-pod-umyvadlo-120x50cm-sapho-avice-stipany-kamen-13512\/","url":"https:\/\/www.technodompro.com\/index.php\/produkt\/bezpecna-platba-deska-pod-umyvadlo-120x50cm-sapho-avice-stipany-kamen-13512\/","name":"Bezpe\u010dn\u00e1 Platba Deska pod umyvadlo 120x50cm Sapho Avice, \u0161t\u00edpan\u00fd k\u00e1men -","isPartOf":{"@id":"https:\/\/www.technodompro.com\/#website"},"primaryImageOfPage":{"@id":"https:\/\/www.technodompro.com\/index.php\/produkt\/bezpecna-platba-deska-pod-umyvadlo-120x50cm-sapho-avice-stipany-kamen-13512\/#primaryimage"},"image":{"@id":"https:\/\/www.technodompro.com\/index.php\/produkt\/bezpecna-platba-deska-pod-umyvadlo-120x50cm-sapho-avice-stipany-kamen-13512\/#primaryimage"},"thumbnailUrl":"https:\/\/www.technodompro.com\/wp-content\/uploads\/2026\/SK0014484-CZ20260425-092632-0-1777080397-deska-pod-umyvadlo-120x50cm-sapho-avice-stipany-kamen-46394.webp","datePublished":"2026-04-27T04:41:02+00:00","breadcrumb":{"@id":"https:\/\/www.technodompro.com\/index.php\/produkt\/bezpecna-platba-deska-pod-umyvadlo-120x50cm-sapho-avice-stipany-kamen-13512\/#breadcrumb"},"inLanguage":"cs","potentialAction":[{"@type":"ReadAction","target":["https:\/\/www.technodompro.com\/index.php\/produkt\/bezpecna-platba-deska-pod-umyvadlo-120x50cm-sapho-avice-stipany-kamen-13512\/"]}]},{"@type":"ImageObject","inLanguage":"cs","@id":"https:\/\/www.technodompro.com\/index.php\/produkt\/bezpecna-platba-deska-pod-umyvadlo-120x50cm-sapho-avice-stipany-kamen-13512\/#primaryimage","url":"https:\/\/www.technodompro.com\/wp-content\/uploads\/2026\/SK0014484-CZ20260425-092632-0-1777080397-deska-pod-umyvadlo-120x50cm-sapho-avice-stipany-kamen-46394.webp","contentUrl":"https:\/\/www.technodompro.com\/wp-content\/uploads\/2026\/SK0014484-CZ20260425-092632-0-1777080397-deska-pod-umyvadlo-120x50cm-sapho-avice-stipany-kamen-46394.webp","width":600,"height":600},{"@type":"BreadcrumbList","@id":"https:\/\/www.technodompro.com\/index.php\/produkt\/bezpecna-platba-deska-pod-umyvadlo-120x50cm-sapho-avice-stipany-kamen-13512\/#breadcrumb","itemListElement":[{"@type":"ListItem","position":1,"name":"Home","item":"https:\/\/www.technodompro.com\/"},{"@type":"ListItem","position":2,"name":"Products","item":"https:\/\/www.technodompro.com\/index.php\/products\/"},{"@type":"ListItem","position":3,"name":"Bezpe\u010dn\u00e1 Platba Deska pod umyvadlo 120x50cm Sapho Avice, \u0161t\u00edpan\u00fd k\u00e1men"}]},{"@type":"WebSite","@id":"https:\/\/www.technodompro.com\/#website","url":"https:\/\/www.technodompro.com\/","name":"","description":"","potentialAction":[{"@type":"SearchAction","target":{"@type":"EntryPoint","urlTemplate":"https:\/\/www.technodompro.com\/?s={search_term_string}"},"query-input":{"@type":"PropertyValueSpecification","valueRequired":true,"valueName":"search_term_string"}}],"inLanguage":"cs"}]}},"_links":{"self":[{"href":"https:\/\/www.technodompro.com\/index.php\/wp-json\/wp\/v2\/product\/13512","targetHints":{"allow":["GET"]}}],"collection":[{"href":"https:\/\/www.technodompro.com\/index.php\/wp-json\/wp\/v2\/product"}],"about":[{"href":"https:\/\/www.technodompro.com\/index.php\/wp-json\/wp\/v2\/types\/product"}],"replies":[{"embeddable":true,"href":"https:\/\/www.technodompro.com\/index.php\/wp-json\/wp\/v2\/comments?post=13512"}],"wp:featuredmedia":[{"embeddable":true,"href":"https:\/\/www.technodompro.com\/index.php\/wp-json\/wp\/v2\/media\/13612"}],"wp:attachment":[{"href":"https:\/\/www.technodompro.com\/index.php\/wp-json\/wp\/v2\/media?parent=13512"}],"wp:term":[{"taxonomy":"product_brand","embeddable":true,"href":"https:\/\/www.technodompro.com\/index.php\/wp-json\/wp\/v2\/product_brand?post=13512"},{"taxonomy":"product_cat","embeddable":true,"href":"https:\/\/www.technodompro.com\/index.php\/wp-json\/wp\/v2\/product_cat?post=13512"},{"taxonomy":"product_tag","embeddable":true,"href":"https:\/\/www.technodompro.com\/index.php\/wp-json\/wp\/v2\/product_tag?post=13512"}],"curies":[{"name":"wp","href":"https:\/\/api.w.org\/{rel}","templated":true}]}}