{"id":13579,"date":"2026-04-27T04:41:02","date_gmt":"2026-04-27T04:41:02","guid":{"rendered":""},"modified":"2026-04-27T04:41:02","modified_gmt":"2026-04-27T04:41:02","slug":"znackovy-sapho-fantina-otopne-teleso-500x1647mm-cerna-mat-13579","status":"publish","type":"product","link":"https:\/\/www.technodompro.com\/index.php\/produkt\/znackovy-sapho-fantina-otopne-teleso-500x1647mm-cerna-mat-13579\/","title":{"rendered":"Zna\u010dkov\u00fd Sapho FANTINA otopn\u00e9 t\u011bleso 500x1647mm, \u010dern\u00e1 mat"},"content":{"rendered":"<div class=\"ProductDetail-content NoFixImageContainer\" id=\"productDescription\">\n<div class=\"Heading\">\n<h2 class=\"Heading-title\">Popis produktu <span class=''>Sapho FANTINA otopn\u00e9 t\u011bleso 500x1647mm, \u010dern\u00e1 mat<\/span><\/h2>\n<\/p><\/div>\n<div class=\"ProductDetailContent\">                                                                    <\/div>\n<div class=\"ProductDetailContent\">\n<div class=\"ProductDetailContent-item\">                                            Barva: \u010cern\u00e1 mat<br \/>\u0160\u00ed\u0159ka: 500 mm<br \/>V\u00fd\u0161ka: 1647 mm<br \/>Balen\u00ed: 1 ks<br \/>Tvar: Tvar H<br \/>Doporu\u010den\u00e1 el. topn\u00e1 ty\u010d: 600 W<br \/>Mo\u017enost vyt\u00e1p\u011bn\u00ed: Elektrick\u00e9 vyt\u00e1p\u011bn\u00ed;\u00dast\u0159edn\u00ed vyt\u00e1p\u011bn\u00ed;Kombinovan\u00e9 vyt\u00e1p\u011bn\u00ed<br \/>Rozte\u010d p\u0159ipojen\u00ed: 462 mm<br \/>Teplotn\u00ed sp\u00e1d: 75\/65\/20 \u00b0C<br \/>Rozm\u011br: 500&#215;1647 mm<br \/>Objem: 8.1 l<br \/>Materi\u00e1l: Ocel<br \/>V\u00fdkon: 666 W                                        <\/div>\n<div class=\"ProductDetailContent-item\">\n<h3>Vysv\u011btlivky<\/h3>\n<div class=\"product-explanation-item\">\n<h3>Elektrick\u00e9 vyt\u00e1p\u011bn\u00ed<\/h3>\n<p style=\"text-align: justify;\">Pokud je otopn\u00e9 t\u011bleso <strong>vyt\u00e1p\u011bno<\/strong> pouze elektricky, tozn. <strong>pouze za pomoci topn\u00e9 ty\u010de, je nutn\u00e9 zakoupit \u00bd&#8220; z\u00e1slepku k radi\u00e1tor\u016fm<\/strong>. Ta slou\u017e\u00ed k zaslepen\u00ed druh\u00e9ho otvoru v t\u011blese, kter\u00fd by byl jinak pou\u017eit pro p\u0159ipojovac\u00ed ventil \u00fast\u0159edn\u00edho vyt\u00e1p\u011bn\u00ed.<br \/>Topn\u00e9 t\u011bleso doporu\u010dujeme naplnit destilovanou vodou. Doporu\u010dujeme t\u00e9\u017e nemrznouc\u00ed teplonosnou antikorozn\u00ed kapalinou zna\u010dky LIKIDO.<br \/>Topnou ty\u010d doporu\u010dujeme se stejn\u00fdm nebo podobn\u00fdm v\u00fdkonem dle specifikace dan\u00e9ho topn\u00e9ho t\u011blesa. U topn\u00fdch ty\u010d\u00ed s termostatem se reguluje teplota kapaliny v radi\u00e1toru.<\/p>\n<div style=\"float: left; width: 25%; text-align: center;\"><strong>Topen\u00ed s p\u0159ipojovac\u00ed rozte\u010d\u00ed 50 mm<\/strong><\/div>\n<div style=\"float: left; width: 25%; text-align: center;\"><strong>Topen\u00ed s bo\u010dn\u00edm p\u0159ipojen\u00edm<\/strong><\/div>\n<div style=\"clear: both;\"><\/div>\n<\/div>\n<div class=\"product-explanation-item\">\n<h3>\u00dast\u0159edn\u00ed vyt\u00e1p\u011bn\u00ed<\/h3>\n<p style=\"text-align: justify;\">V p\u0159\u00edpad\u011b \u00fast\u0159edn\u00edho vyt\u00e1p\u011bn\u00ed je d\u016fle\u017eit\u00fd v\u00fdb\u011br p\u0159ipojovac\u00ed sady ventil\u016f. Na v\u00fdb\u011br je pou\u017eit\u00ed ru\u010dn\u00edho ventilu nebo ventilu s termostatickou hlavic\u00ed.<\/p>\n<p style=\"text-align: justify;\"><strong>Ru\u010dn\u00ed ventil:<\/strong> Ovl\u00e1dac\u00ed <strong>hlavice ventilu lze instalovat na levou \/ pravou stranu<\/strong> <strong>bez ohledu na m\u00edsto p\u0159\u00edvodu tepl\u00e9 vody.<\/strong> Ovl\u00e1d\u00e1n\u00ed regulace teploty je manu\u00e1ln\u00ed.<br \/><strong>Ventil s termostatickou hlavic\u00ed:<\/strong> Integrovan\u00fd termostat udr\u017euje nastavenou teplotu okol\u00ed. <strong>Termostatick\u00e1 hlavice mus\u00ed b\u00fdt v m\u00edst\u011b p\u0159\u00edvodu tepl\u00e9 vody.<\/strong><\/p>\n<p style=\"text-align: justify;\">N\u00e1mi nab\u00edzen\u00e9 p\u0159ipojovac\u00ed ventily (vyjma zn. AQUALINE) jsou dod\u00e1v\u00e1ny v\u010detn\u011b sv\u011brn\u00e9ho \u0161rouben\u00ed na nejb\u011b\u017en\u011bj\u0161\u00ed potrub\u00ed (\u00d815 mm Cu a \u00d816 mm Alupex), pro dopojen\u00ed tak nen\u00ed t\u0159eba nic dokupovat. Pro zakryt\u00ed p\u0159\u00edvodn\u00edch trubek a otvor\u016f ve zdi doporu\u010dujeme p\u0159ikoupit kryc\u00ed rozety.<\/p>\n<div style=\"float: left; width: 40%; text-align: center;\"><strong>Topen\u00ed s p\u0159ipojovac\u00ed rozte\u010d\u00ed 50 mm<\/strong><\/div>\n<div style=\"float: left; width: 40%; text-align: center;\"><strong>Topen\u00ed s bo\u010dn\u00edm p\u0159ipojen\u00edm<\/strong><\/div>\n<div style=\"float: left; width: 20%; text-align: center;\"><strong>Topen\u00ed s jednobodov\u00fdm p\u0159ipojen\u00edm<\/strong><\/div>\n<div style=\"clear: both;\"><\/div>\n<\/div>\n<div class=\"product-explanation-item\">\n<h3>Kombinace \u00fast\u0159edn\u00edho a elektrick\u00e9ho vyt\u00e1p\u011bn\u00ed<\/h3>\n<p style=\"text-align: justify;\">Kombinovan\u00e9 p\u0159ipojen\u00ed umo\u017e\u0148uje oh\u0159\u00edvat t\u011bleso jak centr\u00e1ln\u00edm syst\u00e9mem vyt\u00e1p\u011bn\u00ed, tak vyu\u017e\u00edt pro samostatn\u00fd oh\u0159ev elektrickou topnou ty\u010d mimo topnou sezonu. Topnou ty\u010d doporu\u010dujeme se stejn\u00fdm nebo podobn\u00fdm v\u00fdkonem dle specifikace dan\u00e9ho topn\u00e9ho t\u011blesa.<\/p>\n<p style=\"text-align: justify;\">Pokud se jedn\u00e1 o t\u011bleso se st\u0159edov\u00fdm p\u0159ipojen\u00edm, z\u00e1le\u017e\u00ed na tom, zda lze ty\u010d propojit p\u0159es ventil (v tomto p\u0159\u00edpad\u011b se pou\u017eije kombinovan\u00fd ventil) nebo se ty\u010d p\u0159ipojuje samostatn\u011b do stojny t\u011blesa (v tomto p\u0159\u00edpad\u011b se pou\u017eije klasick\u00fd ventil). V p\u0159\u00edpad\u011b bo\u010dn\u00edho p\u0159ipojen\u00ed se v\u017edy pou\u017eije kombinovan\u00fd ventil. Na v\u00fdb\u011br je pou\u017eit\u00ed ru\u010dn\u00edho ventilu nebo ventilu s termostatickou hlavic\u00ed. <\/p>\n<p style=\"text-align: justify;\"><strong>Ru\u010dn\u00ed ventil:<\/strong> Ovl\u00e1dac\u00ed <strong>hlavice ventilu lze instalovat na levou \/ pravou stranu<\/strong> <strong>bez ohledu na m\u00edsto p\u0159\u00edvodu tepl\u00e9 vody.<\/strong> Ovl\u00e1d\u00e1n\u00ed regulace teploty je manu\u00e1ln\u00ed.<br \/><strong>Ventil s termostatickou hlavic\u00ed:<\/strong> Integrovan\u00fd termostat udr\u017euje nastavenou teplotu okol\u00ed. <strong>Termostatick\u00e1 hlavice mus\u00ed b\u00fdt v m\u00edst\u011b p\u0159\u00edvodu tepl\u00e9 vody.<\/strong><\/p>\n<p style=\"text-align: justify;\">N\u00e1mi nab\u00edzen\u00e9 p\u0159ipojovac\u00ed ventily (vyjma zn. AQUALINE) jsou dod\u00e1v\u00e1ny v\u010detn\u011b sv\u011brn\u00e9ho \u0161rouben\u00ed na nejb\u011b\u017en\u011bj\u0161\u00ed potrub\u00ed (\u00d815 mm Cu a \u00d816 mm Alupex), pro dopojen\u00ed tak nen\u00ed t\u0159eba nic dokupovat. Pro zakryt\u00ed p\u0159\u00edvodn\u00edch trubek a otvor\u016f ve zdi doporu\u010dujeme p\u0159ikoupit kryc\u00ed rozety.<\/p>\n<div style=\"float: left; width: 40%; text-align: center;\"><strong>Topen\u00ed s p\u0159ipojovac\u00ed rozte\u010d\u00ed 50 mm<\/strong><\/div>\n<div style=\"float: left; width: 25%; text-align: center;\"><strong>Topen\u00ed s bo\u010dn\u00edm p\u0159ipojen\u00edm<\/strong><\/div>\n<div style=\"float: left; width: 25%; text-align: center;\"><strong>Topen\u00ed s jednobodov\u00fdm p\u0159ipojen\u00edm<\/strong><\/div>\n<div style=\"clear: both;\"><\/div>\n<\/div><\/div>\n<div class=\"ProductDetailContent-item\">\n<h3>Popis s\u00e9rie<\/h3>\n<p style=\"text-align: justify;\">Otopn\u00e9 t\u011bleso&nbsp;FANTINA podtrhne design va\u0161\u00ed koupelny. V nab\u00eddce v&nbsp;barv\u00e1ch st\u0159\u00edbrn\u00e1 a \u010dern\u00e1 mat.<\/p>\n<ul>\n<li>Topn\u00e1 ty\u010d a p\u0159ipojovac\u00ed ventily nejsou sou\u010d\u00e1st\u00ed balen\u00ed<\/li>\n<\/ul><\/div>\n<\/p><\/div>\n<\/p><\/div>\n<\/p><\/div>\n<\/p><\/div>\n","protected":false},"excerpt":{"rendered":"<p>Popis produktu Sapho FANTINA otopn\u00e9 t\u011bleso 500x1647mm, \u010dern\u00e1 mat Barva: \u010cern\u00e1 mat\u0160\u00ed\u0159ka: 500 mmV\u00fd\u0161ka: 1647 mmBalen\u00ed: 1 ksTvar: Tvar HDoporu\u010den\u00e1 el. topn\u00e1 ty\u010d: 600 WMo\u017enost vyt\u00e1p\u011bn\u00ed: Elektrick\u00e9 vyt\u00e1p\u011bn\u00ed;\u00dast\u0159edn\u00ed vyt\u00e1p\u011bn\u00ed;Kombinovan\u00e9 vyt\u00e1p\u011bn\u00edRozte\u010d p\u0159ipojen\u00ed: 462 mmTeplotn\u00ed sp\u00e1d: 75\/65\/20 \u00b0CRozm\u011br: 500&#215;1647 mmObjem: 8.1 lMateri\u00e1l: OcelV\u00fdkon: 666 W Vysv\u011btlivky Elektrick\u00e9 vyt\u00e1p\u011bn\u00ed Pokud je otopn\u00e9 t\u011bleso vyt\u00e1p\u011bno pouze elektricky, tozn. pouze [&hellip;]<\/p>\n","protected":false},"featured_media":13679,"comment_status":"open","ping_status":"open","template":"","meta":[],"product_brand":[],"product_cat":[72],"product_tag":[],"class_list":{"0":"post-13579","1":"product","2":"type-product","3":"status-publish","4":"has-post-thumbnail","6":"product_cat-koupelny","8":"first","9":"instock","10":"sale","11":"shipping-taxable","12":"purchasable","13":"product-type-simple"},"yoast_head":"<!-- This site is optimized with the Yoast SEO plugin v26.8 - https:\/\/yoast.com\/product\/yoast-seo-wordpress\/ -->\n<title>Zna\u010dkov\u00fd Sapho FANTINA otopn\u00e9 t\u011bleso 500x1647mm, \u010dern\u00e1 mat -<\/title>\n<meta name=\"robots\" content=\"index, follow, max-snippet:-1, max-image-preview:large, max-video-preview:-1\" \/>\n<link rel=\"canonical\" href=\"https:\/\/www.technodompro.com\/index.php\/produkt\/znackovy-sapho-fantina-otopne-teleso-500x1647mm-cerna-mat-13579\/\" \/>\n<meta property=\"og:locale\" content=\"cs_CZ\" \/>\n<meta property=\"og:type\" content=\"article\" \/>\n<meta property=\"og:title\" content=\"Zna\u010dkov\u00fd Sapho FANTINA otopn\u00e9 t\u011bleso 500x1647mm, \u010dern\u00e1 mat -\" \/>\n<meta property=\"og:description\" content=\"Popis produktu Sapho FANTINA otopn\u00e9 t\u011bleso 500x1647mm, \u010dern\u00e1 mat Barva: \u010cern\u00e1 mat\u0160\u00ed\u0159ka: 500 mmV\u00fd\u0161ka: 1647 mmBalen\u00ed: 1 ksTvar: Tvar HDoporu\u010den\u00e1 el. topn\u00e1 ty\u010d: 600 WMo\u017enost vyt\u00e1p\u011bn\u00ed: Elektrick\u00e9 vyt\u00e1p\u011bn\u00ed;\u00dast\u0159edn\u00ed vyt\u00e1p\u011bn\u00ed;Kombinovan\u00e9 vyt\u00e1p\u011bn\u00edRozte\u010d p\u0159ipojen\u00ed: 462 mmTeplotn\u00ed sp\u00e1d: 75\/65\/20 \u00b0CRozm\u011br: 500&#215;1647 mmObjem: 8.1 lMateri\u00e1l: OcelV\u00fdkon: 666 W Vysv\u011btlivky Elektrick\u00e9 vyt\u00e1p\u011bn\u00ed Pokud je otopn\u00e9 t\u011bleso vyt\u00e1p\u011bno pouze elektricky, tozn. pouze [&hellip;]\" \/>\n<meta property=\"og:url\" content=\"https:\/\/www.technodompro.com\/index.php\/produkt\/znackovy-sapho-fantina-otopne-teleso-500x1647mm-cerna-mat-13579\/\" \/>\n<meta property=\"og:image\" content=\"https:\/\/www.technodompro.com\/wp-content\/uploads\/2026\/SK0014551-CZ20260425-092632-0-1777080397-sapho-fantina-otopne-teleso-500x1647mm-cerna-mat-464682.webp\" \/>\n\t<meta property=\"og:image:width\" content=\"169\" \/>\n\t<meta property=\"og:image:height\" content=\"600\" \/>\n\t<meta property=\"og:image:type\" content=\"image\/webp\" \/>\n<meta name=\"twitter:card\" content=\"summary_large_image\" \/>\n<meta name=\"twitter:label1\" content=\"Odhadovan\u00e1 doba \u010dten\u00ed\" \/>\n\t<meta name=\"twitter:data1\" content=\"3 minuty\" \/>\n<script type=\"application\/ld+json\" class=\"yoast-schema-graph\">{\"@context\":\"https:\/\/schema.org\",\"@graph\":[{\"@type\":\"WebPage\",\"@id\":\"https:\/\/www.technodompro.com\/index.php\/produkt\/znackovy-sapho-fantina-otopne-teleso-500x1647mm-cerna-mat-13579\/\",\"url\":\"https:\/\/www.technodompro.com\/index.php\/produkt\/znackovy-sapho-fantina-otopne-teleso-500x1647mm-cerna-mat-13579\/\",\"name\":\"Zna\u010dkov\u00fd Sapho FANTINA otopn\u00e9 t\u011bleso 500x1647mm, \u010dern\u00e1 mat -\",\"isPartOf\":{\"@id\":\"https:\/\/www.technodompro.com\/#website\"},\"primaryImageOfPage\":{\"@id\":\"https:\/\/www.technodompro.com\/index.php\/produkt\/znackovy-sapho-fantina-otopne-teleso-500x1647mm-cerna-mat-13579\/#primaryimage\"},\"image\":{\"@id\":\"https:\/\/www.technodompro.com\/index.php\/produkt\/znackovy-sapho-fantina-otopne-teleso-500x1647mm-cerna-mat-13579\/#primaryimage\"},\"thumbnailUrl\":\"https:\/\/www.technodompro.com\/wp-content\/uploads\/2026\/SK0014551-CZ20260425-092632-0-1777080397-sapho-fantina-otopne-teleso-500x1647mm-cerna-mat-464682.webp\",\"datePublished\":\"2026-04-27T04:41:02+00:00\",\"breadcrumb\":{\"@id\":\"https:\/\/www.technodompro.com\/index.php\/produkt\/znackovy-sapho-fantina-otopne-teleso-500x1647mm-cerna-mat-13579\/#breadcrumb\"},\"inLanguage\":\"cs\",\"potentialAction\":[{\"@type\":\"ReadAction\",\"target\":[\"https:\/\/www.technodompro.com\/index.php\/produkt\/znackovy-sapho-fantina-otopne-teleso-500x1647mm-cerna-mat-13579\/\"]}]},{\"@type\":\"ImageObject\",\"inLanguage\":\"cs\",\"@id\":\"https:\/\/www.technodompro.com\/index.php\/produkt\/znackovy-sapho-fantina-otopne-teleso-500x1647mm-cerna-mat-13579\/#primaryimage\",\"url\":\"https:\/\/www.technodompro.com\/wp-content\/uploads\/2026\/SK0014551-CZ20260425-092632-0-1777080397-sapho-fantina-otopne-teleso-500x1647mm-cerna-mat-464682.webp\",\"contentUrl\":\"https:\/\/www.technodompro.com\/wp-content\/uploads\/2026\/SK0014551-CZ20260425-092632-0-1777080397-sapho-fantina-otopne-teleso-500x1647mm-cerna-mat-464682.webp\",\"width\":169,\"height\":600},{\"@type\":\"BreadcrumbList\",\"@id\":\"https:\/\/www.technodompro.com\/index.php\/produkt\/znackovy-sapho-fantina-otopne-teleso-500x1647mm-cerna-mat-13579\/#breadcrumb\",\"itemListElement\":[{\"@type\":\"ListItem\",\"position\":1,\"name\":\"Home\",\"item\":\"https:\/\/www.technodompro.com\/\"},{\"@type\":\"ListItem\",\"position\":2,\"name\":\"Products\",\"item\":\"https:\/\/www.technodompro.com\/index.php\/products\/\"},{\"@type\":\"ListItem\",\"position\":3,\"name\":\"Zna\u010dkov\u00fd Sapho FANTINA otopn\u00e9 t\u011bleso 500x1647mm, \u010dern\u00e1 mat\"}]},{\"@type\":\"WebSite\",\"@id\":\"https:\/\/www.technodompro.com\/#website\",\"url\":\"https:\/\/www.technodompro.com\/\",\"name\":\"\",\"description\":\"\",\"potentialAction\":[{\"@type\":\"SearchAction\",\"target\":{\"@type\":\"EntryPoint\",\"urlTemplate\":\"https:\/\/www.technodompro.com\/?s={search_term_string}\"},\"query-input\":{\"@type\":\"PropertyValueSpecification\",\"valueRequired\":true,\"valueName\":\"search_term_string\"}}],\"inLanguage\":\"cs\"}]}<\/script>\n<!-- \/ Yoast SEO plugin. -->","yoast_head_json":{"title":"Zna\u010dkov\u00fd Sapho FANTINA otopn\u00e9 t\u011bleso 500x1647mm, \u010dern\u00e1 mat -","robots":{"index":"index","follow":"follow","max-snippet":"max-snippet:-1","max-image-preview":"max-image-preview:large","max-video-preview":"max-video-preview:-1"},"canonical":"https:\/\/www.technodompro.com\/index.php\/produkt\/znackovy-sapho-fantina-otopne-teleso-500x1647mm-cerna-mat-13579\/","og_locale":"cs_CZ","og_type":"article","og_title":"Zna\u010dkov\u00fd Sapho FANTINA otopn\u00e9 t\u011bleso 500x1647mm, \u010dern\u00e1 mat -","og_description":"Popis produktu Sapho FANTINA otopn\u00e9 t\u011bleso 500x1647mm, \u010dern\u00e1 mat Barva: \u010cern\u00e1 mat\u0160\u00ed\u0159ka: 500 mmV\u00fd\u0161ka: 1647 mmBalen\u00ed: 1 ksTvar: Tvar HDoporu\u010den\u00e1 el. topn\u00e1 ty\u010d: 600 WMo\u017enost vyt\u00e1p\u011bn\u00ed: Elektrick\u00e9 vyt\u00e1p\u011bn\u00ed;\u00dast\u0159edn\u00ed vyt\u00e1p\u011bn\u00ed;Kombinovan\u00e9 vyt\u00e1p\u011bn\u00edRozte\u010d p\u0159ipojen\u00ed: 462 mmTeplotn\u00ed sp\u00e1d: 75\/65\/20 \u00b0CRozm\u011br: 500&#215;1647 mmObjem: 8.1 lMateri\u00e1l: OcelV\u00fdkon: 666 W Vysv\u011btlivky Elektrick\u00e9 vyt\u00e1p\u011bn\u00ed Pokud je otopn\u00e9 t\u011bleso vyt\u00e1p\u011bno pouze elektricky, tozn. pouze [&hellip;]","og_url":"https:\/\/www.technodompro.com\/index.php\/produkt\/znackovy-sapho-fantina-otopne-teleso-500x1647mm-cerna-mat-13579\/","og_image":[{"width":169,"height":600,"url":"https:\/\/www.technodompro.com\/wp-content\/uploads\/2026\/SK0014551-CZ20260425-092632-0-1777080397-sapho-fantina-otopne-teleso-500x1647mm-cerna-mat-464682.webp","type":"image\/webp"}],"twitter_card":"summary_large_image","twitter_misc":{"Odhadovan\u00e1 doba \u010dten\u00ed":"3 minuty"},"schema":{"@context":"https:\/\/schema.org","@graph":[{"@type":"WebPage","@id":"https:\/\/www.technodompro.com\/index.php\/produkt\/znackovy-sapho-fantina-otopne-teleso-500x1647mm-cerna-mat-13579\/","url":"https:\/\/www.technodompro.com\/index.php\/produkt\/znackovy-sapho-fantina-otopne-teleso-500x1647mm-cerna-mat-13579\/","name":"Zna\u010dkov\u00fd Sapho FANTINA otopn\u00e9 t\u011bleso 500x1647mm, \u010dern\u00e1 mat -","isPartOf":{"@id":"https:\/\/www.technodompro.com\/#website"},"primaryImageOfPage":{"@id":"https:\/\/www.technodompro.com\/index.php\/produkt\/znackovy-sapho-fantina-otopne-teleso-500x1647mm-cerna-mat-13579\/#primaryimage"},"image":{"@id":"https:\/\/www.technodompro.com\/index.php\/produkt\/znackovy-sapho-fantina-otopne-teleso-500x1647mm-cerna-mat-13579\/#primaryimage"},"thumbnailUrl":"https:\/\/www.technodompro.com\/wp-content\/uploads\/2026\/SK0014551-CZ20260425-092632-0-1777080397-sapho-fantina-otopne-teleso-500x1647mm-cerna-mat-464682.webp","datePublished":"2026-04-27T04:41:02+00:00","breadcrumb":{"@id":"https:\/\/www.technodompro.com\/index.php\/produkt\/znackovy-sapho-fantina-otopne-teleso-500x1647mm-cerna-mat-13579\/#breadcrumb"},"inLanguage":"cs","potentialAction":[{"@type":"ReadAction","target":["https:\/\/www.technodompro.com\/index.php\/produkt\/znackovy-sapho-fantina-otopne-teleso-500x1647mm-cerna-mat-13579\/"]}]},{"@type":"ImageObject","inLanguage":"cs","@id":"https:\/\/www.technodompro.com\/index.php\/produkt\/znackovy-sapho-fantina-otopne-teleso-500x1647mm-cerna-mat-13579\/#primaryimage","url":"https:\/\/www.technodompro.com\/wp-content\/uploads\/2026\/SK0014551-CZ20260425-092632-0-1777080397-sapho-fantina-otopne-teleso-500x1647mm-cerna-mat-464682.webp","contentUrl":"https:\/\/www.technodompro.com\/wp-content\/uploads\/2026\/SK0014551-CZ20260425-092632-0-1777080397-sapho-fantina-otopne-teleso-500x1647mm-cerna-mat-464682.webp","width":169,"height":600},{"@type":"BreadcrumbList","@id":"https:\/\/www.technodompro.com\/index.php\/produkt\/znackovy-sapho-fantina-otopne-teleso-500x1647mm-cerna-mat-13579\/#breadcrumb","itemListElement":[{"@type":"ListItem","position":1,"name":"Home","item":"https:\/\/www.technodompro.com\/"},{"@type":"ListItem","position":2,"name":"Products","item":"https:\/\/www.technodompro.com\/index.php\/products\/"},{"@type":"ListItem","position":3,"name":"Zna\u010dkov\u00fd Sapho FANTINA otopn\u00e9 t\u011bleso 500x1647mm, \u010dern\u00e1 mat"}]},{"@type":"WebSite","@id":"https:\/\/www.technodompro.com\/#website","url":"https:\/\/www.technodompro.com\/","name":"","description":"","potentialAction":[{"@type":"SearchAction","target":{"@type":"EntryPoint","urlTemplate":"https:\/\/www.technodompro.com\/?s={search_term_string}"},"query-input":{"@type":"PropertyValueSpecification","valueRequired":true,"valueName":"search_term_string"}}],"inLanguage":"cs"}]}},"_links":{"self":[{"href":"https:\/\/www.technodompro.com\/index.php\/wp-json\/wp\/v2\/product\/13579","targetHints":{"allow":["GET"]}}],"collection":[{"href":"https:\/\/www.technodompro.com\/index.php\/wp-json\/wp\/v2\/product"}],"about":[{"href":"https:\/\/www.technodompro.com\/index.php\/wp-json\/wp\/v2\/types\/product"}],"replies":[{"embeddable":true,"href":"https:\/\/www.technodompro.com\/index.php\/wp-json\/wp\/v2\/comments?post=13579"}],"wp:featuredmedia":[{"embeddable":true,"href":"https:\/\/www.technodompro.com\/index.php\/wp-json\/wp\/v2\/media\/13679"}],"wp:attachment":[{"href":"https:\/\/www.technodompro.com\/index.php\/wp-json\/wp\/v2\/media?parent=13579"}],"wp:term":[{"taxonomy":"product_brand","embeddable":true,"href":"https:\/\/www.technodompro.com\/index.php\/wp-json\/wp\/v2\/product_brand?post=13579"},{"taxonomy":"product_cat","embeddable":true,"href":"https:\/\/www.technodompro.com\/index.php\/wp-json\/wp\/v2\/product_cat?post=13579"},{"taxonomy":"product_tag","embeddable":true,"href":"https:\/\/www.technodompro.com\/index.php\/wp-json\/wp\/v2\/product_tag?post=13579"}],"curies":[{"name":"wp","href":"https:\/\/api.w.org\/{rel}","templated":true}]}}