{"id":13966,"date":"2026-04-27T04:41:03","date_gmt":"2026-04-27T04:41:03","guid":{"rendered":""},"modified":"2026-04-27T04:41:03","modified_gmt":"2026-04-27T04:41:03","slug":"oblibeny-mat-stropni-stenovy-box-rovny-pruchozi-pro-talirovy-ventil-dn-125-spb-3x90-125-oc-13966","status":"publish","type":"product","link":"https:\/\/www.technodompro.com\/index.php\/produkt\/oblibeny-mat-stropni-stenovy-box-rovny-pruchozi-pro-talirovy-ventil-dn-125-spb-3x90-125-oc-13966\/","title":{"rendered":"Obl\u00edben\u00fd MAT Stropn\u00ed \/ st\u011bnov\u00fd box rovn\u00fd pr\u016fchoz\u00ed pro tal\u00ed\u0159ov\u00fd ventil DN 125, SPB-3X90\/125-OC"},"content":{"rendered":"<div class=\"ProductDetail-content NoFixImageContainer\" id=\"productDescription\">\n<div class=\"Heading\">\n<h2 class=\"Heading-title\">Popis produktu <span class=''>MAT Stropn\u00ed \/ st\u011bnov\u00fd box rovn\u00fd pr\u016fchoz\u00ed pro tal\u00ed\u0159ov\u00fd ventil DN 125, SPB-3X90\/125-OC<\/span><\/h2>\n<\/p><\/div>\n<div class=\"ProductDetailContent\">\n<p><span style=\"font-size:16px\"><strong>Parametry:<\/strong><\/span><\/p>\n<ul>\n<li><span style=\"font-size:16px\">Pozinkovan\u00e1 ocel<\/span><\/li>\n<li><span style=\"font-size:16px\">3 ks t\u011bsn\u011bn\u00ed \u00d8 90 mm<\/span><\/li>\n<\/ul>\n<p><span style=\"font-size:16px\"><strong>Sou\u010d\u00e1st\u00ed dod\u00e1vky:<\/strong><\/span><\/p>\n<ul>\n<li><span style=\"font-size:16px\">z\u00e1slepka&nbsp;DN 125<\/span><\/li>\n<li><span style=\"font-size:16px\">mont\u00e1\u017en\u00ed \u00fachyty<\/span><\/li>\n<li><span style=\"font-size:16px\">pojistky proti vysunut\u00ed flexibiln\u00edho potrub\u00ed<\/span><\/li>\n<li><span style=\"font-size:16px\">3 ks t\u011bsn\u00edc\u00edho krou\u017eku&nbsp;DN 90<\/span><\/li>\n<\/ul><\/div>\n<div class=\"ProductDetailContent\">                                                                    <\/div>\n<\/p><\/div>\n<\/p><\/div>\n<\/p><\/div>\n","protected":false},"excerpt":{"rendered":"<p>Popis produktu MAT Stropn\u00ed \/ st\u011bnov\u00fd box rovn\u00fd pr\u016fchoz\u00ed pro tal\u00ed\u0159ov\u00fd ventil DN 125, SPB-3X90\/125-OC Parametry: Pozinkovan\u00e1 ocel 3 ks t\u011bsn\u011bn\u00ed \u00d8 90 mm Sou\u010d\u00e1st\u00ed dod\u00e1vky: z\u00e1slepka&nbsp;DN 125 mont\u00e1\u017en\u00ed \u00fachyty pojistky proti vysunut\u00ed flexibiln\u00edho potrub\u00ed 3 ks t\u011bsn\u00edc\u00edho krou\u017eku&nbsp;DN 90<\/p>\n","protected":false},"featured_media":14066,"comment_status":"open","ping_status":"open","template":"","meta":[],"product_brand":[],"product_cat":[74],"product_tag":[],"class_list":{"0":"post-13966","1":"product","2":"type-product","3":"status-publish","4":"has-post-thumbnail","6":"product_cat-rekuperace-vzduchu-a-vody-vetrani","8":"first","9":"instock","10":"sale","11":"shipping-taxable","12":"purchasable","13":"product-type-simple"},"yoast_head":"<!-- This site is optimized with the Yoast SEO plugin v26.8 - https:\/\/yoast.com\/product\/yoast-seo-wordpress\/ -->\n<title>Obl\u00edben\u00fd MAT Stropn\u00ed \/ st\u011bnov\u00fd box rovn\u00fd pr\u016fchoz\u00ed pro tal\u00ed\u0159ov\u00fd ventil DN 125, SPB-3X90\/125-OC -<\/title>\n<meta name=\"robots\" content=\"index, follow, max-snippet:-1, max-image-preview:large, max-video-preview:-1\" \/>\n<link rel=\"canonical\" href=\"https:\/\/www.technodompro.com\/index.php\/produkt\/oblibeny-mat-stropni-stenovy-box-rovny-pruchozi-pro-talirovy-ventil-dn-125-spb-3x90-125-oc-13966\/\" \/>\n<meta property=\"og:locale\" content=\"cs_CZ\" \/>\n<meta property=\"og:type\" content=\"article\" \/>\n<meta property=\"og:title\" content=\"Obl\u00edben\u00fd MAT Stropn\u00ed \/ st\u011bnov\u00fd box rovn\u00fd pr\u016fchoz\u00ed pro tal\u00ed\u0159ov\u00fd ventil DN 125, SPB-3X90\/125-OC -\" \/>\n<meta property=\"og:description\" content=\"Popis produktu MAT Stropn\u00ed \/ st\u011bnov\u00fd box rovn\u00fd pr\u016fchoz\u00ed pro tal\u00ed\u0159ov\u00fd ventil DN 125, SPB-3X90\/125-OC Parametry: Pozinkovan\u00e1 ocel 3 ks t\u011bsn\u011bn\u00ed \u00d8 90 mm Sou\u010d\u00e1st\u00ed dod\u00e1vky: z\u00e1slepka&nbsp;DN 125 mont\u00e1\u017en\u00ed \u00fachyty pojistky proti vysunut\u00ed flexibiln\u00edho potrub\u00ed 3 ks t\u011bsn\u00edc\u00edho krou\u017eku&nbsp;DN 90\" \/>\n<meta property=\"og:url\" content=\"https:\/\/www.technodompro.com\/index.php\/produkt\/oblibeny-mat-stropni-stenovy-box-rovny-pruchozi-pro-talirovy-ventil-dn-125-spb-3x90-125-oc-13966\/\" \/>\n<meta property=\"og:image\" content=\"https:\/\/www.technodompro.com\/wp-content\/uploads\/2026\/SK0014756-CZ20260425-092632-0-1777080397-mat-stropni-stenovy-box-rovny-pruchozi-pro-talirovy-ventil-.webp\" \/>\n\t<meta property=\"og:image:width\" content=\"600\" \/>\n\t<meta property=\"og:image:height\" content=\"502\" \/>\n\t<meta property=\"og:image:type\" content=\"image\/webp\" \/>\n<meta name=\"twitter:card\" content=\"summary_large_image\" \/>\n<script type=\"application\/ld+json\" class=\"yoast-schema-graph\">{\"@context\":\"https:\/\/schema.org\",\"@graph\":[{\"@type\":\"WebPage\",\"@id\":\"https:\/\/www.technodompro.com\/index.php\/produkt\/oblibeny-mat-stropni-stenovy-box-rovny-pruchozi-pro-talirovy-ventil-dn-125-spb-3x90-125-oc-13966\/\",\"url\":\"https:\/\/www.technodompro.com\/index.php\/produkt\/oblibeny-mat-stropni-stenovy-box-rovny-pruchozi-pro-talirovy-ventil-dn-125-spb-3x90-125-oc-13966\/\",\"name\":\"Obl\u00edben\u00fd MAT Stropn\u00ed \/ st\u011bnov\u00fd box rovn\u00fd pr\u016fchoz\u00ed pro tal\u00ed\u0159ov\u00fd ventil DN 125, SPB-3X90\/125-OC -\",\"isPartOf\":{\"@id\":\"https:\/\/www.technodompro.com\/#website\"},\"primaryImageOfPage\":{\"@id\":\"https:\/\/www.technodompro.com\/index.php\/produkt\/oblibeny-mat-stropni-stenovy-box-rovny-pruchozi-pro-talirovy-ventil-dn-125-spb-3x90-125-oc-13966\/#primaryimage\"},\"image\":{\"@id\":\"https:\/\/www.technodompro.com\/index.php\/produkt\/oblibeny-mat-stropni-stenovy-box-rovny-pruchozi-pro-talirovy-ventil-dn-125-spb-3x90-125-oc-13966\/#primaryimage\"},\"thumbnailUrl\":\"https:\/\/www.technodompro.com\/wp-content\/uploads\/2026\/SK0014756-CZ20260425-092632-0-1777080397-mat-stropni-stenovy-box-rovny-pruchozi-pro-talirovy-ventil-.webp\",\"datePublished\":\"2026-04-27T04:41:03+00:00\",\"breadcrumb\":{\"@id\":\"https:\/\/www.technodompro.com\/index.php\/produkt\/oblibeny-mat-stropni-stenovy-box-rovny-pruchozi-pro-talirovy-ventil-dn-125-spb-3x90-125-oc-13966\/#breadcrumb\"},\"inLanguage\":\"cs\",\"potentialAction\":[{\"@type\":\"ReadAction\",\"target\":[\"https:\/\/www.technodompro.com\/index.php\/produkt\/oblibeny-mat-stropni-stenovy-box-rovny-pruchozi-pro-talirovy-ventil-dn-125-spb-3x90-125-oc-13966\/\"]}]},{\"@type\":\"ImageObject\",\"inLanguage\":\"cs\",\"@id\":\"https:\/\/www.technodompro.com\/index.php\/produkt\/oblibeny-mat-stropni-stenovy-box-rovny-pruchozi-pro-talirovy-ventil-dn-125-spb-3x90-125-oc-13966\/#primaryimage\",\"url\":\"https:\/\/www.technodompro.com\/wp-content\/uploads\/2026\/SK0014756-CZ20260425-092632-0-1777080397-mat-stropni-stenovy-box-rovny-pruchozi-pro-talirovy-ventil-.webp\",\"contentUrl\":\"https:\/\/www.technodompro.com\/wp-content\/uploads\/2026\/SK0014756-CZ20260425-092632-0-1777080397-mat-stropni-stenovy-box-rovny-pruchozi-pro-talirovy-ventil-.webp\",\"width\":600,\"height\":502},{\"@type\":\"BreadcrumbList\",\"@id\":\"https:\/\/www.technodompro.com\/index.php\/produkt\/oblibeny-mat-stropni-stenovy-box-rovny-pruchozi-pro-talirovy-ventil-dn-125-spb-3x90-125-oc-13966\/#breadcrumb\",\"itemListElement\":[{\"@type\":\"ListItem\",\"position\":1,\"name\":\"Home\",\"item\":\"https:\/\/www.technodompro.com\/\"},{\"@type\":\"ListItem\",\"position\":2,\"name\":\"Products\",\"item\":\"https:\/\/www.technodompro.com\/index.php\/products\/\"},{\"@type\":\"ListItem\",\"position\":3,\"name\":\"Obl\u00edben\u00fd MAT Stropn\u00ed \/ st\u011bnov\u00fd box rovn\u00fd pr\u016fchoz\u00ed pro tal\u00ed\u0159ov\u00fd ventil DN 125, SPB-3X90\/125-OC\"}]},{\"@type\":\"WebSite\",\"@id\":\"https:\/\/www.technodompro.com\/#website\",\"url\":\"https:\/\/www.technodompro.com\/\",\"name\":\"\",\"description\":\"\",\"potentialAction\":[{\"@type\":\"SearchAction\",\"target\":{\"@type\":\"EntryPoint\",\"urlTemplate\":\"https:\/\/www.technodompro.com\/?s={search_term_string}\"},\"query-input\":{\"@type\":\"PropertyValueSpecification\",\"valueRequired\":true,\"valueName\":\"search_term_string\"}}],\"inLanguage\":\"cs\"}]}<\/script>\n<!-- \/ Yoast SEO plugin. -->","yoast_head_json":{"title":"Obl\u00edben\u00fd MAT Stropn\u00ed \/ st\u011bnov\u00fd box rovn\u00fd pr\u016fchoz\u00ed pro tal\u00ed\u0159ov\u00fd ventil DN 125, SPB-3X90\/125-OC -","robots":{"index":"index","follow":"follow","max-snippet":"max-snippet:-1","max-image-preview":"max-image-preview:large","max-video-preview":"max-video-preview:-1"},"canonical":"https:\/\/www.technodompro.com\/index.php\/produkt\/oblibeny-mat-stropni-stenovy-box-rovny-pruchozi-pro-talirovy-ventil-dn-125-spb-3x90-125-oc-13966\/","og_locale":"cs_CZ","og_type":"article","og_title":"Obl\u00edben\u00fd MAT Stropn\u00ed \/ st\u011bnov\u00fd box rovn\u00fd pr\u016fchoz\u00ed pro tal\u00ed\u0159ov\u00fd ventil DN 125, SPB-3X90\/125-OC -","og_description":"Popis produktu MAT Stropn\u00ed \/ st\u011bnov\u00fd box rovn\u00fd pr\u016fchoz\u00ed pro tal\u00ed\u0159ov\u00fd ventil DN 125, SPB-3X90\/125-OC Parametry: Pozinkovan\u00e1 ocel 3 ks t\u011bsn\u011bn\u00ed \u00d8 90 mm Sou\u010d\u00e1st\u00ed dod\u00e1vky: z\u00e1slepka&nbsp;DN 125 mont\u00e1\u017en\u00ed \u00fachyty pojistky proti vysunut\u00ed flexibiln\u00edho potrub\u00ed 3 ks t\u011bsn\u00edc\u00edho krou\u017eku&nbsp;DN 90","og_url":"https:\/\/www.technodompro.com\/index.php\/produkt\/oblibeny-mat-stropni-stenovy-box-rovny-pruchozi-pro-talirovy-ventil-dn-125-spb-3x90-125-oc-13966\/","og_image":[{"width":600,"height":502,"url":"https:\/\/www.technodompro.com\/wp-content\/uploads\/2026\/SK0014756-CZ20260425-092632-0-1777080397-mat-stropni-stenovy-box-rovny-pruchozi-pro-talirovy-ventil-.webp","type":"image\/webp"}],"twitter_card":"summary_large_image","schema":{"@context":"https:\/\/schema.org","@graph":[{"@type":"WebPage","@id":"https:\/\/www.technodompro.com\/index.php\/produkt\/oblibeny-mat-stropni-stenovy-box-rovny-pruchozi-pro-talirovy-ventil-dn-125-spb-3x90-125-oc-13966\/","url":"https:\/\/www.technodompro.com\/index.php\/produkt\/oblibeny-mat-stropni-stenovy-box-rovny-pruchozi-pro-talirovy-ventil-dn-125-spb-3x90-125-oc-13966\/","name":"Obl\u00edben\u00fd MAT Stropn\u00ed \/ st\u011bnov\u00fd box rovn\u00fd pr\u016fchoz\u00ed pro tal\u00ed\u0159ov\u00fd ventil DN 125, SPB-3X90\/125-OC -","isPartOf":{"@id":"https:\/\/www.technodompro.com\/#website"},"primaryImageOfPage":{"@id":"https:\/\/www.technodompro.com\/index.php\/produkt\/oblibeny-mat-stropni-stenovy-box-rovny-pruchozi-pro-talirovy-ventil-dn-125-spb-3x90-125-oc-13966\/#primaryimage"},"image":{"@id":"https:\/\/www.technodompro.com\/index.php\/produkt\/oblibeny-mat-stropni-stenovy-box-rovny-pruchozi-pro-talirovy-ventil-dn-125-spb-3x90-125-oc-13966\/#primaryimage"},"thumbnailUrl":"https:\/\/www.technodompro.com\/wp-content\/uploads\/2026\/SK0014756-CZ20260425-092632-0-1777080397-mat-stropni-stenovy-box-rovny-pruchozi-pro-talirovy-ventil-.webp","datePublished":"2026-04-27T04:41:03+00:00","breadcrumb":{"@id":"https:\/\/www.technodompro.com\/index.php\/produkt\/oblibeny-mat-stropni-stenovy-box-rovny-pruchozi-pro-talirovy-ventil-dn-125-spb-3x90-125-oc-13966\/#breadcrumb"},"inLanguage":"cs","potentialAction":[{"@type":"ReadAction","target":["https:\/\/www.technodompro.com\/index.php\/produkt\/oblibeny-mat-stropni-stenovy-box-rovny-pruchozi-pro-talirovy-ventil-dn-125-spb-3x90-125-oc-13966\/"]}]},{"@type":"ImageObject","inLanguage":"cs","@id":"https:\/\/www.technodompro.com\/index.php\/produkt\/oblibeny-mat-stropni-stenovy-box-rovny-pruchozi-pro-talirovy-ventil-dn-125-spb-3x90-125-oc-13966\/#primaryimage","url":"https:\/\/www.technodompro.com\/wp-content\/uploads\/2026\/SK0014756-CZ20260425-092632-0-1777080397-mat-stropni-stenovy-box-rovny-pruchozi-pro-talirovy-ventil-.webp","contentUrl":"https:\/\/www.technodompro.com\/wp-content\/uploads\/2026\/SK0014756-CZ20260425-092632-0-1777080397-mat-stropni-stenovy-box-rovny-pruchozi-pro-talirovy-ventil-.webp","width":600,"height":502},{"@type":"BreadcrumbList","@id":"https:\/\/www.technodompro.com\/index.php\/produkt\/oblibeny-mat-stropni-stenovy-box-rovny-pruchozi-pro-talirovy-ventil-dn-125-spb-3x90-125-oc-13966\/#breadcrumb","itemListElement":[{"@type":"ListItem","position":1,"name":"Home","item":"https:\/\/www.technodompro.com\/"},{"@type":"ListItem","position":2,"name":"Products","item":"https:\/\/www.technodompro.com\/index.php\/products\/"},{"@type":"ListItem","position":3,"name":"Obl\u00edben\u00fd MAT Stropn\u00ed \/ st\u011bnov\u00fd box rovn\u00fd pr\u016fchoz\u00ed pro tal\u00ed\u0159ov\u00fd ventil DN 125, SPB-3X90\/125-OC"}]},{"@type":"WebSite","@id":"https:\/\/www.technodompro.com\/#website","url":"https:\/\/www.technodompro.com\/","name":"","description":"","potentialAction":[{"@type":"SearchAction","target":{"@type":"EntryPoint","urlTemplate":"https:\/\/www.technodompro.com\/?s={search_term_string}"},"query-input":{"@type":"PropertyValueSpecification","valueRequired":true,"valueName":"search_term_string"}}],"inLanguage":"cs"}]}},"_links":{"self":[{"href":"https:\/\/www.technodompro.com\/index.php\/wp-json\/wp\/v2\/product\/13966","targetHints":{"allow":["GET"]}}],"collection":[{"href":"https:\/\/www.technodompro.com\/index.php\/wp-json\/wp\/v2\/product"}],"about":[{"href":"https:\/\/www.technodompro.com\/index.php\/wp-json\/wp\/v2\/types\/product"}],"replies":[{"embeddable":true,"href":"https:\/\/www.technodompro.com\/index.php\/wp-json\/wp\/v2\/comments?post=13966"}],"wp:featuredmedia":[{"embeddable":true,"href":"https:\/\/www.technodompro.com\/index.php\/wp-json\/wp\/v2\/media\/14066"}],"wp:attachment":[{"href":"https:\/\/www.technodompro.com\/index.php\/wp-json\/wp\/v2\/media?parent=13966"}],"wp:term":[{"taxonomy":"product_brand","embeddable":true,"href":"https:\/\/www.technodompro.com\/index.php\/wp-json\/wp\/v2\/product_brand?post=13966"},{"taxonomy":"product_cat","embeddable":true,"href":"https:\/\/www.technodompro.com\/index.php\/wp-json\/wp\/v2\/product_cat?post=13966"},{"taxonomy":"product_tag","embeddable":true,"href":"https:\/\/www.technodompro.com\/index.php\/wp-json\/wp\/v2\/product_tag?post=13966"}],"curies":[{"name":"wp","href":"https:\/\/api.w.org\/{rel}","templated":true}]}}