{"id":13968,"date":"2026-04-27T04:41:03","date_gmt":"2026-04-27T04:41:03","guid":{"rendered":""},"modified":"2026-04-27T04:41:03","modified_gmt":"2026-04-27T04:41:03","slug":"pripojovaci-prima-sada-pro-otopna-telesa-se-stredovym-pripojenim-hydronix-343-344-tovarni-cena-13968","status":"publish","type":"product","link":"https:\/\/www.technodompro.com\/index.php\/produkt\/pripojovaci-prima-sada-pro-otopna-telesa-se-stredovym-pripojenim-hydronix-343-344-tovarni-cena-13968\/","title":{"rendered":"P\u0159ipojovac\u00ed p\u0159\u00edm\u00e1 sada pro otopn\u00e1 t\u011blesa se st\u0159edov\u00fdm p\u0159ipojen\u00edm Hydronix 343\/344 Tov\u00e1rn\u00ed Cena"},"content":{"rendered":"<div class=\"ProductDetail-content NoFixImageContainer\" id=\"productDescription\">\n<div class=\"Heading\">\n<h2 class=\"Heading-title\">Popis produktu <span class=''>P\u0159ipojovac\u00ed p\u0159\u00edm\u00e1 sada pro otopn\u00e1 t\u011blesa se st\u0159edov\u00fdm p\u0159ipojen\u00edm Hydronix 343\/344<\/span><\/h2>\n<\/p><\/div>\n<div class=\"ProductDetailContent\">\n<p>Designov\u00e9 p\u0159ipojovac\u00ed uzav\u00edrateln\u00e9 radi\u00e1torov\u00e9 \u0161rouben\u00ed s integrovan\u00fdm termostatick\u00fdm ventilem a termostatickou hlavic\u00ed,&nbsp;rozte\u010d 50 m<span style=\"font-size:16px\"><span style=\"font-family:sans-serif\">. Garnitura, termostatick\u00e1 hlavice i<\/span><span style=\"font-family:sans-serif\"> kompletn\u00ed <\/span><span style=\"font-family:sans-serif\">p\u0159\u00edslu\u0161enstv\u00ed je k<\/span><span style=\"font-family:sans-serif\">dispozici ve<\/span><span style=\"font-family:sans-serif\">&nbsp;3 barv\u00e1ch. <\/span><\/span><\/p>\n<p><strong>Nejb\u011b\u017en\u011bj\u0161\u00ed pou\u017eit\u00ed v rozvodu vyt\u00e1p\u011bn\u00ed s t\u011bmito spot\u0159ebi\u010di:<\/strong><\/p>\n<ul>\n<li><span style=\"font-size:16px\">Deskov\u00e1 otopn\u00e1 t\u011blesa<\/span><\/li>\n<li><span style=\"font-size:16px\">Koupelnov\u00e1 trubkov\u00e1 otopn\u00e1 t\u011blesa &#8211; \u017eeb\u0159\u00edky<\/span><\/li>\n<\/ul>\n<h3><span style=\"font-family:Arial,Helvetica,sans-serif\"><strong>Z\u00e1kladn\u00ed sada obsahuje<\/strong><\/span><\/h3>\n<ul>\n<li><span style=\"font-size:16px\"><span style=\"font-family:sans-serif\">1\u00d7<\/span><span style=\"font-family:sans-serif\">ventil 343\/344<\/span><\/span><\/li>\n<li><span style=\"font-size:16px\"><span style=\"font-family:sans-serif\">1\u00d7<\/span><span style=\"font-family:sans-serif\">termostatick\u00e1 hlavice Prestige<\/span><\/span><\/li>\n<li><span style=\"font-size:16px\"><span style=\"font-family:sans-serif\">2\u00d7<\/span><span style=\"font-family:sans-serif\">redukce \u00bd\u201c \/ \u00be\u201c<\/span><\/span><\/li>\n<li><span style=\"font-size:16px\"><span style=\"font-family:sans-serif\">2\u00d7<\/span><span style=\"font-family:sans-serif\">sv\u011brn\u00e1 spojka Cu 15\u00d71 mm nebo Pex-Al-Pex 16\u00d72 mm<\/span><\/span><\/li>\n<\/ul>\n<h3><strong><span style=\"font-family:sans-serif\">Kompletn\u00ed sada obsahuje<\/span><\/strong><\/h3>\n<ul>\n<li><span style=\"font-size:16px\"><span style=\"font-family:sans-serif\">1\u00d7<\/span><span style=\"font-family:sans-serif\">ventil 343\/344<\/span><\/span><\/li>\n<li><span style=\"font-size:16px\"><span style=\"font-family:sans-serif\">1\u00d7<\/span><span style=\"font-family:sans-serif\">termostatick\u00e1 hlavice Prestige<\/span><\/span><\/li>\n<li><span style=\"font-size:16px\"><span style=\"font-family:sans-serif\">2\u00d7<\/span><span style=\"font-family:sans-serif\">redukce \u00bd\u201c \/ \u00be\u201c<\/span><\/span><\/li>\n<li><span style=\"font-size:16px\"><span style=\"font-family:sans-serif\">2\u00d7<\/span><span style=\"font-family:sans-serif\">sv\u011brn\u00e1 spojka Cu 15\u00d71 mm nebo Pex-Al-Pex 16\u00d72 mm<\/span><\/span><\/li>\n<li><span style=\"font-size:16px\"><span style=\"font-family:sans-serif\">1\u00d7<\/span><span style=\"font-family:sans-serif\">krytka pr\u016fchodu st\u011bnou v barv\u011b armatury<\/span><\/span><\/li>\n<li><span style=\"font-size:16px\"><span style=\"font-family:sans-serif\">2\u00d7<\/span><span style=\"font-family:sans-serif\">krytka dopojovac\u00edho potrub\u00ed v barv\u011b armatury<\/span><\/span><\/li>\n<\/ul><\/div>\n<div class=\"ProductDetailContent\">                                                                    <\/div>\n<\/p><\/div>\n<\/p><\/div>\n<\/p><\/div>\n","protected":false},"excerpt":{"rendered":"<p>Popis produktu P\u0159ipojovac\u00ed p\u0159\u00edm\u00e1 sada pro otopn\u00e1 t\u011blesa se st\u0159edov\u00fdm p\u0159ipojen\u00edm Hydronix 343\/344 Designov\u00e9 p\u0159ipojovac\u00ed uzav\u00edrateln\u00e9 radi\u00e1torov\u00e9 \u0161rouben\u00ed s integrovan\u00fdm termostatick\u00fdm ventilem a termostatickou hlavic\u00ed,&nbsp;rozte\u010d 50 m. Garnitura, termostatick\u00e1 hlavice i kompletn\u00ed p\u0159\u00edslu\u0161enstv\u00ed je kdispozici ve&nbsp;3 barv\u00e1ch. Nejb\u011b\u017en\u011bj\u0161\u00ed pou\u017eit\u00ed v rozvodu vyt\u00e1p\u011bn\u00ed s t\u011bmito spot\u0159ebi\u010di: Deskov\u00e1 otopn\u00e1 t\u011blesa Koupelnov\u00e1 trubkov\u00e1 otopn\u00e1 t\u011blesa &#8211; \u017eeb\u0159\u00edky Z\u00e1kladn\u00ed [&hellip;]<\/p>\n","protected":false},"featured_media":14068,"comment_status":"open","ping_status":"open","template":"","meta":[],"product_brand":[],"product_cat":[73],"product_tag":[],"class_list":{"0":"post-13968","1":"product","2":"type-product","3":"status-publish","4":"has-post-thumbnail","6":"product_cat-topeni","8":"first","9":"instock","10":"sale","11":"shipping-taxable","12":"purchasable","13":"product-type-simple"},"yoast_head":"<!-- This site is optimized with the Yoast SEO plugin v26.8 - https:\/\/yoast.com\/product\/yoast-seo-wordpress\/ -->\n<title>P\u0159ipojovac\u00ed p\u0159\u00edm\u00e1 sada pro otopn\u00e1 t\u011blesa se st\u0159edov\u00fdm p\u0159ipojen\u00edm Hydronix 343\/344 Tov\u00e1rn\u00ed Cena -<\/title>\n<meta name=\"robots\" content=\"index, follow, max-snippet:-1, max-image-preview:large, max-video-preview:-1\" \/>\n<link rel=\"canonical\" href=\"https:\/\/www.technodompro.com\/index.php\/produkt\/pripojovaci-prima-sada-pro-otopna-telesa-se-stredovym-pripojenim-hydronix-343-344-tovarni-cena-13968\/\" \/>\n<meta property=\"og:locale\" content=\"cs_CZ\" \/>\n<meta property=\"og:type\" content=\"article\" \/>\n<meta property=\"og:title\" content=\"P\u0159ipojovac\u00ed p\u0159\u00edm\u00e1 sada pro otopn\u00e1 t\u011blesa se st\u0159edov\u00fdm p\u0159ipojen\u00edm Hydronix 343\/344 Tov\u00e1rn\u00ed Cena -\" \/>\n<meta property=\"og:description\" content=\"Popis produktu P\u0159ipojovac\u00ed p\u0159\u00edm\u00e1 sada pro otopn\u00e1 t\u011blesa se st\u0159edov\u00fdm p\u0159ipojen\u00edm Hydronix 343\/344 Designov\u00e9 p\u0159ipojovac\u00ed uzav\u00edrateln\u00e9 radi\u00e1torov\u00e9 \u0161rouben\u00ed s integrovan\u00fdm termostatick\u00fdm ventilem a termostatickou hlavic\u00ed,&nbsp;rozte\u010d 50 m. Garnitura, termostatick\u00e1 hlavice i kompletn\u00ed p\u0159\u00edslu\u0161enstv\u00ed je kdispozici ve&nbsp;3 barv\u00e1ch. Nejb\u011b\u017en\u011bj\u0161\u00ed pou\u017eit\u00ed v rozvodu vyt\u00e1p\u011bn\u00ed s t\u011bmito spot\u0159ebi\u010di: Deskov\u00e1 otopn\u00e1 t\u011blesa Koupelnov\u00e1 trubkov\u00e1 otopn\u00e1 t\u011blesa &#8211; \u017eeb\u0159\u00edky Z\u00e1kladn\u00ed [&hellip;]\" \/>\n<meta property=\"og:url\" content=\"https:\/\/www.technodompro.com\/index.php\/produkt\/pripojovaci-prima-sada-pro-otopna-telesa-se-stredovym-pripojenim-hydronix-343-344-tovarni-cena-13968\/\" \/>\n<meta property=\"og:image\" content=\"https:\/\/www.technodompro.com\/wp-content\/uploads\/2026\/SK0014758-CZ20260425-092632-0-1777080397-pripojovaci-prima-sada-pro-otopna-telesa-se-stredovym-pripo.webp\" \/>\n\t<meta property=\"og:image:width\" content=\"350\" \/>\n\t<meta property=\"og:image:height\" content=\"350\" \/>\n\t<meta property=\"og:image:type\" content=\"image\/webp\" \/>\n<meta name=\"twitter:card\" content=\"summary_large_image\" \/>\n<meta name=\"twitter:label1\" content=\"Odhadovan\u00e1 doba \u010dten\u00ed\" \/>\n\t<meta name=\"twitter:data1\" content=\"1 minuta\" \/>\n<script type=\"application\/ld+json\" class=\"yoast-schema-graph\">{\"@context\":\"https:\/\/schema.org\",\"@graph\":[{\"@type\":\"WebPage\",\"@id\":\"https:\/\/www.technodompro.com\/index.php\/produkt\/pripojovaci-prima-sada-pro-otopna-telesa-se-stredovym-pripojenim-hydronix-343-344-tovarni-cena-13968\/\",\"url\":\"https:\/\/www.technodompro.com\/index.php\/produkt\/pripojovaci-prima-sada-pro-otopna-telesa-se-stredovym-pripojenim-hydronix-343-344-tovarni-cena-13968\/\",\"name\":\"P\u0159ipojovac\u00ed p\u0159\u00edm\u00e1 sada pro otopn\u00e1 t\u011blesa se st\u0159edov\u00fdm p\u0159ipojen\u00edm Hydronix 343\/344 Tov\u00e1rn\u00ed Cena -\",\"isPartOf\":{\"@id\":\"https:\/\/www.technodompro.com\/#website\"},\"primaryImageOfPage\":{\"@id\":\"https:\/\/www.technodompro.com\/index.php\/produkt\/pripojovaci-prima-sada-pro-otopna-telesa-se-stredovym-pripojenim-hydronix-343-344-tovarni-cena-13968\/#primaryimage\"},\"image\":{\"@id\":\"https:\/\/www.technodompro.com\/index.php\/produkt\/pripojovaci-prima-sada-pro-otopna-telesa-se-stredovym-pripojenim-hydronix-343-344-tovarni-cena-13968\/#primaryimage\"},\"thumbnailUrl\":\"https:\/\/www.technodompro.com\/wp-content\/uploads\/2026\/SK0014758-CZ20260425-092632-0-1777080397-pripojovaci-prima-sada-pro-otopna-telesa-se-stredovym-pripo.webp\",\"datePublished\":\"2026-04-27T04:41:03+00:00\",\"breadcrumb\":{\"@id\":\"https:\/\/www.technodompro.com\/index.php\/produkt\/pripojovaci-prima-sada-pro-otopna-telesa-se-stredovym-pripojenim-hydronix-343-344-tovarni-cena-13968\/#breadcrumb\"},\"inLanguage\":\"cs\",\"potentialAction\":[{\"@type\":\"ReadAction\",\"target\":[\"https:\/\/www.technodompro.com\/index.php\/produkt\/pripojovaci-prima-sada-pro-otopna-telesa-se-stredovym-pripojenim-hydronix-343-344-tovarni-cena-13968\/\"]}]},{\"@type\":\"ImageObject\",\"inLanguage\":\"cs\",\"@id\":\"https:\/\/www.technodompro.com\/index.php\/produkt\/pripojovaci-prima-sada-pro-otopna-telesa-se-stredovym-pripojenim-hydronix-343-344-tovarni-cena-13968\/#primaryimage\",\"url\":\"https:\/\/www.technodompro.com\/wp-content\/uploads\/2026\/SK0014758-CZ20260425-092632-0-1777080397-pripojovaci-prima-sada-pro-otopna-telesa-se-stredovym-pripo.webp\",\"contentUrl\":\"https:\/\/www.technodompro.com\/wp-content\/uploads\/2026\/SK0014758-CZ20260425-092632-0-1777080397-pripojovaci-prima-sada-pro-otopna-telesa-se-stredovym-pripo.webp\",\"width\":350,\"height\":350},{\"@type\":\"BreadcrumbList\",\"@id\":\"https:\/\/www.technodompro.com\/index.php\/produkt\/pripojovaci-prima-sada-pro-otopna-telesa-se-stredovym-pripojenim-hydronix-343-344-tovarni-cena-13968\/#breadcrumb\",\"itemListElement\":[{\"@type\":\"ListItem\",\"position\":1,\"name\":\"Home\",\"item\":\"https:\/\/www.technodompro.com\/\"},{\"@type\":\"ListItem\",\"position\":2,\"name\":\"Products\",\"item\":\"https:\/\/www.technodompro.com\/index.php\/products\/\"},{\"@type\":\"ListItem\",\"position\":3,\"name\":\"P\u0159ipojovac\u00ed p\u0159\u00edm\u00e1 sada pro otopn\u00e1 t\u011blesa se st\u0159edov\u00fdm p\u0159ipojen\u00edm Hydronix 343\/344 Tov\u00e1rn\u00ed Cena\"}]},{\"@type\":\"WebSite\",\"@id\":\"https:\/\/www.technodompro.com\/#website\",\"url\":\"https:\/\/www.technodompro.com\/\",\"name\":\"\",\"description\":\"\",\"potentialAction\":[{\"@type\":\"SearchAction\",\"target\":{\"@type\":\"EntryPoint\",\"urlTemplate\":\"https:\/\/www.technodompro.com\/?s={search_term_string}\"},\"query-input\":{\"@type\":\"PropertyValueSpecification\",\"valueRequired\":true,\"valueName\":\"search_term_string\"}}],\"inLanguage\":\"cs\"}]}<\/script>\n<!-- \/ Yoast SEO plugin. -->","yoast_head_json":{"title":"P\u0159ipojovac\u00ed p\u0159\u00edm\u00e1 sada pro otopn\u00e1 t\u011blesa se st\u0159edov\u00fdm p\u0159ipojen\u00edm Hydronix 343\/344 Tov\u00e1rn\u00ed Cena -","robots":{"index":"index","follow":"follow","max-snippet":"max-snippet:-1","max-image-preview":"max-image-preview:large","max-video-preview":"max-video-preview:-1"},"canonical":"https:\/\/www.technodompro.com\/index.php\/produkt\/pripojovaci-prima-sada-pro-otopna-telesa-se-stredovym-pripojenim-hydronix-343-344-tovarni-cena-13968\/","og_locale":"cs_CZ","og_type":"article","og_title":"P\u0159ipojovac\u00ed p\u0159\u00edm\u00e1 sada pro otopn\u00e1 t\u011blesa se st\u0159edov\u00fdm p\u0159ipojen\u00edm Hydronix 343\/344 Tov\u00e1rn\u00ed Cena -","og_description":"Popis produktu P\u0159ipojovac\u00ed p\u0159\u00edm\u00e1 sada pro otopn\u00e1 t\u011blesa se st\u0159edov\u00fdm p\u0159ipojen\u00edm Hydronix 343\/344 Designov\u00e9 p\u0159ipojovac\u00ed uzav\u00edrateln\u00e9 radi\u00e1torov\u00e9 \u0161rouben\u00ed s integrovan\u00fdm termostatick\u00fdm ventilem a termostatickou hlavic\u00ed,&nbsp;rozte\u010d 50 m. Garnitura, termostatick\u00e1 hlavice i kompletn\u00ed p\u0159\u00edslu\u0161enstv\u00ed je kdispozici ve&nbsp;3 barv\u00e1ch. Nejb\u011b\u017en\u011bj\u0161\u00ed pou\u017eit\u00ed v rozvodu vyt\u00e1p\u011bn\u00ed s t\u011bmito spot\u0159ebi\u010di: Deskov\u00e1 otopn\u00e1 t\u011blesa Koupelnov\u00e1 trubkov\u00e1 otopn\u00e1 t\u011blesa &#8211; \u017eeb\u0159\u00edky Z\u00e1kladn\u00ed [&hellip;]","og_url":"https:\/\/www.technodompro.com\/index.php\/produkt\/pripojovaci-prima-sada-pro-otopna-telesa-se-stredovym-pripojenim-hydronix-343-344-tovarni-cena-13968\/","og_image":[{"width":350,"height":350,"url":"https:\/\/www.technodompro.com\/wp-content\/uploads\/2026\/SK0014758-CZ20260425-092632-0-1777080397-pripojovaci-prima-sada-pro-otopna-telesa-se-stredovym-pripo.webp","type":"image\/webp"}],"twitter_card":"summary_large_image","twitter_misc":{"Odhadovan\u00e1 doba \u010dten\u00ed":"1 minuta"},"schema":{"@context":"https:\/\/schema.org","@graph":[{"@type":"WebPage","@id":"https:\/\/www.technodompro.com\/index.php\/produkt\/pripojovaci-prima-sada-pro-otopna-telesa-se-stredovym-pripojenim-hydronix-343-344-tovarni-cena-13968\/","url":"https:\/\/www.technodompro.com\/index.php\/produkt\/pripojovaci-prima-sada-pro-otopna-telesa-se-stredovym-pripojenim-hydronix-343-344-tovarni-cena-13968\/","name":"P\u0159ipojovac\u00ed p\u0159\u00edm\u00e1 sada pro otopn\u00e1 t\u011blesa se st\u0159edov\u00fdm p\u0159ipojen\u00edm Hydronix 343\/344 Tov\u00e1rn\u00ed Cena -","isPartOf":{"@id":"https:\/\/www.technodompro.com\/#website"},"primaryImageOfPage":{"@id":"https:\/\/www.technodompro.com\/index.php\/produkt\/pripojovaci-prima-sada-pro-otopna-telesa-se-stredovym-pripojenim-hydronix-343-344-tovarni-cena-13968\/#primaryimage"},"image":{"@id":"https:\/\/www.technodompro.com\/index.php\/produkt\/pripojovaci-prima-sada-pro-otopna-telesa-se-stredovym-pripojenim-hydronix-343-344-tovarni-cena-13968\/#primaryimage"},"thumbnailUrl":"https:\/\/www.technodompro.com\/wp-content\/uploads\/2026\/SK0014758-CZ20260425-092632-0-1777080397-pripojovaci-prima-sada-pro-otopna-telesa-se-stredovym-pripo.webp","datePublished":"2026-04-27T04:41:03+00:00","breadcrumb":{"@id":"https:\/\/www.technodompro.com\/index.php\/produkt\/pripojovaci-prima-sada-pro-otopna-telesa-se-stredovym-pripojenim-hydronix-343-344-tovarni-cena-13968\/#breadcrumb"},"inLanguage":"cs","potentialAction":[{"@type":"ReadAction","target":["https:\/\/www.technodompro.com\/index.php\/produkt\/pripojovaci-prima-sada-pro-otopna-telesa-se-stredovym-pripojenim-hydronix-343-344-tovarni-cena-13968\/"]}]},{"@type":"ImageObject","inLanguage":"cs","@id":"https:\/\/www.technodompro.com\/index.php\/produkt\/pripojovaci-prima-sada-pro-otopna-telesa-se-stredovym-pripojenim-hydronix-343-344-tovarni-cena-13968\/#primaryimage","url":"https:\/\/www.technodompro.com\/wp-content\/uploads\/2026\/SK0014758-CZ20260425-092632-0-1777080397-pripojovaci-prima-sada-pro-otopna-telesa-se-stredovym-pripo.webp","contentUrl":"https:\/\/www.technodompro.com\/wp-content\/uploads\/2026\/SK0014758-CZ20260425-092632-0-1777080397-pripojovaci-prima-sada-pro-otopna-telesa-se-stredovym-pripo.webp","width":350,"height":350},{"@type":"BreadcrumbList","@id":"https:\/\/www.technodompro.com\/index.php\/produkt\/pripojovaci-prima-sada-pro-otopna-telesa-se-stredovym-pripojenim-hydronix-343-344-tovarni-cena-13968\/#breadcrumb","itemListElement":[{"@type":"ListItem","position":1,"name":"Home","item":"https:\/\/www.technodompro.com\/"},{"@type":"ListItem","position":2,"name":"Products","item":"https:\/\/www.technodompro.com\/index.php\/products\/"},{"@type":"ListItem","position":3,"name":"P\u0159ipojovac\u00ed p\u0159\u00edm\u00e1 sada pro otopn\u00e1 t\u011blesa se st\u0159edov\u00fdm p\u0159ipojen\u00edm Hydronix 343\/344 Tov\u00e1rn\u00ed Cena"}]},{"@type":"WebSite","@id":"https:\/\/www.technodompro.com\/#website","url":"https:\/\/www.technodompro.com\/","name":"","description":"","potentialAction":[{"@type":"SearchAction","target":{"@type":"EntryPoint","urlTemplate":"https:\/\/www.technodompro.com\/?s={search_term_string}"},"query-input":{"@type":"PropertyValueSpecification","valueRequired":true,"valueName":"search_term_string"}}],"inLanguage":"cs"}]}},"_links":{"self":[{"href":"https:\/\/www.technodompro.com\/index.php\/wp-json\/wp\/v2\/product\/13968","targetHints":{"allow":["GET"]}}],"collection":[{"href":"https:\/\/www.technodompro.com\/index.php\/wp-json\/wp\/v2\/product"}],"about":[{"href":"https:\/\/www.technodompro.com\/index.php\/wp-json\/wp\/v2\/types\/product"}],"replies":[{"embeddable":true,"href":"https:\/\/www.technodompro.com\/index.php\/wp-json\/wp\/v2\/comments?post=13968"}],"wp:featuredmedia":[{"embeddable":true,"href":"https:\/\/www.technodompro.com\/index.php\/wp-json\/wp\/v2\/media\/14068"}],"wp:attachment":[{"href":"https:\/\/www.technodompro.com\/index.php\/wp-json\/wp\/v2\/media?parent=13968"}],"wp:term":[{"taxonomy":"product_brand","embeddable":true,"href":"https:\/\/www.technodompro.com\/index.php\/wp-json\/wp\/v2\/product_brand?post=13968"},{"taxonomy":"product_cat","embeddable":true,"href":"https:\/\/www.technodompro.com\/index.php\/wp-json\/wp\/v2\/product_cat?post=13968"},{"taxonomy":"product_tag","embeddable":true,"href":"https:\/\/www.technodompro.com\/index.php\/wp-json\/wp\/v2\/product_tag?post=13968"}],"curies":[{"name":"wp","href":"https:\/\/api.w.org\/{rel}","templated":true}]}}