{"id":14114,"date":"2026-04-27T04:41:04","date_gmt":"2026-04-27T04:41:04","guid":{"rendered":""},"modified":"2026-04-27T04:41:04","modified_gmt":"2026-04-27T04:41:04","slug":"top-prodej-regulus-zdroj-zalozni-pg-600-s-bez-akumulatoru-14114","status":"publish","type":"product","link":"https:\/\/www.technodompro.com\/index.php\/produkt\/top-prodej-regulus-zdroj-zalozni-pg-600-s-bez-akumulatoru-14114\/","title":{"rendered":"Top Prodej Regulus Zdroj z\u00e1lo\u017en\u00ed PG 600 S &#8211; bez akumul\u00e1toru"},"content":{"rendered":"<div class=\"ProductDetail-content NoFixImageContainer\" id=\"productDescription\">\n<div class=\"Heading\">\n<h2 class=\"Heading-title\">Popis produktu <span class=''>Regulus Zdroj z\u00e1lo\u017en\u00ed PG 600 S &#8211; bez akumul\u00e1toru<\/span><\/h2>\n<\/p><\/div>\n<div class=\"ProductDetailContent\">\n<p style=\"text-align:justify\"><span style=\"font-size:16px\"><strong>Z\u00e1lo\u017en\u00ed zdroj<\/strong> <strong>UPS<\/strong> \u0159ady <strong>PG600<\/strong> je ur\u010den p\u0159edev\u0161\u00edm <strong>k nap\u00e1jen\u00ed \u010derpadel otopn\u00fdch syst\u00e9m\u016f<\/strong>. Spot\u0159eba za\u0159\u00edzen\u00ed p\u0159ipojen\u00fdch k PG 600 S nesm\u00ed p\u0159ekra\u010dovat maxim\u00e1ln\u00ed v\u00fdstupn\u00ed v\u00fdkon st\u0159\u00edda\u010de.<\/span><\/p>\n<p style=\"text-align:justify\"><span style=\"font-size:16px\">P\u0159i provozu bez v\u00fdpadku elektrick\u00e9 s\u00edt\u011b proch\u00e1z\u00ed elektrick\u00e1 energie p\u0159es vnit\u0159n\u00ed by-pass p\u0159\u00edmo na v\u00fdstupn\u00ed z\u00e1suvku. Sou\u010dasn\u011b se nab\u00edj\u00ed akumul\u00e1tor. P\u0159i v\u00fdpadku s\u00edt\u011b se v\u00fdstup UPS p\u0159epne na st\u0159\u00edda\u010d a z\u00e1t\u011b\u017e je nap\u00e1jena z akumul\u00e1toru. K PG 600 S se p\u0159ipojuje akumul\u00e1tor pomoc\u00ed kabel\u016f s kabelov\u00fdmi oky. Maxim\u00e1ln\u00ed kapacita akumul\u00e1toru pro UPS PG 600 S je 100 Ah. P\u0159i dob\u00edjen\u00ed se m\u016f\u017ee teplota za\u0159\u00edzen\u00ed zv\u00fd\u0161it a\u017e na cca 45 \u00b0C (norm\u00e1ln\u00ed provozn\u00ed stav).<\/span><\/p>\n<ul>\n<li style=\"text-align:justify\"><span style=\"font-size:16px\"><span style=\"font-family:sans-serif\">Automatick\u00e9 p\u0159ep\u00edn\u00e1n\u00ed ze s\u00edt\u011b na<\/span><span style=\"font-family:sans-serif\"> <\/span><span style=\"font-family:sans-serif\">nap\u00e1jen\u00ed z<\/span><span style=\"font-family:sans-serif\"> <\/span><span style=\"font-family:sans-serif\">akumul\u00e1toru a<\/span><span style=\"font-family:sans-serif\"> <\/span><span style=\"font-family:sans-serif\">zp\u011bt<\/span><\/span><\/li>\n<li style=\"text-align:justify\"><span style=\"font-size:16px\"><span style=\"font-family:sans-serif\">Vysok\u00e1 \u00fa\u010dinnost st\u0159\u00edda\u010de<\/span><\/span><\/li>\n<li style=\"text-align:justify\"><span style=\"font-size:16px\"><span style=\"font-family:sans-serif\">Inteligentn\u00ed t\u0159\u00edstup\u0148ov\u00e9 nab\u00edjen\u00ed akumul\u00e1toru se zabr\u00e1n\u011bn\u00edm p\u0159ebit\u00ed<\/span><\/span><\/li>\n<li style=\"text-align:justify\"><span style=\"font-size:16px\"><span style=\"font-family:sans-serif\">Ochrana proti p\u0159et\u00ed\u017een\u00ed a<\/span><span style=\"font-family:sans-serif\"> <\/span><span style=\"font-family:sans-serif\">\u00fapln\u00e9mu vybit\u00ed akumul\u00e1toru<\/span><\/span><\/li>\n<li style=\"text-align:justify\"><span style=\"font-size:16px\"><span style=\"font-family:sans-serif\">Podsv\u00edcen\u00fd LCD displej a<\/span><span style=\"font-family:sans-serif\"> <\/span><span style=\"font-family:sans-serif\">akustick\u00e1 signalizace<\/span><\/span><\/li>\n<li style=\"text-align:justify\"><span style=\"font-size:16px\"><span style=\"font-family:sans-serif\">Ventil\u00e1tor ovl\u00e1dan\u00fd vnit\u0159n\u00ed teplotou<\/span><\/span><\/li>\n<li style=\"text-align:justify\"><span style=\"font-size:16px\"><span style=\"font-family:sans-serif\">Hladk\u00e1 v\u00fdstupn\u00ed sinusoida<\/span><\/span><\/li>\n<li style=\"text-align:justify\"><span style=\"font-size:16px\"><span style=\"font-family:sans-serif\">Nastaviteln\u00fd nab\u00edjec\u00ed proud<\/span><\/span><\/li>\n<li style=\"text-align:justify\"><span style=\"font-size:16px\"><span style=\"font-family:sans-serif\">Ochrana proti z\u00e1m\u011bn\u011b p\u00f3l\u016f<\/span><\/span><\/li>\n<\/ul><\/div>\n<div class=\"ProductDetailContent\">                                                                    <\/div>\n<\/p><\/div>\n<\/p><\/div>\n<\/p><\/div>\n","protected":false},"excerpt":{"rendered":"<p>Popis produktu Regulus Zdroj z\u00e1lo\u017en\u00ed PG 600 S &#8211; bez akumul\u00e1toru Z\u00e1lo\u017en\u00ed zdroj UPS \u0159ady PG600 je ur\u010den p\u0159edev\u0161\u00edm k nap\u00e1jen\u00ed \u010derpadel otopn\u00fdch syst\u00e9m\u016f. Spot\u0159eba za\u0159\u00edzen\u00ed p\u0159ipojen\u00fdch k PG 600 S nesm\u00ed p\u0159ekra\u010dovat maxim\u00e1ln\u00ed v\u00fdstupn\u00ed v\u00fdkon st\u0159\u00edda\u010de. P\u0159i provozu bez v\u00fdpadku elektrick\u00e9 s\u00edt\u011b proch\u00e1z\u00ed elektrick\u00e1 energie p\u0159es vnit\u0159n\u00ed by-pass p\u0159\u00edmo na v\u00fdstupn\u00ed z\u00e1suvku. Sou\u010dasn\u011b se [&hellip;]<\/p>\n","protected":false},"featured_media":14214,"comment_status":"open","ping_status":"open","template":"","meta":[],"product_brand":[],"product_cat":[73],"product_tag":[],"class_list":{"0":"post-14114","1":"product","2":"type-product","3":"status-publish","4":"has-post-thumbnail","6":"product_cat-topeni","8":"first","9":"instock","10":"sale","11":"shipping-taxable","12":"purchasable","13":"product-type-simple"},"yoast_head":"<!-- This site is optimized with the Yoast SEO plugin v26.8 - https:\/\/yoast.com\/product\/yoast-seo-wordpress\/ -->\n<title>Top Prodej Regulus Zdroj z\u00e1lo\u017en\u00ed PG 600 S - bez akumul\u00e1toru -<\/title>\n<meta name=\"robots\" content=\"index, follow, max-snippet:-1, max-image-preview:large, max-video-preview:-1\" \/>\n<link rel=\"canonical\" href=\"https:\/\/www.technodompro.com\/index.php\/produkt\/top-prodej-regulus-zdroj-zalozni-pg-600-s-bez-akumulatoru-14114\/\" \/>\n<meta property=\"og:locale\" content=\"cs_CZ\" \/>\n<meta property=\"og:type\" content=\"article\" \/>\n<meta property=\"og:title\" content=\"Top Prodej Regulus Zdroj z\u00e1lo\u017en\u00ed PG 600 S - bez akumul\u00e1toru -\" \/>\n<meta property=\"og:description\" content=\"Popis produktu Regulus Zdroj z\u00e1lo\u017en\u00ed PG 600 S &#8211; bez akumul\u00e1toru Z\u00e1lo\u017en\u00ed zdroj UPS \u0159ady PG600 je ur\u010den p\u0159edev\u0161\u00edm k nap\u00e1jen\u00ed \u010derpadel otopn\u00fdch syst\u00e9m\u016f. Spot\u0159eba za\u0159\u00edzen\u00ed p\u0159ipojen\u00fdch k PG 600 S nesm\u00ed p\u0159ekra\u010dovat maxim\u00e1ln\u00ed v\u00fdstupn\u00ed v\u00fdkon st\u0159\u00edda\u010de. P\u0159i provozu bez v\u00fdpadku elektrick\u00e9 s\u00edt\u011b proch\u00e1z\u00ed elektrick\u00e1 energie p\u0159es vnit\u0159n\u00ed by-pass p\u0159\u00edmo na v\u00fdstupn\u00ed z\u00e1suvku. Sou\u010dasn\u011b se [&hellip;]\" \/>\n<meta property=\"og:url\" content=\"https:\/\/www.technodompro.com\/index.php\/produkt\/top-prodej-regulus-zdroj-zalozni-pg-600-s-bez-akumulatoru-14114\/\" \/>\n<meta property=\"og:image\" content=\"https:\/\/www.technodompro.com\/wp-content\/uploads\/2026\/SK0014814-CZ20260425-092632-0-1777080397-regulus-zdroj-zalozni-pg-600-s-bez-akumulatoru-330104.webp\" \/>\n\t<meta property=\"og:image:width\" content=\"350\" \/>\n\t<meta property=\"og:image:height\" content=\"350\" \/>\n\t<meta property=\"og:image:type\" content=\"image\/webp\" \/>\n<meta name=\"twitter:card\" content=\"summary_large_image\" \/>\n<meta name=\"twitter:label1\" content=\"Odhadovan\u00e1 doba \u010dten\u00ed\" \/>\n\t<meta name=\"twitter:data1\" content=\"1 minuta\" \/>\n<script type=\"application\/ld+json\" class=\"yoast-schema-graph\">{\"@context\":\"https:\/\/schema.org\",\"@graph\":[{\"@type\":\"WebPage\",\"@id\":\"https:\/\/www.technodompro.com\/index.php\/produkt\/top-prodej-regulus-zdroj-zalozni-pg-600-s-bez-akumulatoru-14114\/\",\"url\":\"https:\/\/www.technodompro.com\/index.php\/produkt\/top-prodej-regulus-zdroj-zalozni-pg-600-s-bez-akumulatoru-14114\/\",\"name\":\"Top Prodej Regulus Zdroj z\u00e1lo\u017en\u00ed PG 600 S - bez akumul\u00e1toru -\",\"isPartOf\":{\"@id\":\"https:\/\/www.technodompro.com\/#website\"},\"primaryImageOfPage\":{\"@id\":\"https:\/\/www.technodompro.com\/index.php\/produkt\/top-prodej-regulus-zdroj-zalozni-pg-600-s-bez-akumulatoru-14114\/#primaryimage\"},\"image\":{\"@id\":\"https:\/\/www.technodompro.com\/index.php\/produkt\/top-prodej-regulus-zdroj-zalozni-pg-600-s-bez-akumulatoru-14114\/#primaryimage\"},\"thumbnailUrl\":\"https:\/\/www.technodompro.com\/wp-content\/uploads\/2026\/SK0014814-CZ20260425-092632-0-1777080397-regulus-zdroj-zalozni-pg-600-s-bez-akumulatoru-330104.webp\",\"datePublished\":\"2026-04-27T04:41:04+00:00\",\"breadcrumb\":{\"@id\":\"https:\/\/www.technodompro.com\/index.php\/produkt\/top-prodej-regulus-zdroj-zalozni-pg-600-s-bez-akumulatoru-14114\/#breadcrumb\"},\"inLanguage\":\"cs\",\"potentialAction\":[{\"@type\":\"ReadAction\",\"target\":[\"https:\/\/www.technodompro.com\/index.php\/produkt\/top-prodej-regulus-zdroj-zalozni-pg-600-s-bez-akumulatoru-14114\/\"]}]},{\"@type\":\"ImageObject\",\"inLanguage\":\"cs\",\"@id\":\"https:\/\/www.technodompro.com\/index.php\/produkt\/top-prodej-regulus-zdroj-zalozni-pg-600-s-bez-akumulatoru-14114\/#primaryimage\",\"url\":\"https:\/\/www.technodompro.com\/wp-content\/uploads\/2026\/SK0014814-CZ20260425-092632-0-1777080397-regulus-zdroj-zalozni-pg-600-s-bez-akumulatoru-330104.webp\",\"contentUrl\":\"https:\/\/www.technodompro.com\/wp-content\/uploads\/2026\/SK0014814-CZ20260425-092632-0-1777080397-regulus-zdroj-zalozni-pg-600-s-bez-akumulatoru-330104.webp\",\"width\":350,\"height\":350},{\"@type\":\"BreadcrumbList\",\"@id\":\"https:\/\/www.technodompro.com\/index.php\/produkt\/top-prodej-regulus-zdroj-zalozni-pg-600-s-bez-akumulatoru-14114\/#breadcrumb\",\"itemListElement\":[{\"@type\":\"ListItem\",\"position\":1,\"name\":\"Home\",\"item\":\"https:\/\/www.technodompro.com\/\"},{\"@type\":\"ListItem\",\"position\":2,\"name\":\"Products\",\"item\":\"https:\/\/www.technodompro.com\/index.php\/products\/\"},{\"@type\":\"ListItem\",\"position\":3,\"name\":\"Top Prodej Regulus Zdroj z\u00e1lo\u017en\u00ed PG 600 S &#8211; bez akumul\u00e1toru\"}]},{\"@type\":\"WebSite\",\"@id\":\"https:\/\/www.technodompro.com\/#website\",\"url\":\"https:\/\/www.technodompro.com\/\",\"name\":\"\",\"description\":\"\",\"potentialAction\":[{\"@type\":\"SearchAction\",\"target\":{\"@type\":\"EntryPoint\",\"urlTemplate\":\"https:\/\/www.technodompro.com\/?s={search_term_string}\"},\"query-input\":{\"@type\":\"PropertyValueSpecification\",\"valueRequired\":true,\"valueName\":\"search_term_string\"}}],\"inLanguage\":\"cs\"}]}<\/script>\n<!-- \/ Yoast SEO plugin. -->","yoast_head_json":{"title":"Top Prodej Regulus Zdroj z\u00e1lo\u017en\u00ed PG 600 S - bez akumul\u00e1toru -","robots":{"index":"index","follow":"follow","max-snippet":"max-snippet:-1","max-image-preview":"max-image-preview:large","max-video-preview":"max-video-preview:-1"},"canonical":"https:\/\/www.technodompro.com\/index.php\/produkt\/top-prodej-regulus-zdroj-zalozni-pg-600-s-bez-akumulatoru-14114\/","og_locale":"cs_CZ","og_type":"article","og_title":"Top Prodej Regulus Zdroj z\u00e1lo\u017en\u00ed PG 600 S - bez akumul\u00e1toru -","og_description":"Popis produktu Regulus Zdroj z\u00e1lo\u017en\u00ed PG 600 S &#8211; bez akumul\u00e1toru Z\u00e1lo\u017en\u00ed zdroj UPS \u0159ady PG600 je ur\u010den p\u0159edev\u0161\u00edm k nap\u00e1jen\u00ed \u010derpadel otopn\u00fdch syst\u00e9m\u016f. Spot\u0159eba za\u0159\u00edzen\u00ed p\u0159ipojen\u00fdch k PG 600 S nesm\u00ed p\u0159ekra\u010dovat maxim\u00e1ln\u00ed v\u00fdstupn\u00ed v\u00fdkon st\u0159\u00edda\u010de. P\u0159i provozu bez v\u00fdpadku elektrick\u00e9 s\u00edt\u011b proch\u00e1z\u00ed elektrick\u00e1 energie p\u0159es vnit\u0159n\u00ed by-pass p\u0159\u00edmo na v\u00fdstupn\u00ed z\u00e1suvku. Sou\u010dasn\u011b se [&hellip;]","og_url":"https:\/\/www.technodompro.com\/index.php\/produkt\/top-prodej-regulus-zdroj-zalozni-pg-600-s-bez-akumulatoru-14114\/","og_image":[{"width":350,"height":350,"url":"https:\/\/www.technodompro.com\/wp-content\/uploads\/2026\/SK0014814-CZ20260425-092632-0-1777080397-regulus-zdroj-zalozni-pg-600-s-bez-akumulatoru-330104.webp","type":"image\/webp"}],"twitter_card":"summary_large_image","twitter_misc":{"Odhadovan\u00e1 doba \u010dten\u00ed":"1 minuta"},"schema":{"@context":"https:\/\/schema.org","@graph":[{"@type":"WebPage","@id":"https:\/\/www.technodompro.com\/index.php\/produkt\/top-prodej-regulus-zdroj-zalozni-pg-600-s-bez-akumulatoru-14114\/","url":"https:\/\/www.technodompro.com\/index.php\/produkt\/top-prodej-regulus-zdroj-zalozni-pg-600-s-bez-akumulatoru-14114\/","name":"Top Prodej Regulus Zdroj z\u00e1lo\u017en\u00ed PG 600 S - bez akumul\u00e1toru -","isPartOf":{"@id":"https:\/\/www.technodompro.com\/#website"},"primaryImageOfPage":{"@id":"https:\/\/www.technodompro.com\/index.php\/produkt\/top-prodej-regulus-zdroj-zalozni-pg-600-s-bez-akumulatoru-14114\/#primaryimage"},"image":{"@id":"https:\/\/www.technodompro.com\/index.php\/produkt\/top-prodej-regulus-zdroj-zalozni-pg-600-s-bez-akumulatoru-14114\/#primaryimage"},"thumbnailUrl":"https:\/\/www.technodompro.com\/wp-content\/uploads\/2026\/SK0014814-CZ20260425-092632-0-1777080397-regulus-zdroj-zalozni-pg-600-s-bez-akumulatoru-330104.webp","datePublished":"2026-04-27T04:41:04+00:00","breadcrumb":{"@id":"https:\/\/www.technodompro.com\/index.php\/produkt\/top-prodej-regulus-zdroj-zalozni-pg-600-s-bez-akumulatoru-14114\/#breadcrumb"},"inLanguage":"cs","potentialAction":[{"@type":"ReadAction","target":["https:\/\/www.technodompro.com\/index.php\/produkt\/top-prodej-regulus-zdroj-zalozni-pg-600-s-bez-akumulatoru-14114\/"]}]},{"@type":"ImageObject","inLanguage":"cs","@id":"https:\/\/www.technodompro.com\/index.php\/produkt\/top-prodej-regulus-zdroj-zalozni-pg-600-s-bez-akumulatoru-14114\/#primaryimage","url":"https:\/\/www.technodompro.com\/wp-content\/uploads\/2026\/SK0014814-CZ20260425-092632-0-1777080397-regulus-zdroj-zalozni-pg-600-s-bez-akumulatoru-330104.webp","contentUrl":"https:\/\/www.technodompro.com\/wp-content\/uploads\/2026\/SK0014814-CZ20260425-092632-0-1777080397-regulus-zdroj-zalozni-pg-600-s-bez-akumulatoru-330104.webp","width":350,"height":350},{"@type":"BreadcrumbList","@id":"https:\/\/www.technodompro.com\/index.php\/produkt\/top-prodej-regulus-zdroj-zalozni-pg-600-s-bez-akumulatoru-14114\/#breadcrumb","itemListElement":[{"@type":"ListItem","position":1,"name":"Home","item":"https:\/\/www.technodompro.com\/"},{"@type":"ListItem","position":2,"name":"Products","item":"https:\/\/www.technodompro.com\/index.php\/products\/"},{"@type":"ListItem","position":3,"name":"Top Prodej Regulus Zdroj z\u00e1lo\u017en\u00ed PG 600 S &#8211; bez akumul\u00e1toru"}]},{"@type":"WebSite","@id":"https:\/\/www.technodompro.com\/#website","url":"https:\/\/www.technodompro.com\/","name":"","description":"","potentialAction":[{"@type":"SearchAction","target":{"@type":"EntryPoint","urlTemplate":"https:\/\/www.technodompro.com\/?s={search_term_string}"},"query-input":{"@type":"PropertyValueSpecification","valueRequired":true,"valueName":"search_term_string"}}],"inLanguage":"cs"}]}},"_links":{"self":[{"href":"https:\/\/www.technodompro.com\/index.php\/wp-json\/wp\/v2\/product\/14114","targetHints":{"allow":["GET"]}}],"collection":[{"href":"https:\/\/www.technodompro.com\/index.php\/wp-json\/wp\/v2\/product"}],"about":[{"href":"https:\/\/www.technodompro.com\/index.php\/wp-json\/wp\/v2\/types\/product"}],"replies":[{"embeddable":true,"href":"https:\/\/www.technodompro.com\/index.php\/wp-json\/wp\/v2\/comments?post=14114"}],"wp:featuredmedia":[{"embeddable":true,"href":"https:\/\/www.technodompro.com\/index.php\/wp-json\/wp\/v2\/media\/14214"}],"wp:attachment":[{"href":"https:\/\/www.technodompro.com\/index.php\/wp-json\/wp\/v2\/media?parent=14114"}],"wp:term":[{"taxonomy":"product_brand","embeddable":true,"href":"https:\/\/www.technodompro.com\/index.php\/wp-json\/wp\/v2\/product_brand?post=14114"},{"taxonomy":"product_cat","embeddable":true,"href":"https:\/\/www.technodompro.com\/index.php\/wp-json\/wp\/v2\/product_cat?post=14114"},{"taxonomy":"product_tag","embeddable":true,"href":"https:\/\/www.technodompro.com\/index.php\/wp-json\/wp\/v2\/product_tag?post=14114"}],"curies":[{"name":"wp","href":"https:\/\/api.w.org\/{rel}","templated":true}]}}