{"id":14120,"date":"2026-04-27T04:41:04","date_gmt":"2026-04-27T04:41:04","guid":{"rendered":""},"modified":"2026-04-27T04:41:04","modified_gmt":"2026-04-27T04:41:04","slug":"regulus-ventil-tricestny-zonovy-kulovy-1-f-vzk-s-s-pohonem-dvoupolovy-vrtani-do-t-sezonni-sleva-14120","status":"publish","type":"product","link":"https:\/\/www.technodompro.com\/index.php\/produkt\/regulus-ventil-tricestny-zonovy-kulovy-1-f-vzk-s-s-pohonem-dvoupolovy-vrtani-do-t-sezonni-sleva-14120\/","title":{"rendered":"Regulus Ventil t\u0159\u00edcestn\u00fd z\u00f3nov\u00fd kulov\u00fd 1\u201c F VZK-S s pohonem, dvoup\u00f3lov\u00fd, vrt\u00e1n\u00ed do T Sez\u00f3nn\u00ed Sleva"},"content":{"rendered":"<div class=\"ProductDetail-content NoFixImageContainer\" id=\"productDescription\">\n<div class=\"Heading\">\n<h2 class=\"Heading-title\">Popis produktu <span class=''>Regulus Ventil t\u0159\u00edcestn\u00fd z\u00f3nov\u00fd kulov\u00fd 1\u201c F VZK-S s pohonem, dvoup\u00f3lov\u00fd, vrt\u00e1n\u00ed do T<\/span><\/h2>\n<\/p><\/div>\n<div class=\"ProductDetailContent\">\n<p><span style=\"font-size:16px\"><span style=\"color:#2e2d30; font-family:open sans,sans-serif\">Z\u00f3nov\u00fd ventil kulov\u00fd do otopn\u00fdch nebo sol\u00e1rn\u00edch syst\u00e9m\u016f s&nbsp;vodou nebo s&nbsp;nemrznouc\u00ed sm\u011bs\u00ed a do syst\u00e9m\u016f s&nbsp;pitnou vodou. Ventil je vybaven pohonem s&nbsp;dvoup\u00f3lov\u00fdm ovl\u00e1d\u00e1n\u00edm. Pohon lze sejmout bez nutnosti demont\u00e1\u017ee ventilu. Po p\u0159iveden\u00ed nap\u011bt\u00ed na hn\u011bd\u00fd vodi\u010d se pohon ot\u00e1\u010d\u00ed po sm\u011bru hodinov\u00fdch ru\u010di\u010dek (otev\u00edr\u00e1 se cesta A-AB), po p\u0159iveden\u00ed nap\u011bt\u00ed na \u010dern\u00fd vodi\u010d se pohon ot\u00e1\u010d\u00ed proti sm\u011bru hodinov\u00fdch ru\u010di\u010dek (otev\u00edr\u00e1 se cesta B-AB), ve stavu bez nap\u011bt\u00ed z\u016fstane pohon v&nbsp;dan\u00e9 poloze. Doba otev\u00edr\u00e1n\u00ed je 48 s.<\/span><\/span><\/p>\n<h3><span style=\"font-size:18px\">Technick\u00e9 \u00fadaje<\/span><\/h3>\n<ul>\n<li><span style=\"font-size:16px\">MAX. PRACOVN\u00cd TLAK 16 bar<\/span><\/li>\n<li><span style=\"font-size:16px\">PRACOVN\u00cd TEPLOTA KAPALINY a\u017e 110 \u00b0C <\/span><\/li>\n<\/ul>\n<p><span style=\"font-size:16px\"><strong>MATERI\u00c1LY <\/strong><\/span><\/p>\n<ul>\n<li><span style=\"font-size:16px\">T\u011aLO VENTILU mosazn\u00e9, kovan\u00e9, poniklovan\u00e9<\/span><\/li>\n<li><span style=\"font-size:16px\">V\u0158ETENO VENTILU poniklovan\u00e1 mosaz <\/span><\/li>\n<li><span style=\"font-size:16px\">KOULE VENTILU chromovan\u00e1 mosaz<\/span><\/li>\n<li><span style=\"font-size:16px\">O-KROU\u017dEK FPM <\/span><\/li>\n<li><span style=\"font-size:16px\">P\u0158\u00cdVODN\u00cd KABEL PVC 2m<\/span><\/li>\n<\/ul>\n<p><span style=\"font-size:16px\"><strong>POHON <\/strong><\/span><\/p>\n<ul>\n<li><span style=\"font-size:16px\">NAP\u00c1JEC\u00cd NAP\u011aT\u00cd 230 V 50 Hz<\/span><\/li>\n<li><span style=\"font-size:16px\">P\u0158\u00cdKON 6 W PROUD 30 mA<\/span><\/li>\n<li><span style=\"font-size:16px\">KRYT\u00cd DLE \u010cSN EN 60529 IP 44 <\/span><\/li>\n<li><span style=\"font-size:16px\">OCHRANN\u00c1 T\u0158\u00cdDA DLE \u010cSN EN 61140 ed.2 II<\/span><\/li>\n<\/ul>\n<p><span style=\"font-size:16px\">Ka\u017ed\u00fd ventil je vybaven koncov\u00fdm mikrosp\u00edna\u010dem s bezpotenci\u00e1lov\u00fdm kontaktem.<\/span><\/p>\n<\/p><\/div>\n<div class=\"ProductDetailContent\">                                                                    <\/div>\n<\/p><\/div>\n<\/p><\/div>\n<\/p><\/div>\n","protected":false},"excerpt":{"rendered":"<p>Popis produktu Regulus Ventil t\u0159\u00edcestn\u00fd z\u00f3nov\u00fd kulov\u00fd 1\u201c F VZK-S s pohonem, dvoup\u00f3lov\u00fd, vrt\u00e1n\u00ed do T Z\u00f3nov\u00fd ventil kulov\u00fd do otopn\u00fdch nebo sol\u00e1rn\u00edch syst\u00e9m\u016f s&nbsp;vodou nebo s&nbsp;nemrznouc\u00ed sm\u011bs\u00ed a do syst\u00e9m\u016f s&nbsp;pitnou vodou. Ventil je vybaven pohonem s&nbsp;dvoup\u00f3lov\u00fdm ovl\u00e1d\u00e1n\u00edm. Pohon lze sejmout bez nutnosti demont\u00e1\u017ee ventilu. Po p\u0159iveden\u00ed nap\u011bt\u00ed na hn\u011bd\u00fd vodi\u010d se pohon ot\u00e1\u010d\u00ed [&hellip;]<\/p>\n","protected":false},"featured_media":14220,"comment_status":"open","ping_status":"open","template":"","meta":[],"product_brand":[],"product_cat":[73],"product_tag":[],"class_list":{"0":"post-14120","1":"product","2":"type-product","3":"status-publish","4":"has-post-thumbnail","6":"product_cat-topeni","8":"first","9":"instock","10":"sale","11":"shipping-taxable","12":"purchasable","13":"product-type-simple"},"yoast_head":"<!-- This site is optimized with the Yoast SEO plugin v26.8 - https:\/\/yoast.com\/product\/yoast-seo-wordpress\/ -->\n<title>Regulus Ventil t\u0159\u00edcestn\u00fd z\u00f3nov\u00fd kulov\u00fd 1\u201c F VZK-S s pohonem, dvoup\u00f3lov\u00fd, vrt\u00e1n\u00ed do T Sez\u00f3nn\u00ed Sleva -<\/title>\n<meta name=\"robots\" content=\"index, follow, max-snippet:-1, max-image-preview:large, max-video-preview:-1\" \/>\n<link rel=\"canonical\" href=\"https:\/\/www.technodompro.com\/index.php\/produkt\/regulus-ventil-tricestny-zonovy-kulovy-1-f-vzk-s-s-pohonem-dvoupolovy-vrtani-do-t-sezonni-sleva-14120\/\" \/>\n<meta property=\"og:locale\" content=\"cs_CZ\" \/>\n<meta property=\"og:type\" content=\"article\" \/>\n<meta property=\"og:title\" content=\"Regulus Ventil t\u0159\u00edcestn\u00fd z\u00f3nov\u00fd kulov\u00fd 1\u201c F VZK-S s pohonem, dvoup\u00f3lov\u00fd, vrt\u00e1n\u00ed do T Sez\u00f3nn\u00ed Sleva -\" \/>\n<meta property=\"og:description\" content=\"Popis produktu Regulus Ventil t\u0159\u00edcestn\u00fd z\u00f3nov\u00fd kulov\u00fd 1\u201c F VZK-S s pohonem, dvoup\u00f3lov\u00fd, vrt\u00e1n\u00ed do T Z\u00f3nov\u00fd ventil kulov\u00fd do otopn\u00fdch nebo sol\u00e1rn\u00edch syst\u00e9m\u016f s&nbsp;vodou nebo s&nbsp;nemrznouc\u00ed sm\u011bs\u00ed a do syst\u00e9m\u016f s&nbsp;pitnou vodou. Ventil je vybaven pohonem s&nbsp;dvoup\u00f3lov\u00fdm ovl\u00e1d\u00e1n\u00edm. Pohon lze sejmout bez nutnosti demont\u00e1\u017ee ventilu. Po p\u0159iveden\u00ed nap\u011bt\u00ed na hn\u011bd\u00fd vodi\u010d se pohon ot\u00e1\u010d\u00ed [&hellip;]\" \/>\n<meta property=\"og:url\" content=\"https:\/\/www.technodompro.com\/index.php\/produkt\/regulus-ventil-tricestny-zonovy-kulovy-1-f-vzk-s-s-pohonem-dvoupolovy-vrtani-do-t-sezonni-sleva-14120\/\" \/>\n<meta property=\"og:image\" content=\"https:\/\/www.technodompro.com\/wp-content\/uploads\/2026\/SK0014820-CZ20260425-092632-0-1777080397-regulus-ventil-tricestny-zonovy-kulovy-1-f-vzk-s-s-pohonem-.webp\" \/>\n\t<meta property=\"og:image:width\" content=\"525\" \/>\n\t<meta property=\"og:image:height\" content=\"600\" \/>\n\t<meta property=\"og:image:type\" content=\"image\/webp\" \/>\n<meta name=\"twitter:card\" content=\"summary_large_image\" \/>\n<meta name=\"twitter:label1\" content=\"Odhadovan\u00e1 doba \u010dten\u00ed\" \/>\n\t<meta name=\"twitter:data1\" content=\"1 minuta\" \/>\n<script type=\"application\/ld+json\" class=\"yoast-schema-graph\">{\"@context\":\"https:\/\/schema.org\",\"@graph\":[{\"@type\":\"WebPage\",\"@id\":\"https:\/\/www.technodompro.com\/index.php\/produkt\/regulus-ventil-tricestny-zonovy-kulovy-1-f-vzk-s-s-pohonem-dvoupolovy-vrtani-do-t-sezonni-sleva-14120\/\",\"url\":\"https:\/\/www.technodompro.com\/index.php\/produkt\/regulus-ventil-tricestny-zonovy-kulovy-1-f-vzk-s-s-pohonem-dvoupolovy-vrtani-do-t-sezonni-sleva-14120\/\",\"name\":\"Regulus Ventil t\u0159\u00edcestn\u00fd z\u00f3nov\u00fd kulov\u00fd 1\u201c F VZK-S s pohonem, dvoup\u00f3lov\u00fd, vrt\u00e1n\u00ed do T Sez\u00f3nn\u00ed Sleva -\",\"isPartOf\":{\"@id\":\"https:\/\/www.technodompro.com\/#website\"},\"primaryImageOfPage\":{\"@id\":\"https:\/\/www.technodompro.com\/index.php\/produkt\/regulus-ventil-tricestny-zonovy-kulovy-1-f-vzk-s-s-pohonem-dvoupolovy-vrtani-do-t-sezonni-sleva-14120\/#primaryimage\"},\"image\":{\"@id\":\"https:\/\/www.technodompro.com\/index.php\/produkt\/regulus-ventil-tricestny-zonovy-kulovy-1-f-vzk-s-s-pohonem-dvoupolovy-vrtani-do-t-sezonni-sleva-14120\/#primaryimage\"},\"thumbnailUrl\":\"https:\/\/www.technodompro.com\/wp-content\/uploads\/2026\/SK0014820-CZ20260425-092632-0-1777080397-regulus-ventil-tricestny-zonovy-kulovy-1-f-vzk-s-s-pohonem-.webp\",\"datePublished\":\"2026-04-27T04:41:04+00:00\",\"breadcrumb\":{\"@id\":\"https:\/\/www.technodompro.com\/index.php\/produkt\/regulus-ventil-tricestny-zonovy-kulovy-1-f-vzk-s-s-pohonem-dvoupolovy-vrtani-do-t-sezonni-sleva-14120\/#breadcrumb\"},\"inLanguage\":\"cs\",\"potentialAction\":[{\"@type\":\"ReadAction\",\"target\":[\"https:\/\/www.technodompro.com\/index.php\/produkt\/regulus-ventil-tricestny-zonovy-kulovy-1-f-vzk-s-s-pohonem-dvoupolovy-vrtani-do-t-sezonni-sleva-14120\/\"]}]},{\"@type\":\"ImageObject\",\"inLanguage\":\"cs\",\"@id\":\"https:\/\/www.technodompro.com\/index.php\/produkt\/regulus-ventil-tricestny-zonovy-kulovy-1-f-vzk-s-s-pohonem-dvoupolovy-vrtani-do-t-sezonni-sleva-14120\/#primaryimage\",\"url\":\"https:\/\/www.technodompro.com\/wp-content\/uploads\/2026\/SK0014820-CZ20260425-092632-0-1777080397-regulus-ventil-tricestny-zonovy-kulovy-1-f-vzk-s-s-pohonem-.webp\",\"contentUrl\":\"https:\/\/www.technodompro.com\/wp-content\/uploads\/2026\/SK0014820-CZ20260425-092632-0-1777080397-regulus-ventil-tricestny-zonovy-kulovy-1-f-vzk-s-s-pohonem-.webp\",\"width\":525,\"height\":600},{\"@type\":\"BreadcrumbList\",\"@id\":\"https:\/\/www.technodompro.com\/index.php\/produkt\/regulus-ventil-tricestny-zonovy-kulovy-1-f-vzk-s-s-pohonem-dvoupolovy-vrtani-do-t-sezonni-sleva-14120\/#breadcrumb\",\"itemListElement\":[{\"@type\":\"ListItem\",\"position\":1,\"name\":\"Home\",\"item\":\"https:\/\/www.technodompro.com\/\"},{\"@type\":\"ListItem\",\"position\":2,\"name\":\"Products\",\"item\":\"https:\/\/www.technodompro.com\/index.php\/products\/\"},{\"@type\":\"ListItem\",\"position\":3,\"name\":\"Regulus Ventil t\u0159\u00edcestn\u00fd z\u00f3nov\u00fd kulov\u00fd 1\u201c F VZK-S s pohonem, dvoup\u00f3lov\u00fd, vrt\u00e1n\u00ed do T Sez\u00f3nn\u00ed Sleva\"}]},{\"@type\":\"WebSite\",\"@id\":\"https:\/\/www.technodompro.com\/#website\",\"url\":\"https:\/\/www.technodompro.com\/\",\"name\":\"\",\"description\":\"\",\"potentialAction\":[{\"@type\":\"SearchAction\",\"target\":{\"@type\":\"EntryPoint\",\"urlTemplate\":\"https:\/\/www.technodompro.com\/?s={search_term_string}\"},\"query-input\":{\"@type\":\"PropertyValueSpecification\",\"valueRequired\":true,\"valueName\":\"search_term_string\"}}],\"inLanguage\":\"cs\"}]}<\/script>\n<!-- \/ Yoast SEO plugin. -->","yoast_head_json":{"title":"Regulus Ventil t\u0159\u00edcestn\u00fd z\u00f3nov\u00fd kulov\u00fd 1\u201c F VZK-S s pohonem, dvoup\u00f3lov\u00fd, vrt\u00e1n\u00ed do T Sez\u00f3nn\u00ed Sleva -","robots":{"index":"index","follow":"follow","max-snippet":"max-snippet:-1","max-image-preview":"max-image-preview:large","max-video-preview":"max-video-preview:-1"},"canonical":"https:\/\/www.technodompro.com\/index.php\/produkt\/regulus-ventil-tricestny-zonovy-kulovy-1-f-vzk-s-s-pohonem-dvoupolovy-vrtani-do-t-sezonni-sleva-14120\/","og_locale":"cs_CZ","og_type":"article","og_title":"Regulus Ventil t\u0159\u00edcestn\u00fd z\u00f3nov\u00fd kulov\u00fd 1\u201c F VZK-S s pohonem, dvoup\u00f3lov\u00fd, vrt\u00e1n\u00ed do T Sez\u00f3nn\u00ed Sleva -","og_description":"Popis produktu Regulus Ventil t\u0159\u00edcestn\u00fd z\u00f3nov\u00fd kulov\u00fd 1\u201c F VZK-S s pohonem, dvoup\u00f3lov\u00fd, vrt\u00e1n\u00ed do T Z\u00f3nov\u00fd ventil kulov\u00fd do otopn\u00fdch nebo sol\u00e1rn\u00edch syst\u00e9m\u016f s&nbsp;vodou nebo s&nbsp;nemrznouc\u00ed sm\u011bs\u00ed a do syst\u00e9m\u016f s&nbsp;pitnou vodou. Ventil je vybaven pohonem s&nbsp;dvoup\u00f3lov\u00fdm ovl\u00e1d\u00e1n\u00edm. Pohon lze sejmout bez nutnosti demont\u00e1\u017ee ventilu. Po p\u0159iveden\u00ed nap\u011bt\u00ed na hn\u011bd\u00fd vodi\u010d se pohon ot\u00e1\u010d\u00ed [&hellip;]","og_url":"https:\/\/www.technodompro.com\/index.php\/produkt\/regulus-ventil-tricestny-zonovy-kulovy-1-f-vzk-s-s-pohonem-dvoupolovy-vrtani-do-t-sezonni-sleva-14120\/","og_image":[{"width":525,"height":600,"url":"https:\/\/www.technodompro.com\/wp-content\/uploads\/2026\/SK0014820-CZ20260425-092632-0-1777080397-regulus-ventil-tricestny-zonovy-kulovy-1-f-vzk-s-s-pohonem-.webp","type":"image\/webp"}],"twitter_card":"summary_large_image","twitter_misc":{"Odhadovan\u00e1 doba \u010dten\u00ed":"1 minuta"},"schema":{"@context":"https:\/\/schema.org","@graph":[{"@type":"WebPage","@id":"https:\/\/www.technodompro.com\/index.php\/produkt\/regulus-ventil-tricestny-zonovy-kulovy-1-f-vzk-s-s-pohonem-dvoupolovy-vrtani-do-t-sezonni-sleva-14120\/","url":"https:\/\/www.technodompro.com\/index.php\/produkt\/regulus-ventil-tricestny-zonovy-kulovy-1-f-vzk-s-s-pohonem-dvoupolovy-vrtani-do-t-sezonni-sleva-14120\/","name":"Regulus Ventil t\u0159\u00edcestn\u00fd z\u00f3nov\u00fd kulov\u00fd 1\u201c F VZK-S s pohonem, dvoup\u00f3lov\u00fd, vrt\u00e1n\u00ed do T Sez\u00f3nn\u00ed Sleva -","isPartOf":{"@id":"https:\/\/www.technodompro.com\/#website"},"primaryImageOfPage":{"@id":"https:\/\/www.technodompro.com\/index.php\/produkt\/regulus-ventil-tricestny-zonovy-kulovy-1-f-vzk-s-s-pohonem-dvoupolovy-vrtani-do-t-sezonni-sleva-14120\/#primaryimage"},"image":{"@id":"https:\/\/www.technodompro.com\/index.php\/produkt\/regulus-ventil-tricestny-zonovy-kulovy-1-f-vzk-s-s-pohonem-dvoupolovy-vrtani-do-t-sezonni-sleva-14120\/#primaryimage"},"thumbnailUrl":"https:\/\/www.technodompro.com\/wp-content\/uploads\/2026\/SK0014820-CZ20260425-092632-0-1777080397-regulus-ventil-tricestny-zonovy-kulovy-1-f-vzk-s-s-pohonem-.webp","datePublished":"2026-04-27T04:41:04+00:00","breadcrumb":{"@id":"https:\/\/www.technodompro.com\/index.php\/produkt\/regulus-ventil-tricestny-zonovy-kulovy-1-f-vzk-s-s-pohonem-dvoupolovy-vrtani-do-t-sezonni-sleva-14120\/#breadcrumb"},"inLanguage":"cs","potentialAction":[{"@type":"ReadAction","target":["https:\/\/www.technodompro.com\/index.php\/produkt\/regulus-ventil-tricestny-zonovy-kulovy-1-f-vzk-s-s-pohonem-dvoupolovy-vrtani-do-t-sezonni-sleva-14120\/"]}]},{"@type":"ImageObject","inLanguage":"cs","@id":"https:\/\/www.technodompro.com\/index.php\/produkt\/regulus-ventil-tricestny-zonovy-kulovy-1-f-vzk-s-s-pohonem-dvoupolovy-vrtani-do-t-sezonni-sleva-14120\/#primaryimage","url":"https:\/\/www.technodompro.com\/wp-content\/uploads\/2026\/SK0014820-CZ20260425-092632-0-1777080397-regulus-ventil-tricestny-zonovy-kulovy-1-f-vzk-s-s-pohonem-.webp","contentUrl":"https:\/\/www.technodompro.com\/wp-content\/uploads\/2026\/SK0014820-CZ20260425-092632-0-1777080397-regulus-ventil-tricestny-zonovy-kulovy-1-f-vzk-s-s-pohonem-.webp","width":525,"height":600},{"@type":"BreadcrumbList","@id":"https:\/\/www.technodompro.com\/index.php\/produkt\/regulus-ventil-tricestny-zonovy-kulovy-1-f-vzk-s-s-pohonem-dvoupolovy-vrtani-do-t-sezonni-sleva-14120\/#breadcrumb","itemListElement":[{"@type":"ListItem","position":1,"name":"Home","item":"https:\/\/www.technodompro.com\/"},{"@type":"ListItem","position":2,"name":"Products","item":"https:\/\/www.technodompro.com\/index.php\/products\/"},{"@type":"ListItem","position":3,"name":"Regulus Ventil t\u0159\u00edcestn\u00fd z\u00f3nov\u00fd kulov\u00fd 1\u201c F VZK-S s pohonem, dvoup\u00f3lov\u00fd, vrt\u00e1n\u00ed do T Sez\u00f3nn\u00ed Sleva"}]},{"@type":"WebSite","@id":"https:\/\/www.technodompro.com\/#website","url":"https:\/\/www.technodompro.com\/","name":"","description":"","potentialAction":[{"@type":"SearchAction","target":{"@type":"EntryPoint","urlTemplate":"https:\/\/www.technodompro.com\/?s={search_term_string}"},"query-input":{"@type":"PropertyValueSpecification","valueRequired":true,"valueName":"search_term_string"}}],"inLanguage":"cs"}]}},"_links":{"self":[{"href":"https:\/\/www.technodompro.com\/index.php\/wp-json\/wp\/v2\/product\/14120","targetHints":{"allow":["GET"]}}],"collection":[{"href":"https:\/\/www.technodompro.com\/index.php\/wp-json\/wp\/v2\/product"}],"about":[{"href":"https:\/\/www.technodompro.com\/index.php\/wp-json\/wp\/v2\/types\/product"}],"replies":[{"embeddable":true,"href":"https:\/\/www.technodompro.com\/index.php\/wp-json\/wp\/v2\/comments?post=14120"}],"wp:featuredmedia":[{"embeddable":true,"href":"https:\/\/www.technodompro.com\/index.php\/wp-json\/wp\/v2\/media\/14220"}],"wp:attachment":[{"href":"https:\/\/www.technodompro.com\/index.php\/wp-json\/wp\/v2\/media?parent=14120"}],"wp:term":[{"taxonomy":"product_brand","embeddable":true,"href":"https:\/\/www.technodompro.com\/index.php\/wp-json\/wp\/v2\/product_brand?post=14120"},{"taxonomy":"product_cat","embeddable":true,"href":"https:\/\/www.technodompro.com\/index.php\/wp-json\/wp\/v2\/product_cat?post=14120"},{"taxonomy":"product_tag","embeddable":true,"href":"https:\/\/www.technodompro.com\/index.php\/wp-json\/wp\/v2\/product_tag?post=14120"}],"curies":[{"name":"wp","href":"https:\/\/api.w.org\/{rel}","templated":true}]}}