{"id":14121,"date":"2026-04-27T04:41:04","date_gmt":"2026-04-27T04:41:04","guid":{"rendered":""},"modified":"2026-04-27T04:41:04","modified_gmt":"2026-04-27T04:41:04","slug":"novinka-faber-tlumic-hluku-flexibilni-104-cm-14121","status":"publish","type":"product","link":"https:\/\/www.technodompro.com\/index.php\/produkt\/novinka-faber-tlumic-hluku-flexibilni-104-cm-14121\/","title":{"rendered":"Novinka Faber Tlumi\u010d hluku flexibiln\u00ed 104 cm"},"content":{"rendered":"<div class=\"ProductDetail-content NoFixImageContainer\" id=\"productDescription\">\n<div class=\"Heading\">\n<h2 class=\"Heading-title\">Popis produktu <span class=''>Faber Tlumi\u010d hluku flexibiln\u00ed 104 cm<\/span><\/h2>\n<\/p><\/div>\n<div class=\"ProductDetailContent\">                                                                    <\/div>\n<div class=\"ProductDetailContent\">\n<div class=\"ProductDetailContent-item\">\n<p>Flexibiln\u00ed tlumi\u010d hluku zahrnuje vnit\u0159n\u00ed textiln\u00ed potrub\u00ed a vn\u011bj\u0161\u00ed potrub\u00ed, mezi nimi\u017e je zvukot\u011bsn\u00e1 vrstva z miner\u00e1ln\u00ed vlny o tlou\u0161\u0165ce 25 mmm lemovan\u00e1 hlin\u00edkem a polyesterem. <\/p>\n<p>Potrub\u00ed je zakon\u010deno hrdly pr\u016fm\u011bru 150 mm s bezpe\u010dn\u00fdmi hranami.<\/p>\n<p>Tlumi\u010d je schopen sn\u00ed\u017eit hladinu hluku a\u017e o 20 dB(A). Je ohebn\u00fd, m\u016f\u017ee proto v potrub\u00ed nahradit ohyb \u2013 koleno. <\/p>\n<p>Teplotn\u00ed rozsah: -20 a\u017e +140\u00b0C.<\/p>\n<p>D\u016fle\u017eit\u00e9: Doporu\u010dujeme hrdlo tlumi\u010de napojen\u00e9 na potrub\u00ed zajistit lep\u00edc\u00ed p\u00e1skou.<\/p>\n<\/p><\/div>\n<div class=\"ProductDetailContent-item\">\n<ul>\n<li>n\u00e1zev: <strong>Tlumi\u010d hluku flexibiln\u00ed 150\/25\/1000 mm<\/strong><\/li>\n<li>z\u00e1ruka: <strong> let<\/strong><\/li>\n<li>hmotnost: <strong>1.0 kg<\/strong><\/li>\n<\/ul>\n<p><strong>Rozm\u011bry balen\u00ed<\/strong><\/p>\n<ul>\n<li>Hmotnost boxu: <strong>1.0 kg<\/strong><\/li>\n<li>V\u00fd\u0161ka boxu: <strong>300 mm<\/strong><\/li>\n<li>\u0160\u00ed\u0159ka boxu <strong>300 mm<\/strong><\/li>\n<\/ul><\/div>\n<\/p><\/div>\n<\/p><\/div>\n<\/p><\/div>\n<\/p><\/div>\n","protected":false},"excerpt":{"rendered":"<p>Popis produktu Faber Tlumi\u010d hluku flexibiln\u00ed 104 cm Flexibiln\u00ed tlumi\u010d hluku zahrnuje vnit\u0159n\u00ed textiln\u00ed potrub\u00ed a vn\u011bj\u0161\u00ed potrub\u00ed, mezi nimi\u017e je zvukot\u011bsn\u00e1 vrstva z miner\u00e1ln\u00ed vlny o tlou\u0161\u0165ce 25 mmm lemovan\u00e1 hlin\u00edkem a polyesterem. Potrub\u00ed je zakon\u010deno hrdly pr\u016fm\u011bru 150 mm s bezpe\u010dn\u00fdmi hranami. Tlumi\u010d je schopen sn\u00ed\u017eit hladinu hluku a\u017e o 20 dB(A). Je [&hellip;]<\/p>\n","protected":false},"featured_media":14221,"comment_status":"open","ping_status":"open","template":"","meta":[],"product_brand":[],"product_cat":[74],"product_tag":[],"class_list":{"0":"post-14121","1":"product","2":"type-product","3":"status-publish","4":"has-post-thumbnail","6":"product_cat-rekuperace-vzduchu-a-vody-vetrani","8":"first","9":"instock","10":"sale","11":"shipping-taxable","12":"purchasable","13":"product-type-simple"},"yoast_head":"<!-- This site is optimized with the Yoast SEO plugin v26.8 - https:\/\/yoast.com\/product\/yoast-seo-wordpress\/ -->\n<title>Novinka Faber Tlumi\u010d hluku flexibiln\u00ed 104 cm -<\/title>\n<meta name=\"robots\" content=\"index, follow, max-snippet:-1, max-image-preview:large, max-video-preview:-1\" \/>\n<link rel=\"canonical\" href=\"https:\/\/www.technodompro.com\/index.php\/produkt\/novinka-faber-tlumic-hluku-flexibilni-104-cm-14121\/\" \/>\n<meta property=\"og:locale\" content=\"cs_CZ\" \/>\n<meta property=\"og:type\" content=\"article\" \/>\n<meta property=\"og:title\" content=\"Novinka Faber Tlumi\u010d hluku flexibiln\u00ed 104 cm -\" \/>\n<meta property=\"og:description\" content=\"Popis produktu Faber Tlumi\u010d hluku flexibiln\u00ed 104 cm Flexibiln\u00ed tlumi\u010d hluku zahrnuje vnit\u0159n\u00ed textiln\u00ed potrub\u00ed a vn\u011bj\u0161\u00ed potrub\u00ed, mezi nimi\u017e je zvukot\u011bsn\u00e1 vrstva z miner\u00e1ln\u00ed vlny o tlou\u0161\u0165ce 25 mmm lemovan\u00e1 hlin\u00edkem a polyesterem. Potrub\u00ed je zakon\u010deno hrdly pr\u016fm\u011bru 150 mm s bezpe\u010dn\u00fdmi hranami. Tlumi\u010d je schopen sn\u00ed\u017eit hladinu hluku a\u017e o 20 dB(A). Je [&hellip;]\" \/>\n<meta property=\"og:url\" content=\"https:\/\/www.technodompro.com\/index.php\/produkt\/novinka-faber-tlumic-hluku-flexibilni-104-cm-14121\/\" \/>\n<meta property=\"og:image\" content=\"https:\/\/www.technodompro.com\/wp-content\/uploads\/2026\/SK0014821-CZ20260425-092632-0-1777080397-faber-tlumic-hluku-flexibilni-104-cm-503478.webp\" \/>\n\t<meta property=\"og:image:width\" content=\"600\" \/>\n\t<meta property=\"og:image:height\" content=\"600\" \/>\n\t<meta property=\"og:image:type\" content=\"image\/webp\" \/>\n<meta name=\"twitter:card\" content=\"summary_large_image\" \/>\n<meta name=\"twitter:label1\" content=\"Odhadovan\u00e1 doba \u010dten\u00ed\" \/>\n\t<meta name=\"twitter:data1\" content=\"1 minuta\" \/>\n<script type=\"application\/ld+json\" class=\"yoast-schema-graph\">{\"@context\":\"https:\/\/schema.org\",\"@graph\":[{\"@type\":\"WebPage\",\"@id\":\"https:\/\/www.technodompro.com\/index.php\/produkt\/novinka-faber-tlumic-hluku-flexibilni-104-cm-14121\/\",\"url\":\"https:\/\/www.technodompro.com\/index.php\/produkt\/novinka-faber-tlumic-hluku-flexibilni-104-cm-14121\/\",\"name\":\"Novinka Faber Tlumi\u010d hluku flexibiln\u00ed 104 cm -\",\"isPartOf\":{\"@id\":\"https:\/\/www.technodompro.com\/#website\"},\"primaryImageOfPage\":{\"@id\":\"https:\/\/www.technodompro.com\/index.php\/produkt\/novinka-faber-tlumic-hluku-flexibilni-104-cm-14121\/#primaryimage\"},\"image\":{\"@id\":\"https:\/\/www.technodompro.com\/index.php\/produkt\/novinka-faber-tlumic-hluku-flexibilni-104-cm-14121\/#primaryimage\"},\"thumbnailUrl\":\"https:\/\/www.technodompro.com\/wp-content\/uploads\/2026\/SK0014821-CZ20260425-092632-0-1777080397-faber-tlumic-hluku-flexibilni-104-cm-503478.webp\",\"datePublished\":\"2026-04-27T04:41:04+00:00\",\"breadcrumb\":{\"@id\":\"https:\/\/www.technodompro.com\/index.php\/produkt\/novinka-faber-tlumic-hluku-flexibilni-104-cm-14121\/#breadcrumb\"},\"inLanguage\":\"cs\",\"potentialAction\":[{\"@type\":\"ReadAction\",\"target\":[\"https:\/\/www.technodompro.com\/index.php\/produkt\/novinka-faber-tlumic-hluku-flexibilni-104-cm-14121\/\"]}]},{\"@type\":\"ImageObject\",\"inLanguage\":\"cs\",\"@id\":\"https:\/\/www.technodompro.com\/index.php\/produkt\/novinka-faber-tlumic-hluku-flexibilni-104-cm-14121\/#primaryimage\",\"url\":\"https:\/\/www.technodompro.com\/wp-content\/uploads\/2026\/SK0014821-CZ20260425-092632-0-1777080397-faber-tlumic-hluku-flexibilni-104-cm-503478.webp\",\"contentUrl\":\"https:\/\/www.technodompro.com\/wp-content\/uploads\/2026\/SK0014821-CZ20260425-092632-0-1777080397-faber-tlumic-hluku-flexibilni-104-cm-503478.webp\",\"width\":600,\"height\":600},{\"@type\":\"BreadcrumbList\",\"@id\":\"https:\/\/www.technodompro.com\/index.php\/produkt\/novinka-faber-tlumic-hluku-flexibilni-104-cm-14121\/#breadcrumb\",\"itemListElement\":[{\"@type\":\"ListItem\",\"position\":1,\"name\":\"Home\",\"item\":\"https:\/\/www.technodompro.com\/\"},{\"@type\":\"ListItem\",\"position\":2,\"name\":\"Products\",\"item\":\"https:\/\/www.technodompro.com\/index.php\/products\/\"},{\"@type\":\"ListItem\",\"position\":3,\"name\":\"Novinka Faber Tlumi\u010d hluku flexibiln\u00ed 104 cm\"}]},{\"@type\":\"WebSite\",\"@id\":\"https:\/\/www.technodompro.com\/#website\",\"url\":\"https:\/\/www.technodompro.com\/\",\"name\":\"\",\"description\":\"\",\"potentialAction\":[{\"@type\":\"SearchAction\",\"target\":{\"@type\":\"EntryPoint\",\"urlTemplate\":\"https:\/\/www.technodompro.com\/?s={search_term_string}\"},\"query-input\":{\"@type\":\"PropertyValueSpecification\",\"valueRequired\":true,\"valueName\":\"search_term_string\"}}],\"inLanguage\":\"cs\"}]}<\/script>\n<!-- \/ Yoast SEO plugin. -->","yoast_head_json":{"title":"Novinka Faber Tlumi\u010d hluku flexibiln\u00ed 104 cm -","robots":{"index":"index","follow":"follow","max-snippet":"max-snippet:-1","max-image-preview":"max-image-preview:large","max-video-preview":"max-video-preview:-1"},"canonical":"https:\/\/www.technodompro.com\/index.php\/produkt\/novinka-faber-tlumic-hluku-flexibilni-104-cm-14121\/","og_locale":"cs_CZ","og_type":"article","og_title":"Novinka Faber Tlumi\u010d hluku flexibiln\u00ed 104 cm -","og_description":"Popis produktu Faber Tlumi\u010d hluku flexibiln\u00ed 104 cm Flexibiln\u00ed tlumi\u010d hluku zahrnuje vnit\u0159n\u00ed textiln\u00ed potrub\u00ed a vn\u011bj\u0161\u00ed potrub\u00ed, mezi nimi\u017e je zvukot\u011bsn\u00e1 vrstva z miner\u00e1ln\u00ed vlny o tlou\u0161\u0165ce 25 mmm lemovan\u00e1 hlin\u00edkem a polyesterem. Potrub\u00ed je zakon\u010deno hrdly pr\u016fm\u011bru 150 mm s bezpe\u010dn\u00fdmi hranami. Tlumi\u010d je schopen sn\u00ed\u017eit hladinu hluku a\u017e o 20 dB(A). Je [&hellip;]","og_url":"https:\/\/www.technodompro.com\/index.php\/produkt\/novinka-faber-tlumic-hluku-flexibilni-104-cm-14121\/","og_image":[{"width":600,"height":600,"url":"https:\/\/www.technodompro.com\/wp-content\/uploads\/2026\/SK0014821-CZ20260425-092632-0-1777080397-faber-tlumic-hluku-flexibilni-104-cm-503478.webp","type":"image\/webp"}],"twitter_card":"summary_large_image","twitter_misc":{"Odhadovan\u00e1 doba \u010dten\u00ed":"1 minuta"},"schema":{"@context":"https:\/\/schema.org","@graph":[{"@type":"WebPage","@id":"https:\/\/www.technodompro.com\/index.php\/produkt\/novinka-faber-tlumic-hluku-flexibilni-104-cm-14121\/","url":"https:\/\/www.technodompro.com\/index.php\/produkt\/novinka-faber-tlumic-hluku-flexibilni-104-cm-14121\/","name":"Novinka Faber Tlumi\u010d hluku flexibiln\u00ed 104 cm -","isPartOf":{"@id":"https:\/\/www.technodompro.com\/#website"},"primaryImageOfPage":{"@id":"https:\/\/www.technodompro.com\/index.php\/produkt\/novinka-faber-tlumic-hluku-flexibilni-104-cm-14121\/#primaryimage"},"image":{"@id":"https:\/\/www.technodompro.com\/index.php\/produkt\/novinka-faber-tlumic-hluku-flexibilni-104-cm-14121\/#primaryimage"},"thumbnailUrl":"https:\/\/www.technodompro.com\/wp-content\/uploads\/2026\/SK0014821-CZ20260425-092632-0-1777080397-faber-tlumic-hluku-flexibilni-104-cm-503478.webp","datePublished":"2026-04-27T04:41:04+00:00","breadcrumb":{"@id":"https:\/\/www.technodompro.com\/index.php\/produkt\/novinka-faber-tlumic-hluku-flexibilni-104-cm-14121\/#breadcrumb"},"inLanguage":"cs","potentialAction":[{"@type":"ReadAction","target":["https:\/\/www.technodompro.com\/index.php\/produkt\/novinka-faber-tlumic-hluku-flexibilni-104-cm-14121\/"]}]},{"@type":"ImageObject","inLanguage":"cs","@id":"https:\/\/www.technodompro.com\/index.php\/produkt\/novinka-faber-tlumic-hluku-flexibilni-104-cm-14121\/#primaryimage","url":"https:\/\/www.technodompro.com\/wp-content\/uploads\/2026\/SK0014821-CZ20260425-092632-0-1777080397-faber-tlumic-hluku-flexibilni-104-cm-503478.webp","contentUrl":"https:\/\/www.technodompro.com\/wp-content\/uploads\/2026\/SK0014821-CZ20260425-092632-0-1777080397-faber-tlumic-hluku-flexibilni-104-cm-503478.webp","width":600,"height":600},{"@type":"BreadcrumbList","@id":"https:\/\/www.technodompro.com\/index.php\/produkt\/novinka-faber-tlumic-hluku-flexibilni-104-cm-14121\/#breadcrumb","itemListElement":[{"@type":"ListItem","position":1,"name":"Home","item":"https:\/\/www.technodompro.com\/"},{"@type":"ListItem","position":2,"name":"Products","item":"https:\/\/www.technodompro.com\/index.php\/products\/"},{"@type":"ListItem","position":3,"name":"Novinka Faber Tlumi\u010d hluku flexibiln\u00ed 104 cm"}]},{"@type":"WebSite","@id":"https:\/\/www.technodompro.com\/#website","url":"https:\/\/www.technodompro.com\/","name":"","description":"","potentialAction":[{"@type":"SearchAction","target":{"@type":"EntryPoint","urlTemplate":"https:\/\/www.technodompro.com\/?s={search_term_string}"},"query-input":{"@type":"PropertyValueSpecification","valueRequired":true,"valueName":"search_term_string"}}],"inLanguage":"cs"}]}},"_links":{"self":[{"href":"https:\/\/www.technodompro.com\/index.php\/wp-json\/wp\/v2\/product\/14121","targetHints":{"allow":["GET"]}}],"collection":[{"href":"https:\/\/www.technodompro.com\/index.php\/wp-json\/wp\/v2\/product"}],"about":[{"href":"https:\/\/www.technodompro.com\/index.php\/wp-json\/wp\/v2\/types\/product"}],"replies":[{"embeddable":true,"href":"https:\/\/www.technodompro.com\/index.php\/wp-json\/wp\/v2\/comments?post=14121"}],"wp:featuredmedia":[{"embeddable":true,"href":"https:\/\/www.technodompro.com\/index.php\/wp-json\/wp\/v2\/media\/14221"}],"wp:attachment":[{"href":"https:\/\/www.technodompro.com\/index.php\/wp-json\/wp\/v2\/media?parent=14121"}],"wp:term":[{"taxonomy":"product_brand","embeddable":true,"href":"https:\/\/www.technodompro.com\/index.php\/wp-json\/wp\/v2\/product_brand?post=14121"},{"taxonomy":"product_cat","embeddable":true,"href":"https:\/\/www.technodompro.com\/index.php\/wp-json\/wp\/v2\/product_cat?post=14121"},{"taxonomy":"product_tag","embeddable":true,"href":"https:\/\/www.technodompro.com\/index.php\/wp-json\/wp\/v2\/product_tag?post=14121"}],"curies":[{"name":"wp","href":"https:\/\/api.w.org\/{rel}","templated":true}]}}