{"id":14137,"date":"2026-04-27T04:41:04","date_gmt":"2026-04-27T04:41:04","guid":{"rendered":""},"modified":"2026-04-27T04:41:04","modified_gmt":"2026-04-27T04:41:04","slug":"znackovy-mereo-dita-nastenna-sprchova-batere-150-mm-se-sprchovou-soupravou-rucni-a-talirovou-sprchou-220x220mm-14137","status":"publish","type":"product","link":"https:\/\/www.technodompro.com\/index.php\/produkt\/znackovy-mereo-dita-nastenna-sprchova-batere-150-mm-se-sprchovou-soupravou-rucni-a-talirovou-sprchou-220x220mm-14137\/","title":{"rendered":"Zna\u010dkov\u00fd Mereo Dita N\u00e1st\u011bnn\u00e1 sprchov\u00e1 batere 150 mm se sprchovou soupravou ru\u010dn\u00ed a tal\u00ed\u0159ovou sprchou 220x220mm"},"content":{"rendered":"<div class=\"ProductDetail-content NoFixImageContainer\" id=\"productDescription\">\n<div class=\"Heading\">\n<h2 class=\"Heading-title\">Popis produktu <span class=''>Mereo Dita N\u00e1st\u011bnn\u00e1 sprchov\u00e1 batere 150 mm se sprchovou soupravou ru\u010dn\u00ed a tal\u00ed\u0159ovou sprchou 220x220mm<\/span><\/h2>\n<\/p><\/div>\n<div class=\"ProductDetailContent\">                                                                    <\/div>\n<div class=\"ProductDetailContent\">\n<div class=\"ProductDetailContent-item\">                                            Sprchov\u00fd set obsahuje baterii se sprchovou soupravou, jednopolohovou ru\u010dn\u00ed a hranatou tal\u00ed\u0159ovou sprchou. Sprcha je osazena standardn\u00edm z\u00e1vitem 1\/2&#8243; pro p\u0159ipojen\u00ed na sprchovou hadici. Sou\u010d\u00e1st\u00ed je tak\u00e9 \u0161edost\u0159\u00edbrn\u00e1 p\u0159ipojovac\u00ed hadice o d\u00e9lce 150 cm.<\/p>\n<p>Nov\u00e1 s\u00e9rie Dita zaujme na prvn\u00ed pohled robustn\u00ed konstrukc\u00ed a sv\u00fdm prvot\u0159\u00eddn\u00edm designem. Kvalitn\u00ed materi\u00e1ly zaru\u010duj\u00ed spolehlivost a dlouhou \u017eivotnost t\u011bchto bateri\u00ed. Baterie dod\u00e1v\u00e1me s rozte\u010d\u00ed 150 mm.<\/p>\n<p>&#8211; 10 let z\u00e1ruka na baterii<br \/>&#8211; servis vodovodn\u00edch bateri\u00ed zaji\u0161t\u011bn\u00fd v r\u00e1mci \u010cR a SR<\/p>\n<p>Tal\u00ed\u0159ov\u00e1 sprcha slim:<br \/>Tal\u00ed\u0159ov\u00e1 hlavov\u00e1 sprcha o pr\u016fm\u011bru 225&#215;225 mm se vyzna\u010duje modern\u00edm designem, vysokou variabilitou a p\u0159edev\u0161\u00edm umo\u017e\u0148uje t\u00e9m\u011b\u0159 libovolnou kombinaci s p\u0159\u00edslu\u0161enstv\u00edm sprchov\u00e9ho programu. Sou\u010d\u00e1st\u00ed je tak\u00e9 v\u00fdkyvn\u00fd kloub.<\/p>\n<p>Funkce sprchy:<br \/>&#8211; fast clean: syst\u00e9m snadn\u00e9ho o\u010di\u0161t\u011bn\u00ed od usazenin vodn\u00edho kamene<br \/>&#8211; v\u00fdkyvn\u00fd kloub<br \/>&#8211; spray<\/p>\n<p>Ru\u010dn\u00ed Hlavov\u00e1 sprcha:<br \/>Jednopolohov\u00e1 sprchov\u00e1 hlavice se vyzna\u010duje modern\u00edm designem, vysokou variabilitou a p\u0159edev\u0161\u00edm umo\u017e\u0148uje t\u00e9m\u011b\u0159 libovolnou kombinaci s p\u0159\u00edslu\u0161enstv\u00edm sprchov\u00e9ho programu. Sprcha je osazena standardn\u00edm z\u00e1vitem 1\/2&#8243; pro p\u0159ipojen\u00ed na sprchovou hadici.<br \/>                                                                                                                                                                                                                                                                               Funkce sprchy:<br \/>&#8211; fast clean: syst\u00e9mem snadn\u00e9ho o\u010di\u0161t\u011bn\u00ed od usazenin vodn\u00edho kamene<br \/>&#8211; water saver: sprcha je vybavena syst\u00e9mem pro \u00fasporu vody p\u0159i sprchov\u00e1n\u00ed<br \/>&#8211; spray<\/p>\n<p>Sprchov\u00e1 hadice:<br \/>Sprchov\u00e1 \u0161edost\u0159\u00edbrn\u00e1 hadice  v d\u00e9lce 150 cm. Hadice se montuje mezi baterii a sprchovou hlavici.<br \/>&#8211; Anti-twist: syst\u00e9m proti p\u0159ekroucen\u00ed hadice &#8211; pro spr\u00e1vnou funkci p\u0159ipojte del\u0161\u00ed k\u00f3nusovou koncovku na ru\u010dn\u00ed sprchu.                                        <\/div>\n<div class=\"ProductDetailContent-item\">\n<ul>\n<li>Typ: <strong>Sprchov\u00fd set<\/strong><\/li>\n<li>Barva: <strong>\u0160ed\u00e1<\/strong><\/li>\n<li>S\u00e9rie: <strong>Dita<\/strong><\/li>\n<li>Design: <strong>Obl\u00fd \/ Hranat\u00fd<\/strong><\/li>\n<li>Pr\u016fm\u011br: <strong>ty\u010d 25 mm<\/strong><\/li>\n<li>Rozte\u010d: <strong>150 mm<\/strong><\/li>\n<li>Kartu\u0161e: <strong>35 mm<\/strong><\/li>\n<li>Materi\u00e1l: <strong>Pochromovan\u00e1 mosaz<\/strong><\/li>\n<li>Proveden\u00ed: <strong>S bateri\u00ed<\/strong><\/li>\n<li>Typ dr\u017e\u00e1ku: <strong>S kombinovanou ty\u010d\u00ed<\/strong><\/li>\n<li>D\u00e9lka\/V\u00fd\u0161ka: <strong>1240 mm<\/strong><\/li>\n<li>Ovl\u00e1d\u00e1n\u00ed baterie: <strong>P\u00e1kov\u00e1<\/strong><\/li>\n<\/ul><\/div>\n<\/p><\/div>\n<\/p><\/div>\n<\/p><\/div>\n<\/p><\/div>\n","protected":false},"excerpt":{"rendered":"<p>Popis produktu Mereo Dita N\u00e1st\u011bnn\u00e1 sprchov\u00e1 batere 150 mm se sprchovou soupravou ru\u010dn\u00ed a tal\u00ed\u0159ovou sprchou 220x220mm Sprchov\u00fd set obsahuje baterii se sprchovou soupravou, jednopolohovou ru\u010dn\u00ed a hranatou tal\u00ed\u0159ovou sprchou. Sprcha je osazena standardn\u00edm z\u00e1vitem 1\/2&#8243; pro p\u0159ipojen\u00ed na sprchovou hadici. Sou\u010d\u00e1st\u00ed je tak\u00e9 \u0161edost\u0159\u00edbrn\u00e1 p\u0159ipojovac\u00ed hadice o d\u00e9lce 150 cm. Nov\u00e1 s\u00e9rie Dita zaujme [&hellip;]<\/p>\n","protected":false},"featured_media":14237,"comment_status":"open","ping_status":"open","template":"","meta":[],"product_brand":[],"product_cat":[72],"product_tag":[],"class_list":{"0":"post-14137","1":"product","2":"type-product","3":"status-publish","4":"has-post-thumbnail","6":"product_cat-koupelny","8":"first","9":"instock","10":"sale","11":"shipping-taxable","12":"purchasable","13":"product-type-simple"},"yoast_head":"<!-- This site is optimized with the Yoast SEO plugin v26.8 - https:\/\/yoast.com\/product\/yoast-seo-wordpress\/ -->\n<title>Zna\u010dkov\u00fd Mereo Dita N\u00e1st\u011bnn\u00e1 sprchov\u00e1 batere 150 mm se sprchovou soupravou ru\u010dn\u00ed a tal\u00ed\u0159ovou sprchou 220x220mm -<\/title>\n<meta name=\"robots\" content=\"index, follow, max-snippet:-1, max-image-preview:large, max-video-preview:-1\" \/>\n<link rel=\"canonical\" href=\"https:\/\/www.technodompro.com\/index.php\/produkt\/znackovy-mereo-dita-nastenna-sprchova-batere-150-mm-se-sprchovou-soupravou-rucni-a-talirovou-sprchou-220x220mm-14137\/\" \/>\n<meta property=\"og:locale\" content=\"cs_CZ\" \/>\n<meta property=\"og:type\" content=\"article\" \/>\n<meta property=\"og:title\" content=\"Zna\u010dkov\u00fd Mereo Dita N\u00e1st\u011bnn\u00e1 sprchov\u00e1 batere 150 mm se sprchovou soupravou ru\u010dn\u00ed a tal\u00ed\u0159ovou sprchou 220x220mm -\" \/>\n<meta property=\"og:description\" content=\"Popis produktu Mereo Dita N\u00e1st\u011bnn\u00e1 sprchov\u00e1 batere 150 mm se sprchovou soupravou ru\u010dn\u00ed a tal\u00ed\u0159ovou sprchou 220x220mm Sprchov\u00fd set obsahuje baterii se sprchovou soupravou, jednopolohovou ru\u010dn\u00ed a hranatou tal\u00ed\u0159ovou sprchou. Sprcha je osazena standardn\u00edm z\u00e1vitem 1\/2&#8243; pro p\u0159ipojen\u00ed na sprchovou hadici. Sou\u010d\u00e1st\u00ed je tak\u00e9 \u0161edost\u0159\u00edbrn\u00e1 p\u0159ipojovac\u00ed hadice o d\u00e9lce 150 cm. Nov\u00e1 s\u00e9rie Dita zaujme [&hellip;]\" \/>\n<meta property=\"og:url\" content=\"https:\/\/www.technodompro.com\/index.php\/produkt\/znackovy-mereo-dita-nastenna-sprchova-batere-150-mm-se-sprchovou-soupravou-rucni-a-talirovou-sprchou-220x220mm-14137\/\" \/>\n<meta property=\"og:image\" content=\"https:\/\/www.technodompro.com\/wp-content\/uploads\/2026\/SK0014837-CZ20260425-092632-0-1777080397-mereo-dita-nastenna-sprchova-batere-150-mm-se-sprchovou-sou.webp\" \/>\n\t<meta property=\"og:image:width\" content=\"600\" \/>\n\t<meta property=\"og:image:height\" content=\"600\" \/>\n\t<meta property=\"og:image:type\" content=\"image\/webp\" \/>\n<meta name=\"twitter:card\" content=\"summary_large_image\" \/>\n<meta name=\"twitter:label1\" content=\"Odhadovan\u00e1 doba \u010dten\u00ed\" \/>\n\t<meta name=\"twitter:data1\" content=\"2 minuty\" \/>\n<script type=\"application\/ld+json\" class=\"yoast-schema-graph\">{\"@context\":\"https:\/\/schema.org\",\"@graph\":[{\"@type\":\"WebPage\",\"@id\":\"https:\/\/www.technodompro.com\/index.php\/produkt\/znackovy-mereo-dita-nastenna-sprchova-batere-150-mm-se-sprchovou-soupravou-rucni-a-talirovou-sprchou-220x220mm-14137\/\",\"url\":\"https:\/\/www.technodompro.com\/index.php\/produkt\/znackovy-mereo-dita-nastenna-sprchova-batere-150-mm-se-sprchovou-soupravou-rucni-a-talirovou-sprchou-220x220mm-14137\/\",\"name\":\"Zna\u010dkov\u00fd Mereo Dita N\u00e1st\u011bnn\u00e1 sprchov\u00e1 batere 150 mm se sprchovou soupravou ru\u010dn\u00ed a tal\u00ed\u0159ovou sprchou 220x220mm -\",\"isPartOf\":{\"@id\":\"https:\/\/www.technodompro.com\/#website\"},\"primaryImageOfPage\":{\"@id\":\"https:\/\/www.technodompro.com\/index.php\/produkt\/znackovy-mereo-dita-nastenna-sprchova-batere-150-mm-se-sprchovou-soupravou-rucni-a-talirovou-sprchou-220x220mm-14137\/#primaryimage\"},\"image\":{\"@id\":\"https:\/\/www.technodompro.com\/index.php\/produkt\/znackovy-mereo-dita-nastenna-sprchova-batere-150-mm-se-sprchovou-soupravou-rucni-a-talirovou-sprchou-220x220mm-14137\/#primaryimage\"},\"thumbnailUrl\":\"https:\/\/www.technodompro.com\/wp-content\/uploads\/2026\/SK0014837-CZ20260425-092632-0-1777080397-mereo-dita-nastenna-sprchova-batere-150-mm-se-sprchovou-sou.webp\",\"datePublished\":\"2026-04-27T04:41:04+00:00\",\"breadcrumb\":{\"@id\":\"https:\/\/www.technodompro.com\/index.php\/produkt\/znackovy-mereo-dita-nastenna-sprchova-batere-150-mm-se-sprchovou-soupravou-rucni-a-talirovou-sprchou-220x220mm-14137\/#breadcrumb\"},\"inLanguage\":\"cs\",\"potentialAction\":[{\"@type\":\"ReadAction\",\"target\":[\"https:\/\/www.technodompro.com\/index.php\/produkt\/znackovy-mereo-dita-nastenna-sprchova-batere-150-mm-se-sprchovou-soupravou-rucni-a-talirovou-sprchou-220x220mm-14137\/\"]}]},{\"@type\":\"ImageObject\",\"inLanguage\":\"cs\",\"@id\":\"https:\/\/www.technodompro.com\/index.php\/produkt\/znackovy-mereo-dita-nastenna-sprchova-batere-150-mm-se-sprchovou-soupravou-rucni-a-talirovou-sprchou-220x220mm-14137\/#primaryimage\",\"url\":\"https:\/\/www.technodompro.com\/wp-content\/uploads\/2026\/SK0014837-CZ20260425-092632-0-1777080397-mereo-dita-nastenna-sprchova-batere-150-mm-se-sprchovou-sou.webp\",\"contentUrl\":\"https:\/\/www.technodompro.com\/wp-content\/uploads\/2026\/SK0014837-CZ20260425-092632-0-1777080397-mereo-dita-nastenna-sprchova-batere-150-mm-se-sprchovou-sou.webp\",\"width\":600,\"height\":600},{\"@type\":\"BreadcrumbList\",\"@id\":\"https:\/\/www.technodompro.com\/index.php\/produkt\/znackovy-mereo-dita-nastenna-sprchova-batere-150-mm-se-sprchovou-soupravou-rucni-a-talirovou-sprchou-220x220mm-14137\/#breadcrumb\",\"itemListElement\":[{\"@type\":\"ListItem\",\"position\":1,\"name\":\"Home\",\"item\":\"https:\/\/www.technodompro.com\/\"},{\"@type\":\"ListItem\",\"position\":2,\"name\":\"Products\",\"item\":\"https:\/\/www.technodompro.com\/index.php\/products\/\"},{\"@type\":\"ListItem\",\"position\":3,\"name\":\"Zna\u010dkov\u00fd Mereo Dita N\u00e1st\u011bnn\u00e1 sprchov\u00e1 batere 150 mm se sprchovou soupravou ru\u010dn\u00ed a tal\u00ed\u0159ovou sprchou 220x220mm\"}]},{\"@type\":\"WebSite\",\"@id\":\"https:\/\/www.technodompro.com\/#website\",\"url\":\"https:\/\/www.technodompro.com\/\",\"name\":\"\",\"description\":\"\",\"potentialAction\":[{\"@type\":\"SearchAction\",\"target\":{\"@type\":\"EntryPoint\",\"urlTemplate\":\"https:\/\/www.technodompro.com\/?s={search_term_string}\"},\"query-input\":{\"@type\":\"PropertyValueSpecification\",\"valueRequired\":true,\"valueName\":\"search_term_string\"}}],\"inLanguage\":\"cs\"}]}<\/script>\n<!-- \/ Yoast SEO plugin. -->","yoast_head_json":{"title":"Zna\u010dkov\u00fd Mereo Dita N\u00e1st\u011bnn\u00e1 sprchov\u00e1 batere 150 mm se sprchovou soupravou ru\u010dn\u00ed a tal\u00ed\u0159ovou sprchou 220x220mm -","robots":{"index":"index","follow":"follow","max-snippet":"max-snippet:-1","max-image-preview":"max-image-preview:large","max-video-preview":"max-video-preview:-1"},"canonical":"https:\/\/www.technodompro.com\/index.php\/produkt\/znackovy-mereo-dita-nastenna-sprchova-batere-150-mm-se-sprchovou-soupravou-rucni-a-talirovou-sprchou-220x220mm-14137\/","og_locale":"cs_CZ","og_type":"article","og_title":"Zna\u010dkov\u00fd Mereo Dita N\u00e1st\u011bnn\u00e1 sprchov\u00e1 batere 150 mm se sprchovou soupravou ru\u010dn\u00ed a tal\u00ed\u0159ovou sprchou 220x220mm -","og_description":"Popis produktu Mereo Dita N\u00e1st\u011bnn\u00e1 sprchov\u00e1 batere 150 mm se sprchovou soupravou ru\u010dn\u00ed a tal\u00ed\u0159ovou sprchou 220x220mm Sprchov\u00fd set obsahuje baterii se sprchovou soupravou, jednopolohovou ru\u010dn\u00ed a hranatou tal\u00ed\u0159ovou sprchou. Sprcha je osazena standardn\u00edm z\u00e1vitem 1\/2&#8243; pro p\u0159ipojen\u00ed na sprchovou hadici. Sou\u010d\u00e1st\u00ed je tak\u00e9 \u0161edost\u0159\u00edbrn\u00e1 p\u0159ipojovac\u00ed hadice o d\u00e9lce 150 cm. Nov\u00e1 s\u00e9rie Dita zaujme [&hellip;]","og_url":"https:\/\/www.technodompro.com\/index.php\/produkt\/znackovy-mereo-dita-nastenna-sprchova-batere-150-mm-se-sprchovou-soupravou-rucni-a-talirovou-sprchou-220x220mm-14137\/","og_image":[{"width":600,"height":600,"url":"https:\/\/www.technodompro.com\/wp-content\/uploads\/2026\/SK0014837-CZ20260425-092632-0-1777080397-mereo-dita-nastenna-sprchova-batere-150-mm-se-sprchovou-sou.webp","type":"image\/webp"}],"twitter_card":"summary_large_image","twitter_misc":{"Odhadovan\u00e1 doba \u010dten\u00ed":"2 minuty"},"schema":{"@context":"https:\/\/schema.org","@graph":[{"@type":"WebPage","@id":"https:\/\/www.technodompro.com\/index.php\/produkt\/znackovy-mereo-dita-nastenna-sprchova-batere-150-mm-se-sprchovou-soupravou-rucni-a-talirovou-sprchou-220x220mm-14137\/","url":"https:\/\/www.technodompro.com\/index.php\/produkt\/znackovy-mereo-dita-nastenna-sprchova-batere-150-mm-se-sprchovou-soupravou-rucni-a-talirovou-sprchou-220x220mm-14137\/","name":"Zna\u010dkov\u00fd Mereo Dita N\u00e1st\u011bnn\u00e1 sprchov\u00e1 batere 150 mm se sprchovou soupravou ru\u010dn\u00ed a tal\u00ed\u0159ovou sprchou 220x220mm -","isPartOf":{"@id":"https:\/\/www.technodompro.com\/#website"},"primaryImageOfPage":{"@id":"https:\/\/www.technodompro.com\/index.php\/produkt\/znackovy-mereo-dita-nastenna-sprchova-batere-150-mm-se-sprchovou-soupravou-rucni-a-talirovou-sprchou-220x220mm-14137\/#primaryimage"},"image":{"@id":"https:\/\/www.technodompro.com\/index.php\/produkt\/znackovy-mereo-dita-nastenna-sprchova-batere-150-mm-se-sprchovou-soupravou-rucni-a-talirovou-sprchou-220x220mm-14137\/#primaryimage"},"thumbnailUrl":"https:\/\/www.technodompro.com\/wp-content\/uploads\/2026\/SK0014837-CZ20260425-092632-0-1777080397-mereo-dita-nastenna-sprchova-batere-150-mm-se-sprchovou-sou.webp","datePublished":"2026-04-27T04:41:04+00:00","breadcrumb":{"@id":"https:\/\/www.technodompro.com\/index.php\/produkt\/znackovy-mereo-dita-nastenna-sprchova-batere-150-mm-se-sprchovou-soupravou-rucni-a-talirovou-sprchou-220x220mm-14137\/#breadcrumb"},"inLanguage":"cs","potentialAction":[{"@type":"ReadAction","target":["https:\/\/www.technodompro.com\/index.php\/produkt\/znackovy-mereo-dita-nastenna-sprchova-batere-150-mm-se-sprchovou-soupravou-rucni-a-talirovou-sprchou-220x220mm-14137\/"]}]},{"@type":"ImageObject","inLanguage":"cs","@id":"https:\/\/www.technodompro.com\/index.php\/produkt\/znackovy-mereo-dita-nastenna-sprchova-batere-150-mm-se-sprchovou-soupravou-rucni-a-talirovou-sprchou-220x220mm-14137\/#primaryimage","url":"https:\/\/www.technodompro.com\/wp-content\/uploads\/2026\/SK0014837-CZ20260425-092632-0-1777080397-mereo-dita-nastenna-sprchova-batere-150-mm-se-sprchovou-sou.webp","contentUrl":"https:\/\/www.technodompro.com\/wp-content\/uploads\/2026\/SK0014837-CZ20260425-092632-0-1777080397-mereo-dita-nastenna-sprchova-batere-150-mm-se-sprchovou-sou.webp","width":600,"height":600},{"@type":"BreadcrumbList","@id":"https:\/\/www.technodompro.com\/index.php\/produkt\/znackovy-mereo-dita-nastenna-sprchova-batere-150-mm-se-sprchovou-soupravou-rucni-a-talirovou-sprchou-220x220mm-14137\/#breadcrumb","itemListElement":[{"@type":"ListItem","position":1,"name":"Home","item":"https:\/\/www.technodompro.com\/"},{"@type":"ListItem","position":2,"name":"Products","item":"https:\/\/www.technodompro.com\/index.php\/products\/"},{"@type":"ListItem","position":3,"name":"Zna\u010dkov\u00fd Mereo Dita N\u00e1st\u011bnn\u00e1 sprchov\u00e1 batere 150 mm se sprchovou soupravou ru\u010dn\u00ed a tal\u00ed\u0159ovou sprchou 220x220mm"}]},{"@type":"WebSite","@id":"https:\/\/www.technodompro.com\/#website","url":"https:\/\/www.technodompro.com\/","name":"","description":"","potentialAction":[{"@type":"SearchAction","target":{"@type":"EntryPoint","urlTemplate":"https:\/\/www.technodompro.com\/?s={search_term_string}"},"query-input":{"@type":"PropertyValueSpecification","valueRequired":true,"valueName":"search_term_string"}}],"inLanguage":"cs"}]}},"_links":{"self":[{"href":"https:\/\/www.technodompro.com\/index.php\/wp-json\/wp\/v2\/product\/14137","targetHints":{"allow":["GET"]}}],"collection":[{"href":"https:\/\/www.technodompro.com\/index.php\/wp-json\/wp\/v2\/product"}],"about":[{"href":"https:\/\/www.technodompro.com\/index.php\/wp-json\/wp\/v2\/types\/product"}],"replies":[{"embeddable":true,"href":"https:\/\/www.technodompro.com\/index.php\/wp-json\/wp\/v2\/comments?post=14137"}],"wp:featuredmedia":[{"embeddable":true,"href":"https:\/\/www.technodompro.com\/index.php\/wp-json\/wp\/v2\/media\/14237"}],"wp:attachment":[{"href":"https:\/\/www.technodompro.com\/index.php\/wp-json\/wp\/v2\/media?parent=14137"}],"wp:term":[{"taxonomy":"product_brand","embeddable":true,"href":"https:\/\/www.technodompro.com\/index.php\/wp-json\/wp\/v2\/product_brand?post=14137"},{"taxonomy":"product_cat","embeddable":true,"href":"https:\/\/www.technodompro.com\/index.php\/wp-json\/wp\/v2\/product_cat?post=14137"},{"taxonomy":"product_tag","embeddable":true,"href":"https:\/\/www.technodompro.com\/index.php\/wp-json\/wp\/v2\/product_tag?post=14137"}],"curies":[{"name":"wp","href":"https:\/\/api.w.org\/{rel}","templated":true}]}}