{"id":14164,"date":"2026-04-27T04:41:04","date_gmt":"2026-04-27T04:41:04","guid":{"rendered":""},"modified":"2026-04-27T04:41:04","modified_gmt":"2026-04-27T04:41:04","slug":"ihned-k-objednani-trubkove-teleso-korado-koralux-linear-comfort-1220x600mm-650w-bahama-lesk-vyprodej-1ks-14164","status":"publish","type":"product","link":"https:\/\/www.technodompro.com\/index.php\/produkt\/ihned-k-objednani-trubkove-teleso-korado-koralux-linear-comfort-1220x600mm-650w-bahama-lesk-vyprodej-1ks-14164\/","title":{"rendered":"Ihned K Objedn\u00e1n\u00ed Trubkov\u00e9 t\u011bleso Korado Koralux Linear Comfort, 1220x600mm, 650W, bahama lesk &#8211; V\u00ddPRODEJ 1ks"},"content":{"rendered":"<div class=\"ProductDetail-content NoFixImageContainer\" id=\"productDescription\">\n<div class=\"Heading\">\n<h2 class=\"Heading-title\">Popis produktu <span class=''>Trubkov\u00e9 t\u011bleso Korado Koralux Linear Comfort, 1220x600mm, 650W, bahama lesk &#8211; V\u00ddPRODEJ 1ks<\/span><\/h2>\n<\/p><\/div>\n<div class=\"ProductDetailContent\">\n<div>1ks skladem, nov\u00e9 zbo\u017e\u00ed, z\u00e1ruka.<\/div>\n<div>&nbsp;<\/div>\n<p><span style=\"font-size:16px\">\u200bTrubkov\u00e9 otopn\u00e9 t\u011bleso KORALUX LINEAR COMFORT m\u016f\u017ee b\u00fdt vyr\u00e1b\u011bno jako samostatn\u00e9 p\u0159\u00edmotopn\u00e9 elektrick\u00e9 otopn\u00e9 t\u011bleso. Je osazeno elektrick\u00fdm topn\u00fdm t\u011blesem vybaven\u00fdm omezova\u010dem teploty a&nbsp;napln\u011bno nemrznouc\u00ed sm\u011bs\u00ed, co\u017e umo\u017e\u0148uje pou\u017eit\u00ed v&nbsp;objektech s&nbsp;p\u0159edpokl\u00e1dan\u00fdm poklesem teploty do&nbsp;-10\u00b0C.<\/span><\/p>\n<table>\n<tbody>\n<tr>\n<td><span style=\"font-size:16px\">Barva:&nbsp;&nbsp;<\/span><\/td>\n<td><span style=\"font-size:16px\">Bahama<\/span><\/td>\n<\/tr>\n<tr>\n<td><span style=\"font-size:16px\">Hloubka\/d\u00e9lka:&nbsp;&nbsp;<\/span><\/td>\n<td><span style=\"font-size:16px\">35 MM<\/span><\/td>\n<\/tr>\n<tr>\n<td><span style=\"font-size:16px\">\u0160\u00ed\u0159ka:&nbsp;&nbsp;<\/span><\/td>\n<td><span style=\"font-size:16px\">600 MM<\/span><\/td>\n<\/tr>\n<tr>\n<td><span style=\"font-size:16px\">V\u00fd\u0161ka:&nbsp;&nbsp;<\/span><\/td>\n<td><span style=\"font-size:16px\">1220 MM<\/span><\/td>\n<\/tr>\n<tr>\n<td><span style=\"font-size:16px\">Max.teplota (m\u00e9dia, okol\u00ed):&nbsp;&nbsp;<\/span><\/td>\n<td><span style=\"font-size:16px\">110 GC<\/span><\/td>\n<\/tr>\n<tr>\n<td><span style=\"font-size:16px\">Max. provozn\u00ed tlak:&nbsp;&nbsp;<\/span><\/td>\n<td><span style=\"font-size:16px\">10 BAR<\/span><\/td>\n<\/tr>\n<tr>\n<td><span style=\"font-size:16px\">Materi\u00e1l:&nbsp;&nbsp;<\/span><\/td>\n<td><span style=\"font-size:16px\">Ocel<\/span><\/td>\n<\/tr>\n<tr>\n<td><span style=\"font-size:16px\">P\u0159\u00edkon:&nbsp;&nbsp;<\/span><\/td>\n<td><span style=\"font-size:16px\">650 W<\/span><\/td>\n<\/tr>\n<tr>\n<td><span style=\"font-size:16px\">Typ p\u0159ipojen\u00ed:&nbsp;&nbsp;<\/span><\/td>\n<td><span style=\"font-size:16px\">Spodn\u00ed st\u0159edov\u00e9 50 mm<\/span><\/td>\n<\/tr>\n<tr>\n<td><span style=\"font-size:16px\">Uchycen\u00ed:&nbsp;&nbsp;<\/span><\/td>\n<td><span style=\"font-size:16px\">Mont\u00e1\u017en\u00ed sada<\/span><\/td>\n<\/tr>\n<tr>\n<td><span style=\"font-size:16px\">Typ topn\u00e9ho t\u011blesa:&nbsp;&nbsp;<\/span><\/td>\n<td><span style=\"font-size:16px\">Rovn\u00e9<\/span><\/td>\n<\/tr>\n<\/tbody>\n<\/table><\/div>\n<div class=\"ProductDetailContent\">                                                                    <\/div>\n<\/p><\/div>\n<\/p><\/div>\n<\/p><\/div>\n","protected":false},"excerpt":{"rendered":"<p>Popis produktu Trubkov\u00e9 t\u011bleso Korado Koralux Linear Comfort, 1220x600mm, 650W, bahama lesk &#8211; V\u00ddPRODEJ 1ks 1ks skladem, nov\u00e9 zbo\u017e\u00ed, z\u00e1ruka. &nbsp; \u200bTrubkov\u00e9 otopn\u00e9 t\u011bleso KORALUX LINEAR COMFORT m\u016f\u017ee b\u00fdt vyr\u00e1b\u011bno jako samostatn\u00e9 p\u0159\u00edmotopn\u00e9 elektrick\u00e9 otopn\u00e9 t\u011bleso. Je osazeno elektrick\u00fdm topn\u00fdm t\u011blesem vybaven\u00fdm omezova\u010dem teploty a&nbsp;napln\u011bno nemrznouc\u00ed sm\u011bs\u00ed, co\u017e umo\u017e\u0148uje pou\u017eit\u00ed v&nbsp;objektech s&nbsp;p\u0159edpokl\u00e1dan\u00fdm poklesem teploty do&nbsp;-10\u00b0C. [&hellip;]<\/p>\n","protected":false},"featured_media":14264,"comment_status":"open","ping_status":"open","template":"","meta":[],"product_brand":[],"product_cat":[75],"product_tag":[],"class_list":{"0":"post-14164","1":"product","2":"type-product","3":"status-publish","4":"has-post-thumbnail","6":"product_cat-vyprodej","8":"first","9":"instock","10":"sale","11":"shipping-taxable","12":"purchasable","13":"product-type-simple"},"yoast_head":"<!-- This site is optimized with the Yoast SEO plugin v26.8 - https:\/\/yoast.com\/product\/yoast-seo-wordpress\/ -->\n<title>Ihned K Objedn\u00e1n\u00ed Trubkov\u00e9 t\u011bleso Korado Koralux Linear Comfort, 1220x600mm, 650W, bahama lesk - V\u00ddPRODEJ 1ks -<\/title>\n<meta name=\"robots\" content=\"index, follow, max-snippet:-1, max-image-preview:large, max-video-preview:-1\" \/>\n<link rel=\"canonical\" href=\"https:\/\/www.technodompro.com\/index.php\/produkt\/ihned-k-objednani-trubkove-teleso-korado-koralux-linear-comfort-1220x600mm-650w-bahama-lesk-vyprodej-1ks-14164\/\" \/>\n<meta property=\"og:locale\" content=\"cs_CZ\" \/>\n<meta property=\"og:type\" content=\"article\" \/>\n<meta property=\"og:title\" content=\"Ihned K Objedn\u00e1n\u00ed Trubkov\u00e9 t\u011bleso Korado Koralux Linear Comfort, 1220x600mm, 650W, bahama lesk - V\u00ddPRODEJ 1ks -\" \/>\n<meta property=\"og:description\" content=\"Popis produktu Trubkov\u00e9 t\u011bleso Korado Koralux Linear Comfort, 1220x600mm, 650W, bahama lesk &#8211; V\u00ddPRODEJ 1ks 1ks skladem, nov\u00e9 zbo\u017e\u00ed, z\u00e1ruka. &nbsp; \u200bTrubkov\u00e9 otopn\u00e9 t\u011bleso KORALUX LINEAR COMFORT m\u016f\u017ee b\u00fdt vyr\u00e1b\u011bno jako samostatn\u00e9 p\u0159\u00edmotopn\u00e9 elektrick\u00e9 otopn\u00e9 t\u011bleso. Je osazeno elektrick\u00fdm topn\u00fdm t\u011blesem vybaven\u00fdm omezova\u010dem teploty a&nbsp;napln\u011bno nemrznouc\u00ed sm\u011bs\u00ed, co\u017e umo\u017e\u0148uje pou\u017eit\u00ed v&nbsp;objektech s&nbsp;p\u0159edpokl\u00e1dan\u00fdm poklesem teploty do&nbsp;-10\u00b0C. [&hellip;]\" \/>\n<meta property=\"og:url\" content=\"https:\/\/www.technodompro.com\/index.php\/produkt\/ihned-k-objednani-trubkove-teleso-korado-koralux-linear-comfort-1220x600mm-650w-bahama-lesk-vyprodej-1ks-14164\/\" \/>\n<meta property=\"og:image\" content=\"https:\/\/www.technodompro.com\/wp-content\/uploads\/2026\/SK0014865-CZ20260425-092632-0-1777080397-trubkove-teleso-korado-koralux-linear-comfort-1220x600mm-65.webp\" \/>\n\t<meta property=\"og:image:width\" content=\"600\" \/>\n\t<meta property=\"og:image:height\" content=\"600\" \/>\n\t<meta property=\"og:image:type\" content=\"image\/webp\" \/>\n<meta name=\"twitter:card\" content=\"summary_large_image\" \/>\n<meta name=\"twitter:label1\" content=\"Odhadovan\u00e1 doba \u010dten\u00ed\" \/>\n\t<meta name=\"twitter:data1\" content=\"1 minuta\" \/>\n<script type=\"application\/ld+json\" class=\"yoast-schema-graph\">{\"@context\":\"https:\/\/schema.org\",\"@graph\":[{\"@type\":\"WebPage\",\"@id\":\"https:\/\/www.technodompro.com\/index.php\/produkt\/ihned-k-objednani-trubkove-teleso-korado-koralux-linear-comfort-1220x600mm-650w-bahama-lesk-vyprodej-1ks-14164\/\",\"url\":\"https:\/\/www.technodompro.com\/index.php\/produkt\/ihned-k-objednani-trubkove-teleso-korado-koralux-linear-comfort-1220x600mm-650w-bahama-lesk-vyprodej-1ks-14164\/\",\"name\":\"Ihned K Objedn\u00e1n\u00ed Trubkov\u00e9 t\u011bleso Korado Koralux Linear Comfort, 1220x600mm, 650W, bahama lesk - V\u00ddPRODEJ 1ks -\",\"isPartOf\":{\"@id\":\"https:\/\/www.technodompro.com\/#website\"},\"primaryImageOfPage\":{\"@id\":\"https:\/\/www.technodompro.com\/index.php\/produkt\/ihned-k-objednani-trubkove-teleso-korado-koralux-linear-comfort-1220x600mm-650w-bahama-lesk-vyprodej-1ks-14164\/#primaryimage\"},\"image\":{\"@id\":\"https:\/\/www.technodompro.com\/index.php\/produkt\/ihned-k-objednani-trubkove-teleso-korado-koralux-linear-comfort-1220x600mm-650w-bahama-lesk-vyprodej-1ks-14164\/#primaryimage\"},\"thumbnailUrl\":\"https:\/\/www.technodompro.com\/wp-content\/uploads\/2026\/SK0014865-CZ20260425-092632-0-1777080397-trubkove-teleso-korado-koralux-linear-comfort-1220x600mm-65.webp\",\"datePublished\":\"2026-04-27T04:41:04+00:00\",\"breadcrumb\":{\"@id\":\"https:\/\/www.technodompro.com\/index.php\/produkt\/ihned-k-objednani-trubkove-teleso-korado-koralux-linear-comfort-1220x600mm-650w-bahama-lesk-vyprodej-1ks-14164\/#breadcrumb\"},\"inLanguage\":\"cs\",\"potentialAction\":[{\"@type\":\"ReadAction\",\"target\":[\"https:\/\/www.technodompro.com\/index.php\/produkt\/ihned-k-objednani-trubkove-teleso-korado-koralux-linear-comfort-1220x600mm-650w-bahama-lesk-vyprodej-1ks-14164\/\"]}]},{\"@type\":\"ImageObject\",\"inLanguage\":\"cs\",\"@id\":\"https:\/\/www.technodompro.com\/index.php\/produkt\/ihned-k-objednani-trubkove-teleso-korado-koralux-linear-comfort-1220x600mm-650w-bahama-lesk-vyprodej-1ks-14164\/#primaryimage\",\"url\":\"https:\/\/www.technodompro.com\/wp-content\/uploads\/2026\/SK0014865-CZ20260425-092632-0-1777080397-trubkove-teleso-korado-koralux-linear-comfort-1220x600mm-65.webp\",\"contentUrl\":\"https:\/\/www.technodompro.com\/wp-content\/uploads\/2026\/SK0014865-CZ20260425-092632-0-1777080397-trubkove-teleso-korado-koralux-linear-comfort-1220x600mm-65.webp\",\"width\":600,\"height\":600},{\"@type\":\"BreadcrumbList\",\"@id\":\"https:\/\/www.technodompro.com\/index.php\/produkt\/ihned-k-objednani-trubkove-teleso-korado-koralux-linear-comfort-1220x600mm-650w-bahama-lesk-vyprodej-1ks-14164\/#breadcrumb\",\"itemListElement\":[{\"@type\":\"ListItem\",\"position\":1,\"name\":\"Home\",\"item\":\"https:\/\/www.technodompro.com\/\"},{\"@type\":\"ListItem\",\"position\":2,\"name\":\"Products\",\"item\":\"https:\/\/www.technodompro.com\/index.php\/products\/\"},{\"@type\":\"ListItem\",\"position\":3,\"name\":\"Ihned K Objedn\u00e1n\u00ed Trubkov\u00e9 t\u011bleso Korado Koralux Linear Comfort, 1220x600mm, 650W, bahama lesk &#8211; V\u00ddPRODEJ 1ks\"}]},{\"@type\":\"WebSite\",\"@id\":\"https:\/\/www.technodompro.com\/#website\",\"url\":\"https:\/\/www.technodompro.com\/\",\"name\":\"\",\"description\":\"\",\"potentialAction\":[{\"@type\":\"SearchAction\",\"target\":{\"@type\":\"EntryPoint\",\"urlTemplate\":\"https:\/\/www.technodompro.com\/?s={search_term_string}\"},\"query-input\":{\"@type\":\"PropertyValueSpecification\",\"valueRequired\":true,\"valueName\":\"search_term_string\"}}],\"inLanguage\":\"cs\"}]}<\/script>\n<!-- \/ Yoast SEO plugin. -->","yoast_head_json":{"title":"Ihned K Objedn\u00e1n\u00ed Trubkov\u00e9 t\u011bleso Korado Koralux Linear Comfort, 1220x600mm, 650W, bahama lesk - V\u00ddPRODEJ 1ks -","robots":{"index":"index","follow":"follow","max-snippet":"max-snippet:-1","max-image-preview":"max-image-preview:large","max-video-preview":"max-video-preview:-1"},"canonical":"https:\/\/www.technodompro.com\/index.php\/produkt\/ihned-k-objednani-trubkove-teleso-korado-koralux-linear-comfort-1220x600mm-650w-bahama-lesk-vyprodej-1ks-14164\/","og_locale":"cs_CZ","og_type":"article","og_title":"Ihned K Objedn\u00e1n\u00ed Trubkov\u00e9 t\u011bleso Korado Koralux Linear Comfort, 1220x600mm, 650W, bahama lesk - V\u00ddPRODEJ 1ks -","og_description":"Popis produktu Trubkov\u00e9 t\u011bleso Korado Koralux Linear Comfort, 1220x600mm, 650W, bahama lesk &#8211; V\u00ddPRODEJ 1ks 1ks skladem, nov\u00e9 zbo\u017e\u00ed, z\u00e1ruka. &nbsp; \u200bTrubkov\u00e9 otopn\u00e9 t\u011bleso KORALUX LINEAR COMFORT m\u016f\u017ee b\u00fdt vyr\u00e1b\u011bno jako samostatn\u00e9 p\u0159\u00edmotopn\u00e9 elektrick\u00e9 otopn\u00e9 t\u011bleso. Je osazeno elektrick\u00fdm topn\u00fdm t\u011blesem vybaven\u00fdm omezova\u010dem teploty a&nbsp;napln\u011bno nemrznouc\u00ed sm\u011bs\u00ed, co\u017e umo\u017e\u0148uje pou\u017eit\u00ed v&nbsp;objektech s&nbsp;p\u0159edpokl\u00e1dan\u00fdm poklesem teploty do&nbsp;-10\u00b0C. [&hellip;]","og_url":"https:\/\/www.technodompro.com\/index.php\/produkt\/ihned-k-objednani-trubkove-teleso-korado-koralux-linear-comfort-1220x600mm-650w-bahama-lesk-vyprodej-1ks-14164\/","og_image":[{"width":600,"height":600,"url":"https:\/\/www.technodompro.com\/wp-content\/uploads\/2026\/SK0014865-CZ20260425-092632-0-1777080397-trubkove-teleso-korado-koralux-linear-comfort-1220x600mm-65.webp","type":"image\/webp"}],"twitter_card":"summary_large_image","twitter_misc":{"Odhadovan\u00e1 doba \u010dten\u00ed":"1 minuta"},"schema":{"@context":"https:\/\/schema.org","@graph":[{"@type":"WebPage","@id":"https:\/\/www.technodompro.com\/index.php\/produkt\/ihned-k-objednani-trubkove-teleso-korado-koralux-linear-comfort-1220x600mm-650w-bahama-lesk-vyprodej-1ks-14164\/","url":"https:\/\/www.technodompro.com\/index.php\/produkt\/ihned-k-objednani-trubkove-teleso-korado-koralux-linear-comfort-1220x600mm-650w-bahama-lesk-vyprodej-1ks-14164\/","name":"Ihned K Objedn\u00e1n\u00ed Trubkov\u00e9 t\u011bleso Korado Koralux Linear Comfort, 1220x600mm, 650W, bahama lesk - V\u00ddPRODEJ 1ks -","isPartOf":{"@id":"https:\/\/www.technodompro.com\/#website"},"primaryImageOfPage":{"@id":"https:\/\/www.technodompro.com\/index.php\/produkt\/ihned-k-objednani-trubkove-teleso-korado-koralux-linear-comfort-1220x600mm-650w-bahama-lesk-vyprodej-1ks-14164\/#primaryimage"},"image":{"@id":"https:\/\/www.technodompro.com\/index.php\/produkt\/ihned-k-objednani-trubkove-teleso-korado-koralux-linear-comfort-1220x600mm-650w-bahama-lesk-vyprodej-1ks-14164\/#primaryimage"},"thumbnailUrl":"https:\/\/www.technodompro.com\/wp-content\/uploads\/2026\/SK0014865-CZ20260425-092632-0-1777080397-trubkove-teleso-korado-koralux-linear-comfort-1220x600mm-65.webp","datePublished":"2026-04-27T04:41:04+00:00","breadcrumb":{"@id":"https:\/\/www.technodompro.com\/index.php\/produkt\/ihned-k-objednani-trubkove-teleso-korado-koralux-linear-comfort-1220x600mm-650w-bahama-lesk-vyprodej-1ks-14164\/#breadcrumb"},"inLanguage":"cs","potentialAction":[{"@type":"ReadAction","target":["https:\/\/www.technodompro.com\/index.php\/produkt\/ihned-k-objednani-trubkove-teleso-korado-koralux-linear-comfort-1220x600mm-650w-bahama-lesk-vyprodej-1ks-14164\/"]}]},{"@type":"ImageObject","inLanguage":"cs","@id":"https:\/\/www.technodompro.com\/index.php\/produkt\/ihned-k-objednani-trubkove-teleso-korado-koralux-linear-comfort-1220x600mm-650w-bahama-lesk-vyprodej-1ks-14164\/#primaryimage","url":"https:\/\/www.technodompro.com\/wp-content\/uploads\/2026\/SK0014865-CZ20260425-092632-0-1777080397-trubkove-teleso-korado-koralux-linear-comfort-1220x600mm-65.webp","contentUrl":"https:\/\/www.technodompro.com\/wp-content\/uploads\/2026\/SK0014865-CZ20260425-092632-0-1777080397-trubkove-teleso-korado-koralux-linear-comfort-1220x600mm-65.webp","width":600,"height":600},{"@type":"BreadcrumbList","@id":"https:\/\/www.technodompro.com\/index.php\/produkt\/ihned-k-objednani-trubkove-teleso-korado-koralux-linear-comfort-1220x600mm-650w-bahama-lesk-vyprodej-1ks-14164\/#breadcrumb","itemListElement":[{"@type":"ListItem","position":1,"name":"Home","item":"https:\/\/www.technodompro.com\/"},{"@type":"ListItem","position":2,"name":"Products","item":"https:\/\/www.technodompro.com\/index.php\/products\/"},{"@type":"ListItem","position":3,"name":"Ihned K Objedn\u00e1n\u00ed Trubkov\u00e9 t\u011bleso Korado Koralux Linear Comfort, 1220x600mm, 650W, bahama lesk &#8211; V\u00ddPRODEJ 1ks"}]},{"@type":"WebSite","@id":"https:\/\/www.technodompro.com\/#website","url":"https:\/\/www.technodompro.com\/","name":"","description":"","potentialAction":[{"@type":"SearchAction","target":{"@type":"EntryPoint","urlTemplate":"https:\/\/www.technodompro.com\/?s={search_term_string}"},"query-input":{"@type":"PropertyValueSpecification","valueRequired":true,"valueName":"search_term_string"}}],"inLanguage":"cs"}]}},"_links":{"self":[{"href":"https:\/\/www.technodompro.com\/index.php\/wp-json\/wp\/v2\/product\/14164","targetHints":{"allow":["GET"]}}],"collection":[{"href":"https:\/\/www.technodompro.com\/index.php\/wp-json\/wp\/v2\/product"}],"about":[{"href":"https:\/\/www.technodompro.com\/index.php\/wp-json\/wp\/v2\/types\/product"}],"replies":[{"embeddable":true,"href":"https:\/\/www.technodompro.com\/index.php\/wp-json\/wp\/v2\/comments?post=14164"}],"wp:featuredmedia":[{"embeddable":true,"href":"https:\/\/www.technodompro.com\/index.php\/wp-json\/wp\/v2\/media\/14264"}],"wp:attachment":[{"href":"https:\/\/www.technodompro.com\/index.php\/wp-json\/wp\/v2\/media?parent=14164"}],"wp:term":[{"taxonomy":"product_brand","embeddable":true,"href":"https:\/\/www.technodompro.com\/index.php\/wp-json\/wp\/v2\/product_brand?post=14164"},{"taxonomy":"product_cat","embeddable":true,"href":"https:\/\/www.technodompro.com\/index.php\/wp-json\/wp\/v2\/product_cat?post=14164"},{"taxonomy":"product_tag","embeddable":true,"href":"https:\/\/www.technodompro.com\/index.php\/wp-json\/wp\/v2\/product_tag?post=14164"}],"curies":[{"name":"wp","href":"https:\/\/api.w.org\/{rel}","templated":true}]}}