{"id":14697,"date":"2026-04-27T04:41:06","date_gmt":"2026-04-27T04:41:06","guid":{"rendered":""},"modified":"2026-04-27T04:41:06","modified_gmt":"2026-04-27T04:41:06","slug":"dlazba-fineza-vision-bila-60x60-cm-mat-bal-1-08-m2-horka-nabidka-14697","status":"publish","type":"product","link":"https:\/\/www.technodompro.com\/index.php\/produkt\/dlazba-fineza-vision-bila-60x60-cm-mat-bal-1-08-m2-horka-nabidka-14697\/","title":{"rendered":"Dla\u017eba Fineza Vision b\u00edl\u00e1 60&#215;60 cm mat (bal=1,08 m2) Hork\u00e1 Nab\u00eddka"},"content":{"rendered":"<div class=\"ProductDetail-content NoFixImageContainer\" id=\"productDescription\">\n<div class=\"Heading\">\n<h2 class=\"Heading-title\">Popis produktu <span class=''>Dla\u017eba Fineza Vision b\u00edl\u00e1 60&#215;60 cm mat (bal=1,08 m2)<\/span><\/h2>\n<\/p><\/div>\n<div class=\"ProductDetailContent\">\n<p><span style=\"color:rgb(0, 0, 0); font-family:open sans,arial,helvetica,sans-serif; font-size:16px\">Rektifikovan&eacute;. Mrazuvzdorn&eacute;. Dla\u017eba v b&iacute;l&eacute; barv\u011b v imitaci mramoru o rozm\u011bru 59,8&#215;59,8 cm a tlou&scaron;\u0165ce 10 mm s matn&yacute;m povrchem. Vhodn&eacute; do interi&eacute;ru i exteri&eacute;ru. S mal&yacute;mi rozd&iacute;ly v odst&iacute;nu barev, struktury povrchu a kresby.<\/span><\/p>\n<ul>\n<li><span style=\"font-size:16px\">Po\u010det v balen&iacute; 3 ks<\/span><\/li>\n<li><span style=\"font-size:16px\">Druh v&yacute;robku dla\u017eba<\/span><\/li>\n<li><span style=\"font-size:16px\">Materi&aacute;l keramika<\/span><\/li>\n<li><span style=\"font-size:16px\">Ur\u010den&iacute; exteri&eacute;r i interi&eacute;r<\/span><\/li>\n<li><span style=\"font-size:16px\">Barva popisn&aacute; b&iacute;l&aacute;<\/span><\/li>\n<li><span style=\"font-size:16px\">Barva z&aacute;kladn&iacute; b&iacute;l&aacute;<\/span><\/li>\n<li><span style=\"font-size:16px\">Design mramor<\/span><\/li>\n<li><span style=\"font-size:16px\">Povrch mat<\/span><\/li>\n<li><span style=\"font-size:16px\">Jakost I. jakost<\/span><\/li>\n<li><span style=\"font-size:16px\">Deklarovan&yacute; rozm\u011br (cm) 59,8&#215;59,8<\/span><\/li>\n<li><span style=\"font-size:16px\">Jmenovit&yacute; rozm\u011br (cm) 60&#215;60<\/span><\/li>\n<li><span style=\"font-size:16px\">Tlou&scaron;\u0165ka (mm) 10 mm<\/span><\/li>\n<li><span style=\"font-size:16px\">Rektifikace ano<\/span><\/li>\n<li><span style=\"font-size:16px\">Protiskluz R9 A<\/span><\/li>\n<li><span style=\"font-size:16px\">Nas&aacute;kavost E&lt;0,5% GLA<\/span><\/li>\n<li><span style=\"font-size:16px\">Ot\u011bruvzdornost PEI 3 &ndash; st\u0159edn&iacute; odolnost<\/span><\/li>\n<li><span style=\"font-size:16px\">Odst&iacute;nov&eacute; kol&iacute;s&aacute;n&iacute; V4 &#8211; zcela nahodil&eacute; odchylky<\/span><\/li>\n<li><span style=\"font-size:16px\">Tvar \u010dtverec<\/span><\/li>\n<li><span style=\"font-size:16px\">Velkoform&aacute;t ano<\/span><\/li>\n<li><span style=\"font-size:16px\">Mrazuvzdornost ano<\/span><\/li>\n<\/ul><\/div>\n<div class=\"ProductDetailContent\">                                                                    <\/div>\n<\/p><\/div>\n<\/p><\/div>\n<\/p><\/div>\n","protected":false},"excerpt":{"rendered":"<p>Popis produktu Dla\u017eba Fineza Vision b\u00edl\u00e1 60&#215;60 cm mat (bal=1,08 m2) Rektifikovan&eacute;. Mrazuvzdorn&eacute;. Dla\u017eba v b&iacute;l&eacute; barv\u011b v imitaci mramoru o rozm\u011bru 59,8&#215;59,8 cm a tlou&scaron;\u0165ce 10 mm s matn&yacute;m povrchem. Vhodn&eacute; do interi&eacute;ru i exteri&eacute;ru. S mal&yacute;mi rozd&iacute;ly v odst&iacute;nu barev, struktury povrchu a kresby. Po\u010det v balen&iacute; 3 ks Druh v&yacute;robku dla\u017eba Materi&aacute;l [&hellip;]<\/p>\n","protected":false},"featured_media":14797,"comment_status":"open","ping_status":"open","template":"","meta":[],"product_brand":[],"product_cat":[76],"product_tag":[],"class_list":{"0":"post-14697","1":"product","2":"type-product","3":"status-publish","4":"has-post-thumbnail","6":"product_cat-dlazba-a-obklady","8":"first","9":"instock","10":"sale","11":"shipping-taxable","12":"purchasable","13":"product-type-simple"},"yoast_head":"<!-- This site is optimized with the Yoast SEO plugin v26.8 - https:\/\/yoast.com\/product\/yoast-seo-wordpress\/ -->\n<title>Dla\u017eba Fineza Vision b\u00edl\u00e1 60x60 cm mat (bal=1,08 m2) Hork\u00e1 Nab\u00eddka -<\/title>\n<meta name=\"robots\" content=\"index, follow, max-snippet:-1, max-image-preview:large, max-video-preview:-1\" \/>\n<link rel=\"canonical\" href=\"https:\/\/www.technodompro.com\/index.php\/produkt\/dlazba-fineza-vision-bila-60x60-cm-mat-bal-1-08-m2-horka-nabidka-14697\/\" \/>\n<meta property=\"og:locale\" content=\"cs_CZ\" \/>\n<meta property=\"og:type\" content=\"article\" \/>\n<meta property=\"og:title\" content=\"Dla\u017eba Fineza Vision b\u00edl\u00e1 60x60 cm mat (bal=1,08 m2) Hork\u00e1 Nab\u00eddka -\" \/>\n<meta property=\"og:description\" content=\"Popis produktu Dla\u017eba Fineza Vision b\u00edl\u00e1 60&#215;60 cm mat (bal=1,08 m2) Rektifikovan&eacute;. Mrazuvzdorn&eacute;. Dla\u017eba v b&iacute;l&eacute; barv\u011b v imitaci mramoru o rozm\u011bru 59,8&#215;59,8 cm a tlou&scaron;\u0165ce 10 mm s matn&yacute;m povrchem. Vhodn&eacute; do interi&eacute;ru i exteri&eacute;ru. S mal&yacute;mi rozd&iacute;ly v odst&iacute;nu barev, struktury povrchu a kresby. Po\u010det v balen&iacute; 3 ks Druh v&yacute;robku dla\u017eba Materi&aacute;l [&hellip;]\" \/>\n<meta property=\"og:url\" content=\"https:\/\/www.technodompro.com\/index.php\/produkt\/dlazba-fineza-vision-bila-60x60-cm-mat-bal-1-08-m2-horka-nabidka-14697\/\" \/>\n<meta property=\"og:image\" content=\"https:\/\/www.technodompro.com\/wp-content\/uploads\/2026\/SK0015100-CZ20260425-092632-0-1777080397-dlazba-fineza-vision-bila-60x60-cm-mat-bal-1-08-m2-362808.j.webp\" \/>\n\t<meta property=\"og:image:width\" content=\"600\" \/>\n\t<meta property=\"og:image:height\" content=\"595\" \/>\n\t<meta property=\"og:image:type\" content=\"image\/webp\" \/>\n<meta name=\"twitter:card\" content=\"summary_large_image\" \/>\n<meta name=\"twitter:label1\" content=\"Odhadovan\u00e1 doba \u010dten\u00ed\" \/>\n\t<meta name=\"twitter:data1\" content=\"1 minuta\" \/>\n<script type=\"application\/ld+json\" class=\"yoast-schema-graph\">{\"@context\":\"https:\/\/schema.org\",\"@graph\":[{\"@type\":\"WebPage\",\"@id\":\"https:\/\/www.technodompro.com\/index.php\/produkt\/dlazba-fineza-vision-bila-60x60-cm-mat-bal-1-08-m2-horka-nabidka-14697\/\",\"url\":\"https:\/\/www.technodompro.com\/index.php\/produkt\/dlazba-fineza-vision-bila-60x60-cm-mat-bal-1-08-m2-horka-nabidka-14697\/\",\"name\":\"Dla\u017eba Fineza Vision b\u00edl\u00e1 60x60 cm mat (bal=1,08 m2) Hork\u00e1 Nab\u00eddka -\",\"isPartOf\":{\"@id\":\"https:\/\/www.technodompro.com\/#website\"},\"primaryImageOfPage\":{\"@id\":\"https:\/\/www.technodompro.com\/index.php\/produkt\/dlazba-fineza-vision-bila-60x60-cm-mat-bal-1-08-m2-horka-nabidka-14697\/#primaryimage\"},\"image\":{\"@id\":\"https:\/\/www.technodompro.com\/index.php\/produkt\/dlazba-fineza-vision-bila-60x60-cm-mat-bal-1-08-m2-horka-nabidka-14697\/#primaryimage\"},\"thumbnailUrl\":\"https:\/\/www.technodompro.com\/wp-content\/uploads\/2026\/SK0015100-CZ20260425-092632-0-1777080397-dlazba-fineza-vision-bila-60x60-cm-mat-bal-1-08-m2-362808.j.webp\",\"datePublished\":\"2026-04-27T04:41:06+00:00\",\"breadcrumb\":{\"@id\":\"https:\/\/www.technodompro.com\/index.php\/produkt\/dlazba-fineza-vision-bila-60x60-cm-mat-bal-1-08-m2-horka-nabidka-14697\/#breadcrumb\"},\"inLanguage\":\"cs\",\"potentialAction\":[{\"@type\":\"ReadAction\",\"target\":[\"https:\/\/www.technodompro.com\/index.php\/produkt\/dlazba-fineza-vision-bila-60x60-cm-mat-bal-1-08-m2-horka-nabidka-14697\/\"]}]},{\"@type\":\"ImageObject\",\"inLanguage\":\"cs\",\"@id\":\"https:\/\/www.technodompro.com\/index.php\/produkt\/dlazba-fineza-vision-bila-60x60-cm-mat-bal-1-08-m2-horka-nabidka-14697\/#primaryimage\",\"url\":\"https:\/\/www.technodompro.com\/wp-content\/uploads\/2026\/SK0015100-CZ20260425-092632-0-1777080397-dlazba-fineza-vision-bila-60x60-cm-mat-bal-1-08-m2-362808.j.webp\",\"contentUrl\":\"https:\/\/www.technodompro.com\/wp-content\/uploads\/2026\/SK0015100-CZ20260425-092632-0-1777080397-dlazba-fineza-vision-bila-60x60-cm-mat-bal-1-08-m2-362808.j.webp\",\"width\":600,\"height\":595},{\"@type\":\"BreadcrumbList\",\"@id\":\"https:\/\/www.technodompro.com\/index.php\/produkt\/dlazba-fineza-vision-bila-60x60-cm-mat-bal-1-08-m2-horka-nabidka-14697\/#breadcrumb\",\"itemListElement\":[{\"@type\":\"ListItem\",\"position\":1,\"name\":\"Home\",\"item\":\"https:\/\/www.technodompro.com\/\"},{\"@type\":\"ListItem\",\"position\":2,\"name\":\"Products\",\"item\":\"https:\/\/www.technodompro.com\/index.php\/products\/\"},{\"@type\":\"ListItem\",\"position\":3,\"name\":\"Dla\u017eba Fineza Vision b\u00edl\u00e1 60&#215;60 cm mat (bal=1,08 m2) Hork\u00e1 Nab\u00eddka\"}]},{\"@type\":\"WebSite\",\"@id\":\"https:\/\/www.technodompro.com\/#website\",\"url\":\"https:\/\/www.technodompro.com\/\",\"name\":\"\",\"description\":\"\",\"potentialAction\":[{\"@type\":\"SearchAction\",\"target\":{\"@type\":\"EntryPoint\",\"urlTemplate\":\"https:\/\/www.technodompro.com\/?s={search_term_string}\"},\"query-input\":{\"@type\":\"PropertyValueSpecification\",\"valueRequired\":true,\"valueName\":\"search_term_string\"}}],\"inLanguage\":\"cs\"}]}<\/script>\n<!-- \/ Yoast SEO plugin. -->","yoast_head_json":{"title":"Dla\u017eba Fineza Vision b\u00edl\u00e1 60x60 cm mat (bal=1,08 m2) Hork\u00e1 Nab\u00eddka -","robots":{"index":"index","follow":"follow","max-snippet":"max-snippet:-1","max-image-preview":"max-image-preview:large","max-video-preview":"max-video-preview:-1"},"canonical":"https:\/\/www.technodompro.com\/index.php\/produkt\/dlazba-fineza-vision-bila-60x60-cm-mat-bal-1-08-m2-horka-nabidka-14697\/","og_locale":"cs_CZ","og_type":"article","og_title":"Dla\u017eba Fineza Vision b\u00edl\u00e1 60x60 cm mat (bal=1,08 m2) Hork\u00e1 Nab\u00eddka -","og_description":"Popis produktu Dla\u017eba Fineza Vision b\u00edl\u00e1 60&#215;60 cm mat (bal=1,08 m2) Rektifikovan&eacute;. Mrazuvzdorn&eacute;. Dla\u017eba v b&iacute;l&eacute; barv\u011b v imitaci mramoru o rozm\u011bru 59,8&#215;59,8 cm a tlou&scaron;\u0165ce 10 mm s matn&yacute;m povrchem. Vhodn&eacute; do interi&eacute;ru i exteri&eacute;ru. S mal&yacute;mi rozd&iacute;ly v odst&iacute;nu barev, struktury povrchu a kresby. Po\u010det v balen&iacute; 3 ks Druh v&yacute;robku dla\u017eba Materi&aacute;l [&hellip;]","og_url":"https:\/\/www.technodompro.com\/index.php\/produkt\/dlazba-fineza-vision-bila-60x60-cm-mat-bal-1-08-m2-horka-nabidka-14697\/","og_image":[{"width":600,"height":595,"url":"https:\/\/www.technodompro.com\/wp-content\/uploads\/2026\/SK0015100-CZ20260425-092632-0-1777080397-dlazba-fineza-vision-bila-60x60-cm-mat-bal-1-08-m2-362808.j.webp","type":"image\/webp"}],"twitter_card":"summary_large_image","twitter_misc":{"Odhadovan\u00e1 doba \u010dten\u00ed":"1 minuta"},"schema":{"@context":"https:\/\/schema.org","@graph":[{"@type":"WebPage","@id":"https:\/\/www.technodompro.com\/index.php\/produkt\/dlazba-fineza-vision-bila-60x60-cm-mat-bal-1-08-m2-horka-nabidka-14697\/","url":"https:\/\/www.technodompro.com\/index.php\/produkt\/dlazba-fineza-vision-bila-60x60-cm-mat-bal-1-08-m2-horka-nabidka-14697\/","name":"Dla\u017eba Fineza Vision b\u00edl\u00e1 60x60 cm mat (bal=1,08 m2) Hork\u00e1 Nab\u00eddka -","isPartOf":{"@id":"https:\/\/www.technodompro.com\/#website"},"primaryImageOfPage":{"@id":"https:\/\/www.technodompro.com\/index.php\/produkt\/dlazba-fineza-vision-bila-60x60-cm-mat-bal-1-08-m2-horka-nabidka-14697\/#primaryimage"},"image":{"@id":"https:\/\/www.technodompro.com\/index.php\/produkt\/dlazba-fineza-vision-bila-60x60-cm-mat-bal-1-08-m2-horka-nabidka-14697\/#primaryimage"},"thumbnailUrl":"https:\/\/www.technodompro.com\/wp-content\/uploads\/2026\/SK0015100-CZ20260425-092632-0-1777080397-dlazba-fineza-vision-bila-60x60-cm-mat-bal-1-08-m2-362808.j.webp","datePublished":"2026-04-27T04:41:06+00:00","breadcrumb":{"@id":"https:\/\/www.technodompro.com\/index.php\/produkt\/dlazba-fineza-vision-bila-60x60-cm-mat-bal-1-08-m2-horka-nabidka-14697\/#breadcrumb"},"inLanguage":"cs","potentialAction":[{"@type":"ReadAction","target":["https:\/\/www.technodompro.com\/index.php\/produkt\/dlazba-fineza-vision-bila-60x60-cm-mat-bal-1-08-m2-horka-nabidka-14697\/"]}]},{"@type":"ImageObject","inLanguage":"cs","@id":"https:\/\/www.technodompro.com\/index.php\/produkt\/dlazba-fineza-vision-bila-60x60-cm-mat-bal-1-08-m2-horka-nabidka-14697\/#primaryimage","url":"https:\/\/www.technodompro.com\/wp-content\/uploads\/2026\/SK0015100-CZ20260425-092632-0-1777080397-dlazba-fineza-vision-bila-60x60-cm-mat-bal-1-08-m2-362808.j.webp","contentUrl":"https:\/\/www.technodompro.com\/wp-content\/uploads\/2026\/SK0015100-CZ20260425-092632-0-1777080397-dlazba-fineza-vision-bila-60x60-cm-mat-bal-1-08-m2-362808.j.webp","width":600,"height":595},{"@type":"BreadcrumbList","@id":"https:\/\/www.technodompro.com\/index.php\/produkt\/dlazba-fineza-vision-bila-60x60-cm-mat-bal-1-08-m2-horka-nabidka-14697\/#breadcrumb","itemListElement":[{"@type":"ListItem","position":1,"name":"Home","item":"https:\/\/www.technodompro.com\/"},{"@type":"ListItem","position":2,"name":"Products","item":"https:\/\/www.technodompro.com\/index.php\/products\/"},{"@type":"ListItem","position":3,"name":"Dla\u017eba Fineza Vision b\u00edl\u00e1 60&#215;60 cm mat (bal=1,08 m2) Hork\u00e1 Nab\u00eddka"}]},{"@type":"WebSite","@id":"https:\/\/www.technodompro.com\/#website","url":"https:\/\/www.technodompro.com\/","name":"","description":"","potentialAction":[{"@type":"SearchAction","target":{"@type":"EntryPoint","urlTemplate":"https:\/\/www.technodompro.com\/?s={search_term_string}"},"query-input":{"@type":"PropertyValueSpecification","valueRequired":true,"valueName":"search_term_string"}}],"inLanguage":"cs"}]}},"_links":{"self":[{"href":"https:\/\/www.technodompro.com\/index.php\/wp-json\/wp\/v2\/product\/14697","targetHints":{"allow":["GET"]}}],"collection":[{"href":"https:\/\/www.technodompro.com\/index.php\/wp-json\/wp\/v2\/product"}],"about":[{"href":"https:\/\/www.technodompro.com\/index.php\/wp-json\/wp\/v2\/types\/product"}],"replies":[{"embeddable":true,"href":"https:\/\/www.technodompro.com\/index.php\/wp-json\/wp\/v2\/comments?post=14697"}],"wp:featuredmedia":[{"embeddable":true,"href":"https:\/\/www.technodompro.com\/index.php\/wp-json\/wp\/v2\/media\/14797"}],"wp:attachment":[{"href":"https:\/\/www.technodompro.com\/index.php\/wp-json\/wp\/v2\/media?parent=14697"}],"wp:term":[{"taxonomy":"product_brand","embeddable":true,"href":"https:\/\/www.technodompro.com\/index.php\/wp-json\/wp\/v2\/product_brand?post=14697"},{"taxonomy":"product_cat","embeddable":true,"href":"https:\/\/www.technodompro.com\/index.php\/wp-json\/wp\/v2\/product_cat?post=14697"},{"taxonomy":"product_tag","embeddable":true,"href":"https:\/\/www.technodompro.com\/index.php\/wp-json\/wp\/v2\/product_tag?post=14697"}],"curies":[{"name":"wp","href":"https:\/\/api.w.org\/{rel}","templated":true}]}}