{"id":14698,"date":"2026-04-27T04:41:06","date_gmt":"2026-04-27T04:41:06","guid":{"rendered":""},"modified":"2026-04-27T04:41:06","modified_gmt":"2026-04-27T04:41:06","slug":"vikendova-akce-mozaika-fineza-vision-bila-30x30-cm-mat-14698","status":"publish","type":"product","link":"https:\/\/www.technodompro.com\/index.php\/produkt\/vikendova-akce-mozaika-fineza-vision-bila-30x30-cm-mat-14698\/","title":{"rendered":"V\u00edkendov\u00e1 Akce Mozaika Fineza Vision b\u00edl\u00e1 30&#215;30 cm mat"},"content":{"rendered":"<div class=\"ProductDetail-content NoFixImageContainer\" id=\"productDescription\">\n<div class=\"Heading\">\n<h2 class=\"Heading-title\">Popis produktu <span class=''>Mozaika Fineza Vision b\u00edl\u00e1 30&#215;30 cm mat<\/span><\/h2>\n<\/p><\/div>\n<div class=\"ProductDetailContent\">\n<p><span style=\"color:rgb(0, 0, 0); font-family:open sans,arial,helvetica,sans-serif; font-size:16px\">Rektifikovan&eacute;. Mrazuvzdorn&eacute;. Mozaika v b&iacute;l&eacute; barv\u011b v imitaci mramoru o rozm\u011bru 4,8&#215;4,8 cm a tlou&scaron;\u0165ce 10 mm s matn&yacute;m povrchem. Vhodn&eacute; do interi&eacute;ru i exteri&eacute;ru. S velk&yacute;mi a nahodil&yacute;mi odchylkami v odst&iacute;nu barev, struktury povrchu a kresby.<\/span><\/p>\n<ul>\n<li><span style=\"font-size:16px\">Druh v&yacute;robku mozaika<\/span><\/li>\n<li><span style=\"font-size:16px\">Ur\u010den&iacute; exteri&eacute;r i interi&eacute;r<\/span><\/li>\n<li><span style=\"font-size:16px\">Barva popisn&aacute; b&iacute;l&aacute;<\/span><\/li>\n<li><span style=\"font-size:16px\">Barva z&aacute;kladn&iacute; b&iacute;l&aacute;<\/span><\/li>\n<li><span style=\"font-size:16px\">Povrch mat<\/span><\/li>\n<li><span style=\"font-size:16px\">Jakost I. jakost<\/span><\/li>\n<li><span style=\"font-size:16px\">Deklarovan&yacute; rozm\u011br (cm) 4,8&#215;4,8<\/span><\/li>\n<li><span style=\"font-size:16px\">Jmenovit&yacute; rozm\u011br (cm) 30&#215;30<\/span><\/li>\n<li><span style=\"font-size:16px\">Tlou&scaron;\u0165ka (mm) 10 mm<\/span><\/li>\n<li><span style=\"font-size:16px\">Rektifikace ano<\/span><\/li>\n<li><span style=\"font-size:16px\">Protiskluz R9 B<\/span><\/li>\n<li><span style=\"font-size:16px\">Nas&aacute;kavost E&lt;0,5% GLA<\/span><\/li>\n<li><span style=\"font-size:16px\">Ot\u011bruvzdornost PEI 4 &ndash; vysok&aacute; odolnost<\/span><\/li>\n<li><span style=\"font-size:16px\">Odst&iacute;nov&eacute; kol&iacute;s&aacute;n&iacute; V4 &#8211; zcela nahodil&eacute; odchylky<\/span><\/li>\n<li><span style=\"font-size:16px\">Tvar \u010dtverec<\/span><\/li>\n<li><span style=\"font-size:16px\">Velkoform&aacute;t ne<\/span><\/li>\n<li><span style=\"font-size:16px\">Mrazuvzdornost ano<\/span><\/li>\n<\/ul><\/div>\n<div class=\"ProductDetailContent\">                                                                    <\/div>\n<\/p><\/div>\n<\/p><\/div>\n<\/p><\/div>\n","protected":false},"excerpt":{"rendered":"<p>Popis produktu Mozaika Fineza Vision b\u00edl\u00e1 30&#215;30 cm mat Rektifikovan&eacute;. Mrazuvzdorn&eacute;. Mozaika v b&iacute;l&eacute; barv\u011b v imitaci mramoru o rozm\u011bru 4,8&#215;4,8 cm a tlou&scaron;\u0165ce 10 mm s matn&yacute;m povrchem. Vhodn&eacute; do interi&eacute;ru i exteri&eacute;ru. S velk&yacute;mi a nahodil&yacute;mi odchylkami v odst&iacute;nu barev, struktury povrchu a kresby. Druh v&yacute;robku mozaika Ur\u010den&iacute; exteri&eacute;r i interi&eacute;r Barva popisn&aacute; [&hellip;]<\/p>\n","protected":false},"featured_media":14798,"comment_status":"open","ping_status":"open","template":"","meta":[],"product_brand":[],"product_cat":[76],"product_tag":[],"class_list":{"0":"post-14698","1":"product","2":"type-product","3":"status-publish","4":"has-post-thumbnail","6":"product_cat-dlazba-a-obklady","8":"first","9":"instock","10":"sale","11":"shipping-taxable","12":"purchasable","13":"product-type-simple"},"yoast_head":"<!-- This site is optimized with the Yoast SEO plugin v26.8 - https:\/\/yoast.com\/product\/yoast-seo-wordpress\/ -->\n<title>V\u00edkendov\u00e1 Akce Mozaika Fineza Vision b\u00edl\u00e1 30x30 cm mat -<\/title>\n<meta name=\"robots\" content=\"index, follow, max-snippet:-1, max-image-preview:large, max-video-preview:-1\" \/>\n<link rel=\"canonical\" href=\"https:\/\/www.technodompro.com\/index.php\/produkt\/vikendova-akce-mozaika-fineza-vision-bila-30x30-cm-mat-14698\/\" \/>\n<meta property=\"og:locale\" content=\"cs_CZ\" \/>\n<meta property=\"og:type\" content=\"article\" \/>\n<meta property=\"og:title\" content=\"V\u00edkendov\u00e1 Akce Mozaika Fineza Vision b\u00edl\u00e1 30x30 cm mat -\" \/>\n<meta property=\"og:description\" content=\"Popis produktu Mozaika Fineza Vision b\u00edl\u00e1 30&#215;30 cm mat Rektifikovan&eacute;. Mrazuvzdorn&eacute;. Mozaika v b&iacute;l&eacute; barv\u011b v imitaci mramoru o rozm\u011bru 4,8&#215;4,8 cm a tlou&scaron;\u0165ce 10 mm s matn&yacute;m povrchem. Vhodn&eacute; do interi&eacute;ru i exteri&eacute;ru. S velk&yacute;mi a nahodil&yacute;mi odchylkami v odst&iacute;nu barev, struktury povrchu a kresby. Druh v&yacute;robku mozaika Ur\u010den&iacute; exteri&eacute;r i interi&eacute;r Barva popisn&aacute; [&hellip;]\" \/>\n<meta property=\"og:url\" content=\"https:\/\/www.technodompro.com\/index.php\/produkt\/vikendova-akce-mozaika-fineza-vision-bila-30x30-cm-mat-14698\/\" \/>\n<meta property=\"og:image\" content=\"https:\/\/www.technodompro.com\/wp-content\/uploads\/2026\/SK0015101-CZ20260425-092632-0-1777080397-mozaika-fineza-vision-bila-30x30-cm-mat-362842.webp\" \/>\n\t<meta property=\"og:image:width\" content=\"349\" \/>\n\t<meta property=\"og:image:height\" content=\"349\" \/>\n\t<meta property=\"og:image:type\" content=\"image\/webp\" \/>\n<meta name=\"twitter:card\" content=\"summary_large_image\" \/>\n<meta name=\"twitter:label1\" content=\"Odhadovan\u00e1 doba \u010dten\u00ed\" \/>\n\t<meta name=\"twitter:data1\" content=\"1 minuta\" \/>\n<script type=\"application\/ld+json\" class=\"yoast-schema-graph\">{\"@context\":\"https:\/\/schema.org\",\"@graph\":[{\"@type\":\"WebPage\",\"@id\":\"https:\/\/www.technodompro.com\/index.php\/produkt\/vikendova-akce-mozaika-fineza-vision-bila-30x30-cm-mat-14698\/\",\"url\":\"https:\/\/www.technodompro.com\/index.php\/produkt\/vikendova-akce-mozaika-fineza-vision-bila-30x30-cm-mat-14698\/\",\"name\":\"V\u00edkendov\u00e1 Akce Mozaika Fineza Vision b\u00edl\u00e1 30x30 cm mat -\",\"isPartOf\":{\"@id\":\"https:\/\/www.technodompro.com\/#website\"},\"primaryImageOfPage\":{\"@id\":\"https:\/\/www.technodompro.com\/index.php\/produkt\/vikendova-akce-mozaika-fineza-vision-bila-30x30-cm-mat-14698\/#primaryimage\"},\"image\":{\"@id\":\"https:\/\/www.technodompro.com\/index.php\/produkt\/vikendova-akce-mozaika-fineza-vision-bila-30x30-cm-mat-14698\/#primaryimage\"},\"thumbnailUrl\":\"https:\/\/www.technodompro.com\/wp-content\/uploads\/2026\/SK0015101-CZ20260425-092632-0-1777080397-mozaika-fineza-vision-bila-30x30-cm-mat-362842.webp\",\"datePublished\":\"2026-04-27T04:41:06+00:00\",\"breadcrumb\":{\"@id\":\"https:\/\/www.technodompro.com\/index.php\/produkt\/vikendova-akce-mozaika-fineza-vision-bila-30x30-cm-mat-14698\/#breadcrumb\"},\"inLanguage\":\"cs\",\"potentialAction\":[{\"@type\":\"ReadAction\",\"target\":[\"https:\/\/www.technodompro.com\/index.php\/produkt\/vikendova-akce-mozaika-fineza-vision-bila-30x30-cm-mat-14698\/\"]}]},{\"@type\":\"ImageObject\",\"inLanguage\":\"cs\",\"@id\":\"https:\/\/www.technodompro.com\/index.php\/produkt\/vikendova-akce-mozaika-fineza-vision-bila-30x30-cm-mat-14698\/#primaryimage\",\"url\":\"https:\/\/www.technodompro.com\/wp-content\/uploads\/2026\/SK0015101-CZ20260425-092632-0-1777080397-mozaika-fineza-vision-bila-30x30-cm-mat-362842.webp\",\"contentUrl\":\"https:\/\/www.technodompro.com\/wp-content\/uploads\/2026\/SK0015101-CZ20260425-092632-0-1777080397-mozaika-fineza-vision-bila-30x30-cm-mat-362842.webp\",\"width\":349,\"height\":349},{\"@type\":\"BreadcrumbList\",\"@id\":\"https:\/\/www.technodompro.com\/index.php\/produkt\/vikendova-akce-mozaika-fineza-vision-bila-30x30-cm-mat-14698\/#breadcrumb\",\"itemListElement\":[{\"@type\":\"ListItem\",\"position\":1,\"name\":\"Home\",\"item\":\"https:\/\/www.technodompro.com\/\"},{\"@type\":\"ListItem\",\"position\":2,\"name\":\"Products\",\"item\":\"https:\/\/www.technodompro.com\/index.php\/products\/\"},{\"@type\":\"ListItem\",\"position\":3,\"name\":\"V\u00edkendov\u00e1 Akce Mozaika Fineza Vision b\u00edl\u00e1 30&#215;30 cm mat\"}]},{\"@type\":\"WebSite\",\"@id\":\"https:\/\/www.technodompro.com\/#website\",\"url\":\"https:\/\/www.technodompro.com\/\",\"name\":\"\",\"description\":\"\",\"potentialAction\":[{\"@type\":\"SearchAction\",\"target\":{\"@type\":\"EntryPoint\",\"urlTemplate\":\"https:\/\/www.technodompro.com\/?s={search_term_string}\"},\"query-input\":{\"@type\":\"PropertyValueSpecification\",\"valueRequired\":true,\"valueName\":\"search_term_string\"}}],\"inLanguage\":\"cs\"}]}<\/script>\n<!-- \/ Yoast SEO plugin. -->","yoast_head_json":{"title":"V\u00edkendov\u00e1 Akce Mozaika Fineza Vision b\u00edl\u00e1 30x30 cm mat -","robots":{"index":"index","follow":"follow","max-snippet":"max-snippet:-1","max-image-preview":"max-image-preview:large","max-video-preview":"max-video-preview:-1"},"canonical":"https:\/\/www.technodompro.com\/index.php\/produkt\/vikendova-akce-mozaika-fineza-vision-bila-30x30-cm-mat-14698\/","og_locale":"cs_CZ","og_type":"article","og_title":"V\u00edkendov\u00e1 Akce Mozaika Fineza Vision b\u00edl\u00e1 30x30 cm mat -","og_description":"Popis produktu Mozaika Fineza Vision b\u00edl\u00e1 30&#215;30 cm mat Rektifikovan&eacute;. Mrazuvzdorn&eacute;. Mozaika v b&iacute;l&eacute; barv\u011b v imitaci mramoru o rozm\u011bru 4,8&#215;4,8 cm a tlou&scaron;\u0165ce 10 mm s matn&yacute;m povrchem. Vhodn&eacute; do interi&eacute;ru i exteri&eacute;ru. S velk&yacute;mi a nahodil&yacute;mi odchylkami v odst&iacute;nu barev, struktury povrchu a kresby. Druh v&yacute;robku mozaika Ur\u010den&iacute; exteri&eacute;r i interi&eacute;r Barva popisn&aacute; [&hellip;]","og_url":"https:\/\/www.technodompro.com\/index.php\/produkt\/vikendova-akce-mozaika-fineza-vision-bila-30x30-cm-mat-14698\/","og_image":[{"width":349,"height":349,"url":"https:\/\/www.technodompro.com\/wp-content\/uploads\/2026\/SK0015101-CZ20260425-092632-0-1777080397-mozaika-fineza-vision-bila-30x30-cm-mat-362842.webp","type":"image\/webp"}],"twitter_card":"summary_large_image","twitter_misc":{"Odhadovan\u00e1 doba \u010dten\u00ed":"1 minuta"},"schema":{"@context":"https:\/\/schema.org","@graph":[{"@type":"WebPage","@id":"https:\/\/www.technodompro.com\/index.php\/produkt\/vikendova-akce-mozaika-fineza-vision-bila-30x30-cm-mat-14698\/","url":"https:\/\/www.technodompro.com\/index.php\/produkt\/vikendova-akce-mozaika-fineza-vision-bila-30x30-cm-mat-14698\/","name":"V\u00edkendov\u00e1 Akce Mozaika Fineza Vision b\u00edl\u00e1 30x30 cm mat -","isPartOf":{"@id":"https:\/\/www.technodompro.com\/#website"},"primaryImageOfPage":{"@id":"https:\/\/www.technodompro.com\/index.php\/produkt\/vikendova-akce-mozaika-fineza-vision-bila-30x30-cm-mat-14698\/#primaryimage"},"image":{"@id":"https:\/\/www.technodompro.com\/index.php\/produkt\/vikendova-akce-mozaika-fineza-vision-bila-30x30-cm-mat-14698\/#primaryimage"},"thumbnailUrl":"https:\/\/www.technodompro.com\/wp-content\/uploads\/2026\/SK0015101-CZ20260425-092632-0-1777080397-mozaika-fineza-vision-bila-30x30-cm-mat-362842.webp","datePublished":"2026-04-27T04:41:06+00:00","breadcrumb":{"@id":"https:\/\/www.technodompro.com\/index.php\/produkt\/vikendova-akce-mozaika-fineza-vision-bila-30x30-cm-mat-14698\/#breadcrumb"},"inLanguage":"cs","potentialAction":[{"@type":"ReadAction","target":["https:\/\/www.technodompro.com\/index.php\/produkt\/vikendova-akce-mozaika-fineza-vision-bila-30x30-cm-mat-14698\/"]}]},{"@type":"ImageObject","inLanguage":"cs","@id":"https:\/\/www.technodompro.com\/index.php\/produkt\/vikendova-akce-mozaika-fineza-vision-bila-30x30-cm-mat-14698\/#primaryimage","url":"https:\/\/www.technodompro.com\/wp-content\/uploads\/2026\/SK0015101-CZ20260425-092632-0-1777080397-mozaika-fineza-vision-bila-30x30-cm-mat-362842.webp","contentUrl":"https:\/\/www.technodompro.com\/wp-content\/uploads\/2026\/SK0015101-CZ20260425-092632-0-1777080397-mozaika-fineza-vision-bila-30x30-cm-mat-362842.webp","width":349,"height":349},{"@type":"BreadcrumbList","@id":"https:\/\/www.technodompro.com\/index.php\/produkt\/vikendova-akce-mozaika-fineza-vision-bila-30x30-cm-mat-14698\/#breadcrumb","itemListElement":[{"@type":"ListItem","position":1,"name":"Home","item":"https:\/\/www.technodompro.com\/"},{"@type":"ListItem","position":2,"name":"Products","item":"https:\/\/www.technodompro.com\/index.php\/products\/"},{"@type":"ListItem","position":3,"name":"V\u00edkendov\u00e1 Akce Mozaika Fineza Vision b\u00edl\u00e1 30&#215;30 cm mat"}]},{"@type":"WebSite","@id":"https:\/\/www.technodompro.com\/#website","url":"https:\/\/www.technodompro.com\/","name":"","description":"","potentialAction":[{"@type":"SearchAction","target":{"@type":"EntryPoint","urlTemplate":"https:\/\/www.technodompro.com\/?s={search_term_string}"},"query-input":{"@type":"PropertyValueSpecification","valueRequired":true,"valueName":"search_term_string"}}],"inLanguage":"cs"}]}},"_links":{"self":[{"href":"https:\/\/www.technodompro.com\/index.php\/wp-json\/wp\/v2\/product\/14698","targetHints":{"allow":["GET"]}}],"collection":[{"href":"https:\/\/www.technodompro.com\/index.php\/wp-json\/wp\/v2\/product"}],"about":[{"href":"https:\/\/www.technodompro.com\/index.php\/wp-json\/wp\/v2\/types\/product"}],"replies":[{"embeddable":true,"href":"https:\/\/www.technodompro.com\/index.php\/wp-json\/wp\/v2\/comments?post=14698"}],"wp:featuredmedia":[{"embeddable":true,"href":"https:\/\/www.technodompro.com\/index.php\/wp-json\/wp\/v2\/media\/14798"}],"wp:attachment":[{"href":"https:\/\/www.technodompro.com\/index.php\/wp-json\/wp\/v2\/media?parent=14698"}],"wp:term":[{"taxonomy":"product_brand","embeddable":true,"href":"https:\/\/www.technodompro.com\/index.php\/wp-json\/wp\/v2\/product_brand?post=14698"},{"taxonomy":"product_cat","embeddable":true,"href":"https:\/\/www.technodompro.com\/index.php\/wp-json\/wp\/v2\/product_cat?post=14698"},{"taxonomy":"product_tag","embeddable":true,"href":"https:\/\/www.technodompro.com\/index.php\/wp-json\/wp\/v2\/product_tag?post=14698"}],"curies":[{"name":"wp","href":"https:\/\/api.w.org\/{rel}","templated":true}]}}