{"id":14700,"date":"2026-04-27T04:41:06","date_gmt":"2026-04-27T04:41:06","guid":{"rendered":""},"modified":"2026-04-27T04:41:06","modified_gmt":"2026-04-27T04:41:06","slug":"protronix-cidlo-kvality-vzduchu-co2-nl-eco-co2-kup-ted-14700","status":"publish","type":"product","link":"https:\/\/www.technodompro.com\/index.php\/produkt\/protronix-cidlo-kvality-vzduchu-co2-nl-eco-co2-kup-ted-14700\/","title":{"rendered":"Protronix \u010cidlo kvality vzduchu CO2 (NL-ECO-CO2) Kup Te\u010f"},"content":{"rendered":"<div class=\"ProductDetail-content NoFixImageContainer\" id=\"productDescription\">\n<div class=\"Heading\">\n<h2 class=\"Heading-title\">Popis produktu <span class=''>Protronix \u010cidlo kvality vzduchu CO2 (NL-ECO-CO2)<\/span><\/h2>\n<\/p><\/div>\n<div class=\"ProductDetailContent\">\n<p><span style=\"font-size:16px\">Nov\u00e9 ekonomick\u00e9 a ekologick\u00e9 \u010didlo kvality vnit\u0159n\u00edho vzduchu NL-ECO-CO2 slou\u017e\u00ed pro sledov\u00e1n\u00ed kvality vzduchu v interi\u00e9ru a pro \u0159\u00edzen\u00ed ventila\u010dn\u00edch syst\u00e9m\u016f dle aktu\u00e1ln\u00ed \u00farovn\u011b zne\u010di\u0161t\u011bn\u00ed vzduchu.<\/span><\/p>\n<ul>\n<li><span style=\"font-size:16px\">m\u011b\u0159en\u00ed koncentrace oxidu uhli\u010dit\u00e9ho<\/span><\/li>\n<li><span style=\"font-size:16px\">voliteln\u00fd rozsah m\u011b\u0159en\u00ed 400 \u2013 2 000 \/ 400 \u2013 5 000 ppm<\/span><\/li>\n<li><span style=\"font-size:16px\">optick\u00fd princip m\u011b\u0159en\u00ed<\/span><\/li>\n<li><span style=\"font-size:16px\">3x LED indikace<\/span><\/li>\n<li><span style=\"font-size:16px\">bez nutnosti kalibrace (vestav\u011bn\u00e1 autokalibrace)<\/span><\/li>\n<li><span style=\"font-size:16px\">no\u010dn\u00ed re\u017eim \u010didla<\/span><\/li>\n<li><span style=\"font-size:16px\">jednoduch\u00e1 instalace<\/span><\/li>\n<li><span style=\"font-size:16px\">\u017eivotnost min. 10 let<\/span><\/li>\n<li><span style=\"font-size:16px\">roz\u0161\u00ed\u0159en\u00e1 verze \u010didla&nbsp;ADS-CO2-24<\/span><\/li>\n<\/ul>\n<h3><span style=\"font-size:16px\">Voliteln\u00fd rozsah m\u011b\u0159en\u00ed CO<sub>2<\/sub><\/span><\/h3>\n<p><span style=\"font-size:16px\">Zvolte podle pot\u0159eby. Byty, domy, kancel\u00e1\u0159e, lo\u017enice \u2026nebo\u2026 \u0161koly, zasedac\u00ed m\u00edstnosti a prostory s obsazenost\u00ed 24\/7?<\/span><\/p>\n<p><span style=\"font-size:16px\">B\u011b\u017en\u00fd m\u011b\u0159\u00edc\u00ed rozsah 400 \u2013 2 000 ppm (= Parts Per Million, \u010d\u00e1st\u00ed z milionu) je pro n\u011bkter\u00e9 prostory nedosta\u010duj\u00edc\u00ed. Typick\u00fdm p\u0159\u00edkladem jsou t\u0159eba \u0161koln\u00ed t\u0159\u00eddy. Hodnoty se zde pohybuj\u00ed velmi \u010dasto nad 2 000 ppm, to se n\u00e1m potvrzuje s ka\u017ed\u00fdm dal\u0161\u00edm m\u011b\u0159en\u00edm.<\/span><\/p>\n<p><span style=\"font-size:16px\">P\u0159\u00edkladem je jedna ostravsk\u00e1 \u0161kola, kde se dostalo \u010didlo na maximum, tedy na 5000 ppm a dr\u017eelo se na tomto maximu v jednom p\u0159\u00edpad\u011b i skoro hodinu. Nutno \u0159\u00edci, \u017ee to byla t\u0159\u00edda bez jak\u00e9hokoliv v\u011btrac\u00edho syst\u00e9mu.&nbsp;Z takov\u00e9ho prost\u0159ed\u00ed u\u017e bohu\u017eel jen chcete ut\u00e9ct a obsah u\u010diva v\u00e1s nijak nezaj\u00edm\u00e1.<\/span><\/p>\n<h3><span style=\"font-size:16px\">No\u010dn\u00ed re\u017eim \u2013 pro neru\u0161en\u00fd sp\u00e1nek va\u0161ich z\u00e1kazn\u00edk\u016f<\/span><\/h3>\n<p><span style=\"font-size:16px\">\u010cidlo je vybaveno automatick\u00fdm zhas\u00edn\u00e1n\u00edm LED kontrolek za tmy, aby \u010didlo v noci neru\u0161ilo. Skv\u011ble se tak hod\u00ed pro lo\u017enice \u010di d\u011btsk\u00e9 nebo t\u0159eba hotelov\u00e9 pokoje apod.<\/span><\/p>\n<\/p><\/div>\n<div class=\"ProductDetailContent\">                                                                    <\/div>\n<\/p><\/div>\n<\/p><\/div>\n<\/p><\/div>\n","protected":false},"excerpt":{"rendered":"<p>Popis produktu Protronix \u010cidlo kvality vzduchu CO2 (NL-ECO-CO2) Nov\u00e9 ekonomick\u00e9 a ekologick\u00e9 \u010didlo kvality vnit\u0159n\u00edho vzduchu NL-ECO-CO2 slou\u017e\u00ed pro sledov\u00e1n\u00ed kvality vzduchu v interi\u00e9ru a pro \u0159\u00edzen\u00ed ventila\u010dn\u00edch syst\u00e9m\u016f dle aktu\u00e1ln\u00ed \u00farovn\u011b zne\u010di\u0161t\u011bn\u00ed vzduchu. m\u011b\u0159en\u00ed koncentrace oxidu uhli\u010dit\u00e9ho voliteln\u00fd rozsah m\u011b\u0159en\u00ed 400 \u2013 2 000 \/ 400 \u2013 5 000 ppm optick\u00fd princip m\u011b\u0159en\u00ed 3x [&hellip;]<\/p>\n","protected":false},"featured_media":14800,"comment_status":"open","ping_status":"open","template":"","meta":[],"product_brand":[],"product_cat":[74],"product_tag":[],"class_list":{"0":"post-14700","1":"product","2":"type-product","3":"status-publish","4":"has-post-thumbnail","6":"product_cat-rekuperace-vzduchu-a-vody-vetrani","8":"first","9":"instock","10":"sale","11":"shipping-taxable","12":"purchasable","13":"product-type-simple"},"yoast_head":"<!-- This site is optimized with the Yoast SEO plugin v26.8 - https:\/\/yoast.com\/product\/yoast-seo-wordpress\/ -->\n<title>Protronix \u010cidlo kvality vzduchu CO2 (NL-ECO-CO2) Kup Te\u010f -<\/title>\n<meta name=\"robots\" content=\"index, follow, max-snippet:-1, max-image-preview:large, max-video-preview:-1\" \/>\n<link rel=\"canonical\" href=\"https:\/\/www.technodompro.com\/index.php\/produkt\/protronix-cidlo-kvality-vzduchu-co2-nl-eco-co2-kup-ted-14700\/\" \/>\n<meta property=\"og:locale\" content=\"cs_CZ\" \/>\n<meta property=\"og:type\" content=\"article\" \/>\n<meta property=\"og:title\" content=\"Protronix \u010cidlo kvality vzduchu CO2 (NL-ECO-CO2) Kup Te\u010f -\" \/>\n<meta property=\"og:description\" content=\"Popis produktu Protronix \u010cidlo kvality vzduchu CO2 (NL-ECO-CO2) Nov\u00e9 ekonomick\u00e9 a ekologick\u00e9 \u010didlo kvality vnit\u0159n\u00edho vzduchu NL-ECO-CO2 slou\u017e\u00ed pro sledov\u00e1n\u00ed kvality vzduchu v interi\u00e9ru a pro \u0159\u00edzen\u00ed ventila\u010dn\u00edch syst\u00e9m\u016f dle aktu\u00e1ln\u00ed \u00farovn\u011b zne\u010di\u0161t\u011bn\u00ed vzduchu. m\u011b\u0159en\u00ed koncentrace oxidu uhli\u010dit\u00e9ho voliteln\u00fd rozsah m\u011b\u0159en\u00ed 400 \u2013 2 000 \/ 400 \u2013 5 000 ppm optick\u00fd princip m\u011b\u0159en\u00ed 3x [&hellip;]\" \/>\n<meta property=\"og:url\" content=\"https:\/\/www.technodompro.com\/index.php\/produkt\/protronix-cidlo-kvality-vzduchu-co2-nl-eco-co2-kup-ted-14700\/\" \/>\n<meta property=\"og:image\" content=\"https:\/\/www.technodompro.com\/wp-content\/uploads\/2026\/SK0015103-CZ20260425-092632-0-1777080397-protronix-cidlo-kvality-vzduchu-co2-nl-eco-co2-927895.webp\" \/>\n\t<meta property=\"og:image:width\" content=\"600\" \/>\n\t<meta property=\"og:image:height\" content=\"600\" \/>\n\t<meta property=\"og:image:type\" content=\"image\/webp\" \/>\n<meta name=\"twitter:card\" content=\"summary_large_image\" \/>\n<meta name=\"twitter:label1\" content=\"Odhadovan\u00e1 doba \u010dten\u00ed\" \/>\n\t<meta name=\"twitter:data1\" content=\"1 minuta\" \/>\n<script type=\"application\/ld+json\" class=\"yoast-schema-graph\">{\"@context\":\"https:\/\/schema.org\",\"@graph\":[{\"@type\":\"WebPage\",\"@id\":\"https:\/\/www.technodompro.com\/index.php\/produkt\/protronix-cidlo-kvality-vzduchu-co2-nl-eco-co2-kup-ted-14700\/\",\"url\":\"https:\/\/www.technodompro.com\/index.php\/produkt\/protronix-cidlo-kvality-vzduchu-co2-nl-eco-co2-kup-ted-14700\/\",\"name\":\"Protronix \u010cidlo kvality vzduchu CO2 (NL-ECO-CO2) Kup Te\u010f -\",\"isPartOf\":{\"@id\":\"https:\/\/www.technodompro.com\/#website\"},\"primaryImageOfPage\":{\"@id\":\"https:\/\/www.technodompro.com\/index.php\/produkt\/protronix-cidlo-kvality-vzduchu-co2-nl-eco-co2-kup-ted-14700\/#primaryimage\"},\"image\":{\"@id\":\"https:\/\/www.technodompro.com\/index.php\/produkt\/protronix-cidlo-kvality-vzduchu-co2-nl-eco-co2-kup-ted-14700\/#primaryimage\"},\"thumbnailUrl\":\"https:\/\/www.technodompro.com\/wp-content\/uploads\/2026\/SK0015103-CZ20260425-092632-0-1777080397-protronix-cidlo-kvality-vzduchu-co2-nl-eco-co2-927895.webp\",\"datePublished\":\"2026-04-27T04:41:06+00:00\",\"breadcrumb\":{\"@id\":\"https:\/\/www.technodompro.com\/index.php\/produkt\/protronix-cidlo-kvality-vzduchu-co2-nl-eco-co2-kup-ted-14700\/#breadcrumb\"},\"inLanguage\":\"cs\",\"potentialAction\":[{\"@type\":\"ReadAction\",\"target\":[\"https:\/\/www.technodompro.com\/index.php\/produkt\/protronix-cidlo-kvality-vzduchu-co2-nl-eco-co2-kup-ted-14700\/\"]}]},{\"@type\":\"ImageObject\",\"inLanguage\":\"cs\",\"@id\":\"https:\/\/www.technodompro.com\/index.php\/produkt\/protronix-cidlo-kvality-vzduchu-co2-nl-eco-co2-kup-ted-14700\/#primaryimage\",\"url\":\"https:\/\/www.technodompro.com\/wp-content\/uploads\/2026\/SK0015103-CZ20260425-092632-0-1777080397-protronix-cidlo-kvality-vzduchu-co2-nl-eco-co2-927895.webp\",\"contentUrl\":\"https:\/\/www.technodompro.com\/wp-content\/uploads\/2026\/SK0015103-CZ20260425-092632-0-1777080397-protronix-cidlo-kvality-vzduchu-co2-nl-eco-co2-927895.webp\",\"width\":600,\"height\":600},{\"@type\":\"BreadcrumbList\",\"@id\":\"https:\/\/www.technodompro.com\/index.php\/produkt\/protronix-cidlo-kvality-vzduchu-co2-nl-eco-co2-kup-ted-14700\/#breadcrumb\",\"itemListElement\":[{\"@type\":\"ListItem\",\"position\":1,\"name\":\"Home\",\"item\":\"https:\/\/www.technodompro.com\/\"},{\"@type\":\"ListItem\",\"position\":2,\"name\":\"Products\",\"item\":\"https:\/\/www.technodompro.com\/index.php\/products\/\"},{\"@type\":\"ListItem\",\"position\":3,\"name\":\"Protronix \u010cidlo kvality vzduchu CO2 (NL-ECO-CO2) Kup Te\u010f\"}]},{\"@type\":\"WebSite\",\"@id\":\"https:\/\/www.technodompro.com\/#website\",\"url\":\"https:\/\/www.technodompro.com\/\",\"name\":\"\",\"description\":\"\",\"potentialAction\":[{\"@type\":\"SearchAction\",\"target\":{\"@type\":\"EntryPoint\",\"urlTemplate\":\"https:\/\/www.technodompro.com\/?s={search_term_string}\"},\"query-input\":{\"@type\":\"PropertyValueSpecification\",\"valueRequired\":true,\"valueName\":\"search_term_string\"}}],\"inLanguage\":\"cs\"}]}<\/script>\n<!-- \/ Yoast SEO plugin. -->","yoast_head_json":{"title":"Protronix \u010cidlo kvality vzduchu CO2 (NL-ECO-CO2) Kup Te\u010f -","robots":{"index":"index","follow":"follow","max-snippet":"max-snippet:-1","max-image-preview":"max-image-preview:large","max-video-preview":"max-video-preview:-1"},"canonical":"https:\/\/www.technodompro.com\/index.php\/produkt\/protronix-cidlo-kvality-vzduchu-co2-nl-eco-co2-kup-ted-14700\/","og_locale":"cs_CZ","og_type":"article","og_title":"Protronix \u010cidlo kvality vzduchu CO2 (NL-ECO-CO2) Kup Te\u010f -","og_description":"Popis produktu Protronix \u010cidlo kvality vzduchu CO2 (NL-ECO-CO2) Nov\u00e9 ekonomick\u00e9 a ekologick\u00e9 \u010didlo kvality vnit\u0159n\u00edho vzduchu NL-ECO-CO2 slou\u017e\u00ed pro sledov\u00e1n\u00ed kvality vzduchu v interi\u00e9ru a pro \u0159\u00edzen\u00ed ventila\u010dn\u00edch syst\u00e9m\u016f dle aktu\u00e1ln\u00ed \u00farovn\u011b zne\u010di\u0161t\u011bn\u00ed vzduchu. m\u011b\u0159en\u00ed koncentrace oxidu uhli\u010dit\u00e9ho voliteln\u00fd rozsah m\u011b\u0159en\u00ed 400 \u2013 2 000 \/ 400 \u2013 5 000 ppm optick\u00fd princip m\u011b\u0159en\u00ed 3x [&hellip;]","og_url":"https:\/\/www.technodompro.com\/index.php\/produkt\/protronix-cidlo-kvality-vzduchu-co2-nl-eco-co2-kup-ted-14700\/","og_image":[{"width":600,"height":600,"url":"https:\/\/www.technodompro.com\/wp-content\/uploads\/2026\/SK0015103-CZ20260425-092632-0-1777080397-protronix-cidlo-kvality-vzduchu-co2-nl-eco-co2-927895.webp","type":"image\/webp"}],"twitter_card":"summary_large_image","twitter_misc":{"Odhadovan\u00e1 doba \u010dten\u00ed":"1 minuta"},"schema":{"@context":"https:\/\/schema.org","@graph":[{"@type":"WebPage","@id":"https:\/\/www.technodompro.com\/index.php\/produkt\/protronix-cidlo-kvality-vzduchu-co2-nl-eco-co2-kup-ted-14700\/","url":"https:\/\/www.technodompro.com\/index.php\/produkt\/protronix-cidlo-kvality-vzduchu-co2-nl-eco-co2-kup-ted-14700\/","name":"Protronix \u010cidlo kvality vzduchu CO2 (NL-ECO-CO2) Kup Te\u010f -","isPartOf":{"@id":"https:\/\/www.technodompro.com\/#website"},"primaryImageOfPage":{"@id":"https:\/\/www.technodompro.com\/index.php\/produkt\/protronix-cidlo-kvality-vzduchu-co2-nl-eco-co2-kup-ted-14700\/#primaryimage"},"image":{"@id":"https:\/\/www.technodompro.com\/index.php\/produkt\/protronix-cidlo-kvality-vzduchu-co2-nl-eco-co2-kup-ted-14700\/#primaryimage"},"thumbnailUrl":"https:\/\/www.technodompro.com\/wp-content\/uploads\/2026\/SK0015103-CZ20260425-092632-0-1777080397-protronix-cidlo-kvality-vzduchu-co2-nl-eco-co2-927895.webp","datePublished":"2026-04-27T04:41:06+00:00","breadcrumb":{"@id":"https:\/\/www.technodompro.com\/index.php\/produkt\/protronix-cidlo-kvality-vzduchu-co2-nl-eco-co2-kup-ted-14700\/#breadcrumb"},"inLanguage":"cs","potentialAction":[{"@type":"ReadAction","target":["https:\/\/www.technodompro.com\/index.php\/produkt\/protronix-cidlo-kvality-vzduchu-co2-nl-eco-co2-kup-ted-14700\/"]}]},{"@type":"ImageObject","inLanguage":"cs","@id":"https:\/\/www.technodompro.com\/index.php\/produkt\/protronix-cidlo-kvality-vzduchu-co2-nl-eco-co2-kup-ted-14700\/#primaryimage","url":"https:\/\/www.technodompro.com\/wp-content\/uploads\/2026\/SK0015103-CZ20260425-092632-0-1777080397-protronix-cidlo-kvality-vzduchu-co2-nl-eco-co2-927895.webp","contentUrl":"https:\/\/www.technodompro.com\/wp-content\/uploads\/2026\/SK0015103-CZ20260425-092632-0-1777080397-protronix-cidlo-kvality-vzduchu-co2-nl-eco-co2-927895.webp","width":600,"height":600},{"@type":"BreadcrumbList","@id":"https:\/\/www.technodompro.com\/index.php\/produkt\/protronix-cidlo-kvality-vzduchu-co2-nl-eco-co2-kup-ted-14700\/#breadcrumb","itemListElement":[{"@type":"ListItem","position":1,"name":"Home","item":"https:\/\/www.technodompro.com\/"},{"@type":"ListItem","position":2,"name":"Products","item":"https:\/\/www.technodompro.com\/index.php\/products\/"},{"@type":"ListItem","position":3,"name":"Protronix \u010cidlo kvality vzduchu CO2 (NL-ECO-CO2) Kup Te\u010f"}]},{"@type":"WebSite","@id":"https:\/\/www.technodompro.com\/#website","url":"https:\/\/www.technodompro.com\/","name":"","description":"","potentialAction":[{"@type":"SearchAction","target":{"@type":"EntryPoint","urlTemplate":"https:\/\/www.technodompro.com\/?s={search_term_string}"},"query-input":{"@type":"PropertyValueSpecification","valueRequired":true,"valueName":"search_term_string"}}],"inLanguage":"cs"}]}},"_links":{"self":[{"href":"https:\/\/www.technodompro.com\/index.php\/wp-json\/wp\/v2\/product\/14700","targetHints":{"allow":["GET"]}}],"collection":[{"href":"https:\/\/www.technodompro.com\/index.php\/wp-json\/wp\/v2\/product"}],"about":[{"href":"https:\/\/www.technodompro.com\/index.php\/wp-json\/wp\/v2\/types\/product"}],"replies":[{"embeddable":true,"href":"https:\/\/www.technodompro.com\/index.php\/wp-json\/wp\/v2\/comments?post=14700"}],"wp:featuredmedia":[{"embeddable":true,"href":"https:\/\/www.technodompro.com\/index.php\/wp-json\/wp\/v2\/media\/14800"}],"wp:attachment":[{"href":"https:\/\/www.technodompro.com\/index.php\/wp-json\/wp\/v2\/media?parent=14700"}],"wp:term":[{"taxonomy":"product_brand","embeddable":true,"href":"https:\/\/www.technodompro.com\/index.php\/wp-json\/wp\/v2\/product_brand?post=14700"},{"taxonomy":"product_cat","embeddable":true,"href":"https:\/\/www.technodompro.com\/index.php\/wp-json\/wp\/v2\/product_cat?post=14700"},{"taxonomy":"product_tag","embeddable":true,"href":"https:\/\/www.technodompro.com\/index.php\/wp-json\/wp\/v2\/product_tag?post=14700"}],"curies":[{"name":"wp","href":"https:\/\/api.w.org\/{rel}","templated":true}]}}