{"id":14703,"date":"2026-04-27T04:41:06","date_gmt":"2026-04-27T04:41:06","guid":{"rendered":""},"modified":"2026-04-27T04:41:06","modified_gmt":"2026-04-27T04:41:06","slug":"cenovy-hit-protronix-podomitkove-cidlo-kvality-vzduchu-co2-cl-co2-14703","status":"publish","type":"product","link":"https:\/\/www.technodompro.com\/index.php\/produkt\/cenovy-hit-protronix-podomitkove-cidlo-kvality-vzduchu-co2-cl-co2-14703\/","title":{"rendered":"Cenov\u00fd Hit Protronix  Podom\u00edtkov\u00e9 \u010didlo kvality vzduchu CO2 (CL-CO2)"},"content":{"rendered":"<div class=\"ProductDetail-content NoFixImageContainer\" id=\"productDescription\">\n<div class=\"Heading\">\n<h2 class=\"Heading-title\">Popis produktu <span class=''>Protronix  Podom\u00edtkov\u00e9 \u010didlo kvality vzduchu CO2 (CL-CO2)<\/span><\/h2>\n<\/p><\/div>\n<div class=\"ProductDetailContent\">\n<p><span style=\"font-size:16px\">Prostorov&eacute; \u010didlo CL-CO2 slou\u017e&iacute; pro trval&eacute; monitorov&aacute;n&iacute; kvality vzduchu v interi&eacute;ru budov a pro n&aacute;sledn&eacute; efektivn&iacute; \u0159&iacute;zen&iacute; v&yacute;konu ventila\u010dn&iacute;ch syst&eacute;m\u016f na z&aacute;klad\u011b koncentrace oxidu uhli\u010dit&eacute;ho.&nbsp;Je vhodn&eacute; pro kancel&aacute;\u0159e, &scaron;koly, u\u010debny, obchodn&iacute; centra, dom&aacute;cnosti, restaurace, fitcentra, komer\u010dn&iacute; objekty, atd.<\/span><\/p>\n<ul>\n<li><span style=\"font-size:16px\">do instala\u010dn&iacute; krabi\u010dky (do z&aacute;stavby)<\/span><\/li>\n<li><span style=\"font-size:16px\">mo\u017enost p\u0159ekryt&iacute; jakoukoliv z&aacute;slepkou<\/span><\/li>\n<li><span style=\"font-size:16px\">optick&yacute; princip m\u011b\u0159en&iacute; koncentrace oxidu uhli\u010dit&eacute;ho<\/span><\/li>\n<li><span style=\"font-size:16px\">voliteln&iacute; rozsah m\u011b\u0159en&iacute; 400 &ndash; 2 000 \/ 5 000 ppm<\/span><\/li>\n<li><span style=\"font-size:16px\">&scaron;irok&yacute; rozsah nap&aacute;jec&iacute;ho nap\u011bt&iacute; 12 &ndash; 40 V DC, 15 &ndash; 30 V AC<\/span><\/li>\n<li><span style=\"font-size:16px\">analogov&yacute; v&yacute;stup 0-10 V a dr&aacute;tov&aacute; komunikace RS485 s protokolem MODBUS<\/span><\/li>\n<li><span style=\"font-size:16px\">bez nutnosti kalibrace (vestav\u011bn&aacute; autokalibrace)<\/span><\/li>\n<li><span style=\"font-size:16px\">mo\u017enost vestavby&nbsp;<strong>do ventila\u010dn&iacute; jednotky<\/strong><\/span><\/li>\n<\/ul>\n<p><strong><span style=\"font-size:16px\">Voliten&yacute; v&yacute;stup<\/span><\/strong><\/p>\n<p><span style=\"font-size:16px\">Klasick&eacute; \u0159&iacute;zen&iacute; nebo s p\u0159ipojen&iacute;m do chytr&eacute; budovy? \u010cidlo CL-CO2 nab&iacute;z&iacute; mo\u017enost volby mezi analogov&yacute;m nap\u011b\u0165ov&yacute;m v&yacute;stupem 0 &ndash; 10V nebo dr&aacute;tovou komunikac&iacute;&nbsp; RS485 s protokolem Modbus.<\/span><\/p>\n<\/p><\/div>\n<div class=\"ProductDetailContent\">                                                                    <\/div>\n<\/p><\/div>\n<\/p><\/div>\n<\/p><\/div>\n","protected":false},"excerpt":{"rendered":"<p>Popis produktu Protronix Podom\u00edtkov\u00e9 \u010didlo kvality vzduchu CO2 (CL-CO2) Prostorov&eacute; \u010didlo CL-CO2 slou\u017e&iacute; pro trval&eacute; monitorov&aacute;n&iacute; kvality vzduchu v interi&eacute;ru budov a pro n&aacute;sledn&eacute; efektivn&iacute; \u0159&iacute;zen&iacute; v&yacute;konu ventila\u010dn&iacute;ch syst&eacute;m\u016f na z&aacute;klad\u011b koncentrace oxidu uhli\u010dit&eacute;ho.&nbsp;Je vhodn&eacute; pro kancel&aacute;\u0159e, &scaron;koly, u\u010debny, obchodn&iacute; centra, dom&aacute;cnosti, restaurace, fitcentra, komer\u010dn&iacute; objekty, atd. do instala\u010dn&iacute; krabi\u010dky (do z&aacute;stavby) mo\u017enost p\u0159ekryt&iacute; jakoukoliv [&hellip;]<\/p>\n","protected":false},"featured_media":14803,"comment_status":"open","ping_status":"open","template":"","meta":[],"product_brand":[],"product_cat":[74],"product_tag":[],"class_list":{"0":"post-14703","1":"product","2":"type-product","3":"status-publish","4":"has-post-thumbnail","6":"product_cat-rekuperace-vzduchu-a-vody-vetrani","8":"first","9":"instock","10":"sale","11":"shipping-taxable","12":"purchasable","13":"product-type-simple"},"yoast_head":"<!-- This site is optimized with the Yoast SEO plugin v26.8 - https:\/\/yoast.com\/product\/yoast-seo-wordpress\/ -->\n<title>Cenov\u00fd Hit Protronix Podom\u00edtkov\u00e9 \u010didlo kvality vzduchu CO2 (CL-CO2) -<\/title>\n<meta name=\"robots\" content=\"index, follow, max-snippet:-1, max-image-preview:large, max-video-preview:-1\" \/>\n<link rel=\"canonical\" href=\"https:\/\/www.technodompro.com\/index.php\/produkt\/cenovy-hit-protronix-podomitkove-cidlo-kvality-vzduchu-co2-cl-co2-14703\/\" \/>\n<meta property=\"og:locale\" content=\"cs_CZ\" \/>\n<meta property=\"og:type\" content=\"article\" \/>\n<meta property=\"og:title\" content=\"Cenov\u00fd Hit Protronix Podom\u00edtkov\u00e9 \u010didlo kvality vzduchu CO2 (CL-CO2) -\" \/>\n<meta property=\"og:description\" content=\"Popis produktu Protronix Podom\u00edtkov\u00e9 \u010didlo kvality vzduchu CO2 (CL-CO2) Prostorov&eacute; \u010didlo CL-CO2 slou\u017e&iacute; pro trval&eacute; monitorov&aacute;n&iacute; kvality vzduchu v interi&eacute;ru budov a pro n&aacute;sledn&eacute; efektivn&iacute; \u0159&iacute;zen&iacute; v&yacute;konu ventila\u010dn&iacute;ch syst&eacute;m\u016f na z&aacute;klad\u011b koncentrace oxidu uhli\u010dit&eacute;ho.&nbsp;Je vhodn&eacute; pro kancel&aacute;\u0159e, &scaron;koly, u\u010debny, obchodn&iacute; centra, dom&aacute;cnosti, restaurace, fitcentra, komer\u010dn&iacute; objekty, atd. do instala\u010dn&iacute; krabi\u010dky (do z&aacute;stavby) mo\u017enost p\u0159ekryt&iacute; jakoukoliv [&hellip;]\" \/>\n<meta property=\"og:url\" content=\"https:\/\/www.technodompro.com\/index.php\/produkt\/cenovy-hit-protronix-podomitkove-cidlo-kvality-vzduchu-co2-cl-co2-14703\/\" \/>\n<meta property=\"og:image\" content=\"https:\/\/www.technodompro.com\/wp-content\/uploads\/2026\/SK0015106-CZ20260425-092632-0-1777080397-protronix-podomitkove-cidlo-kvality-vzduchu-co2-cl-co2-9278.webp\" \/>\n\t<meta property=\"og:image:width\" content=\"600\" \/>\n\t<meta property=\"og:image:height\" content=\"600\" \/>\n\t<meta property=\"og:image:type\" content=\"image\/webp\" \/>\n<meta name=\"twitter:card\" content=\"summary_large_image\" \/>\n<meta name=\"twitter:label1\" content=\"Odhadovan\u00e1 doba \u010dten\u00ed\" \/>\n\t<meta name=\"twitter:data1\" content=\"1 minuta\" \/>\n<script type=\"application\/ld+json\" class=\"yoast-schema-graph\">{\"@context\":\"https:\/\/schema.org\",\"@graph\":[{\"@type\":\"WebPage\",\"@id\":\"https:\/\/www.technodompro.com\/index.php\/produkt\/cenovy-hit-protronix-podomitkove-cidlo-kvality-vzduchu-co2-cl-co2-14703\/\",\"url\":\"https:\/\/www.technodompro.com\/index.php\/produkt\/cenovy-hit-protronix-podomitkove-cidlo-kvality-vzduchu-co2-cl-co2-14703\/\",\"name\":\"Cenov\u00fd Hit Protronix Podom\u00edtkov\u00e9 \u010didlo kvality vzduchu CO2 (CL-CO2) -\",\"isPartOf\":{\"@id\":\"https:\/\/www.technodompro.com\/#website\"},\"primaryImageOfPage\":{\"@id\":\"https:\/\/www.technodompro.com\/index.php\/produkt\/cenovy-hit-protronix-podomitkove-cidlo-kvality-vzduchu-co2-cl-co2-14703\/#primaryimage\"},\"image\":{\"@id\":\"https:\/\/www.technodompro.com\/index.php\/produkt\/cenovy-hit-protronix-podomitkove-cidlo-kvality-vzduchu-co2-cl-co2-14703\/#primaryimage\"},\"thumbnailUrl\":\"https:\/\/www.technodompro.com\/wp-content\/uploads\/2026\/SK0015106-CZ20260425-092632-0-1777080397-protronix-podomitkove-cidlo-kvality-vzduchu-co2-cl-co2-9278.webp\",\"datePublished\":\"2026-04-27T04:41:06+00:00\",\"breadcrumb\":{\"@id\":\"https:\/\/www.technodompro.com\/index.php\/produkt\/cenovy-hit-protronix-podomitkove-cidlo-kvality-vzduchu-co2-cl-co2-14703\/#breadcrumb\"},\"inLanguage\":\"cs\",\"potentialAction\":[{\"@type\":\"ReadAction\",\"target\":[\"https:\/\/www.technodompro.com\/index.php\/produkt\/cenovy-hit-protronix-podomitkove-cidlo-kvality-vzduchu-co2-cl-co2-14703\/\"]}]},{\"@type\":\"ImageObject\",\"inLanguage\":\"cs\",\"@id\":\"https:\/\/www.technodompro.com\/index.php\/produkt\/cenovy-hit-protronix-podomitkove-cidlo-kvality-vzduchu-co2-cl-co2-14703\/#primaryimage\",\"url\":\"https:\/\/www.technodompro.com\/wp-content\/uploads\/2026\/SK0015106-CZ20260425-092632-0-1777080397-protronix-podomitkove-cidlo-kvality-vzduchu-co2-cl-co2-9278.webp\",\"contentUrl\":\"https:\/\/www.technodompro.com\/wp-content\/uploads\/2026\/SK0015106-CZ20260425-092632-0-1777080397-protronix-podomitkove-cidlo-kvality-vzduchu-co2-cl-co2-9278.webp\",\"width\":600,\"height\":600},{\"@type\":\"BreadcrumbList\",\"@id\":\"https:\/\/www.technodompro.com\/index.php\/produkt\/cenovy-hit-protronix-podomitkove-cidlo-kvality-vzduchu-co2-cl-co2-14703\/#breadcrumb\",\"itemListElement\":[{\"@type\":\"ListItem\",\"position\":1,\"name\":\"Home\",\"item\":\"https:\/\/www.technodompro.com\/\"},{\"@type\":\"ListItem\",\"position\":2,\"name\":\"Products\",\"item\":\"https:\/\/www.technodompro.com\/index.php\/products\/\"},{\"@type\":\"ListItem\",\"position\":3,\"name\":\"Cenov\u00fd Hit Protronix Podom\u00edtkov\u00e9 \u010didlo kvality vzduchu CO2 (CL-CO2)\"}]},{\"@type\":\"WebSite\",\"@id\":\"https:\/\/www.technodompro.com\/#website\",\"url\":\"https:\/\/www.technodompro.com\/\",\"name\":\"\",\"description\":\"\",\"potentialAction\":[{\"@type\":\"SearchAction\",\"target\":{\"@type\":\"EntryPoint\",\"urlTemplate\":\"https:\/\/www.technodompro.com\/?s={search_term_string}\"},\"query-input\":{\"@type\":\"PropertyValueSpecification\",\"valueRequired\":true,\"valueName\":\"search_term_string\"}}],\"inLanguage\":\"cs\"}]}<\/script>\n<!-- \/ Yoast SEO plugin. -->","yoast_head_json":{"title":"Cenov\u00fd Hit Protronix Podom\u00edtkov\u00e9 \u010didlo kvality vzduchu CO2 (CL-CO2) -","robots":{"index":"index","follow":"follow","max-snippet":"max-snippet:-1","max-image-preview":"max-image-preview:large","max-video-preview":"max-video-preview:-1"},"canonical":"https:\/\/www.technodompro.com\/index.php\/produkt\/cenovy-hit-protronix-podomitkove-cidlo-kvality-vzduchu-co2-cl-co2-14703\/","og_locale":"cs_CZ","og_type":"article","og_title":"Cenov\u00fd Hit Protronix Podom\u00edtkov\u00e9 \u010didlo kvality vzduchu CO2 (CL-CO2) -","og_description":"Popis produktu Protronix Podom\u00edtkov\u00e9 \u010didlo kvality vzduchu CO2 (CL-CO2) Prostorov&eacute; \u010didlo CL-CO2 slou\u017e&iacute; pro trval&eacute; monitorov&aacute;n&iacute; kvality vzduchu v interi&eacute;ru budov a pro n&aacute;sledn&eacute; efektivn&iacute; \u0159&iacute;zen&iacute; v&yacute;konu ventila\u010dn&iacute;ch syst&eacute;m\u016f na z&aacute;klad\u011b koncentrace oxidu uhli\u010dit&eacute;ho.&nbsp;Je vhodn&eacute; pro kancel&aacute;\u0159e, &scaron;koly, u\u010debny, obchodn&iacute; centra, dom&aacute;cnosti, restaurace, fitcentra, komer\u010dn&iacute; objekty, atd. do instala\u010dn&iacute; krabi\u010dky (do z&aacute;stavby) mo\u017enost p\u0159ekryt&iacute; jakoukoliv [&hellip;]","og_url":"https:\/\/www.technodompro.com\/index.php\/produkt\/cenovy-hit-protronix-podomitkove-cidlo-kvality-vzduchu-co2-cl-co2-14703\/","og_image":[{"width":600,"height":600,"url":"https:\/\/www.technodompro.com\/wp-content\/uploads\/2026\/SK0015106-CZ20260425-092632-0-1777080397-protronix-podomitkove-cidlo-kvality-vzduchu-co2-cl-co2-9278.webp","type":"image\/webp"}],"twitter_card":"summary_large_image","twitter_misc":{"Odhadovan\u00e1 doba \u010dten\u00ed":"1 minuta"},"schema":{"@context":"https:\/\/schema.org","@graph":[{"@type":"WebPage","@id":"https:\/\/www.technodompro.com\/index.php\/produkt\/cenovy-hit-protronix-podomitkove-cidlo-kvality-vzduchu-co2-cl-co2-14703\/","url":"https:\/\/www.technodompro.com\/index.php\/produkt\/cenovy-hit-protronix-podomitkove-cidlo-kvality-vzduchu-co2-cl-co2-14703\/","name":"Cenov\u00fd Hit Protronix Podom\u00edtkov\u00e9 \u010didlo kvality vzduchu CO2 (CL-CO2) -","isPartOf":{"@id":"https:\/\/www.technodompro.com\/#website"},"primaryImageOfPage":{"@id":"https:\/\/www.technodompro.com\/index.php\/produkt\/cenovy-hit-protronix-podomitkove-cidlo-kvality-vzduchu-co2-cl-co2-14703\/#primaryimage"},"image":{"@id":"https:\/\/www.technodompro.com\/index.php\/produkt\/cenovy-hit-protronix-podomitkove-cidlo-kvality-vzduchu-co2-cl-co2-14703\/#primaryimage"},"thumbnailUrl":"https:\/\/www.technodompro.com\/wp-content\/uploads\/2026\/SK0015106-CZ20260425-092632-0-1777080397-protronix-podomitkove-cidlo-kvality-vzduchu-co2-cl-co2-9278.webp","datePublished":"2026-04-27T04:41:06+00:00","breadcrumb":{"@id":"https:\/\/www.technodompro.com\/index.php\/produkt\/cenovy-hit-protronix-podomitkove-cidlo-kvality-vzduchu-co2-cl-co2-14703\/#breadcrumb"},"inLanguage":"cs","potentialAction":[{"@type":"ReadAction","target":["https:\/\/www.technodompro.com\/index.php\/produkt\/cenovy-hit-protronix-podomitkove-cidlo-kvality-vzduchu-co2-cl-co2-14703\/"]}]},{"@type":"ImageObject","inLanguage":"cs","@id":"https:\/\/www.technodompro.com\/index.php\/produkt\/cenovy-hit-protronix-podomitkove-cidlo-kvality-vzduchu-co2-cl-co2-14703\/#primaryimage","url":"https:\/\/www.technodompro.com\/wp-content\/uploads\/2026\/SK0015106-CZ20260425-092632-0-1777080397-protronix-podomitkove-cidlo-kvality-vzduchu-co2-cl-co2-9278.webp","contentUrl":"https:\/\/www.technodompro.com\/wp-content\/uploads\/2026\/SK0015106-CZ20260425-092632-0-1777080397-protronix-podomitkove-cidlo-kvality-vzduchu-co2-cl-co2-9278.webp","width":600,"height":600},{"@type":"BreadcrumbList","@id":"https:\/\/www.technodompro.com\/index.php\/produkt\/cenovy-hit-protronix-podomitkove-cidlo-kvality-vzduchu-co2-cl-co2-14703\/#breadcrumb","itemListElement":[{"@type":"ListItem","position":1,"name":"Home","item":"https:\/\/www.technodompro.com\/"},{"@type":"ListItem","position":2,"name":"Products","item":"https:\/\/www.technodompro.com\/index.php\/products\/"},{"@type":"ListItem","position":3,"name":"Cenov\u00fd Hit Protronix Podom\u00edtkov\u00e9 \u010didlo kvality vzduchu CO2 (CL-CO2)"}]},{"@type":"WebSite","@id":"https:\/\/www.technodompro.com\/#website","url":"https:\/\/www.technodompro.com\/","name":"","description":"","potentialAction":[{"@type":"SearchAction","target":{"@type":"EntryPoint","urlTemplate":"https:\/\/www.technodompro.com\/?s={search_term_string}"},"query-input":{"@type":"PropertyValueSpecification","valueRequired":true,"valueName":"search_term_string"}}],"inLanguage":"cs"}]}},"_links":{"self":[{"href":"https:\/\/www.technodompro.com\/index.php\/wp-json\/wp\/v2\/product\/14703","targetHints":{"allow":["GET"]}}],"collection":[{"href":"https:\/\/www.technodompro.com\/index.php\/wp-json\/wp\/v2\/product"}],"about":[{"href":"https:\/\/www.technodompro.com\/index.php\/wp-json\/wp\/v2\/types\/product"}],"replies":[{"embeddable":true,"href":"https:\/\/www.technodompro.com\/index.php\/wp-json\/wp\/v2\/comments?post=14703"}],"wp:featuredmedia":[{"embeddable":true,"href":"https:\/\/www.technodompro.com\/index.php\/wp-json\/wp\/v2\/media\/14803"}],"wp:attachment":[{"href":"https:\/\/www.technodompro.com\/index.php\/wp-json\/wp\/v2\/media?parent=14703"}],"wp:term":[{"taxonomy":"product_brand","embeddable":true,"href":"https:\/\/www.technodompro.com\/index.php\/wp-json\/wp\/v2\/product_brand?post=14703"},{"taxonomy":"product_cat","embeddable":true,"href":"https:\/\/www.technodompro.com\/index.php\/wp-json\/wp\/v2\/product_cat?post=14703"},{"taxonomy":"product_tag","embeddable":true,"href":"https:\/\/www.technodompro.com\/index.php\/wp-json\/wp\/v2\/product_tag?post=14703"}],"curies":[{"name":"wp","href":"https:\/\/api.w.org\/{rel}","templated":true}]}}