{"id":14704,"date":"2026-04-27T04:41:06","date_gmt":"2026-04-27T04:41:06","guid":{"rendered":""},"modified":"2026-04-27T04:41:06","modified_gmt":"2026-04-27T04:41:06","slug":"autenticky-protronix-prostorove-cidlo-relativni-vlhkosti-nl-eco-rh-12-a-24-v-14704","status":"publish","type":"product","link":"https:\/\/www.technodompro.com\/index.php\/produkt\/autenticky-protronix-prostorove-cidlo-relativni-vlhkosti-nl-eco-rh-12-a-24-v-14704\/","title":{"rendered":"Autentick\u00fd Protronix Prostorov\u00e9 \u010didlo relativn\u00ed vlhkosti NL-ECO-RH (12 a 24 V)"},"content":{"rendered":"<div class=\"ProductDetail-content NoFixImageContainer\" id=\"productDescription\">\n<div class=\"Heading\">\n<h2 class=\"Heading-title\">Popis produktu <span class=''>Protronix Prostorov\u00e9 \u010didlo relativn\u00ed vlhkosti NL-ECO-RH (12 a 24 V)<\/span><\/h2>\n<\/p><\/div>\n<div class=\"ProductDetailContent\">\n<p><span style=\"color:#000000\"><span style=\"font-family:arial,helvetica,sans-serif\"><span style=\"font-size:16px\">Nov&eacute; ekonomick&eacute; a ekologick&eacute; \u010didlo kvality vnit\u0159n&iacute;ho vzduchu NL-ECO-RH, kter&eacute; slou\u017e&iacute; pro sledov&aacute;n&iacute; kvality vzduchu v interi&eacute;ru &scaron;koln&iacute;ch budov a pro \u0159&iacute;zen&iacute; ventila\u010dn&iacute;ch syst&eacute;m\u016f dle aktu&aacute;ln&iacute; vlhkosti vzduchu v dan&eacute;m prostoru. \u010cidlo NL-ECO-RH je nav&iacute;c vybaveno novou funkc&iacute;&nbsp;<strong>zhas&iacute;n&aacute;n&iacute; v noci,&nbsp;<\/strong>&nbsp;proto v lo\u017enici, d\u011btsk&eacute;m nebo hotelov&eacute;m pokoji neru&scaron;&iacute; sv\u011btlem z LED indik&aacute;tor\u016f.<\/span><\/span><\/span><\/p>\n<ul>\n<li><span style=\"color:#000000\"><span style=\"font-family:arial,helvetica,sans-serif\"><span style=\"font-size:16px\">no\u010dn&iacute; re\u017eim<\/span><\/span><\/span><\/li>\n<li><span style=\"color:#000000\"><span style=\"font-family:arial,helvetica,sans-serif\"><span style=\"font-size:16px\">analogov&yacute; v&yacute;stup<\/span><\/span><\/span><\/li>\n<li><span style=\"color:#000000\"><span style=\"font-family:arial,helvetica,sans-serif\"><span style=\"font-size:16px\">kontakt rel&eacute;<\/span><\/span><\/span><\/li>\n<li><span style=\"color:#000000\"><span style=\"font-family:arial,helvetica,sans-serif\"><span style=\"font-size:16px\">nap&aacute;jen&iacute; 12 a 24 V<\/span><\/span><\/span><\/li>\n<\/ul><\/div>\n<div class=\"ProductDetailContent\">                                                                    <\/div>\n<\/p><\/div>\n<\/p><\/div>\n<\/p><\/div>\n","protected":false},"excerpt":{"rendered":"<p>Popis produktu Protronix Prostorov\u00e9 \u010didlo relativn\u00ed vlhkosti NL-ECO-RH (12 a 24 V) Nov&eacute; ekonomick&eacute; a ekologick&eacute; \u010didlo kvality vnit\u0159n&iacute;ho vzduchu NL-ECO-RH, kter&eacute; slou\u017e&iacute; pro sledov&aacute;n&iacute; kvality vzduchu v interi&eacute;ru &scaron;koln&iacute;ch budov a pro \u0159&iacute;zen&iacute; ventila\u010dn&iacute;ch syst&eacute;m\u016f dle aktu&aacute;ln&iacute; vlhkosti vzduchu v dan&eacute;m prostoru. \u010cidlo NL-ECO-RH je nav&iacute;c vybaveno novou funkc&iacute;&nbsp;zhas&iacute;n&aacute;n&iacute; v noci,&nbsp;&nbsp;proto v lo\u017enici, d\u011btsk&eacute;m [&hellip;]<\/p>\n","protected":false},"featured_media":14804,"comment_status":"open","ping_status":"open","template":"","meta":[],"product_brand":[],"product_cat":[74],"product_tag":[],"class_list":{"0":"post-14704","1":"product","2":"type-product","3":"status-publish","4":"has-post-thumbnail","6":"product_cat-rekuperace-vzduchu-a-vody-vetrani","8":"first","9":"instock","10":"sale","11":"shipping-taxable","12":"purchasable","13":"product-type-simple"},"yoast_head":"<!-- This site is optimized with the Yoast SEO plugin v26.8 - https:\/\/yoast.com\/product\/yoast-seo-wordpress\/ -->\n<title>Autentick\u00fd Protronix Prostorov\u00e9 \u010didlo relativn\u00ed vlhkosti NL-ECO-RH (12 a 24 V) -<\/title>\n<meta name=\"robots\" content=\"index, follow, max-snippet:-1, max-image-preview:large, max-video-preview:-1\" \/>\n<link rel=\"canonical\" href=\"https:\/\/www.technodompro.com\/index.php\/produkt\/autenticky-protronix-prostorove-cidlo-relativni-vlhkosti-nl-eco-rh-12-a-24-v-14704\/\" \/>\n<meta property=\"og:locale\" content=\"cs_CZ\" \/>\n<meta property=\"og:type\" content=\"article\" \/>\n<meta property=\"og:title\" content=\"Autentick\u00fd Protronix Prostorov\u00e9 \u010didlo relativn\u00ed vlhkosti NL-ECO-RH (12 a 24 V) -\" \/>\n<meta property=\"og:description\" content=\"Popis produktu Protronix Prostorov\u00e9 \u010didlo relativn\u00ed vlhkosti NL-ECO-RH (12 a 24 V) Nov&eacute; ekonomick&eacute; a ekologick&eacute; \u010didlo kvality vnit\u0159n&iacute;ho vzduchu NL-ECO-RH, kter&eacute; slou\u017e&iacute; pro sledov&aacute;n&iacute; kvality vzduchu v interi&eacute;ru &scaron;koln&iacute;ch budov a pro \u0159&iacute;zen&iacute; ventila\u010dn&iacute;ch syst&eacute;m\u016f dle aktu&aacute;ln&iacute; vlhkosti vzduchu v dan&eacute;m prostoru. \u010cidlo NL-ECO-RH je nav&iacute;c vybaveno novou funkc&iacute;&nbsp;zhas&iacute;n&aacute;n&iacute; v noci,&nbsp;&nbsp;proto v lo\u017enici, d\u011btsk&eacute;m [&hellip;]\" \/>\n<meta property=\"og:url\" content=\"https:\/\/www.technodompro.com\/index.php\/produkt\/autenticky-protronix-prostorove-cidlo-relativni-vlhkosti-nl-eco-rh-12-a-24-v-14704\/\" \/>\n<meta property=\"og:image\" content=\"https:\/\/www.technodompro.com\/wp-content\/uploads\/2026\/SK0015107-CZ20260425-092632-0-1777080397-protronix-prostorove-cidlo-relativni-vlhkosti-nl-eco-rh-12-.webp\" \/>\n\t<meta property=\"og:image:width\" content=\"600\" \/>\n\t<meta property=\"og:image:height\" content=\"600\" \/>\n\t<meta property=\"og:image:type\" content=\"image\/webp\" \/>\n<meta name=\"twitter:card\" content=\"summary_large_image\" \/>\n<meta name=\"twitter:label1\" content=\"Odhadovan\u00e1 doba \u010dten\u00ed\" \/>\n\t<meta name=\"twitter:data1\" content=\"1 minuta\" \/>\n<script type=\"application\/ld+json\" class=\"yoast-schema-graph\">{\"@context\":\"https:\/\/schema.org\",\"@graph\":[{\"@type\":\"WebPage\",\"@id\":\"https:\/\/www.technodompro.com\/index.php\/produkt\/autenticky-protronix-prostorove-cidlo-relativni-vlhkosti-nl-eco-rh-12-a-24-v-14704\/\",\"url\":\"https:\/\/www.technodompro.com\/index.php\/produkt\/autenticky-protronix-prostorove-cidlo-relativni-vlhkosti-nl-eco-rh-12-a-24-v-14704\/\",\"name\":\"Autentick\u00fd Protronix Prostorov\u00e9 \u010didlo relativn\u00ed vlhkosti NL-ECO-RH (12 a 24 V) -\",\"isPartOf\":{\"@id\":\"https:\/\/www.technodompro.com\/#website\"},\"primaryImageOfPage\":{\"@id\":\"https:\/\/www.technodompro.com\/index.php\/produkt\/autenticky-protronix-prostorove-cidlo-relativni-vlhkosti-nl-eco-rh-12-a-24-v-14704\/#primaryimage\"},\"image\":{\"@id\":\"https:\/\/www.technodompro.com\/index.php\/produkt\/autenticky-protronix-prostorove-cidlo-relativni-vlhkosti-nl-eco-rh-12-a-24-v-14704\/#primaryimage\"},\"thumbnailUrl\":\"https:\/\/www.technodompro.com\/wp-content\/uploads\/2026\/SK0015107-CZ20260425-092632-0-1777080397-protronix-prostorove-cidlo-relativni-vlhkosti-nl-eco-rh-12-.webp\",\"datePublished\":\"2026-04-27T04:41:06+00:00\",\"breadcrumb\":{\"@id\":\"https:\/\/www.technodompro.com\/index.php\/produkt\/autenticky-protronix-prostorove-cidlo-relativni-vlhkosti-nl-eco-rh-12-a-24-v-14704\/#breadcrumb\"},\"inLanguage\":\"cs\",\"potentialAction\":[{\"@type\":\"ReadAction\",\"target\":[\"https:\/\/www.technodompro.com\/index.php\/produkt\/autenticky-protronix-prostorove-cidlo-relativni-vlhkosti-nl-eco-rh-12-a-24-v-14704\/\"]}]},{\"@type\":\"ImageObject\",\"inLanguage\":\"cs\",\"@id\":\"https:\/\/www.technodompro.com\/index.php\/produkt\/autenticky-protronix-prostorove-cidlo-relativni-vlhkosti-nl-eco-rh-12-a-24-v-14704\/#primaryimage\",\"url\":\"https:\/\/www.technodompro.com\/wp-content\/uploads\/2026\/SK0015107-CZ20260425-092632-0-1777080397-protronix-prostorove-cidlo-relativni-vlhkosti-nl-eco-rh-12-.webp\",\"contentUrl\":\"https:\/\/www.technodompro.com\/wp-content\/uploads\/2026\/SK0015107-CZ20260425-092632-0-1777080397-protronix-prostorove-cidlo-relativni-vlhkosti-nl-eco-rh-12-.webp\",\"width\":600,\"height\":600},{\"@type\":\"BreadcrumbList\",\"@id\":\"https:\/\/www.technodompro.com\/index.php\/produkt\/autenticky-protronix-prostorove-cidlo-relativni-vlhkosti-nl-eco-rh-12-a-24-v-14704\/#breadcrumb\",\"itemListElement\":[{\"@type\":\"ListItem\",\"position\":1,\"name\":\"Home\",\"item\":\"https:\/\/www.technodompro.com\/\"},{\"@type\":\"ListItem\",\"position\":2,\"name\":\"Products\",\"item\":\"https:\/\/www.technodompro.com\/index.php\/products\/\"},{\"@type\":\"ListItem\",\"position\":3,\"name\":\"Autentick\u00fd Protronix Prostorov\u00e9 \u010didlo relativn\u00ed vlhkosti NL-ECO-RH (12 a 24 V)\"}]},{\"@type\":\"WebSite\",\"@id\":\"https:\/\/www.technodompro.com\/#website\",\"url\":\"https:\/\/www.technodompro.com\/\",\"name\":\"\",\"description\":\"\",\"potentialAction\":[{\"@type\":\"SearchAction\",\"target\":{\"@type\":\"EntryPoint\",\"urlTemplate\":\"https:\/\/www.technodompro.com\/?s={search_term_string}\"},\"query-input\":{\"@type\":\"PropertyValueSpecification\",\"valueRequired\":true,\"valueName\":\"search_term_string\"}}],\"inLanguage\":\"cs\"}]}<\/script>\n<!-- \/ Yoast SEO plugin. -->","yoast_head_json":{"title":"Autentick\u00fd Protronix Prostorov\u00e9 \u010didlo relativn\u00ed vlhkosti NL-ECO-RH (12 a 24 V) -","robots":{"index":"index","follow":"follow","max-snippet":"max-snippet:-1","max-image-preview":"max-image-preview:large","max-video-preview":"max-video-preview:-1"},"canonical":"https:\/\/www.technodompro.com\/index.php\/produkt\/autenticky-protronix-prostorove-cidlo-relativni-vlhkosti-nl-eco-rh-12-a-24-v-14704\/","og_locale":"cs_CZ","og_type":"article","og_title":"Autentick\u00fd Protronix Prostorov\u00e9 \u010didlo relativn\u00ed vlhkosti NL-ECO-RH (12 a 24 V) -","og_description":"Popis produktu Protronix Prostorov\u00e9 \u010didlo relativn\u00ed vlhkosti NL-ECO-RH (12 a 24 V) Nov&eacute; ekonomick&eacute; a ekologick&eacute; \u010didlo kvality vnit\u0159n&iacute;ho vzduchu NL-ECO-RH, kter&eacute; slou\u017e&iacute; pro sledov&aacute;n&iacute; kvality vzduchu v interi&eacute;ru &scaron;koln&iacute;ch budov a pro \u0159&iacute;zen&iacute; ventila\u010dn&iacute;ch syst&eacute;m\u016f dle aktu&aacute;ln&iacute; vlhkosti vzduchu v dan&eacute;m prostoru. \u010cidlo NL-ECO-RH je nav&iacute;c vybaveno novou funkc&iacute;&nbsp;zhas&iacute;n&aacute;n&iacute; v noci,&nbsp;&nbsp;proto v lo\u017enici, d\u011btsk&eacute;m [&hellip;]","og_url":"https:\/\/www.technodompro.com\/index.php\/produkt\/autenticky-protronix-prostorove-cidlo-relativni-vlhkosti-nl-eco-rh-12-a-24-v-14704\/","og_image":[{"width":600,"height":600,"url":"https:\/\/www.technodompro.com\/wp-content\/uploads\/2026\/SK0015107-CZ20260425-092632-0-1777080397-protronix-prostorove-cidlo-relativni-vlhkosti-nl-eco-rh-12-.webp","type":"image\/webp"}],"twitter_card":"summary_large_image","twitter_misc":{"Odhadovan\u00e1 doba \u010dten\u00ed":"1 minuta"},"schema":{"@context":"https:\/\/schema.org","@graph":[{"@type":"WebPage","@id":"https:\/\/www.technodompro.com\/index.php\/produkt\/autenticky-protronix-prostorove-cidlo-relativni-vlhkosti-nl-eco-rh-12-a-24-v-14704\/","url":"https:\/\/www.technodompro.com\/index.php\/produkt\/autenticky-protronix-prostorove-cidlo-relativni-vlhkosti-nl-eco-rh-12-a-24-v-14704\/","name":"Autentick\u00fd Protronix Prostorov\u00e9 \u010didlo relativn\u00ed vlhkosti NL-ECO-RH (12 a 24 V) -","isPartOf":{"@id":"https:\/\/www.technodompro.com\/#website"},"primaryImageOfPage":{"@id":"https:\/\/www.technodompro.com\/index.php\/produkt\/autenticky-protronix-prostorove-cidlo-relativni-vlhkosti-nl-eco-rh-12-a-24-v-14704\/#primaryimage"},"image":{"@id":"https:\/\/www.technodompro.com\/index.php\/produkt\/autenticky-protronix-prostorove-cidlo-relativni-vlhkosti-nl-eco-rh-12-a-24-v-14704\/#primaryimage"},"thumbnailUrl":"https:\/\/www.technodompro.com\/wp-content\/uploads\/2026\/SK0015107-CZ20260425-092632-0-1777080397-protronix-prostorove-cidlo-relativni-vlhkosti-nl-eco-rh-12-.webp","datePublished":"2026-04-27T04:41:06+00:00","breadcrumb":{"@id":"https:\/\/www.technodompro.com\/index.php\/produkt\/autenticky-protronix-prostorove-cidlo-relativni-vlhkosti-nl-eco-rh-12-a-24-v-14704\/#breadcrumb"},"inLanguage":"cs","potentialAction":[{"@type":"ReadAction","target":["https:\/\/www.technodompro.com\/index.php\/produkt\/autenticky-protronix-prostorove-cidlo-relativni-vlhkosti-nl-eco-rh-12-a-24-v-14704\/"]}]},{"@type":"ImageObject","inLanguage":"cs","@id":"https:\/\/www.technodompro.com\/index.php\/produkt\/autenticky-protronix-prostorove-cidlo-relativni-vlhkosti-nl-eco-rh-12-a-24-v-14704\/#primaryimage","url":"https:\/\/www.technodompro.com\/wp-content\/uploads\/2026\/SK0015107-CZ20260425-092632-0-1777080397-protronix-prostorove-cidlo-relativni-vlhkosti-nl-eco-rh-12-.webp","contentUrl":"https:\/\/www.technodompro.com\/wp-content\/uploads\/2026\/SK0015107-CZ20260425-092632-0-1777080397-protronix-prostorove-cidlo-relativni-vlhkosti-nl-eco-rh-12-.webp","width":600,"height":600},{"@type":"BreadcrumbList","@id":"https:\/\/www.technodompro.com\/index.php\/produkt\/autenticky-protronix-prostorove-cidlo-relativni-vlhkosti-nl-eco-rh-12-a-24-v-14704\/#breadcrumb","itemListElement":[{"@type":"ListItem","position":1,"name":"Home","item":"https:\/\/www.technodompro.com\/"},{"@type":"ListItem","position":2,"name":"Products","item":"https:\/\/www.technodompro.com\/index.php\/products\/"},{"@type":"ListItem","position":3,"name":"Autentick\u00fd Protronix Prostorov\u00e9 \u010didlo relativn\u00ed vlhkosti NL-ECO-RH (12 a 24 V)"}]},{"@type":"WebSite","@id":"https:\/\/www.technodompro.com\/#website","url":"https:\/\/www.technodompro.com\/","name":"","description":"","potentialAction":[{"@type":"SearchAction","target":{"@type":"EntryPoint","urlTemplate":"https:\/\/www.technodompro.com\/?s={search_term_string}"},"query-input":{"@type":"PropertyValueSpecification","valueRequired":true,"valueName":"search_term_string"}}],"inLanguage":"cs"}]}},"_links":{"self":[{"href":"https:\/\/www.technodompro.com\/index.php\/wp-json\/wp\/v2\/product\/14704","targetHints":{"allow":["GET"]}}],"collection":[{"href":"https:\/\/www.technodompro.com\/index.php\/wp-json\/wp\/v2\/product"}],"about":[{"href":"https:\/\/www.technodompro.com\/index.php\/wp-json\/wp\/v2\/types\/product"}],"replies":[{"embeddable":true,"href":"https:\/\/www.technodompro.com\/index.php\/wp-json\/wp\/v2\/comments?post=14704"}],"wp:featuredmedia":[{"embeddable":true,"href":"https:\/\/www.technodompro.com\/index.php\/wp-json\/wp\/v2\/media\/14804"}],"wp:attachment":[{"href":"https:\/\/www.technodompro.com\/index.php\/wp-json\/wp\/v2\/media?parent=14704"}],"wp:term":[{"taxonomy":"product_brand","embeddable":true,"href":"https:\/\/www.technodompro.com\/index.php\/wp-json\/wp\/v2\/product_brand?post=14704"},{"taxonomy":"product_cat","embeddable":true,"href":"https:\/\/www.technodompro.com\/index.php\/wp-json\/wp\/v2\/product_cat?post=14704"},{"taxonomy":"product_tag","embeddable":true,"href":"https:\/\/www.technodompro.com\/index.php\/wp-json\/wp\/v2\/product_tag?post=14704"}],"curies":[{"name":"wp","href":"https:\/\/api.w.org\/{rel}","templated":true}]}}