{"id":14705,"date":"2026-04-27T04:41:06","date_gmt":"2026-04-27T04:41:06","guid":{"rendered":""},"modified":"2026-04-27T04:41:06","modified_gmt":"2026-04-27T04:41:06","slug":"nizka-cena-protronix-prostorove-cidlo-relativni-vlhkosti-teploty-nlii-rh-t-iqrf-14705","status":"publish","type":"product","link":"https:\/\/www.technodompro.com\/index.php\/produkt\/nizka-cena-protronix-prostorove-cidlo-relativni-vlhkosti-teploty-nlii-rh-t-iqrf-14705\/","title":{"rendered":"N\u00edzk\u00e1 Cena Protronix Prostorov\u00e9 \u010didlo relativn\u00ed vlhkosti + teploty, NLII-RH+T-IQRF"},"content":{"rendered":"<div class=\"ProductDetail-content NoFixImageContainer\" id=\"productDescription\">\n<div class=\"Heading\">\n<h2 class=\"Heading-title\">Popis produktu <span class=''>Protronix Prostorov\u00e9 \u010didlo relativn\u00ed vlhkosti + teploty, NLII-RH+T-IQRF<\/span><\/h2>\n<\/p><\/div>\n<div class=\"ProductDetailContent\">\n<p><span style=\"color:#000000\"><span style=\"font-size:16px\"><span style=\"font-family:arial,helvetica,arial,sans-serif\">Prostorov&eacute; \u010didlo relativn&iacute; vlhkosti a teploty NLII-RH+T s komunikac&iacute; IQRF slou\u017e&iacute; pro&nbsp;sledov&aacute;n&iacute; kvality vzduchu v&nbsp;interi&eacute;ru budov a&nbsp;pro \u0159&iacute;zen&iacute; v&yacute;konu ventila\u010dn&iacute;ch syst&eacute;m\u016f dle&nbsp;aktu&aacute;ln&iacute; &uacute;rovn\u011b zne\u010di&scaron;t\u011bn&iacute; vzduchu.<\/span><\/span><\/span><\/p>\n<ul>\n<li><span style=\"color:#000000\"><span style=\"font-size:16px\">Typ \u010didla Prostorov&eacute; \u010didlo<\/span><\/span><\/li>\n<li><span style=\"color:#000000\"><span style=\"font-size:16px\">Kombinovan&aacute; \u010didla Vlhkost + teplota<\/span><\/span><\/li>\n<li><span style=\"color:#000000\"><span style=\"font-size:16px\">Rozsah m\u011b\u0159en&iacute; 0 &ndash; 100 %, 400 &ndash; 2 000 ppm<\/span><\/span><\/li>\n<li><span style=\"color:#000000\"><span style=\"font-size:16px\">Nap&aacute;jen&iacute; 24 V AC\/DC<\/span><\/span><\/li>\n<li><span style=\"color:#000000\"><span style=\"font-size:16px\">V&yacute;stup Bezdr&aacute;tov&yacute;, Dr&aacute;tov&yacute;<\/span><\/span><\/li>\n<li><span style=\"color:#000000\"><span style=\"font-size:16px\">Dr&aacute;tov&yacute; v&yacute;stup 0-10 V, 0-20 mA, 4-20 mA<\/span><\/span><\/li>\n<li><span style=\"color:#000000\"><span style=\"font-size:16px\">Bezdr&aacute;tov&yacute; v&yacute;stup IQRF<\/span><\/span><\/li>\n<li><span style=\"color:#000000\"><span style=\"font-size:16px\">Chytr&eacute; aplikace Chytr&eacute; domy, Chytr&eacute; komer\u010dn&iacute; prostory<\/span><\/span><\/li>\n<li><span style=\"color:#000000\"><span style=\"font-size:16px\">Um&iacute;st\u011bn&iacute; &#8211; soukrom&eacute; prostory Koupelny, Kuchyn\u011b<\/span><\/span><\/li>\n<li><span style=\"color:#000000\"><span style=\"font-size:16px\">Um&iacute;st\u011bn&iacute; &#8211; ve\u0159ejn&eacute; prostory Z&aacute;vodn&iacute; kuchyn\u011b, Baz&eacute;ny<\/span><\/span><\/li>\n<li><span style=\"color:#000000\"><span style=\"font-size:16px\">Rozm\u011bry 90 x 80 x 31 mm<\/span><\/span><\/li>\n<\/ul><\/div>\n<div class=\"ProductDetailContent\">                                                                    <\/div>\n<\/p><\/div>\n<\/p><\/div>\n<\/p><\/div>\n","protected":false},"excerpt":{"rendered":"<p>Popis produktu Protronix Prostorov\u00e9 \u010didlo relativn\u00ed vlhkosti + teploty, NLII-RH+T-IQRF Prostorov&eacute; \u010didlo relativn&iacute; vlhkosti a teploty NLII-RH+T s komunikac&iacute; IQRF slou\u017e&iacute; pro&nbsp;sledov&aacute;n&iacute; kvality vzduchu v&nbsp;interi&eacute;ru budov a&nbsp;pro \u0159&iacute;zen&iacute; v&yacute;konu ventila\u010dn&iacute;ch syst&eacute;m\u016f dle&nbsp;aktu&aacute;ln&iacute; &uacute;rovn\u011b zne\u010di&scaron;t\u011bn&iacute; vzduchu. Typ \u010didla Prostorov&eacute; \u010didlo Kombinovan&aacute; \u010didla Vlhkost + teplota Rozsah m\u011b\u0159en&iacute; 0 &ndash; 100 %, 400 &ndash; 2 000 ppm [&hellip;]<\/p>\n","protected":false},"featured_media":14805,"comment_status":"open","ping_status":"open","template":"","meta":[],"product_brand":[],"product_cat":[74],"product_tag":[],"class_list":{"0":"post-14705","1":"product","2":"type-product","3":"status-publish","4":"has-post-thumbnail","6":"product_cat-rekuperace-vzduchu-a-vody-vetrani","8":"first","9":"instock","10":"sale","11":"shipping-taxable","12":"purchasable","13":"product-type-simple"},"yoast_head":"<!-- This site is optimized with the Yoast SEO plugin v26.8 - https:\/\/yoast.com\/product\/yoast-seo-wordpress\/ -->\n<title>N\u00edzk\u00e1 Cena Protronix Prostorov\u00e9 \u010didlo relativn\u00ed vlhkosti + teploty, NLII-RH+T-IQRF -<\/title>\n<meta name=\"robots\" content=\"index, follow, max-snippet:-1, max-image-preview:large, max-video-preview:-1\" \/>\n<link rel=\"canonical\" href=\"https:\/\/www.technodompro.com\/index.php\/produkt\/nizka-cena-protronix-prostorove-cidlo-relativni-vlhkosti-teploty-nlii-rh-t-iqrf-14705\/\" \/>\n<meta property=\"og:locale\" content=\"cs_CZ\" \/>\n<meta property=\"og:type\" content=\"article\" \/>\n<meta property=\"og:title\" content=\"N\u00edzk\u00e1 Cena Protronix Prostorov\u00e9 \u010didlo relativn\u00ed vlhkosti + teploty, NLII-RH+T-IQRF -\" \/>\n<meta property=\"og:description\" content=\"Popis produktu Protronix Prostorov\u00e9 \u010didlo relativn\u00ed vlhkosti + teploty, NLII-RH+T-IQRF Prostorov&eacute; \u010didlo relativn&iacute; vlhkosti a teploty NLII-RH+T s komunikac&iacute; IQRF slou\u017e&iacute; pro&nbsp;sledov&aacute;n&iacute; kvality vzduchu v&nbsp;interi&eacute;ru budov a&nbsp;pro \u0159&iacute;zen&iacute; v&yacute;konu ventila\u010dn&iacute;ch syst&eacute;m\u016f dle&nbsp;aktu&aacute;ln&iacute; &uacute;rovn\u011b zne\u010di&scaron;t\u011bn&iacute; vzduchu. Typ \u010didla Prostorov&eacute; \u010didlo Kombinovan&aacute; \u010didla Vlhkost + teplota Rozsah m\u011b\u0159en&iacute; 0 &ndash; 100 %, 400 &ndash; 2 000 ppm [&hellip;]\" \/>\n<meta property=\"og:url\" content=\"https:\/\/www.technodompro.com\/index.php\/produkt\/nizka-cena-protronix-prostorove-cidlo-relativni-vlhkosti-teploty-nlii-rh-t-iqrf-14705\/\" \/>\n<meta property=\"og:image\" content=\"https:\/\/www.technodompro.com\/wp-content\/uploads\/2026\/SK0015108-CZ20260425-092632-0-1777080397-protronix-prostorove-cidlo-relativni-vlhkosti-teploty-nlii-.webp\" \/>\n\t<meta property=\"og:image:width\" content=\"600\" \/>\n\t<meta property=\"og:image:height\" content=\"600\" \/>\n\t<meta property=\"og:image:type\" content=\"image\/webp\" \/>\n<meta name=\"twitter:card\" content=\"summary_large_image\" \/>\n<meta name=\"twitter:label1\" content=\"Odhadovan\u00e1 doba \u010dten\u00ed\" \/>\n\t<meta name=\"twitter:data1\" content=\"1 minuta\" \/>\n<script type=\"application\/ld+json\" class=\"yoast-schema-graph\">{\"@context\":\"https:\/\/schema.org\",\"@graph\":[{\"@type\":\"WebPage\",\"@id\":\"https:\/\/www.technodompro.com\/index.php\/produkt\/nizka-cena-protronix-prostorove-cidlo-relativni-vlhkosti-teploty-nlii-rh-t-iqrf-14705\/\",\"url\":\"https:\/\/www.technodompro.com\/index.php\/produkt\/nizka-cena-protronix-prostorove-cidlo-relativni-vlhkosti-teploty-nlii-rh-t-iqrf-14705\/\",\"name\":\"N\u00edzk\u00e1 Cena Protronix Prostorov\u00e9 \u010didlo relativn\u00ed vlhkosti + teploty, NLII-RH+T-IQRF -\",\"isPartOf\":{\"@id\":\"https:\/\/www.technodompro.com\/#website\"},\"primaryImageOfPage\":{\"@id\":\"https:\/\/www.technodompro.com\/index.php\/produkt\/nizka-cena-protronix-prostorove-cidlo-relativni-vlhkosti-teploty-nlii-rh-t-iqrf-14705\/#primaryimage\"},\"image\":{\"@id\":\"https:\/\/www.technodompro.com\/index.php\/produkt\/nizka-cena-protronix-prostorove-cidlo-relativni-vlhkosti-teploty-nlii-rh-t-iqrf-14705\/#primaryimage\"},\"thumbnailUrl\":\"https:\/\/www.technodompro.com\/wp-content\/uploads\/2026\/SK0015108-CZ20260425-092632-0-1777080397-protronix-prostorove-cidlo-relativni-vlhkosti-teploty-nlii-.webp\",\"datePublished\":\"2026-04-27T04:41:06+00:00\",\"breadcrumb\":{\"@id\":\"https:\/\/www.technodompro.com\/index.php\/produkt\/nizka-cena-protronix-prostorove-cidlo-relativni-vlhkosti-teploty-nlii-rh-t-iqrf-14705\/#breadcrumb\"},\"inLanguage\":\"cs\",\"potentialAction\":[{\"@type\":\"ReadAction\",\"target\":[\"https:\/\/www.technodompro.com\/index.php\/produkt\/nizka-cena-protronix-prostorove-cidlo-relativni-vlhkosti-teploty-nlii-rh-t-iqrf-14705\/\"]}]},{\"@type\":\"ImageObject\",\"inLanguage\":\"cs\",\"@id\":\"https:\/\/www.technodompro.com\/index.php\/produkt\/nizka-cena-protronix-prostorove-cidlo-relativni-vlhkosti-teploty-nlii-rh-t-iqrf-14705\/#primaryimage\",\"url\":\"https:\/\/www.technodompro.com\/wp-content\/uploads\/2026\/SK0015108-CZ20260425-092632-0-1777080397-protronix-prostorove-cidlo-relativni-vlhkosti-teploty-nlii-.webp\",\"contentUrl\":\"https:\/\/www.technodompro.com\/wp-content\/uploads\/2026\/SK0015108-CZ20260425-092632-0-1777080397-protronix-prostorove-cidlo-relativni-vlhkosti-teploty-nlii-.webp\",\"width\":600,\"height\":600},{\"@type\":\"BreadcrumbList\",\"@id\":\"https:\/\/www.technodompro.com\/index.php\/produkt\/nizka-cena-protronix-prostorove-cidlo-relativni-vlhkosti-teploty-nlii-rh-t-iqrf-14705\/#breadcrumb\",\"itemListElement\":[{\"@type\":\"ListItem\",\"position\":1,\"name\":\"Home\",\"item\":\"https:\/\/www.technodompro.com\/\"},{\"@type\":\"ListItem\",\"position\":2,\"name\":\"Products\",\"item\":\"https:\/\/www.technodompro.com\/index.php\/products\/\"},{\"@type\":\"ListItem\",\"position\":3,\"name\":\"N\u00edzk\u00e1 Cena Protronix Prostorov\u00e9 \u010didlo relativn\u00ed vlhkosti + teploty, NLII-RH+T-IQRF\"}]},{\"@type\":\"WebSite\",\"@id\":\"https:\/\/www.technodompro.com\/#website\",\"url\":\"https:\/\/www.technodompro.com\/\",\"name\":\"\",\"description\":\"\",\"potentialAction\":[{\"@type\":\"SearchAction\",\"target\":{\"@type\":\"EntryPoint\",\"urlTemplate\":\"https:\/\/www.technodompro.com\/?s={search_term_string}\"},\"query-input\":{\"@type\":\"PropertyValueSpecification\",\"valueRequired\":true,\"valueName\":\"search_term_string\"}}],\"inLanguage\":\"cs\"}]}<\/script>\n<!-- \/ Yoast SEO plugin. -->","yoast_head_json":{"title":"N\u00edzk\u00e1 Cena Protronix Prostorov\u00e9 \u010didlo relativn\u00ed vlhkosti + teploty, NLII-RH+T-IQRF -","robots":{"index":"index","follow":"follow","max-snippet":"max-snippet:-1","max-image-preview":"max-image-preview:large","max-video-preview":"max-video-preview:-1"},"canonical":"https:\/\/www.technodompro.com\/index.php\/produkt\/nizka-cena-protronix-prostorove-cidlo-relativni-vlhkosti-teploty-nlii-rh-t-iqrf-14705\/","og_locale":"cs_CZ","og_type":"article","og_title":"N\u00edzk\u00e1 Cena Protronix Prostorov\u00e9 \u010didlo relativn\u00ed vlhkosti + teploty, NLII-RH+T-IQRF -","og_description":"Popis produktu Protronix Prostorov\u00e9 \u010didlo relativn\u00ed vlhkosti + teploty, NLII-RH+T-IQRF Prostorov&eacute; \u010didlo relativn&iacute; vlhkosti a teploty NLII-RH+T s komunikac&iacute; IQRF slou\u017e&iacute; pro&nbsp;sledov&aacute;n&iacute; kvality vzduchu v&nbsp;interi&eacute;ru budov a&nbsp;pro \u0159&iacute;zen&iacute; v&yacute;konu ventila\u010dn&iacute;ch syst&eacute;m\u016f dle&nbsp;aktu&aacute;ln&iacute; &uacute;rovn\u011b zne\u010di&scaron;t\u011bn&iacute; vzduchu. Typ \u010didla Prostorov&eacute; \u010didlo Kombinovan&aacute; \u010didla Vlhkost + teplota Rozsah m\u011b\u0159en&iacute; 0 &ndash; 100 %, 400 &ndash; 2 000 ppm [&hellip;]","og_url":"https:\/\/www.technodompro.com\/index.php\/produkt\/nizka-cena-protronix-prostorove-cidlo-relativni-vlhkosti-teploty-nlii-rh-t-iqrf-14705\/","og_image":[{"width":600,"height":600,"url":"https:\/\/www.technodompro.com\/wp-content\/uploads\/2026\/SK0015108-CZ20260425-092632-0-1777080397-protronix-prostorove-cidlo-relativni-vlhkosti-teploty-nlii-.webp","type":"image\/webp"}],"twitter_card":"summary_large_image","twitter_misc":{"Odhadovan\u00e1 doba \u010dten\u00ed":"1 minuta"},"schema":{"@context":"https:\/\/schema.org","@graph":[{"@type":"WebPage","@id":"https:\/\/www.technodompro.com\/index.php\/produkt\/nizka-cena-protronix-prostorove-cidlo-relativni-vlhkosti-teploty-nlii-rh-t-iqrf-14705\/","url":"https:\/\/www.technodompro.com\/index.php\/produkt\/nizka-cena-protronix-prostorove-cidlo-relativni-vlhkosti-teploty-nlii-rh-t-iqrf-14705\/","name":"N\u00edzk\u00e1 Cena Protronix Prostorov\u00e9 \u010didlo relativn\u00ed vlhkosti + teploty, NLII-RH+T-IQRF -","isPartOf":{"@id":"https:\/\/www.technodompro.com\/#website"},"primaryImageOfPage":{"@id":"https:\/\/www.technodompro.com\/index.php\/produkt\/nizka-cena-protronix-prostorove-cidlo-relativni-vlhkosti-teploty-nlii-rh-t-iqrf-14705\/#primaryimage"},"image":{"@id":"https:\/\/www.technodompro.com\/index.php\/produkt\/nizka-cena-protronix-prostorove-cidlo-relativni-vlhkosti-teploty-nlii-rh-t-iqrf-14705\/#primaryimage"},"thumbnailUrl":"https:\/\/www.technodompro.com\/wp-content\/uploads\/2026\/SK0015108-CZ20260425-092632-0-1777080397-protronix-prostorove-cidlo-relativni-vlhkosti-teploty-nlii-.webp","datePublished":"2026-04-27T04:41:06+00:00","breadcrumb":{"@id":"https:\/\/www.technodompro.com\/index.php\/produkt\/nizka-cena-protronix-prostorove-cidlo-relativni-vlhkosti-teploty-nlii-rh-t-iqrf-14705\/#breadcrumb"},"inLanguage":"cs","potentialAction":[{"@type":"ReadAction","target":["https:\/\/www.technodompro.com\/index.php\/produkt\/nizka-cena-protronix-prostorove-cidlo-relativni-vlhkosti-teploty-nlii-rh-t-iqrf-14705\/"]}]},{"@type":"ImageObject","inLanguage":"cs","@id":"https:\/\/www.technodompro.com\/index.php\/produkt\/nizka-cena-protronix-prostorove-cidlo-relativni-vlhkosti-teploty-nlii-rh-t-iqrf-14705\/#primaryimage","url":"https:\/\/www.technodompro.com\/wp-content\/uploads\/2026\/SK0015108-CZ20260425-092632-0-1777080397-protronix-prostorove-cidlo-relativni-vlhkosti-teploty-nlii-.webp","contentUrl":"https:\/\/www.technodompro.com\/wp-content\/uploads\/2026\/SK0015108-CZ20260425-092632-0-1777080397-protronix-prostorove-cidlo-relativni-vlhkosti-teploty-nlii-.webp","width":600,"height":600},{"@type":"BreadcrumbList","@id":"https:\/\/www.technodompro.com\/index.php\/produkt\/nizka-cena-protronix-prostorove-cidlo-relativni-vlhkosti-teploty-nlii-rh-t-iqrf-14705\/#breadcrumb","itemListElement":[{"@type":"ListItem","position":1,"name":"Home","item":"https:\/\/www.technodompro.com\/"},{"@type":"ListItem","position":2,"name":"Products","item":"https:\/\/www.technodompro.com\/index.php\/products\/"},{"@type":"ListItem","position":3,"name":"N\u00edzk\u00e1 Cena Protronix Prostorov\u00e9 \u010didlo relativn\u00ed vlhkosti + teploty, NLII-RH+T-IQRF"}]},{"@type":"WebSite","@id":"https:\/\/www.technodompro.com\/#website","url":"https:\/\/www.technodompro.com\/","name":"","description":"","potentialAction":[{"@type":"SearchAction","target":{"@type":"EntryPoint","urlTemplate":"https:\/\/www.technodompro.com\/?s={search_term_string}"},"query-input":{"@type":"PropertyValueSpecification","valueRequired":true,"valueName":"search_term_string"}}],"inLanguage":"cs"}]}},"_links":{"self":[{"href":"https:\/\/www.technodompro.com\/index.php\/wp-json\/wp\/v2\/product\/14705","targetHints":{"allow":["GET"]}}],"collection":[{"href":"https:\/\/www.technodompro.com\/index.php\/wp-json\/wp\/v2\/product"}],"about":[{"href":"https:\/\/www.technodompro.com\/index.php\/wp-json\/wp\/v2\/types\/product"}],"replies":[{"embeddable":true,"href":"https:\/\/www.technodompro.com\/index.php\/wp-json\/wp\/v2\/comments?post=14705"}],"wp:featuredmedia":[{"embeddable":true,"href":"https:\/\/www.technodompro.com\/index.php\/wp-json\/wp\/v2\/media\/14805"}],"wp:attachment":[{"href":"https:\/\/www.technodompro.com\/index.php\/wp-json\/wp\/v2\/media?parent=14705"}],"wp:term":[{"taxonomy":"product_brand","embeddable":true,"href":"https:\/\/www.technodompro.com\/index.php\/wp-json\/wp\/v2\/product_brand?post=14705"},{"taxonomy":"product_cat","embeddable":true,"href":"https:\/\/www.technodompro.com\/index.php\/wp-json\/wp\/v2\/product_cat?post=14705"},{"taxonomy":"product_tag","embeddable":true,"href":"https:\/\/www.technodompro.com\/index.php\/wp-json\/wp\/v2\/product_tag?post=14705"}],"curies":[{"name":"wp","href":"https:\/\/api.w.org\/{rel}","templated":true}]}}