{"id":14716,"date":"2026-04-27T04:41:06","date_gmt":"2026-04-27T04:41:06","guid":{"rendered":""},"modified":"2026-04-27T04:41:06","modified_gmt":"2026-04-27T04:41:06","slug":"novaservis-kulovy-plnoprutocny-kohout-se-sroubenim-30bar-motylek-sm-f-power-nova-kolekce-14716","status":"publish","type":"product","link":"https:\/\/www.technodompro.com\/index.php\/produkt\/novaservis-kulovy-plnoprutocny-kohout-se-sroubenim-30bar-motylek-sm-f-power-nova-kolekce-14716\/","title":{"rendered":"Novaservis Kulov\u00fd plnopr\u016fto\u010dn\u00fd kohout se \u0161rouben\u00edm, 30bar, mot\u00fdlek \u0160M, F-Power Nov\u00e1 Kolekce"},"content":{"rendered":"<div class=\"ProductDetail-content NoFixImageContainer\" id=\"productDescription\">\n<div class=\"Heading\">\n<h2 class=\"Heading-title\">Popis produktu <span class=''>Novaservis Kulov\u00fd plnopr\u016fto\u010dn\u00fd kohout se \u0161rouben\u00edm, 30bar, mot\u00fdlek \u0160M, F-Power<\/span><\/h2>\n<\/p><\/div>\n<div class=\"ProductDetailContent\">                                                                    <\/div>\n<div class=\"ProductDetailContent\">\n<div class=\"ProductDetailContent-item\">                                            -Pracovn\u00ed teplota m\u00e9dia -30 &#8211; 120 \u00b0C<br \/>-M\u00e9dium: voda,  stla\u010den\u00fd vzduch, glykol 50%<br \/>-Materi\u00e1l t\u011blesa a koule: mosaz CW617N-4MS<br \/>-Povrch koule: chr\u00f3m<br \/>-T\u011bsn\u011bn\u00ed koule a d\u0159\u00edku: teflon PTFE<br \/>-Povrch kter\u00fd je v kontaktu s m\u00e9diem nen\u00ed niklov\u00e1n <br \/>-Technick\u00e9 osv\u011bd\u010den\u00ed, prohl\u00e1\u0161en\u00ed o shod\u011b, hygienick\u00fd atest                                        <\/div>\n<div class=\"ProductDetailContent-item\">\n<ul>\n<li>Hloubka krabice [mm]: <strong>180 mm<\/strong><\/li>\n<li>\u0160\u00ed\u0159ka krabice [mm]: <strong>145 mm<\/strong><\/li>\n<li>V\u00fd\u0161ka krabice [mm]: <strong>75 mm<\/strong><\/li>\n<li>Proveden\u00ed: <strong>1\/2&#8243;<\/strong><\/li>\n<li>Z\u00e1ruka [rok]: <strong>10 rok<\/strong><\/li>\n<li>Maxim\u00e1ln\u00ed krout\u00edc\u00ed moment [Nm]: <strong>60 Nm<\/strong><\/li>\n<li>Maxim\u00e1ln\u00ed pracovn\u00ed tlak [bar]: <strong>30 bar<\/strong><\/li>\n<li>P\u0159epravovan\u00e9 m\u00e9dium: <strong>voda-vzduch-glykol<\/strong><\/li>\n<li>Maxim\u00e1ln\u00ed pracovn\u00ed teplota [\u00b0C]: <strong>120 \u00b0C<\/strong><\/li>\n<li>Nomin\u00e1ln\u00ed tlak [bar]: <strong>30 bar<\/strong><\/li>\n<li>Ovl\u00e1dac\u00ed rukoje\u0165: <strong>Ano<\/strong><\/li>\n<li>DN: <strong>15<\/strong><\/li>\n<li>\u010c\u00e1rov\u00fd k\u00f3d: <strong>balen\u00ed s \u010d\u00e1rov\u00fdm k\u00f3dem pro maloobchodn\u00ed prodej<\/strong><\/li>\n<li>Barva rukojeti: <strong>\u010derven\u00e1<\/strong><\/li>\n<li>Kvs [m3\/h]: <strong>7.29 m3\/h<\/strong><\/li>\n<li>Materi\u00e1l t\u011bla\/materi\u00e1l proveden\u00ed: <strong>Mosaz<\/strong><\/li>\n<li>Materi\u00e1l koule: <strong>Mosaz<\/strong><\/li>\n<li>Materi\u00e1l t\u011bsn\u011bn\u00ed koule: <strong>PTFE<\/strong><\/li>\n<li>Materi\u00e1l t\u011bsn\u011bn\u00ed d\u0159\u00edku: <strong>PTFE<\/strong><\/li>\n<li>M\u00e9dia: <strong>voda,50% glykol,stla\u010den\u00fd vzduch<\/strong><\/li>\n<li>Minim\u00e1ln\u00ed pracovn\u00ed teplota [\u00b0C]: <strong>-30 \u00b0C<\/strong><\/li>\n<li>BEZ NIKLU: <strong>Ano<\/strong><\/li>\n<li>Plnopr\u016fto\u010dn\u00fd: <strong>Ano<\/strong><\/li>\n<li>P\u0159ipojen\u00ed: <strong>1\/2&#8243;<\/strong><\/li>\n<li>Typ p\u0159ipojen\u00ed: <strong>\u0160M se \u0161rouben\u00edm<\/strong><\/li>\n<li>Typ \u00fachytu: <strong>mot\u00fdlek<\/strong><\/li>\n<li>Rozm\u011br A: <strong>G1\/2<\/strong><\/li>\n<li>Rozm\u011br E: <strong>37.9<\/strong><\/li>\n<li>Rozm\u011br F: <strong>51.3<\/strong><\/li>\n<li>Rozm\u011br d: <strong>15<\/strong><\/li>\n<li>Rozm\u011br B: <strong>79.5<\/strong><\/li>\n<li>Rozm\u011br C: <strong>12<\/strong><\/li>\n<li>Rozm\u011br D: <strong>12.5<\/strong><\/li>\n<\/ul><\/div>\n<div class=\"ProductDetailContent-item\">\n<div style=\"background-color:#f9f9f9; border-left:5px solid #4caf50; border-radius:8px; box-shadow:0 4px 12px rgba(0,0,0,0.1); font-family:Arial,sans-serif; margin-bottom:20px; padding:25px 20px 20px 20px; position:relative\"><!-- Ikona info v lev\u00e9m horn\u00edm rohu --><\/p>\n<div style=\"align-items:center; background-color:#4caf50; border-radius:50%; color:#ffffff; display:flex; font-size:18px; font-weight:bold; height:30px; justify-content:center; left:-10px; position:absolute; top:-10px; width:30px\">i<\/div>\n<h3 style=\"margin-left:15px\">\u2705 Zna\u010den\u00ed z\u00e1vit\u016f<\/h3>\n<ul>\n<li><strong>F<\/strong> \u2013 znamen\u00e1 <strong>\u201cfemale\u201d<\/strong>, tedy <strong>vnit\u0159n\u00ed z\u00e1vit<\/strong>.<\/li>\n<li><strong>M<\/strong> \u2013 znamen\u00e1 <strong>\u201cmale\u201d<\/strong>, tedy <strong>vn\u011bj\u0161\u00ed z\u00e1vit<\/strong>.<\/li>\n<li><strong>Fu<\/strong> \u2013 znamen\u00e1 <strong>\u201cfemale union\u201d<\/strong>, tedy <strong>vnit\u0159n\u00ed z\u00e1vit s p\u0159evle\u010dnou matic\u00ed<\/strong>, kter\u00e1 umo\u017e\u0148uje rychl\u00e9 a snadn\u00e9 spojen\u00ed.<\/li>\n<li><strong>Cu<\/strong> \u2013 ozna\u010den\u00ed <strong>m\u011bd\u011bn\u00e9ho p\u0159ipojen\u00ed s mo\u017enost\u00ed p\u00e1jen\u00ed nebo nasazen\u00ed na m\u011bd\u011bn\u00e9 trubky<\/strong> (angl. \u201cadapted for copper\u201d).<\/li>\n<\/ul>\n<h3>Tvar z\u00e1vit\u016f a t\u011bsn\u011bn\u00ed<\/h3>\n<p>Zna\u010den\u00ed <strong>G<\/strong> = <strong>BSPP (British Standard Pipe Parallel)<\/strong><\/p>\n<ul>\n<li><strong>Tvar z\u00e1vitu:<\/strong> rovn\u00fd, nikoli ku\u017eelov\u00fd.<\/li>\n<li><strong>T\u011bsn\u011bn\u00ed:<\/strong> obvykle zaji\u0161\u0165uje <strong>t\u011bsn\u00edc\u00ed krou\u017eek (O-krou\u017eek)<\/strong> nebo t\u011bsnic\u00ed p\u00e1ska.<\/li>\n<li><strong>Pou\u017eit\u00ed:<\/strong> pro vodn\u00ed rozvody, topn\u00e9 syst\u00e9my a jin\u00e9 aplikace <strong>s n\u00edzk\u00fdm tlakem<\/strong>.<\/li>\n<\/ul>\n<p>Zna\u010den\u00ed <strong>R<\/strong> = <strong>BSPT (British Standard Pipe Taper)<\/strong><\/p>\n<ul>\n<li><strong>Tvar z\u00e1vitu:<\/strong> ku\u017eelov\u00fd (z\u00fa\u017een\u00fd sm\u011brem k zakon\u010den\u00ed)<\/li>\n<li><strong>T\u011bsn\u011bn\u00ed:<\/strong> t\u011bsn\u00ed se <strong>vlastn\u00ed geometri\u00ed z\u00e1vitu<\/strong>, p\u0159\u00edpadn\u011b dopln\u011bno <strong>t\u011bsnic\u00ed p\u00e1skou<\/strong> nebo <strong>konop\u00edm<\/strong><\/li>\n<li><strong>Pou\u017eit\u00ed:<\/strong> pro potrubn\u00ed spoje, kde se vy\u017eaduje pevn\u00e9 t\u011bsn\u011bn\u00ed bez dal\u0161\u00edho t\u011bsnic\u00edho prvku, \u010dasto v instalac\u00edch <strong>s vy\u0161\u0161\u00edm tlakem<\/strong><\/li>\n<\/ul>\n<\/div><\/div>\n<\/p><\/div>\n<\/p><\/div>\n<\/p><\/div>\n<\/p><\/div>\n","protected":false},"excerpt":{"rendered":"<p>Popis produktu Novaservis Kulov\u00fd plnopr\u016fto\u010dn\u00fd kohout se \u0161rouben\u00edm, 30bar, mot\u00fdlek \u0160M, F-Power -Pracovn\u00ed teplota m\u00e9dia -30 &#8211; 120 \u00b0C-M\u00e9dium: voda, stla\u010den\u00fd vzduch, glykol 50%-Materi\u00e1l t\u011blesa a koule: mosaz CW617N-4MS-Povrch koule: chr\u00f3m-T\u011bsn\u011bn\u00ed koule a d\u0159\u00edku: teflon PTFE-Povrch kter\u00fd je v kontaktu s m\u00e9diem nen\u00ed niklov\u00e1n -Technick\u00e9 osv\u011bd\u010den\u00ed, prohl\u00e1\u0161en\u00ed o shod\u011b, hygienick\u00fd atest Hloubka krabice [mm]: 180 [&hellip;]<\/p>\n","protected":false},"featured_media":14816,"comment_status":"open","ping_status":"open","template":"","meta":[],"product_brand":[],"product_cat":[73],"product_tag":[],"class_list":{"0":"post-14716","1":"product","2":"type-product","3":"status-publish","4":"has-post-thumbnail","6":"product_cat-topeni","8":"first","9":"instock","10":"sale","11":"shipping-taxable","12":"purchasable","13":"product-type-simple"},"yoast_head":"<!-- This site is optimized with the Yoast SEO plugin v26.8 - https:\/\/yoast.com\/product\/yoast-seo-wordpress\/ -->\n<title>Novaservis Kulov\u00fd plnopr\u016fto\u010dn\u00fd kohout se \u0161rouben\u00edm, 30bar, mot\u00fdlek \u0160M, F-Power Nov\u00e1 Kolekce -<\/title>\n<meta name=\"robots\" content=\"index, follow, max-snippet:-1, max-image-preview:large, max-video-preview:-1\" \/>\n<link rel=\"canonical\" href=\"https:\/\/www.technodompro.com\/index.php\/produkt\/novaservis-kulovy-plnoprutocny-kohout-se-sroubenim-30bar-motylek-sm-f-power-nova-kolekce-14716\/\" \/>\n<meta property=\"og:locale\" content=\"cs_CZ\" \/>\n<meta property=\"og:type\" content=\"article\" \/>\n<meta property=\"og:title\" content=\"Novaservis Kulov\u00fd plnopr\u016fto\u010dn\u00fd kohout se \u0161rouben\u00edm, 30bar, mot\u00fdlek \u0160M, F-Power Nov\u00e1 Kolekce -\" \/>\n<meta property=\"og:description\" content=\"Popis produktu Novaservis Kulov\u00fd plnopr\u016fto\u010dn\u00fd kohout se \u0161rouben\u00edm, 30bar, mot\u00fdlek \u0160M, F-Power -Pracovn\u00ed teplota m\u00e9dia -30 &#8211; 120 \u00b0C-M\u00e9dium: voda, stla\u010den\u00fd vzduch, glykol 50%-Materi\u00e1l t\u011blesa a koule: mosaz CW617N-4MS-Povrch koule: chr\u00f3m-T\u011bsn\u011bn\u00ed koule a d\u0159\u00edku: teflon PTFE-Povrch kter\u00fd je v kontaktu s m\u00e9diem nen\u00ed niklov\u00e1n -Technick\u00e9 osv\u011bd\u010den\u00ed, prohl\u00e1\u0161en\u00ed o shod\u011b, hygienick\u00fd atest Hloubka krabice [mm]: 180 [&hellip;]\" \/>\n<meta property=\"og:url\" content=\"https:\/\/www.technodompro.com\/index.php\/produkt\/novaservis-kulovy-plnoprutocny-kohout-se-sroubenim-30bar-motylek-sm-f-power-nova-kolekce-14716\/\" \/>\n<meta property=\"og:image\" content=\"https:\/\/www.technodompro.com\/wp-content\/uploads\/2026\/SK0015119-CZ20260425-092632-0-1777080397-novaservis-kulovy-plnoprutocny-kohout-se-sroubenim-30bar-mo.webp\" \/>\n\t<meta property=\"og:image:width\" content=\"600\" \/>\n\t<meta property=\"og:image:height\" content=\"551\" \/>\n\t<meta property=\"og:image:type\" content=\"image\/webp\" \/>\n<meta name=\"twitter:card\" content=\"summary_large_image\" \/>\n<meta name=\"twitter:label1\" content=\"Odhadovan\u00e1 doba \u010dten\u00ed\" \/>\n\t<meta name=\"twitter:data1\" content=\"2 minuty\" \/>\n<script type=\"application\/ld+json\" class=\"yoast-schema-graph\">{\"@context\":\"https:\/\/schema.org\",\"@graph\":[{\"@type\":\"WebPage\",\"@id\":\"https:\/\/www.technodompro.com\/index.php\/produkt\/novaservis-kulovy-plnoprutocny-kohout-se-sroubenim-30bar-motylek-sm-f-power-nova-kolekce-14716\/\",\"url\":\"https:\/\/www.technodompro.com\/index.php\/produkt\/novaservis-kulovy-plnoprutocny-kohout-se-sroubenim-30bar-motylek-sm-f-power-nova-kolekce-14716\/\",\"name\":\"Novaservis Kulov\u00fd plnopr\u016fto\u010dn\u00fd kohout se \u0161rouben\u00edm, 30bar, mot\u00fdlek \u0160M, F-Power Nov\u00e1 Kolekce -\",\"isPartOf\":{\"@id\":\"https:\/\/www.technodompro.com\/#website\"},\"primaryImageOfPage\":{\"@id\":\"https:\/\/www.technodompro.com\/index.php\/produkt\/novaservis-kulovy-plnoprutocny-kohout-se-sroubenim-30bar-motylek-sm-f-power-nova-kolekce-14716\/#primaryimage\"},\"image\":{\"@id\":\"https:\/\/www.technodompro.com\/index.php\/produkt\/novaservis-kulovy-plnoprutocny-kohout-se-sroubenim-30bar-motylek-sm-f-power-nova-kolekce-14716\/#primaryimage\"},\"thumbnailUrl\":\"https:\/\/www.technodompro.com\/wp-content\/uploads\/2026\/SK0015119-CZ20260425-092632-0-1777080397-novaservis-kulovy-plnoprutocny-kohout-se-sroubenim-30bar-mo.webp\",\"datePublished\":\"2026-04-27T04:41:06+00:00\",\"breadcrumb\":{\"@id\":\"https:\/\/www.technodompro.com\/index.php\/produkt\/novaservis-kulovy-plnoprutocny-kohout-se-sroubenim-30bar-motylek-sm-f-power-nova-kolekce-14716\/#breadcrumb\"},\"inLanguage\":\"cs\",\"potentialAction\":[{\"@type\":\"ReadAction\",\"target\":[\"https:\/\/www.technodompro.com\/index.php\/produkt\/novaservis-kulovy-plnoprutocny-kohout-se-sroubenim-30bar-motylek-sm-f-power-nova-kolekce-14716\/\"]}]},{\"@type\":\"ImageObject\",\"inLanguage\":\"cs\",\"@id\":\"https:\/\/www.technodompro.com\/index.php\/produkt\/novaservis-kulovy-plnoprutocny-kohout-se-sroubenim-30bar-motylek-sm-f-power-nova-kolekce-14716\/#primaryimage\",\"url\":\"https:\/\/www.technodompro.com\/wp-content\/uploads\/2026\/SK0015119-CZ20260425-092632-0-1777080397-novaservis-kulovy-plnoprutocny-kohout-se-sroubenim-30bar-mo.webp\",\"contentUrl\":\"https:\/\/www.technodompro.com\/wp-content\/uploads\/2026\/SK0015119-CZ20260425-092632-0-1777080397-novaservis-kulovy-plnoprutocny-kohout-se-sroubenim-30bar-mo.webp\",\"width\":600,\"height\":551},{\"@type\":\"BreadcrumbList\",\"@id\":\"https:\/\/www.technodompro.com\/index.php\/produkt\/novaservis-kulovy-plnoprutocny-kohout-se-sroubenim-30bar-motylek-sm-f-power-nova-kolekce-14716\/#breadcrumb\",\"itemListElement\":[{\"@type\":\"ListItem\",\"position\":1,\"name\":\"Home\",\"item\":\"https:\/\/www.technodompro.com\/\"},{\"@type\":\"ListItem\",\"position\":2,\"name\":\"Products\",\"item\":\"https:\/\/www.technodompro.com\/index.php\/products\/\"},{\"@type\":\"ListItem\",\"position\":3,\"name\":\"Novaservis Kulov\u00fd plnopr\u016fto\u010dn\u00fd kohout se \u0161rouben\u00edm, 30bar, mot\u00fdlek \u0160M, F-Power Nov\u00e1 Kolekce\"}]},{\"@type\":\"WebSite\",\"@id\":\"https:\/\/www.technodompro.com\/#website\",\"url\":\"https:\/\/www.technodompro.com\/\",\"name\":\"\",\"description\":\"\",\"potentialAction\":[{\"@type\":\"SearchAction\",\"target\":{\"@type\":\"EntryPoint\",\"urlTemplate\":\"https:\/\/www.technodompro.com\/?s={search_term_string}\"},\"query-input\":{\"@type\":\"PropertyValueSpecification\",\"valueRequired\":true,\"valueName\":\"search_term_string\"}}],\"inLanguage\":\"cs\"}]}<\/script>\n<!-- \/ Yoast SEO plugin. -->","yoast_head_json":{"title":"Novaservis Kulov\u00fd plnopr\u016fto\u010dn\u00fd kohout se \u0161rouben\u00edm, 30bar, mot\u00fdlek \u0160M, F-Power Nov\u00e1 Kolekce -","robots":{"index":"index","follow":"follow","max-snippet":"max-snippet:-1","max-image-preview":"max-image-preview:large","max-video-preview":"max-video-preview:-1"},"canonical":"https:\/\/www.technodompro.com\/index.php\/produkt\/novaservis-kulovy-plnoprutocny-kohout-se-sroubenim-30bar-motylek-sm-f-power-nova-kolekce-14716\/","og_locale":"cs_CZ","og_type":"article","og_title":"Novaservis Kulov\u00fd plnopr\u016fto\u010dn\u00fd kohout se \u0161rouben\u00edm, 30bar, mot\u00fdlek \u0160M, F-Power Nov\u00e1 Kolekce -","og_description":"Popis produktu Novaservis Kulov\u00fd plnopr\u016fto\u010dn\u00fd kohout se \u0161rouben\u00edm, 30bar, mot\u00fdlek \u0160M, F-Power -Pracovn\u00ed teplota m\u00e9dia -30 &#8211; 120 \u00b0C-M\u00e9dium: voda, stla\u010den\u00fd vzduch, glykol 50%-Materi\u00e1l t\u011blesa a koule: mosaz CW617N-4MS-Povrch koule: chr\u00f3m-T\u011bsn\u011bn\u00ed koule a d\u0159\u00edku: teflon PTFE-Povrch kter\u00fd je v kontaktu s m\u00e9diem nen\u00ed niklov\u00e1n -Technick\u00e9 osv\u011bd\u010den\u00ed, prohl\u00e1\u0161en\u00ed o shod\u011b, hygienick\u00fd atest Hloubka krabice [mm]: 180 [&hellip;]","og_url":"https:\/\/www.technodompro.com\/index.php\/produkt\/novaservis-kulovy-plnoprutocny-kohout-se-sroubenim-30bar-motylek-sm-f-power-nova-kolekce-14716\/","og_image":[{"width":600,"height":551,"url":"https:\/\/www.technodompro.com\/wp-content\/uploads\/2026\/SK0015119-CZ20260425-092632-0-1777080397-novaservis-kulovy-plnoprutocny-kohout-se-sroubenim-30bar-mo.webp","type":"image\/webp"}],"twitter_card":"summary_large_image","twitter_misc":{"Odhadovan\u00e1 doba \u010dten\u00ed":"2 minuty"},"schema":{"@context":"https:\/\/schema.org","@graph":[{"@type":"WebPage","@id":"https:\/\/www.technodompro.com\/index.php\/produkt\/novaservis-kulovy-plnoprutocny-kohout-se-sroubenim-30bar-motylek-sm-f-power-nova-kolekce-14716\/","url":"https:\/\/www.technodompro.com\/index.php\/produkt\/novaservis-kulovy-plnoprutocny-kohout-se-sroubenim-30bar-motylek-sm-f-power-nova-kolekce-14716\/","name":"Novaservis Kulov\u00fd plnopr\u016fto\u010dn\u00fd kohout se \u0161rouben\u00edm, 30bar, mot\u00fdlek \u0160M, F-Power Nov\u00e1 Kolekce -","isPartOf":{"@id":"https:\/\/www.technodompro.com\/#website"},"primaryImageOfPage":{"@id":"https:\/\/www.technodompro.com\/index.php\/produkt\/novaservis-kulovy-plnoprutocny-kohout-se-sroubenim-30bar-motylek-sm-f-power-nova-kolekce-14716\/#primaryimage"},"image":{"@id":"https:\/\/www.technodompro.com\/index.php\/produkt\/novaservis-kulovy-plnoprutocny-kohout-se-sroubenim-30bar-motylek-sm-f-power-nova-kolekce-14716\/#primaryimage"},"thumbnailUrl":"https:\/\/www.technodompro.com\/wp-content\/uploads\/2026\/SK0015119-CZ20260425-092632-0-1777080397-novaservis-kulovy-plnoprutocny-kohout-se-sroubenim-30bar-mo.webp","datePublished":"2026-04-27T04:41:06+00:00","breadcrumb":{"@id":"https:\/\/www.technodompro.com\/index.php\/produkt\/novaservis-kulovy-plnoprutocny-kohout-se-sroubenim-30bar-motylek-sm-f-power-nova-kolekce-14716\/#breadcrumb"},"inLanguage":"cs","potentialAction":[{"@type":"ReadAction","target":["https:\/\/www.technodompro.com\/index.php\/produkt\/novaservis-kulovy-plnoprutocny-kohout-se-sroubenim-30bar-motylek-sm-f-power-nova-kolekce-14716\/"]}]},{"@type":"ImageObject","inLanguage":"cs","@id":"https:\/\/www.technodompro.com\/index.php\/produkt\/novaservis-kulovy-plnoprutocny-kohout-se-sroubenim-30bar-motylek-sm-f-power-nova-kolekce-14716\/#primaryimage","url":"https:\/\/www.technodompro.com\/wp-content\/uploads\/2026\/SK0015119-CZ20260425-092632-0-1777080397-novaservis-kulovy-plnoprutocny-kohout-se-sroubenim-30bar-mo.webp","contentUrl":"https:\/\/www.technodompro.com\/wp-content\/uploads\/2026\/SK0015119-CZ20260425-092632-0-1777080397-novaservis-kulovy-plnoprutocny-kohout-se-sroubenim-30bar-mo.webp","width":600,"height":551},{"@type":"BreadcrumbList","@id":"https:\/\/www.technodompro.com\/index.php\/produkt\/novaservis-kulovy-plnoprutocny-kohout-se-sroubenim-30bar-motylek-sm-f-power-nova-kolekce-14716\/#breadcrumb","itemListElement":[{"@type":"ListItem","position":1,"name":"Home","item":"https:\/\/www.technodompro.com\/"},{"@type":"ListItem","position":2,"name":"Products","item":"https:\/\/www.technodompro.com\/index.php\/products\/"},{"@type":"ListItem","position":3,"name":"Novaservis Kulov\u00fd plnopr\u016fto\u010dn\u00fd kohout se \u0161rouben\u00edm, 30bar, mot\u00fdlek \u0160M, F-Power Nov\u00e1 Kolekce"}]},{"@type":"WebSite","@id":"https:\/\/www.technodompro.com\/#website","url":"https:\/\/www.technodompro.com\/","name":"","description":"","potentialAction":[{"@type":"SearchAction","target":{"@type":"EntryPoint","urlTemplate":"https:\/\/www.technodompro.com\/?s={search_term_string}"},"query-input":{"@type":"PropertyValueSpecification","valueRequired":true,"valueName":"search_term_string"}}],"inLanguage":"cs"}]}},"_links":{"self":[{"href":"https:\/\/www.technodompro.com\/index.php\/wp-json\/wp\/v2\/product\/14716","targetHints":{"allow":["GET"]}}],"collection":[{"href":"https:\/\/www.technodompro.com\/index.php\/wp-json\/wp\/v2\/product"}],"about":[{"href":"https:\/\/www.technodompro.com\/index.php\/wp-json\/wp\/v2\/types\/product"}],"replies":[{"embeddable":true,"href":"https:\/\/www.technodompro.com\/index.php\/wp-json\/wp\/v2\/comments?post=14716"}],"wp:featuredmedia":[{"embeddable":true,"href":"https:\/\/www.technodompro.com\/index.php\/wp-json\/wp\/v2\/media\/14816"}],"wp:attachment":[{"href":"https:\/\/www.technodompro.com\/index.php\/wp-json\/wp\/v2\/media?parent=14716"}],"wp:term":[{"taxonomy":"product_brand","embeddable":true,"href":"https:\/\/www.technodompro.com\/index.php\/wp-json\/wp\/v2\/product_brand?post=14716"},{"taxonomy":"product_cat","embeddable":true,"href":"https:\/\/www.technodompro.com\/index.php\/wp-json\/wp\/v2\/product_cat?post=14716"},{"taxonomy":"product_tag","embeddable":true,"href":"https:\/\/www.technodompro.com\/index.php\/wp-json\/wp\/v2\/product_tag?post=14716"}],"curies":[{"name":"wp","href":"https:\/\/api.w.org\/{rel}","templated":true}]}}