{"id":14757,"date":"2026-04-27T04:41:06","date_gmt":"2026-04-27T04:41:06","guid":{"rendered":""},"modified":"2026-04-27T04:41:06","modified_gmt":"2026-04-27T04:41:06","slug":"expresni-doruceni-vnitrni-jednotka-klimatizace-vivax-r-design-2-6-2-9kw-bila-14757","status":"publish","type":"product","link":"https:\/\/www.technodompro.com\/index.php\/produkt\/expresni-doruceni-vnitrni-jednotka-klimatizace-vivax-r-design-2-6-2-9kw-bila-14757\/","title":{"rendered":"Expresn\u00ed Doru\u010den\u00ed Vnit\u0159n\u00ed jednotka klimatizace VIVAX R Design 2,6\/2,9kW B\u00edl\u00e1"},"content":{"rendered":"<div class=\"ProductDetail-content NoFixImageContainer\" id=\"productDescription\">\n<div class=\"Heading\">\n<h2 class=\"Heading-title\">Popis produktu <span class=''>Vnit\u0159n\u00ed jednotka klimatizace VIVAX R Design 2,6\/2,9kW B\u00edl\u00e1<\/span><\/h2>\n<\/p><\/div>\n<div class=\"ProductDetailContent\">\n<ul>\n<li><span style=\"font-size:16px\">IONIZ\u00c1TOR<\/span><\/li>\n<li>VYSOK\u00c1 \u00da\u010cINNOST<\/li>\n<li>AUTODIAGNOSTIKA PORUCH<\/li>\n<li>OCHRANN\u00dd KRYT VENTILU<\/li>\n<li>1W POHOTOVOSTN\u00cd RE\u017dIM<\/li>\n<li>TOPEN\u00cd P\u0158I N\u00cdZK\u00c9 VENKOVN\u00cd TEPLOT\u011a A\u017d -20 \u00b0 C<\/li>\n<li>CHLAZEN\u00cd DO N\u00cdZK\u00ddCH TEPLOT -15 \u00b0 C<\/li>\n<li>KOMPATIBILN\u00cd S CHLADIVY R410A A TAK\u00c9 R32<\/li>\n<li>PRACHOV\u00dd FILTR<\/li>\n<li>STUDEN\u00dd KATALYCK\u00dd FILTR<\/li>\n<li>SAMO\u010cI\u0160T\u011aN\u00cd<\/li>\n<li>OBOUSM\u011aRN\u00dd ODVOD KONDENZ\u00c1TU<\/li>\n<li>DIGIT\u00c1LN\u00cd DISPLAY<\/li>\n<li>WIFI READY<\/li>\n<\/ul>\n<h3><span style=\"font-size:18px\">Parametry<\/span><\/h3>\n<table cellspacing=\"0\" class=\"product-fields table table-striped\" style=\"border-collapse:collapse; border-spacing:0px; font-family:open sans,sans-serif; font-size:16px; margin:0px 0px 20px; max-width:100%; width:1140px\">\n<tbody>\n<tr>\n<td style=\"vertical-align:top\"><span style=\"font-size:16px\">Kapacita &#8211; v\u00fdkon chlazen\u00ed (W)<\/span><\/td>\n<td style=\"vertical-align:top\"><span style=\"font-size:16px\">2638<\/span><\/td>\n<\/tr>\n<tr>\n<td style=\"vertical-align:top\"><span style=\"font-size:16px\">Kapacita &#8211; v\u00fdkon topen\u00ed (W)<\/span><\/td>\n<td style=\"vertical-align:top\"><span style=\"font-size:16px\">2784<\/span><\/td>\n<\/tr>\n<tr>\n<td style=\"vertical-align:top\"><span style=\"font-size:16px\">Chlad\u00edc\u00ed kapalina<\/span><\/td>\n<td style=\"vertical-align:top\"><span style=\"font-size:16px\">R32<\/span><\/td>\n<\/tr>\n<tr>\n<td style=\"vertical-align:top\"><span style=\"font-size:16px\">Pr\u016ftok vzduchu (\u2264 m\u00b3\/h)<\/span><\/td>\n<td style=\"vertical-align:top\"><span style=\"font-size:16px\">416<\/span><\/td>\n<\/tr>\n<tr>\n<td style=\"vertical-align:top\"><span style=\"font-size:16px\">Kapacita odvlh\u010dov\u00e1n\u00ed (L\/h)<\/span><\/td>\n<td style=\"vertical-align:top\"><span style=\"font-size:16px\">1,0<\/span><\/td>\n<\/tr>\n<tr>\n<td style=\"vertical-align:top\"><span style=\"font-size:16px\">Hlu\u010dnost (hladina akustick\u00e9ho tlaku) &#8211; Vnit\u0159n\u00ed jednotka (\u2264 dB (A))<\/span><\/td>\n<td style=\"vertical-align:top\"><span style=\"font-size:16px\">20\u226439<\/span><\/td>\n<\/tr>\n<tr>\n<td style=\"vertical-align:top\"><span style=\"font-size:16px\">Maxim\u00e1ln\u00ed hlu\u010dnost &#8211; Vnit\u0159n\u00ed jednotka (\u2264 dB)<\/span><\/td>\n<td style=\"vertical-align:top\"><span style=\"font-size:16px\">54<\/span><\/td>\n<\/tr>\n<tr>\n<td style=\"vertical-align:top\"><span style=\"font-size:16px\">Pr\u016fm\u011br potrub\u00ed kapaln\u00e9 f\u00e1ze<\/span><\/td>\n<td style=\"vertical-align:top\"><span style=\"font-size:16px\">1\/4<\/span><\/td>\n<\/tr>\n<tr>\n<td style=\"vertical-align:top\"><span style=\"font-size:16px\">Pr\u016fm\u011br potrub\u00ed plynn\u00e9 f\u00e1ze<\/span><\/td>\n<td style=\"vertical-align:top\"><span style=\"font-size:16px\">3\/8<\/span><\/td>\n<\/tr>\n<tr>\n<td style=\"vertical-align:top\"><span style=\"font-size:16px\">Propojovac\u00ed kabel &#8211; 220-240V \/ 1 \/ 50Hz (mm\u00b2)<\/span><\/td>\n<td style=\"vertical-align:top\"><span style=\"font-size:16px\">4 x 1,0<\/span><\/td>\n<\/tr>\n<tr>\n<td style=\"vertical-align:top\"><span style=\"font-size:16px\">Nap\u00e1jen\u00ed &#8211; venkovn\u00ed jednotka OU<\/span><\/td>\n<td style=\"vertical-align:top\"><span style=\"font-size:16px\">220-240V \/ 1 \/ 50Hz<\/span><\/td>\n<\/tr>\n<tr>\n<td style=\"vertical-align:top\"><span style=\"font-size:16px\">Pracovn\u00ed rozsah teplot<\/span><\/td>\n<td style=\"vertical-align:top\"><span style=\"font-size:16px\">-20\u00b0C\u2264T\u226450\u00b0C<\/span><\/td>\n<\/tr>\n<tr>\n<td style=\"vertical-align:top\"><span style=\"font-size:16px\">Rozm\u011bry &#8211; Vnit\u0159n\u00ed jednotka (mm)<\/span><\/td>\n<td style=\"vertical-align:top\"><span style=\"font-size:16px\">722 x 187 x 290<\/span><\/td>\n<\/tr>\n<tr>\n<td style=\"vertical-align:top\"><span style=\"font-size:16px\">Hmotnost &#8211; Vnit\u0159n\u00ed jednotka (kg)<\/span><\/td>\n<td style=\"vertical-align:top\"><span style=\"font-size:16px\">7,3<\/span><\/td>\n<\/tr>\n<\/tbody>\n<\/table><\/div>\n<div class=\"ProductDetailContent\">                                                                    <\/div>\n<\/p><\/div>\n<\/p><\/div>\n<\/p><\/div>\n","protected":false},"excerpt":{"rendered":"<p>Popis produktu Vnit\u0159n\u00ed jednotka klimatizace VIVAX R Design 2,6\/2,9kW B\u00edl\u00e1 IONIZ\u00c1TOR VYSOK\u00c1 \u00da\u010cINNOST AUTODIAGNOSTIKA PORUCH OCHRANN\u00dd KRYT VENTILU 1W POHOTOVOSTN\u00cd RE\u017dIM TOPEN\u00cd P\u0158I N\u00cdZK\u00c9 VENKOVN\u00cd TEPLOT\u011a A\u017d -20 \u00b0 C CHLAZEN\u00cd DO N\u00cdZK\u00ddCH TEPLOT -15 \u00b0 C KOMPATIBILN\u00cd S CHLADIVY R410A A TAK\u00c9 R32 PRACHOV\u00dd FILTR STUDEN\u00dd KATALYCK\u00dd FILTR SAMO\u010cI\u0160T\u011aN\u00cd OBOUSM\u011aRN\u00dd ODVOD KONDENZ\u00c1TU DIGIT\u00c1LN\u00cd DISPLAY [&hellip;]<\/p>\n","protected":false},"featured_media":14857,"comment_status":"open","ping_status":"open","template":"","meta":[],"product_brand":[],"product_cat":[74],"product_tag":[],"class_list":{"0":"post-14757","1":"product","2":"type-product","3":"status-publish","4":"has-post-thumbnail","6":"product_cat-rekuperace-vzduchu-a-vody-vetrani","8":"first","9":"instock","10":"sale","11":"shipping-taxable","12":"purchasable","13":"product-type-simple"},"yoast_head":"<!-- This site is optimized with the Yoast SEO plugin v26.8 - https:\/\/yoast.com\/product\/yoast-seo-wordpress\/ -->\n<title>Expresn\u00ed Doru\u010den\u00ed Vnit\u0159n\u00ed jednotka klimatizace VIVAX R Design 2,6\/2,9kW B\u00edl\u00e1 -<\/title>\n<meta name=\"robots\" content=\"index, follow, max-snippet:-1, max-image-preview:large, max-video-preview:-1\" \/>\n<link rel=\"canonical\" href=\"https:\/\/www.technodompro.com\/index.php\/produkt\/expresni-doruceni-vnitrni-jednotka-klimatizace-vivax-r-design-2-6-2-9kw-bila-14757\/\" \/>\n<meta property=\"og:locale\" content=\"cs_CZ\" \/>\n<meta property=\"og:type\" content=\"article\" \/>\n<meta property=\"og:title\" content=\"Expresn\u00ed Doru\u010den\u00ed Vnit\u0159n\u00ed jednotka klimatizace VIVAX R Design 2,6\/2,9kW B\u00edl\u00e1 -\" \/>\n<meta property=\"og:description\" content=\"Popis produktu Vnit\u0159n\u00ed jednotka klimatizace VIVAX R Design 2,6\/2,9kW B\u00edl\u00e1 IONIZ\u00c1TOR VYSOK\u00c1 \u00da\u010cINNOST AUTODIAGNOSTIKA PORUCH OCHRANN\u00dd KRYT VENTILU 1W POHOTOVOSTN\u00cd RE\u017dIM TOPEN\u00cd P\u0158I N\u00cdZK\u00c9 VENKOVN\u00cd TEPLOT\u011a A\u017d -20 \u00b0 C CHLAZEN\u00cd DO N\u00cdZK\u00ddCH TEPLOT -15 \u00b0 C KOMPATIBILN\u00cd S CHLADIVY R410A A TAK\u00c9 R32 PRACHOV\u00dd FILTR STUDEN\u00dd KATALYCK\u00dd FILTR SAMO\u010cI\u0160T\u011aN\u00cd OBOUSM\u011aRN\u00dd ODVOD KONDENZ\u00c1TU DIGIT\u00c1LN\u00cd DISPLAY [&hellip;]\" \/>\n<meta property=\"og:url\" content=\"https:\/\/www.technodompro.com\/index.php\/produkt\/expresni-doruceni-vnitrni-jednotka-klimatizace-vivax-r-design-2-6-2-9kw-bila-14757\/\" \/>\n<meta property=\"og:image\" content=\"https:\/\/www.technodompro.com\/wp-content\/uploads\/2026\/SK0015182-CZ20260425-092632-0-1777080397-vnitrni-jednotka-klimatizace-vivax-r-design-2-6-2-9kw-bila-.webp\" \/>\n\t<meta property=\"og:image:width\" content=\"600\" \/>\n\t<meta property=\"og:image:height\" content=\"378\" \/>\n\t<meta property=\"og:image:type\" content=\"image\/webp\" \/>\n<meta name=\"twitter:card\" content=\"summary_large_image\" \/>\n<meta name=\"twitter:label1\" content=\"Odhadovan\u00e1 doba \u010dten\u00ed\" \/>\n\t<meta name=\"twitter:data1\" content=\"1 minuta\" \/>\n<script type=\"application\/ld+json\" class=\"yoast-schema-graph\">{\"@context\":\"https:\/\/schema.org\",\"@graph\":[{\"@type\":\"WebPage\",\"@id\":\"https:\/\/www.technodompro.com\/index.php\/produkt\/expresni-doruceni-vnitrni-jednotka-klimatizace-vivax-r-design-2-6-2-9kw-bila-14757\/\",\"url\":\"https:\/\/www.technodompro.com\/index.php\/produkt\/expresni-doruceni-vnitrni-jednotka-klimatizace-vivax-r-design-2-6-2-9kw-bila-14757\/\",\"name\":\"Expresn\u00ed Doru\u010den\u00ed Vnit\u0159n\u00ed jednotka klimatizace VIVAX R Design 2,6\/2,9kW B\u00edl\u00e1 -\",\"isPartOf\":{\"@id\":\"https:\/\/www.technodompro.com\/#website\"},\"primaryImageOfPage\":{\"@id\":\"https:\/\/www.technodompro.com\/index.php\/produkt\/expresni-doruceni-vnitrni-jednotka-klimatizace-vivax-r-design-2-6-2-9kw-bila-14757\/#primaryimage\"},\"image\":{\"@id\":\"https:\/\/www.technodompro.com\/index.php\/produkt\/expresni-doruceni-vnitrni-jednotka-klimatizace-vivax-r-design-2-6-2-9kw-bila-14757\/#primaryimage\"},\"thumbnailUrl\":\"https:\/\/www.technodompro.com\/wp-content\/uploads\/2026\/SK0015182-CZ20260425-092632-0-1777080397-vnitrni-jednotka-klimatizace-vivax-r-design-2-6-2-9kw-bila-.webp\",\"datePublished\":\"2026-04-27T04:41:06+00:00\",\"breadcrumb\":{\"@id\":\"https:\/\/www.technodompro.com\/index.php\/produkt\/expresni-doruceni-vnitrni-jednotka-klimatizace-vivax-r-design-2-6-2-9kw-bila-14757\/#breadcrumb\"},\"inLanguage\":\"cs\",\"potentialAction\":[{\"@type\":\"ReadAction\",\"target\":[\"https:\/\/www.technodompro.com\/index.php\/produkt\/expresni-doruceni-vnitrni-jednotka-klimatizace-vivax-r-design-2-6-2-9kw-bila-14757\/\"]}]},{\"@type\":\"ImageObject\",\"inLanguage\":\"cs\",\"@id\":\"https:\/\/www.technodompro.com\/index.php\/produkt\/expresni-doruceni-vnitrni-jednotka-klimatizace-vivax-r-design-2-6-2-9kw-bila-14757\/#primaryimage\",\"url\":\"https:\/\/www.technodompro.com\/wp-content\/uploads\/2026\/SK0015182-CZ20260425-092632-0-1777080397-vnitrni-jednotka-klimatizace-vivax-r-design-2-6-2-9kw-bila-.webp\",\"contentUrl\":\"https:\/\/www.technodompro.com\/wp-content\/uploads\/2026\/SK0015182-CZ20260425-092632-0-1777080397-vnitrni-jednotka-klimatizace-vivax-r-design-2-6-2-9kw-bila-.webp\",\"width\":600,\"height\":378},{\"@type\":\"BreadcrumbList\",\"@id\":\"https:\/\/www.technodompro.com\/index.php\/produkt\/expresni-doruceni-vnitrni-jednotka-klimatizace-vivax-r-design-2-6-2-9kw-bila-14757\/#breadcrumb\",\"itemListElement\":[{\"@type\":\"ListItem\",\"position\":1,\"name\":\"Home\",\"item\":\"https:\/\/www.technodompro.com\/\"},{\"@type\":\"ListItem\",\"position\":2,\"name\":\"Products\",\"item\":\"https:\/\/www.technodompro.com\/index.php\/products\/\"},{\"@type\":\"ListItem\",\"position\":3,\"name\":\"Expresn\u00ed Doru\u010den\u00ed Vnit\u0159n\u00ed jednotka klimatizace VIVAX R Design 2,6\/2,9kW B\u00edl\u00e1\"}]},{\"@type\":\"WebSite\",\"@id\":\"https:\/\/www.technodompro.com\/#website\",\"url\":\"https:\/\/www.technodompro.com\/\",\"name\":\"\",\"description\":\"\",\"potentialAction\":[{\"@type\":\"SearchAction\",\"target\":{\"@type\":\"EntryPoint\",\"urlTemplate\":\"https:\/\/www.technodompro.com\/?s={search_term_string}\"},\"query-input\":{\"@type\":\"PropertyValueSpecification\",\"valueRequired\":true,\"valueName\":\"search_term_string\"}}],\"inLanguage\":\"cs\"}]}<\/script>\n<!-- \/ Yoast SEO plugin. -->","yoast_head_json":{"title":"Expresn\u00ed Doru\u010den\u00ed Vnit\u0159n\u00ed jednotka klimatizace VIVAX R Design 2,6\/2,9kW B\u00edl\u00e1 -","robots":{"index":"index","follow":"follow","max-snippet":"max-snippet:-1","max-image-preview":"max-image-preview:large","max-video-preview":"max-video-preview:-1"},"canonical":"https:\/\/www.technodompro.com\/index.php\/produkt\/expresni-doruceni-vnitrni-jednotka-klimatizace-vivax-r-design-2-6-2-9kw-bila-14757\/","og_locale":"cs_CZ","og_type":"article","og_title":"Expresn\u00ed Doru\u010den\u00ed Vnit\u0159n\u00ed jednotka klimatizace VIVAX R Design 2,6\/2,9kW B\u00edl\u00e1 -","og_description":"Popis produktu Vnit\u0159n\u00ed jednotka klimatizace VIVAX R Design 2,6\/2,9kW B\u00edl\u00e1 IONIZ\u00c1TOR VYSOK\u00c1 \u00da\u010cINNOST AUTODIAGNOSTIKA PORUCH OCHRANN\u00dd KRYT VENTILU 1W POHOTOVOSTN\u00cd RE\u017dIM TOPEN\u00cd P\u0158I N\u00cdZK\u00c9 VENKOVN\u00cd TEPLOT\u011a A\u017d -20 \u00b0 C CHLAZEN\u00cd DO N\u00cdZK\u00ddCH TEPLOT -15 \u00b0 C KOMPATIBILN\u00cd S CHLADIVY R410A A TAK\u00c9 R32 PRACHOV\u00dd FILTR STUDEN\u00dd KATALYCK\u00dd FILTR SAMO\u010cI\u0160T\u011aN\u00cd OBOUSM\u011aRN\u00dd ODVOD KONDENZ\u00c1TU DIGIT\u00c1LN\u00cd DISPLAY [&hellip;]","og_url":"https:\/\/www.technodompro.com\/index.php\/produkt\/expresni-doruceni-vnitrni-jednotka-klimatizace-vivax-r-design-2-6-2-9kw-bila-14757\/","og_image":[{"width":600,"height":378,"url":"https:\/\/www.technodompro.com\/wp-content\/uploads\/2026\/SK0015182-CZ20260425-092632-0-1777080397-vnitrni-jednotka-klimatizace-vivax-r-design-2-6-2-9kw-bila-.webp","type":"image\/webp"}],"twitter_card":"summary_large_image","twitter_misc":{"Odhadovan\u00e1 doba \u010dten\u00ed":"1 minuta"},"schema":{"@context":"https:\/\/schema.org","@graph":[{"@type":"WebPage","@id":"https:\/\/www.technodompro.com\/index.php\/produkt\/expresni-doruceni-vnitrni-jednotka-klimatizace-vivax-r-design-2-6-2-9kw-bila-14757\/","url":"https:\/\/www.technodompro.com\/index.php\/produkt\/expresni-doruceni-vnitrni-jednotka-klimatizace-vivax-r-design-2-6-2-9kw-bila-14757\/","name":"Expresn\u00ed Doru\u010den\u00ed Vnit\u0159n\u00ed jednotka klimatizace VIVAX R Design 2,6\/2,9kW B\u00edl\u00e1 -","isPartOf":{"@id":"https:\/\/www.technodompro.com\/#website"},"primaryImageOfPage":{"@id":"https:\/\/www.technodompro.com\/index.php\/produkt\/expresni-doruceni-vnitrni-jednotka-klimatizace-vivax-r-design-2-6-2-9kw-bila-14757\/#primaryimage"},"image":{"@id":"https:\/\/www.technodompro.com\/index.php\/produkt\/expresni-doruceni-vnitrni-jednotka-klimatizace-vivax-r-design-2-6-2-9kw-bila-14757\/#primaryimage"},"thumbnailUrl":"https:\/\/www.technodompro.com\/wp-content\/uploads\/2026\/SK0015182-CZ20260425-092632-0-1777080397-vnitrni-jednotka-klimatizace-vivax-r-design-2-6-2-9kw-bila-.webp","datePublished":"2026-04-27T04:41:06+00:00","breadcrumb":{"@id":"https:\/\/www.technodompro.com\/index.php\/produkt\/expresni-doruceni-vnitrni-jednotka-klimatizace-vivax-r-design-2-6-2-9kw-bila-14757\/#breadcrumb"},"inLanguage":"cs","potentialAction":[{"@type":"ReadAction","target":["https:\/\/www.technodompro.com\/index.php\/produkt\/expresni-doruceni-vnitrni-jednotka-klimatizace-vivax-r-design-2-6-2-9kw-bila-14757\/"]}]},{"@type":"ImageObject","inLanguage":"cs","@id":"https:\/\/www.technodompro.com\/index.php\/produkt\/expresni-doruceni-vnitrni-jednotka-klimatizace-vivax-r-design-2-6-2-9kw-bila-14757\/#primaryimage","url":"https:\/\/www.technodompro.com\/wp-content\/uploads\/2026\/SK0015182-CZ20260425-092632-0-1777080397-vnitrni-jednotka-klimatizace-vivax-r-design-2-6-2-9kw-bila-.webp","contentUrl":"https:\/\/www.technodompro.com\/wp-content\/uploads\/2026\/SK0015182-CZ20260425-092632-0-1777080397-vnitrni-jednotka-klimatizace-vivax-r-design-2-6-2-9kw-bila-.webp","width":600,"height":378},{"@type":"BreadcrumbList","@id":"https:\/\/www.technodompro.com\/index.php\/produkt\/expresni-doruceni-vnitrni-jednotka-klimatizace-vivax-r-design-2-6-2-9kw-bila-14757\/#breadcrumb","itemListElement":[{"@type":"ListItem","position":1,"name":"Home","item":"https:\/\/www.technodompro.com\/"},{"@type":"ListItem","position":2,"name":"Products","item":"https:\/\/www.technodompro.com\/index.php\/products\/"},{"@type":"ListItem","position":3,"name":"Expresn\u00ed Doru\u010den\u00ed Vnit\u0159n\u00ed jednotka klimatizace VIVAX R Design 2,6\/2,9kW B\u00edl\u00e1"}]},{"@type":"WebSite","@id":"https:\/\/www.technodompro.com\/#website","url":"https:\/\/www.technodompro.com\/","name":"","description":"","potentialAction":[{"@type":"SearchAction","target":{"@type":"EntryPoint","urlTemplate":"https:\/\/www.technodompro.com\/?s={search_term_string}"},"query-input":{"@type":"PropertyValueSpecification","valueRequired":true,"valueName":"search_term_string"}}],"inLanguage":"cs"}]}},"_links":{"self":[{"href":"https:\/\/www.technodompro.com\/index.php\/wp-json\/wp\/v2\/product\/14757","targetHints":{"allow":["GET"]}}],"collection":[{"href":"https:\/\/www.technodompro.com\/index.php\/wp-json\/wp\/v2\/product"}],"about":[{"href":"https:\/\/www.technodompro.com\/index.php\/wp-json\/wp\/v2\/types\/product"}],"replies":[{"embeddable":true,"href":"https:\/\/www.technodompro.com\/index.php\/wp-json\/wp\/v2\/comments?post=14757"}],"wp:featuredmedia":[{"embeddable":true,"href":"https:\/\/www.technodompro.com\/index.php\/wp-json\/wp\/v2\/media\/14857"}],"wp:attachment":[{"href":"https:\/\/www.technodompro.com\/index.php\/wp-json\/wp\/v2\/media?parent=14757"}],"wp:term":[{"taxonomy":"product_brand","embeddable":true,"href":"https:\/\/www.technodompro.com\/index.php\/wp-json\/wp\/v2\/product_brand?post=14757"},{"taxonomy":"product_cat","embeddable":true,"href":"https:\/\/www.technodompro.com\/index.php\/wp-json\/wp\/v2\/product_cat?post=14757"},{"taxonomy":"product_tag","embeddable":true,"href":"https:\/\/www.technodompro.com\/index.php\/wp-json\/wp\/v2\/product_tag?post=14757"}],"curies":[{"name":"wp","href":"https:\/\/api.w.org\/{rel}","templated":true}]}}