{"id":14762,"date":"2026-04-27T04:41:06","date_gmt":"2026-04-27T04:41:06","guid":{"rendered":""},"modified":"2026-04-27T04:41:06","modified_gmt":"2026-04-27T04:41:06","slug":"nova-kolekce-vnitrni-jednotka-klimatizace-vivax-r-design-3-5-3-8kw-silver-14762","status":"publish","type":"product","link":"https:\/\/www.technodompro.com\/index.php\/produkt\/nova-kolekce-vnitrni-jednotka-klimatizace-vivax-r-design-3-5-3-8kw-silver-14762\/","title":{"rendered":"Nov\u00e1 Kolekce Vnit\u0159n\u00ed jednotka klimatizace VIVAX R Design 3,5\/3,8kW Silver"},"content":{"rendered":"<div class=\"ProductDetail-content NoFixImageContainer\" id=\"productDescription\">\n<div class=\"Heading\">\n<h2 class=\"Heading-title\">Popis produktu <span class=''>Vnit\u0159n\u00ed jednotka klimatizace VIVAX R Design 3,5\/3,8kW Silver<\/span><\/h2>\n<\/p><\/div>\n<div class=\"ProductDetailContent\">\n<ul>\n<li><span style=\"font-size:16px\">IONIZ&Aacute;TOR<\/span><\/li>\n<li>VYSOK&Aacute; &Uacute;\u010cINNOST<\/li>\n<li>AUTODIAGNOSTIKA PORUCH<\/li>\n<li>OCHRANN&Yacute; KRYT VENTILU<\/li>\n<li>1W POHOTOVOSTN&Iacute; RE\u017dIM<\/li>\n<li>TOPEN&Iacute; P\u0158I N&Iacute;ZK&Eacute; VENKOVN&Iacute; TEPLOT\u011a A\u017d -20 &deg; C<\/li>\n<li>CHLAZEN&Iacute; DO N&Iacute;ZK&Yacute;CH TEPLOT -15 &deg; C<\/li>\n<li>KOMPATIBILN&Iacute; S CHLADIVY R410A A TAK&Eacute; R32<\/li>\n<li>PRACHOV&Yacute; FILTR<\/li>\n<li>STUDEN&Yacute; KATALYCK&Yacute; FILTR<\/li>\n<li>SAMO\u010cI&Scaron;T\u011aN&Iacute;<\/li>\n<li>OBOUSM\u011aRN&Yacute; ODVOD KONDENZ&Aacute;TU<\/li>\n<li>DIGIT&Aacute;LN&Iacute; DISPLAY<\/li>\n<li>WIFI READY<\/li>\n<\/ul>\n<h3><span style=\"font-size:18px\">Parametry<\/span><\/h3>\n<div class=\"clear\" style=\"box-sizing: border-box; clear: both; height: 0px; line-height: 0px; font-size: 0px; margin: 0px; padding: 0px;\">&nbsp;<\/div>\n<table class=\"product-fields table table-striped\" style=\"border-collapse:collapse; border-spacing:0px; font-family:open sans,sans-serif; font-size:16px; margin:0px 0px 20px; max-width:100%; width:1140px\">\n<tbody>\n<tr>\n<td style=\"vertical-align:top\">Kapacita &#8211; v&yacute;kon chlazen&iacute; (W)<\/td>\n<td style=\"vertical-align:top\">3517<\/td>\n<\/tr>\n<tr>\n<td style=\"vertical-align:top\">Kapacita &#8211; v&yacute;kon topen&iacute; (W)<\/td>\n<td style=\"vertical-align:top\">3810<\/td>\n<\/tr>\n<tr>\n<td style=\"vertical-align:top\">Chlad&iacute;c&iacute; kapalina<\/td>\n<td style=\"vertical-align:top\">R32<\/td>\n<\/tr>\n<tr>\n<td style=\"vertical-align:top\">Pr\u016ftok vzduchu (&le; m&sup3;\/h)<\/td>\n<td style=\"vertical-align:top\">515<\/td>\n<\/tr>\n<tr>\n<td style=\"vertical-align:top\">Kapacita odvlh\u010dov&aacute;n&iacute; (L\/h)<\/td>\n<td style=\"vertical-align:top\">1,2<\/td>\n<\/tr>\n<tr>\n<td style=\"vertical-align:top\">Hlu\u010dnost (hladina akustick&eacute;ho tlaku) &#8211; Vnit\u0159n&iacute; jednotka (&le; dB (A))<\/td>\n<td style=\"vertical-align:top\">21&le;38<\/td>\n<\/tr>\n<tr>\n<td style=\"vertical-align:top\">Maxim&aacute;ln&iacute; hlu\u010dnost &#8211; Vnit\u0159n&iacute; jednotka (&le; dB)<\/td>\n<td style=\"vertical-align:top\">56<\/td>\n<\/tr>\n<tr>\n<td style=\"vertical-align:top\">Pr\u016fm\u011br potrub&iacute; kapaln&eacute; f&aacute;ze<\/td>\n<td style=\"vertical-align:top\">1\/4<\/td>\n<\/tr>\n<tr>\n<td style=\"vertical-align:top\">Pr\u016fm\u011br potrub&iacute; plynn&eacute; f&aacute;ze<\/td>\n<td style=\"vertical-align:top\">3\/8<\/td>\n<\/tr>\n<tr>\n<td style=\"vertical-align:top\">Propojovac&iacute; kabel &#8211; 220-240V \/ 1 \/ 50Hz (mm&sup2;)<\/td>\n<td style=\"vertical-align:top\">4 x 1,0<\/td>\n<\/tr>\n<tr>\n<td style=\"vertical-align:top\">Nap&aacute;jen&iacute; &#8211; venkovn&iacute; jednotka OU<\/td>\n<td style=\"vertical-align:top\">220-240V \/ 1 \/ 50Hz<\/td>\n<\/tr>\n<tr>\n<td style=\"vertical-align:top\">Pracovn&iacute; rozsah teplot<\/td>\n<td style=\"vertical-align:top\">-20&deg;C&le;T&le;50&deg;C<\/td>\n<\/tr>\n<tr>\n<td style=\"vertical-align:top\">Rozm\u011bry &#8211; Vnit\u0159n&iacute; jednotka (mm)<\/td>\n<td style=\"vertical-align:top\">802 x 189 x 297<\/td>\n<\/tr>\n<tr>\n<td style=\"vertical-align:top\">Hmotnost &#8211; Vnit\u0159n&iacute; jednotka (kg)<\/td>\n<td style=\"vertical-align:top\">8,2<\/td>\n<\/tr>\n<\/tbody>\n<\/table><\/div>\n<div class=\"ProductDetailContent\">                                                                    <\/div>\n<\/p><\/div>\n<\/p><\/div>\n<\/p><\/div>\n","protected":false},"excerpt":{"rendered":"<p>Popis produktu Vnit\u0159n\u00ed jednotka klimatizace VIVAX R Design 3,5\/3,8kW Silver IONIZ&Aacute;TOR VYSOK&Aacute; &Uacute;\u010cINNOST AUTODIAGNOSTIKA PORUCH OCHRANN&Yacute; KRYT VENTILU 1W POHOTOVOSTN&Iacute; RE\u017dIM TOPEN&Iacute; P\u0158I N&Iacute;ZK&Eacute; VENKOVN&Iacute; TEPLOT\u011a A\u017d -20 &deg; C CHLAZEN&Iacute; DO N&Iacute;ZK&Yacute;CH TEPLOT -15 &deg; C KOMPATIBILN&Iacute; S CHLADIVY R410A A TAK&Eacute; R32 PRACHOV&Yacute; FILTR STUDEN&Yacute; KATALYCK&Yacute; FILTR SAMO\u010cI&Scaron;T\u011aN&Iacute; OBOUSM\u011aRN&Yacute; ODVOD KONDENZ&Aacute;TU DIGIT&Aacute;LN&Iacute; DISPLAY [&hellip;]<\/p>\n","protected":false},"featured_media":14862,"comment_status":"open","ping_status":"open","template":"","meta":[],"product_brand":[],"product_cat":[74],"product_tag":[],"class_list":{"0":"post-14762","1":"product","2":"type-product","3":"status-publish","4":"has-post-thumbnail","6":"product_cat-rekuperace-vzduchu-a-vody-vetrani","8":"first","9":"instock","10":"sale","11":"shipping-taxable","12":"purchasable","13":"product-type-simple"},"yoast_head":"<!-- This site is optimized with the Yoast SEO plugin v26.8 - https:\/\/yoast.com\/product\/yoast-seo-wordpress\/ -->\n<title>Nov\u00e1 Kolekce Vnit\u0159n\u00ed jednotka klimatizace VIVAX R Design 3,5\/3,8kW Silver -<\/title>\n<meta name=\"robots\" content=\"index, follow, max-snippet:-1, max-image-preview:large, max-video-preview:-1\" \/>\n<link rel=\"canonical\" href=\"https:\/\/www.technodompro.com\/index.php\/produkt\/nova-kolekce-vnitrni-jednotka-klimatizace-vivax-r-design-3-5-3-8kw-silver-14762\/\" \/>\n<meta property=\"og:locale\" content=\"cs_CZ\" \/>\n<meta property=\"og:type\" content=\"article\" \/>\n<meta property=\"og:title\" content=\"Nov\u00e1 Kolekce Vnit\u0159n\u00ed jednotka klimatizace VIVAX R Design 3,5\/3,8kW Silver -\" \/>\n<meta property=\"og:description\" content=\"Popis produktu Vnit\u0159n\u00ed jednotka klimatizace VIVAX R Design 3,5\/3,8kW Silver IONIZ&Aacute;TOR VYSOK&Aacute; &Uacute;\u010cINNOST AUTODIAGNOSTIKA PORUCH OCHRANN&Yacute; KRYT VENTILU 1W POHOTOVOSTN&Iacute; RE\u017dIM TOPEN&Iacute; P\u0158I N&Iacute;ZK&Eacute; VENKOVN&Iacute; TEPLOT\u011a A\u017d -20 &deg; C CHLAZEN&Iacute; DO N&Iacute;ZK&Yacute;CH TEPLOT -15 &deg; C KOMPATIBILN&Iacute; S CHLADIVY R410A A TAK&Eacute; R32 PRACHOV&Yacute; FILTR STUDEN&Yacute; KATALYCK&Yacute; FILTR SAMO\u010cI&Scaron;T\u011aN&Iacute; OBOUSM\u011aRN&Yacute; ODVOD KONDENZ&Aacute;TU DIGIT&Aacute;LN&Iacute; DISPLAY [&hellip;]\" \/>\n<meta property=\"og:url\" content=\"https:\/\/www.technodompro.com\/index.php\/produkt\/nova-kolekce-vnitrni-jednotka-klimatizace-vivax-r-design-3-5-3-8kw-silver-14762\/\" \/>\n<meta property=\"og:image\" content=\"https:\/\/www.technodompro.com\/wp-content\/uploads\/2026\/SK0015187-CZ20260425-092632-0-1777080397-vnitrni-jednotka-klimatizace-vivax-r-design-3-5-3-8kw-silve.webp\" \/>\n\t<meta property=\"og:image:width\" content=\"600\" \/>\n\t<meta property=\"og:image:height\" content=\"400\" \/>\n\t<meta property=\"og:image:type\" content=\"image\/webp\" \/>\n<meta name=\"twitter:card\" content=\"summary_large_image\" \/>\n<meta name=\"twitter:label1\" content=\"Odhadovan\u00e1 doba \u010dten\u00ed\" \/>\n\t<meta name=\"twitter:data1\" content=\"1 minuta\" \/>\n<script type=\"application\/ld+json\" class=\"yoast-schema-graph\">{\"@context\":\"https:\/\/schema.org\",\"@graph\":[{\"@type\":\"WebPage\",\"@id\":\"https:\/\/www.technodompro.com\/index.php\/produkt\/nova-kolekce-vnitrni-jednotka-klimatizace-vivax-r-design-3-5-3-8kw-silver-14762\/\",\"url\":\"https:\/\/www.technodompro.com\/index.php\/produkt\/nova-kolekce-vnitrni-jednotka-klimatizace-vivax-r-design-3-5-3-8kw-silver-14762\/\",\"name\":\"Nov\u00e1 Kolekce Vnit\u0159n\u00ed jednotka klimatizace VIVAX R Design 3,5\/3,8kW Silver -\",\"isPartOf\":{\"@id\":\"https:\/\/www.technodompro.com\/#website\"},\"primaryImageOfPage\":{\"@id\":\"https:\/\/www.technodompro.com\/index.php\/produkt\/nova-kolekce-vnitrni-jednotka-klimatizace-vivax-r-design-3-5-3-8kw-silver-14762\/#primaryimage\"},\"image\":{\"@id\":\"https:\/\/www.technodompro.com\/index.php\/produkt\/nova-kolekce-vnitrni-jednotka-klimatizace-vivax-r-design-3-5-3-8kw-silver-14762\/#primaryimage\"},\"thumbnailUrl\":\"https:\/\/www.technodompro.com\/wp-content\/uploads\/2026\/SK0015187-CZ20260425-092632-0-1777080397-vnitrni-jednotka-klimatizace-vivax-r-design-3-5-3-8kw-silve.webp\",\"datePublished\":\"2026-04-27T04:41:06+00:00\",\"breadcrumb\":{\"@id\":\"https:\/\/www.technodompro.com\/index.php\/produkt\/nova-kolekce-vnitrni-jednotka-klimatizace-vivax-r-design-3-5-3-8kw-silver-14762\/#breadcrumb\"},\"inLanguage\":\"cs\",\"potentialAction\":[{\"@type\":\"ReadAction\",\"target\":[\"https:\/\/www.technodompro.com\/index.php\/produkt\/nova-kolekce-vnitrni-jednotka-klimatizace-vivax-r-design-3-5-3-8kw-silver-14762\/\"]}]},{\"@type\":\"ImageObject\",\"inLanguage\":\"cs\",\"@id\":\"https:\/\/www.technodompro.com\/index.php\/produkt\/nova-kolekce-vnitrni-jednotka-klimatizace-vivax-r-design-3-5-3-8kw-silver-14762\/#primaryimage\",\"url\":\"https:\/\/www.technodompro.com\/wp-content\/uploads\/2026\/SK0015187-CZ20260425-092632-0-1777080397-vnitrni-jednotka-klimatizace-vivax-r-design-3-5-3-8kw-silve.webp\",\"contentUrl\":\"https:\/\/www.technodompro.com\/wp-content\/uploads\/2026\/SK0015187-CZ20260425-092632-0-1777080397-vnitrni-jednotka-klimatizace-vivax-r-design-3-5-3-8kw-silve.webp\",\"width\":600,\"height\":400},{\"@type\":\"BreadcrumbList\",\"@id\":\"https:\/\/www.technodompro.com\/index.php\/produkt\/nova-kolekce-vnitrni-jednotka-klimatizace-vivax-r-design-3-5-3-8kw-silver-14762\/#breadcrumb\",\"itemListElement\":[{\"@type\":\"ListItem\",\"position\":1,\"name\":\"Home\",\"item\":\"https:\/\/www.technodompro.com\/\"},{\"@type\":\"ListItem\",\"position\":2,\"name\":\"Products\",\"item\":\"https:\/\/www.technodompro.com\/index.php\/products\/\"},{\"@type\":\"ListItem\",\"position\":3,\"name\":\"Nov\u00e1 Kolekce Vnit\u0159n\u00ed jednotka klimatizace VIVAX R Design 3,5\/3,8kW Silver\"}]},{\"@type\":\"WebSite\",\"@id\":\"https:\/\/www.technodompro.com\/#website\",\"url\":\"https:\/\/www.technodompro.com\/\",\"name\":\"\",\"description\":\"\",\"potentialAction\":[{\"@type\":\"SearchAction\",\"target\":{\"@type\":\"EntryPoint\",\"urlTemplate\":\"https:\/\/www.technodompro.com\/?s={search_term_string}\"},\"query-input\":{\"@type\":\"PropertyValueSpecification\",\"valueRequired\":true,\"valueName\":\"search_term_string\"}}],\"inLanguage\":\"cs\"}]}<\/script>\n<!-- \/ Yoast SEO plugin. -->","yoast_head_json":{"title":"Nov\u00e1 Kolekce Vnit\u0159n\u00ed jednotka klimatizace VIVAX R Design 3,5\/3,8kW Silver -","robots":{"index":"index","follow":"follow","max-snippet":"max-snippet:-1","max-image-preview":"max-image-preview:large","max-video-preview":"max-video-preview:-1"},"canonical":"https:\/\/www.technodompro.com\/index.php\/produkt\/nova-kolekce-vnitrni-jednotka-klimatizace-vivax-r-design-3-5-3-8kw-silver-14762\/","og_locale":"cs_CZ","og_type":"article","og_title":"Nov\u00e1 Kolekce Vnit\u0159n\u00ed jednotka klimatizace VIVAX R Design 3,5\/3,8kW Silver -","og_description":"Popis produktu Vnit\u0159n\u00ed jednotka klimatizace VIVAX R Design 3,5\/3,8kW Silver IONIZ&Aacute;TOR VYSOK&Aacute; &Uacute;\u010cINNOST AUTODIAGNOSTIKA PORUCH OCHRANN&Yacute; KRYT VENTILU 1W POHOTOVOSTN&Iacute; RE\u017dIM TOPEN&Iacute; P\u0158I N&Iacute;ZK&Eacute; VENKOVN&Iacute; TEPLOT\u011a A\u017d -20 &deg; C CHLAZEN&Iacute; DO N&Iacute;ZK&Yacute;CH TEPLOT -15 &deg; C KOMPATIBILN&Iacute; S CHLADIVY R410A A TAK&Eacute; R32 PRACHOV&Yacute; FILTR STUDEN&Yacute; KATALYCK&Yacute; FILTR SAMO\u010cI&Scaron;T\u011aN&Iacute; OBOUSM\u011aRN&Yacute; ODVOD KONDENZ&Aacute;TU DIGIT&Aacute;LN&Iacute; DISPLAY [&hellip;]","og_url":"https:\/\/www.technodompro.com\/index.php\/produkt\/nova-kolekce-vnitrni-jednotka-klimatizace-vivax-r-design-3-5-3-8kw-silver-14762\/","og_image":[{"width":600,"height":400,"url":"https:\/\/www.technodompro.com\/wp-content\/uploads\/2026\/SK0015187-CZ20260425-092632-0-1777080397-vnitrni-jednotka-klimatizace-vivax-r-design-3-5-3-8kw-silve.webp","type":"image\/webp"}],"twitter_card":"summary_large_image","twitter_misc":{"Odhadovan\u00e1 doba \u010dten\u00ed":"1 minuta"},"schema":{"@context":"https:\/\/schema.org","@graph":[{"@type":"WebPage","@id":"https:\/\/www.technodompro.com\/index.php\/produkt\/nova-kolekce-vnitrni-jednotka-klimatizace-vivax-r-design-3-5-3-8kw-silver-14762\/","url":"https:\/\/www.technodompro.com\/index.php\/produkt\/nova-kolekce-vnitrni-jednotka-klimatizace-vivax-r-design-3-5-3-8kw-silver-14762\/","name":"Nov\u00e1 Kolekce Vnit\u0159n\u00ed jednotka klimatizace VIVAX R Design 3,5\/3,8kW Silver -","isPartOf":{"@id":"https:\/\/www.technodompro.com\/#website"},"primaryImageOfPage":{"@id":"https:\/\/www.technodompro.com\/index.php\/produkt\/nova-kolekce-vnitrni-jednotka-klimatizace-vivax-r-design-3-5-3-8kw-silver-14762\/#primaryimage"},"image":{"@id":"https:\/\/www.technodompro.com\/index.php\/produkt\/nova-kolekce-vnitrni-jednotka-klimatizace-vivax-r-design-3-5-3-8kw-silver-14762\/#primaryimage"},"thumbnailUrl":"https:\/\/www.technodompro.com\/wp-content\/uploads\/2026\/SK0015187-CZ20260425-092632-0-1777080397-vnitrni-jednotka-klimatizace-vivax-r-design-3-5-3-8kw-silve.webp","datePublished":"2026-04-27T04:41:06+00:00","breadcrumb":{"@id":"https:\/\/www.technodompro.com\/index.php\/produkt\/nova-kolekce-vnitrni-jednotka-klimatizace-vivax-r-design-3-5-3-8kw-silver-14762\/#breadcrumb"},"inLanguage":"cs","potentialAction":[{"@type":"ReadAction","target":["https:\/\/www.technodompro.com\/index.php\/produkt\/nova-kolekce-vnitrni-jednotka-klimatizace-vivax-r-design-3-5-3-8kw-silver-14762\/"]}]},{"@type":"ImageObject","inLanguage":"cs","@id":"https:\/\/www.technodompro.com\/index.php\/produkt\/nova-kolekce-vnitrni-jednotka-klimatizace-vivax-r-design-3-5-3-8kw-silver-14762\/#primaryimage","url":"https:\/\/www.technodompro.com\/wp-content\/uploads\/2026\/SK0015187-CZ20260425-092632-0-1777080397-vnitrni-jednotka-klimatizace-vivax-r-design-3-5-3-8kw-silve.webp","contentUrl":"https:\/\/www.technodompro.com\/wp-content\/uploads\/2026\/SK0015187-CZ20260425-092632-0-1777080397-vnitrni-jednotka-klimatizace-vivax-r-design-3-5-3-8kw-silve.webp","width":600,"height":400},{"@type":"BreadcrumbList","@id":"https:\/\/www.technodompro.com\/index.php\/produkt\/nova-kolekce-vnitrni-jednotka-klimatizace-vivax-r-design-3-5-3-8kw-silver-14762\/#breadcrumb","itemListElement":[{"@type":"ListItem","position":1,"name":"Home","item":"https:\/\/www.technodompro.com\/"},{"@type":"ListItem","position":2,"name":"Products","item":"https:\/\/www.technodompro.com\/index.php\/products\/"},{"@type":"ListItem","position":3,"name":"Nov\u00e1 Kolekce Vnit\u0159n\u00ed jednotka klimatizace VIVAX R Design 3,5\/3,8kW Silver"}]},{"@type":"WebSite","@id":"https:\/\/www.technodompro.com\/#website","url":"https:\/\/www.technodompro.com\/","name":"","description":"","potentialAction":[{"@type":"SearchAction","target":{"@type":"EntryPoint","urlTemplate":"https:\/\/www.technodompro.com\/?s={search_term_string}"},"query-input":{"@type":"PropertyValueSpecification","valueRequired":true,"valueName":"search_term_string"}}],"inLanguage":"cs"}]}},"_links":{"self":[{"href":"https:\/\/www.technodompro.com\/index.php\/wp-json\/wp\/v2\/product\/14762","targetHints":{"allow":["GET"]}}],"collection":[{"href":"https:\/\/www.technodompro.com\/index.php\/wp-json\/wp\/v2\/product"}],"about":[{"href":"https:\/\/www.technodompro.com\/index.php\/wp-json\/wp\/v2\/types\/product"}],"replies":[{"embeddable":true,"href":"https:\/\/www.technodompro.com\/index.php\/wp-json\/wp\/v2\/comments?post=14762"}],"wp:featuredmedia":[{"embeddable":true,"href":"https:\/\/www.technodompro.com\/index.php\/wp-json\/wp\/v2\/media\/14862"}],"wp:attachment":[{"href":"https:\/\/www.technodompro.com\/index.php\/wp-json\/wp\/v2\/media?parent=14762"}],"wp:term":[{"taxonomy":"product_brand","embeddable":true,"href":"https:\/\/www.technodompro.com\/index.php\/wp-json\/wp\/v2\/product_brand?post=14762"},{"taxonomy":"product_cat","embeddable":true,"href":"https:\/\/www.technodompro.com\/index.php\/wp-json\/wp\/v2\/product_cat?post=14762"},{"taxonomy":"product_tag","embeddable":true,"href":"https:\/\/www.technodompro.com\/index.php\/wp-json\/wp\/v2\/product_tag?post=14762"}],"curies":[{"name":"wp","href":"https:\/\/api.w.org\/{rel}","templated":true}]}}