{"id":14765,"date":"2026-04-27T04:41:06","date_gmt":"2026-04-27T04:41:06","guid":{"rendered":""},"modified":"2026-04-27T04:41:06","modified_gmt":"2026-04-27T04:41:06","slug":"vnitrni-jednotka-klimatizace-vivax-r-design-5-3-5-6kw-seda-zrcadlo-specialni-cena-14765","status":"publish","type":"product","link":"https:\/\/www.technodompro.com\/index.php\/produkt\/vnitrni-jednotka-klimatizace-vivax-r-design-5-3-5-6kw-seda-zrcadlo-specialni-cena-14765\/","title":{"rendered":"Vnit\u0159n\u00ed jednotka klimatizace VIVAX R Design 5,3\/5,6kW \u0161ed\u00e1-zrcadlo Speci\u00e1ln\u00ed Cena"},"content":{"rendered":"<div class=\"ProductDetail-content NoFixImageContainer\" id=\"productDescription\">\n<div class=\"Heading\">\n<h2 class=\"Heading-title\">Popis produktu <span class=''>Vnit\u0159n\u00ed jednotka klimatizace VIVAX R Design 5,3\/5,6kW \u0161ed\u00e1-zrcadlo<\/span><\/h2>\n<\/p><\/div>\n<div class=\"ProductDetailContent\">\n<ul>\n<li><span style=\"font-size:16px\">IONIZ\u00c1TOR<\/span><\/li>\n<li><span style=\"font-size:16px\">VYSOK\u00c1 \u00da\u010cINNOST<\/span><\/li>\n<li><span style=\"font-size:16px\">AUTODIAGNOSTIKA PORUCH<\/span><\/li>\n<li><span style=\"font-size:16px\">OCHRANN\u00dd KRYT VENTILU<\/span><\/li>\n<li><span style=\"font-size:16px\">1W POHOTOVOSTN\u00cd RE\u017dIM<\/span><\/li>\n<li><span style=\"font-size:16px\">TOPEN\u00cd P\u0158I N\u00cdZK\u00c9 VENKOVN\u00cd TEPLOT\u011a A\u017d -20 \u00b0 C<\/span><\/li>\n<li><span style=\"font-size:16px\">CHLAZEN\u00cd DO N\u00cdZK\u00ddCH TEPLOT -15 \u00b0 C<\/span><\/li>\n<li><span style=\"font-size:16px\">KOMPATIBILN\u00cd S CHLADIVY R410A A TAK\u00c9 R32<\/span><\/li>\n<li><span style=\"font-size:16px\">PRACHOV\u00dd FILTR<\/span><\/li>\n<li><span style=\"font-size:16px\">STUDEN\u00dd KATALYCK\u00dd FILTR<\/span><\/li>\n<li><span style=\"font-size:16px\">SAMO\u010cI\u0160T\u011aN\u00cd<\/span><\/li>\n<li><span style=\"font-size:16px\">OBOUSM\u011aRN\u00dd ODVOD KONDENZ\u00c1TU<\/span><\/li>\n<li><span style=\"font-size:16px\">DIGIT\u00c1LN\u00cd DISPLAY<\/span><\/li>\n<li><span style=\"font-size:16px\">WIFI READY<\/span><\/li>\n<\/ul>\n<h3><span style=\"font-size:18px\">Parametry<\/span><\/h3>\n<div class=\"clear\" style=\"box-sizing:border-box; clear:both; font-size:0px; height:0px; line-height:0px; margin-bottom:0; margin-left:0; margin-right:0; margin-top:0; padding:0px\">&nbsp;<\/div>\n<table cellspacing=\"0\" class=\"product-fields table table-striped\" style=\"border-collapse:collapse; border-spacing:0px; font-family:open sans,sans-serif; font-size:16px; margin:0px 0px 20px; max-width:100%; width:1140px\">\n<tbody>\n<tr>\n<td style=\"vertical-align:top\">Kapacita &#8211; v\u00fdkon chlazen\u00ed (W)<\/td>\n<td style=\"vertical-align:top\">5275<\/td>\n<\/tr>\n<tr>\n<td style=\"vertical-align:top\">Kapacita &#8211; v\u00fdkon topen\u00ed (W)<\/td>\n<td style=\"vertical-align:top\">5568<\/td>\n<\/tr>\n<tr>\n<td style=\"vertical-align:top\">Chlad\u00edc\u00ed kapalina<\/td>\n<td style=\"vertical-align:top\">R32<\/td>\n<\/tr>\n<tr>\n<td style=\"vertical-align:top\">Pr\u016ftok vzduchu (\u2264 m\u00b3\/h)<\/td>\n<td style=\"vertical-align:top\">750<\/td>\n<\/tr>\n<tr>\n<td style=\"vertical-align:top\">Kapacita odvlh\u010dov\u00e1n\u00ed (L\/h)<\/td>\n<td style=\"vertical-align:top\">1,8<\/td>\n<\/tr>\n<tr>\n<td style=\"vertical-align:top\">Hlu\u010dnost (hladina akustick\u00e9ho tlaku) &#8211; Vnit\u0159n\u00ed jednotka (\u2264 dB (A))<\/td>\n<td style=\"vertical-align:top\">20\u226441<\/td>\n<\/tr>\n<tr>\n<td style=\"vertical-align:top\">Maxim\u00e1ln\u00ed hlu\u010dnost &#8211; Vnit\u0159n\u00ed jednotka (\u2264 dB)<\/td>\n<td style=\"vertical-align:top\">58<\/td>\n<\/tr>\n<tr>\n<td style=\"vertical-align:top\">Pr\u016fm\u011br potrub\u00ed kapaln\u00e9 f\u00e1ze<\/td>\n<td style=\"vertical-align:top\">1\/4<\/td>\n<\/tr>\n<tr>\n<td style=\"vertical-align:top\">Pr\u016fm\u011br potrub\u00ed plynn\u00e9 f\u00e1ze<\/td>\n<td style=\"vertical-align:top\">1\/2<\/td>\n<\/tr>\n<tr>\n<td style=\"vertical-align:top\">Propojovac\u00ed kabel &#8211; 220-240V \/ 1 \/ 50Hz (mm\u00b2)<\/td>\n<td style=\"vertical-align:top\">4 x 1,0<\/td>\n<\/tr>\n<tr>\n<td style=\"vertical-align:top\">Nap\u00e1jen\u00ed &#8211; venkovn\u00ed jednotka OU<\/td>\n<td style=\"vertical-align:top\">220-240V \/ 1 \/ 50Hz<\/td>\n<\/tr>\n<tr>\n<td style=\"vertical-align:top\">Pracovn\u00ed rozsah teplot<\/td>\n<td style=\"vertical-align:top\">-20\u00b0C\u2264T\u226450\u00b0C<\/td>\n<\/tr>\n<tr>\n<td style=\"vertical-align:top\">Rozm\u011bry &#8211; Vnit\u0159n\u00ed jednotka (mm)<\/td>\n<td style=\"vertical-align:top\">965 x 215 x 319<\/td>\n<\/tr>\n<tr>\n<td style=\"vertical-align:top\">Hmotnost &#8211; Vnit\u0159n\u00ed jednotka (kg)<\/td>\n<td style=\"vertical-align:top\">10,8<\/td>\n<\/tr>\n<\/tbody>\n<\/table><\/div>\n<div class=\"ProductDetailContent\">                                                                    <\/div>\n<\/p><\/div>\n<\/p><\/div>\n<\/p><\/div>\n","protected":false},"excerpt":{"rendered":"<p>Popis produktu Vnit\u0159n\u00ed jednotka klimatizace VIVAX R Design 5,3\/5,6kW \u0161ed\u00e1-zrcadlo IONIZ\u00c1TOR VYSOK\u00c1 \u00da\u010cINNOST AUTODIAGNOSTIKA PORUCH OCHRANN\u00dd KRYT VENTILU 1W POHOTOVOSTN\u00cd RE\u017dIM TOPEN\u00cd P\u0158I N\u00cdZK\u00c9 VENKOVN\u00cd TEPLOT\u011a A\u017d -20 \u00b0 C CHLAZEN\u00cd DO N\u00cdZK\u00ddCH TEPLOT -15 \u00b0 C KOMPATIBILN\u00cd S CHLADIVY R410A A TAK\u00c9 R32 PRACHOV\u00dd FILTR STUDEN\u00dd KATALYCK\u00dd FILTR SAMO\u010cI\u0160T\u011aN\u00cd OBOUSM\u011aRN\u00dd ODVOD KONDENZ\u00c1TU DIGIT\u00c1LN\u00cd DISPLAY [&hellip;]<\/p>\n","protected":false},"featured_media":14865,"comment_status":"open","ping_status":"open","template":"","meta":[],"product_brand":[],"product_cat":[74],"product_tag":[],"class_list":{"0":"post-14765","1":"product","2":"type-product","3":"status-publish","4":"has-post-thumbnail","6":"product_cat-rekuperace-vzduchu-a-vody-vetrani","8":"first","9":"instock","10":"sale","11":"shipping-taxable","12":"purchasable","13":"product-type-simple"},"yoast_head":"<!-- This site is optimized with the Yoast SEO plugin v26.8 - https:\/\/yoast.com\/product\/yoast-seo-wordpress\/ -->\n<title>Vnit\u0159n\u00ed jednotka klimatizace VIVAX R Design 5,3\/5,6kW \u0161ed\u00e1-zrcadlo Speci\u00e1ln\u00ed Cena -<\/title>\n<meta name=\"robots\" content=\"index, follow, max-snippet:-1, max-image-preview:large, max-video-preview:-1\" \/>\n<link rel=\"canonical\" href=\"https:\/\/www.technodompro.com\/index.php\/produkt\/vnitrni-jednotka-klimatizace-vivax-r-design-5-3-5-6kw-seda-zrcadlo-specialni-cena-14765\/\" \/>\n<meta property=\"og:locale\" content=\"cs_CZ\" \/>\n<meta property=\"og:type\" content=\"article\" \/>\n<meta property=\"og:title\" content=\"Vnit\u0159n\u00ed jednotka klimatizace VIVAX R Design 5,3\/5,6kW \u0161ed\u00e1-zrcadlo Speci\u00e1ln\u00ed Cena -\" \/>\n<meta property=\"og:description\" content=\"Popis produktu Vnit\u0159n\u00ed jednotka klimatizace VIVAX R Design 5,3\/5,6kW \u0161ed\u00e1-zrcadlo IONIZ\u00c1TOR VYSOK\u00c1 \u00da\u010cINNOST AUTODIAGNOSTIKA PORUCH OCHRANN\u00dd KRYT VENTILU 1W POHOTOVOSTN\u00cd RE\u017dIM TOPEN\u00cd P\u0158I N\u00cdZK\u00c9 VENKOVN\u00cd TEPLOT\u011a A\u017d -20 \u00b0 C CHLAZEN\u00cd DO N\u00cdZK\u00ddCH TEPLOT -15 \u00b0 C KOMPATIBILN\u00cd S CHLADIVY R410A A TAK\u00c9 R32 PRACHOV\u00dd FILTR STUDEN\u00dd KATALYCK\u00dd FILTR SAMO\u010cI\u0160T\u011aN\u00cd OBOUSM\u011aRN\u00dd ODVOD KONDENZ\u00c1TU DIGIT\u00c1LN\u00cd DISPLAY [&hellip;]\" \/>\n<meta property=\"og:url\" content=\"https:\/\/www.technodompro.com\/index.php\/produkt\/vnitrni-jednotka-klimatizace-vivax-r-design-5-3-5-6kw-seda-zrcadlo-specialni-cena-14765\/\" \/>\n<meta property=\"og:image\" content=\"https:\/\/www.technodompro.com\/wp-content\/uploads\/2026\/SK0015190-CZ20260425-092632-0-1777080397-vnitrni-jednotka-klimatizace-vivax-r-design-5-3-5-6kw-seda-.webp\" \/>\n\t<meta property=\"og:image:width\" content=\"350\" \/>\n\t<meta property=\"og:image:height\" content=\"185\" \/>\n\t<meta property=\"og:image:type\" content=\"image\/webp\" \/>\n<meta name=\"twitter:card\" content=\"summary_large_image\" \/>\n<meta name=\"twitter:label1\" content=\"Odhadovan\u00e1 doba \u010dten\u00ed\" \/>\n\t<meta name=\"twitter:data1\" content=\"1 minuta\" \/>\n<script type=\"application\/ld+json\" class=\"yoast-schema-graph\">{\"@context\":\"https:\/\/schema.org\",\"@graph\":[{\"@type\":\"WebPage\",\"@id\":\"https:\/\/www.technodompro.com\/index.php\/produkt\/vnitrni-jednotka-klimatizace-vivax-r-design-5-3-5-6kw-seda-zrcadlo-specialni-cena-14765\/\",\"url\":\"https:\/\/www.technodompro.com\/index.php\/produkt\/vnitrni-jednotka-klimatizace-vivax-r-design-5-3-5-6kw-seda-zrcadlo-specialni-cena-14765\/\",\"name\":\"Vnit\u0159n\u00ed jednotka klimatizace VIVAX R Design 5,3\/5,6kW \u0161ed\u00e1-zrcadlo Speci\u00e1ln\u00ed Cena -\",\"isPartOf\":{\"@id\":\"https:\/\/www.technodompro.com\/#website\"},\"primaryImageOfPage\":{\"@id\":\"https:\/\/www.technodompro.com\/index.php\/produkt\/vnitrni-jednotka-klimatizace-vivax-r-design-5-3-5-6kw-seda-zrcadlo-specialni-cena-14765\/#primaryimage\"},\"image\":{\"@id\":\"https:\/\/www.technodompro.com\/index.php\/produkt\/vnitrni-jednotka-klimatizace-vivax-r-design-5-3-5-6kw-seda-zrcadlo-specialni-cena-14765\/#primaryimage\"},\"thumbnailUrl\":\"https:\/\/www.technodompro.com\/wp-content\/uploads\/2026\/SK0015190-CZ20260425-092632-0-1777080397-vnitrni-jednotka-klimatizace-vivax-r-design-5-3-5-6kw-seda-.webp\",\"datePublished\":\"2026-04-27T04:41:06+00:00\",\"breadcrumb\":{\"@id\":\"https:\/\/www.technodompro.com\/index.php\/produkt\/vnitrni-jednotka-klimatizace-vivax-r-design-5-3-5-6kw-seda-zrcadlo-specialni-cena-14765\/#breadcrumb\"},\"inLanguage\":\"cs\",\"potentialAction\":[{\"@type\":\"ReadAction\",\"target\":[\"https:\/\/www.technodompro.com\/index.php\/produkt\/vnitrni-jednotka-klimatizace-vivax-r-design-5-3-5-6kw-seda-zrcadlo-specialni-cena-14765\/\"]}]},{\"@type\":\"ImageObject\",\"inLanguage\":\"cs\",\"@id\":\"https:\/\/www.technodompro.com\/index.php\/produkt\/vnitrni-jednotka-klimatizace-vivax-r-design-5-3-5-6kw-seda-zrcadlo-specialni-cena-14765\/#primaryimage\",\"url\":\"https:\/\/www.technodompro.com\/wp-content\/uploads\/2026\/SK0015190-CZ20260425-092632-0-1777080397-vnitrni-jednotka-klimatizace-vivax-r-design-5-3-5-6kw-seda-.webp\",\"contentUrl\":\"https:\/\/www.technodompro.com\/wp-content\/uploads\/2026\/SK0015190-CZ20260425-092632-0-1777080397-vnitrni-jednotka-klimatizace-vivax-r-design-5-3-5-6kw-seda-.webp\",\"width\":350,\"height\":185},{\"@type\":\"BreadcrumbList\",\"@id\":\"https:\/\/www.technodompro.com\/index.php\/produkt\/vnitrni-jednotka-klimatizace-vivax-r-design-5-3-5-6kw-seda-zrcadlo-specialni-cena-14765\/#breadcrumb\",\"itemListElement\":[{\"@type\":\"ListItem\",\"position\":1,\"name\":\"Home\",\"item\":\"https:\/\/www.technodompro.com\/\"},{\"@type\":\"ListItem\",\"position\":2,\"name\":\"Products\",\"item\":\"https:\/\/www.technodompro.com\/index.php\/products\/\"},{\"@type\":\"ListItem\",\"position\":3,\"name\":\"Vnit\u0159n\u00ed jednotka klimatizace VIVAX R Design 5,3\/5,6kW \u0161ed\u00e1-zrcadlo Speci\u00e1ln\u00ed Cena\"}]},{\"@type\":\"WebSite\",\"@id\":\"https:\/\/www.technodompro.com\/#website\",\"url\":\"https:\/\/www.technodompro.com\/\",\"name\":\"\",\"description\":\"\",\"potentialAction\":[{\"@type\":\"SearchAction\",\"target\":{\"@type\":\"EntryPoint\",\"urlTemplate\":\"https:\/\/www.technodompro.com\/?s={search_term_string}\"},\"query-input\":{\"@type\":\"PropertyValueSpecification\",\"valueRequired\":true,\"valueName\":\"search_term_string\"}}],\"inLanguage\":\"cs\"}]}<\/script>\n<!-- \/ Yoast SEO plugin. -->","yoast_head_json":{"title":"Vnit\u0159n\u00ed jednotka klimatizace VIVAX R Design 5,3\/5,6kW \u0161ed\u00e1-zrcadlo Speci\u00e1ln\u00ed Cena -","robots":{"index":"index","follow":"follow","max-snippet":"max-snippet:-1","max-image-preview":"max-image-preview:large","max-video-preview":"max-video-preview:-1"},"canonical":"https:\/\/www.technodompro.com\/index.php\/produkt\/vnitrni-jednotka-klimatizace-vivax-r-design-5-3-5-6kw-seda-zrcadlo-specialni-cena-14765\/","og_locale":"cs_CZ","og_type":"article","og_title":"Vnit\u0159n\u00ed jednotka klimatizace VIVAX R Design 5,3\/5,6kW \u0161ed\u00e1-zrcadlo Speci\u00e1ln\u00ed Cena -","og_description":"Popis produktu Vnit\u0159n\u00ed jednotka klimatizace VIVAX R Design 5,3\/5,6kW \u0161ed\u00e1-zrcadlo IONIZ\u00c1TOR VYSOK\u00c1 \u00da\u010cINNOST AUTODIAGNOSTIKA PORUCH OCHRANN\u00dd KRYT VENTILU 1W POHOTOVOSTN\u00cd RE\u017dIM TOPEN\u00cd P\u0158I N\u00cdZK\u00c9 VENKOVN\u00cd TEPLOT\u011a A\u017d -20 \u00b0 C CHLAZEN\u00cd DO N\u00cdZK\u00ddCH TEPLOT -15 \u00b0 C KOMPATIBILN\u00cd S CHLADIVY R410A A TAK\u00c9 R32 PRACHOV\u00dd FILTR STUDEN\u00dd KATALYCK\u00dd FILTR SAMO\u010cI\u0160T\u011aN\u00cd OBOUSM\u011aRN\u00dd ODVOD KONDENZ\u00c1TU DIGIT\u00c1LN\u00cd DISPLAY [&hellip;]","og_url":"https:\/\/www.technodompro.com\/index.php\/produkt\/vnitrni-jednotka-klimatizace-vivax-r-design-5-3-5-6kw-seda-zrcadlo-specialni-cena-14765\/","og_image":[{"width":350,"height":185,"url":"https:\/\/www.technodompro.com\/wp-content\/uploads\/2026\/SK0015190-CZ20260425-092632-0-1777080397-vnitrni-jednotka-klimatizace-vivax-r-design-5-3-5-6kw-seda-.webp","type":"image\/webp"}],"twitter_card":"summary_large_image","twitter_misc":{"Odhadovan\u00e1 doba \u010dten\u00ed":"1 minuta"},"schema":{"@context":"https:\/\/schema.org","@graph":[{"@type":"WebPage","@id":"https:\/\/www.technodompro.com\/index.php\/produkt\/vnitrni-jednotka-klimatizace-vivax-r-design-5-3-5-6kw-seda-zrcadlo-specialni-cena-14765\/","url":"https:\/\/www.technodompro.com\/index.php\/produkt\/vnitrni-jednotka-klimatizace-vivax-r-design-5-3-5-6kw-seda-zrcadlo-specialni-cena-14765\/","name":"Vnit\u0159n\u00ed jednotka klimatizace VIVAX R Design 5,3\/5,6kW \u0161ed\u00e1-zrcadlo Speci\u00e1ln\u00ed Cena -","isPartOf":{"@id":"https:\/\/www.technodompro.com\/#website"},"primaryImageOfPage":{"@id":"https:\/\/www.technodompro.com\/index.php\/produkt\/vnitrni-jednotka-klimatizace-vivax-r-design-5-3-5-6kw-seda-zrcadlo-specialni-cena-14765\/#primaryimage"},"image":{"@id":"https:\/\/www.technodompro.com\/index.php\/produkt\/vnitrni-jednotka-klimatizace-vivax-r-design-5-3-5-6kw-seda-zrcadlo-specialni-cena-14765\/#primaryimage"},"thumbnailUrl":"https:\/\/www.technodompro.com\/wp-content\/uploads\/2026\/SK0015190-CZ20260425-092632-0-1777080397-vnitrni-jednotka-klimatizace-vivax-r-design-5-3-5-6kw-seda-.webp","datePublished":"2026-04-27T04:41:06+00:00","breadcrumb":{"@id":"https:\/\/www.technodompro.com\/index.php\/produkt\/vnitrni-jednotka-klimatizace-vivax-r-design-5-3-5-6kw-seda-zrcadlo-specialni-cena-14765\/#breadcrumb"},"inLanguage":"cs","potentialAction":[{"@type":"ReadAction","target":["https:\/\/www.technodompro.com\/index.php\/produkt\/vnitrni-jednotka-klimatizace-vivax-r-design-5-3-5-6kw-seda-zrcadlo-specialni-cena-14765\/"]}]},{"@type":"ImageObject","inLanguage":"cs","@id":"https:\/\/www.technodompro.com\/index.php\/produkt\/vnitrni-jednotka-klimatizace-vivax-r-design-5-3-5-6kw-seda-zrcadlo-specialni-cena-14765\/#primaryimage","url":"https:\/\/www.technodompro.com\/wp-content\/uploads\/2026\/SK0015190-CZ20260425-092632-0-1777080397-vnitrni-jednotka-klimatizace-vivax-r-design-5-3-5-6kw-seda-.webp","contentUrl":"https:\/\/www.technodompro.com\/wp-content\/uploads\/2026\/SK0015190-CZ20260425-092632-0-1777080397-vnitrni-jednotka-klimatizace-vivax-r-design-5-3-5-6kw-seda-.webp","width":350,"height":185},{"@type":"BreadcrumbList","@id":"https:\/\/www.technodompro.com\/index.php\/produkt\/vnitrni-jednotka-klimatizace-vivax-r-design-5-3-5-6kw-seda-zrcadlo-specialni-cena-14765\/#breadcrumb","itemListElement":[{"@type":"ListItem","position":1,"name":"Home","item":"https:\/\/www.technodompro.com\/"},{"@type":"ListItem","position":2,"name":"Products","item":"https:\/\/www.technodompro.com\/index.php\/products\/"},{"@type":"ListItem","position":3,"name":"Vnit\u0159n\u00ed jednotka klimatizace VIVAX R Design 5,3\/5,6kW \u0161ed\u00e1-zrcadlo Speci\u00e1ln\u00ed Cena"}]},{"@type":"WebSite","@id":"https:\/\/www.technodompro.com\/#website","url":"https:\/\/www.technodompro.com\/","name":"","description":"","potentialAction":[{"@type":"SearchAction","target":{"@type":"EntryPoint","urlTemplate":"https:\/\/www.technodompro.com\/?s={search_term_string}"},"query-input":{"@type":"PropertyValueSpecification","valueRequired":true,"valueName":"search_term_string"}}],"inLanguage":"cs"}]}},"_links":{"self":[{"href":"https:\/\/www.technodompro.com\/index.php\/wp-json\/wp\/v2\/product\/14765","targetHints":{"allow":["GET"]}}],"collection":[{"href":"https:\/\/www.technodompro.com\/index.php\/wp-json\/wp\/v2\/product"}],"about":[{"href":"https:\/\/www.technodompro.com\/index.php\/wp-json\/wp\/v2\/types\/product"}],"replies":[{"embeddable":true,"href":"https:\/\/www.technodompro.com\/index.php\/wp-json\/wp\/v2\/comments?post=14765"}],"wp:featuredmedia":[{"embeddable":true,"href":"https:\/\/www.technodompro.com\/index.php\/wp-json\/wp\/v2\/media\/14865"}],"wp:attachment":[{"href":"https:\/\/www.technodompro.com\/index.php\/wp-json\/wp\/v2\/media?parent=14765"}],"wp:term":[{"taxonomy":"product_brand","embeddable":true,"href":"https:\/\/www.technodompro.com\/index.php\/wp-json\/wp\/v2\/product_brand?post=14765"},{"taxonomy":"product_cat","embeddable":true,"href":"https:\/\/www.technodompro.com\/index.php\/wp-json\/wp\/v2\/product_cat?post=14765"},{"taxonomy":"product_tag","embeddable":true,"href":"https:\/\/www.technodompro.com\/index.php\/wp-json\/wp\/v2\/product_tag?post=14765"}],"curies":[{"name":"wp","href":"https:\/\/api.w.org\/{rel}","templated":true}]}}