{"id":14928,"date":"2026-04-27T04:41:06","date_gmt":"2026-04-27T04:41:06","guid":{"rendered":""},"modified":"2026-04-27T04:41:06","modified_gmt":"2026-04-27T04:41:06","slug":"znackovy-comad-koupelnova-skrinka-s-kosem-na-pradlo-capri-white-811-80x35x35-cm-bila-lesk-dub-14928","status":"publish","type":"product","link":"https:\/\/www.technodompro.com\/index.php\/produkt\/znackovy-comad-koupelnova-skrinka-s-kosem-na-pradlo-capri-white-811-80x35x35-cm-bila-lesk-dub-14928\/","title":{"rendered":"Zna\u010dkov\u00fd Comad Koupelnov\u00e1 sk\u0159\u00ed\u0148ka s ko\u0161em na pr\u00e1dlo Capri White 811, 80x35x35 cm, b\u00edl\u00e1 lesk\/dub"},"content":{"rendered":"<div class=\"ProductDetail-content NoFixImageContainer\" id=\"productDescription\">\n<div class=\"Heading\">\n<h2 class=\"Heading-title\">Popis produktu <span class=''>Comad Koupelnov\u00e1 sk\u0159\u00ed\u0148ka s ko\u0161em na pr\u00e1dlo Capri White 811, 80x35x35 cm, b\u00edl\u00e1 lesk\/dub<\/span><\/h2>\n<\/p><\/div>\n<div class=\"ProductDetailContent\">\n<p><strong>N\u00edzk\u00e1 dopl\u0148kov\u00e1 sk\u0159\u00ed\u0148ka<\/strong> s v\u00fdklopn\u00fdm ko\u0161em na pr\u00e1dlo nab\u00edz\u00ed praktick\u00e9 \u0159e\u0161en\u00ed pro ukl\u00e1d\u00e1n\u00ed \u0161pinav\u00e9ho pr\u00e1dla a z\u00e1rove\u0148 udr\u017euje koupelnu elegantn\u00ed a p\u0159ehlednou.<\/p>\n<h3><span style=\"font-family:arial,helvetica,sans-serif\">Technick\u00e9 parametry<\/span><\/h3>\n<ul>\n<li><span style=\"font-size:16px\"><span style=\"font-family:arial,helvetica,sans-serif\"><strong>\u0160\u00ed\u0159ka:<\/strong>&nbsp;35,0 cm<\/span><\/span><\/li>\n<li><span style=\"font-size:16px\"><span style=\"font-family:arial,helvetica,sans-serif\"><strong>Hloubka:<\/strong>&nbsp;35,0 cm<\/span><\/span><\/li>\n<li><span style=\"font-size:16px\"><span style=\"font-family:arial,helvetica,sans-serif\"><strong>V\u00fd\u0161ka:<\/strong>&nbsp;80,0 cm<\/span><\/span><\/li>\n<li><span style=\"font-size:16px\"><span style=\"font-family:arial,helvetica,sans-serif\"><strong>Barva:<\/strong>&nbsp;b\u00edl\u00e1 lesk, zlat\u00fd dub<\/span><\/span><\/li>\n<li><strong>Materi\u00e1l:<\/strong> MDF<\/li>\n<li><strong>V\u00fdbava:<\/strong> tich\u00e9 dov\u00edr\u00e1n\u00ed<\/li>\n<\/ul><\/div>\n<div class=\"ProductDetailContent\">\n<div class=\"ProductDetailContent-item\">\n<h3>Dod\u00e1v\u00e1no v rozlo\u017een\u00e9m stavu<\/h3>\n<p><strong>Koupelnov\u00fd n\u00e1bytek COMAD<\/strong> je dod\u00e1v\u00e1n v\u017edy v rozlo\u017een\u00e9m stavu spole\u010dn\u011b s <strong>jasn\u00fdm a srozumiteln\u00fdm mont\u00e1\u017en\u00edm n\u00e1vodem<\/strong>. Mont\u00e1\u017en\u00ed n\u00e1vody jsou rovn\u011b\u017e k dispozici u ka\u017ed\u00e9ho v\u00fdrobku na na\u0161em e-shopu nebo je na po\u017e\u00e1d\u00e1n\u00ed za\u0161leme.<\/p>\n<\/p><\/div>\n<\/p><\/div>\n<\/p><\/div>\n<\/p><\/div>\n<\/p><\/div>\n","protected":false},"excerpt":{"rendered":"<p>Popis produktu Comad Koupelnov\u00e1 sk\u0159\u00ed\u0148ka s ko\u0161em na pr\u00e1dlo Capri White 811, 80x35x35 cm, b\u00edl\u00e1 lesk\/dub N\u00edzk\u00e1 dopl\u0148kov\u00e1 sk\u0159\u00ed\u0148ka s v\u00fdklopn\u00fdm ko\u0161em na pr\u00e1dlo nab\u00edz\u00ed praktick\u00e9 \u0159e\u0161en\u00ed pro ukl\u00e1d\u00e1n\u00ed \u0161pinav\u00e9ho pr\u00e1dla a z\u00e1rove\u0148 udr\u017euje koupelnu elegantn\u00ed a p\u0159ehlednou. Technick\u00e9 parametry \u0160\u00ed\u0159ka:&nbsp;35,0 cm Hloubka:&nbsp;35,0 cm V\u00fd\u0161ka:&nbsp;80,0 cm Barva:&nbsp;b\u00edl\u00e1 lesk, zlat\u00fd dub Materi\u00e1l: MDF V\u00fdbava: tich\u00e9 dov\u00edr\u00e1n\u00ed [&hellip;]<\/p>\n","protected":false},"featured_media":15028,"comment_status":"open","ping_status":"open","template":"","meta":[],"product_brand":[],"product_cat":[72],"product_tag":[],"class_list":{"0":"post-14928","1":"product","2":"type-product","3":"status-publish","4":"has-post-thumbnail","6":"product_cat-koupelny","8":"first","9":"instock","10":"sale","11":"shipping-taxable","12":"purchasable","13":"product-type-simple"},"yoast_head":"<!-- This site is optimized with the Yoast SEO plugin v26.8 - https:\/\/yoast.com\/product\/yoast-seo-wordpress\/ -->\n<title>Zna\u010dkov\u00fd Comad Koupelnov\u00e1 sk\u0159\u00ed\u0148ka s ko\u0161em na pr\u00e1dlo Capri White 811, 80x35x35 cm, b\u00edl\u00e1 lesk\/dub -<\/title>\n<meta name=\"robots\" content=\"index, follow, max-snippet:-1, max-image-preview:large, max-video-preview:-1\" \/>\n<link rel=\"canonical\" href=\"https:\/\/www.technodompro.com\/index.php\/produkt\/znackovy-comad-koupelnova-skrinka-s-kosem-na-pradlo-capri-white-811-80x35x35-cm-bila-lesk-dub-14928\/\" \/>\n<meta property=\"og:locale\" content=\"cs_CZ\" \/>\n<meta property=\"og:type\" content=\"article\" \/>\n<meta property=\"og:title\" content=\"Zna\u010dkov\u00fd Comad Koupelnov\u00e1 sk\u0159\u00ed\u0148ka s ko\u0161em na pr\u00e1dlo Capri White 811, 80x35x35 cm, b\u00edl\u00e1 lesk\/dub -\" \/>\n<meta property=\"og:description\" content=\"Popis produktu Comad Koupelnov\u00e1 sk\u0159\u00ed\u0148ka s ko\u0161em na pr\u00e1dlo Capri White 811, 80x35x35 cm, b\u00edl\u00e1 lesk\/dub N\u00edzk\u00e1 dopl\u0148kov\u00e1 sk\u0159\u00ed\u0148ka s v\u00fdklopn\u00fdm ko\u0161em na pr\u00e1dlo nab\u00edz\u00ed praktick\u00e9 \u0159e\u0161en\u00ed pro ukl\u00e1d\u00e1n\u00ed \u0161pinav\u00e9ho pr\u00e1dla a z\u00e1rove\u0148 udr\u017euje koupelnu elegantn\u00ed a p\u0159ehlednou. Technick\u00e9 parametry \u0160\u00ed\u0159ka:&nbsp;35,0 cm Hloubka:&nbsp;35,0 cm V\u00fd\u0161ka:&nbsp;80,0 cm Barva:&nbsp;b\u00edl\u00e1 lesk, zlat\u00fd dub Materi\u00e1l: MDF V\u00fdbava: tich\u00e9 dov\u00edr\u00e1n\u00ed [&hellip;]\" \/>\n<meta property=\"og:url\" content=\"https:\/\/www.technodompro.com\/index.php\/produkt\/znackovy-comad-koupelnova-skrinka-s-kosem-na-pradlo-capri-white-811-80x35x35-cm-bila-lesk-dub-14928\/\" \/>\n<meta property=\"og:image\" content=\"https:\/\/www.technodompro.com\/wp-content\/uploads\/2026\/SK0015254-CZ20260425-092632-0-1777080397-comad-koupelnova-skrinka-s-kosem-na-pradlo-capri-white-811-.webp\" \/>\n\t<meta property=\"og:image:width\" content=\"400\" \/>\n\t<meta property=\"og:image:height\" content=\"600\" \/>\n\t<meta property=\"og:image:type\" content=\"image\/webp\" \/>\n<meta name=\"twitter:card\" content=\"summary_large_image\" \/>\n<meta name=\"twitter:label1\" content=\"Odhadovan\u00e1 doba \u010dten\u00ed\" \/>\n\t<meta name=\"twitter:data1\" content=\"1 minuta\" \/>\n<script type=\"application\/ld+json\" class=\"yoast-schema-graph\">{\"@context\":\"https:\/\/schema.org\",\"@graph\":[{\"@type\":\"WebPage\",\"@id\":\"https:\/\/www.technodompro.com\/index.php\/produkt\/znackovy-comad-koupelnova-skrinka-s-kosem-na-pradlo-capri-white-811-80x35x35-cm-bila-lesk-dub-14928\/\",\"url\":\"https:\/\/www.technodompro.com\/index.php\/produkt\/znackovy-comad-koupelnova-skrinka-s-kosem-na-pradlo-capri-white-811-80x35x35-cm-bila-lesk-dub-14928\/\",\"name\":\"Zna\u010dkov\u00fd Comad Koupelnov\u00e1 sk\u0159\u00ed\u0148ka s ko\u0161em na pr\u00e1dlo Capri White 811, 80x35x35 cm, b\u00edl\u00e1 lesk\/dub -\",\"isPartOf\":{\"@id\":\"https:\/\/www.technodompro.com\/#website\"},\"primaryImageOfPage\":{\"@id\":\"https:\/\/www.technodompro.com\/index.php\/produkt\/znackovy-comad-koupelnova-skrinka-s-kosem-na-pradlo-capri-white-811-80x35x35-cm-bila-lesk-dub-14928\/#primaryimage\"},\"image\":{\"@id\":\"https:\/\/www.technodompro.com\/index.php\/produkt\/znackovy-comad-koupelnova-skrinka-s-kosem-na-pradlo-capri-white-811-80x35x35-cm-bila-lesk-dub-14928\/#primaryimage\"},\"thumbnailUrl\":\"https:\/\/www.technodompro.com\/wp-content\/uploads\/2026\/SK0015254-CZ20260425-092632-0-1777080397-comad-koupelnova-skrinka-s-kosem-na-pradlo-capri-white-811-.webp\",\"datePublished\":\"2026-04-27T04:41:06+00:00\",\"breadcrumb\":{\"@id\":\"https:\/\/www.technodompro.com\/index.php\/produkt\/znackovy-comad-koupelnova-skrinka-s-kosem-na-pradlo-capri-white-811-80x35x35-cm-bila-lesk-dub-14928\/#breadcrumb\"},\"inLanguage\":\"cs\",\"potentialAction\":[{\"@type\":\"ReadAction\",\"target\":[\"https:\/\/www.technodompro.com\/index.php\/produkt\/znackovy-comad-koupelnova-skrinka-s-kosem-na-pradlo-capri-white-811-80x35x35-cm-bila-lesk-dub-14928\/\"]}]},{\"@type\":\"ImageObject\",\"inLanguage\":\"cs\",\"@id\":\"https:\/\/www.technodompro.com\/index.php\/produkt\/znackovy-comad-koupelnova-skrinka-s-kosem-na-pradlo-capri-white-811-80x35x35-cm-bila-lesk-dub-14928\/#primaryimage\",\"url\":\"https:\/\/www.technodompro.com\/wp-content\/uploads\/2026\/SK0015254-CZ20260425-092632-0-1777080397-comad-koupelnova-skrinka-s-kosem-na-pradlo-capri-white-811-.webp\",\"contentUrl\":\"https:\/\/www.technodompro.com\/wp-content\/uploads\/2026\/SK0015254-CZ20260425-092632-0-1777080397-comad-koupelnova-skrinka-s-kosem-na-pradlo-capri-white-811-.webp\",\"width\":400,\"height\":600},{\"@type\":\"BreadcrumbList\",\"@id\":\"https:\/\/www.technodompro.com\/index.php\/produkt\/znackovy-comad-koupelnova-skrinka-s-kosem-na-pradlo-capri-white-811-80x35x35-cm-bila-lesk-dub-14928\/#breadcrumb\",\"itemListElement\":[{\"@type\":\"ListItem\",\"position\":1,\"name\":\"Home\",\"item\":\"https:\/\/www.technodompro.com\/\"},{\"@type\":\"ListItem\",\"position\":2,\"name\":\"Products\",\"item\":\"https:\/\/www.technodompro.com\/index.php\/products\/\"},{\"@type\":\"ListItem\",\"position\":3,\"name\":\"Zna\u010dkov\u00fd Comad Koupelnov\u00e1 sk\u0159\u00ed\u0148ka s ko\u0161em na pr\u00e1dlo Capri White 811, 80x35x35 cm, b\u00edl\u00e1 lesk\/dub\"}]},{\"@type\":\"WebSite\",\"@id\":\"https:\/\/www.technodompro.com\/#website\",\"url\":\"https:\/\/www.technodompro.com\/\",\"name\":\"\",\"description\":\"\",\"potentialAction\":[{\"@type\":\"SearchAction\",\"target\":{\"@type\":\"EntryPoint\",\"urlTemplate\":\"https:\/\/www.technodompro.com\/?s={search_term_string}\"},\"query-input\":{\"@type\":\"PropertyValueSpecification\",\"valueRequired\":true,\"valueName\":\"search_term_string\"}}],\"inLanguage\":\"cs\"}]}<\/script>\n<!-- \/ Yoast SEO plugin. -->","yoast_head_json":{"title":"Zna\u010dkov\u00fd Comad Koupelnov\u00e1 sk\u0159\u00ed\u0148ka s ko\u0161em na pr\u00e1dlo Capri White 811, 80x35x35 cm, b\u00edl\u00e1 lesk\/dub -","robots":{"index":"index","follow":"follow","max-snippet":"max-snippet:-1","max-image-preview":"max-image-preview:large","max-video-preview":"max-video-preview:-1"},"canonical":"https:\/\/www.technodompro.com\/index.php\/produkt\/znackovy-comad-koupelnova-skrinka-s-kosem-na-pradlo-capri-white-811-80x35x35-cm-bila-lesk-dub-14928\/","og_locale":"cs_CZ","og_type":"article","og_title":"Zna\u010dkov\u00fd Comad Koupelnov\u00e1 sk\u0159\u00ed\u0148ka s ko\u0161em na pr\u00e1dlo Capri White 811, 80x35x35 cm, b\u00edl\u00e1 lesk\/dub -","og_description":"Popis produktu Comad Koupelnov\u00e1 sk\u0159\u00ed\u0148ka s ko\u0161em na pr\u00e1dlo Capri White 811, 80x35x35 cm, b\u00edl\u00e1 lesk\/dub N\u00edzk\u00e1 dopl\u0148kov\u00e1 sk\u0159\u00ed\u0148ka s v\u00fdklopn\u00fdm ko\u0161em na pr\u00e1dlo nab\u00edz\u00ed praktick\u00e9 \u0159e\u0161en\u00ed pro ukl\u00e1d\u00e1n\u00ed \u0161pinav\u00e9ho pr\u00e1dla a z\u00e1rove\u0148 udr\u017euje koupelnu elegantn\u00ed a p\u0159ehlednou. Technick\u00e9 parametry \u0160\u00ed\u0159ka:&nbsp;35,0 cm Hloubka:&nbsp;35,0 cm V\u00fd\u0161ka:&nbsp;80,0 cm Barva:&nbsp;b\u00edl\u00e1 lesk, zlat\u00fd dub Materi\u00e1l: MDF V\u00fdbava: tich\u00e9 dov\u00edr\u00e1n\u00ed [&hellip;]","og_url":"https:\/\/www.technodompro.com\/index.php\/produkt\/znackovy-comad-koupelnova-skrinka-s-kosem-na-pradlo-capri-white-811-80x35x35-cm-bila-lesk-dub-14928\/","og_image":[{"width":400,"height":600,"url":"https:\/\/www.technodompro.com\/wp-content\/uploads\/2026\/SK0015254-CZ20260425-092632-0-1777080397-comad-koupelnova-skrinka-s-kosem-na-pradlo-capri-white-811-.webp","type":"image\/webp"}],"twitter_card":"summary_large_image","twitter_misc":{"Odhadovan\u00e1 doba \u010dten\u00ed":"1 minuta"},"schema":{"@context":"https:\/\/schema.org","@graph":[{"@type":"WebPage","@id":"https:\/\/www.technodompro.com\/index.php\/produkt\/znackovy-comad-koupelnova-skrinka-s-kosem-na-pradlo-capri-white-811-80x35x35-cm-bila-lesk-dub-14928\/","url":"https:\/\/www.technodompro.com\/index.php\/produkt\/znackovy-comad-koupelnova-skrinka-s-kosem-na-pradlo-capri-white-811-80x35x35-cm-bila-lesk-dub-14928\/","name":"Zna\u010dkov\u00fd Comad Koupelnov\u00e1 sk\u0159\u00ed\u0148ka s ko\u0161em na pr\u00e1dlo Capri White 811, 80x35x35 cm, b\u00edl\u00e1 lesk\/dub -","isPartOf":{"@id":"https:\/\/www.technodompro.com\/#website"},"primaryImageOfPage":{"@id":"https:\/\/www.technodompro.com\/index.php\/produkt\/znackovy-comad-koupelnova-skrinka-s-kosem-na-pradlo-capri-white-811-80x35x35-cm-bila-lesk-dub-14928\/#primaryimage"},"image":{"@id":"https:\/\/www.technodompro.com\/index.php\/produkt\/znackovy-comad-koupelnova-skrinka-s-kosem-na-pradlo-capri-white-811-80x35x35-cm-bila-lesk-dub-14928\/#primaryimage"},"thumbnailUrl":"https:\/\/www.technodompro.com\/wp-content\/uploads\/2026\/SK0015254-CZ20260425-092632-0-1777080397-comad-koupelnova-skrinka-s-kosem-na-pradlo-capri-white-811-.webp","datePublished":"2026-04-27T04:41:06+00:00","breadcrumb":{"@id":"https:\/\/www.technodompro.com\/index.php\/produkt\/znackovy-comad-koupelnova-skrinka-s-kosem-na-pradlo-capri-white-811-80x35x35-cm-bila-lesk-dub-14928\/#breadcrumb"},"inLanguage":"cs","potentialAction":[{"@type":"ReadAction","target":["https:\/\/www.technodompro.com\/index.php\/produkt\/znackovy-comad-koupelnova-skrinka-s-kosem-na-pradlo-capri-white-811-80x35x35-cm-bila-lesk-dub-14928\/"]}]},{"@type":"ImageObject","inLanguage":"cs","@id":"https:\/\/www.technodompro.com\/index.php\/produkt\/znackovy-comad-koupelnova-skrinka-s-kosem-na-pradlo-capri-white-811-80x35x35-cm-bila-lesk-dub-14928\/#primaryimage","url":"https:\/\/www.technodompro.com\/wp-content\/uploads\/2026\/SK0015254-CZ20260425-092632-0-1777080397-comad-koupelnova-skrinka-s-kosem-na-pradlo-capri-white-811-.webp","contentUrl":"https:\/\/www.technodompro.com\/wp-content\/uploads\/2026\/SK0015254-CZ20260425-092632-0-1777080397-comad-koupelnova-skrinka-s-kosem-na-pradlo-capri-white-811-.webp","width":400,"height":600},{"@type":"BreadcrumbList","@id":"https:\/\/www.technodompro.com\/index.php\/produkt\/znackovy-comad-koupelnova-skrinka-s-kosem-na-pradlo-capri-white-811-80x35x35-cm-bila-lesk-dub-14928\/#breadcrumb","itemListElement":[{"@type":"ListItem","position":1,"name":"Home","item":"https:\/\/www.technodompro.com\/"},{"@type":"ListItem","position":2,"name":"Products","item":"https:\/\/www.technodompro.com\/index.php\/products\/"},{"@type":"ListItem","position":3,"name":"Zna\u010dkov\u00fd Comad Koupelnov\u00e1 sk\u0159\u00ed\u0148ka s ko\u0161em na pr\u00e1dlo Capri White 811, 80x35x35 cm, b\u00edl\u00e1 lesk\/dub"}]},{"@type":"WebSite","@id":"https:\/\/www.technodompro.com\/#website","url":"https:\/\/www.technodompro.com\/","name":"","description":"","potentialAction":[{"@type":"SearchAction","target":{"@type":"EntryPoint","urlTemplate":"https:\/\/www.technodompro.com\/?s={search_term_string}"},"query-input":{"@type":"PropertyValueSpecification","valueRequired":true,"valueName":"search_term_string"}}],"inLanguage":"cs"}]}},"_links":{"self":[{"href":"https:\/\/www.technodompro.com\/index.php\/wp-json\/wp\/v2\/product\/14928","targetHints":{"allow":["GET"]}}],"collection":[{"href":"https:\/\/www.technodompro.com\/index.php\/wp-json\/wp\/v2\/product"}],"about":[{"href":"https:\/\/www.technodompro.com\/index.php\/wp-json\/wp\/v2\/types\/product"}],"replies":[{"embeddable":true,"href":"https:\/\/www.technodompro.com\/index.php\/wp-json\/wp\/v2\/comments?post=14928"}],"wp:featuredmedia":[{"embeddable":true,"href":"https:\/\/www.technodompro.com\/index.php\/wp-json\/wp\/v2\/media\/15028"}],"wp:attachment":[{"href":"https:\/\/www.technodompro.com\/index.php\/wp-json\/wp\/v2\/media?parent=14928"}],"wp:term":[{"taxonomy":"product_brand","embeddable":true,"href":"https:\/\/www.technodompro.com\/index.php\/wp-json\/wp\/v2\/product_brand?post=14928"},{"taxonomy":"product_cat","embeddable":true,"href":"https:\/\/www.technodompro.com\/index.php\/wp-json\/wp\/v2\/product_cat?post=14928"},{"taxonomy":"product_tag","embeddable":true,"href":"https:\/\/www.technodompro.com\/index.php\/wp-json\/wp\/v2\/product_tag?post=14928"}],"curies":[{"name":"wp","href":"https:\/\/api.w.org\/{rel}","templated":true}]}}