{"id":14954,"date":"2026-04-27T04:41:06","date_gmt":"2026-04-27T04:41:06","guid":{"rendered":""},"modified":"2026-04-27T04:41:06","modified_gmt":"2026-04-27T04:41:06","slug":"hs-flamingo-regulator-otacek-ventilatoru-rt-10l-titanium-do-zdi-hsf18-149-vraceni-zdarma-14954","status":"publish","type":"product","link":"https:\/\/www.technodompro.com\/index.php\/produkt\/hs-flamingo-regulator-otacek-ventilatoru-rt-10l-titanium-do-zdi-hsf18-149-vraceni-zdarma-14954\/","title":{"rendered":"HS Flamingo Regul\u00e1tor ot\u00e1\u010dek ventil\u00e1toru RT-10L titanium (do zdi) (HSF18-149) Vr\u00e1cen\u00ed Zdarma"},"content":{"rendered":"<div class=\"ProductDetail-content NoFixImageContainer\" id=\"productDescription\">\n<div class=\"Heading\">\n<h2 class=\"Heading-title\">Popis produktu <span class=''>HS Flamingo Regul\u00e1tor ot\u00e1\u010dek ventil\u00e1toru RT-10L titanium (do zdi) (HSF18-149)<\/span><\/h2>\n<\/p><\/div>\n<div class=\"ProductDetailContent\">                                    <!--czstart--><\/p>\n<ul>\n<li><span style=\"font-size:16px\">regul\u00e1tor je ur\u010den k mont\u00e1\u017ei do zdi<\/span><\/li>\n<\/ul>\n<p><span style=\"font-size:16px\">Mikroprocesorov\u00fd regul\u00e1tor ot\u00e1\u010dek RT-10 ur\u010den\u00fd k precizn\u00edmu, plynul\u00e9mu regulov\u00e1n\u00ed ot\u00e1\u010dek motoru ventil\u00e1toru k rozvodu tepl\u00e9ho vzduchu. Regul\u00e1tor udr\u017euje rychlost ot\u00e1\u010dek ventil\u00e1toru k zaru\u010den\u00ed v\u00e1mi po\u017eadovan\u00e9 teploty ve va\u0161em byt\u011b. \u00darove\u0148 chodu ventil\u00e1toru je vyobrazeno na ovl\u00e1dac\u00edm panelu.S t\u00edmto regul\u00e1torem si m\u016f\u017eete m\u011bnit v\u00fdkonnost ventil\u00e1toru od 10% do 100% v\u00fdkonu.<\/span><\/p>\n<\/p><\/div>\n<div class=\"ProductDetailContent\">                                                                    <\/div>\n<\/p><\/div>\n<\/p><\/div>\n<\/p><\/div>\n","protected":false},"excerpt":{"rendered":"<p>Popis produktu HS Flamingo Regul\u00e1tor ot\u00e1\u010dek ventil\u00e1toru RT-10L titanium (do zdi) (HSF18-149) regul\u00e1tor je ur\u010den k mont\u00e1\u017ei do zdi Mikroprocesorov\u00fd regul\u00e1tor ot\u00e1\u010dek RT-10 ur\u010den\u00fd k precizn\u00edmu, plynul\u00e9mu regulov\u00e1n\u00ed ot\u00e1\u010dek motoru ventil\u00e1toru k rozvodu tepl\u00e9ho vzduchu. Regul\u00e1tor udr\u017euje rychlost ot\u00e1\u010dek ventil\u00e1toru k zaru\u010den\u00ed v\u00e1mi po\u017eadovan\u00e9 teploty ve va\u0161em byt\u011b. \u00darove\u0148 chodu ventil\u00e1toru je vyobrazeno na ovl\u00e1dac\u00edm [&hellip;]<\/p>\n","protected":false},"featured_media":15054,"comment_status":"open","ping_status":"open","template":"","meta":[],"product_brand":[],"product_cat":[74],"product_tag":[],"class_list":{"0":"post-14954","1":"product","2":"type-product","3":"status-publish","4":"has-post-thumbnail","6":"product_cat-rekuperace-vzduchu-a-vody-vetrani","8":"first","9":"instock","10":"sale","11":"shipping-taxable","12":"purchasable","13":"product-type-simple"},"yoast_head":"<!-- This site is optimized with the Yoast SEO plugin v26.8 - https:\/\/yoast.com\/product\/yoast-seo-wordpress\/ -->\n<title>HS Flamingo Regul\u00e1tor ot\u00e1\u010dek ventil\u00e1toru RT-10L titanium (do zdi) (HSF18-149) Vr\u00e1cen\u00ed Zdarma -<\/title>\n<meta name=\"robots\" content=\"index, follow, max-snippet:-1, max-image-preview:large, max-video-preview:-1\" \/>\n<link rel=\"canonical\" href=\"https:\/\/www.technodompro.com\/index.php\/produkt\/hs-flamingo-regulator-otacek-ventilatoru-rt-10l-titanium-do-zdi-hsf18-149-vraceni-zdarma-14954\/\" \/>\n<meta property=\"og:locale\" content=\"cs_CZ\" \/>\n<meta property=\"og:type\" content=\"article\" \/>\n<meta property=\"og:title\" content=\"HS Flamingo Regul\u00e1tor ot\u00e1\u010dek ventil\u00e1toru RT-10L titanium (do zdi) (HSF18-149) Vr\u00e1cen\u00ed Zdarma -\" \/>\n<meta property=\"og:description\" content=\"Popis produktu HS Flamingo Regul\u00e1tor ot\u00e1\u010dek ventil\u00e1toru RT-10L titanium (do zdi) (HSF18-149) regul\u00e1tor je ur\u010den k mont\u00e1\u017ei do zdi Mikroprocesorov\u00fd regul\u00e1tor ot\u00e1\u010dek RT-10 ur\u010den\u00fd k precizn\u00edmu, plynul\u00e9mu regulov\u00e1n\u00ed ot\u00e1\u010dek motoru ventil\u00e1toru k rozvodu tepl\u00e9ho vzduchu. Regul\u00e1tor udr\u017euje rychlost ot\u00e1\u010dek ventil\u00e1toru k zaru\u010den\u00ed v\u00e1mi po\u017eadovan\u00e9 teploty ve va\u0161em byt\u011b. \u00darove\u0148 chodu ventil\u00e1toru je vyobrazeno na ovl\u00e1dac\u00edm [&hellip;]\" \/>\n<meta property=\"og:url\" content=\"https:\/\/www.technodompro.com\/index.php\/produkt\/hs-flamingo-regulator-otacek-ventilatoru-rt-10l-titanium-do-zdi-hsf18-149-vraceni-zdarma-14954\/\" \/>\n<meta property=\"og:image\" content=\"https:\/\/www.technodompro.com\/wp-content\/uploads\/2026\/SK0015280-CZ20260425-092632-0-1777080397-hs-flamingo-regulator-otacek-ventilatoru-rt-10l-titanium-do.webp\" \/>\n\t<meta property=\"og:image:width\" content=\"600\" \/>\n\t<meta property=\"og:image:height\" content=\"600\" \/>\n\t<meta property=\"og:image:type\" content=\"image\/webp\" \/>\n<meta name=\"twitter:card\" content=\"summary_large_image\" \/>\n<meta name=\"twitter:label1\" content=\"Odhadovan\u00e1 doba \u010dten\u00ed\" \/>\n\t<meta name=\"twitter:data1\" content=\"1 minuta\" \/>\n<script type=\"application\/ld+json\" class=\"yoast-schema-graph\">{\"@context\":\"https:\/\/schema.org\",\"@graph\":[{\"@type\":\"WebPage\",\"@id\":\"https:\/\/www.technodompro.com\/index.php\/produkt\/hs-flamingo-regulator-otacek-ventilatoru-rt-10l-titanium-do-zdi-hsf18-149-vraceni-zdarma-14954\/\",\"url\":\"https:\/\/www.technodompro.com\/index.php\/produkt\/hs-flamingo-regulator-otacek-ventilatoru-rt-10l-titanium-do-zdi-hsf18-149-vraceni-zdarma-14954\/\",\"name\":\"HS Flamingo Regul\u00e1tor ot\u00e1\u010dek ventil\u00e1toru RT-10L titanium (do zdi) (HSF18-149) Vr\u00e1cen\u00ed Zdarma -\",\"isPartOf\":{\"@id\":\"https:\/\/www.technodompro.com\/#website\"},\"primaryImageOfPage\":{\"@id\":\"https:\/\/www.technodompro.com\/index.php\/produkt\/hs-flamingo-regulator-otacek-ventilatoru-rt-10l-titanium-do-zdi-hsf18-149-vraceni-zdarma-14954\/#primaryimage\"},\"image\":{\"@id\":\"https:\/\/www.technodompro.com\/index.php\/produkt\/hs-flamingo-regulator-otacek-ventilatoru-rt-10l-titanium-do-zdi-hsf18-149-vraceni-zdarma-14954\/#primaryimage\"},\"thumbnailUrl\":\"https:\/\/www.technodompro.com\/wp-content\/uploads\/2026\/SK0015280-CZ20260425-092632-0-1777080397-hs-flamingo-regulator-otacek-ventilatoru-rt-10l-titanium-do.webp\",\"datePublished\":\"2026-04-27T04:41:06+00:00\",\"breadcrumb\":{\"@id\":\"https:\/\/www.technodompro.com\/index.php\/produkt\/hs-flamingo-regulator-otacek-ventilatoru-rt-10l-titanium-do-zdi-hsf18-149-vraceni-zdarma-14954\/#breadcrumb\"},\"inLanguage\":\"cs\",\"potentialAction\":[{\"@type\":\"ReadAction\",\"target\":[\"https:\/\/www.technodompro.com\/index.php\/produkt\/hs-flamingo-regulator-otacek-ventilatoru-rt-10l-titanium-do-zdi-hsf18-149-vraceni-zdarma-14954\/\"]}]},{\"@type\":\"ImageObject\",\"inLanguage\":\"cs\",\"@id\":\"https:\/\/www.technodompro.com\/index.php\/produkt\/hs-flamingo-regulator-otacek-ventilatoru-rt-10l-titanium-do-zdi-hsf18-149-vraceni-zdarma-14954\/#primaryimage\",\"url\":\"https:\/\/www.technodompro.com\/wp-content\/uploads\/2026\/SK0015280-CZ20260425-092632-0-1777080397-hs-flamingo-regulator-otacek-ventilatoru-rt-10l-titanium-do.webp\",\"contentUrl\":\"https:\/\/www.technodompro.com\/wp-content\/uploads\/2026\/SK0015280-CZ20260425-092632-0-1777080397-hs-flamingo-regulator-otacek-ventilatoru-rt-10l-titanium-do.webp\",\"width\":600,\"height\":600},{\"@type\":\"BreadcrumbList\",\"@id\":\"https:\/\/www.technodompro.com\/index.php\/produkt\/hs-flamingo-regulator-otacek-ventilatoru-rt-10l-titanium-do-zdi-hsf18-149-vraceni-zdarma-14954\/#breadcrumb\",\"itemListElement\":[{\"@type\":\"ListItem\",\"position\":1,\"name\":\"Home\",\"item\":\"https:\/\/www.technodompro.com\/\"},{\"@type\":\"ListItem\",\"position\":2,\"name\":\"Products\",\"item\":\"https:\/\/www.technodompro.com\/index.php\/products\/\"},{\"@type\":\"ListItem\",\"position\":3,\"name\":\"HS Flamingo Regul\u00e1tor ot\u00e1\u010dek ventil\u00e1toru RT-10L titanium (do zdi) (HSF18-149) Vr\u00e1cen\u00ed Zdarma\"}]},{\"@type\":\"WebSite\",\"@id\":\"https:\/\/www.technodompro.com\/#website\",\"url\":\"https:\/\/www.technodompro.com\/\",\"name\":\"\",\"description\":\"\",\"potentialAction\":[{\"@type\":\"SearchAction\",\"target\":{\"@type\":\"EntryPoint\",\"urlTemplate\":\"https:\/\/www.technodompro.com\/?s={search_term_string}\"},\"query-input\":{\"@type\":\"PropertyValueSpecification\",\"valueRequired\":true,\"valueName\":\"search_term_string\"}}],\"inLanguage\":\"cs\"}]}<\/script>\n<!-- \/ Yoast SEO plugin. -->","yoast_head_json":{"title":"HS Flamingo Regul\u00e1tor ot\u00e1\u010dek ventil\u00e1toru RT-10L titanium (do zdi) (HSF18-149) Vr\u00e1cen\u00ed Zdarma -","robots":{"index":"index","follow":"follow","max-snippet":"max-snippet:-1","max-image-preview":"max-image-preview:large","max-video-preview":"max-video-preview:-1"},"canonical":"https:\/\/www.technodompro.com\/index.php\/produkt\/hs-flamingo-regulator-otacek-ventilatoru-rt-10l-titanium-do-zdi-hsf18-149-vraceni-zdarma-14954\/","og_locale":"cs_CZ","og_type":"article","og_title":"HS Flamingo Regul\u00e1tor ot\u00e1\u010dek ventil\u00e1toru RT-10L titanium (do zdi) (HSF18-149) Vr\u00e1cen\u00ed Zdarma -","og_description":"Popis produktu HS Flamingo Regul\u00e1tor ot\u00e1\u010dek ventil\u00e1toru RT-10L titanium (do zdi) (HSF18-149) regul\u00e1tor je ur\u010den k mont\u00e1\u017ei do zdi Mikroprocesorov\u00fd regul\u00e1tor ot\u00e1\u010dek RT-10 ur\u010den\u00fd k precizn\u00edmu, plynul\u00e9mu regulov\u00e1n\u00ed ot\u00e1\u010dek motoru ventil\u00e1toru k rozvodu tepl\u00e9ho vzduchu. Regul\u00e1tor udr\u017euje rychlost ot\u00e1\u010dek ventil\u00e1toru k zaru\u010den\u00ed v\u00e1mi po\u017eadovan\u00e9 teploty ve va\u0161em byt\u011b. \u00darove\u0148 chodu ventil\u00e1toru je vyobrazeno na ovl\u00e1dac\u00edm [&hellip;]","og_url":"https:\/\/www.technodompro.com\/index.php\/produkt\/hs-flamingo-regulator-otacek-ventilatoru-rt-10l-titanium-do-zdi-hsf18-149-vraceni-zdarma-14954\/","og_image":[{"width":600,"height":600,"url":"https:\/\/www.technodompro.com\/wp-content\/uploads\/2026\/SK0015280-CZ20260425-092632-0-1777080397-hs-flamingo-regulator-otacek-ventilatoru-rt-10l-titanium-do.webp","type":"image\/webp"}],"twitter_card":"summary_large_image","twitter_misc":{"Odhadovan\u00e1 doba \u010dten\u00ed":"1 minuta"},"schema":{"@context":"https:\/\/schema.org","@graph":[{"@type":"WebPage","@id":"https:\/\/www.technodompro.com\/index.php\/produkt\/hs-flamingo-regulator-otacek-ventilatoru-rt-10l-titanium-do-zdi-hsf18-149-vraceni-zdarma-14954\/","url":"https:\/\/www.technodompro.com\/index.php\/produkt\/hs-flamingo-regulator-otacek-ventilatoru-rt-10l-titanium-do-zdi-hsf18-149-vraceni-zdarma-14954\/","name":"HS Flamingo Regul\u00e1tor ot\u00e1\u010dek ventil\u00e1toru RT-10L titanium (do zdi) (HSF18-149) Vr\u00e1cen\u00ed Zdarma -","isPartOf":{"@id":"https:\/\/www.technodompro.com\/#website"},"primaryImageOfPage":{"@id":"https:\/\/www.technodompro.com\/index.php\/produkt\/hs-flamingo-regulator-otacek-ventilatoru-rt-10l-titanium-do-zdi-hsf18-149-vraceni-zdarma-14954\/#primaryimage"},"image":{"@id":"https:\/\/www.technodompro.com\/index.php\/produkt\/hs-flamingo-regulator-otacek-ventilatoru-rt-10l-titanium-do-zdi-hsf18-149-vraceni-zdarma-14954\/#primaryimage"},"thumbnailUrl":"https:\/\/www.technodompro.com\/wp-content\/uploads\/2026\/SK0015280-CZ20260425-092632-0-1777080397-hs-flamingo-regulator-otacek-ventilatoru-rt-10l-titanium-do.webp","datePublished":"2026-04-27T04:41:06+00:00","breadcrumb":{"@id":"https:\/\/www.technodompro.com\/index.php\/produkt\/hs-flamingo-regulator-otacek-ventilatoru-rt-10l-titanium-do-zdi-hsf18-149-vraceni-zdarma-14954\/#breadcrumb"},"inLanguage":"cs","potentialAction":[{"@type":"ReadAction","target":["https:\/\/www.technodompro.com\/index.php\/produkt\/hs-flamingo-regulator-otacek-ventilatoru-rt-10l-titanium-do-zdi-hsf18-149-vraceni-zdarma-14954\/"]}]},{"@type":"ImageObject","inLanguage":"cs","@id":"https:\/\/www.technodompro.com\/index.php\/produkt\/hs-flamingo-regulator-otacek-ventilatoru-rt-10l-titanium-do-zdi-hsf18-149-vraceni-zdarma-14954\/#primaryimage","url":"https:\/\/www.technodompro.com\/wp-content\/uploads\/2026\/SK0015280-CZ20260425-092632-0-1777080397-hs-flamingo-regulator-otacek-ventilatoru-rt-10l-titanium-do.webp","contentUrl":"https:\/\/www.technodompro.com\/wp-content\/uploads\/2026\/SK0015280-CZ20260425-092632-0-1777080397-hs-flamingo-regulator-otacek-ventilatoru-rt-10l-titanium-do.webp","width":600,"height":600},{"@type":"BreadcrumbList","@id":"https:\/\/www.technodompro.com\/index.php\/produkt\/hs-flamingo-regulator-otacek-ventilatoru-rt-10l-titanium-do-zdi-hsf18-149-vraceni-zdarma-14954\/#breadcrumb","itemListElement":[{"@type":"ListItem","position":1,"name":"Home","item":"https:\/\/www.technodompro.com\/"},{"@type":"ListItem","position":2,"name":"Products","item":"https:\/\/www.technodompro.com\/index.php\/products\/"},{"@type":"ListItem","position":3,"name":"HS Flamingo Regul\u00e1tor ot\u00e1\u010dek ventil\u00e1toru RT-10L titanium (do zdi) (HSF18-149) Vr\u00e1cen\u00ed Zdarma"}]},{"@type":"WebSite","@id":"https:\/\/www.technodompro.com\/#website","url":"https:\/\/www.technodompro.com\/","name":"","description":"","potentialAction":[{"@type":"SearchAction","target":{"@type":"EntryPoint","urlTemplate":"https:\/\/www.technodompro.com\/?s={search_term_string}"},"query-input":{"@type":"PropertyValueSpecification","valueRequired":true,"valueName":"search_term_string"}}],"inLanguage":"cs"}]}},"_links":{"self":[{"href":"https:\/\/www.technodompro.com\/index.php\/wp-json\/wp\/v2\/product\/14954","targetHints":{"allow":["GET"]}}],"collection":[{"href":"https:\/\/www.technodompro.com\/index.php\/wp-json\/wp\/v2\/product"}],"about":[{"href":"https:\/\/www.technodompro.com\/index.php\/wp-json\/wp\/v2\/types\/product"}],"replies":[{"embeddable":true,"href":"https:\/\/www.technodompro.com\/index.php\/wp-json\/wp\/v2\/comments?post=14954"}],"wp:featuredmedia":[{"embeddable":true,"href":"https:\/\/www.technodompro.com\/index.php\/wp-json\/wp\/v2\/media\/15054"}],"wp:attachment":[{"href":"https:\/\/www.technodompro.com\/index.php\/wp-json\/wp\/v2\/media?parent=14954"}],"wp:term":[{"taxonomy":"product_brand","embeddable":true,"href":"https:\/\/www.technodompro.com\/index.php\/wp-json\/wp\/v2\/product_brand?post=14954"},{"taxonomy":"product_cat","embeddable":true,"href":"https:\/\/www.technodompro.com\/index.php\/wp-json\/wp\/v2\/product_cat?post=14954"},{"taxonomy":"product_tag","embeddable":true,"href":"https:\/\/www.technodompro.com\/index.php\/wp-json\/wp\/v2\/product_tag?post=14954"}],"curies":[{"name":"wp","href":"https:\/\/api.w.org\/{rel}","templated":true}]}}