{"id":15133,"date":"2026-04-27T04:41:07","date_gmt":"2026-04-27T04:41:07","guid":{"rendered":""},"modified":"2026-04-27T04:41:07","modified_gmt":"2026-04-27T04:41:07","slug":"objednat-nyni-dlazba-aqualine-wood-nogal-22-5x90-bal-1-215m2-wod005-15133","status":"publish","type":"product","link":"https:\/\/www.technodompro.com\/index.php\/produkt\/objednat-nyni-dlazba-aqualine-wood-nogal-22-5x90-bal-1-215m2-wod005-15133\/","title":{"rendered":"Objednat Nyn\u00ed Dla\u017eba Aqualine WOOD Nogal 22,5&#215;90 (bal=1,215m2) &#8211; WOD005"},"content":{"rendered":"<div class=\"ProductDetail-content NoFixImageContainer\" id=\"productDescription\">\n<div class=\"Heading\">\n<h2 class=\"Heading-title\">Popis produktu <span class=''>Dla\u017eba Aqualine WOOD Nogal 22,5&#215;90 (bal=1,215m2) &#8211; WOD005<\/span><\/h2>\n<\/p><\/div>\n<div class=\"ProductDetailContent\">                                                                    <\/div>\n<div class=\"ProductDetailContent\">\n<div class=\"ProductDetailContent-item\">                                            Balen\u00ed: 1 ks<br \/>Charakter: Slinut\u00e1;Mrazuvzdorn\u00e1<br \/>Ot\u011bruvzdornost: PEI III<br \/>Pou\u017eit\u00ed: Dla\u017eba<br \/>Rozm\u011br: 22,5&#215;90 cm<br \/>Povrch: Mat<br \/>Po\u010det ks v balen\u00ed: 6<br \/>Materi\u00e1l: Keramika<br \/>Tlou\u0161\u0165ka: 9 mm<br \/>Balen\u00ed obsahuje: 1.42 m2<br \/>Z\u00e1ruka: 2 roky                                        <\/div>\n<div class=\"ProductDetailContent-item\">\n<h3>Vysv\u011btlivky<\/h3>\n<div class=\"product-explanation-item\">\n<h3>Slinut\u00e1 dla\u017eba<\/h3>\n<p style=\"text-align: justify;\">Natla\u010den\u00edm do forem pod vysok\u00fdm tlakem z\u016fstane v keramick\u00e9 hmot\u011b minimum vzduchov\u00fdch bublin. N\u00e1sledn\u011b se vyp\u00e1l\u00ed p\u0159i vysok\u00fdch teplot\u00e1ch, \u010d\u00edm\u017e je v\u00fdsledn\u00fd produkt tvrd\u00fd, pevn\u00fd a ot\u011bruvzdorn\u00fd. Z\u00e1rove\u0148 je m\u00e9n\u011b nas\u00e1kav\u00fd.<br \/>Nach\u00e1z\u00ed univerz\u00e1ln\u00ed pou\u017eit\u00ed v interi\u00e9ru a exteri\u00e9ru, na st\u011bny i podlahy. Slinut\u00e1 dla\u017eba je obzvl\u00e1\u0161\u0165 vhodn\u00e1 do vysoce nam\u00e1han\u00fdch prostor jako dla\u017eba \u010di na fas\u00e1dy budov.<\/p>\n<div class=\"clear\"><!-- --><\/div>\n<\/div>\n<div class=\"product-explanation-item\">\n<h3>Mrazuvzdornost<\/h3>\n<p style=\"text-align: justify;\">Mrazuvzdornost je d\u00e1na m\u00edrou nas\u00e1kavosti dla\u017edice (tozn., \u017ee nenasaje vodu, kter\u00e1 by v n\u00ed mohla zmrznout). U obklad\u016f pro pou\u017eit\u00ed v interi\u00e9rech nen\u00ed mrazuvzdornost po\u017eadov\u00e1na a nas\u00e1kavost b\u00fdv\u00e1 obvykle v\u00edce ne\u017e 10 %. Oproti tomu mrazuvzdorn\u00e9 glazovan\u00e9 dla\u017edice maj\u00ed nas\u00e1kavost do 3 %. Pro exteri\u00e9r jsou pak vhodn\u00e9 slinut\u00e9 dla\u017edice s nas\u00e1kavost\u00ed ni\u017e\u0161\u00ed ne\u017e 0,5 %.<\/p>\n<div class=\"clear\"><!-- --><\/div>\n<\/div>\n<div class=\"product-explanation-item\">\n<h3>Pou\u017eit\u00ed glazovan\u00fdch dla\u017edic podle ot\u011bruvzdornosti:<\/h3>\n<p style=\"text-align: justify;\"><strong>Stupe\u0148 PEI III.<\/strong> \u2013 ur\u010den pro podlahy vystaven\u00e9 \u010dast\u011bj\u0161\u00edmu zne\u010di\u0161t\u011bn\u00ed (nap\u0159. v bytech a v rodinn\u00fdch domech, s v\u00fdjimkou vstup\u016f; ur\u010den pro p\u0159eds\u00edn\u011b, lod\u017eie, balkony, chodby, kuchyn\u011b byt\u016f, hotelov\u00e9 pokoje, sanit\u00e1rn\u00ed a terapeutick\u00e9 m\u00edstnosti v nemocnic\u00edch)<\/p>\n<div class=\"clear\"><!-- --><\/div>\n<\/div>\n<div class=\"product-explanation-item\">\n<h3>Matn\u00fd povrch<\/h3>\n<p>Matn\u00e1 glazura dla\u017edice.<\/p>\n<\/p>\n<div class=\"clear\"><!-- --><\/div>\n<\/div>\n<div class=\"product-explanation-item\">\n<h3>Dla\u017eba<\/h3>\n<p style=\"text-align: justify;\">Dla\u017edice vhodn\u00e1 pro pokl\u00e1dku na podlahu (= jako dla\u017eba), z\u00e1rove\u0148 lze pou\u017e\u00edt i pro obklad st\u011bn.<\/p>\n<div class=\"clear\"><!-- --><\/div>\n<\/div><\/div>\n<\/p><\/div>\n<\/p><\/div>\n<\/p><\/div>\n<\/p><\/div>\n","protected":false},"excerpt":{"rendered":"<p>Popis produktu Dla\u017eba Aqualine WOOD Nogal 22,5&#215;90 (bal=1,215m2) &#8211; WOD005 Balen\u00ed: 1 ksCharakter: Slinut\u00e1;Mrazuvzdorn\u00e1Ot\u011bruvzdornost: PEI IIIPou\u017eit\u00ed: Dla\u017ebaRozm\u011br: 22,5&#215;90 cmPovrch: MatPo\u010det ks v balen\u00ed: 6Materi\u00e1l: KeramikaTlou\u0161\u0165ka: 9 mmBalen\u00ed obsahuje: 1.42 m2Z\u00e1ruka: 2 roky Vysv\u011btlivky Slinut\u00e1 dla\u017eba Natla\u010den\u00edm do forem pod vysok\u00fdm tlakem z\u016fstane v keramick\u00e9 hmot\u011b minimum vzduchov\u00fdch bublin. N\u00e1sledn\u011b se vyp\u00e1l\u00ed p\u0159i vysok\u00fdch teplot\u00e1ch, \u010d\u00edm\u017e [&hellip;]<\/p>\n","protected":false},"featured_media":15233,"comment_status":"open","ping_status":"open","template":"","meta":[],"product_brand":[],"product_cat":[76],"product_tag":[],"class_list":{"0":"post-15133","1":"product","2":"type-product","3":"status-publish","4":"has-post-thumbnail","6":"product_cat-dlazba-a-obklady","8":"first","9":"instock","10":"sale","11":"shipping-taxable","12":"purchasable","13":"product-type-simple"},"yoast_head":"<!-- This site is optimized with the Yoast SEO plugin v26.8 - https:\/\/yoast.com\/product\/yoast-seo-wordpress\/ -->\n<title>Objednat Nyn\u00ed Dla\u017eba Aqualine WOOD Nogal 22,5x90 (bal=1,215m2) - WOD005 -<\/title>\n<meta name=\"robots\" content=\"index, follow, max-snippet:-1, max-image-preview:large, max-video-preview:-1\" \/>\n<link rel=\"canonical\" href=\"https:\/\/www.technodompro.com\/index.php\/produkt\/objednat-nyni-dlazba-aqualine-wood-nogal-22-5x90-bal-1-215m2-wod005-15133\/\" \/>\n<meta property=\"og:locale\" content=\"cs_CZ\" \/>\n<meta property=\"og:type\" content=\"article\" \/>\n<meta property=\"og:title\" content=\"Objednat Nyn\u00ed Dla\u017eba Aqualine WOOD Nogal 22,5x90 (bal=1,215m2) - WOD005 -\" \/>\n<meta property=\"og:description\" content=\"Popis produktu Dla\u017eba Aqualine WOOD Nogal 22,5&#215;90 (bal=1,215m2) &#8211; WOD005 Balen\u00ed: 1 ksCharakter: Slinut\u00e1;Mrazuvzdorn\u00e1Ot\u011bruvzdornost: PEI IIIPou\u017eit\u00ed: Dla\u017ebaRozm\u011br: 22,5&#215;90 cmPovrch: MatPo\u010det ks v balen\u00ed: 6Materi\u00e1l: KeramikaTlou\u0161\u0165ka: 9 mmBalen\u00ed obsahuje: 1.42 m2Z\u00e1ruka: 2 roky Vysv\u011btlivky Slinut\u00e1 dla\u017eba Natla\u010den\u00edm do forem pod vysok\u00fdm tlakem z\u016fstane v keramick\u00e9 hmot\u011b minimum vzduchov\u00fdch bublin. N\u00e1sledn\u011b se vyp\u00e1l\u00ed p\u0159i vysok\u00fdch teplot\u00e1ch, \u010d\u00edm\u017e [&hellip;]\" \/>\n<meta property=\"og:url\" content=\"https:\/\/www.technodompro.com\/index.php\/produkt\/objednat-nyni-dlazba-aqualine-wood-nogal-22-5x90-bal-1-215m2-wod005-15133\/\" \/>\n<meta property=\"og:image\" content=\"https:\/\/www.technodompro.com\/wp-content\/uploads\/2026\/SK0015363-CZ20260425-092632-0-1777080397-dlazba-aqualine-wood-nogal-22-5x90-bal-1-215m2-wod005-46124.webp\" \/>\n\t<meta property=\"og:image:width\" content=\"600\" \/>\n\t<meta property=\"og:image:height\" content=\"150\" \/>\n\t<meta property=\"og:image:type\" content=\"image\/webp\" \/>\n<meta name=\"twitter:card\" content=\"summary_large_image\" \/>\n<meta name=\"twitter:label1\" content=\"Odhadovan\u00e1 doba \u010dten\u00ed\" \/>\n\t<meta name=\"twitter:data1\" content=\"1 minuta\" \/>\n<script type=\"application\/ld+json\" class=\"yoast-schema-graph\">{\"@context\":\"https:\/\/schema.org\",\"@graph\":[{\"@type\":\"WebPage\",\"@id\":\"https:\/\/www.technodompro.com\/index.php\/produkt\/objednat-nyni-dlazba-aqualine-wood-nogal-22-5x90-bal-1-215m2-wod005-15133\/\",\"url\":\"https:\/\/www.technodompro.com\/index.php\/produkt\/objednat-nyni-dlazba-aqualine-wood-nogal-22-5x90-bal-1-215m2-wod005-15133\/\",\"name\":\"Objednat Nyn\u00ed Dla\u017eba Aqualine WOOD Nogal 22,5x90 (bal=1,215m2) - WOD005 -\",\"isPartOf\":{\"@id\":\"https:\/\/www.technodompro.com\/#website\"},\"primaryImageOfPage\":{\"@id\":\"https:\/\/www.technodompro.com\/index.php\/produkt\/objednat-nyni-dlazba-aqualine-wood-nogal-22-5x90-bal-1-215m2-wod005-15133\/#primaryimage\"},\"image\":{\"@id\":\"https:\/\/www.technodompro.com\/index.php\/produkt\/objednat-nyni-dlazba-aqualine-wood-nogal-22-5x90-bal-1-215m2-wod005-15133\/#primaryimage\"},\"thumbnailUrl\":\"https:\/\/www.technodompro.com\/wp-content\/uploads\/2026\/SK0015363-CZ20260425-092632-0-1777080397-dlazba-aqualine-wood-nogal-22-5x90-bal-1-215m2-wod005-46124.webp\",\"datePublished\":\"2026-04-27T04:41:07+00:00\",\"breadcrumb\":{\"@id\":\"https:\/\/www.technodompro.com\/index.php\/produkt\/objednat-nyni-dlazba-aqualine-wood-nogal-22-5x90-bal-1-215m2-wod005-15133\/#breadcrumb\"},\"inLanguage\":\"cs\",\"potentialAction\":[{\"@type\":\"ReadAction\",\"target\":[\"https:\/\/www.technodompro.com\/index.php\/produkt\/objednat-nyni-dlazba-aqualine-wood-nogal-22-5x90-bal-1-215m2-wod005-15133\/\"]}]},{\"@type\":\"ImageObject\",\"inLanguage\":\"cs\",\"@id\":\"https:\/\/www.technodompro.com\/index.php\/produkt\/objednat-nyni-dlazba-aqualine-wood-nogal-22-5x90-bal-1-215m2-wod005-15133\/#primaryimage\",\"url\":\"https:\/\/www.technodompro.com\/wp-content\/uploads\/2026\/SK0015363-CZ20260425-092632-0-1777080397-dlazba-aqualine-wood-nogal-22-5x90-bal-1-215m2-wod005-46124.webp\",\"contentUrl\":\"https:\/\/www.technodompro.com\/wp-content\/uploads\/2026\/SK0015363-CZ20260425-092632-0-1777080397-dlazba-aqualine-wood-nogal-22-5x90-bal-1-215m2-wod005-46124.webp\",\"width\":600,\"height\":150},{\"@type\":\"BreadcrumbList\",\"@id\":\"https:\/\/www.technodompro.com\/index.php\/produkt\/objednat-nyni-dlazba-aqualine-wood-nogal-22-5x90-bal-1-215m2-wod005-15133\/#breadcrumb\",\"itemListElement\":[{\"@type\":\"ListItem\",\"position\":1,\"name\":\"Home\",\"item\":\"https:\/\/www.technodompro.com\/\"},{\"@type\":\"ListItem\",\"position\":2,\"name\":\"Products\",\"item\":\"https:\/\/www.technodompro.com\/index.php\/products\/\"},{\"@type\":\"ListItem\",\"position\":3,\"name\":\"Objednat Nyn\u00ed Dla\u017eba Aqualine WOOD Nogal 22,5&#215;90 (bal=1,215m2) &#8211; WOD005\"}]},{\"@type\":\"WebSite\",\"@id\":\"https:\/\/www.technodompro.com\/#website\",\"url\":\"https:\/\/www.technodompro.com\/\",\"name\":\"\",\"description\":\"\",\"potentialAction\":[{\"@type\":\"SearchAction\",\"target\":{\"@type\":\"EntryPoint\",\"urlTemplate\":\"https:\/\/www.technodompro.com\/?s={search_term_string}\"},\"query-input\":{\"@type\":\"PropertyValueSpecification\",\"valueRequired\":true,\"valueName\":\"search_term_string\"}}],\"inLanguage\":\"cs\"}]}<\/script>\n<!-- \/ Yoast SEO plugin. -->","yoast_head_json":{"title":"Objednat Nyn\u00ed Dla\u017eba Aqualine WOOD Nogal 22,5x90 (bal=1,215m2) - WOD005 -","robots":{"index":"index","follow":"follow","max-snippet":"max-snippet:-1","max-image-preview":"max-image-preview:large","max-video-preview":"max-video-preview:-1"},"canonical":"https:\/\/www.technodompro.com\/index.php\/produkt\/objednat-nyni-dlazba-aqualine-wood-nogal-22-5x90-bal-1-215m2-wod005-15133\/","og_locale":"cs_CZ","og_type":"article","og_title":"Objednat Nyn\u00ed Dla\u017eba Aqualine WOOD Nogal 22,5x90 (bal=1,215m2) - WOD005 -","og_description":"Popis produktu Dla\u017eba Aqualine WOOD Nogal 22,5&#215;90 (bal=1,215m2) &#8211; WOD005 Balen\u00ed: 1 ksCharakter: Slinut\u00e1;Mrazuvzdorn\u00e1Ot\u011bruvzdornost: PEI IIIPou\u017eit\u00ed: Dla\u017ebaRozm\u011br: 22,5&#215;90 cmPovrch: MatPo\u010det ks v balen\u00ed: 6Materi\u00e1l: KeramikaTlou\u0161\u0165ka: 9 mmBalen\u00ed obsahuje: 1.42 m2Z\u00e1ruka: 2 roky Vysv\u011btlivky Slinut\u00e1 dla\u017eba Natla\u010den\u00edm do forem pod vysok\u00fdm tlakem z\u016fstane v keramick\u00e9 hmot\u011b minimum vzduchov\u00fdch bublin. N\u00e1sledn\u011b se vyp\u00e1l\u00ed p\u0159i vysok\u00fdch teplot\u00e1ch, \u010d\u00edm\u017e [&hellip;]","og_url":"https:\/\/www.technodompro.com\/index.php\/produkt\/objednat-nyni-dlazba-aqualine-wood-nogal-22-5x90-bal-1-215m2-wod005-15133\/","og_image":[{"width":600,"height":150,"url":"https:\/\/www.technodompro.com\/wp-content\/uploads\/2026\/SK0015363-CZ20260425-092632-0-1777080397-dlazba-aqualine-wood-nogal-22-5x90-bal-1-215m2-wod005-46124.webp","type":"image\/webp"}],"twitter_card":"summary_large_image","twitter_misc":{"Odhadovan\u00e1 doba \u010dten\u00ed":"1 minuta"},"schema":{"@context":"https:\/\/schema.org","@graph":[{"@type":"WebPage","@id":"https:\/\/www.technodompro.com\/index.php\/produkt\/objednat-nyni-dlazba-aqualine-wood-nogal-22-5x90-bal-1-215m2-wod005-15133\/","url":"https:\/\/www.technodompro.com\/index.php\/produkt\/objednat-nyni-dlazba-aqualine-wood-nogal-22-5x90-bal-1-215m2-wod005-15133\/","name":"Objednat Nyn\u00ed Dla\u017eba Aqualine WOOD Nogal 22,5x90 (bal=1,215m2) - WOD005 -","isPartOf":{"@id":"https:\/\/www.technodompro.com\/#website"},"primaryImageOfPage":{"@id":"https:\/\/www.technodompro.com\/index.php\/produkt\/objednat-nyni-dlazba-aqualine-wood-nogal-22-5x90-bal-1-215m2-wod005-15133\/#primaryimage"},"image":{"@id":"https:\/\/www.technodompro.com\/index.php\/produkt\/objednat-nyni-dlazba-aqualine-wood-nogal-22-5x90-bal-1-215m2-wod005-15133\/#primaryimage"},"thumbnailUrl":"https:\/\/www.technodompro.com\/wp-content\/uploads\/2026\/SK0015363-CZ20260425-092632-0-1777080397-dlazba-aqualine-wood-nogal-22-5x90-bal-1-215m2-wod005-46124.webp","datePublished":"2026-04-27T04:41:07+00:00","breadcrumb":{"@id":"https:\/\/www.technodompro.com\/index.php\/produkt\/objednat-nyni-dlazba-aqualine-wood-nogal-22-5x90-bal-1-215m2-wod005-15133\/#breadcrumb"},"inLanguage":"cs","potentialAction":[{"@type":"ReadAction","target":["https:\/\/www.technodompro.com\/index.php\/produkt\/objednat-nyni-dlazba-aqualine-wood-nogal-22-5x90-bal-1-215m2-wod005-15133\/"]}]},{"@type":"ImageObject","inLanguage":"cs","@id":"https:\/\/www.technodompro.com\/index.php\/produkt\/objednat-nyni-dlazba-aqualine-wood-nogal-22-5x90-bal-1-215m2-wod005-15133\/#primaryimage","url":"https:\/\/www.technodompro.com\/wp-content\/uploads\/2026\/SK0015363-CZ20260425-092632-0-1777080397-dlazba-aqualine-wood-nogal-22-5x90-bal-1-215m2-wod005-46124.webp","contentUrl":"https:\/\/www.technodompro.com\/wp-content\/uploads\/2026\/SK0015363-CZ20260425-092632-0-1777080397-dlazba-aqualine-wood-nogal-22-5x90-bal-1-215m2-wod005-46124.webp","width":600,"height":150},{"@type":"BreadcrumbList","@id":"https:\/\/www.technodompro.com\/index.php\/produkt\/objednat-nyni-dlazba-aqualine-wood-nogal-22-5x90-bal-1-215m2-wod005-15133\/#breadcrumb","itemListElement":[{"@type":"ListItem","position":1,"name":"Home","item":"https:\/\/www.technodompro.com\/"},{"@type":"ListItem","position":2,"name":"Products","item":"https:\/\/www.technodompro.com\/index.php\/products\/"},{"@type":"ListItem","position":3,"name":"Objednat Nyn\u00ed Dla\u017eba Aqualine WOOD Nogal 22,5&#215;90 (bal=1,215m2) &#8211; WOD005"}]},{"@type":"WebSite","@id":"https:\/\/www.technodompro.com\/#website","url":"https:\/\/www.technodompro.com\/","name":"","description":"","potentialAction":[{"@type":"SearchAction","target":{"@type":"EntryPoint","urlTemplate":"https:\/\/www.technodompro.com\/?s={search_term_string}"},"query-input":{"@type":"PropertyValueSpecification","valueRequired":true,"valueName":"search_term_string"}}],"inLanguage":"cs"}]}},"_links":{"self":[{"href":"https:\/\/www.technodompro.com\/index.php\/wp-json\/wp\/v2\/product\/15133","targetHints":{"allow":["GET"]}}],"collection":[{"href":"https:\/\/www.technodompro.com\/index.php\/wp-json\/wp\/v2\/product"}],"about":[{"href":"https:\/\/www.technodompro.com\/index.php\/wp-json\/wp\/v2\/types\/product"}],"replies":[{"embeddable":true,"href":"https:\/\/www.technodompro.com\/index.php\/wp-json\/wp\/v2\/comments?post=15133"}],"wp:featuredmedia":[{"embeddable":true,"href":"https:\/\/www.technodompro.com\/index.php\/wp-json\/wp\/v2\/media\/15233"}],"wp:attachment":[{"href":"https:\/\/www.technodompro.com\/index.php\/wp-json\/wp\/v2\/media?parent=15133"}],"wp:term":[{"taxonomy":"product_brand","embeddable":true,"href":"https:\/\/www.technodompro.com\/index.php\/wp-json\/wp\/v2\/product_brand?post=15133"},{"taxonomy":"product_cat","embeddable":true,"href":"https:\/\/www.technodompro.com\/index.php\/wp-json\/wp\/v2\/product_cat?post=15133"},{"taxonomy":"product_tag","embeddable":true,"href":"https:\/\/www.technodompro.com\/index.php\/wp-json\/wp\/v2\/product_tag?post=15133"}],"curies":[{"name":"wp","href":"https:\/\/api.w.org\/{rel}","templated":true}]}}