{"id":15188,"date":"2026-04-27T04:41:07","date_gmt":"2026-04-27T04:41:07","guid":{"rendered":""},"modified":"2026-04-27T04:41:07","modified_gmt":"2026-04-27T04:41:07","slug":"ab-newbury-obklad-slim-30x90-bal-1-62m2-nwb001-specialni-cena-15188","status":"publish","type":"product","link":"https:\/\/www.technodompro.com\/index.php\/produkt\/ab-newbury-obklad-slim-30x90-bal-1-62m2-nwb001-specialni-cena-15188\/","title":{"rendered":"AB NEWBURY obklad Slim 30&#215;90 (bal=1,62m2) &#8211; NWB001 Speci\u00e1ln\u00ed Cena"},"content":{"rendered":"<div class=\"ProductDetail-content NoFixImageContainer\" id=\"productDescription\">\n<div class=\"Heading\">\n<h2 class=\"Heading-title\">Popis produktu <span class=''>AB NEWBURY obklad Slim 30&#215;90 (bal=1,62m2) &#8211; NWB001<\/span><\/h2>\n<\/p><\/div>\n<div class=\"ProductDetailContent\">                                                                    <\/div>\n<div class=\"ProductDetailContent\">\n<div class=\"ProductDetailContent-item\">                                            Balen\u00ed: 1 ks<br \/>Charakter: Kalibrovan\u00e1<br \/>Pou\u017eit\u00ed: Obklad<br \/>Rozm\u011br: 30&#215;90 cm<br \/>Povrch: Lesk<br \/>Po\u010det ks v balen\u00ed: 6<br \/>Materi\u00e1l: Keramika<br \/>Tlou\u0161\u0165ka: 7.5 mm<br \/>Balen\u00ed obsahuje: 1.62 m2<br \/>Z\u00e1ruka: 2 roky                                        <\/div>\n<div class=\"ProductDetailContent-item\">\n<h3>Vysv\u011btlivky<\/h3>\n<div class=\"product-explanation-item\">\n<h3>Kalibrovan\u00e1 dla\u017eba<\/h3>\n<p style=\"text-align: justify;\">Kalibrovan\u00e1 dla\u017eba je t\u00e9\u017e zn\u00e1m\u00e1 jako rozm\u011brov\u011b stabiln\u00ed dla\u017edice.<br \/>Jedn\u00e1 se o dla\u017edice, kter\u00e9 byly mechanicky o\u0159ezan\u00e9 do ur\u010dit\u00e9 velikosti pot\u00e9, co byly vyp\u00e1leny tak, aby jejich okraje tvo\u0159ily \u00fahel 90\u00b0. Dosa\u017een\u00e1 jednotn\u00e1 velikost, rozm\u011br soudr\u017enosti a optim\u00e1ln\u00ed p\u0159esnost dod\u00e1vaj\u00ed dla\u017edic\u00edm \u010dist\u0161\u00ed proveden\u00ed a m\u00e9n\u011b odchylek mezi jednotliv\u00fdmi dla\u017edicemi.<\/p>\n<div class=\"clear\"><!-- --><\/div>\n<\/div>\n<div class=\"product-explanation-item\">\n<h3>Leskl\u00fd povrch<\/h3>\n<p>Leskl\u00e1 glazura dla\u017edice.<\/p>\n<\/p>\n<div class=\"clear\"><!-- --><\/div>\n<\/div>\n<div class=\"product-explanation-item\">\n<h3>Obklad<\/h3>\n<p style=\"text-align: justify;\">Dla\u017edice lze pou\u017e\u00edt pouze k aplikaci na st\u011bny (= jako obkl\u00e1da\u010dka).<\/p>\n<div class=\"clear\"><!-- --><\/div>\n<\/div><\/div>\n<\/p><\/div>\n<\/p><\/div>\n<\/p><\/div>\n<\/p><\/div>\n","protected":false},"excerpt":{"rendered":"<p>Popis produktu AB NEWBURY obklad Slim 30&#215;90 (bal=1,62m2) &#8211; NWB001 Balen\u00ed: 1 ksCharakter: Kalibrovan\u00e1Pou\u017eit\u00ed: ObkladRozm\u011br: 30&#215;90 cmPovrch: LeskPo\u010det ks v balen\u00ed: 6Materi\u00e1l: KeramikaTlou\u0161\u0165ka: 7.5 mmBalen\u00ed obsahuje: 1.62 m2Z\u00e1ruka: 2 roky Vysv\u011btlivky Kalibrovan\u00e1 dla\u017eba Kalibrovan\u00e1 dla\u017eba je t\u00e9\u017e zn\u00e1m\u00e1 jako rozm\u011brov\u011b stabiln\u00ed dla\u017edice.Jedn\u00e1 se o dla\u017edice, kter\u00e9 byly mechanicky o\u0159ezan\u00e9 do ur\u010dit\u00e9 velikosti pot\u00e9, co byly [&hellip;]<\/p>\n","protected":false},"featured_media":15288,"comment_status":"open","ping_status":"open","template":"","meta":[],"product_brand":[],"product_cat":[76],"product_tag":[],"class_list":{"0":"post-15188","1":"product","2":"type-product","3":"status-publish","4":"has-post-thumbnail","6":"product_cat-dlazba-a-obklady","8":"first","9":"instock","10":"sale","11":"shipping-taxable","12":"purchasable","13":"product-type-simple"},"yoast_head":"<!-- This site is optimized with the Yoast SEO plugin v26.8 - https:\/\/yoast.com\/product\/yoast-seo-wordpress\/ -->\n<title>AB NEWBURY obklad Slim 30x90 (bal=1,62m2) - NWB001 Speci\u00e1ln\u00ed Cena -<\/title>\n<meta name=\"robots\" content=\"index, follow, max-snippet:-1, max-image-preview:large, max-video-preview:-1\" \/>\n<link rel=\"canonical\" href=\"https:\/\/www.technodompro.com\/index.php\/produkt\/ab-newbury-obklad-slim-30x90-bal-1-62m2-nwb001-specialni-cena-15188\/\" \/>\n<meta property=\"og:locale\" content=\"cs_CZ\" \/>\n<meta property=\"og:type\" content=\"article\" \/>\n<meta property=\"og:title\" content=\"AB NEWBURY obklad Slim 30x90 (bal=1,62m2) - NWB001 Speci\u00e1ln\u00ed Cena -\" \/>\n<meta property=\"og:description\" content=\"Popis produktu AB NEWBURY obklad Slim 30&#215;90 (bal=1,62m2) &#8211; NWB001 Balen\u00ed: 1 ksCharakter: Kalibrovan\u00e1Pou\u017eit\u00ed: ObkladRozm\u011br: 30&#215;90 cmPovrch: LeskPo\u010det ks v balen\u00ed: 6Materi\u00e1l: KeramikaTlou\u0161\u0165ka: 7.5 mmBalen\u00ed obsahuje: 1.62 m2Z\u00e1ruka: 2 roky Vysv\u011btlivky Kalibrovan\u00e1 dla\u017eba Kalibrovan\u00e1 dla\u017eba je t\u00e9\u017e zn\u00e1m\u00e1 jako rozm\u011brov\u011b stabiln\u00ed dla\u017edice.Jedn\u00e1 se o dla\u017edice, kter\u00e9 byly mechanicky o\u0159ezan\u00e9 do ur\u010dit\u00e9 velikosti pot\u00e9, co byly [&hellip;]\" \/>\n<meta property=\"og:url\" content=\"https:\/\/www.technodompro.com\/index.php\/produkt\/ab-newbury-obklad-slim-30x90-bal-1-62m2-nwb001-specialni-cena-15188\/\" \/>\n<meta property=\"og:image\" content=\"https:\/\/www.technodompro.com\/wp-content\/uploads\/2026\/SK0015419-CZ20260425-092632-0-1777080397-ab-newbury-obklad-slim-30x90-bal-1-62m2-nwb001-464907.webp\" \/>\n\t<meta property=\"og:image:width\" content=\"600\" \/>\n\t<meta property=\"og:image:height\" content=\"200\" \/>\n\t<meta property=\"og:image:type\" content=\"image\/webp\" \/>\n<meta name=\"twitter:card\" content=\"summary_large_image\" \/>\n<meta name=\"twitter:label1\" content=\"Odhadovan\u00e1 doba \u010dten\u00ed\" \/>\n\t<meta name=\"twitter:data1\" content=\"1 minuta\" \/>\n<script type=\"application\/ld+json\" class=\"yoast-schema-graph\">{\"@context\":\"https:\/\/schema.org\",\"@graph\":[{\"@type\":\"WebPage\",\"@id\":\"https:\/\/www.technodompro.com\/index.php\/produkt\/ab-newbury-obklad-slim-30x90-bal-1-62m2-nwb001-specialni-cena-15188\/\",\"url\":\"https:\/\/www.technodompro.com\/index.php\/produkt\/ab-newbury-obklad-slim-30x90-bal-1-62m2-nwb001-specialni-cena-15188\/\",\"name\":\"AB NEWBURY obklad Slim 30x90 (bal=1,62m2) - NWB001 Speci\u00e1ln\u00ed Cena -\",\"isPartOf\":{\"@id\":\"https:\/\/www.technodompro.com\/#website\"},\"primaryImageOfPage\":{\"@id\":\"https:\/\/www.technodompro.com\/index.php\/produkt\/ab-newbury-obklad-slim-30x90-bal-1-62m2-nwb001-specialni-cena-15188\/#primaryimage\"},\"image\":{\"@id\":\"https:\/\/www.technodompro.com\/index.php\/produkt\/ab-newbury-obklad-slim-30x90-bal-1-62m2-nwb001-specialni-cena-15188\/#primaryimage\"},\"thumbnailUrl\":\"https:\/\/www.technodompro.com\/wp-content\/uploads\/2026\/SK0015419-CZ20260425-092632-0-1777080397-ab-newbury-obklad-slim-30x90-bal-1-62m2-nwb001-464907.webp\",\"datePublished\":\"2026-04-27T04:41:07+00:00\",\"breadcrumb\":{\"@id\":\"https:\/\/www.technodompro.com\/index.php\/produkt\/ab-newbury-obklad-slim-30x90-bal-1-62m2-nwb001-specialni-cena-15188\/#breadcrumb\"},\"inLanguage\":\"cs\",\"potentialAction\":[{\"@type\":\"ReadAction\",\"target\":[\"https:\/\/www.technodompro.com\/index.php\/produkt\/ab-newbury-obklad-slim-30x90-bal-1-62m2-nwb001-specialni-cena-15188\/\"]}]},{\"@type\":\"ImageObject\",\"inLanguage\":\"cs\",\"@id\":\"https:\/\/www.technodompro.com\/index.php\/produkt\/ab-newbury-obklad-slim-30x90-bal-1-62m2-nwb001-specialni-cena-15188\/#primaryimage\",\"url\":\"https:\/\/www.technodompro.com\/wp-content\/uploads\/2026\/SK0015419-CZ20260425-092632-0-1777080397-ab-newbury-obklad-slim-30x90-bal-1-62m2-nwb001-464907.webp\",\"contentUrl\":\"https:\/\/www.technodompro.com\/wp-content\/uploads\/2026\/SK0015419-CZ20260425-092632-0-1777080397-ab-newbury-obklad-slim-30x90-bal-1-62m2-nwb001-464907.webp\",\"width\":600,\"height\":200},{\"@type\":\"BreadcrumbList\",\"@id\":\"https:\/\/www.technodompro.com\/index.php\/produkt\/ab-newbury-obklad-slim-30x90-bal-1-62m2-nwb001-specialni-cena-15188\/#breadcrumb\",\"itemListElement\":[{\"@type\":\"ListItem\",\"position\":1,\"name\":\"Home\",\"item\":\"https:\/\/www.technodompro.com\/\"},{\"@type\":\"ListItem\",\"position\":2,\"name\":\"Products\",\"item\":\"https:\/\/www.technodompro.com\/index.php\/products\/\"},{\"@type\":\"ListItem\",\"position\":3,\"name\":\"AB NEWBURY obklad Slim 30&#215;90 (bal=1,62m2) &#8211; NWB001 Speci\u00e1ln\u00ed Cena\"}]},{\"@type\":\"WebSite\",\"@id\":\"https:\/\/www.technodompro.com\/#website\",\"url\":\"https:\/\/www.technodompro.com\/\",\"name\":\"\",\"description\":\"\",\"potentialAction\":[{\"@type\":\"SearchAction\",\"target\":{\"@type\":\"EntryPoint\",\"urlTemplate\":\"https:\/\/www.technodompro.com\/?s={search_term_string}\"},\"query-input\":{\"@type\":\"PropertyValueSpecification\",\"valueRequired\":true,\"valueName\":\"search_term_string\"}}],\"inLanguage\":\"cs\"}]}<\/script>\n<!-- \/ Yoast SEO plugin. -->","yoast_head_json":{"title":"AB NEWBURY obklad Slim 30x90 (bal=1,62m2) - NWB001 Speci\u00e1ln\u00ed Cena -","robots":{"index":"index","follow":"follow","max-snippet":"max-snippet:-1","max-image-preview":"max-image-preview:large","max-video-preview":"max-video-preview:-1"},"canonical":"https:\/\/www.technodompro.com\/index.php\/produkt\/ab-newbury-obklad-slim-30x90-bal-1-62m2-nwb001-specialni-cena-15188\/","og_locale":"cs_CZ","og_type":"article","og_title":"AB NEWBURY obklad Slim 30x90 (bal=1,62m2) - NWB001 Speci\u00e1ln\u00ed Cena -","og_description":"Popis produktu AB NEWBURY obklad Slim 30&#215;90 (bal=1,62m2) &#8211; NWB001 Balen\u00ed: 1 ksCharakter: Kalibrovan\u00e1Pou\u017eit\u00ed: ObkladRozm\u011br: 30&#215;90 cmPovrch: LeskPo\u010det ks v balen\u00ed: 6Materi\u00e1l: KeramikaTlou\u0161\u0165ka: 7.5 mmBalen\u00ed obsahuje: 1.62 m2Z\u00e1ruka: 2 roky Vysv\u011btlivky Kalibrovan\u00e1 dla\u017eba Kalibrovan\u00e1 dla\u017eba je t\u00e9\u017e zn\u00e1m\u00e1 jako rozm\u011brov\u011b stabiln\u00ed dla\u017edice.Jedn\u00e1 se o dla\u017edice, kter\u00e9 byly mechanicky o\u0159ezan\u00e9 do ur\u010dit\u00e9 velikosti pot\u00e9, co byly [&hellip;]","og_url":"https:\/\/www.technodompro.com\/index.php\/produkt\/ab-newbury-obklad-slim-30x90-bal-1-62m2-nwb001-specialni-cena-15188\/","og_image":[{"width":600,"height":200,"url":"https:\/\/www.technodompro.com\/wp-content\/uploads\/2026\/SK0015419-CZ20260425-092632-0-1777080397-ab-newbury-obklad-slim-30x90-bal-1-62m2-nwb001-464907.webp","type":"image\/webp"}],"twitter_card":"summary_large_image","twitter_misc":{"Odhadovan\u00e1 doba \u010dten\u00ed":"1 minuta"},"schema":{"@context":"https:\/\/schema.org","@graph":[{"@type":"WebPage","@id":"https:\/\/www.technodompro.com\/index.php\/produkt\/ab-newbury-obklad-slim-30x90-bal-1-62m2-nwb001-specialni-cena-15188\/","url":"https:\/\/www.technodompro.com\/index.php\/produkt\/ab-newbury-obklad-slim-30x90-bal-1-62m2-nwb001-specialni-cena-15188\/","name":"AB NEWBURY obklad Slim 30x90 (bal=1,62m2) - NWB001 Speci\u00e1ln\u00ed Cena -","isPartOf":{"@id":"https:\/\/www.technodompro.com\/#website"},"primaryImageOfPage":{"@id":"https:\/\/www.technodompro.com\/index.php\/produkt\/ab-newbury-obklad-slim-30x90-bal-1-62m2-nwb001-specialni-cena-15188\/#primaryimage"},"image":{"@id":"https:\/\/www.technodompro.com\/index.php\/produkt\/ab-newbury-obklad-slim-30x90-bal-1-62m2-nwb001-specialni-cena-15188\/#primaryimage"},"thumbnailUrl":"https:\/\/www.technodompro.com\/wp-content\/uploads\/2026\/SK0015419-CZ20260425-092632-0-1777080397-ab-newbury-obklad-slim-30x90-bal-1-62m2-nwb001-464907.webp","datePublished":"2026-04-27T04:41:07+00:00","breadcrumb":{"@id":"https:\/\/www.technodompro.com\/index.php\/produkt\/ab-newbury-obklad-slim-30x90-bal-1-62m2-nwb001-specialni-cena-15188\/#breadcrumb"},"inLanguage":"cs","potentialAction":[{"@type":"ReadAction","target":["https:\/\/www.technodompro.com\/index.php\/produkt\/ab-newbury-obklad-slim-30x90-bal-1-62m2-nwb001-specialni-cena-15188\/"]}]},{"@type":"ImageObject","inLanguage":"cs","@id":"https:\/\/www.technodompro.com\/index.php\/produkt\/ab-newbury-obklad-slim-30x90-bal-1-62m2-nwb001-specialni-cena-15188\/#primaryimage","url":"https:\/\/www.technodompro.com\/wp-content\/uploads\/2026\/SK0015419-CZ20260425-092632-0-1777080397-ab-newbury-obklad-slim-30x90-bal-1-62m2-nwb001-464907.webp","contentUrl":"https:\/\/www.technodompro.com\/wp-content\/uploads\/2026\/SK0015419-CZ20260425-092632-0-1777080397-ab-newbury-obklad-slim-30x90-bal-1-62m2-nwb001-464907.webp","width":600,"height":200},{"@type":"BreadcrumbList","@id":"https:\/\/www.technodompro.com\/index.php\/produkt\/ab-newbury-obklad-slim-30x90-bal-1-62m2-nwb001-specialni-cena-15188\/#breadcrumb","itemListElement":[{"@type":"ListItem","position":1,"name":"Home","item":"https:\/\/www.technodompro.com\/"},{"@type":"ListItem","position":2,"name":"Products","item":"https:\/\/www.technodompro.com\/index.php\/products\/"},{"@type":"ListItem","position":3,"name":"AB NEWBURY obklad Slim 30&#215;90 (bal=1,62m2) &#8211; NWB001 Speci\u00e1ln\u00ed Cena"}]},{"@type":"WebSite","@id":"https:\/\/www.technodompro.com\/#website","url":"https:\/\/www.technodompro.com\/","name":"","description":"","potentialAction":[{"@type":"SearchAction","target":{"@type":"EntryPoint","urlTemplate":"https:\/\/www.technodompro.com\/?s={search_term_string}"},"query-input":{"@type":"PropertyValueSpecification","valueRequired":true,"valueName":"search_term_string"}}],"inLanguage":"cs"}]}},"_links":{"self":[{"href":"https:\/\/www.technodompro.com\/index.php\/wp-json\/wp\/v2\/product\/15188","targetHints":{"allow":["GET"]}}],"collection":[{"href":"https:\/\/www.technodompro.com\/index.php\/wp-json\/wp\/v2\/product"}],"about":[{"href":"https:\/\/www.technodompro.com\/index.php\/wp-json\/wp\/v2\/types\/product"}],"replies":[{"embeddable":true,"href":"https:\/\/www.technodompro.com\/index.php\/wp-json\/wp\/v2\/comments?post=15188"}],"wp:featuredmedia":[{"embeddable":true,"href":"https:\/\/www.technodompro.com\/index.php\/wp-json\/wp\/v2\/media\/15288"}],"wp:attachment":[{"href":"https:\/\/www.technodompro.com\/index.php\/wp-json\/wp\/v2\/media?parent=15188"}],"wp:term":[{"taxonomy":"product_brand","embeddable":true,"href":"https:\/\/www.technodompro.com\/index.php\/wp-json\/wp\/v2\/product_brand?post=15188"},{"taxonomy":"product_cat","embeddable":true,"href":"https:\/\/www.technodompro.com\/index.php\/wp-json\/wp\/v2\/product_cat?post=15188"},{"taxonomy":"product_tag","embeddable":true,"href":"https:\/\/www.technodompro.com\/index.php\/wp-json\/wp\/v2\/product_tag?post=15188"}],"curies":[{"name":"wp","href":"https:\/\/api.w.org\/{rel}","templated":true}]}}