{"id":15358,"date":"2026-04-27T04:41:07","date_gmt":"2026-04-27T04:41:07","guid":{"rendered":""},"modified":"2026-04-27T04:41:07","modified_gmt":"2026-04-27T04:41:07","slug":"znackovy-sapho-deska-pod-umyvadlo-dtdl-1260x18x440mm-bila-lesk-dt126-3030-15358","status":"publish","type":"product","link":"https:\/\/www.technodompro.com\/index.php\/produkt\/znackovy-sapho-deska-pod-umyvadlo-dtdl-1260x18x440mm-bila-lesk-dt126-3030-15358\/","title":{"rendered":"Zna\u010dkov\u00fd Sapho Deska pod umyvadlo DTDL 1260x18x440mm b\u00edl\u00e1 lesk &#8211; DT126-3030"},"content":{"rendered":"<div class=\"ProductDetail-content NoFixImageContainer\" id=\"productDescription\">\n<div class=\"Heading\">\n<h2 class=\"Heading-title\">Popis produktu <span class=''>Sapho Deska pod umyvadlo DTDL 1260x18x440mm b\u00edl\u00e1 lesk &#8211; DT126-3030<\/span><\/h2>\n<\/p><\/div>\n<div class=\"ProductDetailContent\">                                                                    <\/div>\n<div class=\"ProductDetailContent\">\n<div class=\"ProductDetailContent-item\">                                            Barva: B\u00edl\u00e1<br \/>\u0160\u00ed\u0159ka: 1260 mm<br \/>V\u00fd\u0161ka: 18 mm<br \/>Hloubka: 440 mm<br \/>Balen\u00ed: 1 ks<br \/>Rozm\u011br: 126&#215;1,8&#215;44 cm<br \/>Materi\u00e1l: DTDL<br \/>Typ sk\u0159\u00ed\u0148ky: Deska<br \/>Z\u00e1ruka: 2 roky<br \/>Typ umyvadla: Umyvadlo na desku                                        <\/div>\n<div class=\"ProductDetailContent-item\">\n<ul>\n<li>Bez otvor\u016f pro sifon a baterii<\/li>\n<li>Otvor pro baterii a v\u00fdpust lze vyvrtat v m\u00edst\u011b instalace nebo dle v\u00fdkresu ve v\u00fdrob\u011b<\/li>\n<\/ul><\/div>\n<div class=\"ProductDetailContent-item\">\n<h3>Popis s\u00e9rie<\/h3>\n<\/p>\n<div style=\"text-align: justify;\">S\u00e9rie ODETTA nab\u00edz\u00ed umyvadlov\u00e9 sk\u0159\u00ed\u0148ky v kombinaci se 3 druhy umyvadel &#8211; keramick\u00e1 KARE, z lit\u00e9ho mramoru GODIVA a betonov\u00e1 QUADRADO. S\u00e9rie je tak\u00e9 navr\u017eena pro vybran\u00e1 umyvadla na postaven\u00ed. Rozm\u011brovou variabilitu umo\u017e\u0148uje kombinace umyvadlov\u00fdch a spodn\u00edch sk\u0159\u00ed\u0148ek. Bez\u00fachytkov\u00e9 z\u00e1suvky jsou vybaveny v\u00fdsuvy BLUM s tlumen\u00fdm dov\u00edr\u00e1n\u00edm. Horn\u00ed z\u00e1suvka je bez v\u00fd\u0159ezu pro sifon, \u010d\u00edm\u017e se zvy\u0161uje \u00falo\u017en\u00e1 plocha z\u00e1suvky. Mezi z\u00e1suvkami je hlin\u00edkov\u00e1 li\u0161ta CHANEL v \u010dern\u00e9 nebo b\u00edl\u00e9 barv\u011b. Na p\u0159\u00e1n\u00ed lze dodat li\u0161tu i ve zlat\u00e9 barv\u011b.<br \/>Dal\u0161\u00ed mo\u017enost\u00ed, jak zm\u011bnit design n\u00e1bytku, je pou\u017eit\u00ed ocelov\u00fdch podp\u011brn\u00fdch noh, kter\u00e9 jsou v nab\u00eddce ve dvou variant\u00e1ch. \u0160irok\u00e1 nab\u00eddka modern\u00edch dekor\u016f a barev je samoz\u0159ejmost\u00ed.<br \/>Dopln\u011bn\u00edm sk\u0159\u00edn\u011bk o zrcadla NIROX ve stejn\u00e9m dekoru nebo barv\u011b z\u00edsk\u00e1te slad\u011bn\u00fd celek pro svou koupelnu. \u00dalo\u017en\u00fd prostor lze nav\u00edc roz\u0161\u00ed\u0159it p\u0159id\u00e1n\u00edm dopl\u0148kov\u00fdch sk\u0159\u00edn\u011bk ESPACE do sestavy.<\/div>\n<h3 style=\"text-align: justify;\">Prospekt ke sta\u017een\u00ed<br \/><\/h3>\n<\/p><\/div>\n<\/p><\/div>\n<\/p><\/div>\n<\/p><\/div>\n<\/p><\/div>\n","protected":false},"excerpt":{"rendered":"<p>Popis produktu Sapho Deska pod umyvadlo DTDL 1260x18x440mm b\u00edl\u00e1 lesk &#8211; DT126-3030 Barva: B\u00edl\u00e1\u0160\u00ed\u0159ka: 1260 mmV\u00fd\u0161ka: 18 mmHloubka: 440 mmBalen\u00ed: 1 ksRozm\u011br: 126&#215;1,8&#215;44 cmMateri\u00e1l: DTDLTyp sk\u0159\u00ed\u0148ky: DeskaZ\u00e1ruka: 2 rokyTyp umyvadla: Umyvadlo na desku Bez otvor\u016f pro sifon a baterii Otvor pro baterii a v\u00fdpust lze vyvrtat v m\u00edst\u011b instalace nebo dle v\u00fdkresu ve v\u00fdrob\u011b Popis [&hellip;]<\/p>\n","protected":false},"featured_media":15458,"comment_status":"open","ping_status":"open","template":"","meta":[],"product_brand":[],"product_cat":[72],"product_tag":[],"class_list":{"0":"post-15358","1":"product","2":"type-product","3":"status-publish","4":"has-post-thumbnail","6":"product_cat-koupelny","8":"first","9":"instock","10":"sale","11":"shipping-taxable","12":"purchasable","13":"product-type-simple"},"yoast_head":"<!-- This site is optimized with the Yoast SEO plugin v26.8 - https:\/\/yoast.com\/product\/yoast-seo-wordpress\/ -->\n<title>Zna\u010dkov\u00fd Sapho Deska pod umyvadlo DTDL 1260x18x440mm b\u00edl\u00e1 lesk - DT126-3030 -<\/title>\n<meta name=\"robots\" content=\"index, follow, max-snippet:-1, max-image-preview:large, max-video-preview:-1\" \/>\n<link rel=\"canonical\" href=\"https:\/\/www.technodompro.com\/index.php\/produkt\/znackovy-sapho-deska-pod-umyvadlo-dtdl-1260x18x440mm-bila-lesk-dt126-3030-15358\/\" \/>\n<meta property=\"og:locale\" content=\"cs_CZ\" \/>\n<meta property=\"og:type\" content=\"article\" \/>\n<meta property=\"og:title\" content=\"Zna\u010dkov\u00fd Sapho Deska pod umyvadlo DTDL 1260x18x440mm b\u00edl\u00e1 lesk - DT126-3030 -\" \/>\n<meta property=\"og:description\" content=\"Popis produktu Sapho Deska pod umyvadlo DTDL 1260x18x440mm b\u00edl\u00e1 lesk &#8211; DT126-3030 Barva: B\u00edl\u00e1\u0160\u00ed\u0159ka: 1260 mmV\u00fd\u0161ka: 18 mmHloubka: 440 mmBalen\u00ed: 1 ksRozm\u011br: 126&#215;1,8&#215;44 cmMateri\u00e1l: DTDLTyp sk\u0159\u00ed\u0148ky: DeskaZ\u00e1ruka: 2 rokyTyp umyvadla: Umyvadlo na desku Bez otvor\u016f pro sifon a baterii Otvor pro baterii a v\u00fdpust lze vyvrtat v m\u00edst\u011b instalace nebo dle v\u00fdkresu ve v\u00fdrob\u011b Popis [&hellip;]\" \/>\n<meta property=\"og:url\" content=\"https:\/\/www.technodompro.com\/index.php\/produkt\/znackovy-sapho-deska-pod-umyvadlo-dtdl-1260x18x440mm-bila-lesk-dt126-3030-15358\/\" \/>\n<meta property=\"og:image\" content=\"https:\/\/www.technodompro.com\/wp-content\/uploads\/2026\/SK0015490-CZ20260425-092632-0-1777080397-sapho-deska-pod-umyvadlo-dtdl-1260x18x440mm-bila-lesk-dt126.webp\" \/>\n\t<meta property=\"og:image:width\" content=\"600\" \/>\n\t<meta property=\"og:image:height\" content=\"172\" \/>\n\t<meta property=\"og:image:type\" content=\"image\/webp\" \/>\n<meta name=\"twitter:card\" content=\"summary_large_image\" \/>\n<meta name=\"twitter:label1\" content=\"Odhadovan\u00e1 doba \u010dten\u00ed\" \/>\n\t<meta name=\"twitter:data1\" content=\"1 minuta\" \/>\n<script type=\"application\/ld+json\" class=\"yoast-schema-graph\">{\"@context\":\"https:\/\/schema.org\",\"@graph\":[{\"@type\":\"WebPage\",\"@id\":\"https:\/\/www.technodompro.com\/index.php\/produkt\/znackovy-sapho-deska-pod-umyvadlo-dtdl-1260x18x440mm-bila-lesk-dt126-3030-15358\/\",\"url\":\"https:\/\/www.technodompro.com\/index.php\/produkt\/znackovy-sapho-deska-pod-umyvadlo-dtdl-1260x18x440mm-bila-lesk-dt126-3030-15358\/\",\"name\":\"Zna\u010dkov\u00fd Sapho Deska pod umyvadlo DTDL 1260x18x440mm b\u00edl\u00e1 lesk - DT126-3030 -\",\"isPartOf\":{\"@id\":\"https:\/\/www.technodompro.com\/#website\"},\"primaryImageOfPage\":{\"@id\":\"https:\/\/www.technodompro.com\/index.php\/produkt\/znackovy-sapho-deska-pod-umyvadlo-dtdl-1260x18x440mm-bila-lesk-dt126-3030-15358\/#primaryimage\"},\"image\":{\"@id\":\"https:\/\/www.technodompro.com\/index.php\/produkt\/znackovy-sapho-deska-pod-umyvadlo-dtdl-1260x18x440mm-bila-lesk-dt126-3030-15358\/#primaryimage\"},\"thumbnailUrl\":\"https:\/\/www.technodompro.com\/wp-content\/uploads\/2026\/SK0015490-CZ20260425-092632-0-1777080397-sapho-deska-pod-umyvadlo-dtdl-1260x18x440mm-bila-lesk-dt126.webp\",\"datePublished\":\"2026-04-27T04:41:07+00:00\",\"breadcrumb\":{\"@id\":\"https:\/\/www.technodompro.com\/index.php\/produkt\/znackovy-sapho-deska-pod-umyvadlo-dtdl-1260x18x440mm-bila-lesk-dt126-3030-15358\/#breadcrumb\"},\"inLanguage\":\"cs\",\"potentialAction\":[{\"@type\":\"ReadAction\",\"target\":[\"https:\/\/www.technodompro.com\/index.php\/produkt\/znackovy-sapho-deska-pod-umyvadlo-dtdl-1260x18x440mm-bila-lesk-dt126-3030-15358\/\"]}]},{\"@type\":\"ImageObject\",\"inLanguage\":\"cs\",\"@id\":\"https:\/\/www.technodompro.com\/index.php\/produkt\/znackovy-sapho-deska-pod-umyvadlo-dtdl-1260x18x440mm-bila-lesk-dt126-3030-15358\/#primaryimage\",\"url\":\"https:\/\/www.technodompro.com\/wp-content\/uploads\/2026\/SK0015490-CZ20260425-092632-0-1777080397-sapho-deska-pod-umyvadlo-dtdl-1260x18x440mm-bila-lesk-dt126.webp\",\"contentUrl\":\"https:\/\/www.technodompro.com\/wp-content\/uploads\/2026\/SK0015490-CZ20260425-092632-0-1777080397-sapho-deska-pod-umyvadlo-dtdl-1260x18x440mm-bila-lesk-dt126.webp\",\"width\":600,\"height\":172},{\"@type\":\"BreadcrumbList\",\"@id\":\"https:\/\/www.technodompro.com\/index.php\/produkt\/znackovy-sapho-deska-pod-umyvadlo-dtdl-1260x18x440mm-bila-lesk-dt126-3030-15358\/#breadcrumb\",\"itemListElement\":[{\"@type\":\"ListItem\",\"position\":1,\"name\":\"Home\",\"item\":\"https:\/\/www.technodompro.com\/\"},{\"@type\":\"ListItem\",\"position\":2,\"name\":\"Products\",\"item\":\"https:\/\/www.technodompro.com\/index.php\/products\/\"},{\"@type\":\"ListItem\",\"position\":3,\"name\":\"Zna\u010dkov\u00fd Sapho Deska pod umyvadlo DTDL 1260x18x440mm b\u00edl\u00e1 lesk &#8211; DT126-3030\"}]},{\"@type\":\"WebSite\",\"@id\":\"https:\/\/www.technodompro.com\/#website\",\"url\":\"https:\/\/www.technodompro.com\/\",\"name\":\"\",\"description\":\"\",\"potentialAction\":[{\"@type\":\"SearchAction\",\"target\":{\"@type\":\"EntryPoint\",\"urlTemplate\":\"https:\/\/www.technodompro.com\/?s={search_term_string}\"},\"query-input\":{\"@type\":\"PropertyValueSpecification\",\"valueRequired\":true,\"valueName\":\"search_term_string\"}}],\"inLanguage\":\"cs\"}]}<\/script>\n<!-- \/ Yoast SEO plugin. -->","yoast_head_json":{"title":"Zna\u010dkov\u00fd Sapho Deska pod umyvadlo DTDL 1260x18x440mm b\u00edl\u00e1 lesk - DT126-3030 -","robots":{"index":"index","follow":"follow","max-snippet":"max-snippet:-1","max-image-preview":"max-image-preview:large","max-video-preview":"max-video-preview:-1"},"canonical":"https:\/\/www.technodompro.com\/index.php\/produkt\/znackovy-sapho-deska-pod-umyvadlo-dtdl-1260x18x440mm-bila-lesk-dt126-3030-15358\/","og_locale":"cs_CZ","og_type":"article","og_title":"Zna\u010dkov\u00fd Sapho Deska pod umyvadlo DTDL 1260x18x440mm b\u00edl\u00e1 lesk - DT126-3030 -","og_description":"Popis produktu Sapho Deska pod umyvadlo DTDL 1260x18x440mm b\u00edl\u00e1 lesk &#8211; DT126-3030 Barva: B\u00edl\u00e1\u0160\u00ed\u0159ka: 1260 mmV\u00fd\u0161ka: 18 mmHloubka: 440 mmBalen\u00ed: 1 ksRozm\u011br: 126&#215;1,8&#215;44 cmMateri\u00e1l: DTDLTyp sk\u0159\u00ed\u0148ky: DeskaZ\u00e1ruka: 2 rokyTyp umyvadla: Umyvadlo na desku Bez otvor\u016f pro sifon a baterii Otvor pro baterii a v\u00fdpust lze vyvrtat v m\u00edst\u011b instalace nebo dle v\u00fdkresu ve v\u00fdrob\u011b Popis [&hellip;]","og_url":"https:\/\/www.technodompro.com\/index.php\/produkt\/znackovy-sapho-deska-pod-umyvadlo-dtdl-1260x18x440mm-bila-lesk-dt126-3030-15358\/","og_image":[{"width":600,"height":172,"url":"https:\/\/www.technodompro.com\/wp-content\/uploads\/2026\/SK0015490-CZ20260425-092632-0-1777080397-sapho-deska-pod-umyvadlo-dtdl-1260x18x440mm-bila-lesk-dt126.webp","type":"image\/webp"}],"twitter_card":"summary_large_image","twitter_misc":{"Odhadovan\u00e1 doba \u010dten\u00ed":"1 minuta"},"schema":{"@context":"https:\/\/schema.org","@graph":[{"@type":"WebPage","@id":"https:\/\/www.technodompro.com\/index.php\/produkt\/znackovy-sapho-deska-pod-umyvadlo-dtdl-1260x18x440mm-bila-lesk-dt126-3030-15358\/","url":"https:\/\/www.technodompro.com\/index.php\/produkt\/znackovy-sapho-deska-pod-umyvadlo-dtdl-1260x18x440mm-bila-lesk-dt126-3030-15358\/","name":"Zna\u010dkov\u00fd Sapho Deska pod umyvadlo DTDL 1260x18x440mm b\u00edl\u00e1 lesk - DT126-3030 -","isPartOf":{"@id":"https:\/\/www.technodompro.com\/#website"},"primaryImageOfPage":{"@id":"https:\/\/www.technodompro.com\/index.php\/produkt\/znackovy-sapho-deska-pod-umyvadlo-dtdl-1260x18x440mm-bila-lesk-dt126-3030-15358\/#primaryimage"},"image":{"@id":"https:\/\/www.technodompro.com\/index.php\/produkt\/znackovy-sapho-deska-pod-umyvadlo-dtdl-1260x18x440mm-bila-lesk-dt126-3030-15358\/#primaryimage"},"thumbnailUrl":"https:\/\/www.technodompro.com\/wp-content\/uploads\/2026\/SK0015490-CZ20260425-092632-0-1777080397-sapho-deska-pod-umyvadlo-dtdl-1260x18x440mm-bila-lesk-dt126.webp","datePublished":"2026-04-27T04:41:07+00:00","breadcrumb":{"@id":"https:\/\/www.technodompro.com\/index.php\/produkt\/znackovy-sapho-deska-pod-umyvadlo-dtdl-1260x18x440mm-bila-lesk-dt126-3030-15358\/#breadcrumb"},"inLanguage":"cs","potentialAction":[{"@type":"ReadAction","target":["https:\/\/www.technodompro.com\/index.php\/produkt\/znackovy-sapho-deska-pod-umyvadlo-dtdl-1260x18x440mm-bila-lesk-dt126-3030-15358\/"]}]},{"@type":"ImageObject","inLanguage":"cs","@id":"https:\/\/www.technodompro.com\/index.php\/produkt\/znackovy-sapho-deska-pod-umyvadlo-dtdl-1260x18x440mm-bila-lesk-dt126-3030-15358\/#primaryimage","url":"https:\/\/www.technodompro.com\/wp-content\/uploads\/2026\/SK0015490-CZ20260425-092632-0-1777080397-sapho-deska-pod-umyvadlo-dtdl-1260x18x440mm-bila-lesk-dt126.webp","contentUrl":"https:\/\/www.technodompro.com\/wp-content\/uploads\/2026\/SK0015490-CZ20260425-092632-0-1777080397-sapho-deska-pod-umyvadlo-dtdl-1260x18x440mm-bila-lesk-dt126.webp","width":600,"height":172},{"@type":"BreadcrumbList","@id":"https:\/\/www.technodompro.com\/index.php\/produkt\/znackovy-sapho-deska-pod-umyvadlo-dtdl-1260x18x440mm-bila-lesk-dt126-3030-15358\/#breadcrumb","itemListElement":[{"@type":"ListItem","position":1,"name":"Home","item":"https:\/\/www.technodompro.com\/"},{"@type":"ListItem","position":2,"name":"Products","item":"https:\/\/www.technodompro.com\/index.php\/products\/"},{"@type":"ListItem","position":3,"name":"Zna\u010dkov\u00fd Sapho Deska pod umyvadlo DTDL 1260x18x440mm b\u00edl\u00e1 lesk &#8211; DT126-3030"}]},{"@type":"WebSite","@id":"https:\/\/www.technodompro.com\/#website","url":"https:\/\/www.technodompro.com\/","name":"","description":"","potentialAction":[{"@type":"SearchAction","target":{"@type":"EntryPoint","urlTemplate":"https:\/\/www.technodompro.com\/?s={search_term_string}"},"query-input":{"@type":"PropertyValueSpecification","valueRequired":true,"valueName":"search_term_string"}}],"inLanguage":"cs"}]}},"_links":{"self":[{"href":"https:\/\/www.technodompro.com\/index.php\/wp-json\/wp\/v2\/product\/15358","targetHints":{"allow":["GET"]}}],"collection":[{"href":"https:\/\/www.technodompro.com\/index.php\/wp-json\/wp\/v2\/product"}],"about":[{"href":"https:\/\/www.technodompro.com\/index.php\/wp-json\/wp\/v2\/types\/product"}],"replies":[{"embeddable":true,"href":"https:\/\/www.technodompro.com\/index.php\/wp-json\/wp\/v2\/comments?post=15358"}],"wp:featuredmedia":[{"embeddable":true,"href":"https:\/\/www.technodompro.com\/index.php\/wp-json\/wp\/v2\/media\/15458"}],"wp:attachment":[{"href":"https:\/\/www.technodompro.com\/index.php\/wp-json\/wp\/v2\/media?parent=15358"}],"wp:term":[{"taxonomy":"product_brand","embeddable":true,"href":"https:\/\/www.technodompro.com\/index.php\/wp-json\/wp\/v2\/product_brand?post=15358"},{"taxonomy":"product_cat","embeddable":true,"href":"https:\/\/www.technodompro.com\/index.php\/wp-json\/wp\/v2\/product_cat?post=15358"},{"taxonomy":"product_tag","embeddable":true,"href":"https:\/\/www.technodompro.com\/index.php\/wp-json\/wp\/v2\/product_tag?post=15358"}],"curies":[{"name":"wp","href":"https:\/\/api.w.org\/{rel}","templated":true}]}}